{"id":27372,"date":"2026-04-01T11:45:48","date_gmt":"2026-04-01T08:45:48","guid":{"rendered":"https:\/\/adexa.ee\/toode\/1400lt-kaubanduslik-kulmik-roostevabast-terasest-pustkapp-kahekordne-klaasuks-gn2-1-ventileeritud-jahutus-adexa-r1400vglass\/"},"modified":"2026-04-01T11:45:48","modified_gmt":"2026-04-01T08:45:48","slug":"1400lt-kulmik-roostevabast-terasest-kahe-klaasuksega-gn2-1-ventileeritud-jahutus-adexa-r1400vglass","status":"publish","type":"product","link":"https:\/\/adexa.ee\/en\/toode\/1400lt-kulmik-roostevabast-terasest-kahe-klaasuksega-gn2-1-ventileeritud-jahutus-adexa-r1400vglass\/","title":{"rendered":"1400lt K\u00fclmik Roostevabast Terasest Kahe Klaasuksega GN2\/1 Ventileeritud Jahutus | Adexa R1400VGLASS"},"content":{"rendered":"<p>V\u00e4ga usaldusv\u00e4\u00e4rne kaubanduslik kahe uksega kapp-k\u00fclmik, mis sobib peaaegu igale toitlustusasutusele, poele, restoranile, hotellile v\u00f5i baarile. T\u00f6\u00f6stusliku suurusega hoiuruum ja praegune m\u00fc\u00fcgihind teevad sellest ideaalse valiku. KFC-vaba k\u00fclmaaine ja vaht. Ventileeritud jahutusruum tagab parema \u00f5huringluse. Kompletne struktuur sisemus ja v\u00e4limus roostevabast terasest \u00fcmara sisemise servaga lihtsaks puhastamiseks. Isolatsioon 60 mm paksus parema energiat\u00f5hususe tagamiseks. Automaatne sulatus ja kondensatsioonivee automaatne aurustamine. Elektrooniline termostaat ja digitaalne LED temperatuurin\u00e4idik t\u00e4pseks kontrolliks ja lihtsaks lugemiseks. Ise sulguv uks. Magnettihend, mida saab vahetada ilma t\u00f6\u00f6riistadeta. Riiul ja riiulitoed on loodud sobima GN 2\/1 pannide suuruseks. HC k\u00fclmaaine. Komplektis 4 rattast. Dokumendid. Kl\u00f5psake siin, et alla laadida kasutusjuhend. Kl\u00f5psake siin, et alla laadida energiam\u00e4rgis. \u00dcksikasjalik teave leiate jaotise alt &#8220;Tehnilised andmed&#8221;.<\/p>\n<table style=\"border-collapse: collapse; width: 100%; text-align: left;\">\n<tbody>\n<tr>\n<td style=\"border: 1px solid #ddd; padding: 8px; width: 45%;\"><strong>S\u00fcgavus<\/strong><\/td>\n<td style=\"border: 1px solid #ddd; padding: 8px;\">830 mm<\/td>\n<\/tr>\n<tr>\n<td style=\"border: 1px solid #ddd; padding: 8px; width: 45%;\"><strong>K\u00f5rgus<\/strong><\/td>\n<td style=\"border: 1px solid #ddd; padding: 8px;\">2010mm<\/td>\n<\/tr>\n<tr>\n<td style=\"border: 1px solid #ddd; padding: 8px; width: 45%;\"><strong>Laius<\/strong><\/td>\n<td style=\"border: 1px solid #ddd; padding: 8px;\">1480 mm<\/td>\n<\/tr>\n<tr>\n<td style=\"border: 1px solid #ddd; padding: 8px; width: 45%;\"><strong>Kaal<\/strong><\/td>\n<td style=\"border: 1px solid #ddd; padding: 8px;\">207 kg<\/td>\n<\/tr>\n<tr>\n<td style=\"border: 1px solid #ddd; padding: 8px; width: 45%;\"><strong>Garantii<\/strong><\/td>\n<td style=\"border: 1px solid #ddd; padding: 8px;\">12 kuu varuosade garantii<\/td>\n<\/tr>\n<tr>\n<td style=\"border: 1px solid #ddd; padding: 8px; width: 45%;\"><strong>Mahutavus<\/strong><\/td>\n<td style=\"border: 1px solid #ddd; padding: 8px;\">1400 liitrit<\/td>\n<\/tr>\n<tr>\n<td style=\"border: 1px solid #ddd; padding: 8px; width: 45%;\"><strong>Uksed \/ Sahtlid<\/strong><\/td>\n<td style=\"border: 1px solid #ddd; padding: 8px;\">2 klaasust<\/td>\n<\/tr>\n<tr>\n<td style=\"border: 1px solid #ddd; padding: 8px; width: 45%;\"><strong>Toiteallikas<\/strong><\/td>\n<td style=\"border: 1px solid #ddd; padding: 8px;\">230V \/ 1 faas<\/td>\n<\/tr>\n<tr>\n<td style=\"border: 1px solid #ddd; padding: 8px; width: 45%;\"><strong>V\u00f5imsus<\/strong><\/td>\n<td style=\"border: 1px solid #ddd; padding: 8px;\">570W<\/td>\n<\/tr>\n<tr>\n<td style=\"border: 1px solid #ddd; padding: 8px; width: 45%;\"><strong>Jalad<\/strong><\/td>\n<td style=\"border: 1px solid #ddd; padding: 8px;\">4 ratast<\/td>\n<\/tr>\n<tr>\n<td style=\"border: 1px solid #ddd; padding: 8px; width: 45%;\"><strong>Riiulid<\/strong><\/td>\n<td style=\"border: 1px solid #ddd; padding: 8px;\">6<\/td>\n<\/tr>\n<tr>\n<td style=\"border: 1px solid #ddd; padding: 8px; width: 45%;\"><strong>Jahutamine<\/strong><\/td>\n<td style=\"border: 1px solid #ddd; padding: 8px;\">Ventileeritud<\/td>\n<\/tr>\n<tr>\n<td style=\"border: 1px solid #ddd; padding: 8px; width: 45%;\"><strong>Sulatamine<\/strong><\/td>\n<td style=\"border: 1px solid #ddd; padding: 8px;\">Automaatne<\/td>\n<\/tr>\n<tr>\n<td style=\"border: 1px solid #ddd; padding: 8px; width: 45%;\"><strong>K\u00fclmaaine<\/strong><\/td>\n<td style=\"border: 1px solid #ddd; padding: 8px;\">R290<\/td>\n<\/tr>\n<tr>\n<td style=\"border: 1px solid #ddd; padding: 8px; width: 45%;\"><strong>Temperatuur<\/strong><\/td>\n<td style=\"border: 1px solid #ddd; padding: 8px;\">+2\u00b0C kuni +8\u00b0C<\/td>\n<\/tr>\n<tr>\n<td style=\"border: 1px solid #ddd; padding: 8px; width: 45%;\"><strong>Kontrollid<\/strong><\/td>\n<td style=\"border: 1px solid #ddd; padding: 8px;\">Digitaalne<\/td>\n<\/tr>\n<tr>\n<td style=\"border: 1px solid #ddd; padding: 8px; width: 45%;\"><strong>Valgustus<\/strong><\/td>\n<td style=\"border: 1px solid #ddd; padding: 8px;\">Jah<\/td>\n<\/tr>\n<tr>\n<td style=\"border: 1px solid #ddd; padding: 8px; width: 45%;\"><strong>Maksimaalne temperatuur (ruum)<\/strong><\/td>\n<td style=\"border: 1px solid #ddd; padding: 8px;\">+38\u00b0C<\/td>\n<\/tr>\n<tr>\n<td style=\"border: 1px solid #ddd; padding: 8px; width: 45%;\"><strong>Materjal (v\u00e4limine)<\/strong><\/td>\n<td style=\"border: 1px solid #ddd; padding: 8px;\">Roostevaba teras<\/td>\n<\/tr>\n<tr>\n<td style=\"border: 1px solid #ddd; padding: 8px; width: 45%;\"><strong>Siseisolatsioon<\/strong><\/td>\n<td style=\"border: 1px solid #ddd; padding: 8px;\">60 mm<\/td>\n<\/tr>\n<tr>\n<td style=\"border: 1px solid #ddd; padding: 8px; width: 45%;\"><strong>Lukk<\/strong><\/td>\n<td style=\"border: 1px solid #ddd; padding: 8px;\">Jah<\/td>\n<\/tr>\n<tr>\n<td style=\"border: 1px solid #ddd; padding: 8px; width: 45%;\"><strong>Materjal (sisemine)<\/strong><\/td>\n<td style=\"border: 1px solid #ddd; padding: 8px;\">Roostevaba teras<\/td>\n<\/tr>\n<tr>\n<td style=\"border: 1px solid #ddd; padding: 8px; width: 45%;\"><strong>M\u00f5\u00f5tmed (sisene)<\/strong><\/td>\n<td style=\"border: 1px solid #ddd; padding: 8px;\">1364x702x1401 mm<\/td>\n<\/tr>\n<\/tbody>\n<\/table>\n","protected":false},"excerpt":{"rendered":"<p>V\u00e4ga usaldusv\u00e4\u00e4rne kaubanduslik kahe uksega kapp-k\u00fclmik, mis sobib peaaegu igale toitlustusasutusele, poele, restoranile, hotellile v\u00f5i baarile. T\u00f6\u00f6stusliku suurusega hoiuruum ja<\/p>\n","protected":false},"featured_media":12252,"template":"","meta":[],"product_brand":[],"product_cat":[564,868,765,677,569],"product_tag":[],"class_list":{"0":"post-27372","1":"product","2":"type-product","3":"status-publish","4":"has-post-thumbnail","6":"product_cat-jahutusseadmed","7":"product_cat-kahe-klaasist-uksega-kulmikud","8":"product_cat-klaasustega-kulmikud","9":"product_cat-kulmikud","10":"product_cat-lopumuuk","12":"first","13":"instock","14":"sale","15":"taxable","16":"shipping-taxable","17":"purchasable","18":"product-type-simple"},"yoast_head":"<!-- This site is optimized with the Yoast SEO plugin v27.3 - https:\/\/yoast.com\/product\/yoast-seo-wordpress\/ -->\n<title>1400lt K\u00fclmik Roostevabast Terasest Kahe Klaasuksega GN2\/1 Ventileeritud Jahutus | Adexa R1400VGLASS - Adexa \u2013 Suurk\u00f6\u00f6giseadmed restoranidele ja toitlustusele<\/title>\n<meta name=\"robots\" content=\"index, follow, max-snippet:-1, max-image-preview:large, max-video-preview:-1\" \/>\n<link rel=\"canonical\" href=\"https:\/\/adexa.ee\/toode\/1400lt-kulmik-roostevabast-terasest-kahe-klaasuksega-gn2-1-ventileeritud-jahutus-adexa-r1400vglass\/\" \/>\n<meta property=\"og:locale\" content=\"en_US\" \/>\n<meta property=\"og:type\" content=\"article\" \/>\n<meta property=\"og:title\" content=\"1400lt K\u00fclmik Roostevabast Terasest Kahe Klaasuksega GN2\/1 Ventileeritud Jahutus | Adexa R1400VGLASS - Adexa \u2013 Suurk\u00f6\u00f6giseadmed restoranidele ja toitlustusele\" \/>\n<meta property=\"og:description\" content=\"V\u00e4ga usaldusv\u00e4\u00e4rne kaubanduslik kahe uksega kapp-k\u00fclmik, mis sobib peaaegu igale toitlustusasutusele, poele, restoranile, hotellile v\u00f5i baarile. T\u00f6\u00f6stusliku suurusega hoiuruum ja\" \/>\n<meta property=\"og:url\" content=\"https:\/\/adexa.ee\/toode\/1400lt-kulmik-roostevabast-terasest-kahe-klaasuksega-gn2-1-ventileeritud-jahutus-adexa-r1400vglass\/\" \/>\n<meta property=\"og:site_name\" content=\"Adexa \u2013 Suurk\u00f6\u00f6giseadmed restoranidele ja toitlustusele\" \/>\n<meta property=\"og:image\" content=\"https:\/\/adexa.ee\/wp-content\/uploads\/2024\/12\/R1200SGLASS.jpg\" \/>\n\t<meta property=\"og:image:width\" content=\"2000\" \/>\n\t<meta property=\"og:image:height\" content=\"2000\" \/>\n\t<meta property=\"og:image:type\" content=\"image\/jpeg\" \/>\n<meta name=\"twitter:card\" content=\"summary_large_image\" \/>\n<meta name=\"twitter:label1\" content=\"Est. reading time\" \/>\n\t<meta name=\"twitter:data1\" content=\"1 minute\" \/>\n<script type=\"application\/ld+json\" class=\"yoast-schema-graph\">{\"@context\":\"https:\\\/\\\/schema.org\",\"@graph\":[{\"@type\":\"WebPage\",\"@id\":\"https:\\\/\\\/adexa.ee\\\/toode\\\/1400lt-kulmik-roostevabast-terasest-kahe-klaasuksega-gn2-1-ventileeritud-jahutus-adexa-r1400vglass\\\/\",\"url\":\"https:\\\/\\\/adexa.ee\\\/toode\\\/1400lt-kulmik-roostevabast-terasest-kahe-klaasuksega-gn2-1-ventileeritud-jahutus-adexa-r1400vglass\\\/\",\"name\":\"1400lt K\u00fclmik Roostevabast Terasest Kahe Klaasuksega GN2\\\/1 Ventileeritud Jahutus | Adexa R1400VGLASS - Adexa \u2013 Suurk\u00f6\u00f6giseadmed restoranidele ja toitlustusele\",\"isPartOf\":{\"@id\":\"https:\\\/\\\/adexa.ee\\\/#website\"},\"primaryImageOfPage\":{\"@id\":\"https:\\\/\\\/adexa.ee\\\/toode\\\/1400lt-kulmik-roostevabast-terasest-kahe-klaasuksega-gn2-1-ventileeritud-jahutus-adexa-r1400vglass\\\/#primaryimage\"},\"image\":{\"@id\":\"https:\\\/\\\/adexa.ee\\\/toode\\\/1400lt-kulmik-roostevabast-terasest-kahe-klaasuksega-gn2-1-ventileeritud-jahutus-adexa-r1400vglass\\\/#primaryimage\"},\"thumbnailUrl\":\"https:\\\/\\\/adexa.ee\\\/wp-content\\\/uploads\\\/2024\\\/12\\\/R1200SGLASS.jpg\",\"datePublished\":\"2026-04-01T08:45:48+00:00\",\"breadcrumb\":{\"@id\":\"https:\\\/\\\/adexa.ee\\\/toode\\\/1400lt-kulmik-roostevabast-terasest-kahe-klaasuksega-gn2-1-ventileeritud-jahutus-adexa-r1400vglass\\\/#breadcrumb\"},\"inLanguage\":\"en-US\",\"potentialAction\":[{\"@type\":\"ReadAction\",\"target\":[\"https:\\\/\\\/adexa.ee\\\/toode\\\/1400lt-kulmik-roostevabast-terasest-kahe-klaasuksega-gn2-1-ventileeritud-jahutus-adexa-r1400vglass\\\/\"]}]},{\"@type\":\"ImageObject\",\"inLanguage\":\"en-US\",\"@id\":\"https:\\\/\\\/adexa.ee\\\/toode\\\/1400lt-kulmik-roostevabast-terasest-kahe-klaasuksega-gn2-1-ventileeritud-jahutus-adexa-r1400vglass\\\/#primaryimage\",\"url\":\"https:\\\/\\\/adexa.ee\\\/wp-content\\\/uploads\\\/2024\\\/12\\\/R1200SGLASS.jpg\",\"contentUrl\":\"https:\\\/\\\/adexa.ee\\\/wp-content\\\/uploads\\\/2024\\\/12\\\/R1200SGLASS.jpg\",\"width\":2000,\"height\":2000},{\"@type\":\"BreadcrumbList\",\"@id\":\"https:\\\/\\\/adexa.ee\\\/toode\\\/1400lt-kulmik-roostevabast-terasest-kahe-klaasuksega-gn2-1-ventileeritud-jahutus-adexa-r1400vglass\\\/#breadcrumb\",\"itemListElement\":[{\"@type\":\"ListItem\",\"position\":1,\"name\":\"Home\",\"item\":\"https:\\\/\\\/adexa.ee\\\/\"},{\"@type\":\"ListItem\",\"position\":2,\"name\":\"Tooted\",\"item\":\"https:\\\/\\\/adexa.ee\\\/pood\\\/\"},{\"@type\":\"ListItem\",\"position\":3,\"name\":\"1400lt K\u00fclmik Roostevabast Terasest Kahe Klaasuksega GN2\\\/1 Ventileeritud Jahutus | Adexa R1400VGLASS\"}]},{\"@type\":\"WebSite\",\"@id\":\"https:\\\/\\\/adexa.ee\\\/#website\",\"url\":\"https:\\\/\\\/adexa.ee\\\/\",\"name\":\"Adexa\",\"description\":\"\",\"publisher\":{\"@id\":\"https:\\\/\\\/adexa.ee\\\/#organization\"},\"potentialAction\":[{\"@type\":\"SearchAction\",\"target\":{\"@type\":\"EntryPoint\",\"urlTemplate\":\"https:\\\/\\\/adexa.ee\\\/?s={search_term_string}\"},\"query-input\":{\"@type\":\"PropertyValueSpecification\",\"valueRequired\":true,\"valueName\":\"search_term_string\"}}],\"inLanguage\":\"en-US\"},{\"@type\":\"Organization\",\"@id\":\"https:\\\/\\\/adexa.ee\\\/#organization\",\"name\":\"Adexa\",\"url\":\"https:\\\/\\\/adexa.ee\\\/\",\"logo\":{\"@type\":\"ImageObject\",\"inLanguage\":\"en-US\",\"@id\":\"https:\\\/\\\/adexa.ee\\\/#\\\/schema\\\/logo\\\/image\\\/\",\"url\":\"https:\\\/\\\/adexa.ee\\\/wp-content\\\/uploads\\\/2024\\\/04\\\/chef-cooks-working-in-professional-kitchen-2023-11-27-05-07-39-utc-scaled.jpg\",\"contentUrl\":\"https:\\\/\\\/adexa.ee\\\/wp-content\\\/uploads\\\/2024\\\/04\\\/chef-cooks-working-in-professional-kitchen-2023-11-27-05-07-39-utc-scaled.jpg\",\"width\":2560,\"height\":1708,\"caption\":\"Adexa\"},\"image\":{\"@id\":\"https:\\\/\\\/adexa.ee\\\/#\\\/schema\\\/logo\\\/image\\\/\"}}]}<\/script>\n<!-- \/ Yoast SEO plugin. -->","yoast_head_json":{"title":"1400lt K\u00fclmik Roostevabast Terasest Kahe Klaasuksega GN2\/1 Ventileeritud Jahutus | Adexa R1400VGLASS - Adexa \u2013 Suurk\u00f6\u00f6giseadmed restoranidele ja toitlustusele","robots":{"index":"index","follow":"follow","max-snippet":"max-snippet:-1","max-image-preview":"max-image-preview:large","max-video-preview":"max-video-preview:-1"},"canonical":"https:\/\/adexa.ee\/toode\/1400lt-kulmik-roostevabast-terasest-kahe-klaasuksega-gn2-1-ventileeritud-jahutus-adexa-r1400vglass\/","og_locale":"en_US","og_type":"article","og_title":"1400lt K\u00fclmik Roostevabast Terasest Kahe Klaasuksega GN2\/1 Ventileeritud Jahutus | Adexa R1400VGLASS - Adexa \u2013 Suurk\u00f6\u00f6giseadmed restoranidele ja toitlustusele","og_description":"V\u00e4ga usaldusv\u00e4\u00e4rne kaubanduslik kahe uksega kapp-k\u00fclmik, mis sobib peaaegu igale toitlustusasutusele, poele, restoranile, hotellile v\u00f5i baarile. T\u00f6\u00f6stusliku suurusega hoiuruum ja","og_url":"https:\/\/adexa.ee\/toode\/1400lt-kulmik-roostevabast-terasest-kahe-klaasuksega-gn2-1-ventileeritud-jahutus-adexa-r1400vglass\/","og_site_name":"Adexa \u2013 Suurk\u00f6\u00f6giseadmed restoranidele ja toitlustusele","og_image":[{"width":2000,"height":2000,"url":"https:\/\/adexa.ee\/wp-content\/uploads\/2024\/12\/R1200SGLASS.jpg","type":"image\/jpeg"}],"twitter_card":"summary_large_image","twitter_misc":{"Est. reading time":"1 minute"},"schema":{"@context":"https:\/\/schema.org","@graph":[{"@type":"WebPage","@id":"https:\/\/adexa.ee\/toode\/1400lt-kulmik-roostevabast-terasest-kahe-klaasuksega-gn2-1-ventileeritud-jahutus-adexa-r1400vglass\/","url":"https:\/\/adexa.ee\/toode\/1400lt-kulmik-roostevabast-terasest-kahe-klaasuksega-gn2-1-ventileeritud-jahutus-adexa-r1400vglass\/","name":"1400lt K\u00fclmik Roostevabast Terasest Kahe Klaasuksega GN2\/1 Ventileeritud Jahutus | Adexa R1400VGLASS - Adexa \u2013 Suurk\u00f6\u00f6giseadmed restoranidele ja toitlustusele","isPartOf":{"@id":"https:\/\/adexa.ee\/#website"},"primaryImageOfPage":{"@id":"https:\/\/adexa.ee\/toode\/1400lt-kulmik-roostevabast-terasest-kahe-klaasuksega-gn2-1-ventileeritud-jahutus-adexa-r1400vglass\/#primaryimage"},"image":{"@id":"https:\/\/adexa.ee\/toode\/1400lt-kulmik-roostevabast-terasest-kahe-klaasuksega-gn2-1-ventileeritud-jahutus-adexa-r1400vglass\/#primaryimage"},"thumbnailUrl":"https:\/\/adexa.ee\/wp-content\/uploads\/2024\/12\/R1200SGLASS.jpg","datePublished":"2026-04-01T08:45:48+00:00","breadcrumb":{"@id":"https:\/\/adexa.ee\/toode\/1400lt-kulmik-roostevabast-terasest-kahe-klaasuksega-gn2-1-ventileeritud-jahutus-adexa-r1400vglass\/#breadcrumb"},"inLanguage":"en-US","potentialAction":[{"@type":"ReadAction","target":["https:\/\/adexa.ee\/toode\/1400lt-kulmik-roostevabast-terasest-kahe-klaasuksega-gn2-1-ventileeritud-jahutus-adexa-r1400vglass\/"]}]},{"@type":"ImageObject","inLanguage":"en-US","@id":"https:\/\/adexa.ee\/toode\/1400lt-kulmik-roostevabast-terasest-kahe-klaasuksega-gn2-1-ventileeritud-jahutus-adexa-r1400vglass\/#primaryimage","url":"https:\/\/adexa.ee\/wp-content\/uploads\/2024\/12\/R1200SGLASS.jpg","contentUrl":"https:\/\/adexa.ee\/wp-content\/uploads\/2024\/12\/R1200SGLASS.jpg","width":2000,"height":2000},{"@type":"BreadcrumbList","@id":"https:\/\/adexa.ee\/toode\/1400lt-kulmik-roostevabast-terasest-kahe-klaasuksega-gn2-1-ventileeritud-jahutus-adexa-r1400vglass\/#breadcrumb","itemListElement":[{"@type":"ListItem","position":1,"name":"Home","item":"https:\/\/adexa.ee\/"},{"@type":"ListItem","position":2,"name":"Tooted","item":"https:\/\/adexa.ee\/pood\/"},{"@type":"ListItem","position":3,"name":"1400lt K\u00fclmik Roostevabast Terasest Kahe Klaasuksega GN2\/1 Ventileeritud Jahutus | Adexa R1400VGLASS"}]},{"@type":"WebSite","@id":"https:\/\/adexa.ee\/#website","url":"https:\/\/adexa.ee\/","name":"Adexa","description":"","publisher":{"@id":"https:\/\/adexa.ee\/#organization"},"potentialAction":[{"@type":"SearchAction","target":{"@type":"EntryPoint","urlTemplate":"https:\/\/adexa.ee\/?s={search_term_string}"},"query-input":{"@type":"PropertyValueSpecification","valueRequired":true,"valueName":"search_term_string"}}],"inLanguage":"en-US"},{"@type":"Organization","@id":"https:\/\/adexa.ee\/#organization","name":"Adexa","url":"https:\/\/adexa.ee\/","logo":{"@type":"ImageObject","inLanguage":"en-US","@id":"https:\/\/adexa.ee\/#\/schema\/logo\/image\/","url":"https:\/\/adexa.ee\/wp-content\/uploads\/2024\/04\/chef-cooks-working-in-professional-kitchen-2023-11-27-05-07-39-utc-scaled.jpg","contentUrl":"https:\/\/adexa.ee\/wp-content\/uploads\/2024\/04\/chef-cooks-working-in-professional-kitchen-2023-11-27-05-07-39-utc-scaled.jpg","width":2560,"height":1708,"caption":"Adexa"},"image":{"@id":"https:\/\/adexa.ee\/#\/schema\/logo\/image\/"}}]}},"_links":{"self":[{"href":"https:\/\/adexa.ee\/en\/wp-json\/wp\/v2\/product\/27372","targetHints":{"allow":["GET"]}}],"collection":[{"href":"https:\/\/adexa.ee\/en\/wp-json\/wp\/v2\/product"}],"about":[{"href":"https:\/\/adexa.ee\/en\/wp-json\/wp\/v2\/types\/product"}],"wp:featuredmedia":[{"embeddable":true,"href":"https:\/\/adexa.ee\/en\/wp-json\/wp\/v2\/media\/12252"}],"wp:attachment":[{"href":"https:\/\/adexa.ee\/en\/wp-json\/wp\/v2\/media?parent=27372"}],"wp:term":[{"taxonomy":"product_brand","embeddable":true,"href":"https:\/\/adexa.ee\/en\/wp-json\/wp\/v2\/product_brand?post=27372"},{"taxonomy":"product_cat","embeddable":true,"href":"https:\/\/adexa.ee\/en\/wp-json\/wp\/v2\/product_cat?post=27372"},{"taxonomy":"product_tag","embeddable":true,"href":"https:\/\/adexa.ee\/en\/wp-json\/wp\/v2\/product_tag?post=27372"}],"curies":[{"name":"wp","href":"https:\/\/api.w.org\/{rel}","templated":true}]}}