{"id":27382,"date":"2026-04-01T11:45:48","date_gmt":"2026-04-01T08:45:48","guid":{"rendered":"https:\/\/adexa.ee\/toode\/1200lt-kaubanduslik-kulmkapp-roostevabast-terasest-pustkapp-kahe-uksega-gn2-1-ventilaatoriga-jahutus-adexa-r1200s\/"},"modified":"2026-04-01T11:45:48","modified_gmt":"2026-04-01T08:45:48","slug":"1200lt-kaubanduslik-kulmkapp-roostevabast-terasest-kahe-uksega-gn2-1-ventilaatoriga-jahutus-adexa-r1200s","status":"publish","type":"product","link":"https:\/\/adexa.ee\/en\/toode\/1200lt-kaubanduslik-kulmkapp-roostevabast-terasest-kahe-uksega-gn2-1-ventilaatoriga-jahutus-adexa-r1200s\/","title":{"rendered":"1200lt Kaubanduslik k\u00fclmkapp Roostevabast terasest Kahe uksega GN2\/1 Ventilaatoriga jahutus | Adexa R1200S"},"content":{"rendered":"<p>Kahe uksega professionaalne p\u00fcstkapp soodushinnaga.GN 2\/1 \u00fchilduv, 3 riiulit iga ukse kohta V\u00e4lism\u00f5\u00f5tmed (LxSxK): 1340 x 845 x 2000 mm Sisesed m\u00f5\u00f5tmed (LxSxK): 1220 x 680 x 1380 mm Mahutavus: 1173 liitrit Temperatuur: 0C kuni +8C Toiteallikas: 230V \/ 1N \/ 50Hz Ventilaatoriga jahutus Automaatse sulatusega CFC-vaba k\u00fclmutusagens ja vaht \u00dcmmargused sisemised servad lihtsamaks puhastamiseks 60 mm paksune isolatsioon paremaks energiat\u00f5hususeks Elektrooniline termostaat ja digitaalne LED temperatuuri n\u00e4idik t\u00e4pseks juhtimiseks ja lihtsaks lugemiseks Ise sulguv uks Magnettihend, mida saab vahetada ilma t\u00f6\u00f6riistadeta K\u00fctteelement peidetud ukselengisse kondentsi v\u00e4ltimiseks Materjal (v\u00e4limine): Roostevaba teras&nbsp;HC k\u00fclmutusagens Dokumendid Kl\u00f5psake siin, et alla laadida Kasutusjuhend Kl\u00f5psake siin, et alla laadida Tehniline joonis Palun vaadake jaotist &#8216;Spetsifikatsioon&#8217; \u00fcksikasjaliku teabe saamiseks.<\/p>\n<table style=\"border-collapse: collapse; width: 100%; text-align: left;\">\n<tbody>\n<tr>\n<td style=\"border: 1px solid #ddd; padding: 8px; width: 45%;\"><strong>S\u00fcgavus<\/strong><\/td>\n<td style=\"border: 1px solid #ddd; padding: 8px;\">845 mm<\/td>\n<\/tr>\n<tr>\n<td style=\"border: 1px solid #ddd; padding: 8px; width: 45%;\"><strong>K\u00f5rgus<\/strong><\/td>\n<td style=\"border: 1px solid #ddd; padding: 8px;\">2000mm<\/td>\n<\/tr>\n<tr>\n<td style=\"border: 1px solid #ddd; padding: 8px; width: 45%;\"><strong>Laius<\/strong><\/td>\n<td style=\"border: 1px solid #ddd; padding: 8px;\">1340 mm<\/td>\n<\/tr>\n<tr>\n<td style=\"border: 1px solid #ddd; padding: 8px; width: 45%;\"><strong>Kaal<\/strong><\/td>\n<td style=\"border: 1px solid #ddd; padding: 8px;\">180 kg<\/td>\n<\/tr>\n<tr>\n<td style=\"border: 1px solid #ddd; padding: 8px; width: 45%;\"><strong>Garantii<\/strong><\/td>\n<td style=\"border: 1px solid #ddd; padding: 8px;\">12 kuu varuosade garantii<\/td>\n<\/tr>\n<tr>\n<td style=\"border: 1px solid #ddd; padding: 8px; width: 45%;\"><strong>Mahutavus<\/strong><\/td>\n<td style=\"border: 1px solid #ddd; padding: 8px;\">1173 liitrit<\/td>\n<\/tr>\n<tr>\n<td style=\"border: 1px solid #ddd; padding: 8px; width: 45%;\"><strong>Uksed \/ Sahtlid<\/strong><\/td>\n<td style=\"border: 1px solid #ddd; padding: 8px;\">2 ust<\/td>\n<\/tr>\n<tr>\n<td style=\"border: 1px solid #ddd; padding: 8px; width: 45%;\"><strong>Toiteallikas<\/strong><\/td>\n<td style=\"border: 1px solid #ddd; padding: 8px;\">230V \/ 1 faas<\/td>\n<\/tr>\n<tr>\n<td style=\"border: 1px solid #ddd; padding: 8px; width: 45%;\"><strong>V\u00f5imsus<\/strong><\/td>\n<td style=\"border: 1px solid #ddd; padding: 8px;\">450W<\/td>\n<\/tr>\n<tr>\n<td style=\"border: 1px solid #ddd; padding: 8px; width: 45%;\"><strong>Plaadi\/V\u00f5re suurus<\/strong><\/td>\n<td style=\"border: 1px solid #ddd; padding: 8px;\">GN2\/1<\/td>\n<\/tr>\n<tr>\n<td style=\"border: 1px solid #ddd; padding: 8px; width: 45%;\"><strong>Jahutamine<\/strong><\/td>\n<td style=\"border: 1px solid #ddd; padding: 8px;\">Staatiline koos ventilaatoriga<\/td>\n<\/tr>\n<tr>\n<td style=\"border: 1px solid #ddd; padding: 8px; width: 45%;\"><strong>Sulatamine<\/strong><\/td>\n<td style=\"border: 1px solid #ddd; padding: 8px;\">Automaatne<\/td>\n<\/tr>\n<tr>\n<td style=\"border: 1px solid #ddd; padding: 8px; width: 45%;\"><strong>K\u00fclmaaine<\/strong><\/td>\n<td style=\"border: 1px solid #ddd; padding: 8px;\">R290a<\/td>\n<\/tr>\n<tr>\n<td style=\"border: 1px solid #ddd; padding: 8px; width: 45%;\"><strong>Temperatuur<\/strong><\/td>\n<td style=\"border: 1px solid #ddd; padding: 8px;\">0 kuni +8\u00b0C<\/td>\n<\/tr>\n<tr>\n<td style=\"border: 1px solid #ddd; padding: 8px; width: 45%;\"><strong>Maksimaalne temperatuur (ruum)<\/strong><\/td>\n<td style=\"border: 1px solid #ddd; padding: 8px;\">+43\u00b0C<\/td>\n<\/tr>\n<tr>\n<td style=\"border: 1px solid #ddd; padding: 8px; width: 45%;\"><strong>Materjal (v\u00e4limine)<\/strong><\/td>\n<td style=\"border: 1px solid #ddd; padding: 8px;\">Roostevaba teras<\/td>\n<\/tr>\n<tr>\n<td style=\"border: 1px solid #ddd; padding: 8px; width: 45%;\"><strong>Siseisolatsioon<\/strong><\/td>\n<td style=\"border: 1px solid #ddd; padding: 8px;\">60 mm<\/td>\n<\/tr>\n<\/tbody>\n<\/table>\n","protected":false},"excerpt":{"rendered":"<p>Kahe uksega professionaalne p\u00fcstkapp soodushinnaga.GN 2\/1 \u00fchilduv, 3 riiulit iga ukse kohta V\u00e4lism\u00f5\u00f5tmed (LxSxK): 1340 x 845 x 2000 mm<\/p>\n","protected":false},"featured_media":27379,"template":"","meta":[],"product_brand":[],"product_cat":[564,677],"product_tag":[],"class_list":{"0":"post-27382","1":"product","2":"type-product","3":"status-publish","4":"has-post-thumbnail","6":"product_cat-jahutusseadmed","7":"product_cat-kulmikud","9":"first","10":"instock","11":"sale","12":"taxable","13":"shipping-taxable","14":"purchasable","15":"product-type-simple"},"yoast_head":"<!-- This site is optimized with the Yoast SEO plugin v27.3 - https:\/\/yoast.com\/product\/yoast-seo-wordpress\/ -->\n<title>1200lt Kaubanduslik k\u00fclmkapp Roostevabast terasest Kahe uksega GN2\/1 Ventilaatoriga jahutus | Adexa R1200S - Adexa \u2013 Suurk\u00f6\u00f6giseadmed restoranidele ja toitlustusele<\/title>\n<meta name=\"robots\" content=\"index, follow, max-snippet:-1, max-image-preview:large, max-video-preview:-1\" \/>\n<link rel=\"canonical\" href=\"https:\/\/adexa.ee\/toode\/1200lt-kaubanduslik-kulmkapp-roostevabast-terasest-kahe-uksega-gn2-1-ventilaatoriga-jahutus-adexa-r1200s\/\" \/>\n<meta property=\"og:locale\" content=\"en_US\" \/>\n<meta property=\"og:type\" content=\"article\" \/>\n<meta property=\"og:title\" content=\"1200lt Kaubanduslik k\u00fclmkapp Roostevabast terasest Kahe uksega GN2\/1 Ventilaatoriga jahutus | Adexa R1200S - Adexa \u2013 Suurk\u00f6\u00f6giseadmed restoranidele ja toitlustusele\" \/>\n<meta property=\"og:description\" content=\"Kahe uksega professionaalne p\u00fcstkapp soodushinnaga.GN 2\/1 \u00fchilduv, 3 riiulit iga ukse kohta V\u00e4lism\u00f5\u00f5tmed (LxSxK): 1340 x 845 x 2000 mm\" \/>\n<meta property=\"og:url\" content=\"https:\/\/adexa.ee\/toode\/1200lt-kaubanduslik-kulmkapp-roostevabast-terasest-kahe-uksega-gn2-1-ventilaatoriga-jahutus-adexa-r1200s\/\" \/>\n<meta property=\"og:site_name\" content=\"Adexa \u2013 Suurk\u00f6\u00f6giseadmed restoranidele ja toitlustusele\" \/>\n<meta property=\"og:image\" content=\"https:\/\/adexa.ee\/wp-content\/uploads\/2025\/01\/R1200S.jpg\" \/>\n\t<meta property=\"og:image:width\" content=\"1200\" \/>\n\t<meta property=\"og:image:height\" content=\"1200\" \/>\n\t<meta property=\"og:image:type\" content=\"image\/jpeg\" \/>\n<meta name=\"twitter:card\" content=\"summary_large_image\" \/>\n<meta name=\"twitter:label1\" content=\"Est. reading time\" \/>\n\t<meta name=\"twitter:data1\" content=\"1 minute\" \/>\n<script type=\"application\/ld+json\" class=\"yoast-schema-graph\">{\"@context\":\"https:\\\/\\\/schema.org\",\"@graph\":[{\"@type\":\"WebPage\",\"@id\":\"https:\\\/\\\/adexa.ee\\\/toode\\\/1200lt-kaubanduslik-kulmkapp-roostevabast-terasest-kahe-uksega-gn2-1-ventilaatoriga-jahutus-adexa-r1200s\\\/\",\"url\":\"https:\\\/\\\/adexa.ee\\\/toode\\\/1200lt-kaubanduslik-kulmkapp-roostevabast-terasest-kahe-uksega-gn2-1-ventilaatoriga-jahutus-adexa-r1200s\\\/\",\"name\":\"1200lt Kaubanduslik k\u00fclmkapp Roostevabast terasest Kahe uksega GN2\\\/1 Ventilaatoriga jahutus | Adexa R1200S - Adexa \u2013 Suurk\u00f6\u00f6giseadmed restoranidele ja toitlustusele\",\"isPartOf\":{\"@id\":\"https:\\\/\\\/adexa.ee\\\/#website\"},\"primaryImageOfPage\":{\"@id\":\"https:\\\/\\\/adexa.ee\\\/toode\\\/1200lt-kaubanduslik-kulmkapp-roostevabast-terasest-kahe-uksega-gn2-1-ventilaatoriga-jahutus-adexa-r1200s\\\/#primaryimage\"},\"image\":{\"@id\":\"https:\\\/\\\/adexa.ee\\\/toode\\\/1200lt-kaubanduslik-kulmkapp-roostevabast-terasest-kahe-uksega-gn2-1-ventilaatoriga-jahutus-adexa-r1200s\\\/#primaryimage\"},\"thumbnailUrl\":\"https:\\\/\\\/adexa.ee\\\/wp-content\\\/uploads\\\/2025\\\/01\\\/R1200S.jpg\",\"datePublished\":\"2026-04-01T08:45:48+00:00\",\"breadcrumb\":{\"@id\":\"https:\\\/\\\/adexa.ee\\\/toode\\\/1200lt-kaubanduslik-kulmkapp-roostevabast-terasest-kahe-uksega-gn2-1-ventilaatoriga-jahutus-adexa-r1200s\\\/#breadcrumb\"},\"inLanguage\":\"en-US\",\"potentialAction\":[{\"@type\":\"ReadAction\",\"target\":[\"https:\\\/\\\/adexa.ee\\\/toode\\\/1200lt-kaubanduslik-kulmkapp-roostevabast-terasest-kahe-uksega-gn2-1-ventilaatoriga-jahutus-adexa-r1200s\\\/\"]}]},{\"@type\":\"ImageObject\",\"inLanguage\":\"en-US\",\"@id\":\"https:\\\/\\\/adexa.ee\\\/toode\\\/1200lt-kaubanduslik-kulmkapp-roostevabast-terasest-kahe-uksega-gn2-1-ventilaatoriga-jahutus-adexa-r1200s\\\/#primaryimage\",\"url\":\"https:\\\/\\\/adexa.ee\\\/wp-content\\\/uploads\\\/2025\\\/01\\\/R1200S.jpg\",\"contentUrl\":\"https:\\\/\\\/adexa.ee\\\/wp-content\\\/uploads\\\/2025\\\/01\\\/R1200S.jpg\",\"width\":1200,\"height\":1200},{\"@type\":\"BreadcrumbList\",\"@id\":\"https:\\\/\\\/adexa.ee\\\/toode\\\/1200lt-kaubanduslik-kulmkapp-roostevabast-terasest-kahe-uksega-gn2-1-ventilaatoriga-jahutus-adexa-r1200s\\\/#breadcrumb\",\"itemListElement\":[{\"@type\":\"ListItem\",\"position\":1,\"name\":\"Home\",\"item\":\"https:\\\/\\\/adexa.ee\\\/\"},{\"@type\":\"ListItem\",\"position\":2,\"name\":\"Tooted\",\"item\":\"https:\\\/\\\/adexa.ee\\\/pood\\\/\"},{\"@type\":\"ListItem\",\"position\":3,\"name\":\"1200lt Kaubanduslik k\u00fclmkapp Roostevabast terasest Kahe uksega GN2\\\/1 Ventilaatoriga jahutus | Adexa R1200S\"}]},{\"@type\":\"WebSite\",\"@id\":\"https:\\\/\\\/adexa.ee\\\/#website\",\"url\":\"https:\\\/\\\/adexa.ee\\\/\",\"name\":\"Adexa\",\"description\":\"\",\"publisher\":{\"@id\":\"https:\\\/\\\/adexa.ee\\\/#organization\"},\"potentialAction\":[{\"@type\":\"SearchAction\",\"target\":{\"@type\":\"EntryPoint\",\"urlTemplate\":\"https:\\\/\\\/adexa.ee\\\/?s={search_term_string}\"},\"query-input\":{\"@type\":\"PropertyValueSpecification\",\"valueRequired\":true,\"valueName\":\"search_term_string\"}}],\"inLanguage\":\"en-US\"},{\"@type\":\"Organization\",\"@id\":\"https:\\\/\\\/adexa.ee\\\/#organization\",\"name\":\"Adexa\",\"url\":\"https:\\\/\\\/adexa.ee\\\/\",\"logo\":{\"@type\":\"ImageObject\",\"inLanguage\":\"en-US\",\"@id\":\"https:\\\/\\\/adexa.ee\\\/#\\\/schema\\\/logo\\\/image\\\/\",\"url\":\"https:\\\/\\\/adexa.ee\\\/wp-content\\\/uploads\\\/2024\\\/04\\\/chef-cooks-working-in-professional-kitchen-2023-11-27-05-07-39-utc-scaled.jpg\",\"contentUrl\":\"https:\\\/\\\/adexa.ee\\\/wp-content\\\/uploads\\\/2024\\\/04\\\/chef-cooks-working-in-professional-kitchen-2023-11-27-05-07-39-utc-scaled.jpg\",\"width\":2560,\"height\":1708,\"caption\":\"Adexa\"},\"image\":{\"@id\":\"https:\\\/\\\/adexa.ee\\\/#\\\/schema\\\/logo\\\/image\\\/\"}}]}<\/script>\n<!-- \/ Yoast SEO plugin. -->","yoast_head_json":{"title":"1200lt Kaubanduslik k\u00fclmkapp Roostevabast terasest Kahe uksega GN2\/1 Ventilaatoriga jahutus | Adexa R1200S - Adexa \u2013 Suurk\u00f6\u00f6giseadmed restoranidele ja toitlustusele","robots":{"index":"index","follow":"follow","max-snippet":"max-snippet:-1","max-image-preview":"max-image-preview:large","max-video-preview":"max-video-preview:-1"},"canonical":"https:\/\/adexa.ee\/toode\/1200lt-kaubanduslik-kulmkapp-roostevabast-terasest-kahe-uksega-gn2-1-ventilaatoriga-jahutus-adexa-r1200s\/","og_locale":"en_US","og_type":"article","og_title":"1200lt Kaubanduslik k\u00fclmkapp Roostevabast terasest Kahe uksega GN2\/1 Ventilaatoriga jahutus | Adexa R1200S - Adexa \u2013 Suurk\u00f6\u00f6giseadmed restoranidele ja toitlustusele","og_description":"Kahe uksega professionaalne p\u00fcstkapp soodushinnaga.GN 2\/1 \u00fchilduv, 3 riiulit iga ukse kohta V\u00e4lism\u00f5\u00f5tmed (LxSxK): 1340 x 845 x 2000 mm","og_url":"https:\/\/adexa.ee\/toode\/1200lt-kaubanduslik-kulmkapp-roostevabast-terasest-kahe-uksega-gn2-1-ventilaatoriga-jahutus-adexa-r1200s\/","og_site_name":"Adexa \u2013 Suurk\u00f6\u00f6giseadmed restoranidele ja toitlustusele","og_image":[{"width":1200,"height":1200,"url":"https:\/\/adexa.ee\/wp-content\/uploads\/2025\/01\/R1200S.jpg","type":"image\/jpeg"}],"twitter_card":"summary_large_image","twitter_misc":{"Est. reading time":"1 minute"},"schema":{"@context":"https:\/\/schema.org","@graph":[{"@type":"WebPage","@id":"https:\/\/adexa.ee\/toode\/1200lt-kaubanduslik-kulmkapp-roostevabast-terasest-kahe-uksega-gn2-1-ventilaatoriga-jahutus-adexa-r1200s\/","url":"https:\/\/adexa.ee\/toode\/1200lt-kaubanduslik-kulmkapp-roostevabast-terasest-kahe-uksega-gn2-1-ventilaatoriga-jahutus-adexa-r1200s\/","name":"1200lt Kaubanduslik k\u00fclmkapp Roostevabast terasest Kahe uksega GN2\/1 Ventilaatoriga jahutus | Adexa R1200S - Adexa \u2013 Suurk\u00f6\u00f6giseadmed restoranidele ja toitlustusele","isPartOf":{"@id":"https:\/\/adexa.ee\/#website"},"primaryImageOfPage":{"@id":"https:\/\/adexa.ee\/toode\/1200lt-kaubanduslik-kulmkapp-roostevabast-terasest-kahe-uksega-gn2-1-ventilaatoriga-jahutus-adexa-r1200s\/#primaryimage"},"image":{"@id":"https:\/\/adexa.ee\/toode\/1200lt-kaubanduslik-kulmkapp-roostevabast-terasest-kahe-uksega-gn2-1-ventilaatoriga-jahutus-adexa-r1200s\/#primaryimage"},"thumbnailUrl":"https:\/\/adexa.ee\/wp-content\/uploads\/2025\/01\/R1200S.jpg","datePublished":"2026-04-01T08:45:48+00:00","breadcrumb":{"@id":"https:\/\/adexa.ee\/toode\/1200lt-kaubanduslik-kulmkapp-roostevabast-terasest-kahe-uksega-gn2-1-ventilaatoriga-jahutus-adexa-r1200s\/#breadcrumb"},"inLanguage":"en-US","potentialAction":[{"@type":"ReadAction","target":["https:\/\/adexa.ee\/toode\/1200lt-kaubanduslik-kulmkapp-roostevabast-terasest-kahe-uksega-gn2-1-ventilaatoriga-jahutus-adexa-r1200s\/"]}]},{"@type":"ImageObject","inLanguage":"en-US","@id":"https:\/\/adexa.ee\/toode\/1200lt-kaubanduslik-kulmkapp-roostevabast-terasest-kahe-uksega-gn2-1-ventilaatoriga-jahutus-adexa-r1200s\/#primaryimage","url":"https:\/\/adexa.ee\/wp-content\/uploads\/2025\/01\/R1200S.jpg","contentUrl":"https:\/\/adexa.ee\/wp-content\/uploads\/2025\/01\/R1200S.jpg","width":1200,"height":1200},{"@type":"BreadcrumbList","@id":"https:\/\/adexa.ee\/toode\/1200lt-kaubanduslik-kulmkapp-roostevabast-terasest-kahe-uksega-gn2-1-ventilaatoriga-jahutus-adexa-r1200s\/#breadcrumb","itemListElement":[{"@type":"ListItem","position":1,"name":"Home","item":"https:\/\/adexa.ee\/"},{"@type":"ListItem","position":2,"name":"Tooted","item":"https:\/\/adexa.ee\/pood\/"},{"@type":"ListItem","position":3,"name":"1200lt Kaubanduslik k\u00fclmkapp Roostevabast terasest Kahe uksega GN2\/1 Ventilaatoriga jahutus | Adexa R1200S"}]},{"@type":"WebSite","@id":"https:\/\/adexa.ee\/#website","url":"https:\/\/adexa.ee\/","name":"Adexa","description":"","publisher":{"@id":"https:\/\/adexa.ee\/#organization"},"potentialAction":[{"@type":"SearchAction","target":{"@type":"EntryPoint","urlTemplate":"https:\/\/adexa.ee\/?s={search_term_string}"},"query-input":{"@type":"PropertyValueSpecification","valueRequired":true,"valueName":"search_term_string"}}],"inLanguage":"en-US"},{"@type":"Organization","@id":"https:\/\/adexa.ee\/#organization","name":"Adexa","url":"https:\/\/adexa.ee\/","logo":{"@type":"ImageObject","inLanguage":"en-US","@id":"https:\/\/adexa.ee\/#\/schema\/logo\/image\/","url":"https:\/\/adexa.ee\/wp-content\/uploads\/2024\/04\/chef-cooks-working-in-professional-kitchen-2023-11-27-05-07-39-utc-scaled.jpg","contentUrl":"https:\/\/adexa.ee\/wp-content\/uploads\/2024\/04\/chef-cooks-working-in-professional-kitchen-2023-11-27-05-07-39-utc-scaled.jpg","width":2560,"height":1708,"caption":"Adexa"},"image":{"@id":"https:\/\/adexa.ee\/#\/schema\/logo\/image\/"}}]}},"_links":{"self":[{"href":"https:\/\/adexa.ee\/en\/wp-json\/wp\/v2\/product\/27382","targetHints":{"allow":["GET"]}}],"collection":[{"href":"https:\/\/adexa.ee\/en\/wp-json\/wp\/v2\/product"}],"about":[{"href":"https:\/\/adexa.ee\/en\/wp-json\/wp\/v2\/types\/product"}],"wp:featuredmedia":[{"embeddable":true,"href":"https:\/\/adexa.ee\/en\/wp-json\/wp\/v2\/media\/27379"}],"wp:attachment":[{"href":"https:\/\/adexa.ee\/en\/wp-json\/wp\/v2\/media?parent=27382"}],"wp:term":[{"taxonomy":"product_brand","embeddable":true,"href":"https:\/\/adexa.ee\/en\/wp-json\/wp\/v2\/product_brand?post=27382"},{"taxonomy":"product_cat","embeddable":true,"href":"https:\/\/adexa.ee\/en\/wp-json\/wp\/v2\/product_cat?post=27382"},{"taxonomy":"product_tag","embeddable":true,"href":"https:\/\/adexa.ee\/en\/wp-json\/wp\/v2\/product_tag?post=27382"}],"curies":[{"name":"wp","href":"https:\/\/api.w.org\/{rel}","templated":true}]}}