{"id":27387,"date":"2026-03-28T00:25:45","date_gmt":"2026-03-27T22:25:45","guid":{"rendered":"https:\/\/adexa.ee\/toode\/1200lt-kaubanduslik-kulmik-roostevaba-teras-ulesehituslik-kapp-kahekordne-klaasuks-gn2-1-ventilaatori-jahutus-adexa-r1200sglass\/"},"modified":"2026-03-28T00:25:45","modified_gmt":"2026-03-27T22:25:45","slug":"1200lt-kulmik-roostevaba-teras-klaasuks-gn2-1-ventilaatori-jahutus-adexa-r1200sglass","status":"publish","type":"product","link":"https:\/\/adexa.ee\/en\/toode\/1200lt-kulmik-roostevaba-teras-klaasuks-gn2-1-ventilaatori-jahutus-adexa-r1200sglass\/","title":{"rendered":"1200lt K\u00fclmik Roostevaba teras klaasuks GN2\/1 Ventilaatori jahutus | Adexa R1200SGLASS"},"content":{"rendered":"<p>V\u00e4ga usaldusv\u00e4\u00e4rne kaubanduslik kahe uksega kapp-k\u00fclmik, mis sobib peaaegu igale toitlustusettev\u00f5ttele, kauplusele, restoranile, hotellile v\u00f5i baarile. T\u00f6\u00f6stusliku suurusega hoiuruum ja praegune soodushind teevad sellest ideaalse valiku. CFC-vaba k\u00fclmutusagens ja vaht Ventilaatori toetatud jahutusosa tagab parema \u00f5huringluse T\u00e4iesti roostevabast terasest sise- ja v\u00e4lisstruktuur koos \u00fcmarate sisemiste servadega, et oleks lihtne puhastada Isolatsioon 60 mm paksusega parema energiat\u00f5hususe tagamiseks Automaatne sulatus ja kondensatsioonivee automaatne aurustamine Elektrooniline termostaat ja digitaalne LED temperatuuri ekraan t\u00e4pseks juhtimiseks ja lihtsaks lugemiseks Ise sulguv uks Magnetiline tihend, mida saab vahetada ilma t\u00f6\u00f6riistu kasutamata Riiul ja riiulitoed on disainitud sobima GN 2\/1 paani suurusega HC k\u00fclmutusagens 4 ratast komplektis Dokumendid Kl\u00f5psake siit, et alla laadida kasutusjuhend Palun vaadake rubriiki &#8220;Spetsifikatsioon&#8221; \u00fcksikasjaliku teabe saamiseks.<\/p>\n<table style=\"border-collapse: collapse; width: 100%; text-align: left;\">\n<tbody>\n<tr>\n<td style=\"border: 1px solid #ddd; padding: 8px; width: 45%;\"><strong>S\u00fcgavus<\/strong><\/td>\n<td style=\"border: 1px solid #ddd; padding: 8px;\">810mm<\/td>\n<\/tr>\n<tr>\n<td style=\"border: 1px solid #ddd; padding: 8px; width: 45%;\"><strong>K\u00f5rgus<\/strong><\/td>\n<td style=\"border: 1px solid #ddd; padding: 8px;\">2000mm<\/td>\n<\/tr>\n<tr>\n<td style=\"border: 1px solid #ddd; padding: 8px; width: 45%;\"><strong>Laius<\/strong><\/td>\n<td style=\"border: 1px solid #ddd; padding: 8px;\">1340 mm<\/td>\n<\/tr>\n<tr>\n<td style=\"border: 1px solid #ddd; padding: 8px; width: 45%;\"><strong>Kaal<\/strong><\/td>\n<td style=\"border: 1px solid #ddd; padding: 8px;\">230 kg<\/td>\n<\/tr>\n<tr>\n<td style=\"border: 1px solid #ddd; padding: 8px; width: 45%;\"><strong>Garantii<\/strong><\/td>\n<td style=\"border: 1px solid #ddd; padding: 8px;\">12 kuu varuosade garantii<\/td>\n<\/tr>\n<tr>\n<td style=\"border: 1px solid #ddd; padding: 8px; width: 45%;\"><strong>Mahutavus<\/strong><\/td>\n<td style=\"border: 1px solid #ddd; padding: 8px;\">1200 liitrit<\/td>\n<\/tr>\n<tr>\n<td style=\"border: 1px solid #ddd; padding: 8px; width: 45%;\"><strong>Uksed \/ Sahtlid<\/strong><\/td>\n<td style=\"border: 1px solid #ddd; padding: 8px;\">2 klaasust<\/td>\n<\/tr>\n<tr>\n<td style=\"border: 1px solid #ddd; padding: 8px; width: 45%;\"><strong>Toiteallikas<\/strong><\/td>\n<td style=\"border: 1px solid #ddd; padding: 8px;\">230V \/ 1 faas<\/td>\n<\/tr>\n<tr>\n<td style=\"border: 1px solid #ddd; padding: 8px; width: 45%;\"><strong>V\u00f5imsus<\/strong><\/td>\n<td style=\"border: 1px solid #ddd; padding: 8px;\">570W<\/td>\n<\/tr>\n<tr>\n<td style=\"border: 1px solid #ddd; padding: 8px; width: 45%;\"><strong>Jalad<\/strong><\/td>\n<td style=\"border: 1px solid #ddd; padding: 8px;\">4 ratast<\/td>\n<\/tr>\n<tr>\n<td style=\"border: 1px solid #ddd; padding: 8px; width: 45%;\"><strong>Riiulid<\/strong><\/td>\n<td style=\"border: 1px solid #ddd; padding: 8px;\">6<\/td>\n<\/tr>\n<tr>\n<td style=\"border: 1px solid #ddd; padding: 8px; width: 45%;\"><strong>Jahutamine<\/strong><\/td>\n<td style=\"border: 1px solid #ddd; padding: 8px;\">Staatiline ventilaatoriga<\/td>\n<\/tr>\n<tr>\n<td style=\"border: 1px solid #ddd; padding: 8px; width: 45%;\"><strong>Sulatamine<\/strong><\/td>\n<td style=\"border: 1px solid #ddd; padding: 8px;\">Automaatne<\/td>\n<\/tr>\n<tr>\n<td style=\"border: 1px solid #ddd; padding: 8px; width: 45%;\"><strong>K\u00fclmaaine<\/strong><\/td>\n<td style=\"border: 1px solid #ddd; padding: 8px;\">R290a<\/td>\n<\/tr>\n<tr>\n<td style=\"border: 1px solid #ddd; padding: 8px; width: 45%;\"><strong>Temperatuur<\/strong><\/td>\n<td style=\"border: 1px solid #ddd; padding: 8px;\">+2 \u00b0C kuni +8 \u00b0C<\/td>\n<\/tr>\n<tr>\n<td style=\"border: 1px solid #ddd; padding: 8px; width: 45%;\"><strong>Kontrollid<\/strong><\/td>\n<td style=\"border: 1px solid #ddd; padding: 8px;\">Digitaalne<\/td>\n<\/tr>\n<tr>\n<td style=\"border: 1px solid #ddd; padding: 8px; width: 45%;\"><strong>Valgustus<\/strong><\/td>\n<td style=\"border: 1px solid #ddd; padding: 8px;\">Jah<\/td>\n<\/tr>\n<tr>\n<td style=\"border: 1px solid #ddd; padding: 8px; width: 45%;\"><strong>Maksimaalne temperatuur (ruum)<\/strong><\/td>\n<td style=\"border: 1px solid #ddd; padding: 8px;\">+38\u00b0C<\/td>\n<\/tr>\n<tr>\n<td style=\"border: 1px solid #ddd; padding: 8px; width: 45%;\"><strong>Materjal (v\u00e4limine)<\/strong><\/td>\n<td style=\"border: 1px solid #ddd; padding: 8px;\">Roostevaba teras<\/td>\n<\/tr>\n<tr>\n<td style=\"border: 1px solid #ddd; padding: 8px; width: 45%;\"><strong>Siseisolatsioon<\/strong><\/td>\n<td style=\"border: 1px solid #ddd; padding: 8px;\">60 mm<\/td>\n<\/tr>\n<tr>\n<td style=\"border: 1px solid #ddd; padding: 8px; width: 45%;\"><strong>Lukk<\/strong><\/td>\n<td style=\"border: 1px solid #ddd; padding: 8px;\">Jah<\/td>\n<\/tr>\n<tr>\n<td style=\"border: 1px solid #ddd; padding: 8px; width: 45%;\"><strong>Materjal (sisemine)<\/strong><\/td>\n<td style=\"border: 1px solid #ddd; padding: 8px;\">Roostevaba teras<\/td>\n<\/tr>\n<\/tbody>\n<\/table>\n","protected":false},"excerpt":{"rendered":"<p>V\u00e4ga usaldusv\u00e4\u00e4rne kaubanduslik kahe uksega kapp-k\u00fclmik, mis sobib peaaegu igale toitlustusettev\u00f5ttele, kauplusele, restoranile, hotellile v\u00f5i baarile. T\u00f6\u00f6stusliku suurusega hoiuruum ja<\/p>\n","protected":false},"featured_media":12252,"template":"","meta":[],"product_brand":[],"product_cat":[564,868,765,677,569],"product_tag":[],"class_list":{"0":"post-27387","1":"product","2":"type-product","3":"status-publish","4":"has-post-thumbnail","6":"product_cat-jahutusseadmed","7":"product_cat-kahe-klaasist-uksega-kulmikud","8":"product_cat-klaasustega-kulmikud","9":"product_cat-kulmikud","10":"product_cat-lopumuuk","12":"first","13":"instock","14":"sale","15":"taxable","16":"shipping-taxable","17":"purchasable","18":"product-type-simple"},"yoast_head":"<!-- This site is optimized with the Yoast SEO plugin v27.3 - https:\/\/yoast.com\/product\/yoast-seo-wordpress\/ -->\n<title>1200lt K\u00fclmik Roostevaba teras klaasuks GN2\/1 Ventilaatori jahutus | Adexa R1200SGLASS - Adexa \u2013 Suurk\u00f6\u00f6giseadmed restoranidele ja toitlustusele<\/title>\n<meta name=\"robots\" content=\"index, follow, max-snippet:-1, max-image-preview:large, max-video-preview:-1\" \/>\n<link rel=\"canonical\" href=\"https:\/\/adexa.ee\/toode\/1200lt-kulmik-roostevaba-teras-klaasuks-gn2-1-ventilaatori-jahutus-adexa-r1200sglass\/\" \/>\n<meta property=\"og:locale\" content=\"en_US\" \/>\n<meta property=\"og:type\" content=\"article\" \/>\n<meta property=\"og:title\" content=\"1200lt K\u00fclmik Roostevaba teras klaasuks GN2\/1 Ventilaatori jahutus | Adexa R1200SGLASS - Adexa \u2013 Suurk\u00f6\u00f6giseadmed restoranidele ja toitlustusele\" \/>\n<meta property=\"og:description\" content=\"V\u00e4ga usaldusv\u00e4\u00e4rne kaubanduslik kahe uksega kapp-k\u00fclmik, mis sobib peaaegu igale toitlustusettev\u00f5ttele, kauplusele, restoranile, hotellile v\u00f5i baarile. T\u00f6\u00f6stusliku suurusega hoiuruum ja\" \/>\n<meta property=\"og:url\" content=\"https:\/\/adexa.ee\/toode\/1200lt-kulmik-roostevaba-teras-klaasuks-gn2-1-ventilaatori-jahutus-adexa-r1200sglass\/\" \/>\n<meta property=\"og:site_name\" content=\"Adexa \u2013 Suurk\u00f6\u00f6giseadmed restoranidele ja toitlustusele\" \/>\n<meta property=\"og:image\" content=\"https:\/\/adexa.ee\/wp-content\/uploads\/2024\/12\/R1200SGLASS.jpg\" \/>\n\t<meta property=\"og:image:width\" content=\"2000\" \/>\n\t<meta property=\"og:image:height\" content=\"2000\" \/>\n\t<meta property=\"og:image:type\" content=\"image\/jpeg\" \/>\n<meta name=\"twitter:card\" content=\"summary_large_image\" \/>\n<meta name=\"twitter:label1\" content=\"Est. reading time\" \/>\n\t<meta name=\"twitter:data1\" content=\"1 minute\" \/>\n<script type=\"application\/ld+json\" class=\"yoast-schema-graph\">{\"@context\":\"https:\\\/\\\/schema.org\",\"@graph\":[{\"@type\":\"WebPage\",\"@id\":\"https:\\\/\\\/adexa.ee\\\/toode\\\/1200lt-kulmik-roostevaba-teras-klaasuks-gn2-1-ventilaatori-jahutus-adexa-r1200sglass\\\/\",\"url\":\"https:\\\/\\\/adexa.ee\\\/toode\\\/1200lt-kulmik-roostevaba-teras-klaasuks-gn2-1-ventilaatori-jahutus-adexa-r1200sglass\\\/\",\"name\":\"1200lt K\u00fclmik Roostevaba teras klaasuks GN2\\\/1 Ventilaatori jahutus | Adexa R1200SGLASS - Adexa \u2013 Suurk\u00f6\u00f6giseadmed restoranidele ja toitlustusele\",\"isPartOf\":{\"@id\":\"https:\\\/\\\/adexa.ee\\\/#website\"},\"primaryImageOfPage\":{\"@id\":\"https:\\\/\\\/adexa.ee\\\/toode\\\/1200lt-kulmik-roostevaba-teras-klaasuks-gn2-1-ventilaatori-jahutus-adexa-r1200sglass\\\/#primaryimage\"},\"image\":{\"@id\":\"https:\\\/\\\/adexa.ee\\\/toode\\\/1200lt-kulmik-roostevaba-teras-klaasuks-gn2-1-ventilaatori-jahutus-adexa-r1200sglass\\\/#primaryimage\"},\"thumbnailUrl\":\"https:\\\/\\\/adexa.ee\\\/wp-content\\\/uploads\\\/2024\\\/12\\\/R1200SGLASS.jpg\",\"datePublished\":\"2026-03-27T22:25:45+00:00\",\"breadcrumb\":{\"@id\":\"https:\\\/\\\/adexa.ee\\\/toode\\\/1200lt-kulmik-roostevaba-teras-klaasuks-gn2-1-ventilaatori-jahutus-adexa-r1200sglass\\\/#breadcrumb\"},\"inLanguage\":\"en-US\",\"potentialAction\":[{\"@type\":\"ReadAction\",\"target\":[\"https:\\\/\\\/adexa.ee\\\/toode\\\/1200lt-kulmik-roostevaba-teras-klaasuks-gn2-1-ventilaatori-jahutus-adexa-r1200sglass\\\/\"]}]},{\"@type\":\"ImageObject\",\"inLanguage\":\"en-US\",\"@id\":\"https:\\\/\\\/adexa.ee\\\/toode\\\/1200lt-kulmik-roostevaba-teras-klaasuks-gn2-1-ventilaatori-jahutus-adexa-r1200sglass\\\/#primaryimage\",\"url\":\"https:\\\/\\\/adexa.ee\\\/wp-content\\\/uploads\\\/2024\\\/12\\\/R1200SGLASS.jpg\",\"contentUrl\":\"https:\\\/\\\/adexa.ee\\\/wp-content\\\/uploads\\\/2024\\\/12\\\/R1200SGLASS.jpg\",\"width\":2000,\"height\":2000},{\"@type\":\"BreadcrumbList\",\"@id\":\"https:\\\/\\\/adexa.ee\\\/toode\\\/1200lt-kulmik-roostevaba-teras-klaasuks-gn2-1-ventilaatori-jahutus-adexa-r1200sglass\\\/#breadcrumb\",\"itemListElement\":[{\"@type\":\"ListItem\",\"position\":1,\"name\":\"Home\",\"item\":\"https:\\\/\\\/adexa.ee\\\/\"},{\"@type\":\"ListItem\",\"position\":2,\"name\":\"Tooted\",\"item\":\"https:\\\/\\\/adexa.ee\\\/pood\\\/\"},{\"@type\":\"ListItem\",\"position\":3,\"name\":\"1200lt K\u00fclmik Roostevaba teras klaasuks GN2\\\/1 Ventilaatori jahutus | Adexa R1200SGLASS\"}]},{\"@type\":\"WebSite\",\"@id\":\"https:\\\/\\\/adexa.ee\\\/#website\",\"url\":\"https:\\\/\\\/adexa.ee\\\/\",\"name\":\"Adexa\",\"description\":\"\",\"publisher\":{\"@id\":\"https:\\\/\\\/adexa.ee\\\/#organization\"},\"potentialAction\":[{\"@type\":\"SearchAction\",\"target\":{\"@type\":\"EntryPoint\",\"urlTemplate\":\"https:\\\/\\\/adexa.ee\\\/?s={search_term_string}\"},\"query-input\":{\"@type\":\"PropertyValueSpecification\",\"valueRequired\":true,\"valueName\":\"search_term_string\"}}],\"inLanguage\":\"en-US\"},{\"@type\":\"Organization\",\"@id\":\"https:\\\/\\\/adexa.ee\\\/#organization\",\"name\":\"Adexa\",\"url\":\"https:\\\/\\\/adexa.ee\\\/\",\"logo\":{\"@type\":\"ImageObject\",\"inLanguage\":\"en-US\",\"@id\":\"https:\\\/\\\/adexa.ee\\\/#\\\/schema\\\/logo\\\/image\\\/\",\"url\":\"https:\\\/\\\/adexa.ee\\\/wp-content\\\/uploads\\\/2024\\\/04\\\/chef-cooks-working-in-professional-kitchen-2023-11-27-05-07-39-utc-scaled.jpg\",\"contentUrl\":\"https:\\\/\\\/adexa.ee\\\/wp-content\\\/uploads\\\/2024\\\/04\\\/chef-cooks-working-in-professional-kitchen-2023-11-27-05-07-39-utc-scaled.jpg\",\"width\":2560,\"height\":1708,\"caption\":\"Adexa\"},\"image\":{\"@id\":\"https:\\\/\\\/adexa.ee\\\/#\\\/schema\\\/logo\\\/image\\\/\"}}]}<\/script>\n<!-- \/ Yoast SEO plugin. -->","yoast_head_json":{"title":"1200lt K\u00fclmik Roostevaba teras klaasuks GN2\/1 Ventilaatori jahutus | Adexa R1200SGLASS - Adexa \u2013 Suurk\u00f6\u00f6giseadmed restoranidele ja toitlustusele","robots":{"index":"index","follow":"follow","max-snippet":"max-snippet:-1","max-image-preview":"max-image-preview:large","max-video-preview":"max-video-preview:-1"},"canonical":"https:\/\/adexa.ee\/toode\/1200lt-kulmik-roostevaba-teras-klaasuks-gn2-1-ventilaatori-jahutus-adexa-r1200sglass\/","og_locale":"en_US","og_type":"article","og_title":"1200lt K\u00fclmik Roostevaba teras klaasuks GN2\/1 Ventilaatori jahutus | Adexa R1200SGLASS - Adexa \u2013 Suurk\u00f6\u00f6giseadmed restoranidele ja toitlustusele","og_description":"V\u00e4ga usaldusv\u00e4\u00e4rne kaubanduslik kahe uksega kapp-k\u00fclmik, mis sobib peaaegu igale toitlustusettev\u00f5ttele, kauplusele, restoranile, hotellile v\u00f5i baarile. T\u00f6\u00f6stusliku suurusega hoiuruum ja","og_url":"https:\/\/adexa.ee\/toode\/1200lt-kulmik-roostevaba-teras-klaasuks-gn2-1-ventilaatori-jahutus-adexa-r1200sglass\/","og_site_name":"Adexa \u2013 Suurk\u00f6\u00f6giseadmed restoranidele ja toitlustusele","og_image":[{"width":2000,"height":2000,"url":"https:\/\/adexa.ee\/wp-content\/uploads\/2024\/12\/R1200SGLASS.jpg","type":"image\/jpeg"}],"twitter_card":"summary_large_image","twitter_misc":{"Est. reading time":"1 minute"},"schema":{"@context":"https:\/\/schema.org","@graph":[{"@type":"WebPage","@id":"https:\/\/adexa.ee\/toode\/1200lt-kulmik-roostevaba-teras-klaasuks-gn2-1-ventilaatori-jahutus-adexa-r1200sglass\/","url":"https:\/\/adexa.ee\/toode\/1200lt-kulmik-roostevaba-teras-klaasuks-gn2-1-ventilaatori-jahutus-adexa-r1200sglass\/","name":"1200lt K\u00fclmik Roostevaba teras klaasuks GN2\/1 Ventilaatori jahutus | Adexa R1200SGLASS - Adexa \u2013 Suurk\u00f6\u00f6giseadmed restoranidele ja toitlustusele","isPartOf":{"@id":"https:\/\/adexa.ee\/#website"},"primaryImageOfPage":{"@id":"https:\/\/adexa.ee\/toode\/1200lt-kulmik-roostevaba-teras-klaasuks-gn2-1-ventilaatori-jahutus-adexa-r1200sglass\/#primaryimage"},"image":{"@id":"https:\/\/adexa.ee\/toode\/1200lt-kulmik-roostevaba-teras-klaasuks-gn2-1-ventilaatori-jahutus-adexa-r1200sglass\/#primaryimage"},"thumbnailUrl":"https:\/\/adexa.ee\/wp-content\/uploads\/2024\/12\/R1200SGLASS.jpg","datePublished":"2026-03-27T22:25:45+00:00","breadcrumb":{"@id":"https:\/\/adexa.ee\/toode\/1200lt-kulmik-roostevaba-teras-klaasuks-gn2-1-ventilaatori-jahutus-adexa-r1200sglass\/#breadcrumb"},"inLanguage":"en-US","potentialAction":[{"@type":"ReadAction","target":["https:\/\/adexa.ee\/toode\/1200lt-kulmik-roostevaba-teras-klaasuks-gn2-1-ventilaatori-jahutus-adexa-r1200sglass\/"]}]},{"@type":"ImageObject","inLanguage":"en-US","@id":"https:\/\/adexa.ee\/toode\/1200lt-kulmik-roostevaba-teras-klaasuks-gn2-1-ventilaatori-jahutus-adexa-r1200sglass\/#primaryimage","url":"https:\/\/adexa.ee\/wp-content\/uploads\/2024\/12\/R1200SGLASS.jpg","contentUrl":"https:\/\/adexa.ee\/wp-content\/uploads\/2024\/12\/R1200SGLASS.jpg","width":2000,"height":2000},{"@type":"BreadcrumbList","@id":"https:\/\/adexa.ee\/toode\/1200lt-kulmik-roostevaba-teras-klaasuks-gn2-1-ventilaatori-jahutus-adexa-r1200sglass\/#breadcrumb","itemListElement":[{"@type":"ListItem","position":1,"name":"Home","item":"https:\/\/adexa.ee\/"},{"@type":"ListItem","position":2,"name":"Tooted","item":"https:\/\/adexa.ee\/pood\/"},{"@type":"ListItem","position":3,"name":"1200lt K\u00fclmik Roostevaba teras klaasuks GN2\/1 Ventilaatori jahutus | Adexa R1200SGLASS"}]},{"@type":"WebSite","@id":"https:\/\/adexa.ee\/#website","url":"https:\/\/adexa.ee\/","name":"Adexa","description":"","publisher":{"@id":"https:\/\/adexa.ee\/#organization"},"potentialAction":[{"@type":"SearchAction","target":{"@type":"EntryPoint","urlTemplate":"https:\/\/adexa.ee\/?s={search_term_string}"},"query-input":{"@type":"PropertyValueSpecification","valueRequired":true,"valueName":"search_term_string"}}],"inLanguage":"en-US"},{"@type":"Organization","@id":"https:\/\/adexa.ee\/#organization","name":"Adexa","url":"https:\/\/adexa.ee\/","logo":{"@type":"ImageObject","inLanguage":"en-US","@id":"https:\/\/adexa.ee\/#\/schema\/logo\/image\/","url":"https:\/\/adexa.ee\/wp-content\/uploads\/2024\/04\/chef-cooks-working-in-professional-kitchen-2023-11-27-05-07-39-utc-scaled.jpg","contentUrl":"https:\/\/adexa.ee\/wp-content\/uploads\/2024\/04\/chef-cooks-working-in-professional-kitchen-2023-11-27-05-07-39-utc-scaled.jpg","width":2560,"height":1708,"caption":"Adexa"},"image":{"@id":"https:\/\/adexa.ee\/#\/schema\/logo\/image\/"}}]}},"_links":{"self":[{"href":"https:\/\/adexa.ee\/en\/wp-json\/wp\/v2\/product\/27387","targetHints":{"allow":["GET"]}}],"collection":[{"href":"https:\/\/adexa.ee\/en\/wp-json\/wp\/v2\/product"}],"about":[{"href":"https:\/\/adexa.ee\/en\/wp-json\/wp\/v2\/types\/product"}],"wp:featuredmedia":[{"embeddable":true,"href":"https:\/\/adexa.ee\/en\/wp-json\/wp\/v2\/media\/12252"}],"wp:attachment":[{"href":"https:\/\/adexa.ee\/en\/wp-json\/wp\/v2\/media?parent=27387"}],"wp:term":[{"taxonomy":"product_brand","embeddable":true,"href":"https:\/\/adexa.ee\/en\/wp-json\/wp\/v2\/product_brand?post=27387"},{"taxonomy":"product_cat","embeddable":true,"href":"https:\/\/adexa.ee\/en\/wp-json\/wp\/v2\/product_cat?post=27387"},{"taxonomy":"product_tag","embeddable":true,"href":"https:\/\/adexa.ee\/en\/wp-json\/wp\/v2\/product_tag?post=27387"}],"curies":[{"name":"wp","href":"https:\/\/api.w.org\/{rel}","templated":true}]}}