{"id":27390,"date":"2026-03-30T18:35:09","date_gmt":"2026-03-30T15:35:09","guid":{"rendered":"https:\/\/adexa.ee\/toode\/685lt-kaubanduslik-sugavkulmik-roostevaba-teras-pustkapp-uheukseline-gn2-1-ventileeritud-jahutus-adexa-f650ve\/"},"modified":"2026-03-30T18:35:10","modified_gmt":"2026-03-30T15:35:10","slug":"685lt-sugavkulmik-roostevaba-teras-gn2-1-ventileeritud-jahutus-adexa-f650ve","status":"publish","type":"product","link":"https:\/\/adexa.ee\/en\/toode\/685lt-sugavkulmik-roostevaba-teras-gn2-1-ventileeritud-jahutus-adexa-f650ve\/","title":{"rendered":"685lt S\u00fcgavk\u00fclmik Roostevaba Teras GN2\/1 Ventileeritud jahutus | Adexa F650VE"},"content":{"rendered":"<p>Premium-klassi kaubanduslik s\u00fcgavk\u00fclmik restoranidele, hotellidele ja teistele keskmise kuni suure suurusega toitlustusasutustele. Hetkel suurep\u00e4rane sooduspakkumine. CFC-vaba k\u00fclmutusagens ja vahtVentileeritud jahutus optimaalne \u00f5huringlusT\u00e4ielik sise- ja v\u00e4liskonstruktsioon AISI 304 roostevabast terasest \u00fcmarate sisemiste servadega lihtsaks puhastamiseks60mm isolatsioonipaksus parema energiat\u00f5hususe jaoksAutomaatne sulatus ja kondensvee automaatne aurustamineElektrooniline termostaat ja digitaalne LED temperatuuri ekraan t\u00e4pse kontrolli ja lihtsa lugemise jaoksIse sulguv uksMagnetiline tihend on kergesti vahetatav t\u00f6\u00f6riistu kasutamataRiiulid ja riiuli toed on disainitud mahutama 2 x GN1\/1 plaati v\u00f5i konteineritRatastelK\u00fcljem\u00f5\u00f5tmed: 740 x 830 x 2010 mmSisem\u00f5\u00f5tmed: 624 x 700 x 1397 mmMahutavus: 685 liitritTemperatuur: -18\u00b0C kuni -20\u00b0C3 riiulitV\u00f5imsus: 230V \/ 1N \/ 50HzStandardne UK pistik on paigaldatudDokumendidKl\u00f5psake siin, et alla laadida KasutusjuhendKl\u00f5psake siin, et alla laadida CE vastavusdeklaratsioon<\/p>\n<table style=\"border-collapse: collapse; width: 100%; text-align: left;\">\n<tbody>\n<tr>\n<td style=\"border: 1px solid #ddd; padding: 8px; width: 45%;\"><strong>S\u00fcgavus<\/strong><\/td>\n<td style=\"border: 1px solid #ddd; padding: 8px;\">830 mm<\/td>\n<\/tr>\n<tr>\n<td style=\"border: 1px solid #ddd; padding: 8px; width: 45%;\"><strong>K\u00f5rgus<\/strong><\/td>\n<td style=\"border: 1px solid #ddd; padding: 8px;\">2010mm<\/td>\n<\/tr>\n<tr>\n<td style=\"border: 1px solid #ddd; padding: 8px; width: 45%;\"><strong>Laius<\/strong><\/td>\n<td style=\"border: 1px solid #ddd; padding: 8px;\">740 mm<\/td>\n<\/tr>\n<tr>\n<td style=\"border: 1px solid #ddd; padding: 8px; width: 45%;\"><strong>Garantii<\/strong><\/td>\n<td style=\"border: 1px solid #ddd; padding: 8px;\">12 kuu varuosade garantii<\/td>\n<\/tr>\n<tr>\n<td style=\"border: 1px solid #ddd; padding: 8px; width: 45%;\"><strong>Mahutavus<\/strong><\/td>\n<td style=\"border: 1px solid #ddd; padding: 8px;\">685 liitrit (bruto) \/ 465 liitrit (neto)<\/td>\n<\/tr>\n<tr>\n<td style=\"border: 1px solid #ddd; padding: 8px; width: 45%;\"><strong>Toiteallikas<\/strong><\/td>\n<td style=\"border: 1px solid #ddd; padding: 8px;\">230V \/ 1 faas<\/td>\n<\/tr>\n<tr>\n<td style=\"border: 1px solid #ddd; padding: 8px; width: 45%;\"><strong>V\u00f5imsus<\/strong><\/td>\n<td style=\"border: 1px solid #ddd; padding: 8px;\">750W<\/td>\n<\/tr>\n<tr>\n<td style=\"border: 1px solid #ddd; padding: 8px; width: 45%;\"><strong>Rullikud<\/strong><\/td>\n<td style=\"border: 1px solid #ddd; padding: 8px;\">4 p\u00f6\u00f6rdratast (2 piduritega)<\/td>\n<\/tr>\n<tr>\n<td style=\"border: 1px solid #ddd; padding: 8px; width: 45%;\"><strong>Riiulid<\/strong><\/td>\n<td style=\"border: 1px solid #ddd; padding: 8px;\">3 kaasatud<\/td>\n<\/tr>\n<tr>\n<td style=\"border: 1px solid #ddd; padding: 8px; width: 45%;\"><strong>Jahutamine<\/strong><\/td>\n<td style=\"border: 1px solid #ddd; padding: 8px;\">Ventileeritud<\/td>\n<\/tr>\n<tr>\n<td style=\"border: 1px solid #ddd; padding: 8px; width: 45%;\"><strong>Sulatamine<\/strong><\/td>\n<td style=\"border: 1px solid #ddd; padding: 8px;\">Automaatne<\/td>\n<\/tr>\n<tr>\n<td style=\"border: 1px solid #ddd; padding: 8px; width: 45%;\"><strong>K\u00fclmaaine<\/strong><\/td>\n<td style=\"border: 1px solid #ddd; padding: 8px;\">R290a<\/td>\n<\/tr>\n<tr>\n<td style=\"border: 1px solid #ddd; padding: 8px; width: 45%;\"><strong>Temperatuur<\/strong><\/td>\n<td style=\"border: 1px solid #ddd; padding: 8px;\">-18 \u00b0C<\/td>\n<\/tr>\n<tr>\n<td style=\"border: 1px solid #ddd; padding: 8px; width: 45%;\"><strong>Kontrollid<\/strong><\/td>\n<td style=\"border: 1px solid #ddd; padding: 8px;\">Digitaalne<\/td>\n<\/tr>\n<tr>\n<td style=\"border: 1px solid #ddd; padding: 8px; width: 45%;\"><strong>Materjal (v\u00e4limine)<\/strong><\/td>\n<td style=\"border: 1px solid #ddd; padding: 8px;\">Roostevaba teras<\/td>\n<\/tr>\n<tr>\n<td style=\"border: 1px solid #ddd; padding: 8px; width: 45%;\"><strong>Lukk<\/strong><\/td>\n<td style=\"border: 1px solid #ddd; padding: 8px;\">Jah<\/td>\n<\/tr>\n<tr>\n<td style=\"border: 1px solid #ddd; padding: 8px; width: 45%;\"><strong>Materjal (sisemine)<\/strong><\/td>\n<td style=\"border: 1px solid #ddd; padding: 8px;\">Roostevaba teras<\/td>\n<\/tr>\n<tr>\n<td style=\"border: 1px solid #ddd; padding: 8px; width: 45%;\"><strong>M\u00f5\u00f5tmed (sisene)<\/strong><\/td>\n<td style=\"border: 1px solid #ddd; padding: 8px;\">624x702x1401mm<\/td>\n<\/tr>\n<\/tbody>\n<\/table>\n","protected":false},"excerpt":{"rendered":"<p>Premium-klassi kaubanduslik s\u00fcgavk\u00fclmik restoranidele, hotellidele ja teistele keskmise kuni suure suurusega toitlustusasutustele. Hetkel suurep\u00e4rane sooduspakkumine. CFC-vaba k\u00fclmutusagens ja vahtVentileeritud jahutus<\/p>\n","protected":false},"featured_media":13060,"template":"","meta":[],"product_brand":[],"product_cat":[564,889,569,913,932],"product_tag":[],"class_list":{"0":"post-27390","1":"product","2":"type-product","3":"status-publish","4":"has-post-thumbnail","6":"product_cat-jahutusseadmed","7":"product_cat-kasutatud-ja-taastatud-seadmed","8":"product_cat-lopumuuk","9":"product_cat-remonditud-seadmed","10":"product_cat-sugavkulmikud","12":"first","13":"instock","14":"sale","15":"taxable","16":"shipping-taxable","17":"purchasable","18":"product-type-simple"},"yoast_head":"<!-- This site is optimized with the Yoast SEO plugin v27.3 - https:\/\/yoast.com\/product\/yoast-seo-wordpress\/ -->\n<title>685lt S\u00fcgavk\u00fclmik Roostevaba Teras GN2\/1 Ventileeritud jahutus | Adexa F650VE - Adexa \u2013 Suurk\u00f6\u00f6giseadmed restoranidele ja toitlustusele<\/title>\n<meta name=\"robots\" content=\"index, follow, max-snippet:-1, max-image-preview:large, max-video-preview:-1\" \/>\n<link rel=\"canonical\" href=\"https:\/\/adexa.ee\/toode\/685lt-sugavkulmik-roostevaba-teras-gn2-1-ventileeritud-jahutus-adexa-f650ve\/\" \/>\n<meta property=\"og:locale\" content=\"en_US\" \/>\n<meta property=\"og:type\" content=\"article\" \/>\n<meta property=\"og:title\" content=\"685lt S\u00fcgavk\u00fclmik Roostevaba Teras GN2\/1 Ventileeritud jahutus | Adexa F650VE - Adexa \u2013 Suurk\u00f6\u00f6giseadmed restoranidele ja toitlustusele\" \/>\n<meta property=\"og:description\" content=\"Premium-klassi kaubanduslik s\u00fcgavk\u00fclmik restoranidele, hotellidele ja teistele keskmise kuni suure suurusega toitlustusasutustele. Hetkel suurep\u00e4rane sooduspakkumine. CFC-vaba k\u00fclmutusagens ja vahtVentileeritud jahutus\" \/>\n<meta property=\"og:url\" content=\"https:\/\/adexa.ee\/toode\/685lt-sugavkulmik-roostevaba-teras-gn2-1-ventileeritud-jahutus-adexa-f650ve\/\" \/>\n<meta property=\"og:site_name\" content=\"Adexa \u2013 Suurk\u00f6\u00f6giseadmed restoranidele ja toitlustusele\" \/>\n<meta property=\"article:modified_time\" content=\"2026-03-30T15:35:10+00:00\" \/>\n<meta property=\"og:image\" content=\"https:\/\/adexa.ee\/wp-content\/uploads\/2024\/12\/R650-.jpg\" \/>\n\t<meta property=\"og:image:width\" content=\"1500\" \/>\n\t<meta property=\"og:image:height\" content=\"1500\" \/>\n\t<meta property=\"og:image:type\" content=\"image\/jpeg\" \/>\n<meta name=\"twitter:card\" content=\"summary_large_image\" \/>\n<meta name=\"twitter:label1\" content=\"Est. reading time\" \/>\n\t<meta name=\"twitter:data1\" content=\"1 minute\" \/>\n<script type=\"application\/ld+json\" class=\"yoast-schema-graph\">{\"@context\":\"https:\\\/\\\/schema.org\",\"@graph\":[{\"@type\":\"WebPage\",\"@id\":\"https:\\\/\\\/adexa.ee\\\/toode\\\/685lt-sugavkulmik-roostevaba-teras-gn2-1-ventileeritud-jahutus-adexa-f650ve\\\/\",\"url\":\"https:\\\/\\\/adexa.ee\\\/toode\\\/685lt-sugavkulmik-roostevaba-teras-gn2-1-ventileeritud-jahutus-adexa-f650ve\\\/\",\"name\":\"685lt S\u00fcgavk\u00fclmik Roostevaba Teras GN2\\\/1 Ventileeritud jahutus | Adexa F650VE - Adexa \u2013 Suurk\u00f6\u00f6giseadmed restoranidele ja toitlustusele\",\"isPartOf\":{\"@id\":\"https:\\\/\\\/adexa.ee\\\/#website\"},\"primaryImageOfPage\":{\"@id\":\"https:\\\/\\\/adexa.ee\\\/toode\\\/685lt-sugavkulmik-roostevaba-teras-gn2-1-ventileeritud-jahutus-adexa-f650ve\\\/#primaryimage\"},\"image\":{\"@id\":\"https:\\\/\\\/adexa.ee\\\/toode\\\/685lt-sugavkulmik-roostevaba-teras-gn2-1-ventileeritud-jahutus-adexa-f650ve\\\/#primaryimage\"},\"thumbnailUrl\":\"https:\\\/\\\/adexa.ee\\\/wp-content\\\/uploads\\\/2024\\\/12\\\/R650-.jpg\",\"datePublished\":\"2026-03-30T15:35:09+00:00\",\"dateModified\":\"2026-03-30T15:35:10+00:00\",\"breadcrumb\":{\"@id\":\"https:\\\/\\\/adexa.ee\\\/toode\\\/685lt-sugavkulmik-roostevaba-teras-gn2-1-ventileeritud-jahutus-adexa-f650ve\\\/#breadcrumb\"},\"inLanguage\":\"en-US\",\"potentialAction\":[{\"@type\":\"ReadAction\",\"target\":[\"https:\\\/\\\/adexa.ee\\\/toode\\\/685lt-sugavkulmik-roostevaba-teras-gn2-1-ventileeritud-jahutus-adexa-f650ve\\\/\"]}]},{\"@type\":\"ImageObject\",\"inLanguage\":\"en-US\",\"@id\":\"https:\\\/\\\/adexa.ee\\\/toode\\\/685lt-sugavkulmik-roostevaba-teras-gn2-1-ventileeritud-jahutus-adexa-f650ve\\\/#primaryimage\",\"url\":\"https:\\\/\\\/adexa.ee\\\/wp-content\\\/uploads\\\/2024\\\/12\\\/R650-.jpg\",\"contentUrl\":\"https:\\\/\\\/adexa.ee\\\/wp-content\\\/uploads\\\/2024\\\/12\\\/R650-.jpg\",\"width\":1500,\"height\":1500},{\"@type\":\"BreadcrumbList\",\"@id\":\"https:\\\/\\\/adexa.ee\\\/toode\\\/685lt-sugavkulmik-roostevaba-teras-gn2-1-ventileeritud-jahutus-adexa-f650ve\\\/#breadcrumb\",\"itemListElement\":[{\"@type\":\"ListItem\",\"position\":1,\"name\":\"Home\",\"item\":\"https:\\\/\\\/adexa.ee\\\/\"},{\"@type\":\"ListItem\",\"position\":2,\"name\":\"Tooted\",\"item\":\"https:\\\/\\\/adexa.ee\\\/pood\\\/\"},{\"@type\":\"ListItem\",\"position\":3,\"name\":\"685lt S\u00fcgavk\u00fclmik Roostevaba Teras GN2\\\/1 Ventileeritud jahutus | Adexa F650VE\"}]},{\"@type\":\"WebSite\",\"@id\":\"https:\\\/\\\/adexa.ee\\\/#website\",\"url\":\"https:\\\/\\\/adexa.ee\\\/\",\"name\":\"Adexa\",\"description\":\"\",\"publisher\":{\"@id\":\"https:\\\/\\\/adexa.ee\\\/#organization\"},\"potentialAction\":[{\"@type\":\"SearchAction\",\"target\":{\"@type\":\"EntryPoint\",\"urlTemplate\":\"https:\\\/\\\/adexa.ee\\\/?s={search_term_string}\"},\"query-input\":{\"@type\":\"PropertyValueSpecification\",\"valueRequired\":true,\"valueName\":\"search_term_string\"}}],\"inLanguage\":\"en-US\"},{\"@type\":\"Organization\",\"@id\":\"https:\\\/\\\/adexa.ee\\\/#organization\",\"name\":\"Adexa\",\"url\":\"https:\\\/\\\/adexa.ee\\\/\",\"logo\":{\"@type\":\"ImageObject\",\"inLanguage\":\"en-US\",\"@id\":\"https:\\\/\\\/adexa.ee\\\/#\\\/schema\\\/logo\\\/image\\\/\",\"url\":\"https:\\\/\\\/adexa.ee\\\/wp-content\\\/uploads\\\/2024\\\/04\\\/chef-cooks-working-in-professional-kitchen-2023-11-27-05-07-39-utc-scaled.jpg\",\"contentUrl\":\"https:\\\/\\\/adexa.ee\\\/wp-content\\\/uploads\\\/2024\\\/04\\\/chef-cooks-working-in-professional-kitchen-2023-11-27-05-07-39-utc-scaled.jpg\",\"width\":2560,\"height\":1708,\"caption\":\"Adexa\"},\"image\":{\"@id\":\"https:\\\/\\\/adexa.ee\\\/#\\\/schema\\\/logo\\\/image\\\/\"}}]}<\/script>\n<!-- \/ Yoast SEO plugin. -->","yoast_head_json":{"title":"685lt S\u00fcgavk\u00fclmik Roostevaba Teras GN2\/1 Ventileeritud jahutus | Adexa F650VE - Adexa \u2013 Suurk\u00f6\u00f6giseadmed restoranidele ja toitlustusele","robots":{"index":"index","follow":"follow","max-snippet":"max-snippet:-1","max-image-preview":"max-image-preview:large","max-video-preview":"max-video-preview:-1"},"canonical":"https:\/\/adexa.ee\/toode\/685lt-sugavkulmik-roostevaba-teras-gn2-1-ventileeritud-jahutus-adexa-f650ve\/","og_locale":"en_US","og_type":"article","og_title":"685lt S\u00fcgavk\u00fclmik Roostevaba Teras GN2\/1 Ventileeritud jahutus | Adexa F650VE - Adexa \u2013 Suurk\u00f6\u00f6giseadmed restoranidele ja toitlustusele","og_description":"Premium-klassi kaubanduslik s\u00fcgavk\u00fclmik restoranidele, hotellidele ja teistele keskmise kuni suure suurusega toitlustusasutustele. Hetkel suurep\u00e4rane sooduspakkumine. CFC-vaba k\u00fclmutusagens ja vahtVentileeritud jahutus","og_url":"https:\/\/adexa.ee\/toode\/685lt-sugavkulmik-roostevaba-teras-gn2-1-ventileeritud-jahutus-adexa-f650ve\/","og_site_name":"Adexa \u2013 Suurk\u00f6\u00f6giseadmed restoranidele ja toitlustusele","article_modified_time":"2026-03-30T15:35:10+00:00","og_image":[{"width":1500,"height":1500,"url":"https:\/\/adexa.ee\/wp-content\/uploads\/2024\/12\/R650-.jpg","type":"image\/jpeg"}],"twitter_card":"summary_large_image","twitter_misc":{"Est. reading time":"1 minute"},"schema":{"@context":"https:\/\/schema.org","@graph":[{"@type":"WebPage","@id":"https:\/\/adexa.ee\/toode\/685lt-sugavkulmik-roostevaba-teras-gn2-1-ventileeritud-jahutus-adexa-f650ve\/","url":"https:\/\/adexa.ee\/toode\/685lt-sugavkulmik-roostevaba-teras-gn2-1-ventileeritud-jahutus-adexa-f650ve\/","name":"685lt S\u00fcgavk\u00fclmik Roostevaba Teras GN2\/1 Ventileeritud jahutus | Adexa F650VE - Adexa \u2013 Suurk\u00f6\u00f6giseadmed restoranidele ja toitlustusele","isPartOf":{"@id":"https:\/\/adexa.ee\/#website"},"primaryImageOfPage":{"@id":"https:\/\/adexa.ee\/toode\/685lt-sugavkulmik-roostevaba-teras-gn2-1-ventileeritud-jahutus-adexa-f650ve\/#primaryimage"},"image":{"@id":"https:\/\/adexa.ee\/toode\/685lt-sugavkulmik-roostevaba-teras-gn2-1-ventileeritud-jahutus-adexa-f650ve\/#primaryimage"},"thumbnailUrl":"https:\/\/adexa.ee\/wp-content\/uploads\/2024\/12\/R650-.jpg","datePublished":"2026-03-30T15:35:09+00:00","dateModified":"2026-03-30T15:35:10+00:00","breadcrumb":{"@id":"https:\/\/adexa.ee\/toode\/685lt-sugavkulmik-roostevaba-teras-gn2-1-ventileeritud-jahutus-adexa-f650ve\/#breadcrumb"},"inLanguage":"en-US","potentialAction":[{"@type":"ReadAction","target":["https:\/\/adexa.ee\/toode\/685lt-sugavkulmik-roostevaba-teras-gn2-1-ventileeritud-jahutus-adexa-f650ve\/"]}]},{"@type":"ImageObject","inLanguage":"en-US","@id":"https:\/\/adexa.ee\/toode\/685lt-sugavkulmik-roostevaba-teras-gn2-1-ventileeritud-jahutus-adexa-f650ve\/#primaryimage","url":"https:\/\/adexa.ee\/wp-content\/uploads\/2024\/12\/R650-.jpg","contentUrl":"https:\/\/adexa.ee\/wp-content\/uploads\/2024\/12\/R650-.jpg","width":1500,"height":1500},{"@type":"BreadcrumbList","@id":"https:\/\/adexa.ee\/toode\/685lt-sugavkulmik-roostevaba-teras-gn2-1-ventileeritud-jahutus-adexa-f650ve\/#breadcrumb","itemListElement":[{"@type":"ListItem","position":1,"name":"Home","item":"https:\/\/adexa.ee\/"},{"@type":"ListItem","position":2,"name":"Tooted","item":"https:\/\/adexa.ee\/pood\/"},{"@type":"ListItem","position":3,"name":"685lt S\u00fcgavk\u00fclmik Roostevaba Teras GN2\/1 Ventileeritud jahutus | Adexa F650VE"}]},{"@type":"WebSite","@id":"https:\/\/adexa.ee\/#website","url":"https:\/\/adexa.ee\/","name":"Adexa","description":"","publisher":{"@id":"https:\/\/adexa.ee\/#organization"},"potentialAction":[{"@type":"SearchAction","target":{"@type":"EntryPoint","urlTemplate":"https:\/\/adexa.ee\/?s={search_term_string}"},"query-input":{"@type":"PropertyValueSpecification","valueRequired":true,"valueName":"search_term_string"}}],"inLanguage":"en-US"},{"@type":"Organization","@id":"https:\/\/adexa.ee\/#organization","name":"Adexa","url":"https:\/\/adexa.ee\/","logo":{"@type":"ImageObject","inLanguage":"en-US","@id":"https:\/\/adexa.ee\/#\/schema\/logo\/image\/","url":"https:\/\/adexa.ee\/wp-content\/uploads\/2024\/04\/chef-cooks-working-in-professional-kitchen-2023-11-27-05-07-39-utc-scaled.jpg","contentUrl":"https:\/\/adexa.ee\/wp-content\/uploads\/2024\/04\/chef-cooks-working-in-professional-kitchen-2023-11-27-05-07-39-utc-scaled.jpg","width":2560,"height":1708,"caption":"Adexa"},"image":{"@id":"https:\/\/adexa.ee\/#\/schema\/logo\/image\/"}}]}},"_links":{"self":[{"href":"https:\/\/adexa.ee\/en\/wp-json\/wp\/v2\/product\/27390","targetHints":{"allow":["GET"]}}],"collection":[{"href":"https:\/\/adexa.ee\/en\/wp-json\/wp\/v2\/product"}],"about":[{"href":"https:\/\/adexa.ee\/en\/wp-json\/wp\/v2\/types\/product"}],"wp:featuredmedia":[{"embeddable":true,"href":"https:\/\/adexa.ee\/en\/wp-json\/wp\/v2\/media\/13060"}],"wp:attachment":[{"href":"https:\/\/adexa.ee\/en\/wp-json\/wp\/v2\/media?parent=27390"}],"wp:term":[{"taxonomy":"product_brand","embeddable":true,"href":"https:\/\/adexa.ee\/en\/wp-json\/wp\/v2\/product_brand?post=27390"},{"taxonomy":"product_cat","embeddable":true,"href":"https:\/\/adexa.ee\/en\/wp-json\/wp\/v2\/product_cat?post=27390"},{"taxonomy":"product_tag","embeddable":true,"href":"https:\/\/adexa.ee\/en\/wp-json\/wp\/v2\/product_tag?post=27390"}],"curies":[{"name":"wp","href":"https:\/\/api.w.org\/{rel}","templated":true}]}}