{"id":31197,"date":"2026-03-26T11:05:45","date_gmt":"2026-03-26T09:05:45","guid":{"rendered":"https:\/\/adexa.ee\/toode\/seinariiul-koos-potikonksudega-12-konksu-roostevaba-teras-900x300x300mm-adexa-vmr0930u\/"},"modified":"2026-03-26T11:05:47","modified_gmt":"2026-03-26T09:05:47","slug":"seinariiul-koos-potikonksudega-12-konksu-roostevaba-teras-900x300x300mm-adexa-vmr0930u","status":"publish","type":"product","link":"https:\/\/adexa.ee\/en\/toode\/seinariiul-koos-potikonksudega-12-konksu-roostevaba-teras-900x300x300mm-adexa-vmr0930u\/","title":{"rendered":"Seinariiul koos potikonksudega 12 konksu Roostevaba teras 900x300x300mm | Adexa VMR0930U"},"content":{"rendered":"<p>See kaubanduslik roostevabast terasest seinakonks on ideaalne igale suurele restoranile v\u00f5i toitlustusasutusele. Kasutage kaasasolevaid konksusid, et hoiustada oma mahukaid potte ja panne, samuti k\u00f5ige sagedamini kasutatavaid k\u00f6\u00f6gitarbeid ja muid tarvikuid. Selle riiuli \u00fclaosas on ka roostevabast terasest kindel riiul, mis v\u00f5imaldab hoiustada puhtaid taldrikuid v\u00f5i teie populaarseid koostisosi ja maitseaineid.<\/p>\n<table style=\"border-collapse: collapse; width: 100%; text-align: left;\">\n<tbody>\n<tr>\n<td style=\"border: 1px solid #ddd; padding: 8px; width: 45%;\"><strong>S\u00fcgavus<\/strong><\/td>\n<td style=\"border: 1px solid #ddd; padding: 8px;\">300mm<\/td>\n<\/tr>\n<tr>\n<td style=\"border: 1px solid #ddd; padding: 8px; width: 45%;\"><strong>K\u00f5rgus<\/strong><\/td>\n<td style=\"border: 1px solid #ddd; padding: 8px;\">300mm<\/td>\n<\/tr>\n<tr>\n<td style=\"border: 1px solid #ddd; padding: 8px; width: 45%;\"><strong>Laius<\/strong><\/td>\n<td style=\"border: 1px solid #ddd; padding: 8px;\">900mm<\/td>\n<\/tr>\n<tr>\n<td style=\"border: 1px solid #ddd; padding: 8px; width: 45%;\"><strong>Kaal<\/strong><\/td>\n<td style=\"border: 1px solid #ddd; padding: 8px;\">2kg<\/td>\n<\/tr>\n<tr>\n<td style=\"border: 1px solid #ddd; padding: 8px; width: 45%;\"><strong>Materjal<\/strong><\/td>\n<td style=\"border: 1px solid #ddd; padding: 8px;\">Roostevaba teras<\/td>\n<\/tr>\n<tr>\n<td style=\"border: 1px solid #ddd; padding: 8px; width: 45%;\"><strong>Kaasas<\/strong><\/td>\n<td style=\"border: 1px solid #ddd; padding: 8px;\">12 potikonksu<\/td>\n<\/tr>\n<\/tbody>\n<\/table>\n","protected":false},"excerpt":{"rendered":"<p>See kaubanduslik roostevabast terasest seinakonks on ideaalne igale suurele restoranile v\u00f5i toitlustusasutusele. Kasutage kaasasolevaid konksusid, et hoiustada oma mahukaid potte<\/p>\n","protected":false},"featured_media":31199,"template":"","meta":[],"product_brand":[],"product_cat":[579,561,572,617,699],"product_tag":[],"class_list":{"0":"post-31197","1":"product","2":"type-product","3":"status-publish","4":"has-post-thumbnail","6":"product_cat-koogitarbed-noud","7":"product_cat-moobel-ja-hoiustamine","8":"product_cat-roostevabad-tooted","9":"product_cat-seinariiulid","10":"product_cat-uhe-tasandiga-riiul-sugavus-300-mm","12":"first","13":"instock","14":"sale","15":"taxable","16":"shipping-taxable","17":"purchasable","18":"product-type-simple"},"yoast_head":"<!-- This site is optimized with the Yoast SEO plugin v27.3 - https:\/\/yoast.com\/product\/yoast-seo-wordpress\/ -->\n<title>Seinariiul koos potikonksudega 12 konksu Roostevaba teras 900x300x300mm | Adexa VMR0930U - Adexa \u2013 Suurk\u00f6\u00f6giseadmed restoranidele ja toitlustusele<\/title>\n<meta name=\"robots\" content=\"index, follow, max-snippet:-1, max-image-preview:large, max-video-preview:-1\" \/>\n<link rel=\"canonical\" href=\"https:\/\/adexa.ee\/toode\/seinariiul-koos-potikonksudega-12-konksu-roostevaba-teras-900x300x300mm-adexa-vmr0930u\/\" \/>\n<meta property=\"og:locale\" content=\"en_US\" \/>\n<meta property=\"og:type\" content=\"article\" \/>\n<meta property=\"og:title\" content=\"Seinariiul koos potikonksudega 12 konksu Roostevaba teras 900x300x300mm | Adexa VMR0930U - Adexa \u2013 Suurk\u00f6\u00f6giseadmed restoranidele ja toitlustusele\" \/>\n<meta property=\"og:description\" content=\"See kaubanduslik roostevabast terasest seinakonks on ideaalne igale suurele restoranile v\u00f5i toitlustusasutusele. Kasutage kaasasolevaid konksusid, et hoiustada oma mahukaid potte\" \/>\n<meta property=\"og:url\" content=\"https:\/\/adexa.ee\/toode\/seinariiul-koos-potikonksudega-12-konksu-roostevaba-teras-900x300x300mm-adexa-vmr0930u\/\" \/>\n<meta property=\"og:site_name\" content=\"Adexa \u2013 Suurk\u00f6\u00f6giseadmed restoranidele ja toitlustusele\" \/>\n<meta property=\"article:modified_time\" content=\"2026-03-26T09:05:47+00:00\" \/>\n<meta property=\"og:image\" content=\"https:\/\/adexa.ee\/wp-content\/uploads\/2025\/01\/VMR0930U.jpg\" \/>\n\t<meta property=\"og:image:width\" content=\"1416\" \/>\n\t<meta property=\"og:image:height\" content=\"1416\" \/>\n\t<meta property=\"og:image:type\" content=\"image\/jpeg\" \/>\n<meta name=\"twitter:card\" content=\"summary_large_image\" \/>\n<script type=\"application\/ld+json\" class=\"yoast-schema-graph\">{\"@context\":\"https:\\\/\\\/schema.org\",\"@graph\":[{\"@type\":\"WebPage\",\"@id\":\"https:\\\/\\\/adexa.ee\\\/toode\\\/seinariiul-koos-potikonksudega-12-konksu-roostevaba-teras-900x300x300mm-adexa-vmr0930u\\\/\",\"url\":\"https:\\\/\\\/adexa.ee\\\/toode\\\/seinariiul-koos-potikonksudega-12-konksu-roostevaba-teras-900x300x300mm-adexa-vmr0930u\\\/\",\"name\":\"Seinariiul koos potikonksudega 12 konksu Roostevaba teras 900x300x300mm | Adexa VMR0930U - Adexa \u2013 Suurk\u00f6\u00f6giseadmed restoranidele ja toitlustusele\",\"isPartOf\":{\"@id\":\"https:\\\/\\\/adexa.ee\\\/#website\"},\"primaryImageOfPage\":{\"@id\":\"https:\\\/\\\/adexa.ee\\\/toode\\\/seinariiul-koos-potikonksudega-12-konksu-roostevaba-teras-900x300x300mm-adexa-vmr0930u\\\/#primaryimage\"},\"image\":{\"@id\":\"https:\\\/\\\/adexa.ee\\\/toode\\\/seinariiul-koos-potikonksudega-12-konksu-roostevaba-teras-900x300x300mm-adexa-vmr0930u\\\/#primaryimage\"},\"thumbnailUrl\":\"https:\\\/\\\/adexa.ee\\\/wp-content\\\/uploads\\\/2025\\\/01\\\/VMR0930U.jpg\",\"datePublished\":\"2026-03-26T09:05:45+00:00\",\"dateModified\":\"2026-03-26T09:05:47+00:00\",\"breadcrumb\":{\"@id\":\"https:\\\/\\\/adexa.ee\\\/toode\\\/seinariiul-koos-potikonksudega-12-konksu-roostevaba-teras-900x300x300mm-adexa-vmr0930u\\\/#breadcrumb\"},\"inLanguage\":\"en-US\",\"potentialAction\":[{\"@type\":\"ReadAction\",\"target\":[\"https:\\\/\\\/adexa.ee\\\/toode\\\/seinariiul-koos-potikonksudega-12-konksu-roostevaba-teras-900x300x300mm-adexa-vmr0930u\\\/\"]}]},{\"@type\":\"ImageObject\",\"inLanguage\":\"en-US\",\"@id\":\"https:\\\/\\\/adexa.ee\\\/toode\\\/seinariiul-koos-potikonksudega-12-konksu-roostevaba-teras-900x300x300mm-adexa-vmr0930u\\\/#primaryimage\",\"url\":\"https:\\\/\\\/adexa.ee\\\/wp-content\\\/uploads\\\/2025\\\/01\\\/VMR0930U.jpg\",\"contentUrl\":\"https:\\\/\\\/adexa.ee\\\/wp-content\\\/uploads\\\/2025\\\/01\\\/VMR0930U.jpg\",\"width\":1416,\"height\":1416},{\"@type\":\"BreadcrumbList\",\"@id\":\"https:\\\/\\\/adexa.ee\\\/toode\\\/seinariiul-koos-potikonksudega-12-konksu-roostevaba-teras-900x300x300mm-adexa-vmr0930u\\\/#breadcrumb\",\"itemListElement\":[{\"@type\":\"ListItem\",\"position\":1,\"name\":\"Home\",\"item\":\"https:\\\/\\\/adexa.ee\\\/\"},{\"@type\":\"ListItem\",\"position\":2,\"name\":\"Tooted\",\"item\":\"https:\\\/\\\/adexa.ee\\\/pood\\\/\"},{\"@type\":\"ListItem\",\"position\":3,\"name\":\"Seinariiul koos potikonksudega 12 konksu Roostevaba teras 900x300x300mm | Adexa VMR0930U\"}]},{\"@type\":\"WebSite\",\"@id\":\"https:\\\/\\\/adexa.ee\\\/#website\",\"url\":\"https:\\\/\\\/adexa.ee\\\/\",\"name\":\"Adexa\",\"description\":\"\",\"publisher\":{\"@id\":\"https:\\\/\\\/adexa.ee\\\/#organization\"},\"potentialAction\":[{\"@type\":\"SearchAction\",\"target\":{\"@type\":\"EntryPoint\",\"urlTemplate\":\"https:\\\/\\\/adexa.ee\\\/?s={search_term_string}\"},\"query-input\":{\"@type\":\"PropertyValueSpecification\",\"valueRequired\":true,\"valueName\":\"search_term_string\"}}],\"inLanguage\":\"en-US\"},{\"@type\":\"Organization\",\"@id\":\"https:\\\/\\\/adexa.ee\\\/#organization\",\"name\":\"Adexa\",\"url\":\"https:\\\/\\\/adexa.ee\\\/\",\"logo\":{\"@type\":\"ImageObject\",\"inLanguage\":\"en-US\",\"@id\":\"https:\\\/\\\/adexa.ee\\\/#\\\/schema\\\/logo\\\/image\\\/\",\"url\":\"https:\\\/\\\/adexa.ee\\\/wp-content\\\/uploads\\\/2024\\\/04\\\/chef-cooks-working-in-professional-kitchen-2023-11-27-05-07-39-utc-scaled.jpg\",\"contentUrl\":\"https:\\\/\\\/adexa.ee\\\/wp-content\\\/uploads\\\/2024\\\/04\\\/chef-cooks-working-in-professional-kitchen-2023-11-27-05-07-39-utc-scaled.jpg\",\"width\":2560,\"height\":1708,\"caption\":\"Adexa\"},\"image\":{\"@id\":\"https:\\\/\\\/adexa.ee\\\/#\\\/schema\\\/logo\\\/image\\\/\"}}]}<\/script>\n<!-- \/ Yoast SEO plugin. -->","yoast_head_json":{"title":"Seinariiul koos potikonksudega 12 konksu Roostevaba teras 900x300x300mm | Adexa VMR0930U - Adexa \u2013 Suurk\u00f6\u00f6giseadmed restoranidele ja toitlustusele","robots":{"index":"index","follow":"follow","max-snippet":"max-snippet:-1","max-image-preview":"max-image-preview:large","max-video-preview":"max-video-preview:-1"},"canonical":"https:\/\/adexa.ee\/toode\/seinariiul-koos-potikonksudega-12-konksu-roostevaba-teras-900x300x300mm-adexa-vmr0930u\/","og_locale":"en_US","og_type":"article","og_title":"Seinariiul koos potikonksudega 12 konksu Roostevaba teras 900x300x300mm | Adexa VMR0930U - Adexa \u2013 Suurk\u00f6\u00f6giseadmed restoranidele ja toitlustusele","og_description":"See kaubanduslik roostevabast terasest seinakonks on ideaalne igale suurele restoranile v\u00f5i toitlustusasutusele. Kasutage kaasasolevaid konksusid, et hoiustada oma mahukaid potte","og_url":"https:\/\/adexa.ee\/toode\/seinariiul-koos-potikonksudega-12-konksu-roostevaba-teras-900x300x300mm-adexa-vmr0930u\/","og_site_name":"Adexa \u2013 Suurk\u00f6\u00f6giseadmed restoranidele ja toitlustusele","article_modified_time":"2026-03-26T09:05:47+00:00","og_image":[{"width":1416,"height":1416,"url":"https:\/\/adexa.ee\/wp-content\/uploads\/2025\/01\/VMR0930U.jpg","type":"image\/jpeg"}],"twitter_card":"summary_large_image","schema":{"@context":"https:\/\/schema.org","@graph":[{"@type":"WebPage","@id":"https:\/\/adexa.ee\/toode\/seinariiul-koos-potikonksudega-12-konksu-roostevaba-teras-900x300x300mm-adexa-vmr0930u\/","url":"https:\/\/adexa.ee\/toode\/seinariiul-koos-potikonksudega-12-konksu-roostevaba-teras-900x300x300mm-adexa-vmr0930u\/","name":"Seinariiul koos potikonksudega 12 konksu Roostevaba teras 900x300x300mm | Adexa VMR0930U - Adexa \u2013 Suurk\u00f6\u00f6giseadmed restoranidele ja toitlustusele","isPartOf":{"@id":"https:\/\/adexa.ee\/#website"},"primaryImageOfPage":{"@id":"https:\/\/adexa.ee\/toode\/seinariiul-koos-potikonksudega-12-konksu-roostevaba-teras-900x300x300mm-adexa-vmr0930u\/#primaryimage"},"image":{"@id":"https:\/\/adexa.ee\/toode\/seinariiul-koos-potikonksudega-12-konksu-roostevaba-teras-900x300x300mm-adexa-vmr0930u\/#primaryimage"},"thumbnailUrl":"https:\/\/adexa.ee\/wp-content\/uploads\/2025\/01\/VMR0930U.jpg","datePublished":"2026-03-26T09:05:45+00:00","dateModified":"2026-03-26T09:05:47+00:00","breadcrumb":{"@id":"https:\/\/adexa.ee\/toode\/seinariiul-koos-potikonksudega-12-konksu-roostevaba-teras-900x300x300mm-adexa-vmr0930u\/#breadcrumb"},"inLanguage":"en-US","potentialAction":[{"@type":"ReadAction","target":["https:\/\/adexa.ee\/toode\/seinariiul-koos-potikonksudega-12-konksu-roostevaba-teras-900x300x300mm-adexa-vmr0930u\/"]}]},{"@type":"ImageObject","inLanguage":"en-US","@id":"https:\/\/adexa.ee\/toode\/seinariiul-koos-potikonksudega-12-konksu-roostevaba-teras-900x300x300mm-adexa-vmr0930u\/#primaryimage","url":"https:\/\/adexa.ee\/wp-content\/uploads\/2025\/01\/VMR0930U.jpg","contentUrl":"https:\/\/adexa.ee\/wp-content\/uploads\/2025\/01\/VMR0930U.jpg","width":1416,"height":1416},{"@type":"BreadcrumbList","@id":"https:\/\/adexa.ee\/toode\/seinariiul-koos-potikonksudega-12-konksu-roostevaba-teras-900x300x300mm-adexa-vmr0930u\/#breadcrumb","itemListElement":[{"@type":"ListItem","position":1,"name":"Home","item":"https:\/\/adexa.ee\/"},{"@type":"ListItem","position":2,"name":"Tooted","item":"https:\/\/adexa.ee\/pood\/"},{"@type":"ListItem","position":3,"name":"Seinariiul koos potikonksudega 12 konksu Roostevaba teras 900x300x300mm | Adexa VMR0930U"}]},{"@type":"WebSite","@id":"https:\/\/adexa.ee\/#website","url":"https:\/\/adexa.ee\/","name":"Adexa","description":"","publisher":{"@id":"https:\/\/adexa.ee\/#organization"},"potentialAction":[{"@type":"SearchAction","target":{"@type":"EntryPoint","urlTemplate":"https:\/\/adexa.ee\/?s={search_term_string}"},"query-input":{"@type":"PropertyValueSpecification","valueRequired":true,"valueName":"search_term_string"}}],"inLanguage":"en-US"},{"@type":"Organization","@id":"https:\/\/adexa.ee\/#organization","name":"Adexa","url":"https:\/\/adexa.ee\/","logo":{"@type":"ImageObject","inLanguage":"en-US","@id":"https:\/\/adexa.ee\/#\/schema\/logo\/image\/","url":"https:\/\/adexa.ee\/wp-content\/uploads\/2024\/04\/chef-cooks-working-in-professional-kitchen-2023-11-27-05-07-39-utc-scaled.jpg","contentUrl":"https:\/\/adexa.ee\/wp-content\/uploads\/2024\/04\/chef-cooks-working-in-professional-kitchen-2023-11-27-05-07-39-utc-scaled.jpg","width":2560,"height":1708,"caption":"Adexa"},"image":{"@id":"https:\/\/adexa.ee\/#\/schema\/logo\/image\/"}}]}},"_links":{"self":[{"href":"https:\/\/adexa.ee\/en\/wp-json\/wp\/v2\/product\/31197","targetHints":{"allow":["GET"]}}],"collection":[{"href":"https:\/\/adexa.ee\/en\/wp-json\/wp\/v2\/product"}],"about":[{"href":"https:\/\/adexa.ee\/en\/wp-json\/wp\/v2\/types\/product"}],"wp:featuredmedia":[{"embeddable":true,"href":"https:\/\/adexa.ee\/en\/wp-json\/wp\/v2\/media\/31199"}],"wp:attachment":[{"href":"https:\/\/adexa.ee\/en\/wp-json\/wp\/v2\/media?parent=31197"}],"wp:term":[{"taxonomy":"product_brand","embeddable":true,"href":"https:\/\/adexa.ee\/en\/wp-json\/wp\/v2\/product_brand?post=31197"},{"taxonomy":"product_cat","embeddable":true,"href":"https:\/\/adexa.ee\/en\/wp-json\/wp\/v2\/product_cat?post=31197"},{"taxonomy":"product_tag","embeddable":true,"href":"https:\/\/adexa.ee\/en\/wp-json\/wp\/v2\/product_tag?post=31197"}],"curies":[{"name":"wp","href":"https:\/\/api.w.org\/{rel}","templated":true}]}}