{"id":31229,"date":"2026-03-26T11:05:45","date_gmt":"2026-03-26T09:05:45","guid":{"rendered":"https:\/\/adexa.ee\/toode\/seina-riiul-koos-poti-hoidiku-12-konksuga-roostevaba-teras-1200x300x300mm-adexa-vmr1230u\/"},"modified":"2026-03-26T11:05:48","modified_gmt":"2026-03-26T09:05:48","slug":"seinariiul-koos-12-konksuga-roostevaba-teras-1200x300x300mm-adexa-vmr1230u","status":"publish","type":"product","link":"https:\/\/adexa.ee\/en\/toode\/seinariiul-koos-12-konksuga-roostevaba-teras-1200x300x300mm-adexa-vmr1230u\/","title":{"rendered":"Seinariiul koos 12 konksuga Roostevaba teras 1200x300x300mm | Adexa VMR1230U"},"content":{"rendered":"<p>See kommertslik roostevabast terasest seinakinnitusega potihoidik on ideaalne igasse suurde restorani v\u00f5i toitlustusasutusse. Kasutage kaasasolevaid konksusid, et hoida oma mahukaid potte ja panne ning lisavarusid. Sellel hoidikul on ka roostevabast terasest tugev riiul \u00fclaosas, mis v\u00f5imaldab hoiustada puhtaid taldrikuid v\u00f5i populaarsemaid koostisosi ja maitseaineid.<\/p>\n<table style=\"border-collapse: collapse; width: 100%; text-align: left;\">\n<tbody>\n<tr>\n<td style=\"border: 1px solid #ddd; padding: 8px; width: 45%;\"><strong>S\u00fcgavus<\/strong><\/td>\n<td style=\"border: 1px solid #ddd; padding: 8px;\">300mm<\/td>\n<\/tr>\n<tr>\n<td style=\"border: 1px solid #ddd; padding: 8px; width: 45%;\"><strong>K\u00f5rgus<\/strong><\/td>\n<td style=\"border: 1px solid #ddd; padding: 8px;\">300mm<\/td>\n<\/tr>\n<tr>\n<td style=\"border: 1px solid #ddd; padding: 8px; width: 45%;\"><strong>Laius<\/strong><\/td>\n<td style=\"border: 1px solid #ddd; padding: 8px;\">1200 mm<\/td>\n<\/tr>\n<tr>\n<td style=\"border: 1px solid #ddd; padding: 8px; width: 45%;\"><strong>Kaal<\/strong><\/td>\n<td style=\"border: 1px solid #ddd; padding: 8px;\">2,5 kg<\/td>\n<\/tr>\n<tr>\n<td style=\"border: 1px solid #ddd; padding: 8px; width: 45%;\"><strong>Materjal<\/strong><\/td>\n<td style=\"border: 1px solid #ddd; padding: 8px;\">Roostevaba teras<\/td>\n<\/tr>\n<tr>\n<td style=\"border: 1px solid #ddd; padding: 8px; width: 45%;\"><strong>Kaasas<\/strong><\/td>\n<td style=\"border: 1px solid #ddd; padding: 8px;\">12 potikonksu<\/td>\n<\/tr>\n<\/tbody>\n<\/table>\n","protected":false},"excerpt":{"rendered":"<p>See kommertslik roostevabast terasest seinakinnitusega potihoidik on ideaalne igasse suurde restorani v\u00f5i toitlustusasutusse. Kasutage kaasasolevaid konksusid, et hoida oma mahukaid<\/p>\n","protected":false},"featured_media":31199,"template":"","meta":[],"product_brand":[],"product_cat":[579,561,572,617,699],"product_tag":[],"class_list":{"0":"post-31229","1":"product","2":"type-product","3":"status-publish","4":"has-post-thumbnail","6":"product_cat-koogitarbed-noud","7":"product_cat-moobel-ja-hoiustamine","8":"product_cat-roostevabad-tooted","9":"product_cat-seinariiulid","10":"product_cat-uhe-tasandiga-riiul-sugavus-300-mm","12":"first","13":"instock","14":"sale","15":"taxable","16":"shipping-taxable","17":"purchasable","18":"product-type-simple"},"yoast_head":"<!-- This site is optimized with the Yoast SEO plugin v27.3 - https:\/\/yoast.com\/product\/yoast-seo-wordpress\/ -->\n<title>Seinariiul koos 12 konksuga Roostevaba teras 1200x300x300mm | Adexa VMR1230U - Adexa \u2013 Suurk\u00f6\u00f6giseadmed restoranidele ja toitlustusele<\/title>\n<meta name=\"robots\" content=\"index, follow, max-snippet:-1, max-image-preview:large, max-video-preview:-1\" \/>\n<link rel=\"canonical\" href=\"https:\/\/adexa.ee\/toode\/seinariiul-koos-12-konksuga-roostevaba-teras-1200x300x300mm-adexa-vmr1230u\/\" \/>\n<meta property=\"og:locale\" content=\"en_US\" \/>\n<meta property=\"og:type\" content=\"article\" \/>\n<meta property=\"og:title\" content=\"Seinariiul koos 12 konksuga Roostevaba teras 1200x300x300mm | Adexa VMR1230U - Adexa \u2013 Suurk\u00f6\u00f6giseadmed restoranidele ja toitlustusele\" \/>\n<meta property=\"og:description\" content=\"See kommertslik roostevabast terasest seinakinnitusega potihoidik on ideaalne igasse suurde restorani v\u00f5i toitlustusasutusse. Kasutage kaasasolevaid konksusid, et hoida oma mahukaid\" \/>\n<meta property=\"og:url\" content=\"https:\/\/adexa.ee\/toode\/seinariiul-koos-12-konksuga-roostevaba-teras-1200x300x300mm-adexa-vmr1230u\/\" \/>\n<meta property=\"og:site_name\" content=\"Adexa \u2013 Suurk\u00f6\u00f6giseadmed restoranidele ja toitlustusele\" \/>\n<meta property=\"article:modified_time\" content=\"2026-03-26T09:05:48+00:00\" \/>\n<meta property=\"og:image\" content=\"https:\/\/adexa.ee\/wp-content\/uploads\/2025\/01\/VMR0930U.jpg\" \/>\n\t<meta property=\"og:image:width\" content=\"1416\" \/>\n\t<meta property=\"og:image:height\" content=\"1416\" \/>\n\t<meta property=\"og:image:type\" content=\"image\/jpeg\" \/>\n<meta name=\"twitter:card\" content=\"summary_large_image\" \/>\n<script type=\"application\/ld+json\" class=\"yoast-schema-graph\">{\"@context\":\"https:\\\/\\\/schema.org\",\"@graph\":[{\"@type\":\"WebPage\",\"@id\":\"https:\\\/\\\/adexa.ee\\\/toode\\\/seinariiul-koos-12-konksuga-roostevaba-teras-1200x300x300mm-adexa-vmr1230u\\\/\",\"url\":\"https:\\\/\\\/adexa.ee\\\/toode\\\/seinariiul-koos-12-konksuga-roostevaba-teras-1200x300x300mm-adexa-vmr1230u\\\/\",\"name\":\"Seinariiul koos 12 konksuga Roostevaba teras 1200x300x300mm | Adexa VMR1230U - Adexa \u2013 Suurk\u00f6\u00f6giseadmed restoranidele ja toitlustusele\",\"isPartOf\":{\"@id\":\"https:\\\/\\\/adexa.ee\\\/#website\"},\"primaryImageOfPage\":{\"@id\":\"https:\\\/\\\/adexa.ee\\\/toode\\\/seinariiul-koos-12-konksuga-roostevaba-teras-1200x300x300mm-adexa-vmr1230u\\\/#primaryimage\"},\"image\":{\"@id\":\"https:\\\/\\\/adexa.ee\\\/toode\\\/seinariiul-koos-12-konksuga-roostevaba-teras-1200x300x300mm-adexa-vmr1230u\\\/#primaryimage\"},\"thumbnailUrl\":\"https:\\\/\\\/adexa.ee\\\/wp-content\\\/uploads\\\/2025\\\/01\\\/VMR0930U.jpg\",\"datePublished\":\"2026-03-26T09:05:45+00:00\",\"dateModified\":\"2026-03-26T09:05:48+00:00\",\"breadcrumb\":{\"@id\":\"https:\\\/\\\/adexa.ee\\\/toode\\\/seinariiul-koos-12-konksuga-roostevaba-teras-1200x300x300mm-adexa-vmr1230u\\\/#breadcrumb\"},\"inLanguage\":\"en-US\",\"potentialAction\":[{\"@type\":\"ReadAction\",\"target\":[\"https:\\\/\\\/adexa.ee\\\/toode\\\/seinariiul-koos-12-konksuga-roostevaba-teras-1200x300x300mm-adexa-vmr1230u\\\/\"]}]},{\"@type\":\"ImageObject\",\"inLanguage\":\"en-US\",\"@id\":\"https:\\\/\\\/adexa.ee\\\/toode\\\/seinariiul-koos-12-konksuga-roostevaba-teras-1200x300x300mm-adexa-vmr1230u\\\/#primaryimage\",\"url\":\"https:\\\/\\\/adexa.ee\\\/wp-content\\\/uploads\\\/2025\\\/01\\\/VMR0930U.jpg\",\"contentUrl\":\"https:\\\/\\\/adexa.ee\\\/wp-content\\\/uploads\\\/2025\\\/01\\\/VMR0930U.jpg\",\"width\":1416,\"height\":1416},{\"@type\":\"BreadcrumbList\",\"@id\":\"https:\\\/\\\/adexa.ee\\\/toode\\\/seinariiul-koos-12-konksuga-roostevaba-teras-1200x300x300mm-adexa-vmr1230u\\\/#breadcrumb\",\"itemListElement\":[{\"@type\":\"ListItem\",\"position\":1,\"name\":\"Home\",\"item\":\"https:\\\/\\\/adexa.ee\\\/\"},{\"@type\":\"ListItem\",\"position\":2,\"name\":\"Tooted\",\"item\":\"https:\\\/\\\/adexa.ee\\\/pood\\\/\"},{\"@type\":\"ListItem\",\"position\":3,\"name\":\"Seinariiul koos 12 konksuga Roostevaba teras 1200x300x300mm | Adexa VMR1230U\"}]},{\"@type\":\"WebSite\",\"@id\":\"https:\\\/\\\/adexa.ee\\\/#website\",\"url\":\"https:\\\/\\\/adexa.ee\\\/\",\"name\":\"Adexa\",\"description\":\"\",\"publisher\":{\"@id\":\"https:\\\/\\\/adexa.ee\\\/#organization\"},\"potentialAction\":[{\"@type\":\"SearchAction\",\"target\":{\"@type\":\"EntryPoint\",\"urlTemplate\":\"https:\\\/\\\/adexa.ee\\\/?s={search_term_string}\"},\"query-input\":{\"@type\":\"PropertyValueSpecification\",\"valueRequired\":true,\"valueName\":\"search_term_string\"}}],\"inLanguage\":\"en-US\"},{\"@type\":\"Organization\",\"@id\":\"https:\\\/\\\/adexa.ee\\\/#organization\",\"name\":\"Adexa\",\"url\":\"https:\\\/\\\/adexa.ee\\\/\",\"logo\":{\"@type\":\"ImageObject\",\"inLanguage\":\"en-US\",\"@id\":\"https:\\\/\\\/adexa.ee\\\/#\\\/schema\\\/logo\\\/image\\\/\",\"url\":\"https:\\\/\\\/adexa.ee\\\/wp-content\\\/uploads\\\/2024\\\/04\\\/chef-cooks-working-in-professional-kitchen-2023-11-27-05-07-39-utc-scaled.jpg\",\"contentUrl\":\"https:\\\/\\\/adexa.ee\\\/wp-content\\\/uploads\\\/2024\\\/04\\\/chef-cooks-working-in-professional-kitchen-2023-11-27-05-07-39-utc-scaled.jpg\",\"width\":2560,\"height\":1708,\"caption\":\"Adexa\"},\"image\":{\"@id\":\"https:\\\/\\\/adexa.ee\\\/#\\\/schema\\\/logo\\\/image\\\/\"}}]}<\/script>\n<!-- \/ Yoast SEO plugin. -->","yoast_head_json":{"title":"Seinariiul koos 12 konksuga Roostevaba teras 1200x300x300mm | Adexa VMR1230U - Adexa \u2013 Suurk\u00f6\u00f6giseadmed restoranidele ja toitlustusele","robots":{"index":"index","follow":"follow","max-snippet":"max-snippet:-1","max-image-preview":"max-image-preview:large","max-video-preview":"max-video-preview:-1"},"canonical":"https:\/\/adexa.ee\/toode\/seinariiul-koos-12-konksuga-roostevaba-teras-1200x300x300mm-adexa-vmr1230u\/","og_locale":"en_US","og_type":"article","og_title":"Seinariiul koos 12 konksuga Roostevaba teras 1200x300x300mm | Adexa VMR1230U - Adexa \u2013 Suurk\u00f6\u00f6giseadmed restoranidele ja toitlustusele","og_description":"See kommertslik roostevabast terasest seinakinnitusega potihoidik on ideaalne igasse suurde restorani v\u00f5i toitlustusasutusse. Kasutage kaasasolevaid konksusid, et hoida oma mahukaid","og_url":"https:\/\/adexa.ee\/toode\/seinariiul-koos-12-konksuga-roostevaba-teras-1200x300x300mm-adexa-vmr1230u\/","og_site_name":"Adexa \u2013 Suurk\u00f6\u00f6giseadmed restoranidele ja toitlustusele","article_modified_time":"2026-03-26T09:05:48+00:00","og_image":[{"width":1416,"height":1416,"url":"https:\/\/adexa.ee\/wp-content\/uploads\/2025\/01\/VMR0930U.jpg","type":"image\/jpeg"}],"twitter_card":"summary_large_image","schema":{"@context":"https:\/\/schema.org","@graph":[{"@type":"WebPage","@id":"https:\/\/adexa.ee\/toode\/seinariiul-koos-12-konksuga-roostevaba-teras-1200x300x300mm-adexa-vmr1230u\/","url":"https:\/\/adexa.ee\/toode\/seinariiul-koos-12-konksuga-roostevaba-teras-1200x300x300mm-adexa-vmr1230u\/","name":"Seinariiul koos 12 konksuga Roostevaba teras 1200x300x300mm | Adexa VMR1230U - Adexa \u2013 Suurk\u00f6\u00f6giseadmed restoranidele ja toitlustusele","isPartOf":{"@id":"https:\/\/adexa.ee\/#website"},"primaryImageOfPage":{"@id":"https:\/\/adexa.ee\/toode\/seinariiul-koos-12-konksuga-roostevaba-teras-1200x300x300mm-adexa-vmr1230u\/#primaryimage"},"image":{"@id":"https:\/\/adexa.ee\/toode\/seinariiul-koos-12-konksuga-roostevaba-teras-1200x300x300mm-adexa-vmr1230u\/#primaryimage"},"thumbnailUrl":"https:\/\/adexa.ee\/wp-content\/uploads\/2025\/01\/VMR0930U.jpg","datePublished":"2026-03-26T09:05:45+00:00","dateModified":"2026-03-26T09:05:48+00:00","breadcrumb":{"@id":"https:\/\/adexa.ee\/toode\/seinariiul-koos-12-konksuga-roostevaba-teras-1200x300x300mm-adexa-vmr1230u\/#breadcrumb"},"inLanguage":"en-US","potentialAction":[{"@type":"ReadAction","target":["https:\/\/adexa.ee\/toode\/seinariiul-koos-12-konksuga-roostevaba-teras-1200x300x300mm-adexa-vmr1230u\/"]}]},{"@type":"ImageObject","inLanguage":"en-US","@id":"https:\/\/adexa.ee\/toode\/seinariiul-koos-12-konksuga-roostevaba-teras-1200x300x300mm-adexa-vmr1230u\/#primaryimage","url":"https:\/\/adexa.ee\/wp-content\/uploads\/2025\/01\/VMR0930U.jpg","contentUrl":"https:\/\/adexa.ee\/wp-content\/uploads\/2025\/01\/VMR0930U.jpg","width":1416,"height":1416},{"@type":"BreadcrumbList","@id":"https:\/\/adexa.ee\/toode\/seinariiul-koos-12-konksuga-roostevaba-teras-1200x300x300mm-adexa-vmr1230u\/#breadcrumb","itemListElement":[{"@type":"ListItem","position":1,"name":"Home","item":"https:\/\/adexa.ee\/"},{"@type":"ListItem","position":2,"name":"Tooted","item":"https:\/\/adexa.ee\/pood\/"},{"@type":"ListItem","position":3,"name":"Seinariiul koos 12 konksuga Roostevaba teras 1200x300x300mm | Adexa VMR1230U"}]},{"@type":"WebSite","@id":"https:\/\/adexa.ee\/#website","url":"https:\/\/adexa.ee\/","name":"Adexa","description":"","publisher":{"@id":"https:\/\/adexa.ee\/#organization"},"potentialAction":[{"@type":"SearchAction","target":{"@type":"EntryPoint","urlTemplate":"https:\/\/adexa.ee\/?s={search_term_string}"},"query-input":{"@type":"PropertyValueSpecification","valueRequired":true,"valueName":"search_term_string"}}],"inLanguage":"en-US"},{"@type":"Organization","@id":"https:\/\/adexa.ee\/#organization","name":"Adexa","url":"https:\/\/adexa.ee\/","logo":{"@type":"ImageObject","inLanguage":"en-US","@id":"https:\/\/adexa.ee\/#\/schema\/logo\/image\/","url":"https:\/\/adexa.ee\/wp-content\/uploads\/2024\/04\/chef-cooks-working-in-professional-kitchen-2023-11-27-05-07-39-utc-scaled.jpg","contentUrl":"https:\/\/adexa.ee\/wp-content\/uploads\/2024\/04\/chef-cooks-working-in-professional-kitchen-2023-11-27-05-07-39-utc-scaled.jpg","width":2560,"height":1708,"caption":"Adexa"},"image":{"@id":"https:\/\/adexa.ee\/#\/schema\/logo\/image\/"}}]}},"_links":{"self":[{"href":"https:\/\/adexa.ee\/en\/wp-json\/wp\/v2\/product\/31229","targetHints":{"allow":["GET"]}}],"collection":[{"href":"https:\/\/adexa.ee\/en\/wp-json\/wp\/v2\/product"}],"about":[{"href":"https:\/\/adexa.ee\/en\/wp-json\/wp\/v2\/types\/product"}],"wp:featuredmedia":[{"embeddable":true,"href":"https:\/\/adexa.ee\/en\/wp-json\/wp\/v2\/media\/31199"}],"wp:attachment":[{"href":"https:\/\/adexa.ee\/en\/wp-json\/wp\/v2\/media?parent=31229"}],"wp:term":[{"taxonomy":"product_brand","embeddable":true,"href":"https:\/\/adexa.ee\/en\/wp-json\/wp\/v2\/product_brand?post=31229"},{"taxonomy":"product_cat","embeddable":true,"href":"https:\/\/adexa.ee\/en\/wp-json\/wp\/v2\/product_cat?post=31229"},{"taxonomy":"product_tag","embeddable":true,"href":"https:\/\/adexa.ee\/en\/wp-json\/wp\/v2\/product_tag?post=31229"}],"curies":[{"name":"wp","href":"https:\/\/api.w.org\/{rel}","templated":true}]}}