{"id":31255,"date":"2026-03-26T11:05:45","date_gmt":"2026-03-26T09:05:45","guid":{"rendered":"https:\/\/adexa.ee\/toode\/seinariiul-pottide-hoidikuga-12-konksu-roostevaba-teras-900x300x300mm-adexa-vmr0930\/"},"modified":"2026-03-26T11:05:51","modified_gmt":"2026-03-26T09:05:51","slug":"seinariiul-pottide-hoidikuga-12-konksu-roostevaba-teras-900x300x300mm-adexa-vmr0930","status":"publish","type":"product","link":"https:\/\/adexa.ee\/en\/toode\/seinariiul-pottide-hoidikuga-12-konksu-roostevaba-teras-900x300x300mm-adexa-vmr0930\/","title":{"rendered":"Seinariiul pottide hoidikuga 12 konksu Roostevaba teras 900x300x300mm | Adexa VMR0930"},"content":{"rendered":"<p>See kaubanduslik roostevabast terasest seinale kinnitatav pottide hoidik on ideaalne igale suurele restorani- v\u00f5i toitlustusasutusele. Kasutage kaasasolevaid konksusid, et hoida oma suuremahulisi potte ja panne, lisaks k\u00f5ige sagedamini kasutatavaid riistu ja muid tarvikuid. Sellel hoidikul on ka roostevabast terasest t\u00e4isiriiul peal, v\u00f5imaldades teil hoida puhtaid taldrikuid v\u00f5i populaarseid koostisosi ja maitseaineid.<\/p>\n<table style=\"border-collapse: collapse; width: 100%; text-align: left;\">\n<tbody>\n<tr>\n<td style=\"border: 1px solid #ddd; padding: 8px; width: 45%;\"><strong>S\u00fcgavus<\/strong><\/td>\n<td style=\"border: 1px solid #ddd; padding: 8px;\">300mm<\/td>\n<\/tr>\n<tr>\n<td style=\"border: 1px solid #ddd; padding: 8px; width: 45%;\"><strong>K\u00f5rgus<\/strong><\/td>\n<td style=\"border: 1px solid #ddd; padding: 8px;\">300mm<\/td>\n<\/tr>\n<tr>\n<td style=\"border: 1px solid #ddd; padding: 8px; width: 45%;\"><strong>Laius<\/strong><\/td>\n<td style=\"border: 1px solid #ddd; padding: 8px;\">900mm<\/td>\n<\/tr>\n<tr>\n<td style=\"border: 1px solid #ddd; padding: 8px; width: 45%;\"><strong>Kaal<\/strong><\/td>\n<td style=\"border: 1px solid #ddd; padding: 8px;\">2,5 kg<\/td>\n<\/tr>\n<tr>\n<td style=\"border: 1px solid #ddd; padding: 8px; width: 45%;\"><strong>Materjal<\/strong><\/td>\n<td style=\"border: 1px solid #ddd; padding: 8px;\">Roostevaba teras<\/td>\n<\/tr>\n<tr>\n<td style=\"border: 1px solid #ddd; padding: 8px; width: 45%;\"><strong>Kaasas<\/strong><\/td>\n<td style=\"border: 1px solid #ddd; padding: 8px;\">12 potikonksu<\/td>\n<\/tr>\n<\/tbody>\n<\/table>\n","protected":false},"excerpt":{"rendered":"<p>See kaubanduslik roostevabast terasest seinale kinnitatav pottide hoidik on ideaalne igale suurele restorani- v\u00f5i toitlustusasutusele. Kasutage kaasasolevaid konksusid, et hoida<\/p>\n","protected":false},"featured_media":31257,"template":"","meta":[],"product_brand":[],"product_cat":[579,572,617,699],"product_tag":[],"class_list":{"0":"post-31255","1":"product","2":"type-product","3":"status-publish","4":"has-post-thumbnail","6":"product_cat-koogitarbed-noud","7":"product_cat-roostevabad-tooted","8":"product_cat-seinariiulid","9":"product_cat-uhe-tasandiga-riiul-sugavus-300-mm","11":"first","12":"instock","13":"sale","14":"taxable","15":"shipping-taxable","16":"purchasable","17":"product-type-simple"},"yoast_head":"<!-- This site is optimized with the Yoast SEO plugin v27.3 - https:\/\/yoast.com\/product\/yoast-seo-wordpress\/ -->\n<title>Seinariiul pottide hoidikuga 12 konksu Roostevaba teras 900x300x300mm | Adexa VMR0930 - Adexa \u2013 Suurk\u00f6\u00f6giseadmed restoranidele ja toitlustusele<\/title>\n<meta name=\"robots\" content=\"index, follow, max-snippet:-1, max-image-preview:large, max-video-preview:-1\" \/>\n<link rel=\"canonical\" href=\"https:\/\/adexa.ee\/toode\/seinariiul-pottide-hoidikuga-12-konksu-roostevaba-teras-900x300x300mm-adexa-vmr0930\/\" \/>\n<meta property=\"og:locale\" content=\"en_US\" \/>\n<meta property=\"og:type\" content=\"article\" \/>\n<meta property=\"og:title\" content=\"Seinariiul pottide hoidikuga 12 konksu Roostevaba teras 900x300x300mm | Adexa VMR0930 - Adexa \u2013 Suurk\u00f6\u00f6giseadmed restoranidele ja toitlustusele\" \/>\n<meta property=\"og:description\" content=\"See kaubanduslik roostevabast terasest seinale kinnitatav pottide hoidik on ideaalne igale suurele restorani- v\u00f5i toitlustusasutusele. Kasutage kaasasolevaid konksusid, et hoida\" \/>\n<meta property=\"og:url\" content=\"https:\/\/adexa.ee\/toode\/seinariiul-pottide-hoidikuga-12-konksu-roostevaba-teras-900x300x300mm-adexa-vmr0930\/\" \/>\n<meta property=\"og:site_name\" content=\"Adexa \u2013 Suurk\u00f6\u00f6giseadmed restoranidele ja toitlustusele\" \/>\n<meta property=\"article:modified_time\" content=\"2026-03-26T09:05:51+00:00\" \/>\n<meta property=\"og:image\" content=\"https:\/\/adexa.ee\/wp-content\/uploads\/2025\/01\/VMR0930.jpg\" \/>\n\t<meta property=\"og:image:width\" content=\"1368\" \/>\n\t<meta property=\"og:image:height\" content=\"1368\" \/>\n\t<meta property=\"og:image:type\" content=\"image\/jpeg\" \/>\n<meta name=\"twitter:card\" content=\"summary_large_image\" \/>\n<script type=\"application\/ld+json\" class=\"yoast-schema-graph\">{\"@context\":\"https:\\\/\\\/schema.org\",\"@graph\":[{\"@type\":\"WebPage\",\"@id\":\"https:\\\/\\\/adexa.ee\\\/toode\\\/seinariiul-pottide-hoidikuga-12-konksu-roostevaba-teras-900x300x300mm-adexa-vmr0930\\\/\",\"url\":\"https:\\\/\\\/adexa.ee\\\/toode\\\/seinariiul-pottide-hoidikuga-12-konksu-roostevaba-teras-900x300x300mm-adexa-vmr0930\\\/\",\"name\":\"Seinariiul pottide hoidikuga 12 konksu Roostevaba teras 900x300x300mm | Adexa VMR0930 - Adexa \u2013 Suurk\u00f6\u00f6giseadmed restoranidele ja toitlustusele\",\"isPartOf\":{\"@id\":\"https:\\\/\\\/adexa.ee\\\/#website\"},\"primaryImageOfPage\":{\"@id\":\"https:\\\/\\\/adexa.ee\\\/toode\\\/seinariiul-pottide-hoidikuga-12-konksu-roostevaba-teras-900x300x300mm-adexa-vmr0930\\\/#primaryimage\"},\"image\":{\"@id\":\"https:\\\/\\\/adexa.ee\\\/toode\\\/seinariiul-pottide-hoidikuga-12-konksu-roostevaba-teras-900x300x300mm-adexa-vmr0930\\\/#primaryimage\"},\"thumbnailUrl\":\"https:\\\/\\\/adexa.ee\\\/wp-content\\\/uploads\\\/2025\\\/01\\\/VMR0930.jpg\",\"datePublished\":\"2026-03-26T09:05:45+00:00\",\"dateModified\":\"2026-03-26T09:05:51+00:00\",\"breadcrumb\":{\"@id\":\"https:\\\/\\\/adexa.ee\\\/toode\\\/seinariiul-pottide-hoidikuga-12-konksu-roostevaba-teras-900x300x300mm-adexa-vmr0930\\\/#breadcrumb\"},\"inLanguage\":\"en-US\",\"potentialAction\":[{\"@type\":\"ReadAction\",\"target\":[\"https:\\\/\\\/adexa.ee\\\/toode\\\/seinariiul-pottide-hoidikuga-12-konksu-roostevaba-teras-900x300x300mm-adexa-vmr0930\\\/\"]}]},{\"@type\":\"ImageObject\",\"inLanguage\":\"en-US\",\"@id\":\"https:\\\/\\\/adexa.ee\\\/toode\\\/seinariiul-pottide-hoidikuga-12-konksu-roostevaba-teras-900x300x300mm-adexa-vmr0930\\\/#primaryimage\",\"url\":\"https:\\\/\\\/adexa.ee\\\/wp-content\\\/uploads\\\/2025\\\/01\\\/VMR0930.jpg\",\"contentUrl\":\"https:\\\/\\\/adexa.ee\\\/wp-content\\\/uploads\\\/2025\\\/01\\\/VMR0930.jpg\",\"width\":1368,\"height\":1368},{\"@type\":\"BreadcrumbList\",\"@id\":\"https:\\\/\\\/adexa.ee\\\/toode\\\/seinariiul-pottide-hoidikuga-12-konksu-roostevaba-teras-900x300x300mm-adexa-vmr0930\\\/#breadcrumb\",\"itemListElement\":[{\"@type\":\"ListItem\",\"position\":1,\"name\":\"Home\",\"item\":\"https:\\\/\\\/adexa.ee\\\/\"},{\"@type\":\"ListItem\",\"position\":2,\"name\":\"Tooted\",\"item\":\"https:\\\/\\\/adexa.ee\\\/pood\\\/\"},{\"@type\":\"ListItem\",\"position\":3,\"name\":\"Seinariiul pottide hoidikuga 12 konksu Roostevaba teras 900x300x300mm | Adexa VMR0930\"}]},{\"@type\":\"WebSite\",\"@id\":\"https:\\\/\\\/adexa.ee\\\/#website\",\"url\":\"https:\\\/\\\/adexa.ee\\\/\",\"name\":\"Adexa\",\"description\":\"\",\"publisher\":{\"@id\":\"https:\\\/\\\/adexa.ee\\\/#organization\"},\"potentialAction\":[{\"@type\":\"SearchAction\",\"target\":{\"@type\":\"EntryPoint\",\"urlTemplate\":\"https:\\\/\\\/adexa.ee\\\/?s={search_term_string}\"},\"query-input\":{\"@type\":\"PropertyValueSpecification\",\"valueRequired\":true,\"valueName\":\"search_term_string\"}}],\"inLanguage\":\"en-US\"},{\"@type\":\"Organization\",\"@id\":\"https:\\\/\\\/adexa.ee\\\/#organization\",\"name\":\"Adexa\",\"url\":\"https:\\\/\\\/adexa.ee\\\/\",\"logo\":{\"@type\":\"ImageObject\",\"inLanguage\":\"en-US\",\"@id\":\"https:\\\/\\\/adexa.ee\\\/#\\\/schema\\\/logo\\\/image\\\/\",\"url\":\"https:\\\/\\\/adexa.ee\\\/wp-content\\\/uploads\\\/2024\\\/04\\\/chef-cooks-working-in-professional-kitchen-2023-11-27-05-07-39-utc-scaled.jpg\",\"contentUrl\":\"https:\\\/\\\/adexa.ee\\\/wp-content\\\/uploads\\\/2024\\\/04\\\/chef-cooks-working-in-professional-kitchen-2023-11-27-05-07-39-utc-scaled.jpg\",\"width\":2560,\"height\":1708,\"caption\":\"Adexa\"},\"image\":{\"@id\":\"https:\\\/\\\/adexa.ee\\\/#\\\/schema\\\/logo\\\/image\\\/\"}}]}<\/script>\n<!-- \/ Yoast SEO plugin. -->","yoast_head_json":{"title":"Seinariiul pottide hoidikuga 12 konksu Roostevaba teras 900x300x300mm | Adexa VMR0930 - Adexa \u2013 Suurk\u00f6\u00f6giseadmed restoranidele ja toitlustusele","robots":{"index":"index","follow":"follow","max-snippet":"max-snippet:-1","max-image-preview":"max-image-preview:large","max-video-preview":"max-video-preview:-1"},"canonical":"https:\/\/adexa.ee\/toode\/seinariiul-pottide-hoidikuga-12-konksu-roostevaba-teras-900x300x300mm-adexa-vmr0930\/","og_locale":"en_US","og_type":"article","og_title":"Seinariiul pottide hoidikuga 12 konksu Roostevaba teras 900x300x300mm | Adexa VMR0930 - Adexa \u2013 Suurk\u00f6\u00f6giseadmed restoranidele ja toitlustusele","og_description":"See kaubanduslik roostevabast terasest seinale kinnitatav pottide hoidik on ideaalne igale suurele restorani- v\u00f5i toitlustusasutusele. Kasutage kaasasolevaid konksusid, et hoida","og_url":"https:\/\/adexa.ee\/toode\/seinariiul-pottide-hoidikuga-12-konksu-roostevaba-teras-900x300x300mm-adexa-vmr0930\/","og_site_name":"Adexa \u2013 Suurk\u00f6\u00f6giseadmed restoranidele ja toitlustusele","article_modified_time":"2026-03-26T09:05:51+00:00","og_image":[{"width":1368,"height":1368,"url":"https:\/\/adexa.ee\/wp-content\/uploads\/2025\/01\/VMR0930.jpg","type":"image\/jpeg"}],"twitter_card":"summary_large_image","schema":{"@context":"https:\/\/schema.org","@graph":[{"@type":"WebPage","@id":"https:\/\/adexa.ee\/toode\/seinariiul-pottide-hoidikuga-12-konksu-roostevaba-teras-900x300x300mm-adexa-vmr0930\/","url":"https:\/\/adexa.ee\/toode\/seinariiul-pottide-hoidikuga-12-konksu-roostevaba-teras-900x300x300mm-adexa-vmr0930\/","name":"Seinariiul pottide hoidikuga 12 konksu Roostevaba teras 900x300x300mm | Adexa VMR0930 - Adexa \u2013 Suurk\u00f6\u00f6giseadmed restoranidele ja toitlustusele","isPartOf":{"@id":"https:\/\/adexa.ee\/#website"},"primaryImageOfPage":{"@id":"https:\/\/adexa.ee\/toode\/seinariiul-pottide-hoidikuga-12-konksu-roostevaba-teras-900x300x300mm-adexa-vmr0930\/#primaryimage"},"image":{"@id":"https:\/\/adexa.ee\/toode\/seinariiul-pottide-hoidikuga-12-konksu-roostevaba-teras-900x300x300mm-adexa-vmr0930\/#primaryimage"},"thumbnailUrl":"https:\/\/adexa.ee\/wp-content\/uploads\/2025\/01\/VMR0930.jpg","datePublished":"2026-03-26T09:05:45+00:00","dateModified":"2026-03-26T09:05:51+00:00","breadcrumb":{"@id":"https:\/\/adexa.ee\/toode\/seinariiul-pottide-hoidikuga-12-konksu-roostevaba-teras-900x300x300mm-adexa-vmr0930\/#breadcrumb"},"inLanguage":"en-US","potentialAction":[{"@type":"ReadAction","target":["https:\/\/adexa.ee\/toode\/seinariiul-pottide-hoidikuga-12-konksu-roostevaba-teras-900x300x300mm-adexa-vmr0930\/"]}]},{"@type":"ImageObject","inLanguage":"en-US","@id":"https:\/\/adexa.ee\/toode\/seinariiul-pottide-hoidikuga-12-konksu-roostevaba-teras-900x300x300mm-adexa-vmr0930\/#primaryimage","url":"https:\/\/adexa.ee\/wp-content\/uploads\/2025\/01\/VMR0930.jpg","contentUrl":"https:\/\/adexa.ee\/wp-content\/uploads\/2025\/01\/VMR0930.jpg","width":1368,"height":1368},{"@type":"BreadcrumbList","@id":"https:\/\/adexa.ee\/toode\/seinariiul-pottide-hoidikuga-12-konksu-roostevaba-teras-900x300x300mm-adexa-vmr0930\/#breadcrumb","itemListElement":[{"@type":"ListItem","position":1,"name":"Home","item":"https:\/\/adexa.ee\/"},{"@type":"ListItem","position":2,"name":"Tooted","item":"https:\/\/adexa.ee\/pood\/"},{"@type":"ListItem","position":3,"name":"Seinariiul pottide hoidikuga 12 konksu Roostevaba teras 900x300x300mm | Adexa VMR0930"}]},{"@type":"WebSite","@id":"https:\/\/adexa.ee\/#website","url":"https:\/\/adexa.ee\/","name":"Adexa","description":"","publisher":{"@id":"https:\/\/adexa.ee\/#organization"},"potentialAction":[{"@type":"SearchAction","target":{"@type":"EntryPoint","urlTemplate":"https:\/\/adexa.ee\/?s={search_term_string}"},"query-input":{"@type":"PropertyValueSpecification","valueRequired":true,"valueName":"search_term_string"}}],"inLanguage":"en-US"},{"@type":"Organization","@id":"https:\/\/adexa.ee\/#organization","name":"Adexa","url":"https:\/\/adexa.ee\/","logo":{"@type":"ImageObject","inLanguage":"en-US","@id":"https:\/\/adexa.ee\/#\/schema\/logo\/image\/","url":"https:\/\/adexa.ee\/wp-content\/uploads\/2024\/04\/chef-cooks-working-in-professional-kitchen-2023-11-27-05-07-39-utc-scaled.jpg","contentUrl":"https:\/\/adexa.ee\/wp-content\/uploads\/2024\/04\/chef-cooks-working-in-professional-kitchen-2023-11-27-05-07-39-utc-scaled.jpg","width":2560,"height":1708,"caption":"Adexa"},"image":{"@id":"https:\/\/adexa.ee\/#\/schema\/logo\/image\/"}}]}},"_links":{"self":[{"href":"https:\/\/adexa.ee\/en\/wp-json\/wp\/v2\/product\/31255","targetHints":{"allow":["GET"]}}],"collection":[{"href":"https:\/\/adexa.ee\/en\/wp-json\/wp\/v2\/product"}],"about":[{"href":"https:\/\/adexa.ee\/en\/wp-json\/wp\/v2\/types\/product"}],"wp:featuredmedia":[{"embeddable":true,"href":"https:\/\/adexa.ee\/en\/wp-json\/wp\/v2\/media\/31257"}],"wp:attachment":[{"href":"https:\/\/adexa.ee\/en\/wp-json\/wp\/v2\/media?parent=31255"}],"wp:term":[{"taxonomy":"product_brand","embeddable":true,"href":"https:\/\/adexa.ee\/en\/wp-json\/wp\/v2\/product_brand?post=31255"},{"taxonomy":"product_cat","embeddable":true,"href":"https:\/\/adexa.ee\/en\/wp-json\/wp\/v2\/product_cat?post=31255"},{"taxonomy":"product_tag","embeddable":true,"href":"https:\/\/adexa.ee\/en\/wp-json\/wp\/v2\/product_tag?post=31255"}],"curies":[{"name":"wp","href":"https:\/\/api.w.org\/{rel}","templated":true}]}}