{"id":31272,"date":"2026-04-01T11:45:49","date_gmt":"2026-04-01T08:45:49","guid":{"rendered":"https:\/\/adexa.ee\/toode\/kommertsiaalne-riiulite-komplekt-4-tasandit-1000-kg-1800x600x1800mm-kroomitud-traat-adexa-wh18060180a4c\/"},"modified":"2026-04-01T11:45:49","modified_gmt":"2026-04-01T08:45:49","slug":"riiul-4-tasandit-1000-kg-1800x600x1800mm-kroomitud-traat-adexa-wh18060180a4c","status":"publish","type":"product","link":"https:\/\/adexa.ee\/en\/toode\/riiul-4-tasandit-1000-kg-1800x600x1800mm-kroomitud-traat-adexa-wh18060180a4c\/","title":{"rendered":"Riiul 4 tasandit 1000 kg 1800x600x1800mm kroomitud traat | Adexa WH18060180A4C"},"content":{"rendered":"<p>Raskeks professionaalseks toitlustusotstarbeks m\u00f5eldud kroomitud riiulikomplekt s\u00e4\u00e4stab ruumi ja korrastab ladustamisalasid teie restoranis, hotellis, baaris v\u00f5i laos. Reguleeritavad jalad Maksimaalne kogu koormus 1000 kg (250 kg riiuli kohta) Soovitatav ainult kuivhoiuks M\u00f5\u00f5tmed: 900x450x1800mm Toru diameeter: 25 x 1,2mm paksus Traadi vahe: 25mm Lisateabe jaoks vaadake jaotist &#8216;Spetsifikatsioon&#8217;.<\/p>\n<table style=\"border-collapse: collapse; width: 100%; text-align: left;\">\n<tbody>\n<tr>\n<td style=\"border: 1px solid #ddd; padding: 8px; width: 45%;\"><strong>S\u00fcgavus<\/strong><\/td>\n<td style=\"border: 1px solid #ddd; padding: 8px;\">600mm<\/td>\n<\/tr>\n<tr>\n<td style=\"border: 1px solid #ddd; padding: 8px; width: 45%;\"><strong>K\u00f5rgus<\/strong><\/td>\n<td style=\"border: 1px solid #ddd; padding: 8px;\">1800 mm<\/td>\n<\/tr>\n<tr>\n<td style=\"border: 1px solid #ddd; padding: 8px; width: 45%;\"><strong>Laius<\/strong><\/td>\n<td style=\"border: 1px solid #ddd; padding: 8px;\">1800 mm<\/td>\n<\/tr>\n<tr>\n<td style=\"border: 1px solid #ddd; padding: 8px; width: 45%;\"><strong>Kaal<\/strong><\/td>\n<td style=\"border: 1px solid #ddd; padding: 8px;\">20 kg<\/td>\n<\/tr>\n<tr>\n<td style=\"border: 1px solid #ddd; padding: 8px; width: 45%;\"><strong>Garantii<\/strong><\/td>\n<td style=\"border: 1px solid #ddd; padding: 8px;\">12 kuu varuosade garantii<\/td>\n<\/tr>\n<tr>\n<td style=\"border: 1px solid #ddd; padding: 8px; width: 45%;\"><strong>Kokku panemine<\/strong><\/td>\n<td style=\"border: 1px solid #ddd; padding: 8px;\">Lahtiv\u00f5etud<\/td>\n<\/tr>\n<tr>\n<td style=\"border: 1px solid #ddd; padding: 8px; width: 45%;\"><strong>Jalad<\/strong><\/td>\n<td style=\"border: 1px solid #ddd; padding: 8px;\">Reguleeritav<\/td>\n<\/tr>\n<tr>\n<td style=\"border: 1px solid #ddd; padding: 8px; width: 45%;\"><strong>Materjal<\/strong><\/td>\n<td style=\"border: 1px solid #ddd; padding: 8px;\">Kroomitud s\u00fcsinikteras<\/td>\n<\/tr>\n<tr>\n<td style=\"border: 1px solid #ddd; padding: 8px; width: 45%;\"><strong>Maksimaalne koormus<\/strong><\/td>\n<td style=\"border: 1px solid #ddd; padding: 8px;\">1000 kg (250 kg riiuli kohta)<\/td>\n<\/tr>\n<\/tbody>\n<\/table>\n","protected":false},"excerpt":{"rendered":"<p>Raskeks professionaalseks toitlustusotstarbeks m\u00f5eldud kroomitud riiulikomplekt s\u00e4\u00e4stab ruumi ja korrastab ladustamisalasid teie restoranis, hotellis, baaris v\u00f5i laos. Reguleeritavad jalad Maksimaalne<\/p>\n","protected":false},"featured_media":31274,"template":"","meta":[],"product_brand":[],"product_cat":[746,561,748,745,743,572,744],"product_tag":[],"class_list":{"0":"post-31272","1":"product","2":"type-product","3":"status-publish","4":"has-post-thumbnail","6":"product_cat-kroomitud-riiulisusteemid","7":"product_cat-moobel-ja-hoiustamine","8":"product_cat-restriiulid","9":"product_cat-riiulid","10":"product_cat-riiulisusteemid","11":"product_cat-roostevabad-tooted","12":"product_cat-tookojasisustus","14":"first","15":"instock","16":"sale","17":"taxable","18":"shipping-taxable","19":"purchasable","20":"product-type-simple"},"yoast_head":"<!-- This site is optimized with the Yoast SEO plugin v27.3 - https:\/\/yoast.com\/product\/yoast-seo-wordpress\/ -->\n<title>Riiul 4 tasandit 1000 kg 1800x600x1800mm kroomitud traat | Adexa WH18060180A4C - Adexa \u2013 Suurk\u00f6\u00f6giseadmed restoranidele ja toitlustusele<\/title>\n<meta name=\"robots\" content=\"index, follow, max-snippet:-1, max-image-preview:large, max-video-preview:-1\" \/>\n<link rel=\"canonical\" href=\"https:\/\/adexa.ee\/toode\/riiul-4-tasandit-1000-kg-1800x600x1800mm-kroomitud-traat-adexa-wh18060180a4c\/\" \/>\n<meta property=\"og:locale\" content=\"en_US\" \/>\n<meta property=\"og:type\" content=\"article\" \/>\n<meta property=\"og:title\" content=\"Riiul 4 tasandit 1000 kg 1800x600x1800mm kroomitud traat | Adexa WH18060180A4C - Adexa \u2013 Suurk\u00f6\u00f6giseadmed restoranidele ja toitlustusele\" \/>\n<meta property=\"og:description\" content=\"Raskeks professionaalseks toitlustusotstarbeks m\u00f5eldud kroomitud riiulikomplekt s\u00e4\u00e4stab ruumi ja korrastab ladustamisalasid teie restoranis, hotellis, baaris v\u00f5i laos. Reguleeritavad jalad Maksimaalne\" \/>\n<meta property=\"og:url\" content=\"https:\/\/adexa.ee\/toode\/riiul-4-tasandit-1000-kg-1800x600x1800mm-kroomitud-traat-adexa-wh18060180a4c\/\" \/>\n<meta property=\"og:site_name\" content=\"Adexa \u2013 Suurk\u00f6\u00f6giseadmed restoranidele ja toitlustusele\" \/>\n<meta property=\"og:image\" content=\"https:\/\/adexa.ee\/wp-content\/uploads\/2025\/01\/CR-150-60.jpg\" \/>\n\t<meta property=\"og:image:width\" content=\"1200\" \/>\n\t<meta property=\"og:image:height\" content=\"1200\" \/>\n\t<meta property=\"og:image:type\" content=\"image\/jpeg\" \/>\n<meta name=\"twitter:card\" content=\"summary_large_image\" \/>\n<script type=\"application\/ld+json\" class=\"yoast-schema-graph\">{\"@context\":\"https:\\\/\\\/schema.org\",\"@graph\":[{\"@type\":\"WebPage\",\"@id\":\"https:\\\/\\\/adexa.ee\\\/toode\\\/riiul-4-tasandit-1000-kg-1800x600x1800mm-kroomitud-traat-adexa-wh18060180a4c\\\/\",\"url\":\"https:\\\/\\\/adexa.ee\\\/toode\\\/riiul-4-tasandit-1000-kg-1800x600x1800mm-kroomitud-traat-adexa-wh18060180a4c\\\/\",\"name\":\"Riiul 4 tasandit 1000 kg 1800x600x1800mm kroomitud traat | Adexa WH18060180A4C - Adexa \u2013 Suurk\u00f6\u00f6giseadmed restoranidele ja toitlustusele\",\"isPartOf\":{\"@id\":\"https:\\\/\\\/adexa.ee\\\/#website\"},\"primaryImageOfPage\":{\"@id\":\"https:\\\/\\\/adexa.ee\\\/toode\\\/riiul-4-tasandit-1000-kg-1800x600x1800mm-kroomitud-traat-adexa-wh18060180a4c\\\/#primaryimage\"},\"image\":{\"@id\":\"https:\\\/\\\/adexa.ee\\\/toode\\\/riiul-4-tasandit-1000-kg-1800x600x1800mm-kroomitud-traat-adexa-wh18060180a4c\\\/#primaryimage\"},\"thumbnailUrl\":\"https:\\\/\\\/adexa.ee\\\/wp-content\\\/uploads\\\/2025\\\/01\\\/CR-150-60.jpg\",\"datePublished\":\"2026-04-01T08:45:49+00:00\",\"breadcrumb\":{\"@id\":\"https:\\\/\\\/adexa.ee\\\/toode\\\/riiul-4-tasandit-1000-kg-1800x600x1800mm-kroomitud-traat-adexa-wh18060180a4c\\\/#breadcrumb\"},\"inLanguage\":\"en-US\",\"potentialAction\":[{\"@type\":\"ReadAction\",\"target\":[\"https:\\\/\\\/adexa.ee\\\/toode\\\/riiul-4-tasandit-1000-kg-1800x600x1800mm-kroomitud-traat-adexa-wh18060180a4c\\\/\"]}]},{\"@type\":\"ImageObject\",\"inLanguage\":\"en-US\",\"@id\":\"https:\\\/\\\/adexa.ee\\\/toode\\\/riiul-4-tasandit-1000-kg-1800x600x1800mm-kroomitud-traat-adexa-wh18060180a4c\\\/#primaryimage\",\"url\":\"https:\\\/\\\/adexa.ee\\\/wp-content\\\/uploads\\\/2025\\\/01\\\/CR-150-60.jpg\",\"contentUrl\":\"https:\\\/\\\/adexa.ee\\\/wp-content\\\/uploads\\\/2025\\\/01\\\/CR-150-60.jpg\",\"width\":1200,\"height\":1200},{\"@type\":\"BreadcrumbList\",\"@id\":\"https:\\\/\\\/adexa.ee\\\/toode\\\/riiul-4-tasandit-1000-kg-1800x600x1800mm-kroomitud-traat-adexa-wh18060180a4c\\\/#breadcrumb\",\"itemListElement\":[{\"@type\":\"ListItem\",\"position\":1,\"name\":\"Home\",\"item\":\"https:\\\/\\\/adexa.ee\\\/\"},{\"@type\":\"ListItem\",\"position\":2,\"name\":\"Tooted\",\"item\":\"https:\\\/\\\/adexa.ee\\\/pood\\\/\"},{\"@type\":\"ListItem\",\"position\":3,\"name\":\"Riiul 4 tasandit 1000 kg 1800x600x1800mm kroomitud traat | Adexa WH18060180A4C\"}]},{\"@type\":\"WebSite\",\"@id\":\"https:\\\/\\\/adexa.ee\\\/#website\",\"url\":\"https:\\\/\\\/adexa.ee\\\/\",\"name\":\"Adexa\",\"description\":\"\",\"publisher\":{\"@id\":\"https:\\\/\\\/adexa.ee\\\/#organization\"},\"potentialAction\":[{\"@type\":\"SearchAction\",\"target\":{\"@type\":\"EntryPoint\",\"urlTemplate\":\"https:\\\/\\\/adexa.ee\\\/?s={search_term_string}\"},\"query-input\":{\"@type\":\"PropertyValueSpecification\",\"valueRequired\":true,\"valueName\":\"search_term_string\"}}],\"inLanguage\":\"en-US\"},{\"@type\":\"Organization\",\"@id\":\"https:\\\/\\\/adexa.ee\\\/#organization\",\"name\":\"Adexa\",\"url\":\"https:\\\/\\\/adexa.ee\\\/\",\"logo\":{\"@type\":\"ImageObject\",\"inLanguage\":\"en-US\",\"@id\":\"https:\\\/\\\/adexa.ee\\\/#\\\/schema\\\/logo\\\/image\\\/\",\"url\":\"https:\\\/\\\/adexa.ee\\\/wp-content\\\/uploads\\\/2024\\\/04\\\/chef-cooks-working-in-professional-kitchen-2023-11-27-05-07-39-utc-scaled.jpg\",\"contentUrl\":\"https:\\\/\\\/adexa.ee\\\/wp-content\\\/uploads\\\/2024\\\/04\\\/chef-cooks-working-in-professional-kitchen-2023-11-27-05-07-39-utc-scaled.jpg\",\"width\":2560,\"height\":1708,\"caption\":\"Adexa\"},\"image\":{\"@id\":\"https:\\\/\\\/adexa.ee\\\/#\\\/schema\\\/logo\\\/image\\\/\"}}]}<\/script>\n<!-- \/ Yoast SEO plugin. -->","yoast_head_json":{"title":"Riiul 4 tasandit 1000 kg 1800x600x1800mm kroomitud traat | Adexa WH18060180A4C - Adexa \u2013 Suurk\u00f6\u00f6giseadmed restoranidele ja toitlustusele","robots":{"index":"index","follow":"follow","max-snippet":"max-snippet:-1","max-image-preview":"max-image-preview:large","max-video-preview":"max-video-preview:-1"},"canonical":"https:\/\/adexa.ee\/toode\/riiul-4-tasandit-1000-kg-1800x600x1800mm-kroomitud-traat-adexa-wh18060180a4c\/","og_locale":"en_US","og_type":"article","og_title":"Riiul 4 tasandit 1000 kg 1800x600x1800mm kroomitud traat | Adexa WH18060180A4C - Adexa \u2013 Suurk\u00f6\u00f6giseadmed restoranidele ja toitlustusele","og_description":"Raskeks professionaalseks toitlustusotstarbeks m\u00f5eldud kroomitud riiulikomplekt s\u00e4\u00e4stab ruumi ja korrastab ladustamisalasid teie restoranis, hotellis, baaris v\u00f5i laos. Reguleeritavad jalad Maksimaalne","og_url":"https:\/\/adexa.ee\/toode\/riiul-4-tasandit-1000-kg-1800x600x1800mm-kroomitud-traat-adexa-wh18060180a4c\/","og_site_name":"Adexa \u2013 Suurk\u00f6\u00f6giseadmed restoranidele ja toitlustusele","og_image":[{"width":1200,"height":1200,"url":"https:\/\/adexa.ee\/wp-content\/uploads\/2025\/01\/CR-150-60.jpg","type":"image\/jpeg"}],"twitter_card":"summary_large_image","schema":{"@context":"https:\/\/schema.org","@graph":[{"@type":"WebPage","@id":"https:\/\/adexa.ee\/toode\/riiul-4-tasandit-1000-kg-1800x600x1800mm-kroomitud-traat-adexa-wh18060180a4c\/","url":"https:\/\/adexa.ee\/toode\/riiul-4-tasandit-1000-kg-1800x600x1800mm-kroomitud-traat-adexa-wh18060180a4c\/","name":"Riiul 4 tasandit 1000 kg 1800x600x1800mm kroomitud traat | Adexa WH18060180A4C - Adexa \u2013 Suurk\u00f6\u00f6giseadmed restoranidele ja toitlustusele","isPartOf":{"@id":"https:\/\/adexa.ee\/#website"},"primaryImageOfPage":{"@id":"https:\/\/adexa.ee\/toode\/riiul-4-tasandit-1000-kg-1800x600x1800mm-kroomitud-traat-adexa-wh18060180a4c\/#primaryimage"},"image":{"@id":"https:\/\/adexa.ee\/toode\/riiul-4-tasandit-1000-kg-1800x600x1800mm-kroomitud-traat-adexa-wh18060180a4c\/#primaryimage"},"thumbnailUrl":"https:\/\/adexa.ee\/wp-content\/uploads\/2025\/01\/CR-150-60.jpg","datePublished":"2026-04-01T08:45:49+00:00","breadcrumb":{"@id":"https:\/\/adexa.ee\/toode\/riiul-4-tasandit-1000-kg-1800x600x1800mm-kroomitud-traat-adexa-wh18060180a4c\/#breadcrumb"},"inLanguage":"en-US","potentialAction":[{"@type":"ReadAction","target":["https:\/\/adexa.ee\/toode\/riiul-4-tasandit-1000-kg-1800x600x1800mm-kroomitud-traat-adexa-wh18060180a4c\/"]}]},{"@type":"ImageObject","inLanguage":"en-US","@id":"https:\/\/adexa.ee\/toode\/riiul-4-tasandit-1000-kg-1800x600x1800mm-kroomitud-traat-adexa-wh18060180a4c\/#primaryimage","url":"https:\/\/adexa.ee\/wp-content\/uploads\/2025\/01\/CR-150-60.jpg","contentUrl":"https:\/\/adexa.ee\/wp-content\/uploads\/2025\/01\/CR-150-60.jpg","width":1200,"height":1200},{"@type":"BreadcrumbList","@id":"https:\/\/adexa.ee\/toode\/riiul-4-tasandit-1000-kg-1800x600x1800mm-kroomitud-traat-adexa-wh18060180a4c\/#breadcrumb","itemListElement":[{"@type":"ListItem","position":1,"name":"Home","item":"https:\/\/adexa.ee\/"},{"@type":"ListItem","position":2,"name":"Tooted","item":"https:\/\/adexa.ee\/pood\/"},{"@type":"ListItem","position":3,"name":"Riiul 4 tasandit 1000 kg 1800x600x1800mm kroomitud traat | Adexa WH18060180A4C"}]},{"@type":"WebSite","@id":"https:\/\/adexa.ee\/#website","url":"https:\/\/adexa.ee\/","name":"Adexa","description":"","publisher":{"@id":"https:\/\/adexa.ee\/#organization"},"potentialAction":[{"@type":"SearchAction","target":{"@type":"EntryPoint","urlTemplate":"https:\/\/adexa.ee\/?s={search_term_string}"},"query-input":{"@type":"PropertyValueSpecification","valueRequired":true,"valueName":"search_term_string"}}],"inLanguage":"en-US"},{"@type":"Organization","@id":"https:\/\/adexa.ee\/#organization","name":"Adexa","url":"https:\/\/adexa.ee\/","logo":{"@type":"ImageObject","inLanguage":"en-US","@id":"https:\/\/adexa.ee\/#\/schema\/logo\/image\/","url":"https:\/\/adexa.ee\/wp-content\/uploads\/2024\/04\/chef-cooks-working-in-professional-kitchen-2023-11-27-05-07-39-utc-scaled.jpg","contentUrl":"https:\/\/adexa.ee\/wp-content\/uploads\/2024\/04\/chef-cooks-working-in-professional-kitchen-2023-11-27-05-07-39-utc-scaled.jpg","width":2560,"height":1708,"caption":"Adexa"},"image":{"@id":"https:\/\/adexa.ee\/#\/schema\/logo\/image\/"}}]}},"_links":{"self":[{"href":"https:\/\/adexa.ee\/en\/wp-json\/wp\/v2\/product\/31272","targetHints":{"allow":["GET"]}}],"collection":[{"href":"https:\/\/adexa.ee\/en\/wp-json\/wp\/v2\/product"}],"about":[{"href":"https:\/\/adexa.ee\/en\/wp-json\/wp\/v2\/types\/product"}],"wp:featuredmedia":[{"embeddable":true,"href":"https:\/\/adexa.ee\/en\/wp-json\/wp\/v2\/media\/31274"}],"wp:attachment":[{"href":"https:\/\/adexa.ee\/en\/wp-json\/wp\/v2\/media?parent=31272"}],"wp:term":[{"taxonomy":"product_brand","embeddable":true,"href":"https:\/\/adexa.ee\/en\/wp-json\/wp\/v2\/product_brand?post=31272"},{"taxonomy":"product_cat","embeddable":true,"href":"https:\/\/adexa.ee\/en\/wp-json\/wp\/v2\/product_cat?post=31272"},{"taxonomy":"product_tag","embeddable":true,"href":"https:\/\/adexa.ee\/en\/wp-json\/wp\/v2\/product_tag?post=31272"}],"curies":[{"name":"wp","href":"https:\/\/api.w.org\/{rel}","templated":true}]}}