{"id":31324,"date":"2026-03-26T11:05:51","date_gmt":"2026-03-26T09:05:51","guid":{"rendered":"https:\/\/adexa.ee\/toode\/kaubanduslik-roostevabast-terasest-nurgatoolaud-900x900x700x700x900mm-adexa-cwtb1070s\/"},"modified":"2026-03-26T11:05:57","modified_gmt":"2026-03-26T09:05:57","slug":"kaubanduslik-roostevabast-terasest-nurgatoolaud-900x900x700x700x900mm-adexa-cwtb1070s","status":"publish","type":"product","link":"https:\/\/adexa.ee\/en\/toode\/kaubanduslik-roostevabast-terasest-nurgatoolaud-900x900x700x700x900mm-adexa-cwtb1070s\/","title":{"rendered":"Kaubanduslik roostevabast terasest nurgat\u00f6\u00f6laud 900x900x700x700x900mm | Adexa CWTB1070S"},"content":{"rendered":"<p>See nurgat\u00f6\u00f6laud on loodud ilma kaitseservata, pakkudes avarat t\u00f6\u00f6pinda erinevateks \u00fclesanneteks k\u00f6\u00f6gis. Valmistatud vastupidavast roostevabast terasest, see annab vastupidavuse ja pikaealisuse. Ruudukujulised jalad pakuvad tugevat tuge ning selle kompaktne, ruumis\u00e4\u00e4stlik disain sobib ideaalselt nurkadesse, muutes selle ideaalseks lahenduseks v\u00e4ikeste k\u00f6\u00f6kide jaoks. Kasutatakse kas toiduvalmistamiseks v\u00f5i \u00fcldiseks t\u00f6\u00f6ruumiks, pakub see praktilist ja vastupidavat lahendust professionaalsetele k\u00f6\u00f6kidele.<\/p>\n<table style=\"border-collapse: collapse; width: 100%; text-align: left;\">\n<tbody>\n<tr>\n<td style=\"border: 1px solid #ddd; padding: 8px; width: 45%;\"><strong>S\u00fcgavus<\/strong><\/td>\n<td style=\"border: 1px solid #ddd; padding: 8px;\">900mm<\/td>\n<\/tr>\n<tr>\n<td style=\"border: 1px solid #ddd; padding: 8px; width: 45%;\"><strong>K\u00f5rgus<\/strong><\/td>\n<td style=\"border: 1px solid #ddd; padding: 8px;\">900mm<\/td>\n<\/tr>\n<tr>\n<td style=\"border: 1px solid #ddd; padding: 8px; width: 45%;\"><strong>Laius<\/strong><\/td>\n<td style=\"border: 1px solid #ddd; padding: 8px;\">900mm<\/td>\n<\/tr>\n<tr>\n<td style=\"border: 1px solid #ddd; padding: 8px; width: 45%;\"><strong>Kaal<\/strong><\/td>\n<td style=\"border: 1px solid #ddd; padding: 8px;\">19,2 kg<\/td>\n<\/tr>\n<tr>\n<td style=\"border: 1px solid #ddd; padding: 8px; width: 45%;\"><strong>Garantii<\/strong><\/td>\n<td style=\"border: 1px solid #ddd; padding: 8px;\">12 kuu varuosade garantii<\/td>\n<\/tr>\n<tr>\n<td style=\"border: 1px solid #ddd; padding: 8px; width: 45%;\"><strong>Alumine riiul<\/strong><\/td>\n<td style=\"border: 1px solid #ddd; padding: 8px;\">Jah<\/td>\n<\/tr>\n<tr>\n<td style=\"border: 1px solid #ddd; padding: 8px; width: 45%;\"><strong>Materjal<\/strong><\/td>\n<td style=\"border: 1px solid #ddd; padding: 8px;\">Roostevaba teras<\/td>\n<\/tr>\n<tr>\n<td style=\"border: 1px solid #ddd; padding: 8px; width: 45%;\"><strong>Pritsekaitse<\/strong><\/td>\n<td style=\"border: 1px solid #ddd; padding: 8px;\">Ei<\/td>\n<\/tr>\n<tr>\n<td style=\"border: 1px solid #ddd; padding: 8px; width: 45%;\"><strong>Laius (sisemine)<\/strong><\/td>\n<td style=\"border: 1px solid #ddd; padding: 8px;\">700 mm (esik\u00fcljed)<\/td>\n<\/tr>\n<\/tbody>\n<\/table>\n","protected":false},"excerpt":{"rendered":"<p>See nurgat\u00f6\u00f6laud on loodud ilma kaitseservata, pakkudes avarat t\u00f6\u00f6pinda erinevateks \u00fclesanneteks k\u00f6\u00f6gis. Valmistatud vastupidavast roostevabast terasest, see annab vastupidavuse ja<\/p>\n","protected":false},"featured_media":11421,"template":"","meta":[],"product_brand":[],"product_cat":[731,572,592],"product_tag":[],"class_list":{"0":"post-31324","1":"product","2":"type-product","3":"status-publish","4":"has-post-thumbnail","6":"product_cat-nurgalauad","7":"product_cat-roostevabad-tooted","8":"product_cat-toolauad","10":"first","11":"instock","12":"sale","13":"taxable","14":"shipping-taxable","15":"purchasable","16":"product-type-simple"},"yoast_head":"<!-- This site is optimized with the Yoast SEO plugin v27.3 - https:\/\/yoast.com\/product\/yoast-seo-wordpress\/ -->\n<title>Kaubanduslik roostevabast terasest nurgat\u00f6\u00f6laud 900x900x700x700x900mm | Adexa CWTB1070S - Adexa \u2013 Suurk\u00f6\u00f6giseadmed restoranidele ja toitlustusele<\/title>\n<meta name=\"robots\" content=\"index, follow, max-snippet:-1, max-image-preview:large, max-video-preview:-1\" \/>\n<link rel=\"canonical\" href=\"https:\/\/adexa.ee\/toode\/kaubanduslik-roostevabast-terasest-nurgatoolaud-900x900x700x700x900mm-adexa-cwtb1070s\/\" \/>\n<meta property=\"og:locale\" content=\"en_US\" \/>\n<meta property=\"og:type\" content=\"article\" \/>\n<meta property=\"og:title\" content=\"Kaubanduslik roostevabast terasest nurgat\u00f6\u00f6laud 900x900x700x700x900mm | Adexa CWTB1070S - Adexa \u2013 Suurk\u00f6\u00f6giseadmed restoranidele ja toitlustusele\" \/>\n<meta property=\"og:description\" content=\"See nurgat\u00f6\u00f6laud on loodud ilma kaitseservata, pakkudes avarat t\u00f6\u00f6pinda erinevateks \u00fclesanneteks k\u00f6\u00f6gis. Valmistatud vastupidavast roostevabast terasest, see annab vastupidavuse ja\" \/>\n<meta property=\"og:url\" content=\"https:\/\/adexa.ee\/toode\/kaubanduslik-roostevabast-terasest-nurgatoolaud-900x900x700x700x900mm-adexa-cwtb1070s\/\" \/>\n<meta property=\"og:site_name\" content=\"Adexa \u2013 Suurk\u00f6\u00f6giseadmed restoranidele ja toitlustusele\" \/>\n<meta property=\"article:modified_time\" content=\"2026-03-26T09:05:57+00:00\" \/>\n<meta property=\"og:image\" content=\"https:\/\/adexa.ee\/wp-content\/uploads\/2024\/12\/CWT1060S-CWT1070S.jpg\" \/>\n\t<meta property=\"og:image:width\" content=\"2000\" \/>\n\t<meta property=\"og:image:height\" content=\"2000\" \/>\n\t<meta property=\"og:image:type\" content=\"image\/jpeg\" \/>\n<meta name=\"twitter:card\" content=\"summary_large_image\" \/>\n<script type=\"application\/ld+json\" class=\"yoast-schema-graph\">{\"@context\":\"https:\\\/\\\/schema.org\",\"@graph\":[{\"@type\":\"WebPage\",\"@id\":\"https:\\\/\\\/adexa.ee\\\/toode\\\/kaubanduslik-roostevabast-terasest-nurgatoolaud-900x900x700x700x900mm-adexa-cwtb1070s\\\/\",\"url\":\"https:\\\/\\\/adexa.ee\\\/toode\\\/kaubanduslik-roostevabast-terasest-nurgatoolaud-900x900x700x700x900mm-adexa-cwtb1070s\\\/\",\"name\":\"Kaubanduslik roostevabast terasest nurgat\u00f6\u00f6laud 900x900x700x700x900mm | Adexa CWTB1070S - Adexa \u2013 Suurk\u00f6\u00f6giseadmed restoranidele ja toitlustusele\",\"isPartOf\":{\"@id\":\"https:\\\/\\\/adexa.ee\\\/#website\"},\"primaryImageOfPage\":{\"@id\":\"https:\\\/\\\/adexa.ee\\\/toode\\\/kaubanduslik-roostevabast-terasest-nurgatoolaud-900x900x700x700x900mm-adexa-cwtb1070s\\\/#primaryimage\"},\"image\":{\"@id\":\"https:\\\/\\\/adexa.ee\\\/toode\\\/kaubanduslik-roostevabast-terasest-nurgatoolaud-900x900x700x700x900mm-adexa-cwtb1070s\\\/#primaryimage\"},\"thumbnailUrl\":\"https:\\\/\\\/adexa.ee\\\/wp-content\\\/uploads\\\/2024\\\/12\\\/CWT1060S-CWT1070S.jpg\",\"datePublished\":\"2026-03-26T09:05:51+00:00\",\"dateModified\":\"2026-03-26T09:05:57+00:00\",\"breadcrumb\":{\"@id\":\"https:\\\/\\\/adexa.ee\\\/toode\\\/kaubanduslik-roostevabast-terasest-nurgatoolaud-900x900x700x700x900mm-adexa-cwtb1070s\\\/#breadcrumb\"},\"inLanguage\":\"en-US\",\"potentialAction\":[{\"@type\":\"ReadAction\",\"target\":[\"https:\\\/\\\/adexa.ee\\\/toode\\\/kaubanduslik-roostevabast-terasest-nurgatoolaud-900x900x700x700x900mm-adexa-cwtb1070s\\\/\"]}]},{\"@type\":\"ImageObject\",\"inLanguage\":\"en-US\",\"@id\":\"https:\\\/\\\/adexa.ee\\\/toode\\\/kaubanduslik-roostevabast-terasest-nurgatoolaud-900x900x700x700x900mm-adexa-cwtb1070s\\\/#primaryimage\",\"url\":\"https:\\\/\\\/adexa.ee\\\/wp-content\\\/uploads\\\/2024\\\/12\\\/CWT1060S-CWT1070S.jpg\",\"contentUrl\":\"https:\\\/\\\/adexa.ee\\\/wp-content\\\/uploads\\\/2024\\\/12\\\/CWT1060S-CWT1070S.jpg\",\"width\":2000,\"height\":2000},{\"@type\":\"BreadcrumbList\",\"@id\":\"https:\\\/\\\/adexa.ee\\\/toode\\\/kaubanduslik-roostevabast-terasest-nurgatoolaud-900x900x700x700x900mm-adexa-cwtb1070s\\\/#breadcrumb\",\"itemListElement\":[{\"@type\":\"ListItem\",\"position\":1,\"name\":\"Home\",\"item\":\"https:\\\/\\\/adexa.ee\\\/\"},{\"@type\":\"ListItem\",\"position\":2,\"name\":\"Tooted\",\"item\":\"https:\\\/\\\/adexa.ee\\\/pood\\\/\"},{\"@type\":\"ListItem\",\"position\":3,\"name\":\"Kaubanduslik roostevabast terasest nurgat\u00f6\u00f6laud 900x900x700x700x900mm | Adexa CWTB1070S\"}]},{\"@type\":\"WebSite\",\"@id\":\"https:\\\/\\\/adexa.ee\\\/#website\",\"url\":\"https:\\\/\\\/adexa.ee\\\/\",\"name\":\"Adexa\",\"description\":\"\",\"publisher\":{\"@id\":\"https:\\\/\\\/adexa.ee\\\/#organization\"},\"potentialAction\":[{\"@type\":\"SearchAction\",\"target\":{\"@type\":\"EntryPoint\",\"urlTemplate\":\"https:\\\/\\\/adexa.ee\\\/?s={search_term_string}\"},\"query-input\":{\"@type\":\"PropertyValueSpecification\",\"valueRequired\":true,\"valueName\":\"search_term_string\"}}],\"inLanguage\":\"en-US\"},{\"@type\":\"Organization\",\"@id\":\"https:\\\/\\\/adexa.ee\\\/#organization\",\"name\":\"Adexa\",\"url\":\"https:\\\/\\\/adexa.ee\\\/\",\"logo\":{\"@type\":\"ImageObject\",\"inLanguage\":\"en-US\",\"@id\":\"https:\\\/\\\/adexa.ee\\\/#\\\/schema\\\/logo\\\/image\\\/\",\"url\":\"https:\\\/\\\/adexa.ee\\\/wp-content\\\/uploads\\\/2024\\\/04\\\/chef-cooks-working-in-professional-kitchen-2023-11-27-05-07-39-utc-scaled.jpg\",\"contentUrl\":\"https:\\\/\\\/adexa.ee\\\/wp-content\\\/uploads\\\/2024\\\/04\\\/chef-cooks-working-in-professional-kitchen-2023-11-27-05-07-39-utc-scaled.jpg\",\"width\":2560,\"height\":1708,\"caption\":\"Adexa\"},\"image\":{\"@id\":\"https:\\\/\\\/adexa.ee\\\/#\\\/schema\\\/logo\\\/image\\\/\"}}]}<\/script>\n<!-- \/ Yoast SEO plugin. -->","yoast_head_json":{"title":"Kaubanduslik roostevabast terasest nurgat\u00f6\u00f6laud 900x900x700x700x900mm | Adexa CWTB1070S - Adexa \u2013 Suurk\u00f6\u00f6giseadmed restoranidele ja toitlustusele","robots":{"index":"index","follow":"follow","max-snippet":"max-snippet:-1","max-image-preview":"max-image-preview:large","max-video-preview":"max-video-preview:-1"},"canonical":"https:\/\/adexa.ee\/toode\/kaubanduslik-roostevabast-terasest-nurgatoolaud-900x900x700x700x900mm-adexa-cwtb1070s\/","og_locale":"en_US","og_type":"article","og_title":"Kaubanduslik roostevabast terasest nurgat\u00f6\u00f6laud 900x900x700x700x900mm | Adexa CWTB1070S - Adexa \u2013 Suurk\u00f6\u00f6giseadmed restoranidele ja toitlustusele","og_description":"See nurgat\u00f6\u00f6laud on loodud ilma kaitseservata, pakkudes avarat t\u00f6\u00f6pinda erinevateks \u00fclesanneteks k\u00f6\u00f6gis. Valmistatud vastupidavast roostevabast terasest, see annab vastupidavuse ja","og_url":"https:\/\/adexa.ee\/toode\/kaubanduslik-roostevabast-terasest-nurgatoolaud-900x900x700x700x900mm-adexa-cwtb1070s\/","og_site_name":"Adexa \u2013 Suurk\u00f6\u00f6giseadmed restoranidele ja toitlustusele","article_modified_time":"2026-03-26T09:05:57+00:00","og_image":[{"width":2000,"height":2000,"url":"https:\/\/adexa.ee\/wp-content\/uploads\/2024\/12\/CWT1060S-CWT1070S.jpg","type":"image\/jpeg"}],"twitter_card":"summary_large_image","schema":{"@context":"https:\/\/schema.org","@graph":[{"@type":"WebPage","@id":"https:\/\/adexa.ee\/toode\/kaubanduslik-roostevabast-terasest-nurgatoolaud-900x900x700x700x900mm-adexa-cwtb1070s\/","url":"https:\/\/adexa.ee\/toode\/kaubanduslik-roostevabast-terasest-nurgatoolaud-900x900x700x700x900mm-adexa-cwtb1070s\/","name":"Kaubanduslik roostevabast terasest nurgat\u00f6\u00f6laud 900x900x700x700x900mm | Adexa CWTB1070S - Adexa \u2013 Suurk\u00f6\u00f6giseadmed restoranidele ja toitlustusele","isPartOf":{"@id":"https:\/\/adexa.ee\/#website"},"primaryImageOfPage":{"@id":"https:\/\/adexa.ee\/toode\/kaubanduslik-roostevabast-terasest-nurgatoolaud-900x900x700x700x900mm-adexa-cwtb1070s\/#primaryimage"},"image":{"@id":"https:\/\/adexa.ee\/toode\/kaubanduslik-roostevabast-terasest-nurgatoolaud-900x900x700x700x900mm-adexa-cwtb1070s\/#primaryimage"},"thumbnailUrl":"https:\/\/adexa.ee\/wp-content\/uploads\/2024\/12\/CWT1060S-CWT1070S.jpg","datePublished":"2026-03-26T09:05:51+00:00","dateModified":"2026-03-26T09:05:57+00:00","breadcrumb":{"@id":"https:\/\/adexa.ee\/toode\/kaubanduslik-roostevabast-terasest-nurgatoolaud-900x900x700x700x900mm-adexa-cwtb1070s\/#breadcrumb"},"inLanguage":"en-US","potentialAction":[{"@type":"ReadAction","target":["https:\/\/adexa.ee\/toode\/kaubanduslik-roostevabast-terasest-nurgatoolaud-900x900x700x700x900mm-adexa-cwtb1070s\/"]}]},{"@type":"ImageObject","inLanguage":"en-US","@id":"https:\/\/adexa.ee\/toode\/kaubanduslik-roostevabast-terasest-nurgatoolaud-900x900x700x700x900mm-adexa-cwtb1070s\/#primaryimage","url":"https:\/\/adexa.ee\/wp-content\/uploads\/2024\/12\/CWT1060S-CWT1070S.jpg","contentUrl":"https:\/\/adexa.ee\/wp-content\/uploads\/2024\/12\/CWT1060S-CWT1070S.jpg","width":2000,"height":2000},{"@type":"BreadcrumbList","@id":"https:\/\/adexa.ee\/toode\/kaubanduslik-roostevabast-terasest-nurgatoolaud-900x900x700x700x900mm-adexa-cwtb1070s\/#breadcrumb","itemListElement":[{"@type":"ListItem","position":1,"name":"Home","item":"https:\/\/adexa.ee\/"},{"@type":"ListItem","position":2,"name":"Tooted","item":"https:\/\/adexa.ee\/pood\/"},{"@type":"ListItem","position":3,"name":"Kaubanduslik roostevabast terasest nurgat\u00f6\u00f6laud 900x900x700x700x900mm | Adexa CWTB1070S"}]},{"@type":"WebSite","@id":"https:\/\/adexa.ee\/#website","url":"https:\/\/adexa.ee\/","name":"Adexa","description":"","publisher":{"@id":"https:\/\/adexa.ee\/#organization"},"potentialAction":[{"@type":"SearchAction","target":{"@type":"EntryPoint","urlTemplate":"https:\/\/adexa.ee\/?s={search_term_string}"},"query-input":{"@type":"PropertyValueSpecification","valueRequired":true,"valueName":"search_term_string"}}],"inLanguage":"en-US"},{"@type":"Organization","@id":"https:\/\/adexa.ee\/#organization","name":"Adexa","url":"https:\/\/adexa.ee\/","logo":{"@type":"ImageObject","inLanguage":"en-US","@id":"https:\/\/adexa.ee\/#\/schema\/logo\/image\/","url":"https:\/\/adexa.ee\/wp-content\/uploads\/2024\/04\/chef-cooks-working-in-professional-kitchen-2023-11-27-05-07-39-utc-scaled.jpg","contentUrl":"https:\/\/adexa.ee\/wp-content\/uploads\/2024\/04\/chef-cooks-working-in-professional-kitchen-2023-11-27-05-07-39-utc-scaled.jpg","width":2560,"height":1708,"caption":"Adexa"},"image":{"@id":"https:\/\/adexa.ee\/#\/schema\/logo\/image\/"}}]}},"_links":{"self":[{"href":"https:\/\/adexa.ee\/en\/wp-json\/wp\/v2\/product\/31324","targetHints":{"allow":["GET"]}}],"collection":[{"href":"https:\/\/adexa.ee\/en\/wp-json\/wp\/v2\/product"}],"about":[{"href":"https:\/\/adexa.ee\/en\/wp-json\/wp\/v2\/types\/product"}],"wp:featuredmedia":[{"embeddable":true,"href":"https:\/\/adexa.ee\/en\/wp-json\/wp\/v2\/media\/11421"}],"wp:attachment":[{"href":"https:\/\/adexa.ee\/en\/wp-json\/wp\/v2\/media?parent=31324"}],"wp:term":[{"taxonomy":"product_brand","embeddable":true,"href":"https:\/\/adexa.ee\/en\/wp-json\/wp\/v2\/product_brand?post=31324"},{"taxonomy":"product_cat","embeddable":true,"href":"https:\/\/adexa.ee\/en\/wp-json\/wp\/v2\/product_cat?post=31324"},{"taxonomy":"product_tag","embeddable":true,"href":"https:\/\/adexa.ee\/en\/wp-json\/wp\/v2\/product_tag?post=31324"}],"curies":[{"name":"wp","href":"https:\/\/api.w.org\/{rel}","templated":true}]}}