{"id":31332,"date":"2026-03-26T11:05:57","date_gmt":"2026-03-26T09:05:57","guid":{"rendered":"https:\/\/adexa.ee\/toode\/kommertslik-roostevabast-terasest-nurgatoolaud-pritsmekaitsega-900x900x700x700x900mm-adexa-cwtb1070sb\/"},"modified":"2026-03-26T11:05:59","modified_gmt":"2026-03-26T09:05:59","slug":"roostevabast-terasest-nurgatoolaud-pritsmekaitsega-900x900x700x700x900mm-adexa-cwtb1070sb","status":"publish","type":"product","link":"https:\/\/adexa.ee\/en\/toode\/roostevabast-terasest-nurgatoolaud-pritsmekaitsega-900x900x700x700x900mm-adexa-cwtb1070sb\/","title":{"rendered":"Roostevabast terasest nurgat\u00f6\u00f6laud pritsmekaitsega 900x900x700x700x900mm | Adexa CWTB1070SB"},"content":{"rendered":"<p>See nurgat\u00f6\u00f6laud on disainitud pritsmekaitsega, pakkudes kaitsebarj\u00e4\u00e4ri seinte puhtana ja kuivana hoidmiseks. Valmistatud k\u00f5rgekvaliteedilisest roostevabast terasest, pakkudes tugevust ja vastupidavust n\u00f5udlikes k\u00f6\u00f6gikeskkondades. Ruudukujulised jalad tagavad tugeva toe ning selle ruumis\u00e4\u00e4stlik disain sobib ideaalselt nurkadesse, maksimeerides saadavalolevat t\u00f6\u00f6ruumi. Pritsmekaitse lisamine kindlustab, et vedelikud ja toiduosakesed p\u00fcsivad paigal, muutes selle praktiliseks valikuks kommertsk\u00f6\u00f6kidele v\u00f5i k\u00f5rgete h\u00fcgieenistandarditega aladele.<\/p>\n<table style=\"border-collapse: collapse; width: 100%; text-align: left;\">\n<tbody>\n<tr>\n<td style=\"border: 1px solid #ddd; padding: 8px; width: 45%;\"><strong>S\u00fcgavus<\/strong><\/td>\n<td style=\"border: 1px solid #ddd; padding: 8px;\">900mm<\/td>\n<\/tr>\n<tr>\n<td style=\"border: 1px solid #ddd; padding: 8px; width: 45%;\"><strong>K\u00f5rgus<\/strong><\/td>\n<td style=\"border: 1px solid #ddd; padding: 8px;\">900mm<\/td>\n<\/tr>\n<tr>\n<td style=\"border: 1px solid #ddd; padding: 8px; width: 45%;\"><strong>Laius<\/strong><\/td>\n<td style=\"border: 1px solid #ddd; padding: 8px;\">900mm<\/td>\n<\/tr>\n<tr>\n<td style=\"border: 1px solid #ddd; padding: 8px; width: 45%;\"><strong>Kaal<\/strong><\/td>\n<td style=\"border: 1px solid #ddd; padding: 8px;\">21,2 kg<\/td>\n<\/tr>\n<tr>\n<td style=\"border: 1px solid #ddd; padding: 8px; width: 45%;\"><strong>Garantii<\/strong><\/td>\n<td style=\"border: 1px solid #ddd; padding: 8px;\">12 kuu varuosade garantii<\/td>\n<\/tr>\n<tr>\n<td style=\"border: 1px solid #ddd; padding: 8px; width: 45%;\"><strong>Alumine riiul<\/strong><\/td>\n<td style=\"border: 1px solid #ddd; padding: 8px;\">Jah<\/td>\n<\/tr>\n<tr>\n<td style=\"border: 1px solid #ddd; padding: 8px; width: 45%;\"><strong>Materjal<\/strong><\/td>\n<td style=\"border: 1px solid #ddd; padding: 8px;\">Roostevaba teras<\/td>\n<\/tr>\n<tr>\n<td style=\"border: 1px solid #ddd; padding: 8px; width: 45%;\"><strong>Pritsekaitse<\/strong><\/td>\n<td style=\"border: 1px solid #ddd; padding: 8px;\">Jah<\/td>\n<\/tr>\n<tr>\n<td style=\"border: 1px solid #ddd; padding: 8px; width: 45%;\"><strong>Laius (sisemine)<\/strong><\/td>\n<td style=\"border: 1px solid #ddd; padding: 8px;\">700 mm (eesk\u00fcljed)<\/td>\n<\/tr>\n<\/tbody>\n<\/table>\n","protected":false},"excerpt":{"rendered":"<p>See nurgat\u00f6\u00f6laud on disainitud pritsmekaitsega, pakkudes kaitsebarj\u00e4\u00e4ri seinte puhtana ja kuivana hoidmiseks. Valmistatud k\u00f5rgekvaliteedilisest roostevabast terasest, pakkudes tugevust ja vastupidavust<\/p>\n","protected":false},"featured_media":31319,"template":"","meta":[],"product_brand":[],"product_cat":[731,572,592],"product_tag":[],"class_list":{"0":"post-31332","1":"product","2":"type-product","3":"status-publish","4":"has-post-thumbnail","6":"product_cat-nurgalauad","7":"product_cat-roostevabad-tooted","8":"product_cat-toolauad","10":"first","11":"instock","12":"sale","13":"taxable","14":"shipping-taxable","15":"purchasable","16":"product-type-simple"},"yoast_head":"<!-- This site is optimized with the Yoast SEO plugin v27.3 - https:\/\/yoast.com\/product\/yoast-seo-wordpress\/ -->\n<title>Roostevabast terasest nurgat\u00f6\u00f6laud pritsmekaitsega 900x900x700x700x900mm | Adexa CWTB1070SB - Adexa \u2013 Suurk\u00f6\u00f6giseadmed restoranidele ja toitlustusele<\/title>\n<meta name=\"robots\" content=\"index, follow, max-snippet:-1, max-image-preview:large, max-video-preview:-1\" \/>\n<link rel=\"canonical\" href=\"https:\/\/adexa.ee\/toode\/roostevabast-terasest-nurgatoolaud-pritsmekaitsega-900x900x700x700x900mm-adexa-cwtb1070sb\/\" \/>\n<meta property=\"og:locale\" content=\"en_US\" \/>\n<meta property=\"og:type\" content=\"article\" \/>\n<meta property=\"og:title\" content=\"Roostevabast terasest nurgat\u00f6\u00f6laud pritsmekaitsega 900x900x700x700x900mm | Adexa CWTB1070SB - Adexa \u2013 Suurk\u00f6\u00f6giseadmed restoranidele ja toitlustusele\" \/>\n<meta property=\"og:description\" content=\"See nurgat\u00f6\u00f6laud on disainitud pritsmekaitsega, pakkudes kaitsebarj\u00e4\u00e4ri seinte puhtana ja kuivana hoidmiseks. Valmistatud k\u00f5rgekvaliteedilisest roostevabast terasest, pakkudes tugevust ja vastupidavust\" \/>\n<meta property=\"og:url\" content=\"https:\/\/adexa.ee\/toode\/roostevabast-terasest-nurgatoolaud-pritsmekaitsega-900x900x700x700x900mm-adexa-cwtb1070sb\/\" \/>\n<meta property=\"og:site_name\" content=\"Adexa \u2013 Suurk\u00f6\u00f6giseadmed restoranidele ja toitlustusele\" \/>\n<meta property=\"article:modified_time\" content=\"2026-03-26T09:05:59+00:00\" \/>\n<meta property=\"og:image\" content=\"https:\/\/adexa.ee\/wp-content\/uploads\/2025\/01\/CWT1060SB-CWT1070SB.jpg\" \/>\n\t<meta property=\"og:image:width\" content=\"2000\" \/>\n\t<meta property=\"og:image:height\" content=\"2000\" \/>\n\t<meta property=\"og:image:type\" content=\"image\/jpeg\" \/>\n<meta name=\"twitter:card\" content=\"summary_large_image\" \/>\n<script type=\"application\/ld+json\" class=\"yoast-schema-graph\">{\"@context\":\"https:\\\/\\\/schema.org\",\"@graph\":[{\"@type\":\"WebPage\",\"@id\":\"https:\\\/\\\/adexa.ee\\\/toode\\\/roostevabast-terasest-nurgatoolaud-pritsmekaitsega-900x900x700x700x900mm-adexa-cwtb1070sb\\\/\",\"url\":\"https:\\\/\\\/adexa.ee\\\/toode\\\/roostevabast-terasest-nurgatoolaud-pritsmekaitsega-900x900x700x700x900mm-adexa-cwtb1070sb\\\/\",\"name\":\"Roostevabast terasest nurgat\u00f6\u00f6laud pritsmekaitsega 900x900x700x700x900mm | Adexa CWTB1070SB - Adexa \u2013 Suurk\u00f6\u00f6giseadmed restoranidele ja toitlustusele\",\"isPartOf\":{\"@id\":\"https:\\\/\\\/adexa.ee\\\/#website\"},\"primaryImageOfPage\":{\"@id\":\"https:\\\/\\\/adexa.ee\\\/toode\\\/roostevabast-terasest-nurgatoolaud-pritsmekaitsega-900x900x700x700x900mm-adexa-cwtb1070sb\\\/#primaryimage\"},\"image\":{\"@id\":\"https:\\\/\\\/adexa.ee\\\/toode\\\/roostevabast-terasest-nurgatoolaud-pritsmekaitsega-900x900x700x700x900mm-adexa-cwtb1070sb\\\/#primaryimage\"},\"thumbnailUrl\":\"https:\\\/\\\/adexa.ee\\\/wp-content\\\/uploads\\\/2025\\\/01\\\/CWT1060SB-CWT1070SB.jpg\",\"datePublished\":\"2026-03-26T09:05:57+00:00\",\"dateModified\":\"2026-03-26T09:05:59+00:00\",\"breadcrumb\":{\"@id\":\"https:\\\/\\\/adexa.ee\\\/toode\\\/roostevabast-terasest-nurgatoolaud-pritsmekaitsega-900x900x700x700x900mm-adexa-cwtb1070sb\\\/#breadcrumb\"},\"inLanguage\":\"en-US\",\"potentialAction\":[{\"@type\":\"ReadAction\",\"target\":[\"https:\\\/\\\/adexa.ee\\\/toode\\\/roostevabast-terasest-nurgatoolaud-pritsmekaitsega-900x900x700x700x900mm-adexa-cwtb1070sb\\\/\"]}]},{\"@type\":\"ImageObject\",\"inLanguage\":\"en-US\",\"@id\":\"https:\\\/\\\/adexa.ee\\\/toode\\\/roostevabast-terasest-nurgatoolaud-pritsmekaitsega-900x900x700x700x900mm-adexa-cwtb1070sb\\\/#primaryimage\",\"url\":\"https:\\\/\\\/adexa.ee\\\/wp-content\\\/uploads\\\/2025\\\/01\\\/CWT1060SB-CWT1070SB.jpg\",\"contentUrl\":\"https:\\\/\\\/adexa.ee\\\/wp-content\\\/uploads\\\/2025\\\/01\\\/CWT1060SB-CWT1070SB.jpg\",\"width\":2000,\"height\":2000},{\"@type\":\"BreadcrumbList\",\"@id\":\"https:\\\/\\\/adexa.ee\\\/toode\\\/roostevabast-terasest-nurgatoolaud-pritsmekaitsega-900x900x700x700x900mm-adexa-cwtb1070sb\\\/#breadcrumb\",\"itemListElement\":[{\"@type\":\"ListItem\",\"position\":1,\"name\":\"Home\",\"item\":\"https:\\\/\\\/adexa.ee\\\/\"},{\"@type\":\"ListItem\",\"position\":2,\"name\":\"Tooted\",\"item\":\"https:\\\/\\\/adexa.ee\\\/pood\\\/\"},{\"@type\":\"ListItem\",\"position\":3,\"name\":\"Roostevabast terasest nurgat\u00f6\u00f6laud pritsmekaitsega 900x900x700x700x900mm | Adexa CWTB1070SB\"}]},{\"@type\":\"WebSite\",\"@id\":\"https:\\\/\\\/adexa.ee\\\/#website\",\"url\":\"https:\\\/\\\/adexa.ee\\\/\",\"name\":\"Adexa\",\"description\":\"\",\"publisher\":{\"@id\":\"https:\\\/\\\/adexa.ee\\\/#organization\"},\"potentialAction\":[{\"@type\":\"SearchAction\",\"target\":{\"@type\":\"EntryPoint\",\"urlTemplate\":\"https:\\\/\\\/adexa.ee\\\/?s={search_term_string}\"},\"query-input\":{\"@type\":\"PropertyValueSpecification\",\"valueRequired\":true,\"valueName\":\"search_term_string\"}}],\"inLanguage\":\"en-US\"},{\"@type\":\"Organization\",\"@id\":\"https:\\\/\\\/adexa.ee\\\/#organization\",\"name\":\"Adexa\",\"url\":\"https:\\\/\\\/adexa.ee\\\/\",\"logo\":{\"@type\":\"ImageObject\",\"inLanguage\":\"en-US\",\"@id\":\"https:\\\/\\\/adexa.ee\\\/#\\\/schema\\\/logo\\\/image\\\/\",\"url\":\"https:\\\/\\\/adexa.ee\\\/wp-content\\\/uploads\\\/2024\\\/04\\\/chef-cooks-working-in-professional-kitchen-2023-11-27-05-07-39-utc-scaled.jpg\",\"contentUrl\":\"https:\\\/\\\/adexa.ee\\\/wp-content\\\/uploads\\\/2024\\\/04\\\/chef-cooks-working-in-professional-kitchen-2023-11-27-05-07-39-utc-scaled.jpg\",\"width\":2560,\"height\":1708,\"caption\":\"Adexa\"},\"image\":{\"@id\":\"https:\\\/\\\/adexa.ee\\\/#\\\/schema\\\/logo\\\/image\\\/\"}}]}<\/script>\n<!-- \/ Yoast SEO plugin. -->","yoast_head_json":{"title":"Roostevabast terasest nurgat\u00f6\u00f6laud pritsmekaitsega 900x900x700x700x900mm | Adexa CWTB1070SB - Adexa \u2013 Suurk\u00f6\u00f6giseadmed restoranidele ja toitlustusele","robots":{"index":"index","follow":"follow","max-snippet":"max-snippet:-1","max-image-preview":"max-image-preview:large","max-video-preview":"max-video-preview:-1"},"canonical":"https:\/\/adexa.ee\/toode\/roostevabast-terasest-nurgatoolaud-pritsmekaitsega-900x900x700x700x900mm-adexa-cwtb1070sb\/","og_locale":"en_US","og_type":"article","og_title":"Roostevabast terasest nurgat\u00f6\u00f6laud pritsmekaitsega 900x900x700x700x900mm | Adexa CWTB1070SB - Adexa \u2013 Suurk\u00f6\u00f6giseadmed restoranidele ja toitlustusele","og_description":"See nurgat\u00f6\u00f6laud on disainitud pritsmekaitsega, pakkudes kaitsebarj\u00e4\u00e4ri seinte puhtana ja kuivana hoidmiseks. Valmistatud k\u00f5rgekvaliteedilisest roostevabast terasest, pakkudes tugevust ja vastupidavust","og_url":"https:\/\/adexa.ee\/toode\/roostevabast-terasest-nurgatoolaud-pritsmekaitsega-900x900x700x700x900mm-adexa-cwtb1070sb\/","og_site_name":"Adexa \u2013 Suurk\u00f6\u00f6giseadmed restoranidele ja toitlustusele","article_modified_time":"2026-03-26T09:05:59+00:00","og_image":[{"width":2000,"height":2000,"url":"https:\/\/adexa.ee\/wp-content\/uploads\/2025\/01\/CWT1060SB-CWT1070SB.jpg","type":"image\/jpeg"}],"twitter_card":"summary_large_image","schema":{"@context":"https:\/\/schema.org","@graph":[{"@type":"WebPage","@id":"https:\/\/adexa.ee\/toode\/roostevabast-terasest-nurgatoolaud-pritsmekaitsega-900x900x700x700x900mm-adexa-cwtb1070sb\/","url":"https:\/\/adexa.ee\/toode\/roostevabast-terasest-nurgatoolaud-pritsmekaitsega-900x900x700x700x900mm-adexa-cwtb1070sb\/","name":"Roostevabast terasest nurgat\u00f6\u00f6laud pritsmekaitsega 900x900x700x700x900mm | Adexa CWTB1070SB - Adexa \u2013 Suurk\u00f6\u00f6giseadmed restoranidele ja toitlustusele","isPartOf":{"@id":"https:\/\/adexa.ee\/#website"},"primaryImageOfPage":{"@id":"https:\/\/adexa.ee\/toode\/roostevabast-terasest-nurgatoolaud-pritsmekaitsega-900x900x700x700x900mm-adexa-cwtb1070sb\/#primaryimage"},"image":{"@id":"https:\/\/adexa.ee\/toode\/roostevabast-terasest-nurgatoolaud-pritsmekaitsega-900x900x700x700x900mm-adexa-cwtb1070sb\/#primaryimage"},"thumbnailUrl":"https:\/\/adexa.ee\/wp-content\/uploads\/2025\/01\/CWT1060SB-CWT1070SB.jpg","datePublished":"2026-03-26T09:05:57+00:00","dateModified":"2026-03-26T09:05:59+00:00","breadcrumb":{"@id":"https:\/\/adexa.ee\/toode\/roostevabast-terasest-nurgatoolaud-pritsmekaitsega-900x900x700x700x900mm-adexa-cwtb1070sb\/#breadcrumb"},"inLanguage":"en-US","potentialAction":[{"@type":"ReadAction","target":["https:\/\/adexa.ee\/toode\/roostevabast-terasest-nurgatoolaud-pritsmekaitsega-900x900x700x700x900mm-adexa-cwtb1070sb\/"]}]},{"@type":"ImageObject","inLanguage":"en-US","@id":"https:\/\/adexa.ee\/toode\/roostevabast-terasest-nurgatoolaud-pritsmekaitsega-900x900x700x700x900mm-adexa-cwtb1070sb\/#primaryimage","url":"https:\/\/adexa.ee\/wp-content\/uploads\/2025\/01\/CWT1060SB-CWT1070SB.jpg","contentUrl":"https:\/\/adexa.ee\/wp-content\/uploads\/2025\/01\/CWT1060SB-CWT1070SB.jpg","width":2000,"height":2000},{"@type":"BreadcrumbList","@id":"https:\/\/adexa.ee\/toode\/roostevabast-terasest-nurgatoolaud-pritsmekaitsega-900x900x700x700x900mm-adexa-cwtb1070sb\/#breadcrumb","itemListElement":[{"@type":"ListItem","position":1,"name":"Home","item":"https:\/\/adexa.ee\/"},{"@type":"ListItem","position":2,"name":"Tooted","item":"https:\/\/adexa.ee\/pood\/"},{"@type":"ListItem","position":3,"name":"Roostevabast terasest nurgat\u00f6\u00f6laud pritsmekaitsega 900x900x700x700x900mm | Adexa CWTB1070SB"}]},{"@type":"WebSite","@id":"https:\/\/adexa.ee\/#website","url":"https:\/\/adexa.ee\/","name":"Adexa","description":"","publisher":{"@id":"https:\/\/adexa.ee\/#organization"},"potentialAction":[{"@type":"SearchAction","target":{"@type":"EntryPoint","urlTemplate":"https:\/\/adexa.ee\/?s={search_term_string}"},"query-input":{"@type":"PropertyValueSpecification","valueRequired":true,"valueName":"search_term_string"}}],"inLanguage":"en-US"},{"@type":"Organization","@id":"https:\/\/adexa.ee\/#organization","name":"Adexa","url":"https:\/\/adexa.ee\/","logo":{"@type":"ImageObject","inLanguage":"en-US","@id":"https:\/\/adexa.ee\/#\/schema\/logo\/image\/","url":"https:\/\/adexa.ee\/wp-content\/uploads\/2024\/04\/chef-cooks-working-in-professional-kitchen-2023-11-27-05-07-39-utc-scaled.jpg","contentUrl":"https:\/\/adexa.ee\/wp-content\/uploads\/2024\/04\/chef-cooks-working-in-professional-kitchen-2023-11-27-05-07-39-utc-scaled.jpg","width":2560,"height":1708,"caption":"Adexa"},"image":{"@id":"https:\/\/adexa.ee\/#\/schema\/logo\/image\/"}}]}},"_links":{"self":[{"href":"https:\/\/adexa.ee\/en\/wp-json\/wp\/v2\/product\/31332","targetHints":{"allow":["GET"]}}],"collection":[{"href":"https:\/\/adexa.ee\/en\/wp-json\/wp\/v2\/product"}],"about":[{"href":"https:\/\/adexa.ee\/en\/wp-json\/wp\/v2\/types\/product"}],"wp:featuredmedia":[{"embeddable":true,"href":"https:\/\/adexa.ee\/en\/wp-json\/wp\/v2\/media\/31319"}],"wp:attachment":[{"href":"https:\/\/adexa.ee\/en\/wp-json\/wp\/v2\/media?parent=31332"}],"wp:term":[{"taxonomy":"product_brand","embeddable":true,"href":"https:\/\/adexa.ee\/en\/wp-json\/wp\/v2\/product_brand?post=31332"},{"taxonomy":"product_cat","embeddable":true,"href":"https:\/\/adexa.ee\/en\/wp-json\/wp\/v2\/product_cat?post=31332"},{"taxonomy":"product_tag","embeddable":true,"href":"https:\/\/adexa.ee\/en\/wp-json\/wp\/v2\/product_tag?post=31332"}],"curies":[{"name":"wp","href":"https:\/\/api.w.org\/{rel}","templated":true}]}}