{"id":31344,"date":"2026-03-26T11:05:57","date_gmt":"2026-03-26T09:05:57","guid":{"rendered":"https:\/\/adexa.ee\/toode\/elektrikutteseadmega-roll-top-chafer-gn1-1-roostevaba-teras-plastikust-kate-9-liitrit-adexa-ecd09a2\/"},"modified":"2026-03-26T11:06:01","modified_gmt":"2026-03-26T09:06:01","slug":"marmiit-roll-top-chafer-gn1-1-roostevaba-teras-plastikust-kate-9-liitrit-adexa-ecd09a2","status":"publish","type":"product","link":"https:\/\/adexa.ee\/en\/toode\/marmiit-roll-top-chafer-gn1-1-roostevaba-teras-plastikust-kate-9-liitrit-adexa-ecd09a2\/","title":{"rendered":"Marmiit Roll-top Chafer GN1\/1 Roostevaba teras Plastikust kate 9 liitrit | Adexa ECD09A2"},"content":{"rendered":"<p>Veenduge, et teie toitlustustoitud p\u00fcsiksid kauem soojana selle kommertselektriboileri abil. Ideaalne toidu serveerimistemperatuuri hoidmiseks buffeeridel, professionaalsed roll-top boilerid pakuvad kaasaskantavat ja mugavat k\u00fcttelahendust. See t\u00f6\u00f6tab niiske kuumuse abil ja on varustatud roostevaba terasest vee- ja toidun\u00f5udega. Valmistatud kergesti puhastatavast roostevabast terasest, et s\u00e4\u00e4sta teie v\u00e4\u00e4rtuslikku aega \u00f5htu l\u00f5pus. Digitaalsed juhtnupud, mida saab reguleerida kuni 85C \u00dclekuumenemiskaitse Sisse\/v\u00e4lja l\u00fcliti n\u00e4idikuga 1 x GN1\/1 konteiner kaasas. \u00dcksikasjaliku info saamiseks vaadake jaotist &#8220;Spetsifikatsioon&#8221;.<\/p>\n<table style=\"border-collapse: collapse; width: 100%; text-align: left;\">\n<tbody>\n<tr>\n<td style=\"border: 1px solid #ddd; padding: 8px; width: 45%;\"><strong>S\u00fcgavus<\/strong><\/td>\n<td style=\"border: 1px solid #ddd; padding: 8px;\">370mm<\/td>\n<\/tr>\n<tr>\n<td style=\"border: 1px solid #ddd; padding: 8px; width: 45%;\"><strong>K\u00f5rgus<\/strong><\/td>\n<td style=\"border: 1px solid #ddd; padding: 8px;\">300mm<\/td>\n<\/tr>\n<tr>\n<td style=\"border: 1px solid #ddd; padding: 8px; width: 45%;\"><strong>Laius<\/strong><\/td>\n<td style=\"border: 1px solid #ddd; padding: 8px;\">620 mm<\/td>\n<\/tr>\n<tr>\n<td style=\"border: 1px solid #ddd; padding: 8px; width: 45%;\"><strong>Kaal<\/strong><\/td>\n<td style=\"border: 1px solid #ddd; padding: 8px;\">4kg<\/td>\n<\/tr>\n<tr>\n<td style=\"border: 1px solid #ddd; padding: 8px; width: 45%;\"><strong>Garantii<\/strong><\/td>\n<td style=\"border: 1px solid #ddd; padding: 8px;\">12 kuu varuosade garantii<\/td>\n<\/tr>\n<tr>\n<td style=\"border: 1px solid #ddd; padding: 8px; width: 45%;\"><strong>Toiteallikas<\/strong><\/td>\n<td style=\"border: 1px solid #ddd; padding: 8px;\">230 V \/ 1 faas<\/td>\n<\/tr>\n<tr>\n<td style=\"border: 1px solid #ddd; padding: 8px; width: 45%;\"><strong>Plaadi\/V\u00f5re suurus<\/strong><\/td>\n<td style=\"border: 1px solid #ddd; padding: 8px;\">GN1\/1<\/td>\n<\/tr>\n<tr>\n<td style=\"border: 1px solid #ddd; padding: 8px; width: 45%;\"><strong>Materjal<\/strong><\/td>\n<td style=\"border: 1px solid #ddd; padding: 8px;\">Roostevaba teras<\/td>\n<\/tr>\n<tr>\n<td style=\"border: 1px solid #ddd; padding: 8px; width: 45%;\"><strong>Kaasas<\/strong><\/td>\n<td style=\"border: 1px solid #ddd; padding: 8px;\">1 x GN1\/1 konteiner<\/td>\n<\/tr>\n<tr>\n<td style=\"border: 1px solid #ddd; padding: 8px; width: 45%;\"><strong>Temperatuur<\/strong><\/td>\n<td style=\"border: 1px solid #ddd; padding: 8px;\">Kuni +85\u00b0C<\/td>\n<\/tr>\n<tr>\n<td style=\"border: 1px solid #ddd; padding: 8px; width: 45%;\"><strong>Kontrollid<\/strong><\/td>\n<td style=\"border: 1px solid #ddd; padding: 8px;\">Digitaalne<\/td>\n<\/tr>\n<\/tbody>\n<\/table>\n","protected":false},"excerpt":{"rendered":"<p>Veenduge, et teie toitlustustoitud p\u00fcsiksid kauem soojana selle kommertselektriboileri abil. Ideaalne toidu serveerimistemperatuuri hoidmiseks buffeeridel, professionaalsed roll-top boilerid pakuvad kaasaskantavat<\/p>\n","protected":false},"featured_media":31346,"template":"","meta":[],"product_brand":[],"product_cat":[557,569,639,640,586,558],"product_tag":[],"class_list":{"0":"post-31344","1":"product","2":"type-product","3":"status-publish","4":"has-post-thumbnail","6":"product_cat-kupsetusseadmed","7":"product_cat-lopumuuk","8":"product_cat-chafing-kaaned","9":"product_cat-chafing-kaaned-toidu-soojendamine","10":"product_cat-serveerimine","11":"product_cat-toidu-soojendamine","13":"first","14":"instock","15":"sale","16":"taxable","17":"shipping-taxable","18":"purchasable","19":"product-type-simple"},"yoast_head":"<!-- This site is optimized with the Yoast SEO plugin v27.3 - https:\/\/yoast.com\/product\/yoast-seo-wordpress\/ -->\n<title>Marmiit Roll-top Chafer GN1\/1 Roostevaba teras Plastikust kate 9 liitrit | Adexa ECD09A2 - Adexa \u2013 Suurk\u00f6\u00f6giseadmed restoranidele ja toitlustusele<\/title>\n<meta name=\"robots\" content=\"index, follow, max-snippet:-1, max-image-preview:large, max-video-preview:-1\" \/>\n<link rel=\"canonical\" href=\"https:\/\/adexa.ee\/toode\/marmiit-roll-top-chafer-gn1-1-roostevaba-teras-plastikust-kate-9-liitrit-adexa-ecd09a2\/\" \/>\n<meta property=\"og:locale\" content=\"en_US\" \/>\n<meta property=\"og:type\" content=\"article\" \/>\n<meta property=\"og:title\" content=\"Marmiit Roll-top Chafer GN1\/1 Roostevaba teras Plastikust kate 9 liitrit | Adexa ECD09A2 - Adexa \u2013 Suurk\u00f6\u00f6giseadmed restoranidele ja toitlustusele\" \/>\n<meta property=\"og:description\" content=\"Veenduge, et teie toitlustustoitud p\u00fcsiksid kauem soojana selle kommertselektriboileri abil. Ideaalne toidu serveerimistemperatuuri hoidmiseks buffeeridel, professionaalsed roll-top boilerid pakuvad kaasaskantavat\" \/>\n<meta property=\"og:url\" content=\"https:\/\/adexa.ee\/toode\/marmiit-roll-top-chafer-gn1-1-roostevaba-teras-plastikust-kate-9-liitrit-adexa-ecd09a2\/\" \/>\n<meta property=\"og:site_name\" content=\"Adexa \u2013 Suurk\u00f6\u00f6giseadmed restoranidele ja toitlustusele\" \/>\n<meta property=\"article:modified_time\" content=\"2026-03-26T09:06:01+00:00\" \/>\n<meta property=\"og:image\" content=\"https:\/\/adexa.ee\/wp-content\/uploads\/2025\/01\/ECD09A2.jpg\" \/>\n\t<meta property=\"og:image:width\" content=\"900\" \/>\n\t<meta property=\"og:image:height\" content=\"900\" \/>\n\t<meta property=\"og:image:type\" content=\"image\/jpeg\" \/>\n<meta name=\"twitter:card\" content=\"summary_large_image\" \/>\n<meta name=\"twitter:label1\" content=\"Est. reading time\" \/>\n\t<meta name=\"twitter:data1\" content=\"1 minute\" \/>\n<script type=\"application\/ld+json\" class=\"yoast-schema-graph\">{\"@context\":\"https:\\\/\\\/schema.org\",\"@graph\":[{\"@type\":\"WebPage\",\"@id\":\"https:\\\/\\\/adexa.ee\\\/toode\\\/marmiit-roll-top-chafer-gn1-1-roostevaba-teras-plastikust-kate-9-liitrit-adexa-ecd09a2\\\/\",\"url\":\"https:\\\/\\\/adexa.ee\\\/toode\\\/marmiit-roll-top-chafer-gn1-1-roostevaba-teras-plastikust-kate-9-liitrit-adexa-ecd09a2\\\/\",\"name\":\"Marmiit Roll-top Chafer GN1\\\/1 Roostevaba teras Plastikust kate 9 liitrit | Adexa ECD09A2 - Adexa \u2013 Suurk\u00f6\u00f6giseadmed restoranidele ja toitlustusele\",\"isPartOf\":{\"@id\":\"https:\\\/\\\/adexa.ee\\\/#website\"},\"primaryImageOfPage\":{\"@id\":\"https:\\\/\\\/adexa.ee\\\/toode\\\/marmiit-roll-top-chafer-gn1-1-roostevaba-teras-plastikust-kate-9-liitrit-adexa-ecd09a2\\\/#primaryimage\"},\"image\":{\"@id\":\"https:\\\/\\\/adexa.ee\\\/toode\\\/marmiit-roll-top-chafer-gn1-1-roostevaba-teras-plastikust-kate-9-liitrit-adexa-ecd09a2\\\/#primaryimage\"},\"thumbnailUrl\":\"https:\\\/\\\/adexa.ee\\\/wp-content\\\/uploads\\\/2025\\\/01\\\/ECD09A2.jpg\",\"datePublished\":\"2026-03-26T09:05:57+00:00\",\"dateModified\":\"2026-03-26T09:06:01+00:00\",\"breadcrumb\":{\"@id\":\"https:\\\/\\\/adexa.ee\\\/toode\\\/marmiit-roll-top-chafer-gn1-1-roostevaba-teras-plastikust-kate-9-liitrit-adexa-ecd09a2\\\/#breadcrumb\"},\"inLanguage\":\"en-US\",\"potentialAction\":[{\"@type\":\"ReadAction\",\"target\":[\"https:\\\/\\\/adexa.ee\\\/toode\\\/marmiit-roll-top-chafer-gn1-1-roostevaba-teras-plastikust-kate-9-liitrit-adexa-ecd09a2\\\/\"]}]},{\"@type\":\"ImageObject\",\"inLanguage\":\"en-US\",\"@id\":\"https:\\\/\\\/adexa.ee\\\/toode\\\/marmiit-roll-top-chafer-gn1-1-roostevaba-teras-plastikust-kate-9-liitrit-adexa-ecd09a2\\\/#primaryimage\",\"url\":\"https:\\\/\\\/adexa.ee\\\/wp-content\\\/uploads\\\/2025\\\/01\\\/ECD09A2.jpg\",\"contentUrl\":\"https:\\\/\\\/adexa.ee\\\/wp-content\\\/uploads\\\/2025\\\/01\\\/ECD09A2.jpg\",\"width\":900,\"height\":900},{\"@type\":\"BreadcrumbList\",\"@id\":\"https:\\\/\\\/adexa.ee\\\/toode\\\/marmiit-roll-top-chafer-gn1-1-roostevaba-teras-plastikust-kate-9-liitrit-adexa-ecd09a2\\\/#breadcrumb\",\"itemListElement\":[{\"@type\":\"ListItem\",\"position\":1,\"name\":\"Home\",\"item\":\"https:\\\/\\\/adexa.ee\\\/\"},{\"@type\":\"ListItem\",\"position\":2,\"name\":\"Tooted\",\"item\":\"https:\\\/\\\/adexa.ee\\\/pood\\\/\"},{\"@type\":\"ListItem\",\"position\":3,\"name\":\"Marmiit Roll-top Chafer GN1\\\/1 Roostevaba teras Plastikust kate 9 liitrit | Adexa ECD09A2\"}]},{\"@type\":\"WebSite\",\"@id\":\"https:\\\/\\\/adexa.ee\\\/#website\",\"url\":\"https:\\\/\\\/adexa.ee\\\/\",\"name\":\"Adexa\",\"description\":\"\",\"publisher\":{\"@id\":\"https:\\\/\\\/adexa.ee\\\/#organization\"},\"potentialAction\":[{\"@type\":\"SearchAction\",\"target\":{\"@type\":\"EntryPoint\",\"urlTemplate\":\"https:\\\/\\\/adexa.ee\\\/?s={search_term_string}\"},\"query-input\":{\"@type\":\"PropertyValueSpecification\",\"valueRequired\":true,\"valueName\":\"search_term_string\"}}],\"inLanguage\":\"en-US\"},{\"@type\":\"Organization\",\"@id\":\"https:\\\/\\\/adexa.ee\\\/#organization\",\"name\":\"Adexa\",\"url\":\"https:\\\/\\\/adexa.ee\\\/\",\"logo\":{\"@type\":\"ImageObject\",\"inLanguage\":\"en-US\",\"@id\":\"https:\\\/\\\/adexa.ee\\\/#\\\/schema\\\/logo\\\/image\\\/\",\"url\":\"https:\\\/\\\/adexa.ee\\\/wp-content\\\/uploads\\\/2024\\\/04\\\/chef-cooks-working-in-professional-kitchen-2023-11-27-05-07-39-utc-scaled.jpg\",\"contentUrl\":\"https:\\\/\\\/adexa.ee\\\/wp-content\\\/uploads\\\/2024\\\/04\\\/chef-cooks-working-in-professional-kitchen-2023-11-27-05-07-39-utc-scaled.jpg\",\"width\":2560,\"height\":1708,\"caption\":\"Adexa\"},\"image\":{\"@id\":\"https:\\\/\\\/adexa.ee\\\/#\\\/schema\\\/logo\\\/image\\\/\"}}]}<\/script>\n<!-- \/ Yoast SEO plugin. -->","yoast_head_json":{"title":"Marmiit Roll-top Chafer GN1\/1 Roostevaba teras Plastikust kate 9 liitrit | Adexa ECD09A2 - Adexa \u2013 Suurk\u00f6\u00f6giseadmed restoranidele ja toitlustusele","robots":{"index":"index","follow":"follow","max-snippet":"max-snippet:-1","max-image-preview":"max-image-preview:large","max-video-preview":"max-video-preview:-1"},"canonical":"https:\/\/adexa.ee\/toode\/marmiit-roll-top-chafer-gn1-1-roostevaba-teras-plastikust-kate-9-liitrit-adexa-ecd09a2\/","og_locale":"en_US","og_type":"article","og_title":"Marmiit Roll-top Chafer GN1\/1 Roostevaba teras Plastikust kate 9 liitrit | Adexa ECD09A2 - Adexa \u2013 Suurk\u00f6\u00f6giseadmed restoranidele ja toitlustusele","og_description":"Veenduge, et teie toitlustustoitud p\u00fcsiksid kauem soojana selle kommertselektriboileri abil. Ideaalne toidu serveerimistemperatuuri hoidmiseks buffeeridel, professionaalsed roll-top boilerid pakuvad kaasaskantavat","og_url":"https:\/\/adexa.ee\/toode\/marmiit-roll-top-chafer-gn1-1-roostevaba-teras-plastikust-kate-9-liitrit-adexa-ecd09a2\/","og_site_name":"Adexa \u2013 Suurk\u00f6\u00f6giseadmed restoranidele ja toitlustusele","article_modified_time":"2026-03-26T09:06:01+00:00","og_image":[{"width":900,"height":900,"url":"https:\/\/adexa.ee\/wp-content\/uploads\/2025\/01\/ECD09A2.jpg","type":"image\/jpeg"}],"twitter_card":"summary_large_image","twitter_misc":{"Est. reading time":"1 minute"},"schema":{"@context":"https:\/\/schema.org","@graph":[{"@type":"WebPage","@id":"https:\/\/adexa.ee\/toode\/marmiit-roll-top-chafer-gn1-1-roostevaba-teras-plastikust-kate-9-liitrit-adexa-ecd09a2\/","url":"https:\/\/adexa.ee\/toode\/marmiit-roll-top-chafer-gn1-1-roostevaba-teras-plastikust-kate-9-liitrit-adexa-ecd09a2\/","name":"Marmiit Roll-top Chafer GN1\/1 Roostevaba teras Plastikust kate 9 liitrit | Adexa ECD09A2 - Adexa \u2013 Suurk\u00f6\u00f6giseadmed restoranidele ja toitlustusele","isPartOf":{"@id":"https:\/\/adexa.ee\/#website"},"primaryImageOfPage":{"@id":"https:\/\/adexa.ee\/toode\/marmiit-roll-top-chafer-gn1-1-roostevaba-teras-plastikust-kate-9-liitrit-adexa-ecd09a2\/#primaryimage"},"image":{"@id":"https:\/\/adexa.ee\/toode\/marmiit-roll-top-chafer-gn1-1-roostevaba-teras-plastikust-kate-9-liitrit-adexa-ecd09a2\/#primaryimage"},"thumbnailUrl":"https:\/\/adexa.ee\/wp-content\/uploads\/2025\/01\/ECD09A2.jpg","datePublished":"2026-03-26T09:05:57+00:00","dateModified":"2026-03-26T09:06:01+00:00","breadcrumb":{"@id":"https:\/\/adexa.ee\/toode\/marmiit-roll-top-chafer-gn1-1-roostevaba-teras-plastikust-kate-9-liitrit-adexa-ecd09a2\/#breadcrumb"},"inLanguage":"en-US","potentialAction":[{"@type":"ReadAction","target":["https:\/\/adexa.ee\/toode\/marmiit-roll-top-chafer-gn1-1-roostevaba-teras-plastikust-kate-9-liitrit-adexa-ecd09a2\/"]}]},{"@type":"ImageObject","inLanguage":"en-US","@id":"https:\/\/adexa.ee\/toode\/marmiit-roll-top-chafer-gn1-1-roostevaba-teras-plastikust-kate-9-liitrit-adexa-ecd09a2\/#primaryimage","url":"https:\/\/adexa.ee\/wp-content\/uploads\/2025\/01\/ECD09A2.jpg","contentUrl":"https:\/\/adexa.ee\/wp-content\/uploads\/2025\/01\/ECD09A2.jpg","width":900,"height":900},{"@type":"BreadcrumbList","@id":"https:\/\/adexa.ee\/toode\/marmiit-roll-top-chafer-gn1-1-roostevaba-teras-plastikust-kate-9-liitrit-adexa-ecd09a2\/#breadcrumb","itemListElement":[{"@type":"ListItem","position":1,"name":"Home","item":"https:\/\/adexa.ee\/"},{"@type":"ListItem","position":2,"name":"Tooted","item":"https:\/\/adexa.ee\/pood\/"},{"@type":"ListItem","position":3,"name":"Marmiit Roll-top Chafer GN1\/1 Roostevaba teras Plastikust kate 9 liitrit | Adexa ECD09A2"}]},{"@type":"WebSite","@id":"https:\/\/adexa.ee\/#website","url":"https:\/\/adexa.ee\/","name":"Adexa","description":"","publisher":{"@id":"https:\/\/adexa.ee\/#organization"},"potentialAction":[{"@type":"SearchAction","target":{"@type":"EntryPoint","urlTemplate":"https:\/\/adexa.ee\/?s={search_term_string}"},"query-input":{"@type":"PropertyValueSpecification","valueRequired":true,"valueName":"search_term_string"}}],"inLanguage":"en-US"},{"@type":"Organization","@id":"https:\/\/adexa.ee\/#organization","name":"Adexa","url":"https:\/\/adexa.ee\/","logo":{"@type":"ImageObject","inLanguage":"en-US","@id":"https:\/\/adexa.ee\/#\/schema\/logo\/image\/","url":"https:\/\/adexa.ee\/wp-content\/uploads\/2024\/04\/chef-cooks-working-in-professional-kitchen-2023-11-27-05-07-39-utc-scaled.jpg","contentUrl":"https:\/\/adexa.ee\/wp-content\/uploads\/2024\/04\/chef-cooks-working-in-professional-kitchen-2023-11-27-05-07-39-utc-scaled.jpg","width":2560,"height":1708,"caption":"Adexa"},"image":{"@id":"https:\/\/adexa.ee\/#\/schema\/logo\/image\/"}}]}},"_links":{"self":[{"href":"https:\/\/adexa.ee\/en\/wp-json\/wp\/v2\/product\/31344","targetHints":{"allow":["GET"]}}],"collection":[{"href":"https:\/\/adexa.ee\/en\/wp-json\/wp\/v2\/product"}],"about":[{"href":"https:\/\/adexa.ee\/en\/wp-json\/wp\/v2\/types\/product"}],"wp:featuredmedia":[{"embeddable":true,"href":"https:\/\/adexa.ee\/en\/wp-json\/wp\/v2\/media\/31346"}],"wp:attachment":[{"href":"https:\/\/adexa.ee\/en\/wp-json\/wp\/v2\/media?parent=31344"}],"wp:term":[{"taxonomy":"product_brand","embeddable":true,"href":"https:\/\/adexa.ee\/en\/wp-json\/wp\/v2\/product_brand?post=31344"},{"taxonomy":"product_cat","embeddable":true,"href":"https:\/\/adexa.ee\/en\/wp-json\/wp\/v2\/product_cat?post=31344"},{"taxonomy":"product_tag","embeddable":true,"href":"https:\/\/adexa.ee\/en\/wp-json\/wp\/v2\/product_tag?post=31344"}],"curies":[{"name":"wp","href":"https:\/\/api.w.org\/{rel}","templated":true}]}}