{"id":31347,"date":"2026-03-28T14:45:16","date_gmt":"2026-03-28T12:45:16","guid":{"rendered":"https:\/\/adexa.ee\/toode\/roostevabast-terasest-nurgatoolaud-pritsmekaitsega-900x900x600x600x900-1000mm-adexa-cwtb1060sb\/"},"modified":"2026-03-28T14:45:17","modified_gmt":"2026-03-28T12:45:17","slug":"roostevabast-terasest-nurgatoolaud-pritsmekaitsega-900x900x600x600x900-1000mm-adexa-cwtb1060sb","status":"publish","type":"product","link":"https:\/\/adexa.ee\/en\/toode\/roostevabast-terasest-nurgatoolaud-pritsmekaitsega-900x900x600x600x900-1000mm-adexa-cwtb1060sb\/","title":{"rendered":"Roostevabast terasest nurgat\u00f6\u00f6laud pritsmekaitsega 900x900x600x600x900\/1000mm | Adexa CWTB1060SB"},"content":{"rendered":"<p>Sellel nurgat\u00f6\u00f6laual on pritsmekaitse, mis kaitseb seinu ja tagab suurema h\u00fcgieeni h\u00f5ivatud k\u00f6\u00f6gikeskkondades. Kvaliteetsest roostevabast terasest konstruktsioon tagab vastupidavuse ning see on ideaalne toiduvalmistamise ja ladustamise \u00fclesannete jaoks. Ruudukujulised jalad pakuvad tugevat tuge ja stabiilsust ning kompaktne disain sobib suurep\u00e4raselt v\u00e4iksematesse ruumidesse v\u00f5i nurkadesse. Kasutades seda lauda toiduvalmistamiseks v\u00f5i t\u00f6\u00f6lauana, pakub see nii funktsionaalsust kui ka praktilisust professionaalsetes k\u00f6\u00f6kides.<\/p>\n<table style=\"border-collapse: collapse; width: 100%; text-align: left;\">\n<tbody>\n<tr>\n<td style=\"border: 1px solid #ddd; padding: 8px; width: 45%;\"><strong>S\u00fcgavus<\/strong><\/td>\n<td style=\"border: 1px solid #ddd; padding: 8px;\">900mm<\/td>\n<\/tr>\n<tr>\n<td style=\"border: 1px solid #ddd; padding: 8px; width: 45%;\"><strong>K\u00f5rgus<\/strong><\/td>\n<td style=\"border: 1px solid #ddd; padding: 8px;\">900mm<\/td>\n<\/tr>\n<tr>\n<td style=\"border: 1px solid #ddd; padding: 8px; width: 45%;\"><strong>Laius<\/strong><\/td>\n<td style=\"border: 1px solid #ddd; padding: 8px;\">900mm<\/td>\n<\/tr>\n<tr>\n<td style=\"border: 1px solid #ddd; padding: 8px; width: 45%;\"><strong>Kaal<\/strong><\/td>\n<td style=\"border: 1px solid #ddd; padding: 8px;\">18 kg<\/td>\n<\/tr>\n<tr>\n<td style=\"border: 1px solid #ddd; padding: 8px; width: 45%;\"><strong>Garantii<\/strong><\/td>\n<td style=\"border: 1px solid #ddd; padding: 8px;\">12 kuu varuosade garantii<\/td>\n<\/tr>\n<tr>\n<td style=\"border: 1px solid #ddd; padding: 8px; width: 45%;\"><strong>Alumine riiul<\/strong><\/td>\n<td style=\"border: 1px solid #ddd; padding: 8px;\">Jah<\/td>\n<\/tr>\n<tr>\n<td style=\"border: 1px solid #ddd; padding: 8px; width: 45%;\"><strong>Materjal<\/strong><\/td>\n<td style=\"border: 1px solid #ddd; padding: 8px;\">Roostevaba teras<\/td>\n<\/tr>\n<tr>\n<td style=\"border: 1px solid #ddd; padding: 8px; width: 45%;\"><strong>Pritsekaitse<\/strong><\/td>\n<td style=\"border: 1px solid #ddd; padding: 8px;\">Jah<\/td>\n<\/tr>\n<tr>\n<td style=\"border: 1px solid #ddd; padding: 8px; width: 45%;\"><strong>Laius (sisemine)<\/strong><\/td>\n<td style=\"border: 1px solid #ddd; padding: 8px;\">600 mm (esik\u00fcljed)<\/td>\n<\/tr>\n<\/tbody>\n<\/table>\n","protected":false},"excerpt":{"rendered":"<p>Sellel nurgat\u00f6\u00f6laual on pritsmekaitse, mis kaitseb seinu ja tagab suurema h\u00fcgieeni h\u00f5ivatud k\u00f6\u00f6gikeskkondades. Kvaliteetsest roostevabast terasest konstruktsioon tagab vastupidavuse ning<\/p>\n","protected":false},"featured_media":31319,"template":"","meta":[],"product_brand":[],"product_cat":[731,572,592],"product_tag":[],"class_list":{"0":"post-31347","1":"product","2":"type-product","3":"status-publish","4":"has-post-thumbnail","6":"product_cat-nurgalauad","7":"product_cat-roostevabad-tooted","8":"product_cat-toolauad","10":"first","11":"instock","12":"sale","13":"taxable","14":"shipping-taxable","15":"purchasable","16":"product-type-simple"},"yoast_head":"<!-- This site is optimized with the Yoast SEO plugin v27.3 - https:\/\/yoast.com\/product\/yoast-seo-wordpress\/ -->\n<title>Roostevabast terasest nurgat\u00f6\u00f6laud pritsmekaitsega 900x900x600x600x900\/1000mm | Adexa CWTB1060SB - Adexa \u2013 Suurk\u00f6\u00f6giseadmed restoranidele ja toitlustusele<\/title>\n<meta name=\"robots\" content=\"index, follow, max-snippet:-1, max-image-preview:large, max-video-preview:-1\" \/>\n<link rel=\"canonical\" href=\"https:\/\/adexa.ee\/toode\/roostevabast-terasest-nurgatoolaud-pritsmekaitsega-900x900x600x600x900-1000mm-adexa-cwtb1060sb\/\" \/>\n<meta property=\"og:locale\" content=\"en_US\" \/>\n<meta property=\"og:type\" content=\"article\" \/>\n<meta property=\"og:title\" content=\"Roostevabast terasest nurgat\u00f6\u00f6laud pritsmekaitsega 900x900x600x600x900\/1000mm | Adexa CWTB1060SB - Adexa \u2013 Suurk\u00f6\u00f6giseadmed restoranidele ja toitlustusele\" \/>\n<meta property=\"og:description\" content=\"Sellel nurgat\u00f6\u00f6laual on pritsmekaitse, mis kaitseb seinu ja tagab suurema h\u00fcgieeni h\u00f5ivatud k\u00f6\u00f6gikeskkondades. Kvaliteetsest roostevabast terasest konstruktsioon tagab vastupidavuse ning\" \/>\n<meta property=\"og:url\" content=\"https:\/\/adexa.ee\/toode\/roostevabast-terasest-nurgatoolaud-pritsmekaitsega-900x900x600x600x900-1000mm-adexa-cwtb1060sb\/\" \/>\n<meta property=\"og:site_name\" content=\"Adexa \u2013 Suurk\u00f6\u00f6giseadmed restoranidele ja toitlustusele\" \/>\n<meta property=\"article:modified_time\" content=\"2026-03-28T12:45:17+00:00\" \/>\n<meta property=\"og:image\" content=\"https:\/\/adexa.ee\/wp-content\/uploads\/2025\/01\/CWT1060SB-CWT1070SB.jpg\" \/>\n\t<meta property=\"og:image:width\" content=\"2000\" \/>\n\t<meta property=\"og:image:height\" content=\"2000\" \/>\n\t<meta property=\"og:image:type\" content=\"image\/jpeg\" \/>\n<meta name=\"twitter:card\" content=\"summary_large_image\" \/>\n<script type=\"application\/ld+json\" class=\"yoast-schema-graph\">{\"@context\":\"https:\\\/\\\/schema.org\",\"@graph\":[{\"@type\":\"WebPage\",\"@id\":\"https:\\\/\\\/adexa.ee\\\/toode\\\/roostevabast-terasest-nurgatoolaud-pritsmekaitsega-900x900x600x600x900-1000mm-adexa-cwtb1060sb\\\/\",\"url\":\"https:\\\/\\\/adexa.ee\\\/toode\\\/roostevabast-terasest-nurgatoolaud-pritsmekaitsega-900x900x600x600x900-1000mm-adexa-cwtb1060sb\\\/\",\"name\":\"Roostevabast terasest nurgat\u00f6\u00f6laud pritsmekaitsega 900x900x600x600x900\\\/1000mm | Adexa CWTB1060SB - Adexa \u2013 Suurk\u00f6\u00f6giseadmed restoranidele ja toitlustusele\",\"isPartOf\":{\"@id\":\"https:\\\/\\\/adexa.ee\\\/#website\"},\"primaryImageOfPage\":{\"@id\":\"https:\\\/\\\/adexa.ee\\\/toode\\\/roostevabast-terasest-nurgatoolaud-pritsmekaitsega-900x900x600x600x900-1000mm-adexa-cwtb1060sb\\\/#primaryimage\"},\"image\":{\"@id\":\"https:\\\/\\\/adexa.ee\\\/toode\\\/roostevabast-terasest-nurgatoolaud-pritsmekaitsega-900x900x600x600x900-1000mm-adexa-cwtb1060sb\\\/#primaryimage\"},\"thumbnailUrl\":\"https:\\\/\\\/adexa.ee\\\/wp-content\\\/uploads\\\/2025\\\/01\\\/CWT1060SB-CWT1070SB.jpg\",\"datePublished\":\"2026-03-28T12:45:16+00:00\",\"dateModified\":\"2026-03-28T12:45:17+00:00\",\"breadcrumb\":{\"@id\":\"https:\\\/\\\/adexa.ee\\\/toode\\\/roostevabast-terasest-nurgatoolaud-pritsmekaitsega-900x900x600x600x900-1000mm-adexa-cwtb1060sb\\\/#breadcrumb\"},\"inLanguage\":\"en-US\",\"potentialAction\":[{\"@type\":\"ReadAction\",\"target\":[\"https:\\\/\\\/adexa.ee\\\/toode\\\/roostevabast-terasest-nurgatoolaud-pritsmekaitsega-900x900x600x600x900-1000mm-adexa-cwtb1060sb\\\/\"]}]},{\"@type\":\"ImageObject\",\"inLanguage\":\"en-US\",\"@id\":\"https:\\\/\\\/adexa.ee\\\/toode\\\/roostevabast-terasest-nurgatoolaud-pritsmekaitsega-900x900x600x600x900-1000mm-adexa-cwtb1060sb\\\/#primaryimage\",\"url\":\"https:\\\/\\\/adexa.ee\\\/wp-content\\\/uploads\\\/2025\\\/01\\\/CWT1060SB-CWT1070SB.jpg\",\"contentUrl\":\"https:\\\/\\\/adexa.ee\\\/wp-content\\\/uploads\\\/2025\\\/01\\\/CWT1060SB-CWT1070SB.jpg\",\"width\":2000,\"height\":2000},{\"@type\":\"BreadcrumbList\",\"@id\":\"https:\\\/\\\/adexa.ee\\\/toode\\\/roostevabast-terasest-nurgatoolaud-pritsmekaitsega-900x900x600x600x900-1000mm-adexa-cwtb1060sb\\\/#breadcrumb\",\"itemListElement\":[{\"@type\":\"ListItem\",\"position\":1,\"name\":\"Home\",\"item\":\"https:\\\/\\\/adexa.ee\\\/\"},{\"@type\":\"ListItem\",\"position\":2,\"name\":\"Tooted\",\"item\":\"https:\\\/\\\/adexa.ee\\\/pood\\\/\"},{\"@type\":\"ListItem\",\"position\":3,\"name\":\"Roostevabast terasest nurgat\u00f6\u00f6laud pritsmekaitsega 900x900x600x600x900\\\/1000mm | Adexa CWTB1060SB\"}]},{\"@type\":\"WebSite\",\"@id\":\"https:\\\/\\\/adexa.ee\\\/#website\",\"url\":\"https:\\\/\\\/adexa.ee\\\/\",\"name\":\"Adexa\",\"description\":\"\",\"publisher\":{\"@id\":\"https:\\\/\\\/adexa.ee\\\/#organization\"},\"potentialAction\":[{\"@type\":\"SearchAction\",\"target\":{\"@type\":\"EntryPoint\",\"urlTemplate\":\"https:\\\/\\\/adexa.ee\\\/?s={search_term_string}\"},\"query-input\":{\"@type\":\"PropertyValueSpecification\",\"valueRequired\":true,\"valueName\":\"search_term_string\"}}],\"inLanguage\":\"en-US\"},{\"@type\":\"Organization\",\"@id\":\"https:\\\/\\\/adexa.ee\\\/#organization\",\"name\":\"Adexa\",\"url\":\"https:\\\/\\\/adexa.ee\\\/\",\"logo\":{\"@type\":\"ImageObject\",\"inLanguage\":\"en-US\",\"@id\":\"https:\\\/\\\/adexa.ee\\\/#\\\/schema\\\/logo\\\/image\\\/\",\"url\":\"https:\\\/\\\/adexa.ee\\\/wp-content\\\/uploads\\\/2024\\\/04\\\/chef-cooks-working-in-professional-kitchen-2023-11-27-05-07-39-utc-scaled.jpg\",\"contentUrl\":\"https:\\\/\\\/adexa.ee\\\/wp-content\\\/uploads\\\/2024\\\/04\\\/chef-cooks-working-in-professional-kitchen-2023-11-27-05-07-39-utc-scaled.jpg\",\"width\":2560,\"height\":1708,\"caption\":\"Adexa\"},\"image\":{\"@id\":\"https:\\\/\\\/adexa.ee\\\/#\\\/schema\\\/logo\\\/image\\\/\"}}]}<\/script>\n<!-- \/ Yoast SEO plugin. -->","yoast_head_json":{"title":"Roostevabast terasest nurgat\u00f6\u00f6laud pritsmekaitsega 900x900x600x600x900\/1000mm | Adexa CWTB1060SB - Adexa \u2013 Suurk\u00f6\u00f6giseadmed restoranidele ja toitlustusele","robots":{"index":"index","follow":"follow","max-snippet":"max-snippet:-1","max-image-preview":"max-image-preview:large","max-video-preview":"max-video-preview:-1"},"canonical":"https:\/\/adexa.ee\/toode\/roostevabast-terasest-nurgatoolaud-pritsmekaitsega-900x900x600x600x900-1000mm-adexa-cwtb1060sb\/","og_locale":"en_US","og_type":"article","og_title":"Roostevabast terasest nurgat\u00f6\u00f6laud pritsmekaitsega 900x900x600x600x900\/1000mm | Adexa CWTB1060SB - Adexa \u2013 Suurk\u00f6\u00f6giseadmed restoranidele ja toitlustusele","og_description":"Sellel nurgat\u00f6\u00f6laual on pritsmekaitse, mis kaitseb seinu ja tagab suurema h\u00fcgieeni h\u00f5ivatud k\u00f6\u00f6gikeskkondades. Kvaliteetsest roostevabast terasest konstruktsioon tagab vastupidavuse ning","og_url":"https:\/\/adexa.ee\/toode\/roostevabast-terasest-nurgatoolaud-pritsmekaitsega-900x900x600x600x900-1000mm-adexa-cwtb1060sb\/","og_site_name":"Adexa \u2013 Suurk\u00f6\u00f6giseadmed restoranidele ja toitlustusele","article_modified_time":"2026-03-28T12:45:17+00:00","og_image":[{"width":2000,"height":2000,"url":"https:\/\/adexa.ee\/wp-content\/uploads\/2025\/01\/CWT1060SB-CWT1070SB.jpg","type":"image\/jpeg"}],"twitter_card":"summary_large_image","schema":{"@context":"https:\/\/schema.org","@graph":[{"@type":"WebPage","@id":"https:\/\/adexa.ee\/toode\/roostevabast-terasest-nurgatoolaud-pritsmekaitsega-900x900x600x600x900-1000mm-adexa-cwtb1060sb\/","url":"https:\/\/adexa.ee\/toode\/roostevabast-terasest-nurgatoolaud-pritsmekaitsega-900x900x600x600x900-1000mm-adexa-cwtb1060sb\/","name":"Roostevabast terasest nurgat\u00f6\u00f6laud pritsmekaitsega 900x900x600x600x900\/1000mm | Adexa CWTB1060SB - Adexa \u2013 Suurk\u00f6\u00f6giseadmed restoranidele ja toitlustusele","isPartOf":{"@id":"https:\/\/adexa.ee\/#website"},"primaryImageOfPage":{"@id":"https:\/\/adexa.ee\/toode\/roostevabast-terasest-nurgatoolaud-pritsmekaitsega-900x900x600x600x900-1000mm-adexa-cwtb1060sb\/#primaryimage"},"image":{"@id":"https:\/\/adexa.ee\/toode\/roostevabast-terasest-nurgatoolaud-pritsmekaitsega-900x900x600x600x900-1000mm-adexa-cwtb1060sb\/#primaryimage"},"thumbnailUrl":"https:\/\/adexa.ee\/wp-content\/uploads\/2025\/01\/CWT1060SB-CWT1070SB.jpg","datePublished":"2026-03-28T12:45:16+00:00","dateModified":"2026-03-28T12:45:17+00:00","breadcrumb":{"@id":"https:\/\/adexa.ee\/toode\/roostevabast-terasest-nurgatoolaud-pritsmekaitsega-900x900x600x600x900-1000mm-adexa-cwtb1060sb\/#breadcrumb"},"inLanguage":"en-US","potentialAction":[{"@type":"ReadAction","target":["https:\/\/adexa.ee\/toode\/roostevabast-terasest-nurgatoolaud-pritsmekaitsega-900x900x600x600x900-1000mm-adexa-cwtb1060sb\/"]}]},{"@type":"ImageObject","inLanguage":"en-US","@id":"https:\/\/adexa.ee\/toode\/roostevabast-terasest-nurgatoolaud-pritsmekaitsega-900x900x600x600x900-1000mm-adexa-cwtb1060sb\/#primaryimage","url":"https:\/\/adexa.ee\/wp-content\/uploads\/2025\/01\/CWT1060SB-CWT1070SB.jpg","contentUrl":"https:\/\/adexa.ee\/wp-content\/uploads\/2025\/01\/CWT1060SB-CWT1070SB.jpg","width":2000,"height":2000},{"@type":"BreadcrumbList","@id":"https:\/\/adexa.ee\/toode\/roostevabast-terasest-nurgatoolaud-pritsmekaitsega-900x900x600x600x900-1000mm-adexa-cwtb1060sb\/#breadcrumb","itemListElement":[{"@type":"ListItem","position":1,"name":"Home","item":"https:\/\/adexa.ee\/"},{"@type":"ListItem","position":2,"name":"Tooted","item":"https:\/\/adexa.ee\/pood\/"},{"@type":"ListItem","position":3,"name":"Roostevabast terasest nurgat\u00f6\u00f6laud pritsmekaitsega 900x900x600x600x900\/1000mm | Adexa CWTB1060SB"}]},{"@type":"WebSite","@id":"https:\/\/adexa.ee\/#website","url":"https:\/\/adexa.ee\/","name":"Adexa","description":"","publisher":{"@id":"https:\/\/adexa.ee\/#organization"},"potentialAction":[{"@type":"SearchAction","target":{"@type":"EntryPoint","urlTemplate":"https:\/\/adexa.ee\/?s={search_term_string}"},"query-input":{"@type":"PropertyValueSpecification","valueRequired":true,"valueName":"search_term_string"}}],"inLanguage":"en-US"},{"@type":"Organization","@id":"https:\/\/adexa.ee\/#organization","name":"Adexa","url":"https:\/\/adexa.ee\/","logo":{"@type":"ImageObject","inLanguage":"en-US","@id":"https:\/\/adexa.ee\/#\/schema\/logo\/image\/","url":"https:\/\/adexa.ee\/wp-content\/uploads\/2024\/04\/chef-cooks-working-in-professional-kitchen-2023-11-27-05-07-39-utc-scaled.jpg","contentUrl":"https:\/\/adexa.ee\/wp-content\/uploads\/2024\/04\/chef-cooks-working-in-professional-kitchen-2023-11-27-05-07-39-utc-scaled.jpg","width":2560,"height":1708,"caption":"Adexa"},"image":{"@id":"https:\/\/adexa.ee\/#\/schema\/logo\/image\/"}}]}},"_links":{"self":[{"href":"https:\/\/adexa.ee\/en\/wp-json\/wp\/v2\/product\/31347","targetHints":{"allow":["GET"]}}],"collection":[{"href":"https:\/\/adexa.ee\/en\/wp-json\/wp\/v2\/product"}],"about":[{"href":"https:\/\/adexa.ee\/en\/wp-json\/wp\/v2\/types\/product"}],"wp:featuredmedia":[{"embeddable":true,"href":"https:\/\/adexa.ee\/en\/wp-json\/wp\/v2\/media\/31319"}],"wp:attachment":[{"href":"https:\/\/adexa.ee\/en\/wp-json\/wp\/v2\/media?parent=31347"}],"wp:term":[{"taxonomy":"product_brand","embeddable":true,"href":"https:\/\/adexa.ee\/en\/wp-json\/wp\/v2\/product_brand?post=31347"},{"taxonomy":"product_cat","embeddable":true,"href":"https:\/\/adexa.ee\/en\/wp-json\/wp\/v2\/product_cat?post=31347"},{"taxonomy":"product_tag","embeddable":true,"href":"https:\/\/adexa.ee\/en\/wp-json\/wp\/v2\/product_tag?post=31347"}],"curies":[{"name":"wp","href":"https:\/\/api.w.org\/{rel}","templated":true}]}}