{"id":31400,"date":"2026-03-26T11:05:57","date_gmt":"2026-03-26T09:05:57","guid":{"rendered":"https:\/\/adexa.ee\/toode\/professionaalne-suur-tooriistakaru-mitmeotstarbeline-4-korruseline-1010x500x1260mm-adexa-hzmcc5014\/"},"modified":"2026-03-26T11:06:03","modified_gmt":"2026-03-26T09:06:03","slug":"professionaalne-suur-tooriistakaru-mitmeotstarbeline-4-korruseline-1010x500x1260mm-adexa-hzmcc5014","status":"publish","type":"product","link":"https:\/\/adexa.ee\/en\/toode\/professionaalne-suur-tooriistakaru-mitmeotstarbeline-4-korruseline-1010x500x1260mm-adexa-hzmcc5014\/","title":{"rendered":"Professionaalne suur t\u00f6\u00f6riistak\u00e4ru mitmeotstarbeline 4-korruseline 1010x500x1260mm | Adexa HZMCC5014"},"content":{"rendered":"<p>Ruumikas ja usaldusv\u00e4\u00e4rne t\u00f6\u00f6riistak\u00e4ru suures m\u00f5\u00f5dus, 2 k\u00e4epidet ja 4 riiulit. Ideaalne transportimiseks ja hoiustamiseks k\u00f6\u00f6kides, restoranides v\u00f5i muudes t\u00f6\u00f6keskkondades. Kavandatud suuremate koguste t\u00f5husaks k\u00e4sitsemiseks ja praktilise lahenduse pakkumiseks erinevateks vajadusteks. \u00dcksikasjaliku teabe leiate jaotisest &#8220;Spetsifikatsioon&#8221;.<\/p>\n<table style=\"border-collapse: collapse; width: 100%; text-align: left;\">\n<tbody>\n<tr>\n<td style=\"border: 1px solid #ddd; padding: 8px; width: 45%;\"><strong>S\u00fcgavus<\/strong><\/td>\n<td style=\"border: 1px solid #ddd; padding: 8px;\">500mm<\/td>\n<\/tr>\n<tr>\n<td style=\"border: 1px solid #ddd; padding: 8px; width: 45%;\"><strong>K\u00f5rgus<\/strong><\/td>\n<td style=\"border: 1px solid #ddd; padding: 8px;\">1260 mm<\/td>\n<\/tr>\n<tr>\n<td style=\"border: 1px solid #ddd; padding: 8px; width: 45%;\"><strong>Laius<\/strong><\/td>\n<td style=\"border: 1px solid #ddd; padding: 8px;\">1010 mm<\/td>\n<\/tr>\n<tr>\n<td style=\"border: 1px solid #ddd; padding: 8px; width: 45%;\"><strong>Kaal<\/strong><\/td>\n<td style=\"border: 1px solid #ddd; padding: 8px;\">10.5kg<\/td>\n<\/tr>\n<tr>\n<td style=\"border: 1px solid #ddd; padding: 8px; width: 45%;\"><strong>Garantii<\/strong><\/td>\n<td style=\"border: 1px solid #ddd; padding: 8px;\">12 kuu varuosade garantii<\/td>\n<\/tr>\n<tr>\n<td style=\"border: 1px solid #ddd; padding: 8px; width: 45%;\"><strong>Rullikud<\/strong><\/td>\n<td style=\"border: 1px solid #ddd; padding: 8px;\">4 p\u00f6\u00f6rdratast ilma piduriteta<\/td>\n<\/tr>\n<tr>\n<td style=\"border: 1px solid #ddd; padding: 8px; width: 45%;\"><strong>Materjal<\/strong><\/td>\n<td style=\"border: 1px solid #ddd; padding: 8px;\">Alumiinium \/ Plastik<\/td>\n<\/tr>\n<tr>\n<td style=\"border: 1px solid #ddd; padding: 8px; width: 45%;\"><strong>Tasemed<\/strong><\/td>\n<td style=\"border: 1px solid #ddd; padding: 8px;\">4<\/td>\n<\/tr>\n<\/tbody>\n<\/table>\n","protected":false},"excerpt":{"rendered":"<p>Ruumikas ja usaldusv\u00e4\u00e4rne t\u00f6\u00f6riistak\u00e4ru suures m\u00f5\u00f5dus, 2 k\u00e4epidet ja 4 riiulit. Ideaalne transportimiseks ja hoiustamiseks k\u00f6\u00f6kides, restoranides v\u00f5i muudes t\u00f6\u00f6keskkondades.<\/p>\n","protected":false},"featured_media":31402,"template":"","meta":[],"product_brand":[],"product_cat":[623,579,665,561,720,572],"product_tag":[],"class_list":{"0":"post-31400","1":"product","2":"type-product","3":"status-publish","4":"has-post-thumbnail","6":"product_cat-karud","7":"product_cat-koogitarbed-noud","8":"product_cat-ladustamine-transport","9":"product_cat-moobel-ja-hoiustamine","10":"product_cat-puhastusseadmed","11":"product_cat-roostevabad-tooted","13":"first","14":"instock","15":"sale","16":"taxable","17":"shipping-taxable","18":"purchasable","19":"product-type-simple"},"yoast_head":"<!-- This site is optimized with the Yoast SEO plugin v27.3 - https:\/\/yoast.com\/product\/yoast-seo-wordpress\/ -->\n<title>Professionaalne suur t\u00f6\u00f6riistak\u00e4ru mitmeotstarbeline 4-korruseline 1010x500x1260mm | Adexa HZMCC5014 - Adexa \u2013 Suurk\u00f6\u00f6giseadmed restoranidele ja toitlustusele<\/title>\n<meta name=\"robots\" content=\"index, follow, max-snippet:-1, max-image-preview:large, max-video-preview:-1\" \/>\n<link rel=\"canonical\" href=\"https:\/\/adexa.ee\/toode\/professionaalne-suur-tooriistakaru-mitmeotstarbeline-4-korruseline-1010x500x1260mm-adexa-hzmcc5014\/\" \/>\n<meta property=\"og:locale\" content=\"en_US\" \/>\n<meta property=\"og:type\" content=\"article\" \/>\n<meta property=\"og:title\" content=\"Professionaalne suur t\u00f6\u00f6riistak\u00e4ru mitmeotstarbeline 4-korruseline 1010x500x1260mm | Adexa HZMCC5014 - Adexa \u2013 Suurk\u00f6\u00f6giseadmed restoranidele ja toitlustusele\" \/>\n<meta property=\"og:description\" content=\"Ruumikas ja usaldusv\u00e4\u00e4rne t\u00f6\u00f6riistak\u00e4ru suures m\u00f5\u00f5dus, 2 k\u00e4epidet ja 4 riiulit. Ideaalne transportimiseks ja hoiustamiseks k\u00f6\u00f6kides, restoranides v\u00f5i muudes t\u00f6\u00f6keskkondades.\" \/>\n<meta property=\"og:url\" content=\"https:\/\/adexa.ee\/toode\/professionaalne-suur-tooriistakaru-mitmeotstarbeline-4-korruseline-1010x500x1260mm-adexa-hzmcc5014\/\" \/>\n<meta property=\"og:site_name\" content=\"Adexa \u2013 Suurk\u00f6\u00f6giseadmed restoranidele ja toitlustusele\" \/>\n<meta property=\"article:modified_time\" content=\"2026-03-26T09:06:03+00:00\" \/>\n<meta property=\"og:image\" content=\"https:\/\/adexa.ee\/wp-content\/uploads\/2025\/01\/HZMCC5014.jpg\" \/>\n\t<meta property=\"og:image:width\" content=\"2000\" \/>\n\t<meta property=\"og:image:height\" content=\"2000\" \/>\n\t<meta property=\"og:image:type\" content=\"image\/jpeg\" \/>\n<meta name=\"twitter:card\" content=\"summary_large_image\" \/>\n<script type=\"application\/ld+json\" class=\"yoast-schema-graph\">{\"@context\":\"https:\\\/\\\/schema.org\",\"@graph\":[{\"@type\":\"WebPage\",\"@id\":\"https:\\\/\\\/adexa.ee\\\/toode\\\/professionaalne-suur-tooriistakaru-mitmeotstarbeline-4-korruseline-1010x500x1260mm-adexa-hzmcc5014\\\/\",\"url\":\"https:\\\/\\\/adexa.ee\\\/toode\\\/professionaalne-suur-tooriistakaru-mitmeotstarbeline-4-korruseline-1010x500x1260mm-adexa-hzmcc5014\\\/\",\"name\":\"Professionaalne suur t\u00f6\u00f6riistak\u00e4ru mitmeotstarbeline 4-korruseline 1010x500x1260mm | Adexa HZMCC5014 - Adexa \u2013 Suurk\u00f6\u00f6giseadmed restoranidele ja toitlustusele\",\"isPartOf\":{\"@id\":\"https:\\\/\\\/adexa.ee\\\/#website\"},\"primaryImageOfPage\":{\"@id\":\"https:\\\/\\\/adexa.ee\\\/toode\\\/professionaalne-suur-tooriistakaru-mitmeotstarbeline-4-korruseline-1010x500x1260mm-adexa-hzmcc5014\\\/#primaryimage\"},\"image\":{\"@id\":\"https:\\\/\\\/adexa.ee\\\/toode\\\/professionaalne-suur-tooriistakaru-mitmeotstarbeline-4-korruseline-1010x500x1260mm-adexa-hzmcc5014\\\/#primaryimage\"},\"thumbnailUrl\":\"https:\\\/\\\/adexa.ee\\\/wp-content\\\/uploads\\\/2025\\\/01\\\/HZMCC5014.jpg\",\"datePublished\":\"2026-03-26T09:05:57+00:00\",\"dateModified\":\"2026-03-26T09:06:03+00:00\",\"breadcrumb\":{\"@id\":\"https:\\\/\\\/adexa.ee\\\/toode\\\/professionaalne-suur-tooriistakaru-mitmeotstarbeline-4-korruseline-1010x500x1260mm-adexa-hzmcc5014\\\/#breadcrumb\"},\"inLanguage\":\"en-US\",\"potentialAction\":[{\"@type\":\"ReadAction\",\"target\":[\"https:\\\/\\\/adexa.ee\\\/toode\\\/professionaalne-suur-tooriistakaru-mitmeotstarbeline-4-korruseline-1010x500x1260mm-adexa-hzmcc5014\\\/\"]}]},{\"@type\":\"ImageObject\",\"inLanguage\":\"en-US\",\"@id\":\"https:\\\/\\\/adexa.ee\\\/toode\\\/professionaalne-suur-tooriistakaru-mitmeotstarbeline-4-korruseline-1010x500x1260mm-adexa-hzmcc5014\\\/#primaryimage\",\"url\":\"https:\\\/\\\/adexa.ee\\\/wp-content\\\/uploads\\\/2025\\\/01\\\/HZMCC5014.jpg\",\"contentUrl\":\"https:\\\/\\\/adexa.ee\\\/wp-content\\\/uploads\\\/2025\\\/01\\\/HZMCC5014.jpg\",\"width\":2000,\"height\":2000},{\"@type\":\"BreadcrumbList\",\"@id\":\"https:\\\/\\\/adexa.ee\\\/toode\\\/professionaalne-suur-tooriistakaru-mitmeotstarbeline-4-korruseline-1010x500x1260mm-adexa-hzmcc5014\\\/#breadcrumb\",\"itemListElement\":[{\"@type\":\"ListItem\",\"position\":1,\"name\":\"Home\",\"item\":\"https:\\\/\\\/adexa.ee\\\/\"},{\"@type\":\"ListItem\",\"position\":2,\"name\":\"Tooted\",\"item\":\"https:\\\/\\\/adexa.ee\\\/pood\\\/\"},{\"@type\":\"ListItem\",\"position\":3,\"name\":\"Professionaalne suur t\u00f6\u00f6riistak\u00e4ru mitmeotstarbeline 4-korruseline 1010x500x1260mm | Adexa HZMCC5014\"}]},{\"@type\":\"WebSite\",\"@id\":\"https:\\\/\\\/adexa.ee\\\/#website\",\"url\":\"https:\\\/\\\/adexa.ee\\\/\",\"name\":\"Adexa\",\"description\":\"\",\"publisher\":{\"@id\":\"https:\\\/\\\/adexa.ee\\\/#organization\"},\"potentialAction\":[{\"@type\":\"SearchAction\",\"target\":{\"@type\":\"EntryPoint\",\"urlTemplate\":\"https:\\\/\\\/adexa.ee\\\/?s={search_term_string}\"},\"query-input\":{\"@type\":\"PropertyValueSpecification\",\"valueRequired\":true,\"valueName\":\"search_term_string\"}}],\"inLanguage\":\"en-US\"},{\"@type\":\"Organization\",\"@id\":\"https:\\\/\\\/adexa.ee\\\/#organization\",\"name\":\"Adexa\",\"url\":\"https:\\\/\\\/adexa.ee\\\/\",\"logo\":{\"@type\":\"ImageObject\",\"inLanguage\":\"en-US\",\"@id\":\"https:\\\/\\\/adexa.ee\\\/#\\\/schema\\\/logo\\\/image\\\/\",\"url\":\"https:\\\/\\\/adexa.ee\\\/wp-content\\\/uploads\\\/2024\\\/04\\\/chef-cooks-working-in-professional-kitchen-2023-11-27-05-07-39-utc-scaled.jpg\",\"contentUrl\":\"https:\\\/\\\/adexa.ee\\\/wp-content\\\/uploads\\\/2024\\\/04\\\/chef-cooks-working-in-professional-kitchen-2023-11-27-05-07-39-utc-scaled.jpg\",\"width\":2560,\"height\":1708,\"caption\":\"Adexa\"},\"image\":{\"@id\":\"https:\\\/\\\/adexa.ee\\\/#\\\/schema\\\/logo\\\/image\\\/\"}}]}<\/script>\n<!-- \/ Yoast SEO plugin. -->","yoast_head_json":{"title":"Professionaalne suur t\u00f6\u00f6riistak\u00e4ru mitmeotstarbeline 4-korruseline 1010x500x1260mm | Adexa HZMCC5014 - Adexa \u2013 Suurk\u00f6\u00f6giseadmed restoranidele ja toitlustusele","robots":{"index":"index","follow":"follow","max-snippet":"max-snippet:-1","max-image-preview":"max-image-preview:large","max-video-preview":"max-video-preview:-1"},"canonical":"https:\/\/adexa.ee\/toode\/professionaalne-suur-tooriistakaru-mitmeotstarbeline-4-korruseline-1010x500x1260mm-adexa-hzmcc5014\/","og_locale":"en_US","og_type":"article","og_title":"Professionaalne suur t\u00f6\u00f6riistak\u00e4ru mitmeotstarbeline 4-korruseline 1010x500x1260mm | Adexa HZMCC5014 - Adexa \u2013 Suurk\u00f6\u00f6giseadmed restoranidele ja toitlustusele","og_description":"Ruumikas ja usaldusv\u00e4\u00e4rne t\u00f6\u00f6riistak\u00e4ru suures m\u00f5\u00f5dus, 2 k\u00e4epidet ja 4 riiulit. Ideaalne transportimiseks ja hoiustamiseks k\u00f6\u00f6kides, restoranides v\u00f5i muudes t\u00f6\u00f6keskkondades.","og_url":"https:\/\/adexa.ee\/toode\/professionaalne-suur-tooriistakaru-mitmeotstarbeline-4-korruseline-1010x500x1260mm-adexa-hzmcc5014\/","og_site_name":"Adexa \u2013 Suurk\u00f6\u00f6giseadmed restoranidele ja toitlustusele","article_modified_time":"2026-03-26T09:06:03+00:00","og_image":[{"width":2000,"height":2000,"url":"https:\/\/adexa.ee\/wp-content\/uploads\/2025\/01\/HZMCC5014.jpg","type":"image\/jpeg"}],"twitter_card":"summary_large_image","schema":{"@context":"https:\/\/schema.org","@graph":[{"@type":"WebPage","@id":"https:\/\/adexa.ee\/toode\/professionaalne-suur-tooriistakaru-mitmeotstarbeline-4-korruseline-1010x500x1260mm-adexa-hzmcc5014\/","url":"https:\/\/adexa.ee\/toode\/professionaalne-suur-tooriistakaru-mitmeotstarbeline-4-korruseline-1010x500x1260mm-adexa-hzmcc5014\/","name":"Professionaalne suur t\u00f6\u00f6riistak\u00e4ru mitmeotstarbeline 4-korruseline 1010x500x1260mm | Adexa HZMCC5014 - Adexa \u2013 Suurk\u00f6\u00f6giseadmed restoranidele ja toitlustusele","isPartOf":{"@id":"https:\/\/adexa.ee\/#website"},"primaryImageOfPage":{"@id":"https:\/\/adexa.ee\/toode\/professionaalne-suur-tooriistakaru-mitmeotstarbeline-4-korruseline-1010x500x1260mm-adexa-hzmcc5014\/#primaryimage"},"image":{"@id":"https:\/\/adexa.ee\/toode\/professionaalne-suur-tooriistakaru-mitmeotstarbeline-4-korruseline-1010x500x1260mm-adexa-hzmcc5014\/#primaryimage"},"thumbnailUrl":"https:\/\/adexa.ee\/wp-content\/uploads\/2025\/01\/HZMCC5014.jpg","datePublished":"2026-03-26T09:05:57+00:00","dateModified":"2026-03-26T09:06:03+00:00","breadcrumb":{"@id":"https:\/\/adexa.ee\/toode\/professionaalne-suur-tooriistakaru-mitmeotstarbeline-4-korruseline-1010x500x1260mm-adexa-hzmcc5014\/#breadcrumb"},"inLanguage":"en-US","potentialAction":[{"@type":"ReadAction","target":["https:\/\/adexa.ee\/toode\/professionaalne-suur-tooriistakaru-mitmeotstarbeline-4-korruseline-1010x500x1260mm-adexa-hzmcc5014\/"]}]},{"@type":"ImageObject","inLanguage":"en-US","@id":"https:\/\/adexa.ee\/toode\/professionaalne-suur-tooriistakaru-mitmeotstarbeline-4-korruseline-1010x500x1260mm-adexa-hzmcc5014\/#primaryimage","url":"https:\/\/adexa.ee\/wp-content\/uploads\/2025\/01\/HZMCC5014.jpg","contentUrl":"https:\/\/adexa.ee\/wp-content\/uploads\/2025\/01\/HZMCC5014.jpg","width":2000,"height":2000},{"@type":"BreadcrumbList","@id":"https:\/\/adexa.ee\/toode\/professionaalne-suur-tooriistakaru-mitmeotstarbeline-4-korruseline-1010x500x1260mm-adexa-hzmcc5014\/#breadcrumb","itemListElement":[{"@type":"ListItem","position":1,"name":"Home","item":"https:\/\/adexa.ee\/"},{"@type":"ListItem","position":2,"name":"Tooted","item":"https:\/\/adexa.ee\/pood\/"},{"@type":"ListItem","position":3,"name":"Professionaalne suur t\u00f6\u00f6riistak\u00e4ru mitmeotstarbeline 4-korruseline 1010x500x1260mm | Adexa HZMCC5014"}]},{"@type":"WebSite","@id":"https:\/\/adexa.ee\/#website","url":"https:\/\/adexa.ee\/","name":"Adexa","description":"","publisher":{"@id":"https:\/\/adexa.ee\/#organization"},"potentialAction":[{"@type":"SearchAction","target":{"@type":"EntryPoint","urlTemplate":"https:\/\/adexa.ee\/?s={search_term_string}"},"query-input":{"@type":"PropertyValueSpecification","valueRequired":true,"valueName":"search_term_string"}}],"inLanguage":"en-US"},{"@type":"Organization","@id":"https:\/\/adexa.ee\/#organization","name":"Adexa","url":"https:\/\/adexa.ee\/","logo":{"@type":"ImageObject","inLanguage":"en-US","@id":"https:\/\/adexa.ee\/#\/schema\/logo\/image\/","url":"https:\/\/adexa.ee\/wp-content\/uploads\/2024\/04\/chef-cooks-working-in-professional-kitchen-2023-11-27-05-07-39-utc-scaled.jpg","contentUrl":"https:\/\/adexa.ee\/wp-content\/uploads\/2024\/04\/chef-cooks-working-in-professional-kitchen-2023-11-27-05-07-39-utc-scaled.jpg","width":2560,"height":1708,"caption":"Adexa"},"image":{"@id":"https:\/\/adexa.ee\/#\/schema\/logo\/image\/"}}]}},"_links":{"self":[{"href":"https:\/\/adexa.ee\/en\/wp-json\/wp\/v2\/product\/31400","targetHints":{"allow":["GET"]}}],"collection":[{"href":"https:\/\/adexa.ee\/en\/wp-json\/wp\/v2\/product"}],"about":[{"href":"https:\/\/adexa.ee\/en\/wp-json\/wp\/v2\/types\/product"}],"wp:featuredmedia":[{"embeddable":true,"href":"https:\/\/adexa.ee\/en\/wp-json\/wp\/v2\/media\/31402"}],"wp:attachment":[{"href":"https:\/\/adexa.ee\/en\/wp-json\/wp\/v2\/media?parent=31400"}],"wp:term":[{"taxonomy":"product_brand","embeddable":true,"href":"https:\/\/adexa.ee\/en\/wp-json\/wp\/v2\/product_brand?post=31400"},{"taxonomy":"product_cat","embeddable":true,"href":"https:\/\/adexa.ee\/en\/wp-json\/wp\/v2\/product_cat?post=31400"},{"taxonomy":"product_tag","embeddable":true,"href":"https:\/\/adexa.ee\/en\/wp-json\/wp\/v2\/product_tag?post=31400"}],"curies":[{"name":"wp","href":"https:\/\/api.w.org\/{rel}","templated":true}]}}