{"id":31463,"date":"2026-03-26T11:15:02","date_gmt":"2026-03-26T09:15:02","guid":{"rendered":"https:\/\/adexa.ee\/toode\/2-korruseline-roostevabast-terasest-toolaud-reguleeritava-alumise-riiuliga-300x700x900-mm-adexa-wt7030wo\/"},"modified":"2026-03-26T11:15:04","modified_gmt":"2026-03-26T09:15:04","slug":"roostevabast-terasest-toolaud-reguleeritava-alumise-riiuliga-300x700x900-mm-adexa-wt7030wo","status":"publish","type":"product","link":"https:\/\/adexa.ee\/en\/toode\/roostevabast-terasest-toolaud-reguleeritava-alumise-riiuliga-300x700x900-mm-adexa-wt7030wo\/","title":{"rendered":"Roostevabast terasest t\u00f6\u00f6laud reguleeritava alumise riiuliga 300x700x900 mm | Adexa WT7030WO"},"content":{"rendered":"<p>See vastupidav roostevabast terasest t\u00f6\u00f6laud pakub kahte tasandit mitmek\u00fclgseks hoiustamiseks ja t\u00f6\u00f6ruumiks. Reguleeritava alumise riiulik\u00f5rguse ja tugevate \u00fcmarate jalgadega on see loodud stabiilsuse ja mugavuse tagamiseks. Valmistatud SS201 terasest, see on lihtne puhastada ja ideaalne professionaalsetele k\u00f6\u00f6kidele v\u00f5i t\u00f6\u00f6ruumidele.<\/p>\n<table style=\"border-collapse: collapse; width: 100%; text-align: left;\">\n<tbody>\n<tr>\n<td style=\"border: 1px solid #ddd; padding: 8px; width: 45%;\"><strong>S\u00fcgavus<\/strong><\/td>\n<td style=\"border: 1px solid #ddd; padding: 8px;\">700mm<\/td>\n<\/tr>\n<tr>\n<td style=\"border: 1px solid #ddd; padding: 8px; width: 45%;\"><strong>K\u00f5rgus<\/strong><\/td>\n<td style=\"border: 1px solid #ddd; padding: 8px;\">900mm<\/td>\n<\/tr>\n<tr>\n<td style=\"border: 1px solid #ddd; padding: 8px; width: 45%;\"><strong>Laius<\/strong><\/td>\n<td style=\"border: 1px solid #ddd; padding: 8px;\">300mm<\/td>\n<\/tr>\n<tr>\n<td style=\"border: 1px solid #ddd; padding: 8px; width: 45%;\"><strong>Kaal<\/strong><\/td>\n<td style=\"border: 1px solid #ddd; padding: 8px;\">7 kg<\/td>\n<\/tr>\n<tr>\n<td style=\"border: 1px solid #ddd; padding: 8px; width: 45%;\"><strong>Garantii<\/strong><\/td>\n<td style=\"border: 1px solid #ddd; padding: 8px;\">12 kuu varuosade garantii<\/td>\n<\/tr>\n<tr>\n<td style=\"border: 1px solid #ddd; padding: 8px; width: 45%;\"><strong>Kokku panemine<\/strong><\/td>\n<td style=\"border: 1px solid #ddd; padding: 8px;\">Lammutatud<\/td>\n<\/tr>\n<tr>\n<td style=\"border: 1px solid #ddd; padding: 8px; width: 45%;\"><strong>Alumine riiul<\/strong><\/td>\n<td style=\"border: 1px solid #ddd; padding: 8px;\">Jah<\/td>\n<\/tr>\n<tr>\n<td style=\"border: 1px solid #ddd; padding: 8px; width: 45%;\"><strong>Materjal<\/strong><\/td>\n<td style=\"border: 1px solid #ddd; padding: 8px;\">Roostevaba teras<\/td>\n<\/tr>\n<tr>\n<td style=\"border: 1px solid #ddd; padding: 8px; width: 45%;\"><strong>Pritsekaitse<\/strong><\/td>\n<td style=\"border: 1px solid #ddd; padding: 8px;\">Ei<\/td>\n<\/tr>\n<\/tbody>\n<\/table>\n","protected":false},"excerpt":{"rendered":"<p>See vastupidav roostevabast terasest t\u00f6\u00f6laud pakub kahte tasandit mitmek\u00fclgseks hoiustamiseks ja t\u00f6\u00f6ruumiks. Reguleeritava alumise riiulik\u00f5rguse ja tugevate \u00fcmarate jalgadega on<\/p>\n","protected":false},"featured_media":31497,"template":"","meta":[],"product_brand":[],"product_cat":[572,717,592],"product_tag":[],"class_list":{"0":"post-31463","1":"product","2":"type-product","3":"status-publish","4":"has-post-thumbnail","6":"product_cat-roostevabad-tooted","7":"product_cat-central-700mm","8":"product_cat-toolauad","10":"first","11":"instock","12":"sale","13":"taxable","14":"shipping-taxable","15":"purchasable","16":"product-type-simple"},"yoast_head":"<!-- This site is optimized with the Yoast SEO plugin v27.3 - https:\/\/yoast.com\/product\/yoast-seo-wordpress\/ -->\n<title>Roostevabast terasest t\u00f6\u00f6laud reguleeritava alumise riiuliga 300x700x900 mm | Adexa WT7030WO - Adexa \u2013 Suurk\u00f6\u00f6giseadmed restoranidele ja toitlustusele<\/title>\n<meta name=\"robots\" content=\"index, follow, max-snippet:-1, max-image-preview:large, max-video-preview:-1\" \/>\n<link rel=\"canonical\" href=\"https:\/\/adexa.ee\/toode\/roostevabast-terasest-toolaud-reguleeritava-alumise-riiuliga-300x700x900-mm-adexa-wt7030wo\/\" \/>\n<meta property=\"og:locale\" content=\"en_US\" \/>\n<meta property=\"og:type\" content=\"article\" \/>\n<meta property=\"og:title\" content=\"Roostevabast terasest t\u00f6\u00f6laud reguleeritava alumise riiuliga 300x700x900 mm | Adexa WT7030WO - Adexa \u2013 Suurk\u00f6\u00f6giseadmed restoranidele ja toitlustusele\" \/>\n<meta property=\"og:description\" content=\"See vastupidav roostevabast terasest t\u00f6\u00f6laud pakub kahte tasandit mitmek\u00fclgseks hoiustamiseks ja t\u00f6\u00f6ruumiks. Reguleeritava alumise riiulik\u00f5rguse ja tugevate \u00fcmarate jalgadega on\" \/>\n<meta property=\"og:url\" content=\"https:\/\/adexa.ee\/toode\/roostevabast-terasest-toolaud-reguleeritava-alumise-riiuliga-300x700x900-mm-adexa-wt7030wo\/\" \/>\n<meta property=\"og:site_name\" content=\"Adexa \u2013 Suurk\u00f6\u00f6giseadmed restoranidele ja toitlustusele\" \/>\n<meta property=\"article:modified_time\" content=\"2026-03-26T09:15:04+00:00\" \/>\n<meta property=\"og:image\" content=\"https:\/\/adexa.ee\/wp-content\/uploads\/2025\/02\/WT7030WO-.jpg\" \/>\n\t<meta property=\"og:image:width\" content=\"912\" \/>\n\t<meta property=\"og:image:height\" content=\"912\" \/>\n\t<meta property=\"og:image:type\" content=\"image\/jpeg\" \/>\n<meta name=\"twitter:card\" content=\"summary_large_image\" \/>\n<script type=\"application\/ld+json\" class=\"yoast-schema-graph\">{\"@context\":\"https:\\\/\\\/schema.org\",\"@graph\":[{\"@type\":\"WebPage\",\"@id\":\"https:\\\/\\\/adexa.ee\\\/toode\\\/roostevabast-terasest-toolaud-reguleeritava-alumise-riiuliga-300x700x900-mm-adexa-wt7030wo\\\/\",\"url\":\"https:\\\/\\\/adexa.ee\\\/toode\\\/roostevabast-terasest-toolaud-reguleeritava-alumise-riiuliga-300x700x900-mm-adexa-wt7030wo\\\/\",\"name\":\"Roostevabast terasest t\u00f6\u00f6laud reguleeritava alumise riiuliga 300x700x900 mm | Adexa WT7030WO - Adexa \u2013 Suurk\u00f6\u00f6giseadmed restoranidele ja toitlustusele\",\"isPartOf\":{\"@id\":\"https:\\\/\\\/adexa.ee\\\/#website\"},\"primaryImageOfPage\":{\"@id\":\"https:\\\/\\\/adexa.ee\\\/toode\\\/roostevabast-terasest-toolaud-reguleeritava-alumise-riiuliga-300x700x900-mm-adexa-wt7030wo\\\/#primaryimage\"},\"image\":{\"@id\":\"https:\\\/\\\/adexa.ee\\\/toode\\\/roostevabast-terasest-toolaud-reguleeritava-alumise-riiuliga-300x700x900-mm-adexa-wt7030wo\\\/#primaryimage\"},\"thumbnailUrl\":\"https:\\\/\\\/adexa.ee\\\/wp-content\\\/uploads\\\/2025\\\/02\\\/WT7030WO-.jpg\",\"datePublished\":\"2026-03-26T09:15:02+00:00\",\"dateModified\":\"2026-03-26T09:15:04+00:00\",\"breadcrumb\":{\"@id\":\"https:\\\/\\\/adexa.ee\\\/toode\\\/roostevabast-terasest-toolaud-reguleeritava-alumise-riiuliga-300x700x900-mm-adexa-wt7030wo\\\/#breadcrumb\"},\"inLanguage\":\"en-US\",\"potentialAction\":[{\"@type\":\"ReadAction\",\"target\":[\"https:\\\/\\\/adexa.ee\\\/toode\\\/roostevabast-terasest-toolaud-reguleeritava-alumise-riiuliga-300x700x900-mm-adexa-wt7030wo\\\/\"]}]},{\"@type\":\"ImageObject\",\"inLanguage\":\"en-US\",\"@id\":\"https:\\\/\\\/adexa.ee\\\/toode\\\/roostevabast-terasest-toolaud-reguleeritava-alumise-riiuliga-300x700x900-mm-adexa-wt7030wo\\\/#primaryimage\",\"url\":\"https:\\\/\\\/adexa.ee\\\/wp-content\\\/uploads\\\/2025\\\/02\\\/WT7030WO-.jpg\",\"contentUrl\":\"https:\\\/\\\/adexa.ee\\\/wp-content\\\/uploads\\\/2025\\\/02\\\/WT7030WO-.jpg\",\"width\":912,\"height\":912},{\"@type\":\"BreadcrumbList\",\"@id\":\"https:\\\/\\\/adexa.ee\\\/toode\\\/roostevabast-terasest-toolaud-reguleeritava-alumise-riiuliga-300x700x900-mm-adexa-wt7030wo\\\/#breadcrumb\",\"itemListElement\":[{\"@type\":\"ListItem\",\"position\":1,\"name\":\"Home\",\"item\":\"https:\\\/\\\/adexa.ee\\\/\"},{\"@type\":\"ListItem\",\"position\":2,\"name\":\"Tooted\",\"item\":\"https:\\\/\\\/adexa.ee\\\/pood\\\/\"},{\"@type\":\"ListItem\",\"position\":3,\"name\":\"Roostevabast terasest t\u00f6\u00f6laud reguleeritava alumise riiuliga 300x700x900 mm | Adexa WT7030WO\"}]},{\"@type\":\"WebSite\",\"@id\":\"https:\\\/\\\/adexa.ee\\\/#website\",\"url\":\"https:\\\/\\\/adexa.ee\\\/\",\"name\":\"Adexa\",\"description\":\"\",\"publisher\":{\"@id\":\"https:\\\/\\\/adexa.ee\\\/#organization\"},\"potentialAction\":[{\"@type\":\"SearchAction\",\"target\":{\"@type\":\"EntryPoint\",\"urlTemplate\":\"https:\\\/\\\/adexa.ee\\\/?s={search_term_string}\"},\"query-input\":{\"@type\":\"PropertyValueSpecification\",\"valueRequired\":true,\"valueName\":\"search_term_string\"}}],\"inLanguage\":\"en-US\"},{\"@type\":\"Organization\",\"@id\":\"https:\\\/\\\/adexa.ee\\\/#organization\",\"name\":\"Adexa\",\"url\":\"https:\\\/\\\/adexa.ee\\\/\",\"logo\":{\"@type\":\"ImageObject\",\"inLanguage\":\"en-US\",\"@id\":\"https:\\\/\\\/adexa.ee\\\/#\\\/schema\\\/logo\\\/image\\\/\",\"url\":\"https:\\\/\\\/adexa.ee\\\/wp-content\\\/uploads\\\/2024\\\/04\\\/chef-cooks-working-in-professional-kitchen-2023-11-27-05-07-39-utc-scaled.jpg\",\"contentUrl\":\"https:\\\/\\\/adexa.ee\\\/wp-content\\\/uploads\\\/2024\\\/04\\\/chef-cooks-working-in-professional-kitchen-2023-11-27-05-07-39-utc-scaled.jpg\",\"width\":2560,\"height\":1708,\"caption\":\"Adexa\"},\"image\":{\"@id\":\"https:\\\/\\\/adexa.ee\\\/#\\\/schema\\\/logo\\\/image\\\/\"}}]}<\/script>\n<!-- \/ Yoast SEO plugin. -->","yoast_head_json":{"title":"Roostevabast terasest t\u00f6\u00f6laud reguleeritava alumise riiuliga 300x700x900 mm | Adexa WT7030WO - Adexa \u2013 Suurk\u00f6\u00f6giseadmed restoranidele ja toitlustusele","robots":{"index":"index","follow":"follow","max-snippet":"max-snippet:-1","max-image-preview":"max-image-preview:large","max-video-preview":"max-video-preview:-1"},"canonical":"https:\/\/adexa.ee\/toode\/roostevabast-terasest-toolaud-reguleeritava-alumise-riiuliga-300x700x900-mm-adexa-wt7030wo\/","og_locale":"en_US","og_type":"article","og_title":"Roostevabast terasest t\u00f6\u00f6laud reguleeritava alumise riiuliga 300x700x900 mm | Adexa WT7030WO - Adexa \u2013 Suurk\u00f6\u00f6giseadmed restoranidele ja toitlustusele","og_description":"See vastupidav roostevabast terasest t\u00f6\u00f6laud pakub kahte tasandit mitmek\u00fclgseks hoiustamiseks ja t\u00f6\u00f6ruumiks. Reguleeritava alumise riiulik\u00f5rguse ja tugevate \u00fcmarate jalgadega on","og_url":"https:\/\/adexa.ee\/toode\/roostevabast-terasest-toolaud-reguleeritava-alumise-riiuliga-300x700x900-mm-adexa-wt7030wo\/","og_site_name":"Adexa \u2013 Suurk\u00f6\u00f6giseadmed restoranidele ja toitlustusele","article_modified_time":"2026-03-26T09:15:04+00:00","og_image":[{"width":912,"height":912,"url":"https:\/\/adexa.ee\/wp-content\/uploads\/2025\/02\/WT7030WO-.jpg","type":"image\/jpeg"}],"twitter_card":"summary_large_image","schema":{"@context":"https:\/\/schema.org","@graph":[{"@type":"WebPage","@id":"https:\/\/adexa.ee\/toode\/roostevabast-terasest-toolaud-reguleeritava-alumise-riiuliga-300x700x900-mm-adexa-wt7030wo\/","url":"https:\/\/adexa.ee\/toode\/roostevabast-terasest-toolaud-reguleeritava-alumise-riiuliga-300x700x900-mm-adexa-wt7030wo\/","name":"Roostevabast terasest t\u00f6\u00f6laud reguleeritava alumise riiuliga 300x700x900 mm | Adexa WT7030WO - Adexa \u2013 Suurk\u00f6\u00f6giseadmed restoranidele ja toitlustusele","isPartOf":{"@id":"https:\/\/adexa.ee\/#website"},"primaryImageOfPage":{"@id":"https:\/\/adexa.ee\/toode\/roostevabast-terasest-toolaud-reguleeritava-alumise-riiuliga-300x700x900-mm-adexa-wt7030wo\/#primaryimage"},"image":{"@id":"https:\/\/adexa.ee\/toode\/roostevabast-terasest-toolaud-reguleeritava-alumise-riiuliga-300x700x900-mm-adexa-wt7030wo\/#primaryimage"},"thumbnailUrl":"https:\/\/adexa.ee\/wp-content\/uploads\/2025\/02\/WT7030WO-.jpg","datePublished":"2026-03-26T09:15:02+00:00","dateModified":"2026-03-26T09:15:04+00:00","breadcrumb":{"@id":"https:\/\/adexa.ee\/toode\/roostevabast-terasest-toolaud-reguleeritava-alumise-riiuliga-300x700x900-mm-adexa-wt7030wo\/#breadcrumb"},"inLanguage":"en-US","potentialAction":[{"@type":"ReadAction","target":["https:\/\/adexa.ee\/toode\/roostevabast-terasest-toolaud-reguleeritava-alumise-riiuliga-300x700x900-mm-adexa-wt7030wo\/"]}]},{"@type":"ImageObject","inLanguage":"en-US","@id":"https:\/\/adexa.ee\/toode\/roostevabast-terasest-toolaud-reguleeritava-alumise-riiuliga-300x700x900-mm-adexa-wt7030wo\/#primaryimage","url":"https:\/\/adexa.ee\/wp-content\/uploads\/2025\/02\/WT7030WO-.jpg","contentUrl":"https:\/\/adexa.ee\/wp-content\/uploads\/2025\/02\/WT7030WO-.jpg","width":912,"height":912},{"@type":"BreadcrumbList","@id":"https:\/\/adexa.ee\/toode\/roostevabast-terasest-toolaud-reguleeritava-alumise-riiuliga-300x700x900-mm-adexa-wt7030wo\/#breadcrumb","itemListElement":[{"@type":"ListItem","position":1,"name":"Home","item":"https:\/\/adexa.ee\/"},{"@type":"ListItem","position":2,"name":"Tooted","item":"https:\/\/adexa.ee\/pood\/"},{"@type":"ListItem","position":3,"name":"Roostevabast terasest t\u00f6\u00f6laud reguleeritava alumise riiuliga 300x700x900 mm | Adexa WT7030WO"}]},{"@type":"WebSite","@id":"https:\/\/adexa.ee\/#website","url":"https:\/\/adexa.ee\/","name":"Adexa","description":"","publisher":{"@id":"https:\/\/adexa.ee\/#organization"},"potentialAction":[{"@type":"SearchAction","target":{"@type":"EntryPoint","urlTemplate":"https:\/\/adexa.ee\/?s={search_term_string}"},"query-input":{"@type":"PropertyValueSpecification","valueRequired":true,"valueName":"search_term_string"}}],"inLanguage":"en-US"},{"@type":"Organization","@id":"https:\/\/adexa.ee\/#organization","name":"Adexa","url":"https:\/\/adexa.ee\/","logo":{"@type":"ImageObject","inLanguage":"en-US","@id":"https:\/\/adexa.ee\/#\/schema\/logo\/image\/","url":"https:\/\/adexa.ee\/wp-content\/uploads\/2024\/04\/chef-cooks-working-in-professional-kitchen-2023-11-27-05-07-39-utc-scaled.jpg","contentUrl":"https:\/\/adexa.ee\/wp-content\/uploads\/2024\/04\/chef-cooks-working-in-professional-kitchen-2023-11-27-05-07-39-utc-scaled.jpg","width":2560,"height":1708,"caption":"Adexa"},"image":{"@id":"https:\/\/adexa.ee\/#\/schema\/logo\/image\/"}}]}},"_links":{"self":[{"href":"https:\/\/adexa.ee\/en\/wp-json\/wp\/v2\/product\/31463","targetHints":{"allow":["GET"]}}],"collection":[{"href":"https:\/\/adexa.ee\/en\/wp-json\/wp\/v2\/product"}],"about":[{"href":"https:\/\/adexa.ee\/en\/wp-json\/wp\/v2\/types\/product"}],"wp:featuredmedia":[{"embeddable":true,"href":"https:\/\/adexa.ee\/en\/wp-json\/wp\/v2\/media\/31497"}],"wp:attachment":[{"href":"https:\/\/adexa.ee\/en\/wp-json\/wp\/v2\/media?parent=31463"}],"wp:term":[{"taxonomy":"product_brand","embeddable":true,"href":"https:\/\/adexa.ee\/en\/wp-json\/wp\/v2\/product_brand?post=31463"},{"taxonomy":"product_cat","embeddable":true,"href":"https:\/\/adexa.ee\/en\/wp-json\/wp\/v2\/product_cat?post=31463"},{"taxonomy":"product_tag","embeddable":true,"href":"https:\/\/adexa.ee\/en\/wp-json\/wp\/v2\/product_tag?post=31463"}],"curies":[{"name":"wp","href":"https:\/\/api.w.org\/{rel}","templated":true}]}}