{"id":31477,"date":"2026-03-26T11:15:02","date_gmt":"2026-03-26T09:15:02","guid":{"rendered":"https:\/\/adexa.ee\/toode\/kahekordne-valamu-paremal-noudekuivatuse-alusega-ja-tagaseinaga-1800x600x910mm-adexa-dsb1860r\/"},"modified":"2026-03-26T11:15:05","modified_gmt":"2026-03-26T09:15:05","slug":"kahe-valamuga-paremal-noudekuivatuse-alusega-ja-pritsmekaitsega-1800x600x910mm-adexa-dsb1860r","status":"publish","type":"product","link":"https:\/\/adexa.ee\/en\/toode\/kahe-valamuga-paremal-noudekuivatuse-alusega-ja-pritsmekaitsega-1800x600x910mm-adexa-dsb1860r\/","title":{"rendered":"Kahe valamuga paremal n\u00f5udekuivatuse alusega ja Pritsmekaitsega 1800x600x910mm | Adexa DSB1860R"},"content":{"rendered":"<p>Kahekordne valamu n\u00f5udekuivatuse alusega Ruudukujulised jalad stabiilsuse tagamiseks Keevitatud kausid suure vastupidavuse saavutamiseks 10 cm tagasein seinte puhtuse ja kaitse tagamiseks Tugevdatud raam lisastabiilsuse saavutamiseks Stiilne lainemustriga n\u00f5udekuivatusalus See kvaliteetne kahekordne valamu on loodud vastama professionaalsete k\u00f6\u00f6kide vajadustele, \u00fchendades funktsionaalsuse esteetikaga. Keevitatud kausid ja tugevdatud \u00e4\u00e4red tagavad vastupidava konstruktsiooni, mis talub igap\u00e4evast kasutamist. Lainemustriga n\u00f5udekuivatusalus ei ole ainult praktiline, vaid lisab ka elegantset ilmet. Tagasein teeb sellest ideaalse valiku k\u00f6\u00f6gi puhtuse ja korrastatuse s\u00e4ilitamiseks, samas kui ruudukujulised jalad tagavad stabiilsuse isegi intensiivse t\u00f6\u00f6 k\u00e4igus. Suurep\u00e4rane valik nii restoranidele kui ka erak\u00f6\u00f6kidele, kus on k\u00f5rged n\u00f5udmised. \u00dcksikasjalikku teavet leiate jaotisest &#8216;Spetsifikatsioon&#8217; ja vaadake allpool &#8216;Seotud tooted&#8217; all pihustusseadmete ja segistite kohta.<\/p>\n<table style=\"border-collapse: collapse; width: 100%; text-align: left;\">\n<tbody>\n<tr>\n<td style=\"border: 1px solid #ddd; padding: 8px; width: 45%;\"><strong>S\u00fcgavus<\/strong><\/td>\n<td style=\"border: 1px solid #ddd; padding: 8px;\">600mm<\/td>\n<\/tr>\n<tr>\n<td style=\"border: 1px solid #ddd; padding: 8px; width: 45%;\"><strong>K\u00f5rgus<\/strong><\/td>\n<td style=\"border: 1px solid #ddd; padding: 8px;\">910mm (+100mm pritsmekaitse)<\/td>\n<\/tr>\n<tr>\n<td style=\"border: 1px solid #ddd; padding: 8px; width: 45%;\"><strong>Laius<\/strong><\/td>\n<td style=\"border: 1px solid #ddd; padding: 8px;\">1800 mm<\/td>\n<\/tr>\n<tr>\n<td style=\"border: 1px solid #ddd; padding: 8px; width: 45%;\"><strong>Kaal<\/strong><\/td>\n<td style=\"border: 1px solid #ddd; padding: 8px;\">32kg<\/td>\n<\/tr>\n<tr>\n<td style=\"border: 1px solid #ddd; padding: 8px; width: 45%;\"><strong>Garantii<\/strong><\/td>\n<td style=\"border: 1px solid #ddd; padding: 8px;\">12 kuu varuosade garantii<\/td>\n<\/tr>\n<tr>\n<td style=\"border: 1px solid #ddd; padding: 8px; width: 45%;\"><strong>Kokku panemine<\/strong><\/td>\n<td style=\"border: 1px solid #ddd; padding: 8px;\">Lahti v\u00f5etud<\/td>\n<\/tr>\n<tr>\n<td style=\"border: 1px solid #ddd; padding: 8px; width: 45%;\"><strong>Alumine riiul<\/strong><\/td>\n<td style=\"border: 1px solid #ddd; padding: 8px;\">Jah<\/td>\n<\/tr>\n<tr>\n<td style=\"border: 1px solid #ddd; padding: 8px; width: 45%;\"><strong>Kausi asukoht<\/strong><\/td>\n<td style=\"border: 1px solid #ddd; padding: 8px;\">Vasakule<\/td>\n<\/tr>\n<tr>\n<td style=\"border: 1px solid #ddd; padding: 8px; width: 45%;\"><strong>Jalad<\/strong><\/td>\n<td style=\"border: 1px solid #ddd; padding: 8px;\">Reguleeritavad jalad<\/td>\n<\/tr>\n<tr>\n<td style=\"border: 1px solid #ddd; padding: 8px; width: 45%;\"><strong>Materjal<\/strong><\/td>\n<td style=\"border: 1px solid #ddd; padding: 8px;\">Roostevaba teras<\/td>\n<\/tr>\n<tr>\n<td style=\"border: 1px solid #ddd; padding: 8px; width: 45%;\"><strong>Valamu kausid<\/strong><\/td>\n<td style=\"border: 1px solid #ddd; padding: 8px;\">2<\/td>\n<\/tr>\n<tr>\n<td style=\"border: 1px solid #ddd; padding: 8px; width: 45%;\"><strong>Pritsekaitse<\/strong><\/td>\n<td style=\"border: 1px solid #ddd; padding: 8px;\">Jah<\/td>\n<\/tr>\n<tr>\n<td style=\"border: 1px solid #ddd; padding: 8px; width: 45%;\"><strong>M\u00f5\u00f5tmed (valamu kauss)<\/strong><\/td>\n<td style=\"border: 1px solid #ddd; padding: 8px;\">400x400x250mm<\/td>\n<\/tr>\n<\/tbody>\n<\/table>\n","protected":false},"excerpt":{"rendered":"<p>Kahekordne valamu n\u00f5udekuivatuse alusega Ruudukujulised jalad stabiilsuse tagamiseks Keevitatud kausid suure vastupidavuse saavutamiseks 10 cm tagasein seinte puhtuse ja kaitse<\/p>\n","protected":false},"featured_media":31630,"template":"","meta":[],"product_brand":[],"product_cat":[572,573,660],"product_tag":[],"class_list":{"0":"post-31477","1":"product","2":"type-product","3":"status-publish","4":"has-post-thumbnail","6":"product_cat-roostevabad-tooted","7":"product_cat-uhesed-ja-kahesed-valamud","8":"product_cat-valamud-noudepesumasinatele","10":"first","11":"instock","12":"sale","13":"taxable","14":"shipping-taxable","15":"purchasable","16":"product-type-simple"},"yoast_head":"<!-- This site is optimized with the Yoast SEO plugin v27.3 - https:\/\/yoast.com\/product\/yoast-seo-wordpress\/ -->\n<title>Kahe valamuga paremal n\u00f5udekuivatuse alusega ja Pritsmekaitsega 1800x600x910mm | Adexa DSB1860R - Adexa \u2013 Suurk\u00f6\u00f6giseadmed restoranidele ja toitlustusele<\/title>\n<meta name=\"robots\" content=\"index, follow, max-snippet:-1, max-image-preview:large, max-video-preview:-1\" \/>\n<link rel=\"canonical\" href=\"https:\/\/adexa.ee\/toode\/kahe-valamuga-paremal-noudekuivatuse-alusega-ja-pritsmekaitsega-1800x600x910mm-adexa-dsb1860r\/\" \/>\n<meta property=\"og:locale\" content=\"en_US\" \/>\n<meta property=\"og:type\" content=\"article\" \/>\n<meta property=\"og:title\" content=\"Kahe valamuga paremal n\u00f5udekuivatuse alusega ja Pritsmekaitsega 1800x600x910mm | Adexa DSB1860R - Adexa \u2013 Suurk\u00f6\u00f6giseadmed restoranidele ja toitlustusele\" \/>\n<meta property=\"og:description\" content=\"Kahekordne valamu n\u00f5udekuivatuse alusega Ruudukujulised jalad stabiilsuse tagamiseks Keevitatud kausid suure vastupidavuse saavutamiseks 10 cm tagasein seinte puhtuse ja kaitse\" \/>\n<meta property=\"og:url\" content=\"https:\/\/adexa.ee\/toode\/kahe-valamuga-paremal-noudekuivatuse-alusega-ja-pritsmekaitsega-1800x600x910mm-adexa-dsb1860r\/\" \/>\n<meta property=\"og:site_name\" content=\"Adexa \u2013 Suurk\u00f6\u00f6giseadmed restoranidele ja toitlustusele\" \/>\n<meta property=\"article:modified_time\" content=\"2026-03-26T09:15:05+00:00\" \/>\n<meta property=\"og:image\" content=\"https:\/\/adexa.ee\/wp-content\/uploads\/2025\/02\/DSB1860R.jpg\" \/>\n\t<meta property=\"og:image:width\" content=\"2000\" \/>\n\t<meta property=\"og:image:height\" content=\"2000\" \/>\n\t<meta property=\"og:image:type\" content=\"image\/jpeg\" \/>\n<meta name=\"twitter:card\" content=\"summary_large_image\" \/>\n<meta name=\"twitter:label1\" content=\"Est. reading time\" \/>\n\t<meta name=\"twitter:data1\" content=\"1 minute\" \/>\n<script type=\"application\/ld+json\" class=\"yoast-schema-graph\">{\"@context\":\"https:\\\/\\\/schema.org\",\"@graph\":[{\"@type\":\"WebPage\",\"@id\":\"https:\\\/\\\/adexa.ee\\\/toode\\\/kahe-valamuga-paremal-noudekuivatuse-alusega-ja-pritsmekaitsega-1800x600x910mm-adexa-dsb1860r\\\/\",\"url\":\"https:\\\/\\\/adexa.ee\\\/toode\\\/kahe-valamuga-paremal-noudekuivatuse-alusega-ja-pritsmekaitsega-1800x600x910mm-adexa-dsb1860r\\\/\",\"name\":\"Kahe valamuga paremal n\u00f5udekuivatuse alusega ja Pritsmekaitsega 1800x600x910mm | Adexa DSB1860R - Adexa \u2013 Suurk\u00f6\u00f6giseadmed restoranidele ja toitlustusele\",\"isPartOf\":{\"@id\":\"https:\\\/\\\/adexa.ee\\\/#website\"},\"primaryImageOfPage\":{\"@id\":\"https:\\\/\\\/adexa.ee\\\/toode\\\/kahe-valamuga-paremal-noudekuivatuse-alusega-ja-pritsmekaitsega-1800x600x910mm-adexa-dsb1860r\\\/#primaryimage\"},\"image\":{\"@id\":\"https:\\\/\\\/adexa.ee\\\/toode\\\/kahe-valamuga-paremal-noudekuivatuse-alusega-ja-pritsmekaitsega-1800x600x910mm-adexa-dsb1860r\\\/#primaryimage\"},\"thumbnailUrl\":\"https:\\\/\\\/adexa.ee\\\/wp-content\\\/uploads\\\/2025\\\/02\\\/DSB1860R.jpg\",\"datePublished\":\"2026-03-26T09:15:02+00:00\",\"dateModified\":\"2026-03-26T09:15:05+00:00\",\"breadcrumb\":{\"@id\":\"https:\\\/\\\/adexa.ee\\\/toode\\\/kahe-valamuga-paremal-noudekuivatuse-alusega-ja-pritsmekaitsega-1800x600x910mm-adexa-dsb1860r\\\/#breadcrumb\"},\"inLanguage\":\"en-US\",\"potentialAction\":[{\"@type\":\"ReadAction\",\"target\":[\"https:\\\/\\\/adexa.ee\\\/toode\\\/kahe-valamuga-paremal-noudekuivatuse-alusega-ja-pritsmekaitsega-1800x600x910mm-adexa-dsb1860r\\\/\"]}]},{\"@type\":\"ImageObject\",\"inLanguage\":\"en-US\",\"@id\":\"https:\\\/\\\/adexa.ee\\\/toode\\\/kahe-valamuga-paremal-noudekuivatuse-alusega-ja-pritsmekaitsega-1800x600x910mm-adexa-dsb1860r\\\/#primaryimage\",\"url\":\"https:\\\/\\\/adexa.ee\\\/wp-content\\\/uploads\\\/2025\\\/02\\\/DSB1860R.jpg\",\"contentUrl\":\"https:\\\/\\\/adexa.ee\\\/wp-content\\\/uploads\\\/2025\\\/02\\\/DSB1860R.jpg\",\"width\":2000,\"height\":2000},{\"@type\":\"BreadcrumbList\",\"@id\":\"https:\\\/\\\/adexa.ee\\\/toode\\\/kahe-valamuga-paremal-noudekuivatuse-alusega-ja-pritsmekaitsega-1800x600x910mm-adexa-dsb1860r\\\/#breadcrumb\",\"itemListElement\":[{\"@type\":\"ListItem\",\"position\":1,\"name\":\"Home\",\"item\":\"https:\\\/\\\/adexa.ee\\\/\"},{\"@type\":\"ListItem\",\"position\":2,\"name\":\"Tooted\",\"item\":\"https:\\\/\\\/adexa.ee\\\/pood\\\/\"},{\"@type\":\"ListItem\",\"position\":3,\"name\":\"Kahe valamuga paremal n\u00f5udekuivatuse alusega ja Pritsmekaitsega 1800x600x910mm | Adexa DSB1860R\"}]},{\"@type\":\"WebSite\",\"@id\":\"https:\\\/\\\/adexa.ee\\\/#website\",\"url\":\"https:\\\/\\\/adexa.ee\\\/\",\"name\":\"Adexa\",\"description\":\"\",\"publisher\":{\"@id\":\"https:\\\/\\\/adexa.ee\\\/#organization\"},\"potentialAction\":[{\"@type\":\"SearchAction\",\"target\":{\"@type\":\"EntryPoint\",\"urlTemplate\":\"https:\\\/\\\/adexa.ee\\\/?s={search_term_string}\"},\"query-input\":{\"@type\":\"PropertyValueSpecification\",\"valueRequired\":true,\"valueName\":\"search_term_string\"}}],\"inLanguage\":\"en-US\"},{\"@type\":\"Organization\",\"@id\":\"https:\\\/\\\/adexa.ee\\\/#organization\",\"name\":\"Adexa\",\"url\":\"https:\\\/\\\/adexa.ee\\\/\",\"logo\":{\"@type\":\"ImageObject\",\"inLanguage\":\"en-US\",\"@id\":\"https:\\\/\\\/adexa.ee\\\/#\\\/schema\\\/logo\\\/image\\\/\",\"url\":\"https:\\\/\\\/adexa.ee\\\/wp-content\\\/uploads\\\/2024\\\/04\\\/chef-cooks-working-in-professional-kitchen-2023-11-27-05-07-39-utc-scaled.jpg\",\"contentUrl\":\"https:\\\/\\\/adexa.ee\\\/wp-content\\\/uploads\\\/2024\\\/04\\\/chef-cooks-working-in-professional-kitchen-2023-11-27-05-07-39-utc-scaled.jpg\",\"width\":2560,\"height\":1708,\"caption\":\"Adexa\"},\"image\":{\"@id\":\"https:\\\/\\\/adexa.ee\\\/#\\\/schema\\\/logo\\\/image\\\/\"}}]}<\/script>\n<!-- \/ Yoast SEO plugin. -->","yoast_head_json":{"title":"Kahe valamuga paremal n\u00f5udekuivatuse alusega ja Pritsmekaitsega 1800x600x910mm | Adexa DSB1860R - Adexa \u2013 Suurk\u00f6\u00f6giseadmed restoranidele ja toitlustusele","robots":{"index":"index","follow":"follow","max-snippet":"max-snippet:-1","max-image-preview":"max-image-preview:large","max-video-preview":"max-video-preview:-1"},"canonical":"https:\/\/adexa.ee\/toode\/kahe-valamuga-paremal-noudekuivatuse-alusega-ja-pritsmekaitsega-1800x600x910mm-adexa-dsb1860r\/","og_locale":"en_US","og_type":"article","og_title":"Kahe valamuga paremal n\u00f5udekuivatuse alusega ja Pritsmekaitsega 1800x600x910mm | Adexa DSB1860R - Adexa \u2013 Suurk\u00f6\u00f6giseadmed restoranidele ja toitlustusele","og_description":"Kahekordne valamu n\u00f5udekuivatuse alusega Ruudukujulised jalad stabiilsuse tagamiseks Keevitatud kausid suure vastupidavuse saavutamiseks 10 cm tagasein seinte puhtuse ja kaitse","og_url":"https:\/\/adexa.ee\/toode\/kahe-valamuga-paremal-noudekuivatuse-alusega-ja-pritsmekaitsega-1800x600x910mm-adexa-dsb1860r\/","og_site_name":"Adexa \u2013 Suurk\u00f6\u00f6giseadmed restoranidele ja toitlustusele","article_modified_time":"2026-03-26T09:15:05+00:00","og_image":[{"width":2000,"height":2000,"url":"https:\/\/adexa.ee\/wp-content\/uploads\/2025\/02\/DSB1860R.jpg","type":"image\/jpeg"}],"twitter_card":"summary_large_image","twitter_misc":{"Est. reading time":"1 minute"},"schema":{"@context":"https:\/\/schema.org","@graph":[{"@type":"WebPage","@id":"https:\/\/adexa.ee\/toode\/kahe-valamuga-paremal-noudekuivatuse-alusega-ja-pritsmekaitsega-1800x600x910mm-adexa-dsb1860r\/","url":"https:\/\/adexa.ee\/toode\/kahe-valamuga-paremal-noudekuivatuse-alusega-ja-pritsmekaitsega-1800x600x910mm-adexa-dsb1860r\/","name":"Kahe valamuga paremal n\u00f5udekuivatuse alusega ja Pritsmekaitsega 1800x600x910mm | Adexa DSB1860R - Adexa \u2013 Suurk\u00f6\u00f6giseadmed restoranidele ja toitlustusele","isPartOf":{"@id":"https:\/\/adexa.ee\/#website"},"primaryImageOfPage":{"@id":"https:\/\/adexa.ee\/toode\/kahe-valamuga-paremal-noudekuivatuse-alusega-ja-pritsmekaitsega-1800x600x910mm-adexa-dsb1860r\/#primaryimage"},"image":{"@id":"https:\/\/adexa.ee\/toode\/kahe-valamuga-paremal-noudekuivatuse-alusega-ja-pritsmekaitsega-1800x600x910mm-adexa-dsb1860r\/#primaryimage"},"thumbnailUrl":"https:\/\/adexa.ee\/wp-content\/uploads\/2025\/02\/DSB1860R.jpg","datePublished":"2026-03-26T09:15:02+00:00","dateModified":"2026-03-26T09:15:05+00:00","breadcrumb":{"@id":"https:\/\/adexa.ee\/toode\/kahe-valamuga-paremal-noudekuivatuse-alusega-ja-pritsmekaitsega-1800x600x910mm-adexa-dsb1860r\/#breadcrumb"},"inLanguage":"en-US","potentialAction":[{"@type":"ReadAction","target":["https:\/\/adexa.ee\/toode\/kahe-valamuga-paremal-noudekuivatuse-alusega-ja-pritsmekaitsega-1800x600x910mm-adexa-dsb1860r\/"]}]},{"@type":"ImageObject","inLanguage":"en-US","@id":"https:\/\/adexa.ee\/toode\/kahe-valamuga-paremal-noudekuivatuse-alusega-ja-pritsmekaitsega-1800x600x910mm-adexa-dsb1860r\/#primaryimage","url":"https:\/\/adexa.ee\/wp-content\/uploads\/2025\/02\/DSB1860R.jpg","contentUrl":"https:\/\/adexa.ee\/wp-content\/uploads\/2025\/02\/DSB1860R.jpg","width":2000,"height":2000},{"@type":"BreadcrumbList","@id":"https:\/\/adexa.ee\/toode\/kahe-valamuga-paremal-noudekuivatuse-alusega-ja-pritsmekaitsega-1800x600x910mm-adexa-dsb1860r\/#breadcrumb","itemListElement":[{"@type":"ListItem","position":1,"name":"Home","item":"https:\/\/adexa.ee\/"},{"@type":"ListItem","position":2,"name":"Tooted","item":"https:\/\/adexa.ee\/pood\/"},{"@type":"ListItem","position":3,"name":"Kahe valamuga paremal n\u00f5udekuivatuse alusega ja Pritsmekaitsega 1800x600x910mm | Adexa DSB1860R"}]},{"@type":"WebSite","@id":"https:\/\/adexa.ee\/#website","url":"https:\/\/adexa.ee\/","name":"Adexa","description":"","publisher":{"@id":"https:\/\/adexa.ee\/#organization"},"potentialAction":[{"@type":"SearchAction","target":{"@type":"EntryPoint","urlTemplate":"https:\/\/adexa.ee\/?s={search_term_string}"},"query-input":{"@type":"PropertyValueSpecification","valueRequired":true,"valueName":"search_term_string"}}],"inLanguage":"en-US"},{"@type":"Organization","@id":"https:\/\/adexa.ee\/#organization","name":"Adexa","url":"https:\/\/adexa.ee\/","logo":{"@type":"ImageObject","inLanguage":"en-US","@id":"https:\/\/adexa.ee\/#\/schema\/logo\/image\/","url":"https:\/\/adexa.ee\/wp-content\/uploads\/2024\/04\/chef-cooks-working-in-professional-kitchen-2023-11-27-05-07-39-utc-scaled.jpg","contentUrl":"https:\/\/adexa.ee\/wp-content\/uploads\/2024\/04\/chef-cooks-working-in-professional-kitchen-2023-11-27-05-07-39-utc-scaled.jpg","width":2560,"height":1708,"caption":"Adexa"},"image":{"@id":"https:\/\/adexa.ee\/#\/schema\/logo\/image\/"}}]}},"_links":{"self":[{"href":"https:\/\/adexa.ee\/en\/wp-json\/wp\/v2\/product\/31477","targetHints":{"allow":["GET"]}}],"collection":[{"href":"https:\/\/adexa.ee\/en\/wp-json\/wp\/v2\/product"}],"about":[{"href":"https:\/\/adexa.ee\/en\/wp-json\/wp\/v2\/types\/product"}],"wp:featuredmedia":[{"embeddable":true,"href":"https:\/\/adexa.ee\/en\/wp-json\/wp\/v2\/media\/31630"}],"wp:attachment":[{"href":"https:\/\/adexa.ee\/en\/wp-json\/wp\/v2\/media?parent=31477"}],"wp:term":[{"taxonomy":"product_brand","embeddable":true,"href":"https:\/\/adexa.ee\/en\/wp-json\/wp\/v2\/product_brand?post=31477"},{"taxonomy":"product_cat","embeddable":true,"href":"https:\/\/adexa.ee\/en\/wp-json\/wp\/v2\/product_cat?post=31477"},{"taxonomy":"product_tag","embeddable":true,"href":"https:\/\/adexa.ee\/en\/wp-json\/wp\/v2\/product_tag?post=31477"}],"curies":[{"name":"wp","href":"https:\/\/api.w.org\/{rel}","templated":true}]}}