{"id":31480,"date":"2026-03-26T11:15:02","date_gmt":"2026-03-26T09:15:02","guid":{"rendered":"https:\/\/adexa.ee\/toode\/kahepesukohaline-kraanikauss-vasakul-koos-noudekuivatuslauda-ja-kaitsekattega-1800x600x910mm-adexa-dsb1860l\/"},"modified":"2026-03-26T11:15:05","modified_gmt":"2026-03-26T09:15:05","slug":"kahe-valamuga-vasakul-koos-noudekuivatuslaua-ja-pritsmekaitsega-1800x600x910mm-adexa-dsb1860l","status":"publish","type":"product","link":"https:\/\/adexa.ee\/en\/toode\/kahe-valamuga-vasakul-koos-noudekuivatuslaua-ja-pritsmekaitsega-1800x600x910mm-adexa-dsb1860l\/","title":{"rendered":"Kahe valamuga vasakul koos n\u00f5udekuivatuslaua ja pritsmekaitsega 1800x600x910mm | Adexa DSB1860L"},"content":{"rendered":"<p>Kahepesukohaline kraanikauss koos n\u00f5udekuivatuslauaga Ruudukujulised jalad stabiilsuse tagamiseks Keevitatud kausid suure vastupidavuse jaoks 10 cm kaitsekate seinte puhtana ja kaitstuna hoidmiseks Tugevdatud raam lisastabiilsuse jaoks Stiilne lainemustriline n\u00f5udekuivatuslaudSee k\u00f5rgekvaliteediline kahepesukohaline kraanikauss on loodud vastama professionaalsete k\u00f6\u00f6kide vajadustele, \u00fchendades funktsionaalsuse esteetikaga. Keevitatud kausid ja tugevdatud servad pakuvad tugevat konstruktsiooni, mis peab vastu igap\u00e4evasele kasutusele. Lainemustriline n\u00f5udekuivatuslaud on mitte ainult praktiline, vaid lisab ka esteetilist elegantsust. Kaitseplaat muudab selle ideaalseks k\u00f6\u00f6gi puhtana ja korras hoidmiseks, samas kui ruudukujulised jalad tagavad stabiilsuse ka intensiivsete t\u00f6\u00f6\u00fclesannete ajal. Suurep\u00e4rane valik nii restoranide kui ka k\u00f5rgete standarditega eraisikuliste k\u00f6\u00f6kide jaoks. Palun vaata \u00fcksikasjalikku teavet &#8220;Spetsifikatsioonide&#8221; alt ja &#8220;Seotud toodete&#8221; allosas leidub pihustus\u00fcksuseid ja kraane.<\/p>\n<table style=\"border-collapse: collapse; width: 100%; text-align: left;\">\n<tbody>\n<tr>\n<td style=\"border: 1px solid #ddd; padding: 8px; width: 45%;\"><strong>S\u00fcgavus<\/strong><\/td>\n<td style=\"border: 1px solid #ddd; padding: 8px;\">600mm<\/td>\n<\/tr>\n<tr>\n<td style=\"border: 1px solid #ddd; padding: 8px; width: 45%;\"><strong>K\u00f5rgus<\/strong><\/td>\n<td style=\"border: 1px solid #ddd; padding: 8px;\">910mm (+100mm tagat\u00f5ke)<\/td>\n<\/tr>\n<tr>\n<td style=\"border: 1px solid #ddd; padding: 8px; width: 45%;\"><strong>Laius<\/strong><\/td>\n<td style=\"border: 1px solid #ddd; padding: 8px;\">1800 mm<\/td>\n<\/tr>\n<tr>\n<td style=\"border: 1px solid #ddd; padding: 8px; width: 45%;\"><strong>Kaal<\/strong><\/td>\n<td style=\"border: 1px solid #ddd; padding: 8px;\">32kg<\/td>\n<\/tr>\n<tr>\n<td style=\"border: 1px solid #ddd; padding: 8px; width: 45%;\"><strong>Garantii<\/strong><\/td>\n<td style=\"border: 1px solid #ddd; padding: 8px;\">12 kuu varuosade garantii<\/td>\n<\/tr>\n<tr>\n<td style=\"border: 1px solid #ddd; padding: 8px; width: 45%;\"><strong>Kokku panemine<\/strong><\/td>\n<td style=\"border: 1px solid #ddd; padding: 8px;\">Lahti v\u00f5etud<\/td>\n<\/tr>\n<tr>\n<td style=\"border: 1px solid #ddd; padding: 8px; width: 45%;\"><strong>Alumine riiul<\/strong><\/td>\n<td style=\"border: 1px solid #ddd; padding: 8px;\">Jah<\/td>\n<\/tr>\n<tr>\n<td style=\"border: 1px solid #ddd; padding: 8px; width: 45%;\"><strong>Kausi asukoht<\/strong><\/td>\n<td style=\"border: 1px solid #ddd; padding: 8px;\">Vasakule<\/td>\n<\/tr>\n<tr>\n<td style=\"border: 1px solid #ddd; padding: 8px; width: 45%;\"><strong>Jalad<\/strong><\/td>\n<td style=\"border: 1px solid #ddd; padding: 8px;\">Reguleeritavad jalad<\/td>\n<\/tr>\n<tr>\n<td style=\"border: 1px solid #ddd; padding: 8px; width: 45%;\"><strong>Materjal<\/strong><\/td>\n<td style=\"border: 1px solid #ddd; padding: 8px;\">Roostevaba teras<\/td>\n<\/tr>\n<tr>\n<td style=\"border: 1px solid #ddd; padding: 8px; width: 45%;\"><strong>Valamu kausid<\/strong><\/td>\n<td style=\"border: 1px solid #ddd; padding: 8px;\">2<\/td>\n<\/tr>\n<tr>\n<td style=\"border: 1px solid #ddd; padding: 8px; width: 45%;\"><strong>Pritsekaitse<\/strong><\/td>\n<td style=\"border: 1px solid #ddd; padding: 8px;\">Jah<\/td>\n<\/tr>\n<tr>\n<td style=\"border: 1px solid #ddd; padding: 8px; width: 45%;\"><strong>M\u00f5\u00f5tmed (valamu kauss)<\/strong><\/td>\n<td style=\"border: 1px solid #ddd; padding: 8px;\">400x400x250mm<\/td>\n<\/tr>\n<\/tbody>\n<\/table>\n","protected":false},"excerpt":{"rendered":"<p>Kahepesukohaline kraanikauss koos n\u00f5udekuivatuslauaga Ruudukujulised jalad stabiilsuse tagamiseks Keevitatud kausid suure vastupidavuse jaoks 10 cm kaitsekate seinte puhtana ja kaitstuna<\/p>\n","protected":false},"featured_media":31637,"template":"","meta":[],"product_brand":[],"product_cat":[572,573,660],"product_tag":[],"class_list":{"0":"post-31480","1":"product","2":"type-product","3":"status-publish","4":"has-post-thumbnail","6":"product_cat-roostevabad-tooted","7":"product_cat-uhesed-ja-kahesed-valamud","8":"product_cat-valamud-noudepesumasinatele","10":"first","11":"instock","12":"sale","13":"taxable","14":"shipping-taxable","15":"purchasable","16":"product-type-simple"},"yoast_head":"<!-- This site is optimized with the Yoast SEO plugin v27.3 - https:\/\/yoast.com\/product\/yoast-seo-wordpress\/ -->\n<title>Kahe valamuga vasakul koos n\u00f5udekuivatuslaua ja pritsmekaitsega 1800x600x910mm | Adexa DSB1860L - Adexa \u2013 Suurk\u00f6\u00f6giseadmed restoranidele ja toitlustusele<\/title>\n<meta name=\"robots\" content=\"index, follow, max-snippet:-1, max-image-preview:large, max-video-preview:-1\" \/>\n<link rel=\"canonical\" href=\"https:\/\/adexa.ee\/toode\/kahe-valamuga-vasakul-koos-noudekuivatuslaua-ja-pritsmekaitsega-1800x600x910mm-adexa-dsb1860l\/\" \/>\n<meta property=\"og:locale\" content=\"en_US\" \/>\n<meta property=\"og:type\" content=\"article\" \/>\n<meta property=\"og:title\" content=\"Kahe valamuga vasakul koos n\u00f5udekuivatuslaua ja pritsmekaitsega 1800x600x910mm | Adexa DSB1860L - Adexa \u2013 Suurk\u00f6\u00f6giseadmed restoranidele ja toitlustusele\" \/>\n<meta property=\"og:description\" content=\"Kahepesukohaline kraanikauss koos n\u00f5udekuivatuslauaga Ruudukujulised jalad stabiilsuse tagamiseks Keevitatud kausid suure vastupidavuse jaoks 10 cm kaitsekate seinte puhtana ja kaitstuna\" \/>\n<meta property=\"og:url\" content=\"https:\/\/adexa.ee\/toode\/kahe-valamuga-vasakul-koos-noudekuivatuslaua-ja-pritsmekaitsega-1800x600x910mm-adexa-dsb1860l\/\" \/>\n<meta property=\"og:site_name\" content=\"Adexa \u2013 Suurk\u00f6\u00f6giseadmed restoranidele ja toitlustusele\" \/>\n<meta property=\"article:modified_time\" content=\"2026-03-26T09:15:05+00:00\" \/>\n<meta property=\"og:image\" content=\"https:\/\/adexa.ee\/wp-content\/uploads\/2025\/02\/DSB1860L.jpg\" \/>\n\t<meta property=\"og:image:width\" content=\"2000\" \/>\n\t<meta property=\"og:image:height\" content=\"2000\" \/>\n\t<meta property=\"og:image:type\" content=\"image\/jpeg\" \/>\n<meta name=\"twitter:card\" content=\"summary_large_image\" \/>\n<meta name=\"twitter:label1\" content=\"Est. reading time\" \/>\n\t<meta name=\"twitter:data1\" content=\"1 minute\" \/>\n<script type=\"application\/ld+json\" class=\"yoast-schema-graph\">{\"@context\":\"https:\\\/\\\/schema.org\",\"@graph\":[{\"@type\":\"WebPage\",\"@id\":\"https:\\\/\\\/adexa.ee\\\/toode\\\/kahe-valamuga-vasakul-koos-noudekuivatuslaua-ja-pritsmekaitsega-1800x600x910mm-adexa-dsb1860l\\\/\",\"url\":\"https:\\\/\\\/adexa.ee\\\/toode\\\/kahe-valamuga-vasakul-koos-noudekuivatuslaua-ja-pritsmekaitsega-1800x600x910mm-adexa-dsb1860l\\\/\",\"name\":\"Kahe valamuga vasakul koos n\u00f5udekuivatuslaua ja pritsmekaitsega 1800x600x910mm | Adexa DSB1860L - Adexa \u2013 Suurk\u00f6\u00f6giseadmed restoranidele ja toitlustusele\",\"isPartOf\":{\"@id\":\"https:\\\/\\\/adexa.ee\\\/#website\"},\"primaryImageOfPage\":{\"@id\":\"https:\\\/\\\/adexa.ee\\\/toode\\\/kahe-valamuga-vasakul-koos-noudekuivatuslaua-ja-pritsmekaitsega-1800x600x910mm-adexa-dsb1860l\\\/#primaryimage\"},\"image\":{\"@id\":\"https:\\\/\\\/adexa.ee\\\/toode\\\/kahe-valamuga-vasakul-koos-noudekuivatuslaua-ja-pritsmekaitsega-1800x600x910mm-adexa-dsb1860l\\\/#primaryimage\"},\"thumbnailUrl\":\"https:\\\/\\\/adexa.ee\\\/wp-content\\\/uploads\\\/2025\\\/02\\\/DSB1860L.jpg\",\"datePublished\":\"2026-03-26T09:15:02+00:00\",\"dateModified\":\"2026-03-26T09:15:05+00:00\",\"breadcrumb\":{\"@id\":\"https:\\\/\\\/adexa.ee\\\/toode\\\/kahe-valamuga-vasakul-koos-noudekuivatuslaua-ja-pritsmekaitsega-1800x600x910mm-adexa-dsb1860l\\\/#breadcrumb\"},\"inLanguage\":\"en-US\",\"potentialAction\":[{\"@type\":\"ReadAction\",\"target\":[\"https:\\\/\\\/adexa.ee\\\/toode\\\/kahe-valamuga-vasakul-koos-noudekuivatuslaua-ja-pritsmekaitsega-1800x600x910mm-adexa-dsb1860l\\\/\"]}]},{\"@type\":\"ImageObject\",\"inLanguage\":\"en-US\",\"@id\":\"https:\\\/\\\/adexa.ee\\\/toode\\\/kahe-valamuga-vasakul-koos-noudekuivatuslaua-ja-pritsmekaitsega-1800x600x910mm-adexa-dsb1860l\\\/#primaryimage\",\"url\":\"https:\\\/\\\/adexa.ee\\\/wp-content\\\/uploads\\\/2025\\\/02\\\/DSB1860L.jpg\",\"contentUrl\":\"https:\\\/\\\/adexa.ee\\\/wp-content\\\/uploads\\\/2025\\\/02\\\/DSB1860L.jpg\",\"width\":2000,\"height\":2000},{\"@type\":\"BreadcrumbList\",\"@id\":\"https:\\\/\\\/adexa.ee\\\/toode\\\/kahe-valamuga-vasakul-koos-noudekuivatuslaua-ja-pritsmekaitsega-1800x600x910mm-adexa-dsb1860l\\\/#breadcrumb\",\"itemListElement\":[{\"@type\":\"ListItem\",\"position\":1,\"name\":\"Home\",\"item\":\"https:\\\/\\\/adexa.ee\\\/\"},{\"@type\":\"ListItem\",\"position\":2,\"name\":\"Tooted\",\"item\":\"https:\\\/\\\/adexa.ee\\\/pood\\\/\"},{\"@type\":\"ListItem\",\"position\":3,\"name\":\"Kahe valamuga vasakul koos n\u00f5udekuivatuslaua ja pritsmekaitsega 1800x600x910mm | Adexa DSB1860L\"}]},{\"@type\":\"WebSite\",\"@id\":\"https:\\\/\\\/adexa.ee\\\/#website\",\"url\":\"https:\\\/\\\/adexa.ee\\\/\",\"name\":\"Adexa\",\"description\":\"\",\"publisher\":{\"@id\":\"https:\\\/\\\/adexa.ee\\\/#organization\"},\"potentialAction\":[{\"@type\":\"SearchAction\",\"target\":{\"@type\":\"EntryPoint\",\"urlTemplate\":\"https:\\\/\\\/adexa.ee\\\/?s={search_term_string}\"},\"query-input\":{\"@type\":\"PropertyValueSpecification\",\"valueRequired\":true,\"valueName\":\"search_term_string\"}}],\"inLanguage\":\"en-US\"},{\"@type\":\"Organization\",\"@id\":\"https:\\\/\\\/adexa.ee\\\/#organization\",\"name\":\"Adexa\",\"url\":\"https:\\\/\\\/adexa.ee\\\/\",\"logo\":{\"@type\":\"ImageObject\",\"inLanguage\":\"en-US\",\"@id\":\"https:\\\/\\\/adexa.ee\\\/#\\\/schema\\\/logo\\\/image\\\/\",\"url\":\"https:\\\/\\\/adexa.ee\\\/wp-content\\\/uploads\\\/2024\\\/04\\\/chef-cooks-working-in-professional-kitchen-2023-11-27-05-07-39-utc-scaled.jpg\",\"contentUrl\":\"https:\\\/\\\/adexa.ee\\\/wp-content\\\/uploads\\\/2024\\\/04\\\/chef-cooks-working-in-professional-kitchen-2023-11-27-05-07-39-utc-scaled.jpg\",\"width\":2560,\"height\":1708,\"caption\":\"Adexa\"},\"image\":{\"@id\":\"https:\\\/\\\/adexa.ee\\\/#\\\/schema\\\/logo\\\/image\\\/\"}}]}<\/script>\n<!-- \/ Yoast SEO plugin. -->","yoast_head_json":{"title":"Kahe valamuga vasakul koos n\u00f5udekuivatuslaua ja pritsmekaitsega 1800x600x910mm | Adexa DSB1860L - Adexa \u2013 Suurk\u00f6\u00f6giseadmed restoranidele ja toitlustusele","robots":{"index":"index","follow":"follow","max-snippet":"max-snippet:-1","max-image-preview":"max-image-preview:large","max-video-preview":"max-video-preview:-1"},"canonical":"https:\/\/adexa.ee\/toode\/kahe-valamuga-vasakul-koos-noudekuivatuslaua-ja-pritsmekaitsega-1800x600x910mm-adexa-dsb1860l\/","og_locale":"en_US","og_type":"article","og_title":"Kahe valamuga vasakul koos n\u00f5udekuivatuslaua ja pritsmekaitsega 1800x600x910mm | Adexa DSB1860L - Adexa \u2013 Suurk\u00f6\u00f6giseadmed restoranidele ja toitlustusele","og_description":"Kahepesukohaline kraanikauss koos n\u00f5udekuivatuslauaga Ruudukujulised jalad stabiilsuse tagamiseks Keevitatud kausid suure vastupidavuse jaoks 10 cm kaitsekate seinte puhtana ja kaitstuna","og_url":"https:\/\/adexa.ee\/toode\/kahe-valamuga-vasakul-koos-noudekuivatuslaua-ja-pritsmekaitsega-1800x600x910mm-adexa-dsb1860l\/","og_site_name":"Adexa \u2013 Suurk\u00f6\u00f6giseadmed restoranidele ja toitlustusele","article_modified_time":"2026-03-26T09:15:05+00:00","og_image":[{"width":2000,"height":2000,"url":"https:\/\/adexa.ee\/wp-content\/uploads\/2025\/02\/DSB1860L.jpg","type":"image\/jpeg"}],"twitter_card":"summary_large_image","twitter_misc":{"Est. reading time":"1 minute"},"schema":{"@context":"https:\/\/schema.org","@graph":[{"@type":"WebPage","@id":"https:\/\/adexa.ee\/toode\/kahe-valamuga-vasakul-koos-noudekuivatuslaua-ja-pritsmekaitsega-1800x600x910mm-adexa-dsb1860l\/","url":"https:\/\/adexa.ee\/toode\/kahe-valamuga-vasakul-koos-noudekuivatuslaua-ja-pritsmekaitsega-1800x600x910mm-adexa-dsb1860l\/","name":"Kahe valamuga vasakul koos n\u00f5udekuivatuslaua ja pritsmekaitsega 1800x600x910mm | Adexa DSB1860L - Adexa \u2013 Suurk\u00f6\u00f6giseadmed restoranidele ja toitlustusele","isPartOf":{"@id":"https:\/\/adexa.ee\/#website"},"primaryImageOfPage":{"@id":"https:\/\/adexa.ee\/toode\/kahe-valamuga-vasakul-koos-noudekuivatuslaua-ja-pritsmekaitsega-1800x600x910mm-adexa-dsb1860l\/#primaryimage"},"image":{"@id":"https:\/\/adexa.ee\/toode\/kahe-valamuga-vasakul-koos-noudekuivatuslaua-ja-pritsmekaitsega-1800x600x910mm-adexa-dsb1860l\/#primaryimage"},"thumbnailUrl":"https:\/\/adexa.ee\/wp-content\/uploads\/2025\/02\/DSB1860L.jpg","datePublished":"2026-03-26T09:15:02+00:00","dateModified":"2026-03-26T09:15:05+00:00","breadcrumb":{"@id":"https:\/\/adexa.ee\/toode\/kahe-valamuga-vasakul-koos-noudekuivatuslaua-ja-pritsmekaitsega-1800x600x910mm-adexa-dsb1860l\/#breadcrumb"},"inLanguage":"en-US","potentialAction":[{"@type":"ReadAction","target":["https:\/\/adexa.ee\/toode\/kahe-valamuga-vasakul-koos-noudekuivatuslaua-ja-pritsmekaitsega-1800x600x910mm-adexa-dsb1860l\/"]}]},{"@type":"ImageObject","inLanguage":"en-US","@id":"https:\/\/adexa.ee\/toode\/kahe-valamuga-vasakul-koos-noudekuivatuslaua-ja-pritsmekaitsega-1800x600x910mm-adexa-dsb1860l\/#primaryimage","url":"https:\/\/adexa.ee\/wp-content\/uploads\/2025\/02\/DSB1860L.jpg","contentUrl":"https:\/\/adexa.ee\/wp-content\/uploads\/2025\/02\/DSB1860L.jpg","width":2000,"height":2000},{"@type":"BreadcrumbList","@id":"https:\/\/adexa.ee\/toode\/kahe-valamuga-vasakul-koos-noudekuivatuslaua-ja-pritsmekaitsega-1800x600x910mm-adexa-dsb1860l\/#breadcrumb","itemListElement":[{"@type":"ListItem","position":1,"name":"Home","item":"https:\/\/adexa.ee\/"},{"@type":"ListItem","position":2,"name":"Tooted","item":"https:\/\/adexa.ee\/pood\/"},{"@type":"ListItem","position":3,"name":"Kahe valamuga vasakul koos n\u00f5udekuivatuslaua ja pritsmekaitsega 1800x600x910mm | Adexa DSB1860L"}]},{"@type":"WebSite","@id":"https:\/\/adexa.ee\/#website","url":"https:\/\/adexa.ee\/","name":"Adexa","description":"","publisher":{"@id":"https:\/\/adexa.ee\/#organization"},"potentialAction":[{"@type":"SearchAction","target":{"@type":"EntryPoint","urlTemplate":"https:\/\/adexa.ee\/?s={search_term_string}"},"query-input":{"@type":"PropertyValueSpecification","valueRequired":true,"valueName":"search_term_string"}}],"inLanguage":"en-US"},{"@type":"Organization","@id":"https:\/\/adexa.ee\/#organization","name":"Adexa","url":"https:\/\/adexa.ee\/","logo":{"@type":"ImageObject","inLanguage":"en-US","@id":"https:\/\/adexa.ee\/#\/schema\/logo\/image\/","url":"https:\/\/adexa.ee\/wp-content\/uploads\/2024\/04\/chef-cooks-working-in-professional-kitchen-2023-11-27-05-07-39-utc-scaled.jpg","contentUrl":"https:\/\/adexa.ee\/wp-content\/uploads\/2024\/04\/chef-cooks-working-in-professional-kitchen-2023-11-27-05-07-39-utc-scaled.jpg","width":2560,"height":1708,"caption":"Adexa"},"image":{"@id":"https:\/\/adexa.ee\/#\/schema\/logo\/image\/"}}]}},"_links":{"self":[{"href":"https:\/\/adexa.ee\/en\/wp-json\/wp\/v2\/product\/31480","targetHints":{"allow":["GET"]}}],"collection":[{"href":"https:\/\/adexa.ee\/en\/wp-json\/wp\/v2\/product"}],"about":[{"href":"https:\/\/adexa.ee\/en\/wp-json\/wp\/v2\/types\/product"}],"wp:featuredmedia":[{"embeddable":true,"href":"https:\/\/adexa.ee\/en\/wp-json\/wp\/v2\/media\/31637"}],"wp:attachment":[{"href":"https:\/\/adexa.ee\/en\/wp-json\/wp\/v2\/media?parent=31480"}],"wp:term":[{"taxonomy":"product_brand","embeddable":true,"href":"https:\/\/adexa.ee\/en\/wp-json\/wp\/v2\/product_brand?post=31480"},{"taxonomy":"product_cat","embeddable":true,"href":"https:\/\/adexa.ee\/en\/wp-json\/wp\/v2\/product_cat?post=31480"},{"taxonomy":"product_tag","embeddable":true,"href":"https:\/\/adexa.ee\/en\/wp-json\/wp\/v2\/product_tag?post=31480"}],"curies":[{"name":"wp","href":"https:\/\/api.w.org\/{rel}","templated":true}]}}