{"id":31604,"date":"2026-03-30T23:45:59","date_gmt":"2026-03-30T20:45:59","guid":{"rendered":"https:\/\/adexa.ee\/toode\/professionaalne-planeetmikser-30-liitrit-3-kiirust-adexa-b30\/"},"modified":"2026-03-30T23:45:59","modified_gmt":"2026-03-30T20:45:59","slug":"professionaalne-planetaarmikser-30-liitrit-3-kiirust-adexa-b30","status":"publish","type":"product","link":"https:\/\/adexa.ee\/en\/toode\/professionaalne-planetaarmikser-30-liitrit-3-kiirust-adexa-b30\/","title":{"rendered":"Professionaalne planetaarmikser 30 liitrit 3 kiirust | Adexa B30"},"content":{"rendered":"<p>Suurep\u00e4rane hinna ja kvaliteedi suhe mitmeotstarbelisele planeetmikserile. Sellel on palju kasutusv\u00f5imalusi ja seet\u00f5ttu sobib see ideaalselt pagarit\u00f6\u00f6kodadesse, pitsarestoranidesse, restoranidesse v\u00f5i muusse kaubanduslikku toitlustusettev\u00f5ttesse. Saab kasutada k\u00f6\u00f6gikombainina, pagarimikserina, professionaalse statsionaarse mikserina v\u00f5i tainamikserina. L\u00fchidalt \u00f6eldes on see v\u00e4ga mitmek\u00fclgne professionaalne vertikaalne mikser. Roostevabast terasest turvavarjud 3 kiirusastet Sobib kuni maksimaalselt 6 kg kuivale jahule Mahutavus: 30 liitrit Roostevabast terasest vispel, tainakonks ja lamekloppija kaasas 230V \/ 13 amprit Standardne \u00dchendkuningriigi pistik Paigaldatud. T\u00e4psema teabe saamiseks vaadake jaotist \u201eSpetsifikatsioon\u201d.<\/p>\n<table style=\"border-collapse: collapse; width: 100%; text-align: left;\">\n<tbody>\n<tr>\n<td style=\"border: 1px solid #ddd; padding: 8px; width: 45%;\"><strong>S\u00fcgavus<\/strong><\/td>\n<td style=\"border: 1px solid #ddd; padding: 8px;\">575mm<\/td>\n<\/tr>\n<tr>\n<td style=\"border: 1px solid #ddd; padding: 8px; width: 45%;\"><strong>K\u00f5rgus<\/strong><\/td>\n<td style=\"border: 1px solid #ddd; padding: 8px;\">960mm<\/td>\n<\/tr>\n<tr>\n<td style=\"border: 1px solid #ddd; padding: 8px; width: 45%;\"><strong>Laius<\/strong><\/td>\n<td style=\"border: 1px solid #ddd; padding: 8px;\">440mm<\/td>\n<\/tr>\n<tr>\n<td style=\"border: 1px solid #ddd; padding: 8px; width: 45%;\"><strong>Kaal<\/strong><\/td>\n<td style=\"border: 1px solid #ddd; padding: 8px;\">80 kg<\/td>\n<\/tr>\n<tr>\n<td style=\"border: 1px solid #ddd; padding: 8px; width: 45%;\"><strong>Garantii<\/strong><\/td>\n<td style=\"border: 1px solid #ddd; padding: 8px;\">12 kuu varuosade garantii<\/td>\n<\/tr>\n<tr>\n<td style=\"border: 1px solid #ddd; padding: 8px; width: 45%;\"><strong>Mahutavus<\/strong><\/td>\n<td style=\"border: 1px solid #ddd; padding: 8px;\">30 liitrit \/ 6 kg kuiva jahu<\/td>\n<\/tr>\n<tr>\n<td style=\"border: 1px solid #ddd; padding: 8px; width: 45%;\"><strong>Toiteallikas<\/strong><\/td>\n<td style=\"border: 1px solid #ddd; padding: 8px;\">230V \/ 1 faas<\/td>\n<\/tr>\n<tr>\n<td style=\"border: 1px solid #ddd; padding: 8px; width: 45%;\"><strong>V\u00f5imsus<\/strong><\/td>\n<td style=\"border: 1px solid #ddd; padding: 8px;\">1500W<\/td>\n<\/tr>\n<tr>\n<td style=\"border: 1px solid #ddd; padding: 8px; width: 45%;\"><strong>Kaasas<\/strong><\/td>\n<td style=\"border: 1px solid #ddd; padding: 8px;\">Pritsmekaitse, Vispel, Taignakonks, Lameklopper (roostevabast terasest)<\/td>\n<\/tr>\n<tr>\n<td style=\"border: 1px solid #ddd; padding: 8px; width: 45%;\"><strong>V\u00e4rv<\/strong><\/td>\n<td style=\"border: 1px solid #ddd; padding: 8px;\">H\u00f5be<\/td>\n<\/tr>\n<tr>\n<td style=\"border: 1px solid #ddd; padding: 8px; width: 45%;\"><strong>Kiirused<\/strong><\/td>\n<td style=\"border: 1px solid #ddd; padding: 8px;\">3<\/td>\n<\/tr>\n<tr>\n<td style=\"border: 1px solid #ddd; padding: 8px; width: 45%;\"><strong>P\/min<\/strong><\/td>\n<td style=\"border: 1px solid #ddd; padding: 8px;\">142 &#8211; 234 &#8211; 429<\/td>\n<\/tr>\n<\/tbody>\n<\/table>\n","protected":false},"excerpt":{"rendered":"<p>Suurep\u00e4rane hinna ja kvaliteedi suhe mitmeotstarbelisele planeetmikserile. Sellel on palju kasutusv\u00f5imalusi ja seet\u00f5ttu sobib see ideaalselt pagarit\u00f6\u00f6kodadesse, pitsarestoranidesse, restoranidesse v\u00f5i<\/p>\n","protected":false},"featured_media":31606,"template":"","meta":[],"product_brand":[],"product_cat":[714,690,664,733,735,736,734,732],"product_tag":[],"class_list":{"0":"post-31604","1":"product","2":"type-product","3":"status-publish","4":"has-post-thumbnail","6":"product_cat-ettevalmistus","7":"product_cat-kaup-super-diiliga","8":"product_cat-pitsa-ja-grill","9":"product_cat-planetaarmikserid","10":"product_cat-planetaarsegajad","11":"product_cat-planetaarsegajad-spiraalmikserid-taignasegajad","12":"product_cat-spiraalmikserid-taignasegajad","13":"product_cat-taigna-sotkumis-ja-segamismasinad","15":"first","16":"instock","17":"sale","18":"taxable","19":"shipping-taxable","20":"purchasable","21":"product-type-simple"},"yoast_head":"<!-- This site is optimized with the Yoast SEO plugin v27.3 - https:\/\/yoast.com\/product\/yoast-seo-wordpress\/ -->\n<title>Professionaalne planetaarmikser 30 liitrit 3 kiirust | Adexa B30 - Adexa \u2013 Suurk\u00f6\u00f6giseadmed restoranidele ja toitlustusele<\/title>\n<meta name=\"robots\" content=\"index, follow, max-snippet:-1, max-image-preview:large, max-video-preview:-1\" \/>\n<link rel=\"canonical\" href=\"https:\/\/adexa.ee\/toode\/professionaalne-planetaarmikser-30-liitrit-3-kiirust-adexa-b30\/\" \/>\n<meta property=\"og:locale\" content=\"en_US\" \/>\n<meta property=\"og:type\" content=\"article\" \/>\n<meta property=\"og:title\" content=\"Professionaalne planetaarmikser 30 liitrit 3 kiirust | Adexa B30 - Adexa \u2013 Suurk\u00f6\u00f6giseadmed restoranidele ja toitlustusele\" \/>\n<meta property=\"og:description\" content=\"Suurep\u00e4rane hinna ja kvaliteedi suhe mitmeotstarbelisele planeetmikserile. Sellel on palju kasutusv\u00f5imalusi ja seet\u00f5ttu sobib see ideaalselt pagarit\u00f6\u00f6kodadesse, pitsarestoranidesse, restoranidesse v\u00f5i\" \/>\n<meta property=\"og:url\" content=\"https:\/\/adexa.ee\/toode\/professionaalne-planetaarmikser-30-liitrit-3-kiirust-adexa-b30\/\" \/>\n<meta property=\"og:site_name\" content=\"Adexa \u2013 Suurk\u00f6\u00f6giseadmed restoranidele ja toitlustusele\" \/>\n<meta property=\"og:image\" content=\"https:\/\/adexa.ee\/wp-content\/uploads\/2025\/02\/B30-.jpg\" \/>\n\t<meta property=\"og:image:width\" content=\"2000\" \/>\n\t<meta property=\"og:image:height\" content=\"2000\" \/>\n\t<meta property=\"og:image:type\" content=\"image\/jpeg\" \/>\n<meta name=\"twitter:card\" content=\"summary_large_image\" \/>\n<meta name=\"twitter:label1\" content=\"Est. reading time\" \/>\n\t<meta name=\"twitter:data1\" content=\"1 minute\" \/>\n<script type=\"application\/ld+json\" class=\"yoast-schema-graph\">{\"@context\":\"https:\\\/\\\/schema.org\",\"@graph\":[{\"@type\":\"WebPage\",\"@id\":\"https:\\\/\\\/adexa.ee\\\/toode\\\/professionaalne-planetaarmikser-30-liitrit-3-kiirust-adexa-b30\\\/\",\"url\":\"https:\\\/\\\/adexa.ee\\\/toode\\\/professionaalne-planetaarmikser-30-liitrit-3-kiirust-adexa-b30\\\/\",\"name\":\"Professionaalne planetaarmikser 30 liitrit 3 kiirust | Adexa B30 - Adexa \u2013 Suurk\u00f6\u00f6giseadmed restoranidele ja toitlustusele\",\"isPartOf\":{\"@id\":\"https:\\\/\\\/adexa.ee\\\/#website\"},\"primaryImageOfPage\":{\"@id\":\"https:\\\/\\\/adexa.ee\\\/toode\\\/professionaalne-planetaarmikser-30-liitrit-3-kiirust-adexa-b30\\\/#primaryimage\"},\"image\":{\"@id\":\"https:\\\/\\\/adexa.ee\\\/toode\\\/professionaalne-planetaarmikser-30-liitrit-3-kiirust-adexa-b30\\\/#primaryimage\"},\"thumbnailUrl\":\"https:\\\/\\\/adexa.ee\\\/wp-content\\\/uploads\\\/2025\\\/02\\\/B30-.jpg\",\"datePublished\":\"2026-03-30T20:45:59+00:00\",\"breadcrumb\":{\"@id\":\"https:\\\/\\\/adexa.ee\\\/toode\\\/professionaalne-planetaarmikser-30-liitrit-3-kiirust-adexa-b30\\\/#breadcrumb\"},\"inLanguage\":\"en-US\",\"potentialAction\":[{\"@type\":\"ReadAction\",\"target\":[\"https:\\\/\\\/adexa.ee\\\/toode\\\/professionaalne-planetaarmikser-30-liitrit-3-kiirust-adexa-b30\\\/\"]}]},{\"@type\":\"ImageObject\",\"inLanguage\":\"en-US\",\"@id\":\"https:\\\/\\\/adexa.ee\\\/toode\\\/professionaalne-planetaarmikser-30-liitrit-3-kiirust-adexa-b30\\\/#primaryimage\",\"url\":\"https:\\\/\\\/adexa.ee\\\/wp-content\\\/uploads\\\/2025\\\/02\\\/B30-.jpg\",\"contentUrl\":\"https:\\\/\\\/adexa.ee\\\/wp-content\\\/uploads\\\/2025\\\/02\\\/B30-.jpg\",\"width\":2000,\"height\":2000},{\"@type\":\"BreadcrumbList\",\"@id\":\"https:\\\/\\\/adexa.ee\\\/toode\\\/professionaalne-planetaarmikser-30-liitrit-3-kiirust-adexa-b30\\\/#breadcrumb\",\"itemListElement\":[{\"@type\":\"ListItem\",\"position\":1,\"name\":\"Home\",\"item\":\"https:\\\/\\\/adexa.ee\\\/\"},{\"@type\":\"ListItem\",\"position\":2,\"name\":\"Tooted\",\"item\":\"https:\\\/\\\/adexa.ee\\\/pood\\\/\"},{\"@type\":\"ListItem\",\"position\":3,\"name\":\"Professionaalne planetaarmikser 30 liitrit 3 kiirust | Adexa B30\"}]},{\"@type\":\"WebSite\",\"@id\":\"https:\\\/\\\/adexa.ee\\\/#website\",\"url\":\"https:\\\/\\\/adexa.ee\\\/\",\"name\":\"Adexa\",\"description\":\"\",\"publisher\":{\"@id\":\"https:\\\/\\\/adexa.ee\\\/#organization\"},\"potentialAction\":[{\"@type\":\"SearchAction\",\"target\":{\"@type\":\"EntryPoint\",\"urlTemplate\":\"https:\\\/\\\/adexa.ee\\\/?s={search_term_string}\"},\"query-input\":{\"@type\":\"PropertyValueSpecification\",\"valueRequired\":true,\"valueName\":\"search_term_string\"}}],\"inLanguage\":\"en-US\"},{\"@type\":\"Organization\",\"@id\":\"https:\\\/\\\/adexa.ee\\\/#organization\",\"name\":\"Adexa\",\"url\":\"https:\\\/\\\/adexa.ee\\\/\",\"logo\":{\"@type\":\"ImageObject\",\"inLanguage\":\"en-US\",\"@id\":\"https:\\\/\\\/adexa.ee\\\/#\\\/schema\\\/logo\\\/image\\\/\",\"url\":\"https:\\\/\\\/adexa.ee\\\/wp-content\\\/uploads\\\/2024\\\/04\\\/chef-cooks-working-in-professional-kitchen-2023-11-27-05-07-39-utc-scaled.jpg\",\"contentUrl\":\"https:\\\/\\\/adexa.ee\\\/wp-content\\\/uploads\\\/2024\\\/04\\\/chef-cooks-working-in-professional-kitchen-2023-11-27-05-07-39-utc-scaled.jpg\",\"width\":2560,\"height\":1708,\"caption\":\"Adexa\"},\"image\":{\"@id\":\"https:\\\/\\\/adexa.ee\\\/#\\\/schema\\\/logo\\\/image\\\/\"}}]}<\/script>\n<!-- \/ Yoast SEO plugin. -->","yoast_head_json":{"title":"Professionaalne planetaarmikser 30 liitrit 3 kiirust | Adexa B30 - Adexa \u2013 Suurk\u00f6\u00f6giseadmed restoranidele ja toitlustusele","robots":{"index":"index","follow":"follow","max-snippet":"max-snippet:-1","max-image-preview":"max-image-preview:large","max-video-preview":"max-video-preview:-1"},"canonical":"https:\/\/adexa.ee\/toode\/professionaalne-planetaarmikser-30-liitrit-3-kiirust-adexa-b30\/","og_locale":"en_US","og_type":"article","og_title":"Professionaalne planetaarmikser 30 liitrit 3 kiirust | Adexa B30 - Adexa \u2013 Suurk\u00f6\u00f6giseadmed restoranidele ja toitlustusele","og_description":"Suurep\u00e4rane hinna ja kvaliteedi suhe mitmeotstarbelisele planeetmikserile. Sellel on palju kasutusv\u00f5imalusi ja seet\u00f5ttu sobib see ideaalselt pagarit\u00f6\u00f6kodadesse, pitsarestoranidesse, restoranidesse v\u00f5i","og_url":"https:\/\/adexa.ee\/toode\/professionaalne-planetaarmikser-30-liitrit-3-kiirust-adexa-b30\/","og_site_name":"Adexa \u2013 Suurk\u00f6\u00f6giseadmed restoranidele ja toitlustusele","og_image":[{"width":2000,"height":2000,"url":"https:\/\/adexa.ee\/wp-content\/uploads\/2025\/02\/B30-.jpg","type":"image\/jpeg"}],"twitter_card":"summary_large_image","twitter_misc":{"Est. reading time":"1 minute"},"schema":{"@context":"https:\/\/schema.org","@graph":[{"@type":"WebPage","@id":"https:\/\/adexa.ee\/toode\/professionaalne-planetaarmikser-30-liitrit-3-kiirust-adexa-b30\/","url":"https:\/\/adexa.ee\/toode\/professionaalne-planetaarmikser-30-liitrit-3-kiirust-adexa-b30\/","name":"Professionaalne planetaarmikser 30 liitrit 3 kiirust | Adexa B30 - Adexa \u2013 Suurk\u00f6\u00f6giseadmed restoranidele ja toitlustusele","isPartOf":{"@id":"https:\/\/adexa.ee\/#website"},"primaryImageOfPage":{"@id":"https:\/\/adexa.ee\/toode\/professionaalne-planetaarmikser-30-liitrit-3-kiirust-adexa-b30\/#primaryimage"},"image":{"@id":"https:\/\/adexa.ee\/toode\/professionaalne-planetaarmikser-30-liitrit-3-kiirust-adexa-b30\/#primaryimage"},"thumbnailUrl":"https:\/\/adexa.ee\/wp-content\/uploads\/2025\/02\/B30-.jpg","datePublished":"2026-03-30T20:45:59+00:00","breadcrumb":{"@id":"https:\/\/adexa.ee\/toode\/professionaalne-planetaarmikser-30-liitrit-3-kiirust-adexa-b30\/#breadcrumb"},"inLanguage":"en-US","potentialAction":[{"@type":"ReadAction","target":["https:\/\/adexa.ee\/toode\/professionaalne-planetaarmikser-30-liitrit-3-kiirust-adexa-b30\/"]}]},{"@type":"ImageObject","inLanguage":"en-US","@id":"https:\/\/adexa.ee\/toode\/professionaalne-planetaarmikser-30-liitrit-3-kiirust-adexa-b30\/#primaryimage","url":"https:\/\/adexa.ee\/wp-content\/uploads\/2025\/02\/B30-.jpg","contentUrl":"https:\/\/adexa.ee\/wp-content\/uploads\/2025\/02\/B30-.jpg","width":2000,"height":2000},{"@type":"BreadcrumbList","@id":"https:\/\/adexa.ee\/toode\/professionaalne-planetaarmikser-30-liitrit-3-kiirust-adexa-b30\/#breadcrumb","itemListElement":[{"@type":"ListItem","position":1,"name":"Home","item":"https:\/\/adexa.ee\/"},{"@type":"ListItem","position":2,"name":"Tooted","item":"https:\/\/adexa.ee\/pood\/"},{"@type":"ListItem","position":3,"name":"Professionaalne planetaarmikser 30 liitrit 3 kiirust | Adexa B30"}]},{"@type":"WebSite","@id":"https:\/\/adexa.ee\/#website","url":"https:\/\/adexa.ee\/","name":"Adexa","description":"","publisher":{"@id":"https:\/\/adexa.ee\/#organization"},"potentialAction":[{"@type":"SearchAction","target":{"@type":"EntryPoint","urlTemplate":"https:\/\/adexa.ee\/?s={search_term_string}"},"query-input":{"@type":"PropertyValueSpecification","valueRequired":true,"valueName":"search_term_string"}}],"inLanguage":"en-US"},{"@type":"Organization","@id":"https:\/\/adexa.ee\/#organization","name":"Adexa","url":"https:\/\/adexa.ee\/","logo":{"@type":"ImageObject","inLanguage":"en-US","@id":"https:\/\/adexa.ee\/#\/schema\/logo\/image\/","url":"https:\/\/adexa.ee\/wp-content\/uploads\/2024\/04\/chef-cooks-working-in-professional-kitchen-2023-11-27-05-07-39-utc-scaled.jpg","contentUrl":"https:\/\/adexa.ee\/wp-content\/uploads\/2024\/04\/chef-cooks-working-in-professional-kitchen-2023-11-27-05-07-39-utc-scaled.jpg","width":2560,"height":1708,"caption":"Adexa"},"image":{"@id":"https:\/\/adexa.ee\/#\/schema\/logo\/image\/"}}]}},"_links":{"self":[{"href":"https:\/\/adexa.ee\/en\/wp-json\/wp\/v2\/product\/31604","targetHints":{"allow":["GET"]}}],"collection":[{"href":"https:\/\/adexa.ee\/en\/wp-json\/wp\/v2\/product"}],"about":[{"href":"https:\/\/adexa.ee\/en\/wp-json\/wp\/v2\/types\/product"}],"wp:featuredmedia":[{"embeddable":true,"href":"https:\/\/adexa.ee\/en\/wp-json\/wp\/v2\/media\/31606"}],"wp:attachment":[{"href":"https:\/\/adexa.ee\/en\/wp-json\/wp\/v2\/media?parent=31604"}],"wp:term":[{"taxonomy":"product_brand","embeddable":true,"href":"https:\/\/adexa.ee\/en\/wp-json\/wp\/v2\/product_brand?post=31604"},{"taxonomy":"product_cat","embeddable":true,"href":"https:\/\/adexa.ee\/en\/wp-json\/wp\/v2\/product_cat?post=31604"},{"taxonomy":"product_tag","embeddable":true,"href":"https:\/\/adexa.ee\/en\/wp-json\/wp\/v2\/product_tag?post=31604"}],"curies":[{"name":"wp","href":"https:\/\/api.w.org\/{rel}","templated":true}]}}