{"id":31649,"date":"2026-03-30T16:15:42","date_gmt":"2026-03-30T13:15:42","guid":{"rendered":"https:\/\/adexa.ee\/toode\/kommertslik-valamu-aravoolualuse-ja-kapiuksega-1200x600x910mm-uksik-kauss-paremal-400x400x250mm-adexa-dsb12602dr\/"},"modified":"2026-03-30T16:15:42","modified_gmt":"2026-03-30T13:15:42","slug":"valamu-aravoolualuse-ja-kapiuksega-1200x600x910mm-uksik-kauss-paremal-400x400x250mm-adexa-dsb12602dr","status":"publish","type":"product","link":"https:\/\/adexa.ee\/en\/toode\/valamu-aravoolualuse-ja-kapiuksega-1200x600x910mm-uksik-kauss-paremal-400x400x250mm-adexa-dsb12602dr\/","title":{"rendered":"Valamu \u00e4ravoolualuse ja kapiuksega 1200x600x910mm \u00dcksik kauss paremal 400x400x250mm | Adexa DSB12602DR"},"content":{"rendered":"<p>See praktiline \u00fche valamuga seade sisaldab avarat kaussi (400x400x250mm) ja mugavat \u00e4ravoolualust h\u00f5lpsaks kuivatamiseks ja organiseerimiseks. Sisseehitatud uks pakub varjatud hoiuruumi puhastusvahenditele v\u00f5i k\u00f6\u00f6giriistadele. Vastupidav ja kergesti hooldatav, see valamu sobib ideaalselt nii professionaalsesse kui ka koduk\u00f6\u00f6ki, \u00fchendades funktsionaalsuse puhta disainiga. \u00dcksikasjaliku teabe saamiseks vaadake jaotisse &#8216;Spetsifikatsioon&#8217; ja allpool jaotises &#8216;Seotud tooted&#8217; leidke pritsseadmed ja segistid.<\/p>\n<table style=\"border-collapse: collapse; width: 100%; text-align: left;\">\n<tbody>\n<tr>\n<td style=\"border: 1px solid #ddd; padding: 8px; width: 45%;\"><strong>S\u00fcgavus<\/strong><\/td>\n<td style=\"border: 1px solid #ddd; padding: 8px;\">600mm<\/td>\n<\/tr>\n<tr>\n<td style=\"border: 1px solid #ddd; padding: 8px; width: 45%;\"><strong>K\u00f5rgus<\/strong><\/td>\n<td style=\"border: 1px solid #ddd; padding: 8px;\">910 mm<\/td>\n<\/tr>\n<tr>\n<td style=\"border: 1px solid #ddd; padding: 8px; width: 45%;\"><strong>Laius<\/strong><\/td>\n<td style=\"border: 1px solid #ddd; padding: 8px;\">1200mm<\/td>\n<\/tr>\n<tr>\n<td style=\"border: 1px solid #ddd; padding: 8px; width: 45%;\"><strong>Kaal<\/strong><\/td>\n<td style=\"border: 1px solid #ddd; padding: 8px;\">39,2 kg<\/td>\n<\/tr>\n<tr>\n<td style=\"border: 1px solid #ddd; padding: 8px; width: 45%;\"><strong>Garantii<\/strong><\/td>\n<td style=\"border: 1px solid #ddd; padding: 8px;\">12 kuu varuosade garantii<\/td>\n<\/tr>\n<tr>\n<td style=\"border: 1px solid #ddd; padding: 8px; width: 45%;\"><strong>Kokku panemine<\/strong><\/td>\n<td style=\"border: 1px solid #ddd; padding: 8px;\">Lahti v\u00f5etud<\/td>\n<\/tr>\n<tr>\n<td style=\"border: 1px solid #ddd; padding: 8px; width: 45%;\"><strong>Alumine riiul<\/strong><\/td>\n<td style=\"border: 1px solid #ddd; padding: 8px;\">Jah<\/td>\n<\/tr>\n<tr>\n<td style=\"border: 1px solid #ddd; padding: 8px; width: 45%;\"><strong>Kausi asukoht<\/strong><\/td>\n<td style=\"border: 1px solid #ddd; padding: 8px;\">\u00d5ige<\/td>\n<\/tr>\n<tr>\n<td style=\"border: 1px solid #ddd; padding: 8px; width: 45%;\"><strong>Jalad<\/strong><\/td>\n<td style=\"border: 1px solid #ddd; padding: 8px;\">Reguleeritavad jalad<\/td>\n<\/tr>\n<tr>\n<td style=\"border: 1px solid #ddd; padding: 8px; width: 45%;\"><strong>Materjal<\/strong><\/td>\n<td style=\"border: 1px solid #ddd; padding: 8px;\">Roostevaba teras<\/td>\n<\/tr>\n<tr>\n<td style=\"border: 1px solid #ddd; padding: 8px; width: 45%;\"><strong>Kapp<\/strong><\/td>\n<td style=\"border: 1px solid #ddd; padding: 8px;\">Jah<\/td>\n<\/tr>\n<tr>\n<td style=\"border: 1px solid #ddd; padding: 8px; width: 45%;\"><strong>Valamu kausid<\/strong><\/td>\n<td style=\"border: 1px solid #ddd; padding: 8px;\">1<\/td>\n<\/tr>\n<tr>\n<td style=\"border: 1px solid #ddd; padding: 8px; width: 45%;\"><strong>Pritsekaitse<\/strong><\/td>\n<td style=\"border: 1px solid #ddd; padding: 8px;\">Ei<\/td>\n<\/tr>\n<tr>\n<td style=\"border: 1px solid #ddd; padding: 8px; width: 45%;\"><strong>M\u00f5\u00f5tmed (valamu kauss)<\/strong><\/td>\n<td style=\"border: 1px solid #ddd; padding: 8px;\">400x400x250mm<\/td>\n<\/tr>\n<\/tbody>\n<\/table>\n","protected":false},"excerpt":{"rendered":"<p>See praktiline \u00fche valamuga seade sisaldab avarat kaussi (400x400x250mm) ja mugavat \u00e4ravoolualust h\u00f5lpsaks kuivatamiseks ja organiseerimiseks. Sisseehitatud uks pakub varjatud<\/p>\n","protected":false},"featured_media":31651,"template":"","meta":[],"product_brand":[],"product_cat":[812,811,609,708,572,660],"product_tag":[],"class_list":{"0":"post-31649","1":"product","2":"type-product","3":"status-publish","4":"has-post-thumbnail","6":"product_cat-eestlaadimisega-noudepesumasina-lauad","7":"product_cat-klaasinoudepesumasina-lauad","8":"product_cat-noudepesu","9":"product_cat-noudepesumasina-lauad","10":"product_cat-roostevabad-tooted","11":"product_cat-valamud-noudepesumasinatele","13":"first","14":"instock","15":"sale","16":"taxable","17":"shipping-taxable","18":"purchasable","19":"product-type-simple"},"yoast_head":"<!-- This site is optimized with the Yoast SEO plugin v27.3 - https:\/\/yoast.com\/product\/yoast-seo-wordpress\/ -->\n<title>Valamu \u00e4ravoolualuse ja kapiuksega 1200x600x910mm \u00dcksik kauss paremal 400x400x250mm | Adexa DSB12602DR - Adexa \u2013 Suurk\u00f6\u00f6giseadmed restoranidele ja toitlustusele<\/title>\n<meta name=\"robots\" content=\"index, follow, max-snippet:-1, max-image-preview:large, max-video-preview:-1\" \/>\n<link rel=\"canonical\" href=\"https:\/\/adexa.ee\/toode\/valamu-aravoolualuse-ja-kapiuksega-1200x600x910mm-uksik-kauss-paremal-400x400x250mm-adexa-dsb12602dr\/\" \/>\n<meta property=\"og:locale\" content=\"en_US\" \/>\n<meta property=\"og:type\" content=\"article\" \/>\n<meta property=\"og:title\" content=\"Valamu \u00e4ravoolualuse ja kapiuksega 1200x600x910mm \u00dcksik kauss paremal 400x400x250mm | Adexa DSB12602DR - Adexa \u2013 Suurk\u00f6\u00f6giseadmed restoranidele ja toitlustusele\" \/>\n<meta property=\"og:description\" content=\"See praktiline \u00fche valamuga seade sisaldab avarat kaussi (400x400x250mm) ja mugavat \u00e4ravoolualust h\u00f5lpsaks kuivatamiseks ja organiseerimiseks. Sisseehitatud uks pakub varjatud\" \/>\n<meta property=\"og:url\" content=\"https:\/\/adexa.ee\/toode\/valamu-aravoolualuse-ja-kapiuksega-1200x600x910mm-uksik-kauss-paremal-400x400x250mm-adexa-dsb12602dr\/\" \/>\n<meta property=\"og:site_name\" content=\"Adexa \u2013 Suurk\u00f6\u00f6giseadmed restoranidele ja toitlustusele\" \/>\n<meta property=\"og:image\" content=\"https:\/\/adexa.ee\/wp-content\/uploads\/2025\/02\/DSB12602DR.jpg\" \/>\n\t<meta property=\"og:image:width\" content=\"1736\" \/>\n\t<meta property=\"og:image:height\" content=\"1736\" \/>\n\t<meta property=\"og:image:type\" content=\"image\/jpeg\" \/>\n<meta name=\"twitter:card\" content=\"summary_large_image\" \/>\n<meta name=\"twitter:label1\" content=\"Est. reading time\" \/>\n\t<meta name=\"twitter:data1\" content=\"1 minute\" \/>\n<script type=\"application\/ld+json\" class=\"yoast-schema-graph\">{\"@context\":\"https:\\\/\\\/schema.org\",\"@graph\":[{\"@type\":\"WebPage\",\"@id\":\"https:\\\/\\\/adexa.ee\\\/toode\\\/valamu-aravoolualuse-ja-kapiuksega-1200x600x910mm-uksik-kauss-paremal-400x400x250mm-adexa-dsb12602dr\\\/\",\"url\":\"https:\\\/\\\/adexa.ee\\\/toode\\\/valamu-aravoolualuse-ja-kapiuksega-1200x600x910mm-uksik-kauss-paremal-400x400x250mm-adexa-dsb12602dr\\\/\",\"name\":\"Valamu \u00e4ravoolualuse ja kapiuksega 1200x600x910mm \u00dcksik kauss paremal 400x400x250mm | Adexa DSB12602DR - Adexa \u2013 Suurk\u00f6\u00f6giseadmed restoranidele ja toitlustusele\",\"isPartOf\":{\"@id\":\"https:\\\/\\\/adexa.ee\\\/#website\"},\"primaryImageOfPage\":{\"@id\":\"https:\\\/\\\/adexa.ee\\\/toode\\\/valamu-aravoolualuse-ja-kapiuksega-1200x600x910mm-uksik-kauss-paremal-400x400x250mm-adexa-dsb12602dr\\\/#primaryimage\"},\"image\":{\"@id\":\"https:\\\/\\\/adexa.ee\\\/toode\\\/valamu-aravoolualuse-ja-kapiuksega-1200x600x910mm-uksik-kauss-paremal-400x400x250mm-adexa-dsb12602dr\\\/#primaryimage\"},\"thumbnailUrl\":\"https:\\\/\\\/adexa.ee\\\/wp-content\\\/uploads\\\/2025\\\/02\\\/DSB12602DR.jpg\",\"datePublished\":\"2026-03-30T13:15:42+00:00\",\"breadcrumb\":{\"@id\":\"https:\\\/\\\/adexa.ee\\\/toode\\\/valamu-aravoolualuse-ja-kapiuksega-1200x600x910mm-uksik-kauss-paremal-400x400x250mm-adexa-dsb12602dr\\\/#breadcrumb\"},\"inLanguage\":\"en-US\",\"potentialAction\":[{\"@type\":\"ReadAction\",\"target\":[\"https:\\\/\\\/adexa.ee\\\/toode\\\/valamu-aravoolualuse-ja-kapiuksega-1200x600x910mm-uksik-kauss-paremal-400x400x250mm-adexa-dsb12602dr\\\/\"]}]},{\"@type\":\"ImageObject\",\"inLanguage\":\"en-US\",\"@id\":\"https:\\\/\\\/adexa.ee\\\/toode\\\/valamu-aravoolualuse-ja-kapiuksega-1200x600x910mm-uksik-kauss-paremal-400x400x250mm-adexa-dsb12602dr\\\/#primaryimage\",\"url\":\"https:\\\/\\\/adexa.ee\\\/wp-content\\\/uploads\\\/2025\\\/02\\\/DSB12602DR.jpg\",\"contentUrl\":\"https:\\\/\\\/adexa.ee\\\/wp-content\\\/uploads\\\/2025\\\/02\\\/DSB12602DR.jpg\",\"width\":1736,\"height\":1736},{\"@type\":\"BreadcrumbList\",\"@id\":\"https:\\\/\\\/adexa.ee\\\/toode\\\/valamu-aravoolualuse-ja-kapiuksega-1200x600x910mm-uksik-kauss-paremal-400x400x250mm-adexa-dsb12602dr\\\/#breadcrumb\",\"itemListElement\":[{\"@type\":\"ListItem\",\"position\":1,\"name\":\"Home\",\"item\":\"https:\\\/\\\/adexa.ee\\\/\"},{\"@type\":\"ListItem\",\"position\":2,\"name\":\"Tooted\",\"item\":\"https:\\\/\\\/adexa.ee\\\/pood\\\/\"},{\"@type\":\"ListItem\",\"position\":3,\"name\":\"Valamu \u00e4ravoolualuse ja kapiuksega 1200x600x910mm \u00dcksik kauss paremal 400x400x250mm | Adexa DSB12602DR\"}]},{\"@type\":\"WebSite\",\"@id\":\"https:\\\/\\\/adexa.ee\\\/#website\",\"url\":\"https:\\\/\\\/adexa.ee\\\/\",\"name\":\"Adexa\",\"description\":\"\",\"publisher\":{\"@id\":\"https:\\\/\\\/adexa.ee\\\/#organization\"},\"potentialAction\":[{\"@type\":\"SearchAction\",\"target\":{\"@type\":\"EntryPoint\",\"urlTemplate\":\"https:\\\/\\\/adexa.ee\\\/?s={search_term_string}\"},\"query-input\":{\"@type\":\"PropertyValueSpecification\",\"valueRequired\":true,\"valueName\":\"search_term_string\"}}],\"inLanguage\":\"en-US\"},{\"@type\":\"Organization\",\"@id\":\"https:\\\/\\\/adexa.ee\\\/#organization\",\"name\":\"Adexa\",\"url\":\"https:\\\/\\\/adexa.ee\\\/\",\"logo\":{\"@type\":\"ImageObject\",\"inLanguage\":\"en-US\",\"@id\":\"https:\\\/\\\/adexa.ee\\\/#\\\/schema\\\/logo\\\/image\\\/\",\"url\":\"https:\\\/\\\/adexa.ee\\\/wp-content\\\/uploads\\\/2024\\\/04\\\/chef-cooks-working-in-professional-kitchen-2023-11-27-05-07-39-utc-scaled.jpg\",\"contentUrl\":\"https:\\\/\\\/adexa.ee\\\/wp-content\\\/uploads\\\/2024\\\/04\\\/chef-cooks-working-in-professional-kitchen-2023-11-27-05-07-39-utc-scaled.jpg\",\"width\":2560,\"height\":1708,\"caption\":\"Adexa\"},\"image\":{\"@id\":\"https:\\\/\\\/adexa.ee\\\/#\\\/schema\\\/logo\\\/image\\\/\"}}]}<\/script>\n<!-- \/ Yoast SEO plugin. -->","yoast_head_json":{"title":"Valamu \u00e4ravoolualuse ja kapiuksega 1200x600x910mm \u00dcksik kauss paremal 400x400x250mm | Adexa DSB12602DR - Adexa \u2013 Suurk\u00f6\u00f6giseadmed restoranidele ja toitlustusele","robots":{"index":"index","follow":"follow","max-snippet":"max-snippet:-1","max-image-preview":"max-image-preview:large","max-video-preview":"max-video-preview:-1"},"canonical":"https:\/\/adexa.ee\/toode\/valamu-aravoolualuse-ja-kapiuksega-1200x600x910mm-uksik-kauss-paremal-400x400x250mm-adexa-dsb12602dr\/","og_locale":"en_US","og_type":"article","og_title":"Valamu \u00e4ravoolualuse ja kapiuksega 1200x600x910mm \u00dcksik kauss paremal 400x400x250mm | Adexa DSB12602DR - Adexa \u2013 Suurk\u00f6\u00f6giseadmed restoranidele ja toitlustusele","og_description":"See praktiline \u00fche valamuga seade sisaldab avarat kaussi (400x400x250mm) ja mugavat \u00e4ravoolualust h\u00f5lpsaks kuivatamiseks ja organiseerimiseks. Sisseehitatud uks pakub varjatud","og_url":"https:\/\/adexa.ee\/toode\/valamu-aravoolualuse-ja-kapiuksega-1200x600x910mm-uksik-kauss-paremal-400x400x250mm-adexa-dsb12602dr\/","og_site_name":"Adexa \u2013 Suurk\u00f6\u00f6giseadmed restoranidele ja toitlustusele","og_image":[{"width":1736,"height":1736,"url":"https:\/\/adexa.ee\/wp-content\/uploads\/2025\/02\/DSB12602DR.jpg","type":"image\/jpeg"}],"twitter_card":"summary_large_image","twitter_misc":{"Est. reading time":"1 minute"},"schema":{"@context":"https:\/\/schema.org","@graph":[{"@type":"WebPage","@id":"https:\/\/adexa.ee\/toode\/valamu-aravoolualuse-ja-kapiuksega-1200x600x910mm-uksik-kauss-paremal-400x400x250mm-adexa-dsb12602dr\/","url":"https:\/\/adexa.ee\/toode\/valamu-aravoolualuse-ja-kapiuksega-1200x600x910mm-uksik-kauss-paremal-400x400x250mm-adexa-dsb12602dr\/","name":"Valamu \u00e4ravoolualuse ja kapiuksega 1200x600x910mm \u00dcksik kauss paremal 400x400x250mm | Adexa DSB12602DR - Adexa \u2013 Suurk\u00f6\u00f6giseadmed restoranidele ja toitlustusele","isPartOf":{"@id":"https:\/\/adexa.ee\/#website"},"primaryImageOfPage":{"@id":"https:\/\/adexa.ee\/toode\/valamu-aravoolualuse-ja-kapiuksega-1200x600x910mm-uksik-kauss-paremal-400x400x250mm-adexa-dsb12602dr\/#primaryimage"},"image":{"@id":"https:\/\/adexa.ee\/toode\/valamu-aravoolualuse-ja-kapiuksega-1200x600x910mm-uksik-kauss-paremal-400x400x250mm-adexa-dsb12602dr\/#primaryimage"},"thumbnailUrl":"https:\/\/adexa.ee\/wp-content\/uploads\/2025\/02\/DSB12602DR.jpg","datePublished":"2026-03-30T13:15:42+00:00","breadcrumb":{"@id":"https:\/\/adexa.ee\/toode\/valamu-aravoolualuse-ja-kapiuksega-1200x600x910mm-uksik-kauss-paremal-400x400x250mm-adexa-dsb12602dr\/#breadcrumb"},"inLanguage":"en-US","potentialAction":[{"@type":"ReadAction","target":["https:\/\/adexa.ee\/toode\/valamu-aravoolualuse-ja-kapiuksega-1200x600x910mm-uksik-kauss-paremal-400x400x250mm-adexa-dsb12602dr\/"]}]},{"@type":"ImageObject","inLanguage":"en-US","@id":"https:\/\/adexa.ee\/toode\/valamu-aravoolualuse-ja-kapiuksega-1200x600x910mm-uksik-kauss-paremal-400x400x250mm-adexa-dsb12602dr\/#primaryimage","url":"https:\/\/adexa.ee\/wp-content\/uploads\/2025\/02\/DSB12602DR.jpg","contentUrl":"https:\/\/adexa.ee\/wp-content\/uploads\/2025\/02\/DSB12602DR.jpg","width":1736,"height":1736},{"@type":"BreadcrumbList","@id":"https:\/\/adexa.ee\/toode\/valamu-aravoolualuse-ja-kapiuksega-1200x600x910mm-uksik-kauss-paremal-400x400x250mm-adexa-dsb12602dr\/#breadcrumb","itemListElement":[{"@type":"ListItem","position":1,"name":"Home","item":"https:\/\/adexa.ee\/"},{"@type":"ListItem","position":2,"name":"Tooted","item":"https:\/\/adexa.ee\/pood\/"},{"@type":"ListItem","position":3,"name":"Valamu \u00e4ravoolualuse ja kapiuksega 1200x600x910mm \u00dcksik kauss paremal 400x400x250mm | Adexa DSB12602DR"}]},{"@type":"WebSite","@id":"https:\/\/adexa.ee\/#website","url":"https:\/\/adexa.ee\/","name":"Adexa","description":"","publisher":{"@id":"https:\/\/adexa.ee\/#organization"},"potentialAction":[{"@type":"SearchAction","target":{"@type":"EntryPoint","urlTemplate":"https:\/\/adexa.ee\/?s={search_term_string}"},"query-input":{"@type":"PropertyValueSpecification","valueRequired":true,"valueName":"search_term_string"}}],"inLanguage":"en-US"},{"@type":"Organization","@id":"https:\/\/adexa.ee\/#organization","name":"Adexa","url":"https:\/\/adexa.ee\/","logo":{"@type":"ImageObject","inLanguage":"en-US","@id":"https:\/\/adexa.ee\/#\/schema\/logo\/image\/","url":"https:\/\/adexa.ee\/wp-content\/uploads\/2024\/04\/chef-cooks-working-in-professional-kitchen-2023-11-27-05-07-39-utc-scaled.jpg","contentUrl":"https:\/\/adexa.ee\/wp-content\/uploads\/2024\/04\/chef-cooks-working-in-professional-kitchen-2023-11-27-05-07-39-utc-scaled.jpg","width":2560,"height":1708,"caption":"Adexa"},"image":{"@id":"https:\/\/adexa.ee\/#\/schema\/logo\/image\/"}}]}},"_links":{"self":[{"href":"https:\/\/adexa.ee\/en\/wp-json\/wp\/v2\/product\/31649","targetHints":{"allow":["GET"]}}],"collection":[{"href":"https:\/\/adexa.ee\/en\/wp-json\/wp\/v2\/product"}],"about":[{"href":"https:\/\/adexa.ee\/en\/wp-json\/wp\/v2\/types\/product"}],"wp:featuredmedia":[{"embeddable":true,"href":"https:\/\/adexa.ee\/en\/wp-json\/wp\/v2\/media\/31651"}],"wp:attachment":[{"href":"https:\/\/adexa.ee\/en\/wp-json\/wp\/v2\/media?parent=31649"}],"wp:term":[{"taxonomy":"product_brand","embeddable":true,"href":"https:\/\/adexa.ee\/en\/wp-json\/wp\/v2\/product_brand?post=31649"},{"taxonomy":"product_cat","embeddable":true,"href":"https:\/\/adexa.ee\/en\/wp-json\/wp\/v2\/product_cat?post=31649"},{"taxonomy":"product_tag","embeddable":true,"href":"https:\/\/adexa.ee\/en\/wp-json\/wp\/v2\/product_tag?post=31649"}],"curies":[{"name":"wp","href":"https:\/\/api.w.org\/{rel}","templated":true}]}}