{"id":31789,"date":"2026-03-28T00:25:49","date_gmt":"2026-03-27T22:25:49","guid":{"rendered":"https:\/\/adexa.ee\/toode\/kaubanduslik-sugavkulmik-pustkapp-roostevaba-teras-967-liitrit-kahe-uksega-ventilaatoriga-jahutus-adexa-f800s\/"},"modified":"2026-03-28T00:25:49","modified_gmt":"2026-03-27T22:25:49","slug":"kaubanduslik-sugavkulmik-pustkapp-roostevaba-teras-967-liitrit-kahe-uksega-ventilaatoriga-jahutus-adexa-f800s","status":"publish","type":"product","link":"https:\/\/adexa.ee\/en\/toode\/kaubanduslik-sugavkulmik-pustkapp-roostevaba-teras-967-liitrit-kahe-uksega-ventilaatoriga-jahutus-adexa-f800s\/","title":{"rendered":"Kaubanduslik S\u00fcgavk\u00fclmik P\u00fcstkapp Roostevaba teras 967 liitrit Kahe uksega Ventilaatoriga jahutus | Adexa F800S"},"content":{"rendered":"<p>Suurep\u00e4rase kvaliteediga kahe uksega p\u00fcstine kaubanduslik k\u00fclmik, mis pakub v\u00e4ga suurt kasutatavat jahutatud hoiuruumi, tugevaid rattaid man\u00f6\u00f6verdusv\u00f5imekuseks ja kasutajas\u00f5bralikku juhtimisseadet t\u00e4pseks temperatuuri reguleerimiseks. See kahe uksega professionaalne p\u00fcstine s\u00fcgavk\u00fclmik soodushinnaga. Mahutavus: 800 liitrit Toiteallikas: 230V \/ 1N \/ 50Hz Ventilaatoriga jahutus K\u00e4sitsi sulatus CFC-vaba k\u00fclmutusagens ja vaht \u00dcmardatud sisemised servad kergeks puhastamiseks Isolatsioon 60 mm paksus paremaks energiat\u00f5hususeks Elektrooniline termostaat ja digitaalne LED temperatuuri n\u00e4idik t\u00e4pseks juhtimiseks ja lihtsaks lugemiseks Ise-sulgev uks Magnetiline tihend, mida saab vahetada ilma t\u00f6\u00f6riistadeta K\u00fcttekeha peidetud ukseraami sisse, et k\u00f5rvaldada kondensatsioon Materjal (v\u00e4ljas): Roostevaba teras 430 Materjal (sees): Reljeefne alumiinium HC k\u00fclmutusagens Dokumendid Kl\u00f5psake siin, et alla laadida Kasutusjuhend Kl\u00f5psake siin, et alla laadida CE vastavusdeklaratsioon Palun vaadake all &#8216;Spetsifikatsioonid&#8217; jaoks \u00fcksikasjalikku teavet.<\/p>\n<table style=\"border-collapse: collapse; width: 100%; text-align: left;\">\n<tbody>\n<tr>\n<td style=\"border: 1px solid #ddd; padding: 8px; width: 45%;\"><strong>S\u00fcgavus<\/strong><\/td>\n<td style=\"border: 1px solid #ddd; padding: 8px;\">700mm<\/td>\n<\/tr>\n<tr>\n<td style=\"border: 1px solid #ddd; padding: 8px; width: 45%;\"><strong>K\u00f5rgus<\/strong><\/td>\n<td style=\"border: 1px solid #ddd; padding: 8px;\">2000mm<\/td>\n<\/tr>\n<tr>\n<td style=\"border: 1px solid #ddd; padding: 8px; width: 45%;\"><strong>Laius<\/strong><\/td>\n<td style=\"border: 1px solid #ddd; padding: 8px;\">1340 mm<\/td>\n<\/tr>\n<tr>\n<td style=\"border: 1px solid #ddd; padding: 8px; width: 45%;\"><strong>Kaal<\/strong><\/td>\n<td style=\"border: 1px solid #ddd; padding: 8px;\">175 kg<\/td>\n<\/tr>\n<tr>\n<td style=\"border: 1px solid #ddd; padding: 8px; width: 45%;\"><strong>Garantii<\/strong><\/td>\n<td style=\"border: 1px solid #ddd; padding: 8px;\">12 kuu varuosade garantii<\/td>\n<\/tr>\n<tr>\n<td style=\"border: 1px solid #ddd; padding: 8px; width: 45%;\"><strong>Mahutavus<\/strong><\/td>\n<td style=\"border: 1px solid #ddd; padding: 8px;\">967 liitrit<\/td>\n<\/tr>\n<tr>\n<td style=\"border: 1px solid #ddd; padding: 8px; width: 45%;\"><strong>Uksed \/ Sahtlid<\/strong><\/td>\n<td style=\"border: 1px solid #ddd; padding: 8px;\">2 ust<\/td>\n<\/tr>\n<tr>\n<td style=\"border: 1px solid #ddd; padding: 8px; width: 45%;\"><strong>Toiteallikas<\/strong><\/td>\n<td style=\"border: 1px solid #ddd; padding: 8px;\">230V \/ 1 faas<\/td>\n<\/tr>\n<tr>\n<td style=\"border: 1px solid #ddd; padding: 8px; width: 45%;\"><strong>V\u00f5imsus<\/strong><\/td>\n<td style=\"border: 1px solid #ddd; padding: 8px;\">710W<\/td>\n<\/tr>\n<tr>\n<td style=\"border: 1px solid #ddd; padding: 8px; width: 45%;\"><strong>Plaadi\/V\u00f5re suurus<\/strong><\/td>\n<td style=\"border: 1px solid #ddd; padding: 8px;\">GN2\/1<\/td>\n<\/tr>\n<tr>\n<td style=\"border: 1px solid #ddd; padding: 8px; width: 45%;\"><strong>Jahutamine<\/strong><\/td>\n<td style=\"border: 1px solid #ddd; padding: 8px;\">Staatiline koos ventilaatoriga<\/td>\n<\/tr>\n<tr>\n<td style=\"border: 1px solid #ddd; padding: 8px; width: 45%;\"><strong>Sulatamine<\/strong><\/td>\n<td style=\"border: 1px solid #ddd; padding: 8px;\">K\u00e4siraamat<\/td>\n<\/tr>\n<tr>\n<td style=\"border: 1px solid #ddd; padding: 8px; width: 45%;\"><strong>K\u00fclmaaine<\/strong><\/td>\n<td style=\"border: 1px solid #ddd; padding: 8px;\">R290<\/td>\n<\/tr>\n<tr>\n<td style=\"border: 1px solid #ddd; padding: 8px; width: 45%;\"><strong>Temperatuur<\/strong><\/td>\n<td style=\"border: 1px solid #ddd; padding: 8px;\">-18 kuni -20\u00b0C<\/td>\n<\/tr>\n<tr>\n<td style=\"border: 1px solid #ddd; padding: 8px; width: 45%;\"><strong>Maksimaalne temperatuur (ruum)<\/strong><\/td>\n<td style=\"border: 1px solid #ddd; padding: 8px;\">+43\u00b0C<\/td>\n<\/tr>\n<tr>\n<td style=\"border: 1px solid #ddd; padding: 8px; width: 45%;\"><strong>Materjal (v\u00e4limine)<\/strong><\/td>\n<td style=\"border: 1px solid #ddd; padding: 8px;\">Roostevaba teras<\/td>\n<\/tr>\n<tr>\n<td style=\"border: 1px solid #ddd; padding: 8px; width: 45%;\"><strong>Siseisolatsioon<\/strong><\/td>\n<td style=\"border: 1px solid #ddd; padding: 8px;\">60mm<\/td>\n<\/tr>\n<\/tbody>\n<\/table>\n","protected":false},"excerpt":{"rendered":"<p>Suurep\u00e4rase kvaliteediga kahe uksega p\u00fcstine kaubanduslik k\u00fclmik, mis pakub v\u00e4ga suurt kasutatavat jahutatud hoiuruumi, tugevaid rattaid man\u00f6\u00f6verdusv\u00f5imekuseks ja kasutajas\u00f5bralikku juhtimisseadet<\/p>\n","protected":false},"featured_media":31791,"template":"","meta":[],"product_brand":[],"product_cat":[564,932],"product_tag":[],"class_list":{"0":"post-31789","1":"product","2":"type-product","3":"status-publish","4":"has-post-thumbnail","6":"product_cat-jahutusseadmed","7":"product_cat-sugavkulmikud","9":"first","10":"instock","11":"sale","12":"taxable","13":"shipping-taxable","14":"purchasable","15":"product-type-simple"},"yoast_head":"<!-- This site is optimized with the Yoast SEO plugin v27.3 - https:\/\/yoast.com\/product\/yoast-seo-wordpress\/ -->\n<title>Kaubanduslik S\u00fcgavk\u00fclmik P\u00fcstkapp Roostevaba teras 967 liitrit Kahe uksega Ventilaatoriga jahutus | Adexa F800S - Adexa \u2013 Suurk\u00f6\u00f6giseadmed restoranidele ja toitlustusele<\/title>\n<meta name=\"robots\" content=\"index, follow, max-snippet:-1, max-image-preview:large, max-video-preview:-1\" \/>\n<link rel=\"canonical\" href=\"https:\/\/adexa.ee\/toode\/kaubanduslik-sugavkulmik-pustkapp-roostevaba-teras-967-liitrit-kahe-uksega-ventilaatoriga-jahutus-adexa-f800s\/\" \/>\n<meta property=\"og:locale\" content=\"en_US\" \/>\n<meta property=\"og:type\" content=\"article\" \/>\n<meta property=\"og:title\" content=\"Kaubanduslik S\u00fcgavk\u00fclmik P\u00fcstkapp Roostevaba teras 967 liitrit Kahe uksega Ventilaatoriga jahutus | Adexa F800S - Adexa \u2013 Suurk\u00f6\u00f6giseadmed restoranidele ja toitlustusele\" \/>\n<meta property=\"og:description\" content=\"Suurep\u00e4rase kvaliteediga kahe uksega p\u00fcstine kaubanduslik k\u00fclmik, mis pakub v\u00e4ga suurt kasutatavat jahutatud hoiuruumi, tugevaid rattaid man\u00f6\u00f6verdusv\u00f5imekuseks ja kasutajas\u00f5bralikku juhtimisseadet\" \/>\n<meta property=\"og:url\" content=\"https:\/\/adexa.ee\/toode\/kaubanduslik-sugavkulmik-pustkapp-roostevaba-teras-967-liitrit-kahe-uksega-ventilaatoriga-jahutus-adexa-f800s\/\" \/>\n<meta property=\"og:site_name\" content=\"Adexa \u2013 Suurk\u00f6\u00f6giseadmed restoranidele ja toitlustusele\" \/>\n<meta property=\"og:image\" content=\"https:\/\/adexa.ee\/wp-content\/uploads\/2025\/02\/F1200S.jpg\" \/>\n\t<meta property=\"og:image:width\" content=\"1200\" \/>\n\t<meta property=\"og:image:height\" content=\"1200\" \/>\n\t<meta property=\"og:image:type\" content=\"image\/jpeg\" \/>\n<meta name=\"twitter:card\" content=\"summary_large_image\" \/>\n<meta name=\"twitter:label1\" content=\"Est. reading time\" \/>\n\t<meta name=\"twitter:data1\" content=\"1 minute\" \/>\n<script type=\"application\/ld+json\" class=\"yoast-schema-graph\">{\"@context\":\"https:\\\/\\\/schema.org\",\"@graph\":[{\"@type\":\"WebPage\",\"@id\":\"https:\\\/\\\/adexa.ee\\\/toode\\\/kaubanduslik-sugavkulmik-pustkapp-roostevaba-teras-967-liitrit-kahe-uksega-ventilaatoriga-jahutus-adexa-f800s\\\/\",\"url\":\"https:\\\/\\\/adexa.ee\\\/toode\\\/kaubanduslik-sugavkulmik-pustkapp-roostevaba-teras-967-liitrit-kahe-uksega-ventilaatoriga-jahutus-adexa-f800s\\\/\",\"name\":\"Kaubanduslik S\u00fcgavk\u00fclmik P\u00fcstkapp Roostevaba teras 967 liitrit Kahe uksega Ventilaatoriga jahutus | Adexa F800S - Adexa \u2013 Suurk\u00f6\u00f6giseadmed restoranidele ja toitlustusele\",\"isPartOf\":{\"@id\":\"https:\\\/\\\/adexa.ee\\\/#website\"},\"primaryImageOfPage\":{\"@id\":\"https:\\\/\\\/adexa.ee\\\/toode\\\/kaubanduslik-sugavkulmik-pustkapp-roostevaba-teras-967-liitrit-kahe-uksega-ventilaatoriga-jahutus-adexa-f800s\\\/#primaryimage\"},\"image\":{\"@id\":\"https:\\\/\\\/adexa.ee\\\/toode\\\/kaubanduslik-sugavkulmik-pustkapp-roostevaba-teras-967-liitrit-kahe-uksega-ventilaatoriga-jahutus-adexa-f800s\\\/#primaryimage\"},\"thumbnailUrl\":\"https:\\\/\\\/adexa.ee\\\/wp-content\\\/uploads\\\/2025\\\/02\\\/F1200S.jpg\",\"datePublished\":\"2026-03-27T22:25:49+00:00\",\"breadcrumb\":{\"@id\":\"https:\\\/\\\/adexa.ee\\\/toode\\\/kaubanduslik-sugavkulmik-pustkapp-roostevaba-teras-967-liitrit-kahe-uksega-ventilaatoriga-jahutus-adexa-f800s\\\/#breadcrumb\"},\"inLanguage\":\"en-US\",\"potentialAction\":[{\"@type\":\"ReadAction\",\"target\":[\"https:\\\/\\\/adexa.ee\\\/toode\\\/kaubanduslik-sugavkulmik-pustkapp-roostevaba-teras-967-liitrit-kahe-uksega-ventilaatoriga-jahutus-adexa-f800s\\\/\"]}]},{\"@type\":\"ImageObject\",\"inLanguage\":\"en-US\",\"@id\":\"https:\\\/\\\/adexa.ee\\\/toode\\\/kaubanduslik-sugavkulmik-pustkapp-roostevaba-teras-967-liitrit-kahe-uksega-ventilaatoriga-jahutus-adexa-f800s\\\/#primaryimage\",\"url\":\"https:\\\/\\\/adexa.ee\\\/wp-content\\\/uploads\\\/2025\\\/02\\\/F1200S.jpg\",\"contentUrl\":\"https:\\\/\\\/adexa.ee\\\/wp-content\\\/uploads\\\/2025\\\/02\\\/F1200S.jpg\",\"width\":1200,\"height\":1200},{\"@type\":\"BreadcrumbList\",\"@id\":\"https:\\\/\\\/adexa.ee\\\/toode\\\/kaubanduslik-sugavkulmik-pustkapp-roostevaba-teras-967-liitrit-kahe-uksega-ventilaatoriga-jahutus-adexa-f800s\\\/#breadcrumb\",\"itemListElement\":[{\"@type\":\"ListItem\",\"position\":1,\"name\":\"Home\",\"item\":\"https:\\\/\\\/adexa.ee\\\/\"},{\"@type\":\"ListItem\",\"position\":2,\"name\":\"Tooted\",\"item\":\"https:\\\/\\\/adexa.ee\\\/pood\\\/\"},{\"@type\":\"ListItem\",\"position\":3,\"name\":\"Kaubanduslik S\u00fcgavk\u00fclmik P\u00fcstkapp Roostevaba teras 967 liitrit Kahe uksega Ventilaatoriga jahutus | Adexa F800S\"}]},{\"@type\":\"WebSite\",\"@id\":\"https:\\\/\\\/adexa.ee\\\/#website\",\"url\":\"https:\\\/\\\/adexa.ee\\\/\",\"name\":\"Adexa\",\"description\":\"\",\"publisher\":{\"@id\":\"https:\\\/\\\/adexa.ee\\\/#organization\"},\"potentialAction\":[{\"@type\":\"SearchAction\",\"target\":{\"@type\":\"EntryPoint\",\"urlTemplate\":\"https:\\\/\\\/adexa.ee\\\/?s={search_term_string}\"},\"query-input\":{\"@type\":\"PropertyValueSpecification\",\"valueRequired\":true,\"valueName\":\"search_term_string\"}}],\"inLanguage\":\"en-US\"},{\"@type\":\"Organization\",\"@id\":\"https:\\\/\\\/adexa.ee\\\/#organization\",\"name\":\"Adexa\",\"url\":\"https:\\\/\\\/adexa.ee\\\/\",\"logo\":{\"@type\":\"ImageObject\",\"inLanguage\":\"en-US\",\"@id\":\"https:\\\/\\\/adexa.ee\\\/#\\\/schema\\\/logo\\\/image\\\/\",\"url\":\"https:\\\/\\\/adexa.ee\\\/wp-content\\\/uploads\\\/2024\\\/04\\\/chef-cooks-working-in-professional-kitchen-2023-11-27-05-07-39-utc-scaled.jpg\",\"contentUrl\":\"https:\\\/\\\/adexa.ee\\\/wp-content\\\/uploads\\\/2024\\\/04\\\/chef-cooks-working-in-professional-kitchen-2023-11-27-05-07-39-utc-scaled.jpg\",\"width\":2560,\"height\":1708,\"caption\":\"Adexa\"},\"image\":{\"@id\":\"https:\\\/\\\/adexa.ee\\\/#\\\/schema\\\/logo\\\/image\\\/\"}}]}<\/script>\n<!-- \/ Yoast SEO plugin. -->","yoast_head_json":{"title":"Kaubanduslik S\u00fcgavk\u00fclmik P\u00fcstkapp Roostevaba teras 967 liitrit Kahe uksega Ventilaatoriga jahutus | Adexa F800S - Adexa \u2013 Suurk\u00f6\u00f6giseadmed restoranidele ja toitlustusele","robots":{"index":"index","follow":"follow","max-snippet":"max-snippet:-1","max-image-preview":"max-image-preview:large","max-video-preview":"max-video-preview:-1"},"canonical":"https:\/\/adexa.ee\/toode\/kaubanduslik-sugavkulmik-pustkapp-roostevaba-teras-967-liitrit-kahe-uksega-ventilaatoriga-jahutus-adexa-f800s\/","og_locale":"en_US","og_type":"article","og_title":"Kaubanduslik S\u00fcgavk\u00fclmik P\u00fcstkapp Roostevaba teras 967 liitrit Kahe uksega Ventilaatoriga jahutus | Adexa F800S - Adexa \u2013 Suurk\u00f6\u00f6giseadmed restoranidele ja toitlustusele","og_description":"Suurep\u00e4rase kvaliteediga kahe uksega p\u00fcstine kaubanduslik k\u00fclmik, mis pakub v\u00e4ga suurt kasutatavat jahutatud hoiuruumi, tugevaid rattaid man\u00f6\u00f6verdusv\u00f5imekuseks ja kasutajas\u00f5bralikku juhtimisseadet","og_url":"https:\/\/adexa.ee\/toode\/kaubanduslik-sugavkulmik-pustkapp-roostevaba-teras-967-liitrit-kahe-uksega-ventilaatoriga-jahutus-adexa-f800s\/","og_site_name":"Adexa \u2013 Suurk\u00f6\u00f6giseadmed restoranidele ja toitlustusele","og_image":[{"width":1200,"height":1200,"url":"https:\/\/adexa.ee\/wp-content\/uploads\/2025\/02\/F1200S.jpg","type":"image\/jpeg"}],"twitter_card":"summary_large_image","twitter_misc":{"Est. reading time":"1 minute"},"schema":{"@context":"https:\/\/schema.org","@graph":[{"@type":"WebPage","@id":"https:\/\/adexa.ee\/toode\/kaubanduslik-sugavkulmik-pustkapp-roostevaba-teras-967-liitrit-kahe-uksega-ventilaatoriga-jahutus-adexa-f800s\/","url":"https:\/\/adexa.ee\/toode\/kaubanduslik-sugavkulmik-pustkapp-roostevaba-teras-967-liitrit-kahe-uksega-ventilaatoriga-jahutus-adexa-f800s\/","name":"Kaubanduslik S\u00fcgavk\u00fclmik P\u00fcstkapp Roostevaba teras 967 liitrit Kahe uksega Ventilaatoriga jahutus | Adexa F800S - Adexa \u2013 Suurk\u00f6\u00f6giseadmed restoranidele ja toitlustusele","isPartOf":{"@id":"https:\/\/adexa.ee\/#website"},"primaryImageOfPage":{"@id":"https:\/\/adexa.ee\/toode\/kaubanduslik-sugavkulmik-pustkapp-roostevaba-teras-967-liitrit-kahe-uksega-ventilaatoriga-jahutus-adexa-f800s\/#primaryimage"},"image":{"@id":"https:\/\/adexa.ee\/toode\/kaubanduslik-sugavkulmik-pustkapp-roostevaba-teras-967-liitrit-kahe-uksega-ventilaatoriga-jahutus-adexa-f800s\/#primaryimage"},"thumbnailUrl":"https:\/\/adexa.ee\/wp-content\/uploads\/2025\/02\/F1200S.jpg","datePublished":"2026-03-27T22:25:49+00:00","breadcrumb":{"@id":"https:\/\/adexa.ee\/toode\/kaubanduslik-sugavkulmik-pustkapp-roostevaba-teras-967-liitrit-kahe-uksega-ventilaatoriga-jahutus-adexa-f800s\/#breadcrumb"},"inLanguage":"en-US","potentialAction":[{"@type":"ReadAction","target":["https:\/\/adexa.ee\/toode\/kaubanduslik-sugavkulmik-pustkapp-roostevaba-teras-967-liitrit-kahe-uksega-ventilaatoriga-jahutus-adexa-f800s\/"]}]},{"@type":"ImageObject","inLanguage":"en-US","@id":"https:\/\/adexa.ee\/toode\/kaubanduslik-sugavkulmik-pustkapp-roostevaba-teras-967-liitrit-kahe-uksega-ventilaatoriga-jahutus-adexa-f800s\/#primaryimage","url":"https:\/\/adexa.ee\/wp-content\/uploads\/2025\/02\/F1200S.jpg","contentUrl":"https:\/\/adexa.ee\/wp-content\/uploads\/2025\/02\/F1200S.jpg","width":1200,"height":1200},{"@type":"BreadcrumbList","@id":"https:\/\/adexa.ee\/toode\/kaubanduslik-sugavkulmik-pustkapp-roostevaba-teras-967-liitrit-kahe-uksega-ventilaatoriga-jahutus-adexa-f800s\/#breadcrumb","itemListElement":[{"@type":"ListItem","position":1,"name":"Home","item":"https:\/\/adexa.ee\/"},{"@type":"ListItem","position":2,"name":"Tooted","item":"https:\/\/adexa.ee\/pood\/"},{"@type":"ListItem","position":3,"name":"Kaubanduslik S\u00fcgavk\u00fclmik P\u00fcstkapp Roostevaba teras 967 liitrit Kahe uksega Ventilaatoriga jahutus | Adexa F800S"}]},{"@type":"WebSite","@id":"https:\/\/adexa.ee\/#website","url":"https:\/\/adexa.ee\/","name":"Adexa","description":"","publisher":{"@id":"https:\/\/adexa.ee\/#organization"},"potentialAction":[{"@type":"SearchAction","target":{"@type":"EntryPoint","urlTemplate":"https:\/\/adexa.ee\/?s={search_term_string}"},"query-input":{"@type":"PropertyValueSpecification","valueRequired":true,"valueName":"search_term_string"}}],"inLanguage":"en-US"},{"@type":"Organization","@id":"https:\/\/adexa.ee\/#organization","name":"Adexa","url":"https:\/\/adexa.ee\/","logo":{"@type":"ImageObject","inLanguage":"en-US","@id":"https:\/\/adexa.ee\/#\/schema\/logo\/image\/","url":"https:\/\/adexa.ee\/wp-content\/uploads\/2024\/04\/chef-cooks-working-in-professional-kitchen-2023-11-27-05-07-39-utc-scaled.jpg","contentUrl":"https:\/\/adexa.ee\/wp-content\/uploads\/2024\/04\/chef-cooks-working-in-professional-kitchen-2023-11-27-05-07-39-utc-scaled.jpg","width":2560,"height":1708,"caption":"Adexa"},"image":{"@id":"https:\/\/adexa.ee\/#\/schema\/logo\/image\/"}}]}},"_links":{"self":[{"href":"https:\/\/adexa.ee\/en\/wp-json\/wp\/v2\/product\/31789","targetHints":{"allow":["GET"]}}],"collection":[{"href":"https:\/\/adexa.ee\/en\/wp-json\/wp\/v2\/product"}],"about":[{"href":"https:\/\/adexa.ee\/en\/wp-json\/wp\/v2\/types\/product"}],"wp:featuredmedia":[{"embeddable":true,"href":"https:\/\/adexa.ee\/en\/wp-json\/wp\/v2\/media\/31791"}],"wp:attachment":[{"href":"https:\/\/adexa.ee\/en\/wp-json\/wp\/v2\/media?parent=31789"}],"wp:term":[{"taxonomy":"product_brand","embeddable":true,"href":"https:\/\/adexa.ee\/en\/wp-json\/wp\/v2\/product_brand?post=31789"},{"taxonomy":"product_cat","embeddable":true,"href":"https:\/\/adexa.ee\/en\/wp-json\/wp\/v2\/product_cat?post=31789"},{"taxonomy":"product_tag","embeddable":true,"href":"https:\/\/adexa.ee\/en\/wp-json\/wp\/v2\/product_tag?post=31789"}],"curies":[{"name":"wp","href":"https:\/\/api.w.org\/{rel}","templated":true}]}}