{"id":31850,"date":"2026-03-26T11:15:17","date_gmt":"2026-03-26T09:15:17","guid":{"rendered":"https:\/\/adexa.ee\/toode\/suure-sinise-kokkupandav-platvormkaru-900x585x840mm-adexa-hzmtc400\/"},"modified":"2026-03-26T11:15:20","modified_gmt":"2026-03-26T09:15:20","slug":"suure-sinise-kokkupandav-platvormkaru-900x585x840mm-adexa-hzmtc400","status":"publish","type":"product","link":"https:\/\/adexa.ee\/en\/toode\/suure-sinise-kokkupandav-platvormkaru-900x585x840mm-adexa-hzmtc400\/","title":{"rendered":"Suure sinise kokkupandav platvormk\u00e4ru 900x585x840mm | Adexa HZMTC400"},"content":{"rendered":"<p>Kokkupandav platvormk\u00e4ru viie rattaga, mis on loodud kaupade lihtsaks transportimiseks ja hoiustamiseks. K\u00e4ru on kokkupanduna kompaktne ning v\u00f5imaldab sujuvat suuremate koormate k\u00e4sitsemist erinevates keskkondades, nagu laod, k\u00f6\u00f6gid v\u00f5i kauplused. Valmistatud vastupidavuse ja kasutuspaindlikkuse tagamiseks. \u00dcksikasjaliku teabe saamiseks vaadake jaotist \u201eSpetsifikatsioon\u201d.<\/p>\n<table style=\"border-collapse: collapse; width: 100%; text-align: left;\">\n<tbody>\n<tr>\n<td style=\"border: 1px solid #ddd; padding: 8px; width: 45%;\"><strong>S\u00fcgavus<\/strong><\/td>\n<td style=\"border: 1px solid #ddd; padding: 8px;\">585 mm<\/td>\n<\/tr>\n<tr>\n<td style=\"border: 1px solid #ddd; padding: 8px; width: 45%;\"><strong>K\u00f5rgus<\/strong><\/td>\n<td style=\"border: 1px solid #ddd; padding: 8px;\">840mm<\/td>\n<\/tr>\n<tr>\n<td style=\"border: 1px solid #ddd; padding: 8px; width: 45%;\"><strong>Laius<\/strong><\/td>\n<td style=\"border: 1px solid #ddd; padding: 8px;\">900mm<\/td>\n<\/tr>\n<tr>\n<td style=\"border: 1px solid #ddd; padding: 8px; width: 45%;\"><strong>Kaal<\/strong><\/td>\n<td style=\"border: 1px solid #ddd; padding: 8px;\">11kg<\/td>\n<\/tr>\n<tr>\n<td style=\"border: 1px solid #ddd; padding: 8px; width: 45%;\"><strong>Garantii<\/strong><\/td>\n<td style=\"border: 1px solid #ddd; padding: 8px;\">12-kuuline varuosade garantii<\/td>\n<\/tr>\n<tr>\n<td style=\"border: 1px solid #ddd; padding: 8px; width: 45%;\"><strong>Rullikud<\/strong><\/td>\n<td style=\"border: 1px solid #ddd; padding: 8px;\">5 p\u00f6\u00f6rlevat ratast<\/td>\n<\/tr>\n<tr>\n<td style=\"border: 1px solid #ddd; padding: 8px; width: 45%;\"><strong>Maksimaalne koormus<\/strong><\/td>\n<td style=\"border: 1px solid #ddd; padding: 8px;\">120kg<\/td>\n<\/tr>\n<\/tbody>\n<\/table>\n","protected":false},"excerpt":{"rendered":"<p>Kokkupandav platvormk\u00e4ru viie rattaga, mis on loodud kaupade lihtsaks transportimiseks ja hoiustamiseks. K\u00e4ru on kokkupanduna kompaktne ning v\u00f5imaldab sujuvat suuremate<\/p>\n","protected":false},"featured_media":31852,"template":"","meta":[],"product_brand":[],"product_cat":[623,665,561,572],"product_tag":[],"class_list":{"0":"post-31850","1":"product","2":"type-product","3":"status-publish","4":"has-post-thumbnail","6":"product_cat-karud","7":"product_cat-ladustamine-transport","8":"product_cat-moobel-ja-hoiustamine","9":"product_cat-roostevabad-tooted","11":"first","12":"instock","13":"sale","14":"taxable","15":"shipping-taxable","16":"purchasable","17":"product-type-simple"},"yoast_head":"<!-- This site is optimized with the Yoast SEO plugin v27.3 - https:\/\/yoast.com\/product\/yoast-seo-wordpress\/ -->\n<title>Suure sinise kokkupandav platvormk\u00e4ru 900x585x840mm | Adexa HZMTC400 - Adexa \u2013 Suurk\u00f6\u00f6giseadmed restoranidele ja toitlustusele<\/title>\n<meta name=\"robots\" content=\"index, follow, max-snippet:-1, max-image-preview:large, max-video-preview:-1\" \/>\n<link rel=\"canonical\" href=\"https:\/\/adexa.ee\/toode\/suure-sinise-kokkupandav-platvormkaru-900x585x840mm-adexa-hzmtc400\/\" \/>\n<meta property=\"og:locale\" content=\"en_US\" \/>\n<meta property=\"og:type\" content=\"article\" \/>\n<meta property=\"og:title\" content=\"Suure sinise kokkupandav platvormk\u00e4ru 900x585x840mm | Adexa HZMTC400 - Adexa \u2013 Suurk\u00f6\u00f6giseadmed restoranidele ja toitlustusele\" \/>\n<meta property=\"og:description\" content=\"Kokkupandav platvormk\u00e4ru viie rattaga, mis on loodud kaupade lihtsaks transportimiseks ja hoiustamiseks. K\u00e4ru on kokkupanduna kompaktne ning v\u00f5imaldab sujuvat suuremate\" \/>\n<meta property=\"og:url\" content=\"https:\/\/adexa.ee\/toode\/suure-sinise-kokkupandav-platvormkaru-900x585x840mm-adexa-hzmtc400\/\" \/>\n<meta property=\"og:site_name\" content=\"Adexa \u2013 Suurk\u00f6\u00f6giseadmed restoranidele ja toitlustusele\" \/>\n<meta property=\"article:modified_time\" content=\"2026-03-26T09:15:20+00:00\" \/>\n<meta property=\"og:image\" content=\"https:\/\/adexa.ee\/wp-content\/uploads\/2025\/02\/HZMTC400.jpg\" \/>\n\t<meta property=\"og:image:width\" content=\"2000\" \/>\n\t<meta property=\"og:image:height\" content=\"2000\" \/>\n\t<meta property=\"og:image:type\" content=\"image\/jpeg\" \/>\n<meta name=\"twitter:card\" content=\"summary_large_image\" \/>\n<script type=\"application\/ld+json\" class=\"yoast-schema-graph\">{\"@context\":\"https:\\\/\\\/schema.org\",\"@graph\":[{\"@type\":\"WebPage\",\"@id\":\"https:\\\/\\\/adexa.ee\\\/toode\\\/suure-sinise-kokkupandav-platvormkaru-900x585x840mm-adexa-hzmtc400\\\/\",\"url\":\"https:\\\/\\\/adexa.ee\\\/toode\\\/suure-sinise-kokkupandav-platvormkaru-900x585x840mm-adexa-hzmtc400\\\/\",\"name\":\"Suure sinise kokkupandav platvormk\u00e4ru 900x585x840mm | Adexa HZMTC400 - Adexa \u2013 Suurk\u00f6\u00f6giseadmed restoranidele ja toitlustusele\",\"isPartOf\":{\"@id\":\"https:\\\/\\\/adexa.ee\\\/#website\"},\"primaryImageOfPage\":{\"@id\":\"https:\\\/\\\/adexa.ee\\\/toode\\\/suure-sinise-kokkupandav-platvormkaru-900x585x840mm-adexa-hzmtc400\\\/#primaryimage\"},\"image\":{\"@id\":\"https:\\\/\\\/adexa.ee\\\/toode\\\/suure-sinise-kokkupandav-platvormkaru-900x585x840mm-adexa-hzmtc400\\\/#primaryimage\"},\"thumbnailUrl\":\"https:\\\/\\\/adexa.ee\\\/wp-content\\\/uploads\\\/2025\\\/02\\\/HZMTC400.jpg\",\"datePublished\":\"2026-03-26T09:15:17+00:00\",\"dateModified\":\"2026-03-26T09:15:20+00:00\",\"breadcrumb\":{\"@id\":\"https:\\\/\\\/adexa.ee\\\/toode\\\/suure-sinise-kokkupandav-platvormkaru-900x585x840mm-adexa-hzmtc400\\\/#breadcrumb\"},\"inLanguage\":\"en-US\",\"potentialAction\":[{\"@type\":\"ReadAction\",\"target\":[\"https:\\\/\\\/adexa.ee\\\/toode\\\/suure-sinise-kokkupandav-platvormkaru-900x585x840mm-adexa-hzmtc400\\\/\"]}]},{\"@type\":\"ImageObject\",\"inLanguage\":\"en-US\",\"@id\":\"https:\\\/\\\/adexa.ee\\\/toode\\\/suure-sinise-kokkupandav-platvormkaru-900x585x840mm-adexa-hzmtc400\\\/#primaryimage\",\"url\":\"https:\\\/\\\/adexa.ee\\\/wp-content\\\/uploads\\\/2025\\\/02\\\/HZMTC400.jpg\",\"contentUrl\":\"https:\\\/\\\/adexa.ee\\\/wp-content\\\/uploads\\\/2025\\\/02\\\/HZMTC400.jpg\",\"width\":2000,\"height\":2000},{\"@type\":\"BreadcrumbList\",\"@id\":\"https:\\\/\\\/adexa.ee\\\/toode\\\/suure-sinise-kokkupandav-platvormkaru-900x585x840mm-adexa-hzmtc400\\\/#breadcrumb\",\"itemListElement\":[{\"@type\":\"ListItem\",\"position\":1,\"name\":\"Home\",\"item\":\"https:\\\/\\\/adexa.ee\\\/\"},{\"@type\":\"ListItem\",\"position\":2,\"name\":\"Tooted\",\"item\":\"https:\\\/\\\/adexa.ee\\\/pood\\\/\"},{\"@type\":\"ListItem\",\"position\":3,\"name\":\"Suure sinise kokkupandav platvormk\u00e4ru 900x585x840mm | Adexa HZMTC400\"}]},{\"@type\":\"WebSite\",\"@id\":\"https:\\\/\\\/adexa.ee\\\/#website\",\"url\":\"https:\\\/\\\/adexa.ee\\\/\",\"name\":\"Adexa\",\"description\":\"\",\"publisher\":{\"@id\":\"https:\\\/\\\/adexa.ee\\\/#organization\"},\"potentialAction\":[{\"@type\":\"SearchAction\",\"target\":{\"@type\":\"EntryPoint\",\"urlTemplate\":\"https:\\\/\\\/adexa.ee\\\/?s={search_term_string}\"},\"query-input\":{\"@type\":\"PropertyValueSpecification\",\"valueRequired\":true,\"valueName\":\"search_term_string\"}}],\"inLanguage\":\"en-US\"},{\"@type\":\"Organization\",\"@id\":\"https:\\\/\\\/adexa.ee\\\/#organization\",\"name\":\"Adexa\",\"url\":\"https:\\\/\\\/adexa.ee\\\/\",\"logo\":{\"@type\":\"ImageObject\",\"inLanguage\":\"en-US\",\"@id\":\"https:\\\/\\\/adexa.ee\\\/#\\\/schema\\\/logo\\\/image\\\/\",\"url\":\"https:\\\/\\\/adexa.ee\\\/wp-content\\\/uploads\\\/2024\\\/04\\\/chef-cooks-working-in-professional-kitchen-2023-11-27-05-07-39-utc-scaled.jpg\",\"contentUrl\":\"https:\\\/\\\/adexa.ee\\\/wp-content\\\/uploads\\\/2024\\\/04\\\/chef-cooks-working-in-professional-kitchen-2023-11-27-05-07-39-utc-scaled.jpg\",\"width\":2560,\"height\":1708,\"caption\":\"Adexa\"},\"image\":{\"@id\":\"https:\\\/\\\/adexa.ee\\\/#\\\/schema\\\/logo\\\/image\\\/\"}}]}<\/script>\n<!-- \/ Yoast SEO plugin. -->","yoast_head_json":{"title":"Suure sinise kokkupandav platvormk\u00e4ru 900x585x840mm | Adexa HZMTC400 - Adexa \u2013 Suurk\u00f6\u00f6giseadmed restoranidele ja toitlustusele","robots":{"index":"index","follow":"follow","max-snippet":"max-snippet:-1","max-image-preview":"max-image-preview:large","max-video-preview":"max-video-preview:-1"},"canonical":"https:\/\/adexa.ee\/toode\/suure-sinise-kokkupandav-platvormkaru-900x585x840mm-adexa-hzmtc400\/","og_locale":"en_US","og_type":"article","og_title":"Suure sinise kokkupandav platvormk\u00e4ru 900x585x840mm | Adexa HZMTC400 - Adexa \u2013 Suurk\u00f6\u00f6giseadmed restoranidele ja toitlustusele","og_description":"Kokkupandav platvormk\u00e4ru viie rattaga, mis on loodud kaupade lihtsaks transportimiseks ja hoiustamiseks. K\u00e4ru on kokkupanduna kompaktne ning v\u00f5imaldab sujuvat suuremate","og_url":"https:\/\/adexa.ee\/toode\/suure-sinise-kokkupandav-platvormkaru-900x585x840mm-adexa-hzmtc400\/","og_site_name":"Adexa \u2013 Suurk\u00f6\u00f6giseadmed restoranidele ja toitlustusele","article_modified_time":"2026-03-26T09:15:20+00:00","og_image":[{"width":2000,"height":2000,"url":"https:\/\/adexa.ee\/wp-content\/uploads\/2025\/02\/HZMTC400.jpg","type":"image\/jpeg"}],"twitter_card":"summary_large_image","schema":{"@context":"https:\/\/schema.org","@graph":[{"@type":"WebPage","@id":"https:\/\/adexa.ee\/toode\/suure-sinise-kokkupandav-platvormkaru-900x585x840mm-adexa-hzmtc400\/","url":"https:\/\/adexa.ee\/toode\/suure-sinise-kokkupandav-platvormkaru-900x585x840mm-adexa-hzmtc400\/","name":"Suure sinise kokkupandav platvormk\u00e4ru 900x585x840mm | Adexa HZMTC400 - Adexa \u2013 Suurk\u00f6\u00f6giseadmed restoranidele ja toitlustusele","isPartOf":{"@id":"https:\/\/adexa.ee\/#website"},"primaryImageOfPage":{"@id":"https:\/\/adexa.ee\/toode\/suure-sinise-kokkupandav-platvormkaru-900x585x840mm-adexa-hzmtc400\/#primaryimage"},"image":{"@id":"https:\/\/adexa.ee\/toode\/suure-sinise-kokkupandav-platvormkaru-900x585x840mm-adexa-hzmtc400\/#primaryimage"},"thumbnailUrl":"https:\/\/adexa.ee\/wp-content\/uploads\/2025\/02\/HZMTC400.jpg","datePublished":"2026-03-26T09:15:17+00:00","dateModified":"2026-03-26T09:15:20+00:00","breadcrumb":{"@id":"https:\/\/adexa.ee\/toode\/suure-sinise-kokkupandav-platvormkaru-900x585x840mm-adexa-hzmtc400\/#breadcrumb"},"inLanguage":"en-US","potentialAction":[{"@type":"ReadAction","target":["https:\/\/adexa.ee\/toode\/suure-sinise-kokkupandav-platvormkaru-900x585x840mm-adexa-hzmtc400\/"]}]},{"@type":"ImageObject","inLanguage":"en-US","@id":"https:\/\/adexa.ee\/toode\/suure-sinise-kokkupandav-platvormkaru-900x585x840mm-adexa-hzmtc400\/#primaryimage","url":"https:\/\/adexa.ee\/wp-content\/uploads\/2025\/02\/HZMTC400.jpg","contentUrl":"https:\/\/adexa.ee\/wp-content\/uploads\/2025\/02\/HZMTC400.jpg","width":2000,"height":2000},{"@type":"BreadcrumbList","@id":"https:\/\/adexa.ee\/toode\/suure-sinise-kokkupandav-platvormkaru-900x585x840mm-adexa-hzmtc400\/#breadcrumb","itemListElement":[{"@type":"ListItem","position":1,"name":"Home","item":"https:\/\/adexa.ee\/"},{"@type":"ListItem","position":2,"name":"Tooted","item":"https:\/\/adexa.ee\/pood\/"},{"@type":"ListItem","position":3,"name":"Suure sinise kokkupandav platvormk\u00e4ru 900x585x840mm | Adexa HZMTC400"}]},{"@type":"WebSite","@id":"https:\/\/adexa.ee\/#website","url":"https:\/\/adexa.ee\/","name":"Adexa","description":"","publisher":{"@id":"https:\/\/adexa.ee\/#organization"},"potentialAction":[{"@type":"SearchAction","target":{"@type":"EntryPoint","urlTemplate":"https:\/\/adexa.ee\/?s={search_term_string}"},"query-input":{"@type":"PropertyValueSpecification","valueRequired":true,"valueName":"search_term_string"}}],"inLanguage":"en-US"},{"@type":"Organization","@id":"https:\/\/adexa.ee\/#organization","name":"Adexa","url":"https:\/\/adexa.ee\/","logo":{"@type":"ImageObject","inLanguage":"en-US","@id":"https:\/\/adexa.ee\/#\/schema\/logo\/image\/","url":"https:\/\/adexa.ee\/wp-content\/uploads\/2024\/04\/chef-cooks-working-in-professional-kitchen-2023-11-27-05-07-39-utc-scaled.jpg","contentUrl":"https:\/\/adexa.ee\/wp-content\/uploads\/2024\/04\/chef-cooks-working-in-professional-kitchen-2023-11-27-05-07-39-utc-scaled.jpg","width":2560,"height":1708,"caption":"Adexa"},"image":{"@id":"https:\/\/adexa.ee\/#\/schema\/logo\/image\/"}}]}},"_links":{"self":[{"href":"https:\/\/adexa.ee\/en\/wp-json\/wp\/v2\/product\/31850","targetHints":{"allow":["GET"]}}],"collection":[{"href":"https:\/\/adexa.ee\/en\/wp-json\/wp\/v2\/product"}],"about":[{"href":"https:\/\/adexa.ee\/en\/wp-json\/wp\/v2\/types\/product"}],"wp:featuredmedia":[{"embeddable":true,"href":"https:\/\/adexa.ee\/en\/wp-json\/wp\/v2\/media\/31852"}],"wp:attachment":[{"href":"https:\/\/adexa.ee\/en\/wp-json\/wp\/v2\/media?parent=31850"}],"wp:term":[{"taxonomy":"product_brand","embeddable":true,"href":"https:\/\/adexa.ee\/en\/wp-json\/wp\/v2\/product_brand?post=31850"},{"taxonomy":"product_cat","embeddable":true,"href":"https:\/\/adexa.ee\/en\/wp-json\/wp\/v2\/product_cat?post=31850"},{"taxonomy":"product_tag","embeddable":true,"href":"https:\/\/adexa.ee\/en\/wp-json\/wp\/v2\/product_tag?post=31850"}],"curies":[{"name":"wp","href":"https:\/\/api.w.org\/{rel}","templated":true}]}}