{"id":31915,"date":"2026-03-26T23:55:16","date_gmt":"2026-03-26T21:55:16","guid":{"rendered":"https:\/\/adexa.ee\/toode\/roostevabast-terasest-professionaalne-hautamisnou-kaanega-49-liitrit-adexa-se12213\/"},"modified":"2026-03-26T23:55:17","modified_gmt":"2026-03-26T21:55:17","slug":"roostevabast-terasest-professionaalne-pott-kaanega-49-liitrit-adexa-se12213","status":"publish","type":"product","link":"https:\/\/adexa.ee\/en\/toode\/roostevabast-terasest-professionaalne-pott-kaanega-49-liitrit-adexa-se12213\/","title":{"rendered":"Roostevabast terasest professionaalne pott kaanega 4,9 liitrit | Adexa SE12213"},"content":{"rendered":"<p>See esmaklassiline roostevabast terasest n\u00f5u pakub suurep\u00e4rast professionaalset kvaliteeti uskumatult konkurentsiv\u00f5imelise hinnaga. Raskekaalulisest k\u00f5rgekvaliteedilisest roostevabast terasest valmistatud n\u00f5ud on \u00e4\u00e4rmiselt vastupidavad ja seet\u00f5ttu sobivad pidevaks kasutamiseks h\u00f5ivatud t\u00f6\u00f6stusk\u00f6\u00f6gis. Igal n\u00f5ul on fiksedeeritud k\u00fclmad k\u00e4epidemed, mis v\u00f5imaldavad raskete sisu h\u00f5lpsat transportimist. Kaetud t\u00fc\u00fcbiga p\u00f5hi, mis v\u00f5imaldab induktsioonik\u00fcpsetust ja \u00fchtlast kuumuse jaotumist. Tugevad k\u00e4epidemed mitme kinnituskohaga potti pinnale, mis ei kuumene. Valmistatud kvaliteetsest roostevabast terasest s\u00fcgavt\u00f5mbetehnoloogia abil. Happekindel. Satiinviimistlusega pinnad k\u00f5rgl\u00e4ikega poleeritud j\u00e4meda p\u00f5randaosaga. Palun vaata jaotisest &#8220;Spetsifikatsioon&#8221; \u00fcksikasjalikku teavet.<\/p>\n<table style=\"border-collapse: collapse; width: 100%; text-align: left;\">\n<tbody>\n<tr>\n<td style=\"border: 1px solid #ddd; padding: 8px; width: 45%;\"><strong>K\u00f5rgus<\/strong><\/td>\n<td style=\"border: 1px solid #ddd; padding: 8px;\">130mm<\/td>\n<\/tr>\n<tr>\n<td style=\"border: 1px solid #ddd; padding: 8px; width: 45%;\"><strong>Garantii<\/strong><\/td>\n<td style=\"border: 1px solid #ddd; padding: 8px;\">12 kuu varuosade garantii<\/td>\n<\/tr>\n<tr>\n<td style=\"border: 1px solid #ddd; padding: 8px; width: 45%;\"><strong>Mahutavus<\/strong><\/td>\n<td style=\"border: 1px solid #ddd; padding: 8px;\">4,9 liitrit<\/td>\n<\/tr>\n<tr>\n<td style=\"border: 1px solid #ddd; padding: 8px; width: 45%;\"><strong>Materjal<\/strong><\/td>\n<td style=\"border: 1px solid #ddd; padding: 8px;\">Roostevaba teras<\/td>\n<\/tr>\n<tr>\n<td style=\"border: 1px solid #ddd; padding: 8px; width: 45%;\"><strong>Kaas<\/strong><\/td>\n<td style=\"border: 1px solid #ddd; padding: 8px;\">Kaasa arvatud<\/td>\n<\/tr>\n<tr>\n<td style=\"border: 1px solid #ddd; padding: 8px; width: 45%;\"><strong>L\u00e4bim\u00f5\u00f5t<\/strong><\/td>\n<td style=\"border: 1px solid #ddd; padding: 8px;\">220mm<\/td>\n<\/tr>\n<tr>\n<td style=\"border: 1px solid #ddd; padding: 8px; width: 45%;\"><strong>Induktsiooniga \u00fchilduv<\/strong><\/td>\n<td style=\"border: 1px solid #ddd; padding: 8px;\">Jah<\/td>\n<\/tr>\n<\/tbody>\n<\/table>\n","protected":false},"excerpt":{"rendered":"<p>See esmaklassiline roostevabast terasest n\u00f5u pakub suurep\u00e4rast professionaalset kvaliteeti uskumatult konkurentsiv\u00f5imelise hinnaga. Raskekaalulisest k\u00f5rgekvaliteedilisest roostevabast terasest valmistatud n\u00f5ud on \u00e4\u00e4rmiselt<\/p>\n","protected":false},"featured_media":11217,"template":"","meta":[],"product_brand":[],"product_cat":[755,579,606],"product_tag":[],"class_list":{"0":"post-31915","1":"product","2":"type-product","3":"status-publish","4":"has-post-thumbnail","6":"product_cat-keedupotid-hautamispotid-ja-puljongipotid","7":"product_cat-koogitarbed-noud","8":"product_cat-potid-ja-pannid","10":"first","11":"instock","12":"sale","13":"taxable","14":"shipping-taxable","15":"purchasable","16":"product-type-simple"},"yoast_head":"<!-- This site is optimized with the Yoast SEO plugin v27.3 - https:\/\/yoast.com\/product\/yoast-seo-wordpress\/ -->\n<title>Roostevabast terasest professionaalne pott kaanega 4,9 liitrit | Adexa SE12213 - Adexa \u2013 Suurk\u00f6\u00f6giseadmed restoranidele ja toitlustusele<\/title>\n<meta name=\"robots\" content=\"index, follow, max-snippet:-1, max-image-preview:large, max-video-preview:-1\" \/>\n<link rel=\"canonical\" href=\"https:\/\/adexa.ee\/toode\/roostevabast-terasest-professionaalne-pott-kaanega-49-liitrit-adexa-se12213\/\" \/>\n<meta property=\"og:locale\" content=\"en_US\" \/>\n<meta property=\"og:type\" content=\"article\" \/>\n<meta property=\"og:title\" content=\"Roostevabast terasest professionaalne pott kaanega 4,9 liitrit | Adexa SE12213 - Adexa \u2013 Suurk\u00f6\u00f6giseadmed restoranidele ja toitlustusele\" \/>\n<meta property=\"og:description\" content=\"See esmaklassiline roostevabast terasest n\u00f5u pakub suurep\u00e4rast professionaalset kvaliteeti uskumatult konkurentsiv\u00f5imelise hinnaga. Raskekaalulisest k\u00f5rgekvaliteedilisest roostevabast terasest valmistatud n\u00f5ud on \u00e4\u00e4rmiselt\" \/>\n<meta property=\"og:url\" content=\"https:\/\/adexa.ee\/toode\/roostevabast-terasest-professionaalne-pott-kaanega-49-liitrit-adexa-se12213\/\" \/>\n<meta property=\"og:site_name\" content=\"Adexa \u2013 Suurk\u00f6\u00f6giseadmed restoranidele ja toitlustusele\" \/>\n<meta property=\"article:modified_time\" content=\"2026-03-26T21:55:17+00:00\" \/>\n<meta property=\"og:image\" content=\"https:\/\/adexa.ee\/wp-content\/uploads\/2024\/12\/SE12213.jpg\" \/>\n\t<meta property=\"og:image:width\" content=\"1181\" \/>\n\t<meta property=\"og:image:height\" content=\"1181\" \/>\n\t<meta property=\"og:image:type\" content=\"image\/jpeg\" \/>\n<meta name=\"twitter:card\" content=\"summary_large_image\" \/>\n<meta name=\"twitter:label1\" content=\"Est. reading time\" \/>\n\t<meta name=\"twitter:data1\" content=\"1 minute\" \/>\n<script type=\"application\/ld+json\" class=\"yoast-schema-graph\">{\"@context\":\"https:\\\/\\\/schema.org\",\"@graph\":[{\"@type\":\"WebPage\",\"@id\":\"https:\\\/\\\/adexa.ee\\\/toode\\\/roostevabast-terasest-professionaalne-pott-kaanega-49-liitrit-adexa-se12213\\\/\",\"url\":\"https:\\\/\\\/adexa.ee\\\/toode\\\/roostevabast-terasest-professionaalne-pott-kaanega-49-liitrit-adexa-se12213\\\/\",\"name\":\"Roostevabast terasest professionaalne pott kaanega 4,9 liitrit | Adexa SE12213 - Adexa \u2013 Suurk\u00f6\u00f6giseadmed restoranidele ja toitlustusele\",\"isPartOf\":{\"@id\":\"https:\\\/\\\/adexa.ee\\\/#website\"},\"primaryImageOfPage\":{\"@id\":\"https:\\\/\\\/adexa.ee\\\/toode\\\/roostevabast-terasest-professionaalne-pott-kaanega-49-liitrit-adexa-se12213\\\/#primaryimage\"},\"image\":{\"@id\":\"https:\\\/\\\/adexa.ee\\\/toode\\\/roostevabast-terasest-professionaalne-pott-kaanega-49-liitrit-adexa-se12213\\\/#primaryimage\"},\"thumbnailUrl\":\"https:\\\/\\\/adexa.ee\\\/wp-content\\\/uploads\\\/2024\\\/12\\\/SE12213.jpg\",\"datePublished\":\"2026-03-26T21:55:16+00:00\",\"dateModified\":\"2026-03-26T21:55:17+00:00\",\"breadcrumb\":{\"@id\":\"https:\\\/\\\/adexa.ee\\\/toode\\\/roostevabast-terasest-professionaalne-pott-kaanega-49-liitrit-adexa-se12213\\\/#breadcrumb\"},\"inLanguage\":\"en-US\",\"potentialAction\":[{\"@type\":\"ReadAction\",\"target\":[\"https:\\\/\\\/adexa.ee\\\/toode\\\/roostevabast-terasest-professionaalne-pott-kaanega-49-liitrit-adexa-se12213\\\/\"]}]},{\"@type\":\"ImageObject\",\"inLanguage\":\"en-US\",\"@id\":\"https:\\\/\\\/adexa.ee\\\/toode\\\/roostevabast-terasest-professionaalne-pott-kaanega-49-liitrit-adexa-se12213\\\/#primaryimage\",\"url\":\"https:\\\/\\\/adexa.ee\\\/wp-content\\\/uploads\\\/2024\\\/12\\\/SE12213.jpg\",\"contentUrl\":\"https:\\\/\\\/adexa.ee\\\/wp-content\\\/uploads\\\/2024\\\/12\\\/SE12213.jpg\",\"width\":1181,\"height\":1181},{\"@type\":\"BreadcrumbList\",\"@id\":\"https:\\\/\\\/adexa.ee\\\/toode\\\/roostevabast-terasest-professionaalne-pott-kaanega-49-liitrit-adexa-se12213\\\/#breadcrumb\",\"itemListElement\":[{\"@type\":\"ListItem\",\"position\":1,\"name\":\"Home\",\"item\":\"https:\\\/\\\/adexa.ee\\\/\"},{\"@type\":\"ListItem\",\"position\":2,\"name\":\"Tooted\",\"item\":\"https:\\\/\\\/adexa.ee\\\/pood\\\/\"},{\"@type\":\"ListItem\",\"position\":3,\"name\":\"Roostevabast terasest professionaalne pott kaanega 4,9 liitrit | Adexa SE12213\"}]},{\"@type\":\"WebSite\",\"@id\":\"https:\\\/\\\/adexa.ee\\\/#website\",\"url\":\"https:\\\/\\\/adexa.ee\\\/\",\"name\":\"Adexa\",\"description\":\"\",\"publisher\":{\"@id\":\"https:\\\/\\\/adexa.ee\\\/#organization\"},\"potentialAction\":[{\"@type\":\"SearchAction\",\"target\":{\"@type\":\"EntryPoint\",\"urlTemplate\":\"https:\\\/\\\/adexa.ee\\\/?s={search_term_string}\"},\"query-input\":{\"@type\":\"PropertyValueSpecification\",\"valueRequired\":true,\"valueName\":\"search_term_string\"}}],\"inLanguage\":\"en-US\"},{\"@type\":\"Organization\",\"@id\":\"https:\\\/\\\/adexa.ee\\\/#organization\",\"name\":\"Adexa\",\"url\":\"https:\\\/\\\/adexa.ee\\\/\",\"logo\":{\"@type\":\"ImageObject\",\"inLanguage\":\"en-US\",\"@id\":\"https:\\\/\\\/adexa.ee\\\/#\\\/schema\\\/logo\\\/image\\\/\",\"url\":\"https:\\\/\\\/adexa.ee\\\/wp-content\\\/uploads\\\/2024\\\/04\\\/chef-cooks-working-in-professional-kitchen-2023-11-27-05-07-39-utc-scaled.jpg\",\"contentUrl\":\"https:\\\/\\\/adexa.ee\\\/wp-content\\\/uploads\\\/2024\\\/04\\\/chef-cooks-working-in-professional-kitchen-2023-11-27-05-07-39-utc-scaled.jpg\",\"width\":2560,\"height\":1708,\"caption\":\"Adexa\"},\"image\":{\"@id\":\"https:\\\/\\\/adexa.ee\\\/#\\\/schema\\\/logo\\\/image\\\/\"}}]}<\/script>\n<!-- \/ Yoast SEO plugin. -->","yoast_head_json":{"title":"Roostevabast terasest professionaalne pott kaanega 4,9 liitrit | Adexa SE12213 - Adexa \u2013 Suurk\u00f6\u00f6giseadmed restoranidele ja toitlustusele","robots":{"index":"index","follow":"follow","max-snippet":"max-snippet:-1","max-image-preview":"max-image-preview:large","max-video-preview":"max-video-preview:-1"},"canonical":"https:\/\/adexa.ee\/toode\/roostevabast-terasest-professionaalne-pott-kaanega-49-liitrit-adexa-se12213\/","og_locale":"en_US","og_type":"article","og_title":"Roostevabast terasest professionaalne pott kaanega 4,9 liitrit | Adexa SE12213 - Adexa \u2013 Suurk\u00f6\u00f6giseadmed restoranidele ja toitlustusele","og_description":"See esmaklassiline roostevabast terasest n\u00f5u pakub suurep\u00e4rast professionaalset kvaliteeti uskumatult konkurentsiv\u00f5imelise hinnaga. Raskekaalulisest k\u00f5rgekvaliteedilisest roostevabast terasest valmistatud n\u00f5ud on \u00e4\u00e4rmiselt","og_url":"https:\/\/adexa.ee\/toode\/roostevabast-terasest-professionaalne-pott-kaanega-49-liitrit-adexa-se12213\/","og_site_name":"Adexa \u2013 Suurk\u00f6\u00f6giseadmed restoranidele ja toitlustusele","article_modified_time":"2026-03-26T21:55:17+00:00","og_image":[{"width":1181,"height":1181,"url":"https:\/\/adexa.ee\/wp-content\/uploads\/2024\/12\/SE12213.jpg","type":"image\/jpeg"}],"twitter_card":"summary_large_image","twitter_misc":{"Est. reading time":"1 minute"},"schema":{"@context":"https:\/\/schema.org","@graph":[{"@type":"WebPage","@id":"https:\/\/adexa.ee\/toode\/roostevabast-terasest-professionaalne-pott-kaanega-49-liitrit-adexa-se12213\/","url":"https:\/\/adexa.ee\/toode\/roostevabast-terasest-professionaalne-pott-kaanega-49-liitrit-adexa-se12213\/","name":"Roostevabast terasest professionaalne pott kaanega 4,9 liitrit | Adexa SE12213 - Adexa \u2013 Suurk\u00f6\u00f6giseadmed restoranidele ja toitlustusele","isPartOf":{"@id":"https:\/\/adexa.ee\/#website"},"primaryImageOfPage":{"@id":"https:\/\/adexa.ee\/toode\/roostevabast-terasest-professionaalne-pott-kaanega-49-liitrit-adexa-se12213\/#primaryimage"},"image":{"@id":"https:\/\/adexa.ee\/toode\/roostevabast-terasest-professionaalne-pott-kaanega-49-liitrit-adexa-se12213\/#primaryimage"},"thumbnailUrl":"https:\/\/adexa.ee\/wp-content\/uploads\/2024\/12\/SE12213.jpg","datePublished":"2026-03-26T21:55:16+00:00","dateModified":"2026-03-26T21:55:17+00:00","breadcrumb":{"@id":"https:\/\/adexa.ee\/toode\/roostevabast-terasest-professionaalne-pott-kaanega-49-liitrit-adexa-se12213\/#breadcrumb"},"inLanguage":"en-US","potentialAction":[{"@type":"ReadAction","target":["https:\/\/adexa.ee\/toode\/roostevabast-terasest-professionaalne-pott-kaanega-49-liitrit-adexa-se12213\/"]}]},{"@type":"ImageObject","inLanguage":"en-US","@id":"https:\/\/adexa.ee\/toode\/roostevabast-terasest-professionaalne-pott-kaanega-49-liitrit-adexa-se12213\/#primaryimage","url":"https:\/\/adexa.ee\/wp-content\/uploads\/2024\/12\/SE12213.jpg","contentUrl":"https:\/\/adexa.ee\/wp-content\/uploads\/2024\/12\/SE12213.jpg","width":1181,"height":1181},{"@type":"BreadcrumbList","@id":"https:\/\/adexa.ee\/toode\/roostevabast-terasest-professionaalne-pott-kaanega-49-liitrit-adexa-se12213\/#breadcrumb","itemListElement":[{"@type":"ListItem","position":1,"name":"Home","item":"https:\/\/adexa.ee\/"},{"@type":"ListItem","position":2,"name":"Tooted","item":"https:\/\/adexa.ee\/pood\/"},{"@type":"ListItem","position":3,"name":"Roostevabast terasest professionaalne pott kaanega 4,9 liitrit | Adexa SE12213"}]},{"@type":"WebSite","@id":"https:\/\/adexa.ee\/#website","url":"https:\/\/adexa.ee\/","name":"Adexa","description":"","publisher":{"@id":"https:\/\/adexa.ee\/#organization"},"potentialAction":[{"@type":"SearchAction","target":{"@type":"EntryPoint","urlTemplate":"https:\/\/adexa.ee\/?s={search_term_string}"},"query-input":{"@type":"PropertyValueSpecification","valueRequired":true,"valueName":"search_term_string"}}],"inLanguage":"en-US"},{"@type":"Organization","@id":"https:\/\/adexa.ee\/#organization","name":"Adexa","url":"https:\/\/adexa.ee\/","logo":{"@type":"ImageObject","inLanguage":"en-US","@id":"https:\/\/adexa.ee\/#\/schema\/logo\/image\/","url":"https:\/\/adexa.ee\/wp-content\/uploads\/2024\/04\/chef-cooks-working-in-professional-kitchen-2023-11-27-05-07-39-utc-scaled.jpg","contentUrl":"https:\/\/adexa.ee\/wp-content\/uploads\/2024\/04\/chef-cooks-working-in-professional-kitchen-2023-11-27-05-07-39-utc-scaled.jpg","width":2560,"height":1708,"caption":"Adexa"},"image":{"@id":"https:\/\/adexa.ee\/#\/schema\/logo\/image\/"}}]}},"_links":{"self":[{"href":"https:\/\/adexa.ee\/en\/wp-json\/wp\/v2\/product\/31915","targetHints":{"allow":["GET"]}}],"collection":[{"href":"https:\/\/adexa.ee\/en\/wp-json\/wp\/v2\/product"}],"about":[{"href":"https:\/\/adexa.ee\/en\/wp-json\/wp\/v2\/types\/product"}],"wp:featuredmedia":[{"embeddable":true,"href":"https:\/\/adexa.ee\/en\/wp-json\/wp\/v2\/media\/11217"}],"wp:attachment":[{"href":"https:\/\/adexa.ee\/en\/wp-json\/wp\/v2\/media?parent=31915"}],"wp:term":[{"taxonomy":"product_brand","embeddable":true,"href":"https:\/\/adexa.ee\/en\/wp-json\/wp\/v2\/product_brand?post=31915"},{"taxonomy":"product_cat","embeddable":true,"href":"https:\/\/adexa.ee\/en\/wp-json\/wp\/v2\/product_cat?post=31915"},{"taxonomy":"product_tag","embeddable":true,"href":"https:\/\/adexa.ee\/en\/wp-json\/wp\/v2\/product_tag?post=31915"}],"curies":[{"name":"wp","href":"https:\/\/api.w.org\/{rel}","templated":true}]}}