{"id":31924,"date":"2026-03-29T22:45:56","date_gmt":"2026-03-29T19:45:56","guid":{"rendered":"https:\/\/adexa.ee\/toode\/libisemiskindel-serveerimissalv-super-plastist-ummargune-11-must-adexa-whf1100\/"},"modified":"2026-03-29T22:45:57","modified_gmt":"2026-03-29T19:45:57","slug":"libisemiskindel-serveerimiskandik-plastist-ummargune-11-must-adexa-whf1100","status":"publish","type":"product","link":"https:\/\/adexa.ee\/en\/toode\/libisemiskindel-serveerimiskandik-plastist-ummargune-11-must-adexa-whf1100\/","title":{"rendered":"Libisemiskindel serveerimiskandik plastist \u00dcmmargune 11&#8243; Must | Adexa WHF1100"},"content":{"rendered":"<p>Ideaalne s\u00f6\u00f6klatesse, buffeelaudadele ja iseteenindusse, see must libisemiskindel super plastist serveerimissalv on mitmek\u00fclgsuse ja vastupidavuse suurep\u00e4rane kombinatsioon! See sisaldab paksu klaaskiuga tugevdatud purunemiskindlat konstruktsiooni, mis on piisavalt vastupidav, et taluda igap\u00e4evast kasutust k\u00f5rge k\u00e4ibega piirkondades. Lisaks pakub kummist libisemiskindel pind teie ettekandjatele meelerahu ning kerge konstruktsioon sobib ideaalselt, et liikuda h\u00f5ivatud restoranis tellimusega, mis on t\u00e4is jooke ja toitu. Sellel salvel on t\u00f5stetud tugevdatud servad, mis tagavad suurep\u00e4rase tugevuse ja kaitse, muutes selle sobivaks suure mahuga kaubandusasutustes kasutamiseks. P\u00e4rast kasutamist on seda lihtne puhastada ning sellel on virnastusid, mis edendavad \u00f5huringlust kiireks kuivamiseks ja lihtsaks hoiustamiseks, olgu see siis k\u00f6\u00f6gis v\u00f5i baaris hoiustatud.<\/p>\n<table style=\"border-collapse: collapse; width: 100%; text-align: left;\">\n<tbody>\n<tr>\n<td style=\"border: 1px solid #ddd; padding: 8px; width: 45%;\"><strong>Kaal<\/strong><\/td>\n<td style=\"border: 1px solid #ddd; padding: 8px;\">0,4 kg<\/td>\n<\/tr>\n<tr>\n<td style=\"border: 1px solid #ddd; padding: 8px; width: 45%;\"><strong>Materjal<\/strong><\/td>\n<td style=\"border: 1px solid #ddd; padding: 8px;\">Superplastik<\/td>\n<\/tr>\n<tr>\n<td style=\"border: 1px solid #ddd; padding: 8px; width: 45%;\"><strong>V\u00e4rv<\/strong><\/td>\n<td style=\"border: 1px solid #ddd; padding: 8px;\">Must<\/td>\n<\/tr>\n<tr>\n<td style=\"border: 1px solid #ddd; padding: 8px; width: 45%;\"><strong>L\u00e4bim\u00f5\u00f5t<\/strong><\/td>\n<td style=\"border: 1px solid #ddd; padding: 8px;\">11&#8243; \/ 280mm<\/td>\n<\/tr>\n<\/tbody>\n<\/table>\n","protected":false},"excerpt":{"rendered":"<p>Ideaalne s\u00f6\u00f6klatesse, buffeelaudadele ja iseteenindusse, see must libisemiskindel super plastist serveerimissalv on mitmek\u00fclgsuse ja vastupidavuse suurep\u00e4rane kombinatsioon! See sisaldab paksu<\/p>\n","protected":false},"featured_media":12791,"template":"","meta":[],"product_brand":[],"product_cat":[614,587,613,579,586],"product_tag":[],"class_list":{"0":"post-31924","1":"product","2":"type-product","3":"status-publish","4":"has-post-thumbnail","6":"product_cat-baaritarvikud","7":"product_cat-kandikud-ja-serveerimisalused","8":"product_cat-kohv-ja-joogid","9":"product_cat-koogitarbed-noud","10":"product_cat-serveerimine","12":"first","13":"instock","14":"sale","15":"taxable","16":"shipping-taxable","17":"purchasable","18":"product-type-simple"},"yoast_head":"<!-- This site is optimized with the Yoast SEO plugin v27.3 - https:\/\/yoast.com\/product\/yoast-seo-wordpress\/ -->\n<title>Libisemiskindel serveerimiskandik plastist \u00dcmmargune 11&quot; Must | Adexa WHF1100 - Adexa \u2013 Suurk\u00f6\u00f6giseadmed restoranidele ja toitlustusele<\/title>\n<meta name=\"robots\" content=\"index, follow, max-snippet:-1, max-image-preview:large, max-video-preview:-1\" \/>\n<link rel=\"canonical\" href=\"https:\/\/adexa.ee\/toode\/libisemiskindel-serveerimiskandik-plastist-ummargune-11-must-adexa-whf1100\/\" \/>\n<meta property=\"og:locale\" content=\"en_US\" \/>\n<meta property=\"og:type\" content=\"article\" \/>\n<meta property=\"og:title\" content=\"Libisemiskindel serveerimiskandik plastist \u00dcmmargune 11&quot; Must | Adexa WHF1100 - Adexa \u2013 Suurk\u00f6\u00f6giseadmed restoranidele ja toitlustusele\" \/>\n<meta property=\"og:description\" content=\"Ideaalne s\u00f6\u00f6klatesse, buffeelaudadele ja iseteenindusse, see must libisemiskindel super plastist serveerimissalv on mitmek\u00fclgsuse ja vastupidavuse suurep\u00e4rane kombinatsioon! See sisaldab paksu\" \/>\n<meta property=\"og:url\" content=\"https:\/\/adexa.ee\/toode\/libisemiskindel-serveerimiskandik-plastist-ummargune-11-must-adexa-whf1100\/\" \/>\n<meta property=\"og:site_name\" content=\"Adexa \u2013 Suurk\u00f6\u00f6giseadmed restoranidele ja toitlustusele\" \/>\n<meta property=\"article:modified_time\" content=\"2026-03-29T19:45:57+00:00\" \/>\n<meta property=\"og:image\" content=\"https:\/\/adexa.ee\/wp-content\/uploads\/2024\/12\/WHF1-.jpg\" \/>\n\t<meta property=\"og:image:width\" content=\"1200\" \/>\n\t<meta property=\"og:image:height\" content=\"1200\" \/>\n\t<meta property=\"og:image:type\" content=\"image\/jpeg\" \/>\n<meta name=\"twitter:card\" content=\"summary_large_image\" \/>\n<meta name=\"twitter:label1\" content=\"Est. reading time\" \/>\n\t<meta name=\"twitter:data1\" content=\"1 minute\" \/>\n<script type=\"application\/ld+json\" class=\"yoast-schema-graph\">{\"@context\":\"https:\\\/\\\/schema.org\",\"@graph\":[{\"@type\":\"WebPage\",\"@id\":\"https:\\\/\\\/adexa.ee\\\/toode\\\/libisemiskindel-serveerimiskandik-plastist-ummargune-11-must-adexa-whf1100\\\/\",\"url\":\"https:\\\/\\\/adexa.ee\\\/toode\\\/libisemiskindel-serveerimiskandik-plastist-ummargune-11-must-adexa-whf1100\\\/\",\"name\":\"Libisemiskindel serveerimiskandik plastist \u00dcmmargune 11\\\" Must | Adexa WHF1100 - Adexa \u2013 Suurk\u00f6\u00f6giseadmed restoranidele ja toitlustusele\",\"isPartOf\":{\"@id\":\"https:\\\/\\\/adexa.ee\\\/#website\"},\"primaryImageOfPage\":{\"@id\":\"https:\\\/\\\/adexa.ee\\\/toode\\\/libisemiskindel-serveerimiskandik-plastist-ummargune-11-must-adexa-whf1100\\\/#primaryimage\"},\"image\":{\"@id\":\"https:\\\/\\\/adexa.ee\\\/toode\\\/libisemiskindel-serveerimiskandik-plastist-ummargune-11-must-adexa-whf1100\\\/#primaryimage\"},\"thumbnailUrl\":\"https:\\\/\\\/adexa.ee\\\/wp-content\\\/uploads\\\/2024\\\/12\\\/WHF1-.jpg\",\"datePublished\":\"2026-03-29T19:45:56+00:00\",\"dateModified\":\"2026-03-29T19:45:57+00:00\",\"breadcrumb\":{\"@id\":\"https:\\\/\\\/adexa.ee\\\/toode\\\/libisemiskindel-serveerimiskandik-plastist-ummargune-11-must-adexa-whf1100\\\/#breadcrumb\"},\"inLanguage\":\"en-US\",\"potentialAction\":[{\"@type\":\"ReadAction\",\"target\":[\"https:\\\/\\\/adexa.ee\\\/toode\\\/libisemiskindel-serveerimiskandik-plastist-ummargune-11-must-adexa-whf1100\\\/\"]}]},{\"@type\":\"ImageObject\",\"inLanguage\":\"en-US\",\"@id\":\"https:\\\/\\\/adexa.ee\\\/toode\\\/libisemiskindel-serveerimiskandik-plastist-ummargune-11-must-adexa-whf1100\\\/#primaryimage\",\"url\":\"https:\\\/\\\/adexa.ee\\\/wp-content\\\/uploads\\\/2024\\\/12\\\/WHF1-.jpg\",\"contentUrl\":\"https:\\\/\\\/adexa.ee\\\/wp-content\\\/uploads\\\/2024\\\/12\\\/WHF1-.jpg\",\"width\":1200,\"height\":1200},{\"@type\":\"BreadcrumbList\",\"@id\":\"https:\\\/\\\/adexa.ee\\\/toode\\\/libisemiskindel-serveerimiskandik-plastist-ummargune-11-must-adexa-whf1100\\\/#breadcrumb\",\"itemListElement\":[{\"@type\":\"ListItem\",\"position\":1,\"name\":\"Home\",\"item\":\"https:\\\/\\\/adexa.ee\\\/\"},{\"@type\":\"ListItem\",\"position\":2,\"name\":\"Tooted\",\"item\":\"https:\\\/\\\/adexa.ee\\\/pood\\\/\"},{\"@type\":\"ListItem\",\"position\":3,\"name\":\"Libisemiskindel serveerimiskandik plastist \u00dcmmargune 11&#8243; Must | Adexa WHF1100\"}]},{\"@type\":\"WebSite\",\"@id\":\"https:\\\/\\\/adexa.ee\\\/#website\",\"url\":\"https:\\\/\\\/adexa.ee\\\/\",\"name\":\"Adexa\",\"description\":\"\",\"publisher\":{\"@id\":\"https:\\\/\\\/adexa.ee\\\/#organization\"},\"potentialAction\":[{\"@type\":\"SearchAction\",\"target\":{\"@type\":\"EntryPoint\",\"urlTemplate\":\"https:\\\/\\\/adexa.ee\\\/?s={search_term_string}\"},\"query-input\":{\"@type\":\"PropertyValueSpecification\",\"valueRequired\":true,\"valueName\":\"search_term_string\"}}],\"inLanguage\":\"en-US\"},{\"@type\":\"Organization\",\"@id\":\"https:\\\/\\\/adexa.ee\\\/#organization\",\"name\":\"Adexa\",\"url\":\"https:\\\/\\\/adexa.ee\\\/\",\"logo\":{\"@type\":\"ImageObject\",\"inLanguage\":\"en-US\",\"@id\":\"https:\\\/\\\/adexa.ee\\\/#\\\/schema\\\/logo\\\/image\\\/\",\"url\":\"https:\\\/\\\/adexa.ee\\\/wp-content\\\/uploads\\\/2024\\\/04\\\/chef-cooks-working-in-professional-kitchen-2023-11-27-05-07-39-utc-scaled.jpg\",\"contentUrl\":\"https:\\\/\\\/adexa.ee\\\/wp-content\\\/uploads\\\/2024\\\/04\\\/chef-cooks-working-in-professional-kitchen-2023-11-27-05-07-39-utc-scaled.jpg\",\"width\":2560,\"height\":1708,\"caption\":\"Adexa\"},\"image\":{\"@id\":\"https:\\\/\\\/adexa.ee\\\/#\\\/schema\\\/logo\\\/image\\\/\"}}]}<\/script>\n<!-- \/ Yoast SEO plugin. -->","yoast_head_json":{"title":"Libisemiskindel serveerimiskandik plastist \u00dcmmargune 11\" Must | Adexa WHF1100 - Adexa \u2013 Suurk\u00f6\u00f6giseadmed restoranidele ja toitlustusele","robots":{"index":"index","follow":"follow","max-snippet":"max-snippet:-1","max-image-preview":"max-image-preview:large","max-video-preview":"max-video-preview:-1"},"canonical":"https:\/\/adexa.ee\/toode\/libisemiskindel-serveerimiskandik-plastist-ummargune-11-must-adexa-whf1100\/","og_locale":"en_US","og_type":"article","og_title":"Libisemiskindel serveerimiskandik plastist \u00dcmmargune 11\" Must | Adexa WHF1100 - Adexa \u2013 Suurk\u00f6\u00f6giseadmed restoranidele ja toitlustusele","og_description":"Ideaalne s\u00f6\u00f6klatesse, buffeelaudadele ja iseteenindusse, see must libisemiskindel super plastist serveerimissalv on mitmek\u00fclgsuse ja vastupidavuse suurep\u00e4rane kombinatsioon! See sisaldab paksu","og_url":"https:\/\/adexa.ee\/toode\/libisemiskindel-serveerimiskandik-plastist-ummargune-11-must-adexa-whf1100\/","og_site_name":"Adexa \u2013 Suurk\u00f6\u00f6giseadmed restoranidele ja toitlustusele","article_modified_time":"2026-03-29T19:45:57+00:00","og_image":[{"width":1200,"height":1200,"url":"https:\/\/adexa.ee\/wp-content\/uploads\/2024\/12\/WHF1-.jpg","type":"image\/jpeg"}],"twitter_card":"summary_large_image","twitter_misc":{"Est. reading time":"1 minute"},"schema":{"@context":"https:\/\/schema.org","@graph":[{"@type":"WebPage","@id":"https:\/\/adexa.ee\/toode\/libisemiskindel-serveerimiskandik-plastist-ummargune-11-must-adexa-whf1100\/","url":"https:\/\/adexa.ee\/toode\/libisemiskindel-serveerimiskandik-plastist-ummargune-11-must-adexa-whf1100\/","name":"Libisemiskindel serveerimiskandik plastist \u00dcmmargune 11\" Must | Adexa WHF1100 - Adexa \u2013 Suurk\u00f6\u00f6giseadmed restoranidele ja toitlustusele","isPartOf":{"@id":"https:\/\/adexa.ee\/#website"},"primaryImageOfPage":{"@id":"https:\/\/adexa.ee\/toode\/libisemiskindel-serveerimiskandik-plastist-ummargune-11-must-adexa-whf1100\/#primaryimage"},"image":{"@id":"https:\/\/adexa.ee\/toode\/libisemiskindel-serveerimiskandik-plastist-ummargune-11-must-adexa-whf1100\/#primaryimage"},"thumbnailUrl":"https:\/\/adexa.ee\/wp-content\/uploads\/2024\/12\/WHF1-.jpg","datePublished":"2026-03-29T19:45:56+00:00","dateModified":"2026-03-29T19:45:57+00:00","breadcrumb":{"@id":"https:\/\/adexa.ee\/toode\/libisemiskindel-serveerimiskandik-plastist-ummargune-11-must-adexa-whf1100\/#breadcrumb"},"inLanguage":"en-US","potentialAction":[{"@type":"ReadAction","target":["https:\/\/adexa.ee\/toode\/libisemiskindel-serveerimiskandik-plastist-ummargune-11-must-adexa-whf1100\/"]}]},{"@type":"ImageObject","inLanguage":"en-US","@id":"https:\/\/adexa.ee\/toode\/libisemiskindel-serveerimiskandik-plastist-ummargune-11-must-adexa-whf1100\/#primaryimage","url":"https:\/\/adexa.ee\/wp-content\/uploads\/2024\/12\/WHF1-.jpg","contentUrl":"https:\/\/adexa.ee\/wp-content\/uploads\/2024\/12\/WHF1-.jpg","width":1200,"height":1200},{"@type":"BreadcrumbList","@id":"https:\/\/adexa.ee\/toode\/libisemiskindel-serveerimiskandik-plastist-ummargune-11-must-adexa-whf1100\/#breadcrumb","itemListElement":[{"@type":"ListItem","position":1,"name":"Home","item":"https:\/\/adexa.ee\/"},{"@type":"ListItem","position":2,"name":"Tooted","item":"https:\/\/adexa.ee\/pood\/"},{"@type":"ListItem","position":3,"name":"Libisemiskindel serveerimiskandik plastist \u00dcmmargune 11&#8243; Must | Adexa WHF1100"}]},{"@type":"WebSite","@id":"https:\/\/adexa.ee\/#website","url":"https:\/\/adexa.ee\/","name":"Adexa","description":"","publisher":{"@id":"https:\/\/adexa.ee\/#organization"},"potentialAction":[{"@type":"SearchAction","target":{"@type":"EntryPoint","urlTemplate":"https:\/\/adexa.ee\/?s={search_term_string}"},"query-input":{"@type":"PropertyValueSpecification","valueRequired":true,"valueName":"search_term_string"}}],"inLanguage":"en-US"},{"@type":"Organization","@id":"https:\/\/adexa.ee\/#organization","name":"Adexa","url":"https:\/\/adexa.ee\/","logo":{"@type":"ImageObject","inLanguage":"en-US","@id":"https:\/\/adexa.ee\/#\/schema\/logo\/image\/","url":"https:\/\/adexa.ee\/wp-content\/uploads\/2024\/04\/chef-cooks-working-in-professional-kitchen-2023-11-27-05-07-39-utc-scaled.jpg","contentUrl":"https:\/\/adexa.ee\/wp-content\/uploads\/2024\/04\/chef-cooks-working-in-professional-kitchen-2023-11-27-05-07-39-utc-scaled.jpg","width":2560,"height":1708,"caption":"Adexa"},"image":{"@id":"https:\/\/adexa.ee\/#\/schema\/logo\/image\/"}}]}},"_links":{"self":[{"href":"https:\/\/adexa.ee\/en\/wp-json\/wp\/v2\/product\/31924","targetHints":{"allow":["GET"]}}],"collection":[{"href":"https:\/\/adexa.ee\/en\/wp-json\/wp\/v2\/product"}],"about":[{"href":"https:\/\/adexa.ee\/en\/wp-json\/wp\/v2\/types\/product"}],"wp:featuredmedia":[{"embeddable":true,"href":"https:\/\/adexa.ee\/en\/wp-json\/wp\/v2\/media\/12791"}],"wp:attachment":[{"href":"https:\/\/adexa.ee\/en\/wp-json\/wp\/v2\/media?parent=31924"}],"wp:term":[{"taxonomy":"product_brand","embeddable":true,"href":"https:\/\/adexa.ee\/en\/wp-json\/wp\/v2\/product_brand?post=31924"},{"taxonomy":"product_cat","embeddable":true,"href":"https:\/\/adexa.ee\/en\/wp-json\/wp\/v2\/product_cat?post=31924"},{"taxonomy":"product_tag","embeddable":true,"href":"https:\/\/adexa.ee\/en\/wp-json\/wp\/v2\/product_tag?post=31924"}],"curies":[{"name":"wp","href":"https:\/\/api.w.org\/{rel}","templated":true}]}}