{"id":32014,"date":"2026-03-31T09:25:13","date_gmt":"2026-03-31T06:25:13","guid":{"rendered":"https:\/\/adexa.ee\/toode\/kommertsiaalne-jaakuubikute-masin-selge-jaa-uksikud-kuubikud-30kg-24h-must-digitaalsed-juhtnupud-adexa-gi30bd\/"},"modified":"2026-03-31T09:25:14","modified_gmt":"2026-03-31T06:25:14","slug":"kaubanduslik-jaakuubikumasin-selge-jaa-uksikud-kuubikud-30kg-24h-must-digitaalsed-juhtnupud-adexa-gi30bd","status":"publish","type":"product","link":"https:\/\/adexa.ee\/en\/toode\/kaubanduslik-jaakuubikumasin-selge-jaa-uksikud-kuubikud-30kg-24h-must-digitaalsed-juhtnupud-adexa-gi30bd\/","title":{"rendered":"Kaubanduslik j\u00e4\u00e4kuubikumasin Selge j\u00e4\u00e4 \u00dcksikud kuubikud 30kg\/24h Must Digitaalsed juhtnupud | Adexa GI30BD"},"content":{"rendered":"<p>See j\u00e4\u00e4kuubikute valmistaja pakub kogu vajalikku j\u00f5udlust ja t\u00f6\u00f6kindlust, et tagada pidev v\u00e4rskendava j\u00e4\u00e4 voog teie klientidele v\u00f5i v\u00e4ljapanekutele. V\u00f5imeline tootma kuni 50 kg j\u00e4\u00e4d iga 24 tunni j\u00e4rel, on see suurep\u00e4rane valik baaride, pubide ja toidukohtade jaoks, kus on piiratud ruumi. T\u00e4nu lihtsatele juhtnuppudele ja professionaalsele roostevabast terasest konstruktsioonile on seda v\u00e4ga lihtne paigaldada, kasutada ja puhastada.&nbsp;30kg\/24h10kg hoidlaToodab selget j\u00e4\u00e4dToodab individuaalseid j\u00e4\u00e4kuubikuidVajalik on veev\u00f5rgu \u00fchendusIdeaalne kohvikutele, hotellidele, baaridele, pagarit\u00f6\u00f6kodadele, k\u00fclmade jookide poodidele ja muudele toiduainet\u00f6\u00f6stustele.See professionaalne j\u00e4\u00e4masin on hetkel saadaval suure allahindlusega m\u00fc\u00fcgihinnaga.DokumendidKl\u00f5psake siin, et alla laadida kasutusjuhend.Lisainfo leiate jaotisest &#8216;Spetsifikatsioon&#8217;.<\/p>\n<table style=\"border-collapse: collapse; width: 100%; text-align: left;\">\n<tbody>\n<tr>\n<td style=\"border: 1px solid #ddd; padding: 8px; width: 45%;\"><strong>S\u00fcgavus<\/strong><\/td>\n<td style=\"border: 1px solid #ddd; padding: 8px;\">420 mm<\/td>\n<\/tr>\n<tr>\n<td style=\"border: 1px solid #ddd; padding: 8px; width: 45%;\"><strong>K\u00f5rgus<\/strong><\/td>\n<td style=\"border: 1px solid #ddd; padding: 8px;\">675 mm<\/td>\n<\/tr>\n<tr>\n<td style=\"border: 1px solid #ddd; padding: 8px; width: 45%;\"><strong>Laius<\/strong><\/td>\n<td style=\"border: 1px solid #ddd; padding: 8px;\">379 mm<\/td>\n<\/tr>\n<tr>\n<td style=\"border: 1px solid #ddd; padding: 8px; width: 45%;\"><strong>Kaal<\/strong><\/td>\n<td style=\"border: 1px solid #ddd; padding: 8px;\">30 kg<\/td>\n<\/tr>\n<tr>\n<td style=\"border: 1px solid #ddd; padding: 8px; width: 45%;\"><strong>Garantii<\/strong><\/td>\n<td style=\"border: 1px solid #ddd; padding: 8px;\">12 kuu varuosade garantii<\/td>\n<\/tr>\n<tr>\n<td style=\"border: 1px solid #ddd; padding: 8px; width: 45%;\"><strong>V\u00f5imsus<\/strong><\/td>\n<td style=\"border: 1px solid #ddd; padding: 8px;\">280W<\/td>\n<\/tr>\n<tr>\n<td style=\"border: 1px solid #ddd; padding: 8px; width: 45%;\"><strong>Materjal<\/strong><\/td>\n<td style=\"border: 1px solid #ddd; padding: 8px;\">Roostevaba teras<\/td>\n<\/tr>\n<tr>\n<td style=\"border: 1px solid #ddd; padding: 8px; width: 45%;\"><strong>V\u00e4rv<\/strong><\/td>\n<td style=\"border: 1px solid #ddd; padding: 8px;\">Must<\/td>\n<\/tr>\n<tr>\n<td style=\"border: 1px solid #ddd; padding: 8px; width: 45%;\"><strong>Jahutamine<\/strong><\/td>\n<td style=\"border: 1px solid #ddd; padding: 8px;\">\u00d5hkjahutusega<\/td>\n<\/tr>\n<tr>\n<td style=\"border: 1px solid #ddd; padding: 8px; width: 45%;\"><strong>Tootlikkus<\/strong><\/td>\n<td style=\"border: 1px solid #ddd; padding: 8px;\">30kg\/24h<\/td>\n<\/tr>\n<tr>\n<td style=\"border: 1px solid #ddd; padding: 8px; width: 45%;\"><strong>K\u00fclmaaine<\/strong><\/td>\n<td style=\"border: 1px solid #ddd; padding: 8px;\">R290<\/td>\n<\/tr>\n<tr>\n<td style=\"border: 1px solid #ddd; padding: 8px; width: 45%;\"><strong>Kontrollid<\/strong><\/td>\n<td style=\"border: 1px solid #ddd; padding: 8px;\">Digitaalne<\/td>\n<\/tr>\n<tr>\n<td style=\"border: 1px solid #ddd; padding: 8px; width: 45%;\"><strong>Suurus (j\u00e4\u00e4)<\/strong><\/td>\n<td style=\"border: 1px solid #ddd; padding: 8px;\">\u00dcksikud selged j\u00e4\u00e4kuubikud (32x32x32mm)<\/td>\n<\/tr>\n<tr>\n<td style=\"border: 1px solid #ddd; padding: 8px; width: 45%;\"><strong>Mahutavus (pr\u00fcgikast)<\/strong><\/td>\n<td style=\"border: 1px solid #ddd; padding: 8px;\">10 kg<\/td>\n<\/tr>\n<tr>\n<td style=\"border: 1px solid #ddd; padding: 8px; width: 45%;\"><strong>Veetoru \u00fchendus<\/strong><\/td>\n<td style=\"border: 1px solid #ddd; padding: 8px;\">Peamine vee\u00fchendus vajalik<\/td>\n<\/tr>\n<\/tbody>\n<\/table>\n","protected":false},"excerpt":{"rendered":"<p>See j\u00e4\u00e4kuubikute valmistaja pakub kogu vajalikku j\u00f5udlust ja t\u00f6\u00f6kindlust, et tagada pidev v\u00e4rskendava j\u00e4\u00e4 voog teie klientidele v\u00f5i v\u00e4ljapanekutele. V\u00f5imeline<\/p>\n","protected":false},"featured_media":32016,"template":"","meta":[],"product_brand":[],"product_cat":[680,643,641,564,613,569],"product_tag":[],"class_list":{"0":"post-32014","1":"product","2":"type-product","3":"status-publish","4":"has-post-thumbnail","6":"product_cat-jaakuubikumasinad","7":"product_cat-jaamasinad","8":"product_cat-jaamasinad-ja-jaahelveste-masinad","9":"product_cat-jahutusseadmed","10":"product_cat-kohv-ja-joogid","11":"product_cat-lopumuuk","13":"first","14":"instock","15":"sale","16":"taxable","17":"shipping-taxable","18":"purchasable","19":"product-type-simple"},"yoast_head":"<!-- This site is optimized with the Yoast SEO plugin v27.3 - https:\/\/yoast.com\/product\/yoast-seo-wordpress\/ -->\n<title>Kaubanduslik j\u00e4\u00e4kuubikumasin Selge j\u00e4\u00e4 \u00dcksikud kuubikud 30kg\/24h Must Digitaalsed juhtnupud | Adexa GI30BD - Adexa \u2013 Suurk\u00f6\u00f6giseadmed restoranidele ja toitlustusele<\/title>\n<meta name=\"robots\" content=\"index, follow, max-snippet:-1, max-image-preview:large, max-video-preview:-1\" \/>\n<link rel=\"canonical\" href=\"https:\/\/adexa.ee\/toode\/kaubanduslik-jaakuubikumasin-selge-jaa-uksikud-kuubikud-30kg-24h-must-digitaalsed-juhtnupud-adexa-gi30bd\/\" \/>\n<meta property=\"og:locale\" content=\"en_US\" \/>\n<meta property=\"og:type\" content=\"article\" \/>\n<meta property=\"og:title\" content=\"Kaubanduslik j\u00e4\u00e4kuubikumasin Selge j\u00e4\u00e4 \u00dcksikud kuubikud 30kg\/24h Must Digitaalsed juhtnupud | Adexa GI30BD - Adexa \u2013 Suurk\u00f6\u00f6giseadmed restoranidele ja toitlustusele\" \/>\n<meta property=\"og:description\" content=\"See j\u00e4\u00e4kuubikute valmistaja pakub kogu vajalikku j\u00f5udlust ja t\u00f6\u00f6kindlust, et tagada pidev v\u00e4rskendava j\u00e4\u00e4 voog teie klientidele v\u00f5i v\u00e4ljapanekutele. V\u00f5imeline\" \/>\n<meta property=\"og:url\" content=\"https:\/\/adexa.ee\/toode\/kaubanduslik-jaakuubikumasin-selge-jaa-uksikud-kuubikud-30kg-24h-must-digitaalsed-juhtnupud-adexa-gi30bd\/\" \/>\n<meta property=\"og:site_name\" content=\"Adexa \u2013 Suurk\u00f6\u00f6giseadmed restoranidele ja toitlustusele\" \/>\n<meta property=\"article:modified_time\" content=\"2026-03-31T06:25:14+00:00\" \/>\n<meta property=\"og:image\" content=\"https:\/\/adexa.ee\/wp-content\/uploads\/2025\/03\/GI30BD.jpg\" \/>\n\t<meta property=\"og:image:width\" content=\"2000\" \/>\n\t<meta property=\"og:image:height\" content=\"2000\" \/>\n\t<meta property=\"og:image:type\" content=\"image\/jpeg\" \/>\n<meta name=\"twitter:card\" content=\"summary_large_image\" \/>\n<meta name=\"twitter:label1\" content=\"Est. reading time\" \/>\n\t<meta name=\"twitter:data1\" content=\"1 minute\" \/>\n<script type=\"application\/ld+json\" class=\"yoast-schema-graph\">{\"@context\":\"https:\\\/\\\/schema.org\",\"@graph\":[{\"@type\":\"WebPage\",\"@id\":\"https:\\\/\\\/adexa.ee\\\/toode\\\/kaubanduslik-jaakuubikumasin-selge-jaa-uksikud-kuubikud-30kg-24h-must-digitaalsed-juhtnupud-adexa-gi30bd\\\/\",\"url\":\"https:\\\/\\\/adexa.ee\\\/toode\\\/kaubanduslik-jaakuubikumasin-selge-jaa-uksikud-kuubikud-30kg-24h-must-digitaalsed-juhtnupud-adexa-gi30bd\\\/\",\"name\":\"Kaubanduslik j\u00e4\u00e4kuubikumasin Selge j\u00e4\u00e4 \u00dcksikud kuubikud 30kg\\\/24h Must Digitaalsed juhtnupud | Adexa GI30BD - Adexa \u2013 Suurk\u00f6\u00f6giseadmed restoranidele ja toitlustusele\",\"isPartOf\":{\"@id\":\"https:\\\/\\\/adexa.ee\\\/#website\"},\"primaryImageOfPage\":{\"@id\":\"https:\\\/\\\/adexa.ee\\\/toode\\\/kaubanduslik-jaakuubikumasin-selge-jaa-uksikud-kuubikud-30kg-24h-must-digitaalsed-juhtnupud-adexa-gi30bd\\\/#primaryimage\"},\"image\":{\"@id\":\"https:\\\/\\\/adexa.ee\\\/toode\\\/kaubanduslik-jaakuubikumasin-selge-jaa-uksikud-kuubikud-30kg-24h-must-digitaalsed-juhtnupud-adexa-gi30bd\\\/#primaryimage\"},\"thumbnailUrl\":\"https:\\\/\\\/adexa.ee\\\/wp-content\\\/uploads\\\/2025\\\/03\\\/GI30BD.jpg\",\"datePublished\":\"2026-03-31T06:25:13+00:00\",\"dateModified\":\"2026-03-31T06:25:14+00:00\",\"breadcrumb\":{\"@id\":\"https:\\\/\\\/adexa.ee\\\/toode\\\/kaubanduslik-jaakuubikumasin-selge-jaa-uksikud-kuubikud-30kg-24h-must-digitaalsed-juhtnupud-adexa-gi30bd\\\/#breadcrumb\"},\"inLanguage\":\"en-US\",\"potentialAction\":[{\"@type\":\"ReadAction\",\"target\":[\"https:\\\/\\\/adexa.ee\\\/toode\\\/kaubanduslik-jaakuubikumasin-selge-jaa-uksikud-kuubikud-30kg-24h-must-digitaalsed-juhtnupud-adexa-gi30bd\\\/\"]}]},{\"@type\":\"ImageObject\",\"inLanguage\":\"en-US\",\"@id\":\"https:\\\/\\\/adexa.ee\\\/toode\\\/kaubanduslik-jaakuubikumasin-selge-jaa-uksikud-kuubikud-30kg-24h-must-digitaalsed-juhtnupud-adexa-gi30bd\\\/#primaryimage\",\"url\":\"https:\\\/\\\/adexa.ee\\\/wp-content\\\/uploads\\\/2025\\\/03\\\/GI30BD.jpg\",\"contentUrl\":\"https:\\\/\\\/adexa.ee\\\/wp-content\\\/uploads\\\/2025\\\/03\\\/GI30BD.jpg\",\"width\":2000,\"height\":2000},{\"@type\":\"BreadcrumbList\",\"@id\":\"https:\\\/\\\/adexa.ee\\\/toode\\\/kaubanduslik-jaakuubikumasin-selge-jaa-uksikud-kuubikud-30kg-24h-must-digitaalsed-juhtnupud-adexa-gi30bd\\\/#breadcrumb\",\"itemListElement\":[{\"@type\":\"ListItem\",\"position\":1,\"name\":\"Home\",\"item\":\"https:\\\/\\\/adexa.ee\\\/\"},{\"@type\":\"ListItem\",\"position\":2,\"name\":\"Tooted\",\"item\":\"https:\\\/\\\/adexa.ee\\\/pood\\\/\"},{\"@type\":\"ListItem\",\"position\":3,\"name\":\"Kaubanduslik j\u00e4\u00e4kuubikumasin Selge j\u00e4\u00e4 \u00dcksikud kuubikud 30kg\\\/24h Must Digitaalsed juhtnupud | Adexa GI30BD\"}]},{\"@type\":\"WebSite\",\"@id\":\"https:\\\/\\\/adexa.ee\\\/#website\",\"url\":\"https:\\\/\\\/adexa.ee\\\/\",\"name\":\"Adexa\",\"description\":\"\",\"publisher\":{\"@id\":\"https:\\\/\\\/adexa.ee\\\/#organization\"},\"potentialAction\":[{\"@type\":\"SearchAction\",\"target\":{\"@type\":\"EntryPoint\",\"urlTemplate\":\"https:\\\/\\\/adexa.ee\\\/?s={search_term_string}\"},\"query-input\":{\"@type\":\"PropertyValueSpecification\",\"valueRequired\":true,\"valueName\":\"search_term_string\"}}],\"inLanguage\":\"en-US\"},{\"@type\":\"Organization\",\"@id\":\"https:\\\/\\\/adexa.ee\\\/#organization\",\"name\":\"Adexa\",\"url\":\"https:\\\/\\\/adexa.ee\\\/\",\"logo\":{\"@type\":\"ImageObject\",\"inLanguage\":\"en-US\",\"@id\":\"https:\\\/\\\/adexa.ee\\\/#\\\/schema\\\/logo\\\/image\\\/\",\"url\":\"https:\\\/\\\/adexa.ee\\\/wp-content\\\/uploads\\\/2024\\\/04\\\/chef-cooks-working-in-professional-kitchen-2023-11-27-05-07-39-utc-scaled.jpg\",\"contentUrl\":\"https:\\\/\\\/adexa.ee\\\/wp-content\\\/uploads\\\/2024\\\/04\\\/chef-cooks-working-in-professional-kitchen-2023-11-27-05-07-39-utc-scaled.jpg\",\"width\":2560,\"height\":1708,\"caption\":\"Adexa\"},\"image\":{\"@id\":\"https:\\\/\\\/adexa.ee\\\/#\\\/schema\\\/logo\\\/image\\\/\"}}]}<\/script>\n<!-- \/ Yoast SEO plugin. -->","yoast_head_json":{"title":"Kaubanduslik j\u00e4\u00e4kuubikumasin Selge j\u00e4\u00e4 \u00dcksikud kuubikud 30kg\/24h Must Digitaalsed juhtnupud | Adexa GI30BD - Adexa \u2013 Suurk\u00f6\u00f6giseadmed restoranidele ja toitlustusele","robots":{"index":"index","follow":"follow","max-snippet":"max-snippet:-1","max-image-preview":"max-image-preview:large","max-video-preview":"max-video-preview:-1"},"canonical":"https:\/\/adexa.ee\/toode\/kaubanduslik-jaakuubikumasin-selge-jaa-uksikud-kuubikud-30kg-24h-must-digitaalsed-juhtnupud-adexa-gi30bd\/","og_locale":"en_US","og_type":"article","og_title":"Kaubanduslik j\u00e4\u00e4kuubikumasin Selge j\u00e4\u00e4 \u00dcksikud kuubikud 30kg\/24h Must Digitaalsed juhtnupud | Adexa GI30BD - Adexa \u2013 Suurk\u00f6\u00f6giseadmed restoranidele ja toitlustusele","og_description":"See j\u00e4\u00e4kuubikute valmistaja pakub kogu vajalikku j\u00f5udlust ja t\u00f6\u00f6kindlust, et tagada pidev v\u00e4rskendava j\u00e4\u00e4 voog teie klientidele v\u00f5i v\u00e4ljapanekutele. V\u00f5imeline","og_url":"https:\/\/adexa.ee\/toode\/kaubanduslik-jaakuubikumasin-selge-jaa-uksikud-kuubikud-30kg-24h-must-digitaalsed-juhtnupud-adexa-gi30bd\/","og_site_name":"Adexa \u2013 Suurk\u00f6\u00f6giseadmed restoranidele ja toitlustusele","article_modified_time":"2026-03-31T06:25:14+00:00","og_image":[{"width":2000,"height":2000,"url":"https:\/\/adexa.ee\/wp-content\/uploads\/2025\/03\/GI30BD.jpg","type":"image\/jpeg"}],"twitter_card":"summary_large_image","twitter_misc":{"Est. reading time":"1 minute"},"schema":{"@context":"https:\/\/schema.org","@graph":[{"@type":"WebPage","@id":"https:\/\/adexa.ee\/toode\/kaubanduslik-jaakuubikumasin-selge-jaa-uksikud-kuubikud-30kg-24h-must-digitaalsed-juhtnupud-adexa-gi30bd\/","url":"https:\/\/adexa.ee\/toode\/kaubanduslik-jaakuubikumasin-selge-jaa-uksikud-kuubikud-30kg-24h-must-digitaalsed-juhtnupud-adexa-gi30bd\/","name":"Kaubanduslik j\u00e4\u00e4kuubikumasin Selge j\u00e4\u00e4 \u00dcksikud kuubikud 30kg\/24h Must Digitaalsed juhtnupud | Adexa GI30BD - Adexa \u2013 Suurk\u00f6\u00f6giseadmed restoranidele ja toitlustusele","isPartOf":{"@id":"https:\/\/adexa.ee\/#website"},"primaryImageOfPage":{"@id":"https:\/\/adexa.ee\/toode\/kaubanduslik-jaakuubikumasin-selge-jaa-uksikud-kuubikud-30kg-24h-must-digitaalsed-juhtnupud-adexa-gi30bd\/#primaryimage"},"image":{"@id":"https:\/\/adexa.ee\/toode\/kaubanduslik-jaakuubikumasin-selge-jaa-uksikud-kuubikud-30kg-24h-must-digitaalsed-juhtnupud-adexa-gi30bd\/#primaryimage"},"thumbnailUrl":"https:\/\/adexa.ee\/wp-content\/uploads\/2025\/03\/GI30BD.jpg","datePublished":"2026-03-31T06:25:13+00:00","dateModified":"2026-03-31T06:25:14+00:00","breadcrumb":{"@id":"https:\/\/adexa.ee\/toode\/kaubanduslik-jaakuubikumasin-selge-jaa-uksikud-kuubikud-30kg-24h-must-digitaalsed-juhtnupud-adexa-gi30bd\/#breadcrumb"},"inLanguage":"en-US","potentialAction":[{"@type":"ReadAction","target":["https:\/\/adexa.ee\/toode\/kaubanduslik-jaakuubikumasin-selge-jaa-uksikud-kuubikud-30kg-24h-must-digitaalsed-juhtnupud-adexa-gi30bd\/"]}]},{"@type":"ImageObject","inLanguage":"en-US","@id":"https:\/\/adexa.ee\/toode\/kaubanduslik-jaakuubikumasin-selge-jaa-uksikud-kuubikud-30kg-24h-must-digitaalsed-juhtnupud-adexa-gi30bd\/#primaryimage","url":"https:\/\/adexa.ee\/wp-content\/uploads\/2025\/03\/GI30BD.jpg","contentUrl":"https:\/\/adexa.ee\/wp-content\/uploads\/2025\/03\/GI30BD.jpg","width":2000,"height":2000},{"@type":"BreadcrumbList","@id":"https:\/\/adexa.ee\/toode\/kaubanduslik-jaakuubikumasin-selge-jaa-uksikud-kuubikud-30kg-24h-must-digitaalsed-juhtnupud-adexa-gi30bd\/#breadcrumb","itemListElement":[{"@type":"ListItem","position":1,"name":"Home","item":"https:\/\/adexa.ee\/"},{"@type":"ListItem","position":2,"name":"Tooted","item":"https:\/\/adexa.ee\/pood\/"},{"@type":"ListItem","position":3,"name":"Kaubanduslik j\u00e4\u00e4kuubikumasin Selge j\u00e4\u00e4 \u00dcksikud kuubikud 30kg\/24h Must Digitaalsed juhtnupud | Adexa GI30BD"}]},{"@type":"WebSite","@id":"https:\/\/adexa.ee\/#website","url":"https:\/\/adexa.ee\/","name":"Adexa","description":"","publisher":{"@id":"https:\/\/adexa.ee\/#organization"},"potentialAction":[{"@type":"SearchAction","target":{"@type":"EntryPoint","urlTemplate":"https:\/\/adexa.ee\/?s={search_term_string}"},"query-input":{"@type":"PropertyValueSpecification","valueRequired":true,"valueName":"search_term_string"}}],"inLanguage":"en-US"},{"@type":"Organization","@id":"https:\/\/adexa.ee\/#organization","name":"Adexa","url":"https:\/\/adexa.ee\/","logo":{"@type":"ImageObject","inLanguage":"en-US","@id":"https:\/\/adexa.ee\/#\/schema\/logo\/image\/","url":"https:\/\/adexa.ee\/wp-content\/uploads\/2024\/04\/chef-cooks-working-in-professional-kitchen-2023-11-27-05-07-39-utc-scaled.jpg","contentUrl":"https:\/\/adexa.ee\/wp-content\/uploads\/2024\/04\/chef-cooks-working-in-professional-kitchen-2023-11-27-05-07-39-utc-scaled.jpg","width":2560,"height":1708,"caption":"Adexa"},"image":{"@id":"https:\/\/adexa.ee\/#\/schema\/logo\/image\/"}}]}},"_links":{"self":[{"href":"https:\/\/adexa.ee\/en\/wp-json\/wp\/v2\/product\/32014","targetHints":{"allow":["GET"]}}],"collection":[{"href":"https:\/\/adexa.ee\/en\/wp-json\/wp\/v2\/product"}],"about":[{"href":"https:\/\/adexa.ee\/en\/wp-json\/wp\/v2\/types\/product"}],"wp:featuredmedia":[{"embeddable":true,"href":"https:\/\/adexa.ee\/en\/wp-json\/wp\/v2\/media\/32016"}],"wp:attachment":[{"href":"https:\/\/adexa.ee\/en\/wp-json\/wp\/v2\/media?parent=32014"}],"wp:term":[{"taxonomy":"product_brand","embeddable":true,"href":"https:\/\/adexa.ee\/en\/wp-json\/wp\/v2\/product_brand?post=32014"},{"taxonomy":"product_cat","embeddable":true,"href":"https:\/\/adexa.ee\/en\/wp-json\/wp\/v2\/product_cat?post=32014"},{"taxonomy":"product_tag","embeddable":true,"href":"https:\/\/adexa.ee\/en\/wp-json\/wp\/v2\/product_tag?post=32014"}],"curies":[{"name":"wp","href":"https:\/\/api.w.org\/{rel}","templated":true}]}}