{"id":32200,"date":"2026-03-26T11:15:43","date_gmt":"2026-03-26T09:15:43","guid":{"rendered":"https:\/\/adexa.ee\/toode\/kaubanduslik-soogiriistade-korvihoidja-3-auku-roostevaba-teras-adexa-kfa03b\/"},"modified":"2026-03-26T11:15:51","modified_gmt":"2026-03-26T09:15:51","slug":"kaubanduslik-soogiriistade-korvihoidja-3-auku-roostevaba-teras-adexa-kfa03b","status":"publish","type":"product","link":"https:\/\/adexa.ee\/en\/toode\/kaubanduslik-soogiriistade-korvihoidja-3-auku-roostevaba-teras-adexa-kfa03b\/","title":{"rendered":"Kaubanduslik s\u00f6\u00f6giriistade korvihoidja 3 auku roostevaba teras | Adexa KFA03B"},"content":{"rendered":"<p>See cutlery basket hoidja pakub teie klientidele puhas, korrastatud ja h\u00fcgieenilise viisi oma s\u00f6\u00f6giriistade kogumiseks, mahutab neli korvi ja sobib nii lahtiste s\u00f6\u00f6giriistade kui ka s\u00f6\u00f6giriista\u00fcmbrike jaoks. Pole piiratud ainult s\u00f6\u00f6giriistadega, v\u00f5ite seda mugavat jaama kasutada ka k\u00f5rte v\u00f5i muude maitseainete jaoks.<\/p>\n<table style=\"border-collapse: collapse; width: 100%; text-align: left;\">\n<tbody>\n<tr>\n<td style=\"border: 1px solid #ddd; padding: 8px; width: 45%;\"><strong>S\u00fcgavus<\/strong><\/td>\n<td style=\"border: 1px solid #ddd; padding: 8px;\">180mm<\/td>\n<\/tr>\n<tr>\n<td style=\"border: 1px solid #ddd; padding: 8px; width: 45%;\"><strong>K\u00f5rgus<\/strong><\/td>\n<td style=\"border: 1px solid #ddd; padding: 8px;\">200mm<\/td>\n<\/tr>\n<tr>\n<td style=\"border: 1px solid #ddd; padding: 8px; width: 45%;\"><strong>Laius<\/strong><\/td>\n<td style=\"border: 1px solid #ddd; padding: 8px;\">400mm<\/td>\n<\/tr>\n<tr>\n<td style=\"border: 1px solid #ddd; padding: 8px; width: 45%;\"><strong>Kaal<\/strong><\/td>\n<td style=\"border: 1px solid #ddd; padding: 8px;\">1.5kg<\/td>\n<\/tr>\n<tr>\n<td style=\"border: 1px solid #ddd; padding: 8px; width: 45%;\"><strong>Mahutavus<\/strong><\/td>\n<td style=\"border: 1px solid #ddd; padding: 8px;\">3 auku korvidega<\/td>\n<\/tr>\n<tr>\n<td style=\"border: 1px solid #ddd; padding: 8px; width: 45%;\"><strong>Materjal<\/strong><\/td>\n<td style=\"border: 1px solid #ddd; padding: 8px;\">Roostevaba teras<\/td>\n<\/tr>\n<\/tbody>\n<\/table>\n","protected":false},"excerpt":{"rendered":"<p>See cutlery basket hoidja pakub teie klientidele puhas, korrastatud ja h\u00fcgieenilise viisi oma s\u00f6\u00f6giriistade kogumiseks, mahutab neli korvi ja sobib<\/p>\n","protected":false},"featured_media":32202,"template":"","meta":[],"product_brand":[],"product_cat":[584,579,569],"product_tag":[],"class_list":{"0":"post-32200","1":"product","2":"type-product","3":"status-publish","4":"has-post-thumbnail","6":"product_cat-hoidikud-ja-kandikud","7":"product_cat-koogitarbed-noud","8":"product_cat-lopumuuk","10":"first","11":"onbackorder","12":"sale","13":"taxable","14":"shipping-taxable","15":"purchasable","16":"product-type-simple"},"yoast_head":"<!-- This site is optimized with the Yoast SEO plugin v27.3 - https:\/\/yoast.com\/product\/yoast-seo-wordpress\/ -->\n<title>Kaubanduslik s\u00f6\u00f6giriistade korvihoidja 3 auku roostevaba teras | Adexa KFA03B - Adexa \u2013 Suurk\u00f6\u00f6giseadmed restoranidele ja toitlustusele<\/title>\n<meta name=\"robots\" content=\"index, follow, max-snippet:-1, max-image-preview:large, max-video-preview:-1\" \/>\n<link rel=\"canonical\" href=\"https:\/\/adexa.ee\/toode\/kaubanduslik-soogiriistade-korvihoidja-3-auku-roostevaba-teras-adexa-kfa03b\/\" \/>\n<meta property=\"og:locale\" content=\"en_US\" \/>\n<meta property=\"og:type\" content=\"article\" \/>\n<meta property=\"og:title\" content=\"Kaubanduslik s\u00f6\u00f6giriistade korvihoidja 3 auku roostevaba teras | Adexa KFA03B - Adexa \u2013 Suurk\u00f6\u00f6giseadmed restoranidele ja toitlustusele\" \/>\n<meta property=\"og:description\" content=\"See cutlery basket hoidja pakub teie klientidele puhas, korrastatud ja h\u00fcgieenilise viisi oma s\u00f6\u00f6giriistade kogumiseks, mahutab neli korvi ja sobib\" \/>\n<meta property=\"og:url\" content=\"https:\/\/adexa.ee\/toode\/kaubanduslik-soogiriistade-korvihoidja-3-auku-roostevaba-teras-adexa-kfa03b\/\" \/>\n<meta property=\"og:site_name\" content=\"Adexa \u2013 Suurk\u00f6\u00f6giseadmed restoranidele ja toitlustusele\" \/>\n<meta property=\"article:modified_time\" content=\"2026-03-26T09:15:51+00:00\" \/>\n<meta property=\"og:image\" content=\"https:\/\/adexa.ee\/wp-content\/uploads\/2025\/03\/KFA03B.jpg\" \/>\n\t<meta property=\"og:image:width\" content=\"2000\" \/>\n\t<meta property=\"og:image:height\" content=\"2000\" \/>\n\t<meta property=\"og:image:type\" content=\"image\/jpeg\" \/>\n<meta name=\"twitter:card\" content=\"summary_large_image\" \/>\n<script type=\"application\/ld+json\" class=\"yoast-schema-graph\">{\"@context\":\"https:\\\/\\\/schema.org\",\"@graph\":[{\"@type\":\"WebPage\",\"@id\":\"https:\\\/\\\/adexa.ee\\\/toode\\\/kaubanduslik-soogiriistade-korvihoidja-3-auku-roostevaba-teras-adexa-kfa03b\\\/\",\"url\":\"https:\\\/\\\/adexa.ee\\\/toode\\\/kaubanduslik-soogiriistade-korvihoidja-3-auku-roostevaba-teras-adexa-kfa03b\\\/\",\"name\":\"Kaubanduslik s\u00f6\u00f6giriistade korvihoidja 3 auku roostevaba teras | Adexa KFA03B - Adexa \u2013 Suurk\u00f6\u00f6giseadmed restoranidele ja toitlustusele\",\"isPartOf\":{\"@id\":\"https:\\\/\\\/adexa.ee\\\/#website\"},\"primaryImageOfPage\":{\"@id\":\"https:\\\/\\\/adexa.ee\\\/toode\\\/kaubanduslik-soogiriistade-korvihoidja-3-auku-roostevaba-teras-adexa-kfa03b\\\/#primaryimage\"},\"image\":{\"@id\":\"https:\\\/\\\/adexa.ee\\\/toode\\\/kaubanduslik-soogiriistade-korvihoidja-3-auku-roostevaba-teras-adexa-kfa03b\\\/#primaryimage\"},\"thumbnailUrl\":\"https:\\\/\\\/adexa.ee\\\/wp-content\\\/uploads\\\/2025\\\/03\\\/KFA03B.jpg\",\"datePublished\":\"2026-03-26T09:15:43+00:00\",\"dateModified\":\"2026-03-26T09:15:51+00:00\",\"breadcrumb\":{\"@id\":\"https:\\\/\\\/adexa.ee\\\/toode\\\/kaubanduslik-soogiriistade-korvihoidja-3-auku-roostevaba-teras-adexa-kfa03b\\\/#breadcrumb\"},\"inLanguage\":\"en-US\",\"potentialAction\":[{\"@type\":\"ReadAction\",\"target\":[\"https:\\\/\\\/adexa.ee\\\/toode\\\/kaubanduslik-soogiriistade-korvihoidja-3-auku-roostevaba-teras-adexa-kfa03b\\\/\"]}]},{\"@type\":\"ImageObject\",\"inLanguage\":\"en-US\",\"@id\":\"https:\\\/\\\/adexa.ee\\\/toode\\\/kaubanduslik-soogiriistade-korvihoidja-3-auku-roostevaba-teras-adexa-kfa03b\\\/#primaryimage\",\"url\":\"https:\\\/\\\/adexa.ee\\\/wp-content\\\/uploads\\\/2025\\\/03\\\/KFA03B.jpg\",\"contentUrl\":\"https:\\\/\\\/adexa.ee\\\/wp-content\\\/uploads\\\/2025\\\/03\\\/KFA03B.jpg\",\"width\":2000,\"height\":2000},{\"@type\":\"BreadcrumbList\",\"@id\":\"https:\\\/\\\/adexa.ee\\\/toode\\\/kaubanduslik-soogiriistade-korvihoidja-3-auku-roostevaba-teras-adexa-kfa03b\\\/#breadcrumb\",\"itemListElement\":[{\"@type\":\"ListItem\",\"position\":1,\"name\":\"Home\",\"item\":\"https:\\\/\\\/adexa.ee\\\/\"},{\"@type\":\"ListItem\",\"position\":2,\"name\":\"Tooted\",\"item\":\"https:\\\/\\\/adexa.ee\\\/pood\\\/\"},{\"@type\":\"ListItem\",\"position\":3,\"name\":\"Kaubanduslik s\u00f6\u00f6giriistade korvihoidja 3 auku roostevaba teras | Adexa KFA03B\"}]},{\"@type\":\"WebSite\",\"@id\":\"https:\\\/\\\/adexa.ee\\\/#website\",\"url\":\"https:\\\/\\\/adexa.ee\\\/\",\"name\":\"Adexa\",\"description\":\"\",\"publisher\":{\"@id\":\"https:\\\/\\\/adexa.ee\\\/#organization\"},\"potentialAction\":[{\"@type\":\"SearchAction\",\"target\":{\"@type\":\"EntryPoint\",\"urlTemplate\":\"https:\\\/\\\/adexa.ee\\\/?s={search_term_string}\"},\"query-input\":{\"@type\":\"PropertyValueSpecification\",\"valueRequired\":true,\"valueName\":\"search_term_string\"}}],\"inLanguage\":\"en-US\"},{\"@type\":\"Organization\",\"@id\":\"https:\\\/\\\/adexa.ee\\\/#organization\",\"name\":\"Adexa\",\"url\":\"https:\\\/\\\/adexa.ee\\\/\",\"logo\":{\"@type\":\"ImageObject\",\"inLanguage\":\"en-US\",\"@id\":\"https:\\\/\\\/adexa.ee\\\/#\\\/schema\\\/logo\\\/image\\\/\",\"url\":\"https:\\\/\\\/adexa.ee\\\/wp-content\\\/uploads\\\/2024\\\/04\\\/chef-cooks-working-in-professional-kitchen-2023-11-27-05-07-39-utc-scaled.jpg\",\"contentUrl\":\"https:\\\/\\\/adexa.ee\\\/wp-content\\\/uploads\\\/2024\\\/04\\\/chef-cooks-working-in-professional-kitchen-2023-11-27-05-07-39-utc-scaled.jpg\",\"width\":2560,\"height\":1708,\"caption\":\"Adexa\"},\"image\":{\"@id\":\"https:\\\/\\\/adexa.ee\\\/#\\\/schema\\\/logo\\\/image\\\/\"}}]}<\/script>\n<!-- \/ Yoast SEO plugin. -->","yoast_head_json":{"title":"Kaubanduslik s\u00f6\u00f6giriistade korvihoidja 3 auku roostevaba teras | Adexa KFA03B - Adexa \u2013 Suurk\u00f6\u00f6giseadmed restoranidele ja toitlustusele","robots":{"index":"index","follow":"follow","max-snippet":"max-snippet:-1","max-image-preview":"max-image-preview:large","max-video-preview":"max-video-preview:-1"},"canonical":"https:\/\/adexa.ee\/toode\/kaubanduslik-soogiriistade-korvihoidja-3-auku-roostevaba-teras-adexa-kfa03b\/","og_locale":"en_US","og_type":"article","og_title":"Kaubanduslik s\u00f6\u00f6giriistade korvihoidja 3 auku roostevaba teras | Adexa KFA03B - Adexa \u2013 Suurk\u00f6\u00f6giseadmed restoranidele ja toitlustusele","og_description":"See cutlery basket hoidja pakub teie klientidele puhas, korrastatud ja h\u00fcgieenilise viisi oma s\u00f6\u00f6giriistade kogumiseks, mahutab neli korvi ja sobib","og_url":"https:\/\/adexa.ee\/toode\/kaubanduslik-soogiriistade-korvihoidja-3-auku-roostevaba-teras-adexa-kfa03b\/","og_site_name":"Adexa \u2013 Suurk\u00f6\u00f6giseadmed restoranidele ja toitlustusele","article_modified_time":"2026-03-26T09:15:51+00:00","og_image":[{"width":2000,"height":2000,"url":"https:\/\/adexa.ee\/wp-content\/uploads\/2025\/03\/KFA03B.jpg","type":"image\/jpeg"}],"twitter_card":"summary_large_image","schema":{"@context":"https:\/\/schema.org","@graph":[{"@type":"WebPage","@id":"https:\/\/adexa.ee\/toode\/kaubanduslik-soogiriistade-korvihoidja-3-auku-roostevaba-teras-adexa-kfa03b\/","url":"https:\/\/adexa.ee\/toode\/kaubanduslik-soogiriistade-korvihoidja-3-auku-roostevaba-teras-adexa-kfa03b\/","name":"Kaubanduslik s\u00f6\u00f6giriistade korvihoidja 3 auku roostevaba teras | Adexa KFA03B - Adexa \u2013 Suurk\u00f6\u00f6giseadmed restoranidele ja toitlustusele","isPartOf":{"@id":"https:\/\/adexa.ee\/#website"},"primaryImageOfPage":{"@id":"https:\/\/adexa.ee\/toode\/kaubanduslik-soogiriistade-korvihoidja-3-auku-roostevaba-teras-adexa-kfa03b\/#primaryimage"},"image":{"@id":"https:\/\/adexa.ee\/toode\/kaubanduslik-soogiriistade-korvihoidja-3-auku-roostevaba-teras-adexa-kfa03b\/#primaryimage"},"thumbnailUrl":"https:\/\/adexa.ee\/wp-content\/uploads\/2025\/03\/KFA03B.jpg","datePublished":"2026-03-26T09:15:43+00:00","dateModified":"2026-03-26T09:15:51+00:00","breadcrumb":{"@id":"https:\/\/adexa.ee\/toode\/kaubanduslik-soogiriistade-korvihoidja-3-auku-roostevaba-teras-adexa-kfa03b\/#breadcrumb"},"inLanguage":"en-US","potentialAction":[{"@type":"ReadAction","target":["https:\/\/adexa.ee\/toode\/kaubanduslik-soogiriistade-korvihoidja-3-auku-roostevaba-teras-adexa-kfa03b\/"]}]},{"@type":"ImageObject","inLanguage":"en-US","@id":"https:\/\/adexa.ee\/toode\/kaubanduslik-soogiriistade-korvihoidja-3-auku-roostevaba-teras-adexa-kfa03b\/#primaryimage","url":"https:\/\/adexa.ee\/wp-content\/uploads\/2025\/03\/KFA03B.jpg","contentUrl":"https:\/\/adexa.ee\/wp-content\/uploads\/2025\/03\/KFA03B.jpg","width":2000,"height":2000},{"@type":"BreadcrumbList","@id":"https:\/\/adexa.ee\/toode\/kaubanduslik-soogiriistade-korvihoidja-3-auku-roostevaba-teras-adexa-kfa03b\/#breadcrumb","itemListElement":[{"@type":"ListItem","position":1,"name":"Home","item":"https:\/\/adexa.ee\/"},{"@type":"ListItem","position":2,"name":"Tooted","item":"https:\/\/adexa.ee\/pood\/"},{"@type":"ListItem","position":3,"name":"Kaubanduslik s\u00f6\u00f6giriistade korvihoidja 3 auku roostevaba teras | Adexa KFA03B"}]},{"@type":"WebSite","@id":"https:\/\/adexa.ee\/#website","url":"https:\/\/adexa.ee\/","name":"Adexa","description":"","publisher":{"@id":"https:\/\/adexa.ee\/#organization"},"potentialAction":[{"@type":"SearchAction","target":{"@type":"EntryPoint","urlTemplate":"https:\/\/adexa.ee\/?s={search_term_string}"},"query-input":{"@type":"PropertyValueSpecification","valueRequired":true,"valueName":"search_term_string"}}],"inLanguage":"en-US"},{"@type":"Organization","@id":"https:\/\/adexa.ee\/#organization","name":"Adexa","url":"https:\/\/adexa.ee\/","logo":{"@type":"ImageObject","inLanguage":"en-US","@id":"https:\/\/adexa.ee\/#\/schema\/logo\/image\/","url":"https:\/\/adexa.ee\/wp-content\/uploads\/2024\/04\/chef-cooks-working-in-professional-kitchen-2023-11-27-05-07-39-utc-scaled.jpg","contentUrl":"https:\/\/adexa.ee\/wp-content\/uploads\/2024\/04\/chef-cooks-working-in-professional-kitchen-2023-11-27-05-07-39-utc-scaled.jpg","width":2560,"height":1708,"caption":"Adexa"},"image":{"@id":"https:\/\/adexa.ee\/#\/schema\/logo\/image\/"}}]}},"_links":{"self":[{"href":"https:\/\/adexa.ee\/en\/wp-json\/wp\/v2\/product\/32200","targetHints":{"allow":["GET"]}}],"collection":[{"href":"https:\/\/adexa.ee\/en\/wp-json\/wp\/v2\/product"}],"about":[{"href":"https:\/\/adexa.ee\/en\/wp-json\/wp\/v2\/types\/product"}],"wp:featuredmedia":[{"embeddable":true,"href":"https:\/\/adexa.ee\/en\/wp-json\/wp\/v2\/media\/32202"}],"wp:attachment":[{"href":"https:\/\/adexa.ee\/en\/wp-json\/wp\/v2\/media?parent=32200"}],"wp:term":[{"taxonomy":"product_brand","embeddable":true,"href":"https:\/\/adexa.ee\/en\/wp-json\/wp\/v2\/product_brand?post=32200"},{"taxonomy":"product_cat","embeddable":true,"href":"https:\/\/adexa.ee\/en\/wp-json\/wp\/v2\/product_cat?post=32200"},{"taxonomy":"product_tag","embeddable":true,"href":"https:\/\/adexa.ee\/en\/wp-json\/wp\/v2\/product_tag?post=32200"}],"curies":[{"name":"wp","href":"https:\/\/api.w.org\/{rel}","templated":true}]}}