{"id":32276,"date":"2026-03-26T11:15:52","date_gmt":"2026-03-26T09:15:52","guid":{"rendered":"https:\/\/adexa.ee\/toode\/kaubanduslik-serveerimis-teenindus-kunnihark-roostevaba-teras-5-tasandit-810x460x1480mm-adexa-rst5b\/"},"modified":"2026-03-26T11:16:00","modified_gmt":"2026-03-26T09:16:00","slug":"kaubanduslik-serveerimiskaru-roostevaba-teras-5-tasandit-810x460x1480mm-adexa-rst5b","status":"publish","type":"product","link":"https:\/\/adexa.ee\/en\/toode\/kaubanduslik-serveerimiskaru-roostevaba-teras-5-tasandit-810x460x1480mm-adexa-rst5b\/","title":{"rendered":"Kaubanduslik serveerimisk\u00e4ru Roostevaba teras 5 tasandit 810x460x1480mm | Adexa RST5B"},"content":{"rendered":"<p>See viietasandiline serveerimisk\u00e4ru sobib ideaalselt erinevatesse keskkondadesse. T\u00e4nu oma vastupidavale konstruktsioonile on see eriti sobilik kasutamiseks s\u00f6\u00f6klates, suurtel catering \u00fcritustel, restoranides, avalikes asutustes, aga ka erasektoris. Toitude v\u00f5i jookide serveerimine, lauadelt n\u00f5ude koristamine ja nende k\u00f6\u00f6ki viimine muutub sellega vaevatuks. See roostevabast terasest k\u00e4rude on erakordselt vastupidav ja kergesti puhastatav. Valmistatud kvaliteetsest roostevabast terasest. M\u00f5\u00f5tmed:&nbsp;810x460x1480mm 5 taset \u00dcmmargused torud optimaalseks haardumiseks Tarnitakse detailidena &#8211; lihtne ise kokku panna. \u00dcksikasjalikku teavet leiate &#8216;Spetsifikatsioonide&#8217; alt.<\/p>\n<table style=\"border-collapse: collapse; width: 100%; text-align: left;\">\n<tbody>\n<tr>\n<td style=\"border: 1px solid #ddd; padding: 8px; width: 45%;\"><strong>S\u00fcgavus<\/strong><\/td>\n<td style=\"border: 1px solid #ddd; padding: 8px;\">460mm<\/td>\n<\/tr>\n<tr>\n<td style=\"border: 1px solid #ddd; padding: 8px; width: 45%;\"><strong>K\u00f5rgus<\/strong><\/td>\n<td style=\"border: 1px solid #ddd; padding: 8px;\">1480 mm<\/td>\n<\/tr>\n<tr>\n<td style=\"border: 1px solid #ddd; padding: 8px; width: 45%;\"><strong>Laius<\/strong><\/td>\n<td style=\"border: 1px solid #ddd; padding: 8px;\">810mm<\/td>\n<\/tr>\n<tr>\n<td style=\"border: 1px solid #ddd; padding: 8px; width: 45%;\"><strong>Kaal<\/strong><\/td>\n<td style=\"border: 1px solid #ddd; padding: 8px;\">24kg<\/td>\n<\/tr>\n<tr>\n<td style=\"border: 1px solid #ddd; padding: 8px; width: 45%;\"><strong>Garantii<\/strong><\/td>\n<td style=\"border: 1px solid #ddd; padding: 8px;\">12 kuu varuosade garantii<\/td>\n<\/tr>\n<tr>\n<td style=\"border: 1px solid #ddd; padding: 8px; width: 45%;\"><strong>Mahutavus<\/strong><\/td>\n<td style=\"border: 1px solid #ddd; padding: 8px;\">150kg<\/td>\n<\/tr>\n<tr>\n<td style=\"border: 1px solid #ddd; padding: 8px; width: 45%;\"><strong>Rullikud<\/strong><\/td>\n<td style=\"border: 1px solid #ddd; padding: 8px;\">Piduritega<\/td>\n<\/tr>\n<tr>\n<td style=\"border: 1px solid #ddd; padding: 8px; width: 45%;\"><strong>Materjal<\/strong><\/td>\n<td style=\"border: 1px solid #ddd; padding: 8px;\">Roostevaba teras<\/td>\n<\/tr>\n<tr>\n<td style=\"border: 1px solid #ddd; padding: 8px; width: 45%;\"><strong>Tasemed<\/strong><\/td>\n<td style=\"border: 1px solid #ddd; padding: 8px;\">5<\/td>\n<\/tr>\n<\/tbody>\n<\/table>\n","protected":false},"excerpt":{"rendered":"<p>See viietasandiline serveerimisk\u00e4ru sobib ideaalselt erinevatesse keskkondadesse. T\u00e4nu oma vastupidavale konstruktsioonile on see eriti sobilik kasutamiseks s\u00f6\u00f6klates, suurtel catering \u00fcritustel,<\/p>\n","protected":false},"featured_media":14971,"template":"","meta":[],"product_brand":[],"product_cat":[623,665,569,561,572],"product_tag":[],"class_list":{"0":"post-32276","1":"product","2":"type-product","3":"status-publish","4":"has-post-thumbnail","6":"product_cat-karud","7":"product_cat-ladustamine-transport","8":"product_cat-lopumuuk","9":"product_cat-moobel-ja-hoiustamine","10":"product_cat-roostevabad-tooted","12":"first","13":"instock","14":"sale","15":"taxable","16":"shipping-taxable","17":"purchasable","18":"product-type-simple"},"yoast_head":"<!-- This site is optimized with the Yoast SEO plugin v27.3 - https:\/\/yoast.com\/product\/yoast-seo-wordpress\/ -->\n<title>Kaubanduslik serveerimisk\u00e4ru Roostevaba teras 5 tasandit 810x460x1480mm | Adexa RST5B - Adexa \u2013 Suurk\u00f6\u00f6giseadmed restoranidele ja toitlustusele<\/title>\n<meta name=\"robots\" content=\"index, follow, max-snippet:-1, max-image-preview:large, max-video-preview:-1\" \/>\n<link rel=\"canonical\" href=\"https:\/\/adexa.ee\/toode\/kaubanduslik-serveerimiskaru-roostevaba-teras-5-tasandit-810x460x1480mm-adexa-rst5b\/\" \/>\n<meta property=\"og:locale\" content=\"en_US\" \/>\n<meta property=\"og:type\" content=\"article\" \/>\n<meta property=\"og:title\" content=\"Kaubanduslik serveerimisk\u00e4ru Roostevaba teras 5 tasandit 810x460x1480mm | Adexa RST5B - Adexa \u2013 Suurk\u00f6\u00f6giseadmed restoranidele ja toitlustusele\" \/>\n<meta property=\"og:description\" content=\"See viietasandiline serveerimisk\u00e4ru sobib ideaalselt erinevatesse keskkondadesse. T\u00e4nu oma vastupidavale konstruktsioonile on see eriti sobilik kasutamiseks s\u00f6\u00f6klates, suurtel catering \u00fcritustel,\" \/>\n<meta property=\"og:url\" content=\"https:\/\/adexa.ee\/toode\/kaubanduslik-serveerimiskaru-roostevaba-teras-5-tasandit-810x460x1480mm-adexa-rst5b\/\" \/>\n<meta property=\"og:site_name\" content=\"Adexa \u2013 Suurk\u00f6\u00f6giseadmed restoranidele ja toitlustusele\" \/>\n<meta property=\"article:modified_time\" content=\"2026-03-26T09:16:00+00:00\" \/>\n<meta property=\"og:image\" content=\"https:\/\/adexa.ee\/wp-content\/uploads\/2024\/12\/RST5.jpg\" \/>\n\t<meta property=\"og:image:width\" content=\"1200\" \/>\n\t<meta property=\"og:image:height\" content=\"1200\" \/>\n\t<meta property=\"og:image:type\" content=\"image\/jpeg\" \/>\n<meta name=\"twitter:card\" content=\"summary_large_image\" \/>\n<meta name=\"twitter:label1\" content=\"Est. reading time\" \/>\n\t<meta name=\"twitter:data1\" content=\"1 minute\" \/>\n<script type=\"application\/ld+json\" class=\"yoast-schema-graph\">{\"@context\":\"https:\\\/\\\/schema.org\",\"@graph\":[{\"@type\":\"WebPage\",\"@id\":\"https:\\\/\\\/adexa.ee\\\/toode\\\/kaubanduslik-serveerimiskaru-roostevaba-teras-5-tasandit-810x460x1480mm-adexa-rst5b\\\/\",\"url\":\"https:\\\/\\\/adexa.ee\\\/toode\\\/kaubanduslik-serveerimiskaru-roostevaba-teras-5-tasandit-810x460x1480mm-adexa-rst5b\\\/\",\"name\":\"Kaubanduslik serveerimisk\u00e4ru Roostevaba teras 5 tasandit 810x460x1480mm | Adexa RST5B - Adexa \u2013 Suurk\u00f6\u00f6giseadmed restoranidele ja toitlustusele\",\"isPartOf\":{\"@id\":\"https:\\\/\\\/adexa.ee\\\/#website\"},\"primaryImageOfPage\":{\"@id\":\"https:\\\/\\\/adexa.ee\\\/toode\\\/kaubanduslik-serveerimiskaru-roostevaba-teras-5-tasandit-810x460x1480mm-adexa-rst5b\\\/#primaryimage\"},\"image\":{\"@id\":\"https:\\\/\\\/adexa.ee\\\/toode\\\/kaubanduslik-serveerimiskaru-roostevaba-teras-5-tasandit-810x460x1480mm-adexa-rst5b\\\/#primaryimage\"},\"thumbnailUrl\":\"https:\\\/\\\/adexa.ee\\\/wp-content\\\/uploads\\\/2024\\\/12\\\/RST5.jpg\",\"datePublished\":\"2026-03-26T09:15:52+00:00\",\"dateModified\":\"2026-03-26T09:16:00+00:00\",\"breadcrumb\":{\"@id\":\"https:\\\/\\\/adexa.ee\\\/toode\\\/kaubanduslik-serveerimiskaru-roostevaba-teras-5-tasandit-810x460x1480mm-adexa-rst5b\\\/#breadcrumb\"},\"inLanguage\":\"en-US\",\"potentialAction\":[{\"@type\":\"ReadAction\",\"target\":[\"https:\\\/\\\/adexa.ee\\\/toode\\\/kaubanduslik-serveerimiskaru-roostevaba-teras-5-tasandit-810x460x1480mm-adexa-rst5b\\\/\"]}]},{\"@type\":\"ImageObject\",\"inLanguage\":\"en-US\",\"@id\":\"https:\\\/\\\/adexa.ee\\\/toode\\\/kaubanduslik-serveerimiskaru-roostevaba-teras-5-tasandit-810x460x1480mm-adexa-rst5b\\\/#primaryimage\",\"url\":\"https:\\\/\\\/adexa.ee\\\/wp-content\\\/uploads\\\/2024\\\/12\\\/RST5.jpg\",\"contentUrl\":\"https:\\\/\\\/adexa.ee\\\/wp-content\\\/uploads\\\/2024\\\/12\\\/RST5.jpg\",\"width\":1200,\"height\":1200},{\"@type\":\"BreadcrumbList\",\"@id\":\"https:\\\/\\\/adexa.ee\\\/toode\\\/kaubanduslik-serveerimiskaru-roostevaba-teras-5-tasandit-810x460x1480mm-adexa-rst5b\\\/#breadcrumb\",\"itemListElement\":[{\"@type\":\"ListItem\",\"position\":1,\"name\":\"Home\",\"item\":\"https:\\\/\\\/adexa.ee\\\/\"},{\"@type\":\"ListItem\",\"position\":2,\"name\":\"Tooted\",\"item\":\"https:\\\/\\\/adexa.ee\\\/pood\\\/\"},{\"@type\":\"ListItem\",\"position\":3,\"name\":\"Kaubanduslik serveerimisk\u00e4ru Roostevaba teras 5 tasandit 810x460x1480mm | Adexa RST5B\"}]},{\"@type\":\"WebSite\",\"@id\":\"https:\\\/\\\/adexa.ee\\\/#website\",\"url\":\"https:\\\/\\\/adexa.ee\\\/\",\"name\":\"Adexa\",\"description\":\"\",\"publisher\":{\"@id\":\"https:\\\/\\\/adexa.ee\\\/#organization\"},\"potentialAction\":[{\"@type\":\"SearchAction\",\"target\":{\"@type\":\"EntryPoint\",\"urlTemplate\":\"https:\\\/\\\/adexa.ee\\\/?s={search_term_string}\"},\"query-input\":{\"@type\":\"PropertyValueSpecification\",\"valueRequired\":true,\"valueName\":\"search_term_string\"}}],\"inLanguage\":\"en-US\"},{\"@type\":\"Organization\",\"@id\":\"https:\\\/\\\/adexa.ee\\\/#organization\",\"name\":\"Adexa\",\"url\":\"https:\\\/\\\/adexa.ee\\\/\",\"logo\":{\"@type\":\"ImageObject\",\"inLanguage\":\"en-US\",\"@id\":\"https:\\\/\\\/adexa.ee\\\/#\\\/schema\\\/logo\\\/image\\\/\",\"url\":\"https:\\\/\\\/adexa.ee\\\/wp-content\\\/uploads\\\/2024\\\/04\\\/chef-cooks-working-in-professional-kitchen-2023-11-27-05-07-39-utc-scaled.jpg\",\"contentUrl\":\"https:\\\/\\\/adexa.ee\\\/wp-content\\\/uploads\\\/2024\\\/04\\\/chef-cooks-working-in-professional-kitchen-2023-11-27-05-07-39-utc-scaled.jpg\",\"width\":2560,\"height\":1708,\"caption\":\"Adexa\"},\"image\":{\"@id\":\"https:\\\/\\\/adexa.ee\\\/#\\\/schema\\\/logo\\\/image\\\/\"}}]}<\/script>\n<!-- \/ Yoast SEO plugin. -->","yoast_head_json":{"title":"Kaubanduslik serveerimisk\u00e4ru Roostevaba teras 5 tasandit 810x460x1480mm | Adexa RST5B - Adexa \u2013 Suurk\u00f6\u00f6giseadmed restoranidele ja toitlustusele","robots":{"index":"index","follow":"follow","max-snippet":"max-snippet:-1","max-image-preview":"max-image-preview:large","max-video-preview":"max-video-preview:-1"},"canonical":"https:\/\/adexa.ee\/toode\/kaubanduslik-serveerimiskaru-roostevaba-teras-5-tasandit-810x460x1480mm-adexa-rst5b\/","og_locale":"en_US","og_type":"article","og_title":"Kaubanduslik serveerimisk\u00e4ru Roostevaba teras 5 tasandit 810x460x1480mm | Adexa RST5B - Adexa \u2013 Suurk\u00f6\u00f6giseadmed restoranidele ja toitlustusele","og_description":"See viietasandiline serveerimisk\u00e4ru sobib ideaalselt erinevatesse keskkondadesse. T\u00e4nu oma vastupidavale konstruktsioonile on see eriti sobilik kasutamiseks s\u00f6\u00f6klates, suurtel catering \u00fcritustel,","og_url":"https:\/\/adexa.ee\/toode\/kaubanduslik-serveerimiskaru-roostevaba-teras-5-tasandit-810x460x1480mm-adexa-rst5b\/","og_site_name":"Adexa \u2013 Suurk\u00f6\u00f6giseadmed restoranidele ja toitlustusele","article_modified_time":"2026-03-26T09:16:00+00:00","og_image":[{"width":1200,"height":1200,"url":"https:\/\/adexa.ee\/wp-content\/uploads\/2024\/12\/RST5.jpg","type":"image\/jpeg"}],"twitter_card":"summary_large_image","twitter_misc":{"Est. reading time":"1 minute"},"schema":{"@context":"https:\/\/schema.org","@graph":[{"@type":"WebPage","@id":"https:\/\/adexa.ee\/toode\/kaubanduslik-serveerimiskaru-roostevaba-teras-5-tasandit-810x460x1480mm-adexa-rst5b\/","url":"https:\/\/adexa.ee\/toode\/kaubanduslik-serveerimiskaru-roostevaba-teras-5-tasandit-810x460x1480mm-adexa-rst5b\/","name":"Kaubanduslik serveerimisk\u00e4ru Roostevaba teras 5 tasandit 810x460x1480mm | Adexa RST5B - Adexa \u2013 Suurk\u00f6\u00f6giseadmed restoranidele ja toitlustusele","isPartOf":{"@id":"https:\/\/adexa.ee\/#website"},"primaryImageOfPage":{"@id":"https:\/\/adexa.ee\/toode\/kaubanduslik-serveerimiskaru-roostevaba-teras-5-tasandit-810x460x1480mm-adexa-rst5b\/#primaryimage"},"image":{"@id":"https:\/\/adexa.ee\/toode\/kaubanduslik-serveerimiskaru-roostevaba-teras-5-tasandit-810x460x1480mm-adexa-rst5b\/#primaryimage"},"thumbnailUrl":"https:\/\/adexa.ee\/wp-content\/uploads\/2024\/12\/RST5.jpg","datePublished":"2026-03-26T09:15:52+00:00","dateModified":"2026-03-26T09:16:00+00:00","breadcrumb":{"@id":"https:\/\/adexa.ee\/toode\/kaubanduslik-serveerimiskaru-roostevaba-teras-5-tasandit-810x460x1480mm-adexa-rst5b\/#breadcrumb"},"inLanguage":"en-US","potentialAction":[{"@type":"ReadAction","target":["https:\/\/adexa.ee\/toode\/kaubanduslik-serveerimiskaru-roostevaba-teras-5-tasandit-810x460x1480mm-adexa-rst5b\/"]}]},{"@type":"ImageObject","inLanguage":"en-US","@id":"https:\/\/adexa.ee\/toode\/kaubanduslik-serveerimiskaru-roostevaba-teras-5-tasandit-810x460x1480mm-adexa-rst5b\/#primaryimage","url":"https:\/\/adexa.ee\/wp-content\/uploads\/2024\/12\/RST5.jpg","contentUrl":"https:\/\/adexa.ee\/wp-content\/uploads\/2024\/12\/RST5.jpg","width":1200,"height":1200},{"@type":"BreadcrumbList","@id":"https:\/\/adexa.ee\/toode\/kaubanduslik-serveerimiskaru-roostevaba-teras-5-tasandit-810x460x1480mm-adexa-rst5b\/#breadcrumb","itemListElement":[{"@type":"ListItem","position":1,"name":"Home","item":"https:\/\/adexa.ee\/"},{"@type":"ListItem","position":2,"name":"Tooted","item":"https:\/\/adexa.ee\/pood\/"},{"@type":"ListItem","position":3,"name":"Kaubanduslik serveerimisk\u00e4ru Roostevaba teras 5 tasandit 810x460x1480mm | Adexa RST5B"}]},{"@type":"WebSite","@id":"https:\/\/adexa.ee\/#website","url":"https:\/\/adexa.ee\/","name":"Adexa","description":"","publisher":{"@id":"https:\/\/adexa.ee\/#organization"},"potentialAction":[{"@type":"SearchAction","target":{"@type":"EntryPoint","urlTemplate":"https:\/\/adexa.ee\/?s={search_term_string}"},"query-input":{"@type":"PropertyValueSpecification","valueRequired":true,"valueName":"search_term_string"}}],"inLanguage":"en-US"},{"@type":"Organization","@id":"https:\/\/adexa.ee\/#organization","name":"Adexa","url":"https:\/\/adexa.ee\/","logo":{"@type":"ImageObject","inLanguage":"en-US","@id":"https:\/\/adexa.ee\/#\/schema\/logo\/image\/","url":"https:\/\/adexa.ee\/wp-content\/uploads\/2024\/04\/chef-cooks-working-in-professional-kitchen-2023-11-27-05-07-39-utc-scaled.jpg","contentUrl":"https:\/\/adexa.ee\/wp-content\/uploads\/2024\/04\/chef-cooks-working-in-professional-kitchen-2023-11-27-05-07-39-utc-scaled.jpg","width":2560,"height":1708,"caption":"Adexa"},"image":{"@id":"https:\/\/adexa.ee\/#\/schema\/logo\/image\/"}}]}},"_links":{"self":[{"href":"https:\/\/adexa.ee\/en\/wp-json\/wp\/v2\/product\/32276","targetHints":{"allow":["GET"]}}],"collection":[{"href":"https:\/\/adexa.ee\/en\/wp-json\/wp\/v2\/product"}],"about":[{"href":"https:\/\/adexa.ee\/en\/wp-json\/wp\/v2\/types\/product"}],"wp:featuredmedia":[{"embeddable":true,"href":"https:\/\/adexa.ee\/en\/wp-json\/wp\/v2\/media\/14971"}],"wp:attachment":[{"href":"https:\/\/adexa.ee\/en\/wp-json\/wp\/v2\/media?parent=32276"}],"wp:term":[{"taxonomy":"product_brand","embeddable":true,"href":"https:\/\/adexa.ee\/en\/wp-json\/wp\/v2\/product_brand?post=32276"},{"taxonomy":"product_cat","embeddable":true,"href":"https:\/\/adexa.ee\/en\/wp-json\/wp\/v2\/product_cat?post=32276"},{"taxonomy":"product_tag","embeddable":true,"href":"https:\/\/adexa.ee\/en\/wp-json\/wp\/v2\/product_tag?post=32276"}],"curies":[{"name":"wp","href":"https:\/\/api.w.org\/{rel}","templated":true}]}}