{"id":32297,"date":"2026-03-30T08:45:44","date_gmt":"2026-03-30T05:45:44","guid":{"rendered":"https:\/\/adexa.ee\/toode\/20-astmeline-kahepoolne-riiuli-aluse-panni-karukaru-laius-222-352mm-roostevaba-teras-adexa-pt10d\/"},"modified":"2026-03-30T08:45:45","modified_gmt":"2026-03-30T05:45:45","slug":"20-astmeline-kahepoolne-kandikukaru-laius-222-352mm-roostevaba-teras-adexa-pt10d","status":"publish","type":"product","link":"https:\/\/adexa.ee\/en\/toode\/20-astmeline-kahepoolne-kandikukaru-laius-222-352mm-roostevaba-teras-adexa-pt10d\/","title":{"rendered":"20-astmeline kahepoolne  kandikuk\u00e4ru, laius 222-352mm, roostevaba teras | Adexa PT10D"},"content":{"rendered":"<p>See k\u00f5rgekvaliteediline professionaalne k\u00e4ruk\u00e4ru sobib ideaalselt suure hulga aluste v\u00f5i pannide virnastamiseks ja hoiustamiseks. Sellel on 10 astet, mis on kinnitatud nelja ratta peale, et h\u00f5lbustada liikumist teie restoranis, pagari\u00e4ris v\u00f5i sarnases toitlustusasutuses. Lisateabe saamiseks vaadake &#8216;Spetsifikatsiooni&#8217; all.<\/p>\n<table style=\"border-collapse: collapse; width: 100%; text-align: left;\">\n<tbody>\n<tr>\n<td style=\"border: 1px solid #ddd; padding: 8px; width: 45%;\"><strong>S\u00fcgavus<\/strong><\/td>\n<td style=\"border: 1px solid #ddd; padding: 8px;\">450 mm<\/td>\n<\/tr>\n<tr>\n<td style=\"border: 1px solid #ddd; padding: 8px; width: 45%;\"><strong>K\u00f5rgus<\/strong><\/td>\n<td style=\"border: 1px solid #ddd; padding: 8px;\">1730 mm<\/td>\n<\/tr>\n<tr>\n<td style=\"border: 1px solid #ddd; padding: 8px; width: 45%;\"><strong>Laius<\/strong><\/td>\n<td style=\"border: 1px solid #ddd; padding: 8px;\">800mm<\/td>\n<\/tr>\n<tr>\n<td style=\"border: 1px solid #ddd; padding: 8px; width: 45%;\"><strong>Kaal<\/strong><\/td>\n<td style=\"border: 1px solid #ddd; padding: 8px;\">20 kg<\/td>\n<\/tr>\n<tr>\n<td style=\"border: 1px solid #ddd; padding: 8px; width: 45%;\"><strong>Garantii<\/strong><\/td>\n<td style=\"border: 1px solid #ddd; padding: 8px;\">12 kuu varuosade garantii<\/td>\n<\/tr>\n<tr>\n<td style=\"border: 1px solid #ddd; padding: 8px; width: 45%;\"><strong>Mahutavus<\/strong><\/td>\n<td style=\"border: 1px solid #ddd; padding: 8px;\">2&#215;10 taset<\/td>\n<\/tr>\n<tr>\n<td style=\"border: 1px solid #ddd; padding: 8px; width: 45%;\"><strong>Plaadi\/V\u00f5re suurus<\/strong><\/td>\n<td style=\"border: 1px solid #ddd; padding: 8px;\">222-352 mm<\/td>\n<\/tr>\n<tr>\n<td style=\"border: 1px solid #ddd; padding: 8px; width: 45%;\"><strong>Rullikud<\/strong><\/td>\n<td style=\"border: 1px solid #ddd; padding: 8px;\">4 p\u00f6\u00f6rlevat ratast (2 piduritega)<\/td>\n<\/tr>\n<tr>\n<td style=\"border: 1px solid #ddd; padding: 8px; width: 45%;\"><strong>Materjal<\/strong><\/td>\n<td style=\"border: 1px solid #ddd; padding: 8px;\">Roostevaba teras<\/td>\n<\/tr>\n<\/tbody>\n<\/table>\n","protected":false},"excerpt":{"rendered":"<p>See k\u00f5rgekvaliteediline professionaalne k\u00e4ruk\u00e4ru sobib ideaalselt suure hulga aluste v\u00f5i pannide virnastamiseks ja hoiustamiseks. Sellel on 10 astet, mis on<\/p>\n","protected":false},"featured_media":40156,"template":"","meta":[],"product_brand":[],"product_cat":[738,624,623,665,561,572,586],"product_tag":[],"class_list":{"0":"post-32297","1":"product","2":"type-product","3":"status-publish","4":"has-post-thumbnail","6":"product_cat-kandikud-kandikukarud","7":"product_cat-kandikukarud","8":"product_cat-karud","9":"product_cat-ladustamine-transport","10":"product_cat-moobel-ja-hoiustamine","11":"product_cat-roostevabad-tooted","12":"product_cat-serveerimine","14":"first","15":"instock","16":"sale","17":"taxable","18":"shipping-taxable","19":"purchasable","20":"product-type-simple"},"yoast_head":"<!-- This site is optimized with the Yoast SEO plugin v27.3 - https:\/\/yoast.com\/product\/yoast-seo-wordpress\/ -->\n<title>20-astmeline kahepoolne kandikuk\u00e4ru, laius 222-352mm, roostevaba teras | Adexa PT10D - Adexa \u2013 Suurk\u00f6\u00f6giseadmed restoranidele ja toitlustusele<\/title>\n<meta name=\"robots\" content=\"index, follow, max-snippet:-1, max-image-preview:large, max-video-preview:-1\" \/>\n<link rel=\"canonical\" href=\"https:\/\/adexa.ee\/toode\/20-astmeline-kahepoolne-kandikukaru-laius-222-352mm-roostevaba-teras-adexa-pt10d\/\" \/>\n<meta property=\"og:locale\" content=\"en_US\" \/>\n<meta property=\"og:type\" content=\"article\" \/>\n<meta property=\"og:title\" content=\"20-astmeline kahepoolne kandikuk\u00e4ru, laius 222-352mm, roostevaba teras | Adexa PT10D - Adexa \u2013 Suurk\u00f6\u00f6giseadmed restoranidele ja toitlustusele\" \/>\n<meta property=\"og:description\" content=\"See k\u00f5rgekvaliteediline professionaalne k\u00e4ruk\u00e4ru sobib ideaalselt suure hulga aluste v\u00f5i pannide virnastamiseks ja hoiustamiseks. Sellel on 10 astet, mis on\" \/>\n<meta property=\"og:url\" content=\"https:\/\/adexa.ee\/toode\/20-astmeline-kahepoolne-kandikukaru-laius-222-352mm-roostevaba-teras-adexa-pt10d\/\" \/>\n<meta property=\"og:site_name\" content=\"Adexa \u2013 Suurk\u00f6\u00f6giseadmed restoranidele ja toitlustusele\" \/>\n<meta property=\"article:modified_time\" content=\"2026-03-30T05:45:45+00:00\" \/>\n<meta property=\"og:image\" content=\"https:\/\/adexa.ee\/wp-content\/uploads\/2025\/10\/PT10D-.jpg\" \/>\n\t<meta property=\"og:image:width\" content=\"1288\" \/>\n\t<meta property=\"og:image:height\" content=\"1288\" \/>\n\t<meta property=\"og:image:type\" content=\"image\/jpeg\" \/>\n<meta name=\"twitter:card\" content=\"summary_large_image\" \/>\n<script type=\"application\/ld+json\" class=\"yoast-schema-graph\">{\"@context\":\"https:\\\/\\\/schema.org\",\"@graph\":[{\"@type\":\"WebPage\",\"@id\":\"https:\\\/\\\/adexa.ee\\\/toode\\\/20-astmeline-kahepoolne-kandikukaru-laius-222-352mm-roostevaba-teras-adexa-pt10d\\\/\",\"url\":\"https:\\\/\\\/adexa.ee\\\/toode\\\/20-astmeline-kahepoolne-kandikukaru-laius-222-352mm-roostevaba-teras-adexa-pt10d\\\/\",\"name\":\"20-astmeline kahepoolne kandikuk\u00e4ru, laius 222-352mm, roostevaba teras | Adexa PT10D - Adexa \u2013 Suurk\u00f6\u00f6giseadmed restoranidele ja toitlustusele\",\"isPartOf\":{\"@id\":\"https:\\\/\\\/adexa.ee\\\/#website\"},\"primaryImageOfPage\":{\"@id\":\"https:\\\/\\\/adexa.ee\\\/toode\\\/20-astmeline-kahepoolne-kandikukaru-laius-222-352mm-roostevaba-teras-adexa-pt10d\\\/#primaryimage\"},\"image\":{\"@id\":\"https:\\\/\\\/adexa.ee\\\/toode\\\/20-astmeline-kahepoolne-kandikukaru-laius-222-352mm-roostevaba-teras-adexa-pt10d\\\/#primaryimage\"},\"thumbnailUrl\":\"https:\\\/\\\/adexa.ee\\\/wp-content\\\/uploads\\\/2025\\\/10\\\/PT10D-.jpg\",\"datePublished\":\"2026-03-30T05:45:44+00:00\",\"dateModified\":\"2026-03-30T05:45:45+00:00\",\"breadcrumb\":{\"@id\":\"https:\\\/\\\/adexa.ee\\\/toode\\\/20-astmeline-kahepoolne-kandikukaru-laius-222-352mm-roostevaba-teras-adexa-pt10d\\\/#breadcrumb\"},\"inLanguage\":\"en-US\",\"potentialAction\":[{\"@type\":\"ReadAction\",\"target\":[\"https:\\\/\\\/adexa.ee\\\/toode\\\/20-astmeline-kahepoolne-kandikukaru-laius-222-352mm-roostevaba-teras-adexa-pt10d\\\/\"]}]},{\"@type\":\"ImageObject\",\"inLanguage\":\"en-US\",\"@id\":\"https:\\\/\\\/adexa.ee\\\/toode\\\/20-astmeline-kahepoolne-kandikukaru-laius-222-352mm-roostevaba-teras-adexa-pt10d\\\/#primaryimage\",\"url\":\"https:\\\/\\\/adexa.ee\\\/wp-content\\\/uploads\\\/2025\\\/10\\\/PT10D-.jpg\",\"contentUrl\":\"https:\\\/\\\/adexa.ee\\\/wp-content\\\/uploads\\\/2025\\\/10\\\/PT10D-.jpg\",\"width\":1288,\"height\":1288},{\"@type\":\"BreadcrumbList\",\"@id\":\"https:\\\/\\\/adexa.ee\\\/toode\\\/20-astmeline-kahepoolne-kandikukaru-laius-222-352mm-roostevaba-teras-adexa-pt10d\\\/#breadcrumb\",\"itemListElement\":[{\"@type\":\"ListItem\",\"position\":1,\"name\":\"Home\",\"item\":\"https:\\\/\\\/adexa.ee\\\/\"},{\"@type\":\"ListItem\",\"position\":2,\"name\":\"Tooted\",\"item\":\"https:\\\/\\\/adexa.ee\\\/pood\\\/\"},{\"@type\":\"ListItem\",\"position\":3,\"name\":\"20-astmeline kahepoolne kandikuk\u00e4ru, laius 222-352mm, roostevaba teras | Adexa PT10D\"}]},{\"@type\":\"WebSite\",\"@id\":\"https:\\\/\\\/adexa.ee\\\/#website\",\"url\":\"https:\\\/\\\/adexa.ee\\\/\",\"name\":\"Adexa\",\"description\":\"\",\"publisher\":{\"@id\":\"https:\\\/\\\/adexa.ee\\\/#organization\"},\"potentialAction\":[{\"@type\":\"SearchAction\",\"target\":{\"@type\":\"EntryPoint\",\"urlTemplate\":\"https:\\\/\\\/adexa.ee\\\/?s={search_term_string}\"},\"query-input\":{\"@type\":\"PropertyValueSpecification\",\"valueRequired\":true,\"valueName\":\"search_term_string\"}}],\"inLanguage\":\"en-US\"},{\"@type\":\"Organization\",\"@id\":\"https:\\\/\\\/adexa.ee\\\/#organization\",\"name\":\"Adexa\",\"url\":\"https:\\\/\\\/adexa.ee\\\/\",\"logo\":{\"@type\":\"ImageObject\",\"inLanguage\":\"en-US\",\"@id\":\"https:\\\/\\\/adexa.ee\\\/#\\\/schema\\\/logo\\\/image\\\/\",\"url\":\"https:\\\/\\\/adexa.ee\\\/wp-content\\\/uploads\\\/2024\\\/04\\\/chef-cooks-working-in-professional-kitchen-2023-11-27-05-07-39-utc-scaled.jpg\",\"contentUrl\":\"https:\\\/\\\/adexa.ee\\\/wp-content\\\/uploads\\\/2024\\\/04\\\/chef-cooks-working-in-professional-kitchen-2023-11-27-05-07-39-utc-scaled.jpg\",\"width\":2560,\"height\":1708,\"caption\":\"Adexa\"},\"image\":{\"@id\":\"https:\\\/\\\/adexa.ee\\\/#\\\/schema\\\/logo\\\/image\\\/\"}}]}<\/script>\n<!-- \/ Yoast SEO plugin. -->","yoast_head_json":{"title":"20-astmeline kahepoolne kandikuk\u00e4ru, laius 222-352mm, roostevaba teras | Adexa PT10D - Adexa \u2013 Suurk\u00f6\u00f6giseadmed restoranidele ja toitlustusele","robots":{"index":"index","follow":"follow","max-snippet":"max-snippet:-1","max-image-preview":"max-image-preview:large","max-video-preview":"max-video-preview:-1"},"canonical":"https:\/\/adexa.ee\/toode\/20-astmeline-kahepoolne-kandikukaru-laius-222-352mm-roostevaba-teras-adexa-pt10d\/","og_locale":"en_US","og_type":"article","og_title":"20-astmeline kahepoolne kandikuk\u00e4ru, laius 222-352mm, roostevaba teras | Adexa PT10D - Adexa \u2013 Suurk\u00f6\u00f6giseadmed restoranidele ja toitlustusele","og_description":"See k\u00f5rgekvaliteediline professionaalne k\u00e4ruk\u00e4ru sobib ideaalselt suure hulga aluste v\u00f5i pannide virnastamiseks ja hoiustamiseks. Sellel on 10 astet, mis on","og_url":"https:\/\/adexa.ee\/toode\/20-astmeline-kahepoolne-kandikukaru-laius-222-352mm-roostevaba-teras-adexa-pt10d\/","og_site_name":"Adexa \u2013 Suurk\u00f6\u00f6giseadmed restoranidele ja toitlustusele","article_modified_time":"2026-03-30T05:45:45+00:00","og_image":[{"width":1288,"height":1288,"url":"https:\/\/adexa.ee\/wp-content\/uploads\/2025\/10\/PT10D-.jpg","type":"image\/jpeg"}],"twitter_card":"summary_large_image","schema":{"@context":"https:\/\/schema.org","@graph":[{"@type":"WebPage","@id":"https:\/\/adexa.ee\/toode\/20-astmeline-kahepoolne-kandikukaru-laius-222-352mm-roostevaba-teras-adexa-pt10d\/","url":"https:\/\/adexa.ee\/toode\/20-astmeline-kahepoolne-kandikukaru-laius-222-352mm-roostevaba-teras-adexa-pt10d\/","name":"20-astmeline kahepoolne kandikuk\u00e4ru, laius 222-352mm, roostevaba teras | Adexa PT10D - Adexa \u2013 Suurk\u00f6\u00f6giseadmed restoranidele ja toitlustusele","isPartOf":{"@id":"https:\/\/adexa.ee\/#website"},"primaryImageOfPage":{"@id":"https:\/\/adexa.ee\/toode\/20-astmeline-kahepoolne-kandikukaru-laius-222-352mm-roostevaba-teras-adexa-pt10d\/#primaryimage"},"image":{"@id":"https:\/\/adexa.ee\/toode\/20-astmeline-kahepoolne-kandikukaru-laius-222-352mm-roostevaba-teras-adexa-pt10d\/#primaryimage"},"thumbnailUrl":"https:\/\/adexa.ee\/wp-content\/uploads\/2025\/10\/PT10D-.jpg","datePublished":"2026-03-30T05:45:44+00:00","dateModified":"2026-03-30T05:45:45+00:00","breadcrumb":{"@id":"https:\/\/adexa.ee\/toode\/20-astmeline-kahepoolne-kandikukaru-laius-222-352mm-roostevaba-teras-adexa-pt10d\/#breadcrumb"},"inLanguage":"en-US","potentialAction":[{"@type":"ReadAction","target":["https:\/\/adexa.ee\/toode\/20-astmeline-kahepoolne-kandikukaru-laius-222-352mm-roostevaba-teras-adexa-pt10d\/"]}]},{"@type":"ImageObject","inLanguage":"en-US","@id":"https:\/\/adexa.ee\/toode\/20-astmeline-kahepoolne-kandikukaru-laius-222-352mm-roostevaba-teras-adexa-pt10d\/#primaryimage","url":"https:\/\/adexa.ee\/wp-content\/uploads\/2025\/10\/PT10D-.jpg","contentUrl":"https:\/\/adexa.ee\/wp-content\/uploads\/2025\/10\/PT10D-.jpg","width":1288,"height":1288},{"@type":"BreadcrumbList","@id":"https:\/\/adexa.ee\/toode\/20-astmeline-kahepoolne-kandikukaru-laius-222-352mm-roostevaba-teras-adexa-pt10d\/#breadcrumb","itemListElement":[{"@type":"ListItem","position":1,"name":"Home","item":"https:\/\/adexa.ee\/"},{"@type":"ListItem","position":2,"name":"Tooted","item":"https:\/\/adexa.ee\/pood\/"},{"@type":"ListItem","position":3,"name":"20-astmeline kahepoolne kandikuk\u00e4ru, laius 222-352mm, roostevaba teras | Adexa PT10D"}]},{"@type":"WebSite","@id":"https:\/\/adexa.ee\/#website","url":"https:\/\/adexa.ee\/","name":"Adexa","description":"","publisher":{"@id":"https:\/\/adexa.ee\/#organization"},"potentialAction":[{"@type":"SearchAction","target":{"@type":"EntryPoint","urlTemplate":"https:\/\/adexa.ee\/?s={search_term_string}"},"query-input":{"@type":"PropertyValueSpecification","valueRequired":true,"valueName":"search_term_string"}}],"inLanguage":"en-US"},{"@type":"Organization","@id":"https:\/\/adexa.ee\/#organization","name":"Adexa","url":"https:\/\/adexa.ee\/","logo":{"@type":"ImageObject","inLanguage":"en-US","@id":"https:\/\/adexa.ee\/#\/schema\/logo\/image\/","url":"https:\/\/adexa.ee\/wp-content\/uploads\/2024\/04\/chef-cooks-working-in-professional-kitchen-2023-11-27-05-07-39-utc-scaled.jpg","contentUrl":"https:\/\/adexa.ee\/wp-content\/uploads\/2024\/04\/chef-cooks-working-in-professional-kitchen-2023-11-27-05-07-39-utc-scaled.jpg","width":2560,"height":1708,"caption":"Adexa"},"image":{"@id":"https:\/\/adexa.ee\/#\/schema\/logo\/image\/"}}]}},"_links":{"self":[{"href":"https:\/\/adexa.ee\/en\/wp-json\/wp\/v2\/product\/32297","targetHints":{"allow":["GET"]}}],"collection":[{"href":"https:\/\/adexa.ee\/en\/wp-json\/wp\/v2\/product"}],"about":[{"href":"https:\/\/adexa.ee\/en\/wp-json\/wp\/v2\/types\/product"}],"wp:featuredmedia":[{"embeddable":true,"href":"https:\/\/adexa.ee\/en\/wp-json\/wp\/v2\/media\/40156"}],"wp:attachment":[{"href":"https:\/\/adexa.ee\/en\/wp-json\/wp\/v2\/media?parent=32297"}],"wp:term":[{"taxonomy":"product_brand","embeddable":true,"href":"https:\/\/adexa.ee\/en\/wp-json\/wp\/v2\/product_brand?post=32297"},{"taxonomy":"product_cat","embeddable":true,"href":"https:\/\/adexa.ee\/en\/wp-json\/wp\/v2\/product_cat?post=32297"},{"taxonomy":"product_tag","embeddable":true,"href":"https:\/\/adexa.ee\/en\/wp-json\/wp\/v2\/product_tag?post=32297"}],"curies":[{"name":"wp","href":"https:\/\/api.w.org\/{rel}","templated":true}]}}