{"id":32303,"date":"2026-03-27T15:25:51","date_gmt":"2026-03-27T13:25:51","guid":{"rendered":"https:\/\/adexa.ee\/toode\/sauvasegisti-kasimikser-280w-segistihoob-240mm-vispel-240mm-reguleeritav-kiirus-punane-adexa-hm265wr\/"},"modified":"2026-03-27T15:25:51","modified_gmt":"2026-03-27T13:25:51","slug":"saumikser-280w-segistihoob-240mm-vispel-240mm-reguleeritav-kiirus-punane-adexa-hm265wr","status":"publish","type":"product","link":"https:\/\/adexa.ee\/en\/toode\/saumikser-280w-segistihoob-240mm-vispel-240mm-reguleeritav-kiirus-punane-adexa-hm265wr\/","title":{"rendered":"Saumikser 280W Segistihoob 240mm Vispel 240mm Reguleeritav kiirus Punane | Adexa HM265WR"},"content":{"rendered":"<p>Kaubanduslik sauvasegisti, mis segab p\u00fcreeid ja emulgeerib kuni 25 gallonit kergesti. See k\u00e4simikser on suurep\u00e4rane professionaalne lisand igale toitlustusettev\u00f5ttele ja meie hetkelise soodushinnaga on see saumikser iga restorani jaoks soodne. Reguleeritav kiirus Maksimaalne segamise kogus: 50 liitrit Topeltmootori isolatsioon Ohutuspult J\u00e4tkuv v\u00f5i pulseeriv t\u00f6\u00f6 280W topeltisolatsiooniga eritellimusel tehtud mootor Kiirus: 3000 kuni 13000 p\/min segistifunktsioonis K\u00f5ik roostevabast terasest segamistoru K\u00f5ik roostevabast terasest kaitselo bell Titaaniga kaetud segamisnuga M\u00f5\u00f5tmed: Sukeldatav toru pikkus: 240mm Vispli pikkus: 240mm Dokumendid Kl\u00f5psake siia, et kasutusjuhend alla laadida Kl\u00f5psake siia, et plahvatuslik vaade alla laadida Palun vaadake \u00fcksikasjalikku teavet jaotises \u201eSpetsifikatsioon\u201d.<\/p>\n<table style=\"border-collapse: collapse; width: 100%; text-align: left;\">\n<tbody>\n<tr>\n<td style=\"border: 1px solid #ddd; padding: 8px; width: 45%;\"><strong>S\u00fcgavus<\/strong><\/td>\n<td style=\"border: 1px solid #ddd; padding: 8px;\">102mm<\/td>\n<\/tr>\n<tr>\n<td style=\"border: 1px solid #ddd; padding: 8px; width: 45%;\"><strong>Laius<\/strong><\/td>\n<td style=\"border: 1px solid #ddd; padding: 8px;\">122 mm<\/td>\n<\/tr>\n<tr>\n<td style=\"border: 1px solid #ddd; padding: 8px; width: 45%;\"><strong>Kaal<\/strong><\/td>\n<td style=\"border: 1px solid #ddd; padding: 8px;\">2,1 kg<\/td>\n<\/tr>\n<tr>\n<td style=\"border: 1px solid #ddd; padding: 8px; width: 45%;\"><strong>Garantii<\/strong><\/td>\n<td style=\"border: 1px solid #ddd; padding: 8px;\">12 kuu varuosade garantii<\/td>\n<\/tr>\n<tr>\n<td style=\"border: 1px solid #ddd; padding: 8px; width: 45%;\"><strong>Toiteallikas<\/strong><\/td>\n<td style=\"border: 1px solid #ddd; padding: 8px;\">230V \/ 1 faas<\/td>\n<\/tr>\n<tr>\n<td style=\"border: 1px solid #ddd; padding: 8px; width: 45%;\"><strong>V\u00f5imsus<\/strong><\/td>\n<td style=\"border: 1px solid #ddd; padding: 8px;\">280W<\/td>\n<\/tr>\n<tr>\n<td style=\"border: 1px solid #ddd; padding: 8px; width: 45%;\"><strong>Materjal<\/strong><\/td>\n<td style=\"border: 1px solid #ddd; padding: 8px;\">Roostevaba teras \/ Plastik<\/td>\n<\/tr>\n<tr>\n<td style=\"border: 1px solid #ddd; padding: 8px; width: 45%;\"><strong>P\/min<\/strong><\/td>\n<td style=\"border: 1px solid #ddd; padding: 8px;\">3000 kuni 13000 (mikser) \/ 400 kuni 1700 (vispel)<\/td>\n<\/tr>\n<tr>\n<td style=\"border: 1px solid #ddd; padding: 8px; width: 45%;\"><strong>Varda pikkus<\/strong><\/td>\n<td style=\"border: 1px solid #ddd; padding: 8px;\">240 mm (mikser) \/ 240 mm (vispel)<\/td>\n<\/tr>\n<tr>\n<td style=\"border: 1px solid #ddd; padding: 8px; width: 45%;\"><strong>Pikkus<\/strong><\/td>\n<td style=\"border: 1px solid #ddd; padding: 8px;\">551 mm<\/td>\n<\/tr>\n<\/tbody>\n<\/table>\n","protected":false},"excerpt":{"rendered":"<p>Kaubanduslik sauvasegisti, mis segab p\u00fcreeid ja emulgeerib kuni 25 gallonit kergesti. See k\u00e4simikser on suurep\u00e4rane professionaalne lisand igale toitlustusettev\u00f5ttele ja<\/p>\n","protected":false},"featured_media":32305,"template":"","meta":[],"product_brand":[],"product_cat":[714,911,690,569],"product_tag":[],"class_list":{"0":"post-32303","1":"product","2":"type-product","3":"status-publish","4":"has-post-thumbnail","6":"product_cat-ettevalmistus","7":"product_cat-kasisegajad-ja-sukeldusmikserid","8":"product_cat-kaup-super-diiliga","9":"product_cat-lopumuuk","11":"first","12":"instock","13":"sale","14":"taxable","15":"shipping-taxable","16":"purchasable","17":"product-type-simple"},"yoast_head":"<!-- This site is optimized with the Yoast SEO plugin v27.3 - https:\/\/yoast.com\/product\/yoast-seo-wordpress\/ -->\n<title>Saumikser 280W Segistihoob 240mm Vispel 240mm Reguleeritav kiirus Punane | Adexa HM265WR - Adexa \u2013 Suurk\u00f6\u00f6giseadmed restoranidele ja toitlustusele<\/title>\n<meta name=\"robots\" content=\"index, follow, max-snippet:-1, max-image-preview:large, max-video-preview:-1\" \/>\n<link rel=\"canonical\" href=\"https:\/\/adexa.ee\/toode\/saumikser-280w-segistihoob-240mm-vispel-240mm-reguleeritav-kiirus-punane-adexa-hm265wr\/\" \/>\n<meta property=\"og:locale\" content=\"en_US\" \/>\n<meta property=\"og:type\" content=\"article\" \/>\n<meta property=\"og:title\" content=\"Saumikser 280W Segistihoob 240mm Vispel 240mm Reguleeritav kiirus Punane | Adexa HM265WR - Adexa \u2013 Suurk\u00f6\u00f6giseadmed restoranidele ja toitlustusele\" \/>\n<meta property=\"og:description\" content=\"Kaubanduslik sauvasegisti, mis segab p\u00fcreeid ja emulgeerib kuni 25 gallonit kergesti. See k\u00e4simikser on suurep\u00e4rane professionaalne lisand igale toitlustusettev\u00f5ttele ja\" \/>\n<meta property=\"og:url\" content=\"https:\/\/adexa.ee\/toode\/saumikser-280w-segistihoob-240mm-vispel-240mm-reguleeritav-kiirus-punane-adexa-hm265wr\/\" \/>\n<meta property=\"og:site_name\" content=\"Adexa \u2013 Suurk\u00f6\u00f6giseadmed restoranidele ja toitlustusele\" \/>\n<meta property=\"og:image\" content=\"https:\/\/adexa.ee\/wp-content\/uploads\/2025\/03\/HM265R.jpg\" \/>\n\t<meta property=\"og:image:width\" content=\"2000\" \/>\n\t<meta property=\"og:image:height\" content=\"2000\" \/>\n\t<meta property=\"og:image:type\" content=\"image\/jpeg\" \/>\n<meta name=\"twitter:card\" content=\"summary_large_image\" \/>\n<meta name=\"twitter:label1\" content=\"Est. reading time\" \/>\n\t<meta name=\"twitter:data1\" content=\"1 minute\" \/>\n<script type=\"application\/ld+json\" class=\"yoast-schema-graph\">{\"@context\":\"https:\\\/\\\/schema.org\",\"@graph\":[{\"@type\":\"WebPage\",\"@id\":\"https:\\\/\\\/adexa.ee\\\/toode\\\/saumikser-280w-segistihoob-240mm-vispel-240mm-reguleeritav-kiirus-punane-adexa-hm265wr\\\/\",\"url\":\"https:\\\/\\\/adexa.ee\\\/toode\\\/saumikser-280w-segistihoob-240mm-vispel-240mm-reguleeritav-kiirus-punane-adexa-hm265wr\\\/\",\"name\":\"Saumikser 280W Segistihoob 240mm Vispel 240mm Reguleeritav kiirus Punane | Adexa HM265WR - Adexa \u2013 Suurk\u00f6\u00f6giseadmed restoranidele ja toitlustusele\",\"isPartOf\":{\"@id\":\"https:\\\/\\\/adexa.ee\\\/#website\"},\"primaryImageOfPage\":{\"@id\":\"https:\\\/\\\/adexa.ee\\\/toode\\\/saumikser-280w-segistihoob-240mm-vispel-240mm-reguleeritav-kiirus-punane-adexa-hm265wr\\\/#primaryimage\"},\"image\":{\"@id\":\"https:\\\/\\\/adexa.ee\\\/toode\\\/saumikser-280w-segistihoob-240mm-vispel-240mm-reguleeritav-kiirus-punane-adexa-hm265wr\\\/#primaryimage\"},\"thumbnailUrl\":\"https:\\\/\\\/adexa.ee\\\/wp-content\\\/uploads\\\/2025\\\/03\\\/HM265R.jpg\",\"datePublished\":\"2026-03-27T13:25:51+00:00\",\"breadcrumb\":{\"@id\":\"https:\\\/\\\/adexa.ee\\\/toode\\\/saumikser-280w-segistihoob-240mm-vispel-240mm-reguleeritav-kiirus-punane-adexa-hm265wr\\\/#breadcrumb\"},\"inLanguage\":\"en-US\",\"potentialAction\":[{\"@type\":\"ReadAction\",\"target\":[\"https:\\\/\\\/adexa.ee\\\/toode\\\/saumikser-280w-segistihoob-240mm-vispel-240mm-reguleeritav-kiirus-punane-adexa-hm265wr\\\/\"]}]},{\"@type\":\"ImageObject\",\"inLanguage\":\"en-US\",\"@id\":\"https:\\\/\\\/adexa.ee\\\/toode\\\/saumikser-280w-segistihoob-240mm-vispel-240mm-reguleeritav-kiirus-punane-adexa-hm265wr\\\/#primaryimage\",\"url\":\"https:\\\/\\\/adexa.ee\\\/wp-content\\\/uploads\\\/2025\\\/03\\\/HM265R.jpg\",\"contentUrl\":\"https:\\\/\\\/adexa.ee\\\/wp-content\\\/uploads\\\/2025\\\/03\\\/HM265R.jpg\",\"width\":2000,\"height\":2000},{\"@type\":\"BreadcrumbList\",\"@id\":\"https:\\\/\\\/adexa.ee\\\/toode\\\/saumikser-280w-segistihoob-240mm-vispel-240mm-reguleeritav-kiirus-punane-adexa-hm265wr\\\/#breadcrumb\",\"itemListElement\":[{\"@type\":\"ListItem\",\"position\":1,\"name\":\"Home\",\"item\":\"https:\\\/\\\/adexa.ee\\\/\"},{\"@type\":\"ListItem\",\"position\":2,\"name\":\"Tooted\",\"item\":\"https:\\\/\\\/adexa.ee\\\/pood\\\/\"},{\"@type\":\"ListItem\",\"position\":3,\"name\":\"Saumikser 280W Segistihoob 240mm Vispel 240mm Reguleeritav kiirus Punane | Adexa HM265WR\"}]},{\"@type\":\"WebSite\",\"@id\":\"https:\\\/\\\/adexa.ee\\\/#website\",\"url\":\"https:\\\/\\\/adexa.ee\\\/\",\"name\":\"Adexa\",\"description\":\"\",\"publisher\":{\"@id\":\"https:\\\/\\\/adexa.ee\\\/#organization\"},\"potentialAction\":[{\"@type\":\"SearchAction\",\"target\":{\"@type\":\"EntryPoint\",\"urlTemplate\":\"https:\\\/\\\/adexa.ee\\\/?s={search_term_string}\"},\"query-input\":{\"@type\":\"PropertyValueSpecification\",\"valueRequired\":true,\"valueName\":\"search_term_string\"}}],\"inLanguage\":\"en-US\"},{\"@type\":\"Organization\",\"@id\":\"https:\\\/\\\/adexa.ee\\\/#organization\",\"name\":\"Adexa\",\"url\":\"https:\\\/\\\/adexa.ee\\\/\",\"logo\":{\"@type\":\"ImageObject\",\"inLanguage\":\"en-US\",\"@id\":\"https:\\\/\\\/adexa.ee\\\/#\\\/schema\\\/logo\\\/image\\\/\",\"url\":\"https:\\\/\\\/adexa.ee\\\/wp-content\\\/uploads\\\/2024\\\/04\\\/chef-cooks-working-in-professional-kitchen-2023-11-27-05-07-39-utc-scaled.jpg\",\"contentUrl\":\"https:\\\/\\\/adexa.ee\\\/wp-content\\\/uploads\\\/2024\\\/04\\\/chef-cooks-working-in-professional-kitchen-2023-11-27-05-07-39-utc-scaled.jpg\",\"width\":2560,\"height\":1708,\"caption\":\"Adexa\"},\"image\":{\"@id\":\"https:\\\/\\\/adexa.ee\\\/#\\\/schema\\\/logo\\\/image\\\/\"}}]}<\/script>\n<!-- \/ Yoast SEO plugin. -->","yoast_head_json":{"title":"Saumikser 280W Segistihoob 240mm Vispel 240mm Reguleeritav kiirus Punane | Adexa HM265WR - Adexa \u2013 Suurk\u00f6\u00f6giseadmed restoranidele ja toitlustusele","robots":{"index":"index","follow":"follow","max-snippet":"max-snippet:-1","max-image-preview":"max-image-preview:large","max-video-preview":"max-video-preview:-1"},"canonical":"https:\/\/adexa.ee\/toode\/saumikser-280w-segistihoob-240mm-vispel-240mm-reguleeritav-kiirus-punane-adexa-hm265wr\/","og_locale":"en_US","og_type":"article","og_title":"Saumikser 280W Segistihoob 240mm Vispel 240mm Reguleeritav kiirus Punane | Adexa HM265WR - Adexa \u2013 Suurk\u00f6\u00f6giseadmed restoranidele ja toitlustusele","og_description":"Kaubanduslik sauvasegisti, mis segab p\u00fcreeid ja emulgeerib kuni 25 gallonit kergesti. See k\u00e4simikser on suurep\u00e4rane professionaalne lisand igale toitlustusettev\u00f5ttele ja","og_url":"https:\/\/adexa.ee\/toode\/saumikser-280w-segistihoob-240mm-vispel-240mm-reguleeritav-kiirus-punane-adexa-hm265wr\/","og_site_name":"Adexa \u2013 Suurk\u00f6\u00f6giseadmed restoranidele ja toitlustusele","og_image":[{"width":2000,"height":2000,"url":"https:\/\/adexa.ee\/wp-content\/uploads\/2025\/03\/HM265R.jpg","type":"image\/jpeg"}],"twitter_card":"summary_large_image","twitter_misc":{"Est. reading time":"1 minute"},"schema":{"@context":"https:\/\/schema.org","@graph":[{"@type":"WebPage","@id":"https:\/\/adexa.ee\/toode\/saumikser-280w-segistihoob-240mm-vispel-240mm-reguleeritav-kiirus-punane-adexa-hm265wr\/","url":"https:\/\/adexa.ee\/toode\/saumikser-280w-segistihoob-240mm-vispel-240mm-reguleeritav-kiirus-punane-adexa-hm265wr\/","name":"Saumikser 280W Segistihoob 240mm Vispel 240mm Reguleeritav kiirus Punane | Adexa HM265WR - Adexa \u2013 Suurk\u00f6\u00f6giseadmed restoranidele ja toitlustusele","isPartOf":{"@id":"https:\/\/adexa.ee\/#website"},"primaryImageOfPage":{"@id":"https:\/\/adexa.ee\/toode\/saumikser-280w-segistihoob-240mm-vispel-240mm-reguleeritav-kiirus-punane-adexa-hm265wr\/#primaryimage"},"image":{"@id":"https:\/\/adexa.ee\/toode\/saumikser-280w-segistihoob-240mm-vispel-240mm-reguleeritav-kiirus-punane-adexa-hm265wr\/#primaryimage"},"thumbnailUrl":"https:\/\/adexa.ee\/wp-content\/uploads\/2025\/03\/HM265R.jpg","datePublished":"2026-03-27T13:25:51+00:00","breadcrumb":{"@id":"https:\/\/adexa.ee\/toode\/saumikser-280w-segistihoob-240mm-vispel-240mm-reguleeritav-kiirus-punane-adexa-hm265wr\/#breadcrumb"},"inLanguage":"en-US","potentialAction":[{"@type":"ReadAction","target":["https:\/\/adexa.ee\/toode\/saumikser-280w-segistihoob-240mm-vispel-240mm-reguleeritav-kiirus-punane-adexa-hm265wr\/"]}]},{"@type":"ImageObject","inLanguage":"en-US","@id":"https:\/\/adexa.ee\/toode\/saumikser-280w-segistihoob-240mm-vispel-240mm-reguleeritav-kiirus-punane-adexa-hm265wr\/#primaryimage","url":"https:\/\/adexa.ee\/wp-content\/uploads\/2025\/03\/HM265R.jpg","contentUrl":"https:\/\/adexa.ee\/wp-content\/uploads\/2025\/03\/HM265R.jpg","width":2000,"height":2000},{"@type":"BreadcrumbList","@id":"https:\/\/adexa.ee\/toode\/saumikser-280w-segistihoob-240mm-vispel-240mm-reguleeritav-kiirus-punane-adexa-hm265wr\/#breadcrumb","itemListElement":[{"@type":"ListItem","position":1,"name":"Home","item":"https:\/\/adexa.ee\/"},{"@type":"ListItem","position":2,"name":"Tooted","item":"https:\/\/adexa.ee\/pood\/"},{"@type":"ListItem","position":3,"name":"Saumikser 280W Segistihoob 240mm Vispel 240mm Reguleeritav kiirus Punane | Adexa HM265WR"}]},{"@type":"WebSite","@id":"https:\/\/adexa.ee\/#website","url":"https:\/\/adexa.ee\/","name":"Adexa","description":"","publisher":{"@id":"https:\/\/adexa.ee\/#organization"},"potentialAction":[{"@type":"SearchAction","target":{"@type":"EntryPoint","urlTemplate":"https:\/\/adexa.ee\/?s={search_term_string}"},"query-input":{"@type":"PropertyValueSpecification","valueRequired":true,"valueName":"search_term_string"}}],"inLanguage":"en-US"},{"@type":"Organization","@id":"https:\/\/adexa.ee\/#organization","name":"Adexa","url":"https:\/\/adexa.ee\/","logo":{"@type":"ImageObject","inLanguage":"en-US","@id":"https:\/\/adexa.ee\/#\/schema\/logo\/image\/","url":"https:\/\/adexa.ee\/wp-content\/uploads\/2024\/04\/chef-cooks-working-in-professional-kitchen-2023-11-27-05-07-39-utc-scaled.jpg","contentUrl":"https:\/\/adexa.ee\/wp-content\/uploads\/2024\/04\/chef-cooks-working-in-professional-kitchen-2023-11-27-05-07-39-utc-scaled.jpg","width":2560,"height":1708,"caption":"Adexa"},"image":{"@id":"https:\/\/adexa.ee\/#\/schema\/logo\/image\/"}}]}},"_links":{"self":[{"href":"https:\/\/adexa.ee\/en\/wp-json\/wp\/v2\/product\/32303","targetHints":{"allow":["GET"]}}],"collection":[{"href":"https:\/\/adexa.ee\/en\/wp-json\/wp\/v2\/product"}],"about":[{"href":"https:\/\/adexa.ee\/en\/wp-json\/wp\/v2\/types\/product"}],"wp:featuredmedia":[{"embeddable":true,"href":"https:\/\/adexa.ee\/en\/wp-json\/wp\/v2\/media\/32305"}],"wp:attachment":[{"href":"https:\/\/adexa.ee\/en\/wp-json\/wp\/v2\/media?parent=32303"}],"wp:term":[{"taxonomy":"product_brand","embeddable":true,"href":"https:\/\/adexa.ee\/en\/wp-json\/wp\/v2\/product_brand?post=32303"},{"taxonomy":"product_cat","embeddable":true,"href":"https:\/\/adexa.ee\/en\/wp-json\/wp\/v2\/product_cat?post=32303"},{"taxonomy":"product_tag","embeddable":true,"href":"https:\/\/adexa.ee\/en\/wp-json\/wp\/v2\/product_tag?post=32303"}],"curies":[{"name":"wp","href":"https:\/\/api.w.org\/{rel}","templated":true}]}}