{"id":32425,"date":"2026-03-26T11:25:08","date_gmt":"2026-03-26T09:25:08","guid":{"rendered":"https:\/\/adexa.ee\/toode\/jahutatud-serveerimisala-ettevalmistuslaud-2000-mm-9xgn1-3-sugavus-380-mm-roostevabast-terasest-kaanega-adexa-vrx2000380ss\/"},"modified":"2026-03-26T11:25:10","modified_gmt":"2026-03-26T09:25:10","slug":"vitriinkulmik-lauapealne-2000-mm-9xgn1-3-sugavus-380-mm-roostevabast-terasest-kaanega-adexa-vrx2000380ss","status":"publish","type":"product","link":"https:\/\/adexa.ee\/en\/toode\/vitriinkulmik-lauapealne-2000-mm-9xgn1-3-sugavus-380-mm-roostevabast-terasest-kaanega-adexa-vrx2000380ss\/","title":{"rendered":"Vitriink\u00fclmik lauapealne 2000 mm 9xGN1\/3 s\u00fcgavus 380 mm roostevabast terasest kaanega | Adexa VRX2000380SS"},"content":{"rendered":"<p>See k\u00f5rgekvaliteediline jahutatud kattetopsi seade on loodud andma suurep\u00e4raseid tulemusi p\u00e4evast p\u00e4eva k\u00f5igis toitlustusasutustes. Ideaalne restoranidele, kiirtoidukohtadele, kaasaostupoodidele, delikatesstipoodidele, v\u00f5ileivabaaridele jne. See on valmistatud k\u00f5rgekvaliteedilisest roostevabast terasest, et pakkuda k\u00f5rget t\u00f6\u00f6kindlust, j\u00f5udlust, stiili ja erakordset hinna ja kvaliteedi suhet. Pange t\u00e4hele, et GN-pannid ja kaaned EI ole seadme m\u00fc\u00fcgi k\u00e4igus kaasas. Suurep\u00e4rane k\u00f5ikide koostisosade, hakitud k\u00f6\u00f6giviljade, salati ja muu jahutatuna hoidmiseks ja k\u00e4ep\u00e4raseks tegemiseks toitude kaunistamiseks, v\u00f5ileibade, pitsa jms valmistamiseks. Sellel on t\u00e4ielikult reguleeritav temperatuuri kontroller ja lihtsasti hooldatav ja puhastatav k\u00f5rgekvaliteediline roostevabast terasest korpus. Digitaalse kuva Digitaalse termostaadiga Elektrooniline temperatuuri kontroll Keha valmistatud k\u00f5rgkvaliteedilist roostevaba terasest AISI 304 Roostevabast terasest kattega CFC-vaba jahutusvedelik \u00dcmarad sisenurgad Dokumendid Kliki siit, et laadida alla CE vastavusdeklaratsioon Vaadake &#8216;Spetsifikatsioonid&#8217; alt t\u00e4psema info saamiseks.<\/p>\n<table style=\"border-collapse: collapse; width: 100%; text-align: left;\">\n<tbody>\n<tr>\n<td style=\"border: 1px solid #ddd; padding: 8px; width: 45%;\"><strong>S\u00fcgavus<\/strong><\/td>\n<td style=\"border: 1px solid #ddd; padding: 8px;\">395mm<\/td>\n<\/tr>\n<tr>\n<td style=\"border: 1px solid #ddd; padding: 8px; width: 45%;\"><strong>K\u00f5rgus<\/strong><\/td>\n<td style=\"border: 1px solid #ddd; padding: 8px;\">281 mm<\/td>\n<\/tr>\n<tr>\n<td style=\"border: 1px solid #ddd; padding: 8px; width: 45%;\"><strong>Laius<\/strong><\/td>\n<td style=\"border: 1px solid #ddd; padding: 8px;\">2000mm<\/td>\n<\/tr>\n<tr>\n<td style=\"border: 1px solid #ddd; padding: 8px; width: 45%;\"><strong>Kaal<\/strong><\/td>\n<td style=\"border: 1px solid #ddd; padding: 8px;\">29kg<\/td>\n<\/tr>\n<tr>\n<td style=\"border: 1px solid #ddd; padding: 8px; width: 45%;\"><strong>Garantii<\/strong><\/td>\n<td style=\"border: 1px solid #ddd; padding: 8px;\">12 kuu varuosade garantii<\/td>\n<\/tr>\n<tr>\n<td style=\"border: 1px solid #ddd; padding: 8px; width: 45%;\"><strong>Mahutavus<\/strong><\/td>\n<td style=\"border: 1px solid #ddd; padding: 8px;\">9xGN1\/3<\/td>\n<\/tr>\n<tr>\n<td style=\"border: 1px solid #ddd; padding: 8px; width: 45%;\"><strong>Toiteallikas<\/strong><\/td>\n<td style=\"border: 1px solid #ddd; padding: 8px;\">230V \/ 1 faas<\/td>\n<\/tr>\n<tr>\n<td style=\"border: 1px solid #ddd; padding: 8px; width: 45%;\"><strong>V\u00f5imsus<\/strong><\/td>\n<td style=\"border: 1px solid #ddd; padding: 8px;\">185W<\/td>\n<\/tr>\n<tr>\n<td style=\"border: 1px solid #ddd; padding: 8px; width: 45%;\"><strong>Plaadi\/V\u00f5re suurus<\/strong><\/td>\n<td style=\"border: 1px solid #ddd; padding: 8px;\">GN1\/3<\/td>\n<\/tr>\n<tr>\n<td style=\"border: 1px solid #ddd; padding: 8px; width: 45%;\"><strong>Jahutamine<\/strong><\/td>\n<td style=\"border: 1px solid #ddd; padding: 8px;\">Staatiline<\/td>\n<\/tr>\n<tr>\n<td style=\"border: 1px solid #ddd; padding: 8px; width: 45%;\"><strong>Sulatamine<\/strong><\/td>\n<td style=\"border: 1px solid #ddd; padding: 8px;\">Automaatne<\/td>\n<\/tr>\n<tr>\n<td style=\"border: 1px solid #ddd; padding: 8px; width: 45%;\"><strong>K\u00fclmaaine<\/strong><\/td>\n<td style=\"border: 1px solid #ddd; padding: 8px;\">R600a<\/td>\n<\/tr>\n<tr>\n<td style=\"border: 1px solid #ddd; padding: 8px; width: 45%;\"><strong>Temperatuur<\/strong><\/td>\n<td style=\"border: 1px solid #ddd; padding: 8px;\">+2\u00b0C kuni +8\u00b0C<\/td>\n<\/tr>\n<tr>\n<td style=\"border: 1px solid #ddd; padding: 8px; width: 45%;\"><strong>Kontrollid<\/strong><\/td>\n<td style=\"border: 1px solid #ddd; padding: 8px;\">Digitaalne<\/td>\n<\/tr>\n<tr>\n<td style=\"border: 1px solid #ddd; padding: 8px; width: 45%;\"><strong>Maksimaalne temperatuur (ruum)<\/strong><\/td>\n<td style=\"border: 1px solid #ddd; padding: 8px;\">+48\u00b0C<\/td>\n<\/tr>\n<tr>\n<td style=\"border: 1px solid #ddd; padding: 8px; width: 45%;\"><strong>Materjal (v\u00e4limine)<\/strong><\/td>\n<td style=\"border: 1px solid #ddd; padding: 8px;\">Roostevaba teras<\/td>\n<\/tr>\n<tr>\n<td style=\"border: 1px solid #ddd; padding: 8px; width: 45%;\"><strong>Materjal (sisemine)<\/strong><\/td>\n<td style=\"border: 1px solid #ddd; padding: 8px;\">Roostevaba teras<\/td>\n<\/tr>\n<\/tbody>\n<\/table>\n","protected":false},"excerpt":{"rendered":"<p>See k\u00f5rgekvaliteediline jahutatud kattetopsi seade on loodud andma suurep\u00e4raseid tulemusi p\u00e4evast p\u00e4eva k\u00f5igis toitlustusasutustes. Ideaalne restoranidele, kiirtoidukohtadele, kaasaostupoodidele, delikatesstipoodidele, v\u00f5ileivabaaridele<\/p>\n","protected":false},"featured_media":32404,"template":"","meta":[],"product_brand":[],"product_cat":[564,690,628,569],"product_tag":[],"class_list":{"0":"post-32425","1":"product","2":"type-product","3":"status-publish","4":"has-post-thumbnail","6":"product_cat-jahutusseadmed","7":"product_cat-kaup-super-diiliga","8":"product_cat-lauapealsed-kulmletid-serveerimislauad","9":"product_cat-lopumuuk","11":"first","12":"instock","13":"sale","14":"taxable","15":"shipping-taxable","16":"purchasable","17":"product-type-simple"},"yoast_head":"<!-- This site is optimized with the Yoast SEO plugin v27.3 - https:\/\/yoast.com\/product\/yoast-seo-wordpress\/ -->\n<title>Vitriink\u00fclmik lauapealne 2000 mm 9xGN1\/3 s\u00fcgavus 380 mm roostevabast terasest kaanega | Adexa VRX2000380SS - Adexa \u2013 Suurk\u00f6\u00f6giseadmed restoranidele ja toitlustusele<\/title>\n<meta name=\"robots\" content=\"index, follow, max-snippet:-1, max-image-preview:large, max-video-preview:-1\" \/>\n<link rel=\"canonical\" href=\"https:\/\/adexa.ee\/toode\/vitriinkulmik-lauapealne-2000-mm-9xgn1-3-sugavus-380-mm-roostevabast-terasest-kaanega-adexa-vrx2000380ss\/\" \/>\n<meta property=\"og:locale\" content=\"en_US\" \/>\n<meta property=\"og:type\" content=\"article\" \/>\n<meta property=\"og:title\" content=\"Vitriink\u00fclmik lauapealne 2000 mm 9xGN1\/3 s\u00fcgavus 380 mm roostevabast terasest kaanega | Adexa VRX2000380SS - Adexa \u2013 Suurk\u00f6\u00f6giseadmed restoranidele ja toitlustusele\" \/>\n<meta property=\"og:description\" content=\"See k\u00f5rgekvaliteediline jahutatud kattetopsi seade on loodud andma suurep\u00e4raseid tulemusi p\u00e4evast p\u00e4eva k\u00f5igis toitlustusasutustes. Ideaalne restoranidele, kiirtoidukohtadele, kaasaostupoodidele, delikatesstipoodidele, v\u00f5ileivabaaridele\" \/>\n<meta property=\"og:url\" content=\"https:\/\/adexa.ee\/toode\/vitriinkulmik-lauapealne-2000-mm-9xgn1-3-sugavus-380-mm-roostevabast-terasest-kaanega-adexa-vrx2000380ss\/\" \/>\n<meta property=\"og:site_name\" content=\"Adexa \u2013 Suurk\u00f6\u00f6giseadmed restoranidele ja toitlustusele\" \/>\n<meta property=\"article:modified_time\" content=\"2026-03-26T09:25:10+00:00\" \/>\n<meta property=\"og:image\" content=\"https:\/\/adexa.ee\/wp-content\/uploads\/2025\/04\/VRXSS-scaled.jpg\" \/>\n\t<meta property=\"og:image:width\" content=\"2560\" \/>\n\t<meta property=\"og:image:height\" content=\"2560\" \/>\n\t<meta property=\"og:image:type\" content=\"image\/jpeg\" \/>\n<meta name=\"twitter:card\" content=\"summary_large_image\" \/>\n<meta name=\"twitter:label1\" content=\"Est. reading time\" \/>\n\t<meta name=\"twitter:data1\" content=\"1 minute\" \/>\n<script type=\"application\/ld+json\" class=\"yoast-schema-graph\">{\"@context\":\"https:\\\/\\\/schema.org\",\"@graph\":[{\"@type\":\"WebPage\",\"@id\":\"https:\\\/\\\/adexa.ee\\\/toode\\\/vitriinkulmik-lauapealne-2000-mm-9xgn1-3-sugavus-380-mm-roostevabast-terasest-kaanega-adexa-vrx2000380ss\\\/\",\"url\":\"https:\\\/\\\/adexa.ee\\\/toode\\\/vitriinkulmik-lauapealne-2000-mm-9xgn1-3-sugavus-380-mm-roostevabast-terasest-kaanega-adexa-vrx2000380ss\\\/\",\"name\":\"Vitriink\u00fclmik lauapealne 2000 mm 9xGN1\\\/3 s\u00fcgavus 380 mm roostevabast terasest kaanega | Adexa VRX2000380SS - Adexa \u2013 Suurk\u00f6\u00f6giseadmed restoranidele ja toitlustusele\",\"isPartOf\":{\"@id\":\"https:\\\/\\\/adexa.ee\\\/#website\"},\"primaryImageOfPage\":{\"@id\":\"https:\\\/\\\/adexa.ee\\\/toode\\\/vitriinkulmik-lauapealne-2000-mm-9xgn1-3-sugavus-380-mm-roostevabast-terasest-kaanega-adexa-vrx2000380ss\\\/#primaryimage\"},\"image\":{\"@id\":\"https:\\\/\\\/adexa.ee\\\/toode\\\/vitriinkulmik-lauapealne-2000-mm-9xgn1-3-sugavus-380-mm-roostevabast-terasest-kaanega-adexa-vrx2000380ss\\\/#primaryimage\"},\"thumbnailUrl\":\"https:\\\/\\\/adexa.ee\\\/wp-content\\\/uploads\\\/2025\\\/04\\\/VRXSS-scaled.jpg\",\"datePublished\":\"2026-03-26T09:25:08+00:00\",\"dateModified\":\"2026-03-26T09:25:10+00:00\",\"breadcrumb\":{\"@id\":\"https:\\\/\\\/adexa.ee\\\/toode\\\/vitriinkulmik-lauapealne-2000-mm-9xgn1-3-sugavus-380-mm-roostevabast-terasest-kaanega-adexa-vrx2000380ss\\\/#breadcrumb\"},\"inLanguage\":\"en-US\",\"potentialAction\":[{\"@type\":\"ReadAction\",\"target\":[\"https:\\\/\\\/adexa.ee\\\/toode\\\/vitriinkulmik-lauapealne-2000-mm-9xgn1-3-sugavus-380-mm-roostevabast-terasest-kaanega-adexa-vrx2000380ss\\\/\"]}]},{\"@type\":\"ImageObject\",\"inLanguage\":\"en-US\",\"@id\":\"https:\\\/\\\/adexa.ee\\\/toode\\\/vitriinkulmik-lauapealne-2000-mm-9xgn1-3-sugavus-380-mm-roostevabast-terasest-kaanega-adexa-vrx2000380ss\\\/#primaryimage\",\"url\":\"https:\\\/\\\/adexa.ee\\\/wp-content\\\/uploads\\\/2025\\\/04\\\/VRXSS-scaled.jpg\",\"contentUrl\":\"https:\\\/\\\/adexa.ee\\\/wp-content\\\/uploads\\\/2025\\\/04\\\/VRXSS-scaled.jpg\",\"width\":2560,\"height\":2560},{\"@type\":\"BreadcrumbList\",\"@id\":\"https:\\\/\\\/adexa.ee\\\/toode\\\/vitriinkulmik-lauapealne-2000-mm-9xgn1-3-sugavus-380-mm-roostevabast-terasest-kaanega-adexa-vrx2000380ss\\\/#breadcrumb\",\"itemListElement\":[{\"@type\":\"ListItem\",\"position\":1,\"name\":\"Home\",\"item\":\"https:\\\/\\\/adexa.ee\\\/\"},{\"@type\":\"ListItem\",\"position\":2,\"name\":\"Tooted\",\"item\":\"https:\\\/\\\/adexa.ee\\\/pood\\\/\"},{\"@type\":\"ListItem\",\"position\":3,\"name\":\"Vitriink\u00fclmik lauapealne 2000 mm 9xGN1\\\/3 s\u00fcgavus 380 mm roostevabast terasest kaanega | Adexa VRX2000380SS\"}]},{\"@type\":\"WebSite\",\"@id\":\"https:\\\/\\\/adexa.ee\\\/#website\",\"url\":\"https:\\\/\\\/adexa.ee\\\/\",\"name\":\"Adexa\",\"description\":\"\",\"publisher\":{\"@id\":\"https:\\\/\\\/adexa.ee\\\/#organization\"},\"potentialAction\":[{\"@type\":\"SearchAction\",\"target\":{\"@type\":\"EntryPoint\",\"urlTemplate\":\"https:\\\/\\\/adexa.ee\\\/?s={search_term_string}\"},\"query-input\":{\"@type\":\"PropertyValueSpecification\",\"valueRequired\":true,\"valueName\":\"search_term_string\"}}],\"inLanguage\":\"en-US\"},{\"@type\":\"Organization\",\"@id\":\"https:\\\/\\\/adexa.ee\\\/#organization\",\"name\":\"Adexa\",\"url\":\"https:\\\/\\\/adexa.ee\\\/\",\"logo\":{\"@type\":\"ImageObject\",\"inLanguage\":\"en-US\",\"@id\":\"https:\\\/\\\/adexa.ee\\\/#\\\/schema\\\/logo\\\/image\\\/\",\"url\":\"https:\\\/\\\/adexa.ee\\\/wp-content\\\/uploads\\\/2024\\\/04\\\/chef-cooks-working-in-professional-kitchen-2023-11-27-05-07-39-utc-scaled.jpg\",\"contentUrl\":\"https:\\\/\\\/adexa.ee\\\/wp-content\\\/uploads\\\/2024\\\/04\\\/chef-cooks-working-in-professional-kitchen-2023-11-27-05-07-39-utc-scaled.jpg\",\"width\":2560,\"height\":1708,\"caption\":\"Adexa\"},\"image\":{\"@id\":\"https:\\\/\\\/adexa.ee\\\/#\\\/schema\\\/logo\\\/image\\\/\"}}]}<\/script>\n<!-- \/ Yoast SEO plugin. -->","yoast_head_json":{"title":"Vitriink\u00fclmik lauapealne 2000 mm 9xGN1\/3 s\u00fcgavus 380 mm roostevabast terasest kaanega | Adexa VRX2000380SS - Adexa \u2013 Suurk\u00f6\u00f6giseadmed restoranidele ja toitlustusele","robots":{"index":"index","follow":"follow","max-snippet":"max-snippet:-1","max-image-preview":"max-image-preview:large","max-video-preview":"max-video-preview:-1"},"canonical":"https:\/\/adexa.ee\/toode\/vitriinkulmik-lauapealne-2000-mm-9xgn1-3-sugavus-380-mm-roostevabast-terasest-kaanega-adexa-vrx2000380ss\/","og_locale":"en_US","og_type":"article","og_title":"Vitriink\u00fclmik lauapealne 2000 mm 9xGN1\/3 s\u00fcgavus 380 mm roostevabast terasest kaanega | Adexa VRX2000380SS - Adexa \u2013 Suurk\u00f6\u00f6giseadmed restoranidele ja toitlustusele","og_description":"See k\u00f5rgekvaliteediline jahutatud kattetopsi seade on loodud andma suurep\u00e4raseid tulemusi p\u00e4evast p\u00e4eva k\u00f5igis toitlustusasutustes. Ideaalne restoranidele, kiirtoidukohtadele, kaasaostupoodidele, delikatesstipoodidele, v\u00f5ileivabaaridele","og_url":"https:\/\/adexa.ee\/toode\/vitriinkulmik-lauapealne-2000-mm-9xgn1-3-sugavus-380-mm-roostevabast-terasest-kaanega-adexa-vrx2000380ss\/","og_site_name":"Adexa \u2013 Suurk\u00f6\u00f6giseadmed restoranidele ja toitlustusele","article_modified_time":"2026-03-26T09:25:10+00:00","og_image":[{"width":2560,"height":2560,"url":"https:\/\/adexa.ee\/wp-content\/uploads\/2025\/04\/VRXSS-scaled.jpg","type":"image\/jpeg"}],"twitter_card":"summary_large_image","twitter_misc":{"Est. reading time":"1 minute"},"schema":{"@context":"https:\/\/schema.org","@graph":[{"@type":"WebPage","@id":"https:\/\/adexa.ee\/toode\/vitriinkulmik-lauapealne-2000-mm-9xgn1-3-sugavus-380-mm-roostevabast-terasest-kaanega-adexa-vrx2000380ss\/","url":"https:\/\/adexa.ee\/toode\/vitriinkulmik-lauapealne-2000-mm-9xgn1-3-sugavus-380-mm-roostevabast-terasest-kaanega-adexa-vrx2000380ss\/","name":"Vitriink\u00fclmik lauapealne 2000 mm 9xGN1\/3 s\u00fcgavus 380 mm roostevabast terasest kaanega | Adexa VRX2000380SS - Adexa \u2013 Suurk\u00f6\u00f6giseadmed restoranidele ja toitlustusele","isPartOf":{"@id":"https:\/\/adexa.ee\/#website"},"primaryImageOfPage":{"@id":"https:\/\/adexa.ee\/toode\/vitriinkulmik-lauapealne-2000-mm-9xgn1-3-sugavus-380-mm-roostevabast-terasest-kaanega-adexa-vrx2000380ss\/#primaryimage"},"image":{"@id":"https:\/\/adexa.ee\/toode\/vitriinkulmik-lauapealne-2000-mm-9xgn1-3-sugavus-380-mm-roostevabast-terasest-kaanega-adexa-vrx2000380ss\/#primaryimage"},"thumbnailUrl":"https:\/\/adexa.ee\/wp-content\/uploads\/2025\/04\/VRXSS-scaled.jpg","datePublished":"2026-03-26T09:25:08+00:00","dateModified":"2026-03-26T09:25:10+00:00","breadcrumb":{"@id":"https:\/\/adexa.ee\/toode\/vitriinkulmik-lauapealne-2000-mm-9xgn1-3-sugavus-380-mm-roostevabast-terasest-kaanega-adexa-vrx2000380ss\/#breadcrumb"},"inLanguage":"en-US","potentialAction":[{"@type":"ReadAction","target":["https:\/\/adexa.ee\/toode\/vitriinkulmik-lauapealne-2000-mm-9xgn1-3-sugavus-380-mm-roostevabast-terasest-kaanega-adexa-vrx2000380ss\/"]}]},{"@type":"ImageObject","inLanguage":"en-US","@id":"https:\/\/adexa.ee\/toode\/vitriinkulmik-lauapealne-2000-mm-9xgn1-3-sugavus-380-mm-roostevabast-terasest-kaanega-adexa-vrx2000380ss\/#primaryimage","url":"https:\/\/adexa.ee\/wp-content\/uploads\/2025\/04\/VRXSS-scaled.jpg","contentUrl":"https:\/\/adexa.ee\/wp-content\/uploads\/2025\/04\/VRXSS-scaled.jpg","width":2560,"height":2560},{"@type":"BreadcrumbList","@id":"https:\/\/adexa.ee\/toode\/vitriinkulmik-lauapealne-2000-mm-9xgn1-3-sugavus-380-mm-roostevabast-terasest-kaanega-adexa-vrx2000380ss\/#breadcrumb","itemListElement":[{"@type":"ListItem","position":1,"name":"Home","item":"https:\/\/adexa.ee\/"},{"@type":"ListItem","position":2,"name":"Tooted","item":"https:\/\/adexa.ee\/pood\/"},{"@type":"ListItem","position":3,"name":"Vitriink\u00fclmik lauapealne 2000 mm 9xGN1\/3 s\u00fcgavus 380 mm roostevabast terasest kaanega | Adexa VRX2000380SS"}]},{"@type":"WebSite","@id":"https:\/\/adexa.ee\/#website","url":"https:\/\/adexa.ee\/","name":"Adexa","description":"","publisher":{"@id":"https:\/\/adexa.ee\/#organization"},"potentialAction":[{"@type":"SearchAction","target":{"@type":"EntryPoint","urlTemplate":"https:\/\/adexa.ee\/?s={search_term_string}"},"query-input":{"@type":"PropertyValueSpecification","valueRequired":true,"valueName":"search_term_string"}}],"inLanguage":"en-US"},{"@type":"Organization","@id":"https:\/\/adexa.ee\/#organization","name":"Adexa","url":"https:\/\/adexa.ee\/","logo":{"@type":"ImageObject","inLanguage":"en-US","@id":"https:\/\/adexa.ee\/#\/schema\/logo\/image\/","url":"https:\/\/adexa.ee\/wp-content\/uploads\/2024\/04\/chef-cooks-working-in-professional-kitchen-2023-11-27-05-07-39-utc-scaled.jpg","contentUrl":"https:\/\/adexa.ee\/wp-content\/uploads\/2024\/04\/chef-cooks-working-in-professional-kitchen-2023-11-27-05-07-39-utc-scaled.jpg","width":2560,"height":1708,"caption":"Adexa"},"image":{"@id":"https:\/\/adexa.ee\/#\/schema\/logo\/image\/"}}]}},"_links":{"self":[{"href":"https:\/\/adexa.ee\/en\/wp-json\/wp\/v2\/product\/32425","targetHints":{"allow":["GET"]}}],"collection":[{"href":"https:\/\/adexa.ee\/en\/wp-json\/wp\/v2\/product"}],"about":[{"href":"https:\/\/adexa.ee\/en\/wp-json\/wp\/v2\/types\/product"}],"wp:featuredmedia":[{"embeddable":true,"href":"https:\/\/adexa.ee\/en\/wp-json\/wp\/v2\/media\/32404"}],"wp:attachment":[{"href":"https:\/\/adexa.ee\/en\/wp-json\/wp\/v2\/media?parent=32425"}],"wp:term":[{"taxonomy":"product_brand","embeddable":true,"href":"https:\/\/adexa.ee\/en\/wp-json\/wp\/v2\/product_brand?post=32425"},{"taxonomy":"product_cat","embeddable":true,"href":"https:\/\/adexa.ee\/en\/wp-json\/wp\/v2\/product_cat?post=32425"},{"taxonomy":"product_tag","embeddable":true,"href":"https:\/\/adexa.ee\/en\/wp-json\/wp\/v2\/product_tag?post=32425"}],"curies":[{"name":"wp","href":"https:\/\/api.w.org\/{rel}","templated":true}]}}