{"id":32591,"date":"2026-03-30T08:45:46","date_gmt":"2026-03-30T05:45:46","guid":{"rendered":"https:\/\/adexa.ee\/toode\/professionaalne-spiraalne-taignasegisti-60-liitrit-fikseeritud-pea-fikseeritud-kauss-2-kiirust-380v-3-faasi-adexa-sh60\/"},"modified":"2026-03-30T08:45:46","modified_gmt":"2026-03-30T05:45:46","slug":"professionaalne-spiraalne-taignasegaja-60-liitrit-fikseeritud-pea-fikseeritud-kauss-2-kiirust-380v-3-faasi-adexa-sh60","status":"publish","type":"product","link":"https:\/\/adexa.ee\/en\/toode\/professionaalne-spiraalne-taignasegaja-60-liitrit-fikseeritud-pea-fikseeritud-kauss-2-kiirust-380v-3-faasi-adexa-sh60\/","title":{"rendered":"Professionaalne spiraalne taignasegaja 60 liitrit Fikseeritud pea Fikseeritud kauss 2 kiirust 380V\/3 faasi | Adexa SH60"},"content":{"rendered":"<p>Sellel professionaalsel taignas\u00f5tkuril p\u00f6\u00f6rlevad nii segistikauss kui ka segisti koos, suurendades sellega oluliselt segamiste kiirust ja efektiivsust. See kommertslik taignasegamismasin on varustatud kaitsekorgiga, on lihtsalt kasutatav ja ohutu &#8211; roostevabast terasest ohutuskate toimib ka v\u00e4ljal\u00fclitusena. See on \u00e4\u00e4rmiselt vastupidav ja lihtne puhastada, sobides jahu segamiseks hotellides, restoranides, pizzeriates ja avalikes s\u00f6\u00f6klates. Ideaalne pitsataigna jaoks. Kaasas v\u00e4ga tugev roostevabast terasest taignakonks. Segisti tugev ja kindel alus tagab erakordse stabiilsuse.2 kiirustKaussi kiirus: 12\/25 RPMKonksu kiirus: 125\/250 RPM880x530x920mm2400W60L mahutavus25kg jahuDokumendidKl\u00f5psa siia, et alla laadida kasutusjuhendPalun vaata jaotist &#8216;Spetsifikatsioon&#8217; detailse teabe saamiseks.<\/p>\n<table style=\"border-collapse: collapse; width: 100%; text-align: left;\">\n<tbody>\n<tr>\n<td style=\"border: 1px solid #ddd; padding: 8px; width: 45%;\"><strong>S\u00fcgavus<\/strong><\/td>\n<td style=\"border: 1px solid #ddd; padding: 8px;\">530mm<\/td>\n<\/tr>\n<tr>\n<td style=\"border: 1px solid #ddd; padding: 8px; width: 45%;\"><strong>K\u00f5rgus<\/strong><\/td>\n<td style=\"border: 1px solid #ddd; padding: 8px;\">920 mm<\/td>\n<\/tr>\n<tr>\n<td style=\"border: 1px solid #ddd; padding: 8px; width: 45%;\"><strong>Laius<\/strong><\/td>\n<td style=\"border: 1px solid #ddd; padding: 8px;\">880 mm<\/td>\n<\/tr>\n<tr>\n<td style=\"border: 1px solid #ddd; padding: 8px; width: 45%;\"><strong>Kaal<\/strong><\/td>\n<td style=\"border: 1px solid #ddd; padding: 8px;\">178 kg<\/td>\n<\/tr>\n<tr>\n<td style=\"border: 1px solid #ddd; padding: 8px; width: 45%;\"><strong>Garantii<\/strong><\/td>\n<td style=\"border: 1px solid #ddd; padding: 8px;\">12 kuu varuosade garantii<\/td>\n<\/tr>\n<tr>\n<td style=\"border: 1px solid #ddd; padding: 8px; width: 45%;\"><strong>Mahutavus<\/strong><\/td>\n<td style=\"border: 1px solid #ddd; padding: 8px;\">60 liitrit \/ 25 kg jahu<\/td>\n<\/tr>\n<tr>\n<td style=\"border: 1px solid #ddd; padding: 8px; width: 45%;\"><strong>Toiteallikas<\/strong><\/td>\n<td style=\"border: 1px solid #ddd; padding: 8px;\">380V \/ 3 faasi<\/td>\n<\/tr>\n<tr>\n<td style=\"border: 1px solid #ddd; padding: 8px; width: 45%;\"><strong>V\u00f5imsus<\/strong><\/td>\n<td style=\"border: 1px solid #ddd; padding: 8px;\">2400W<\/td>\n<\/tr>\n<tr>\n<td style=\"border: 1px solid #ddd; padding: 8px; width: 45%;\"><strong>Materjal<\/strong><\/td>\n<td style=\"border: 1px solid #ddd; padding: 8px;\">Konks ja kauss, m\u00f5lemad valmistatud kvaliteetsest roostevabast terasest<\/td>\n<\/tr>\n<tr>\n<td style=\"border: 1px solid #ddd; padding: 8px; width: 45%;\"><strong>Kiirused<\/strong><\/td>\n<td style=\"border: 1px solid #ddd; padding: 8px;\">2<\/td>\n<\/tr>\n<tr>\n<td style=\"border: 1px solid #ddd; padding: 8px; width: 45%;\"><strong>P\/min<\/strong><\/td>\n<td style=\"border: 1px solid #ddd; padding: 8px;\">125 ja 250 (konks) \/ 12 ja 25 (kauss)<\/td>\n<\/tr>\n<\/tbody>\n<\/table>\n","protected":false},"excerpt":{"rendered":"<p>Sellel professionaalsel taignas\u00f5tkuril p\u00f6\u00f6rlevad nii segistikauss kui ka segisti koos, suurendades sellega oluliselt segamiste kiirust ja efektiivsust. See kommertslik taignasegamismasin<\/p>\n","protected":false},"featured_media":32593,"template":"","meta":[],"product_brand":[],"product_cat":[714,664,734,732,814],"product_tag":[],"class_list":{"0":"post-32591","1":"product","2":"type-product","3":"status-publish","4":"has-post-thumbnail","6":"product_cat-ettevalmistus","7":"product_cat-pitsa-ja-grill","8":"product_cat-spiraalmikserid-taignasegajad","9":"product_cat-taigna-sotkumis-ja-segamismasinad","10":"product_cat-taignasegajad-spiraalmikserid-taignasegajad","12":"first","13":"instock","14":"sale","15":"taxable","16":"shipping-taxable","17":"purchasable","18":"product-type-simple"},"yoast_head":"<!-- This site is optimized with the Yoast SEO plugin v27.3 - https:\/\/yoast.com\/product\/yoast-seo-wordpress\/ -->\n<title>Professionaalne spiraalne taignasegaja 60 liitrit Fikseeritud pea Fikseeritud kauss 2 kiirust 380V\/3 faasi | Adexa SH60 - Adexa \u2013 Suurk\u00f6\u00f6giseadmed restoranidele ja toitlustusele<\/title>\n<meta name=\"robots\" content=\"index, follow, max-snippet:-1, max-image-preview:large, max-video-preview:-1\" \/>\n<link rel=\"canonical\" href=\"https:\/\/adexa.ee\/toode\/professionaalne-spiraalne-taignasegaja-60-liitrit-fikseeritud-pea-fikseeritud-kauss-2-kiirust-380v-3-faasi-adexa-sh60\/\" \/>\n<meta property=\"og:locale\" content=\"en_US\" \/>\n<meta property=\"og:type\" content=\"article\" \/>\n<meta property=\"og:title\" content=\"Professionaalne spiraalne taignasegaja 60 liitrit Fikseeritud pea Fikseeritud kauss 2 kiirust 380V\/3 faasi | Adexa SH60 - Adexa \u2013 Suurk\u00f6\u00f6giseadmed restoranidele ja toitlustusele\" \/>\n<meta property=\"og:description\" content=\"Sellel professionaalsel taignas\u00f5tkuril p\u00f6\u00f6rlevad nii segistikauss kui ka segisti koos, suurendades sellega oluliselt segamiste kiirust ja efektiivsust. See kommertslik taignasegamismasin\" \/>\n<meta property=\"og:url\" content=\"https:\/\/adexa.ee\/toode\/professionaalne-spiraalne-taignasegaja-60-liitrit-fikseeritud-pea-fikseeritud-kauss-2-kiirust-380v-3-faasi-adexa-sh60\/\" \/>\n<meta property=\"og:site_name\" content=\"Adexa \u2013 Suurk\u00f6\u00f6giseadmed restoranidele ja toitlustusele\" \/>\n<meta property=\"og:image\" content=\"https:\/\/adexa.ee\/wp-content\/uploads\/2025\/04\/SH40.jpg\" \/>\n\t<meta property=\"og:image:width\" content=\"1500\" \/>\n\t<meta property=\"og:image:height\" content=\"1500\" \/>\n\t<meta property=\"og:image:type\" content=\"image\/jpeg\" \/>\n<meta name=\"twitter:card\" content=\"summary_large_image\" \/>\n<meta name=\"twitter:label1\" content=\"Est. reading time\" \/>\n\t<meta name=\"twitter:data1\" content=\"1 minute\" \/>\n<script type=\"application\/ld+json\" class=\"yoast-schema-graph\">{\"@context\":\"https:\\\/\\\/schema.org\",\"@graph\":[{\"@type\":\"WebPage\",\"@id\":\"https:\\\/\\\/adexa.ee\\\/toode\\\/professionaalne-spiraalne-taignasegaja-60-liitrit-fikseeritud-pea-fikseeritud-kauss-2-kiirust-380v-3-faasi-adexa-sh60\\\/\",\"url\":\"https:\\\/\\\/adexa.ee\\\/toode\\\/professionaalne-spiraalne-taignasegaja-60-liitrit-fikseeritud-pea-fikseeritud-kauss-2-kiirust-380v-3-faasi-adexa-sh60\\\/\",\"name\":\"Professionaalne spiraalne taignasegaja 60 liitrit Fikseeritud pea Fikseeritud kauss 2 kiirust 380V\\\/3 faasi | Adexa SH60 - Adexa \u2013 Suurk\u00f6\u00f6giseadmed restoranidele ja toitlustusele\",\"isPartOf\":{\"@id\":\"https:\\\/\\\/adexa.ee\\\/#website\"},\"primaryImageOfPage\":{\"@id\":\"https:\\\/\\\/adexa.ee\\\/toode\\\/professionaalne-spiraalne-taignasegaja-60-liitrit-fikseeritud-pea-fikseeritud-kauss-2-kiirust-380v-3-faasi-adexa-sh60\\\/#primaryimage\"},\"image\":{\"@id\":\"https:\\\/\\\/adexa.ee\\\/toode\\\/professionaalne-spiraalne-taignasegaja-60-liitrit-fikseeritud-pea-fikseeritud-kauss-2-kiirust-380v-3-faasi-adexa-sh60\\\/#primaryimage\"},\"thumbnailUrl\":\"https:\\\/\\\/adexa.ee\\\/wp-content\\\/uploads\\\/2025\\\/04\\\/SH40.jpg\",\"datePublished\":\"2026-03-30T05:45:46+00:00\",\"breadcrumb\":{\"@id\":\"https:\\\/\\\/adexa.ee\\\/toode\\\/professionaalne-spiraalne-taignasegaja-60-liitrit-fikseeritud-pea-fikseeritud-kauss-2-kiirust-380v-3-faasi-adexa-sh60\\\/#breadcrumb\"},\"inLanguage\":\"en-US\",\"potentialAction\":[{\"@type\":\"ReadAction\",\"target\":[\"https:\\\/\\\/adexa.ee\\\/toode\\\/professionaalne-spiraalne-taignasegaja-60-liitrit-fikseeritud-pea-fikseeritud-kauss-2-kiirust-380v-3-faasi-adexa-sh60\\\/\"]}]},{\"@type\":\"ImageObject\",\"inLanguage\":\"en-US\",\"@id\":\"https:\\\/\\\/adexa.ee\\\/toode\\\/professionaalne-spiraalne-taignasegaja-60-liitrit-fikseeritud-pea-fikseeritud-kauss-2-kiirust-380v-3-faasi-adexa-sh60\\\/#primaryimage\",\"url\":\"https:\\\/\\\/adexa.ee\\\/wp-content\\\/uploads\\\/2025\\\/04\\\/SH40.jpg\",\"contentUrl\":\"https:\\\/\\\/adexa.ee\\\/wp-content\\\/uploads\\\/2025\\\/04\\\/SH40.jpg\",\"width\":1500,\"height\":1500},{\"@type\":\"BreadcrumbList\",\"@id\":\"https:\\\/\\\/adexa.ee\\\/toode\\\/professionaalne-spiraalne-taignasegaja-60-liitrit-fikseeritud-pea-fikseeritud-kauss-2-kiirust-380v-3-faasi-adexa-sh60\\\/#breadcrumb\",\"itemListElement\":[{\"@type\":\"ListItem\",\"position\":1,\"name\":\"Home\",\"item\":\"https:\\\/\\\/adexa.ee\\\/\"},{\"@type\":\"ListItem\",\"position\":2,\"name\":\"Tooted\",\"item\":\"https:\\\/\\\/adexa.ee\\\/pood\\\/\"},{\"@type\":\"ListItem\",\"position\":3,\"name\":\"Professionaalne spiraalne taignasegaja 60 liitrit Fikseeritud pea Fikseeritud kauss 2 kiirust 380V\\\/3 faasi | Adexa SH60\"}]},{\"@type\":\"WebSite\",\"@id\":\"https:\\\/\\\/adexa.ee\\\/#website\",\"url\":\"https:\\\/\\\/adexa.ee\\\/\",\"name\":\"Adexa\",\"description\":\"\",\"publisher\":{\"@id\":\"https:\\\/\\\/adexa.ee\\\/#organization\"},\"potentialAction\":[{\"@type\":\"SearchAction\",\"target\":{\"@type\":\"EntryPoint\",\"urlTemplate\":\"https:\\\/\\\/adexa.ee\\\/?s={search_term_string}\"},\"query-input\":{\"@type\":\"PropertyValueSpecification\",\"valueRequired\":true,\"valueName\":\"search_term_string\"}}],\"inLanguage\":\"en-US\"},{\"@type\":\"Organization\",\"@id\":\"https:\\\/\\\/adexa.ee\\\/#organization\",\"name\":\"Adexa\",\"url\":\"https:\\\/\\\/adexa.ee\\\/\",\"logo\":{\"@type\":\"ImageObject\",\"inLanguage\":\"en-US\",\"@id\":\"https:\\\/\\\/adexa.ee\\\/#\\\/schema\\\/logo\\\/image\\\/\",\"url\":\"https:\\\/\\\/adexa.ee\\\/wp-content\\\/uploads\\\/2024\\\/04\\\/chef-cooks-working-in-professional-kitchen-2023-11-27-05-07-39-utc-scaled.jpg\",\"contentUrl\":\"https:\\\/\\\/adexa.ee\\\/wp-content\\\/uploads\\\/2024\\\/04\\\/chef-cooks-working-in-professional-kitchen-2023-11-27-05-07-39-utc-scaled.jpg\",\"width\":2560,\"height\":1708,\"caption\":\"Adexa\"},\"image\":{\"@id\":\"https:\\\/\\\/adexa.ee\\\/#\\\/schema\\\/logo\\\/image\\\/\"}}]}<\/script>\n<!-- \/ Yoast SEO plugin. -->","yoast_head_json":{"title":"Professionaalne spiraalne taignasegaja 60 liitrit Fikseeritud pea Fikseeritud kauss 2 kiirust 380V\/3 faasi | Adexa SH60 - Adexa \u2013 Suurk\u00f6\u00f6giseadmed restoranidele ja toitlustusele","robots":{"index":"index","follow":"follow","max-snippet":"max-snippet:-1","max-image-preview":"max-image-preview:large","max-video-preview":"max-video-preview:-1"},"canonical":"https:\/\/adexa.ee\/toode\/professionaalne-spiraalne-taignasegaja-60-liitrit-fikseeritud-pea-fikseeritud-kauss-2-kiirust-380v-3-faasi-adexa-sh60\/","og_locale":"en_US","og_type":"article","og_title":"Professionaalne spiraalne taignasegaja 60 liitrit Fikseeritud pea Fikseeritud kauss 2 kiirust 380V\/3 faasi | Adexa SH60 - Adexa \u2013 Suurk\u00f6\u00f6giseadmed restoranidele ja toitlustusele","og_description":"Sellel professionaalsel taignas\u00f5tkuril p\u00f6\u00f6rlevad nii segistikauss kui ka segisti koos, suurendades sellega oluliselt segamiste kiirust ja efektiivsust. See kommertslik taignasegamismasin","og_url":"https:\/\/adexa.ee\/toode\/professionaalne-spiraalne-taignasegaja-60-liitrit-fikseeritud-pea-fikseeritud-kauss-2-kiirust-380v-3-faasi-adexa-sh60\/","og_site_name":"Adexa \u2013 Suurk\u00f6\u00f6giseadmed restoranidele ja toitlustusele","og_image":[{"width":1500,"height":1500,"url":"https:\/\/adexa.ee\/wp-content\/uploads\/2025\/04\/SH40.jpg","type":"image\/jpeg"}],"twitter_card":"summary_large_image","twitter_misc":{"Est. reading time":"1 minute"},"schema":{"@context":"https:\/\/schema.org","@graph":[{"@type":"WebPage","@id":"https:\/\/adexa.ee\/toode\/professionaalne-spiraalne-taignasegaja-60-liitrit-fikseeritud-pea-fikseeritud-kauss-2-kiirust-380v-3-faasi-adexa-sh60\/","url":"https:\/\/adexa.ee\/toode\/professionaalne-spiraalne-taignasegaja-60-liitrit-fikseeritud-pea-fikseeritud-kauss-2-kiirust-380v-3-faasi-adexa-sh60\/","name":"Professionaalne spiraalne taignasegaja 60 liitrit Fikseeritud pea Fikseeritud kauss 2 kiirust 380V\/3 faasi | Adexa SH60 - Adexa \u2013 Suurk\u00f6\u00f6giseadmed restoranidele ja toitlustusele","isPartOf":{"@id":"https:\/\/adexa.ee\/#website"},"primaryImageOfPage":{"@id":"https:\/\/adexa.ee\/toode\/professionaalne-spiraalne-taignasegaja-60-liitrit-fikseeritud-pea-fikseeritud-kauss-2-kiirust-380v-3-faasi-adexa-sh60\/#primaryimage"},"image":{"@id":"https:\/\/adexa.ee\/toode\/professionaalne-spiraalne-taignasegaja-60-liitrit-fikseeritud-pea-fikseeritud-kauss-2-kiirust-380v-3-faasi-adexa-sh60\/#primaryimage"},"thumbnailUrl":"https:\/\/adexa.ee\/wp-content\/uploads\/2025\/04\/SH40.jpg","datePublished":"2026-03-30T05:45:46+00:00","breadcrumb":{"@id":"https:\/\/adexa.ee\/toode\/professionaalne-spiraalne-taignasegaja-60-liitrit-fikseeritud-pea-fikseeritud-kauss-2-kiirust-380v-3-faasi-adexa-sh60\/#breadcrumb"},"inLanguage":"en-US","potentialAction":[{"@type":"ReadAction","target":["https:\/\/adexa.ee\/toode\/professionaalne-spiraalne-taignasegaja-60-liitrit-fikseeritud-pea-fikseeritud-kauss-2-kiirust-380v-3-faasi-adexa-sh60\/"]}]},{"@type":"ImageObject","inLanguage":"en-US","@id":"https:\/\/adexa.ee\/toode\/professionaalne-spiraalne-taignasegaja-60-liitrit-fikseeritud-pea-fikseeritud-kauss-2-kiirust-380v-3-faasi-adexa-sh60\/#primaryimage","url":"https:\/\/adexa.ee\/wp-content\/uploads\/2025\/04\/SH40.jpg","contentUrl":"https:\/\/adexa.ee\/wp-content\/uploads\/2025\/04\/SH40.jpg","width":1500,"height":1500},{"@type":"BreadcrumbList","@id":"https:\/\/adexa.ee\/toode\/professionaalne-spiraalne-taignasegaja-60-liitrit-fikseeritud-pea-fikseeritud-kauss-2-kiirust-380v-3-faasi-adexa-sh60\/#breadcrumb","itemListElement":[{"@type":"ListItem","position":1,"name":"Home","item":"https:\/\/adexa.ee\/"},{"@type":"ListItem","position":2,"name":"Tooted","item":"https:\/\/adexa.ee\/pood\/"},{"@type":"ListItem","position":3,"name":"Professionaalne spiraalne taignasegaja 60 liitrit Fikseeritud pea Fikseeritud kauss 2 kiirust 380V\/3 faasi | Adexa SH60"}]},{"@type":"WebSite","@id":"https:\/\/adexa.ee\/#website","url":"https:\/\/adexa.ee\/","name":"Adexa","description":"","publisher":{"@id":"https:\/\/adexa.ee\/#organization"},"potentialAction":[{"@type":"SearchAction","target":{"@type":"EntryPoint","urlTemplate":"https:\/\/adexa.ee\/?s={search_term_string}"},"query-input":{"@type":"PropertyValueSpecification","valueRequired":true,"valueName":"search_term_string"}}],"inLanguage":"en-US"},{"@type":"Organization","@id":"https:\/\/adexa.ee\/#organization","name":"Adexa","url":"https:\/\/adexa.ee\/","logo":{"@type":"ImageObject","inLanguage":"en-US","@id":"https:\/\/adexa.ee\/#\/schema\/logo\/image\/","url":"https:\/\/adexa.ee\/wp-content\/uploads\/2024\/04\/chef-cooks-working-in-professional-kitchen-2023-11-27-05-07-39-utc-scaled.jpg","contentUrl":"https:\/\/adexa.ee\/wp-content\/uploads\/2024\/04\/chef-cooks-working-in-professional-kitchen-2023-11-27-05-07-39-utc-scaled.jpg","width":2560,"height":1708,"caption":"Adexa"},"image":{"@id":"https:\/\/adexa.ee\/#\/schema\/logo\/image\/"}}]}},"_links":{"self":[{"href":"https:\/\/adexa.ee\/en\/wp-json\/wp\/v2\/product\/32591","targetHints":{"allow":["GET"]}}],"collection":[{"href":"https:\/\/adexa.ee\/en\/wp-json\/wp\/v2\/product"}],"about":[{"href":"https:\/\/adexa.ee\/en\/wp-json\/wp\/v2\/types\/product"}],"wp:featuredmedia":[{"embeddable":true,"href":"https:\/\/adexa.ee\/en\/wp-json\/wp\/v2\/media\/32593"}],"wp:attachment":[{"href":"https:\/\/adexa.ee\/en\/wp-json\/wp\/v2\/media?parent=32591"}],"wp:term":[{"taxonomy":"product_brand","embeddable":true,"href":"https:\/\/adexa.ee\/en\/wp-json\/wp\/v2\/product_brand?post=32591"},{"taxonomy":"product_cat","embeddable":true,"href":"https:\/\/adexa.ee\/en\/wp-json\/wp\/v2\/product_cat?post=32591"},{"taxonomy":"product_tag","embeddable":true,"href":"https:\/\/adexa.ee\/en\/wp-json\/wp\/v2\/product_tag?post=32591"}],"curies":[{"name":"wp","href":"https:\/\/api.w.org\/{rel}","templated":true}]}}