{"id":32608,"date":"2026-03-27T15:25:53","date_gmt":"2026-03-27T13:25:53","guid":{"rendered":"https:\/\/adexa.ee\/toode\/kiirkulmutuskapp-sokk-kulmik-5xgn1-1-400x600mm-20-15kg-adexa-bcf20\/"},"modified":"2026-03-27T15:25:53","modified_gmt":"2026-03-27T13:25:53","slug":"kiirkulmutuskapp-sokk-kulmik-5xgn1-1-400x600mm-20-15kg-adexa-bcf20","status":"publish","type":"product","link":"https:\/\/adexa.ee\/en\/toode\/kiirkulmutuskapp-sokk-kulmik-5xgn1-1-400x600mm-20-15kg-adexa-bcf20\/","title":{"rendered":"Kiirk\u00fclmutuskapp\/\u0160okk-k\u00fclmik 5xGN1\/1 + 400x600mm 20\/15KG | Adexa BCF20"},"content":{"rendered":"<p>Premium klassi kaubanduslik kiirk\u00fclmutuskapp \/ \u0161okk-k\u00fclmik. Toidu temperatuuri kiiremini langetades kui tavalised k\u00fclmikud, tagab professionaalne kiirk\u00fclmutuskapp, et teie toidud s\u00e4ilitavad oma maitse, tekstuuri ja toitev\u00e4\u00e4rtuse jahtumisel. Lisaks aitab kiirk\u00fclmik teil j\u00e4rgida restorani ja toitlustuse toiduh\u00fcgieeni eeskirju. Kogu struktuur ASIS304 roostevabast terasest, nii sisemiselt kui ka v\u00e4liselt. \u00dcmarad sisemised servad lihtsaks puhastamiseks. Ise sulguvad uksed kergesti puhastatava ja vahetatava magnetilise tihendiga. S\u00fcdamikutemperatuuri sond. 75 mm isolatsioon suurep\u00e4rase soojusefektiivsuse tagamiseks. Ventileeritud k\u00fclmutuss\u00fcsteem. Danfoss k\u00fclmutuskomponendid. Kvaliteetne kompressor ja ventilaator. Freoonivaba k\u00fclmutusagens ja vaht. Mahutavus 5 x Gastronorm 1\/1 pannid v\u00f5i EN1\/1 pannid (600x400mm) 40mm s\u00fcgavusega. Mahutavus 3 x Gastronorm 1\/1 pannid v\u00f5i EN1\/1 pannid (600x400mm) 65mm s\u00fcgavusega. Kiirk\u00fclmutus. Kiirk\u00fclmutamise ts\u00fcklis langeb toote temperatuur +70C kuni +3C 90 minutiga. \u00dcleminek +65C kuni +10C, mis on ideaalne kliima bakterite vohamiseks, toimub eriti kiiresti, et v\u00e4ltida mis tahes paljunemist. \u0160okk-k\u00fclmutus. \u0160okk-k\u00fclmutus saavutatakse v\u00e4ga kiire k\u00fclma tootmisega, mis v\u00f5imaldab mikrokristallide tootmist, s\u00e4ilitades toiduainete rakud v\u00f5imalikult optimaalselt. \u0160okk-k\u00fclmutus alandab temperatuuri +70C kuni -18C maksimaalselt 240 minutiga. Dokumentatsioon: Kl\u00f5psake siin, et alla laadida kasutusjuhend. Lisateabe saamiseks vaadake allpool &#8220;Spetsifikatsioon&#8221;.<\/p>\n<table style=\"border-collapse: collapse; width: 100%; text-align: left;\">\n<tbody>\n<tr>\n<td style=\"border: 1px solid #ddd; padding: 8px; width: 45%;\"><strong>S\u00fcgavus<\/strong><\/td>\n<td style=\"border: 1px solid #ddd; padding: 8px;\">800mm<\/td>\n<\/tr>\n<tr>\n<td style=\"border: 1px solid #ddd; padding: 8px; width: 45%;\"><strong>K\u00f5rgus<\/strong><\/td>\n<td style=\"border: 1px solid #ddd; padding: 8px;\">930 mm<\/td>\n<\/tr>\n<tr>\n<td style=\"border: 1px solid #ddd; padding: 8px; width: 45%;\"><strong>Laius<\/strong><\/td>\n<td style=\"border: 1px solid #ddd; padding: 8px;\">800mm<\/td>\n<\/tr>\n<tr>\n<td style=\"border: 1px solid #ddd; padding: 8px; width: 45%;\"><strong>Kaal<\/strong><\/td>\n<td style=\"border: 1px solid #ddd; padding: 8px;\">122 kg<\/td>\n<\/tr>\n<tr>\n<td style=\"border: 1px solid #ddd; padding: 8px; width: 45%;\"><strong>Garantii<\/strong><\/td>\n<td style=\"border: 1px solid #ddd; padding: 8px;\">12 kuu varuosade garantii<\/td>\n<\/tr>\n<tr>\n<td style=\"border: 1px solid #ddd; padding: 8px; width: 45%;\"><strong>Mahutavus<\/strong><\/td>\n<td style=\"border: 1px solid #ddd; padding: 8px;\">5xGN1\/1 v\u00f5i 600x400mm<\/td>\n<\/tr>\n<tr>\n<td style=\"border: 1px solid #ddd; padding: 8px; width: 45%;\"><strong>Toiteallikas<\/strong><\/td>\n<td style=\"border: 1px solid #ddd; padding: 8px;\">230V \/ 1 faas<\/td>\n<\/tr>\n<tr>\n<td style=\"border: 1px solid #ddd; padding: 8px; width: 45%;\"><strong>V\u00f5imsus<\/strong><\/td>\n<td style=\"border: 1px solid #ddd; padding: 8px;\">1200W<\/td>\n<\/tr>\n<tr>\n<td style=\"border: 1px solid #ddd; padding: 8px; width: 45%;\"><strong>Plaadi\/V\u00f5re suurus<\/strong><\/td>\n<td style=\"border: 1px solid #ddd; padding: 8px;\">GN1\/1 \/ 600x400mm<\/td>\n<\/tr>\n<tr>\n<td style=\"border: 1px solid #ddd; padding: 8px; width: 45%;\"><strong>Jahutamine<\/strong><\/td>\n<td style=\"border: 1px solid #ddd; padding: 8px;\">Ventileeritud<\/td>\n<\/tr>\n<tr>\n<td style=\"border: 1px solid #ddd; padding: 8px; width: 45%;\"><strong>K\u00fclmaaine<\/strong><\/td>\n<td style=\"border: 1px solid #ddd; padding: 8px;\">R290a<\/td>\n<\/tr>\n<tr>\n<td style=\"border: 1px solid #ddd; padding: 8px; width: 45%;\"><strong>Maksimaalne temperatuur (ruum)<\/strong><\/td>\n<td style=\"border: 1px solid #ddd; padding: 8px;\">+38\u00b0C<\/td>\n<\/tr>\n<tr>\n<td style=\"border: 1px solid #ddd; padding: 8px; width: 45%;\"><strong>Jahutamine<\/strong><\/td>\n<td style=\"border: 1px solid #ddd; padding: 8px;\">+70\u00b0C kuni +3\u00b0C 90 minutiga (20kg)<\/td>\n<\/tr>\n<tr>\n<td style=\"border: 1px solid #ddd; padding: 8px; width: 45%;\"><strong>K\u00fclmutamine<\/strong><\/td>\n<td style=\"border: 1px solid #ddd; padding: 8px;\">+70\u00b0C kuni -18\u00b0C 90 minutiga (15 kg)<\/td>\n<\/tr>\n<\/tbody>\n<\/table>\n","protected":false},"excerpt":{"rendered":"<p>Premium klassi kaubanduslik kiirk\u00fclmutuskapp \/ \u0161okk-k\u00fclmik. Toidu temperatuuri kiiremini langetades kui tavalised k\u00fclmikud, tagab professionaalne kiirk\u00fclmutuskapp, et teie toidud s\u00e4ilitavad<\/p>\n","protected":false},"featured_media":32610,"template":"","meta":[],"product_brand":[],"product_cat":[564,865,569],"product_tag":[],"class_list":{"0":"post-32608","1":"product","2":"type-product","3":"status-publish","4":"has-post-thumbnail","6":"product_cat-jahutusseadmed","7":"product_cat-kiirjahutusseadmed","8":"product_cat-lopumuuk","10":"first","11":"instock","12":"sale","13":"taxable","14":"shipping-taxable","15":"purchasable","16":"product-type-simple"},"yoast_head":"<!-- This site is optimized with the Yoast SEO plugin v27.3 - https:\/\/yoast.com\/product\/yoast-seo-wordpress\/ -->\n<title>Kiirk\u00fclmutuskapp\/\u0160okk-k\u00fclmik 5xGN1\/1 + 400x600mm 20\/15KG | Adexa BCF20 - Adexa \u2013 Suurk\u00f6\u00f6giseadmed restoranidele ja toitlustusele<\/title>\n<meta name=\"robots\" content=\"index, follow, max-snippet:-1, max-image-preview:large, max-video-preview:-1\" \/>\n<link rel=\"canonical\" href=\"https:\/\/adexa.ee\/toode\/kiirkulmutuskapp-sokk-kulmik-5xgn1-1-400x600mm-20-15kg-adexa-bcf20\/\" \/>\n<meta property=\"og:locale\" content=\"en_US\" \/>\n<meta property=\"og:type\" content=\"article\" \/>\n<meta property=\"og:title\" content=\"Kiirk\u00fclmutuskapp\/\u0160okk-k\u00fclmik 5xGN1\/1 + 400x600mm 20\/15KG | Adexa BCF20 - Adexa \u2013 Suurk\u00f6\u00f6giseadmed restoranidele ja toitlustusele\" \/>\n<meta property=\"og:description\" content=\"Premium klassi kaubanduslik kiirk\u00fclmutuskapp \/ \u0161okk-k\u00fclmik. Toidu temperatuuri kiiremini langetades kui tavalised k\u00fclmikud, tagab professionaalne kiirk\u00fclmutuskapp, et teie toidud s\u00e4ilitavad\" \/>\n<meta property=\"og:url\" content=\"https:\/\/adexa.ee\/toode\/kiirkulmutuskapp-sokk-kulmik-5xgn1-1-400x600mm-20-15kg-adexa-bcf20\/\" \/>\n<meta property=\"og:site_name\" content=\"Adexa \u2013 Suurk\u00f6\u00f6giseadmed restoranidele ja toitlustusele\" \/>\n<meta property=\"og:image\" content=\"https:\/\/adexa.ee\/wp-content\/uploads\/2025\/04\/BCF20.jpg\" \/>\n\t<meta property=\"og:image:width\" content=\"1500\" \/>\n\t<meta property=\"og:image:height\" content=\"1500\" \/>\n\t<meta property=\"og:image:type\" content=\"image\/jpeg\" \/>\n<meta name=\"twitter:card\" content=\"summary_large_image\" \/>\n<meta name=\"twitter:label1\" content=\"Est. reading time\" \/>\n\t<meta name=\"twitter:data1\" content=\"1 minute\" \/>\n<script type=\"application\/ld+json\" class=\"yoast-schema-graph\">{\"@context\":\"https:\\\/\\\/schema.org\",\"@graph\":[{\"@type\":\"WebPage\",\"@id\":\"https:\\\/\\\/adexa.ee\\\/toode\\\/kiirkulmutuskapp-sokk-kulmik-5xgn1-1-400x600mm-20-15kg-adexa-bcf20\\\/\",\"url\":\"https:\\\/\\\/adexa.ee\\\/toode\\\/kiirkulmutuskapp-sokk-kulmik-5xgn1-1-400x600mm-20-15kg-adexa-bcf20\\\/\",\"name\":\"Kiirk\u00fclmutuskapp\\\/\u0160okk-k\u00fclmik 5xGN1\\\/1 + 400x600mm 20\\\/15KG | Adexa BCF20 - Adexa \u2013 Suurk\u00f6\u00f6giseadmed restoranidele ja toitlustusele\",\"isPartOf\":{\"@id\":\"https:\\\/\\\/adexa.ee\\\/#website\"},\"primaryImageOfPage\":{\"@id\":\"https:\\\/\\\/adexa.ee\\\/toode\\\/kiirkulmutuskapp-sokk-kulmik-5xgn1-1-400x600mm-20-15kg-adexa-bcf20\\\/#primaryimage\"},\"image\":{\"@id\":\"https:\\\/\\\/adexa.ee\\\/toode\\\/kiirkulmutuskapp-sokk-kulmik-5xgn1-1-400x600mm-20-15kg-adexa-bcf20\\\/#primaryimage\"},\"thumbnailUrl\":\"https:\\\/\\\/adexa.ee\\\/wp-content\\\/uploads\\\/2025\\\/04\\\/BCF20.jpg\",\"datePublished\":\"2026-03-27T13:25:53+00:00\",\"breadcrumb\":{\"@id\":\"https:\\\/\\\/adexa.ee\\\/toode\\\/kiirkulmutuskapp-sokk-kulmik-5xgn1-1-400x600mm-20-15kg-adexa-bcf20\\\/#breadcrumb\"},\"inLanguage\":\"en-US\",\"potentialAction\":[{\"@type\":\"ReadAction\",\"target\":[\"https:\\\/\\\/adexa.ee\\\/toode\\\/kiirkulmutuskapp-sokk-kulmik-5xgn1-1-400x600mm-20-15kg-adexa-bcf20\\\/\"]}]},{\"@type\":\"ImageObject\",\"inLanguage\":\"en-US\",\"@id\":\"https:\\\/\\\/adexa.ee\\\/toode\\\/kiirkulmutuskapp-sokk-kulmik-5xgn1-1-400x600mm-20-15kg-adexa-bcf20\\\/#primaryimage\",\"url\":\"https:\\\/\\\/adexa.ee\\\/wp-content\\\/uploads\\\/2025\\\/04\\\/BCF20.jpg\",\"contentUrl\":\"https:\\\/\\\/adexa.ee\\\/wp-content\\\/uploads\\\/2025\\\/04\\\/BCF20.jpg\",\"width\":1500,\"height\":1500},{\"@type\":\"BreadcrumbList\",\"@id\":\"https:\\\/\\\/adexa.ee\\\/toode\\\/kiirkulmutuskapp-sokk-kulmik-5xgn1-1-400x600mm-20-15kg-adexa-bcf20\\\/#breadcrumb\",\"itemListElement\":[{\"@type\":\"ListItem\",\"position\":1,\"name\":\"Home\",\"item\":\"https:\\\/\\\/adexa.ee\\\/\"},{\"@type\":\"ListItem\",\"position\":2,\"name\":\"Tooted\",\"item\":\"https:\\\/\\\/adexa.ee\\\/pood\\\/\"},{\"@type\":\"ListItem\",\"position\":3,\"name\":\"Kiirk\u00fclmutuskapp\\\/\u0160okk-k\u00fclmik 5xGN1\\\/1 + 400x600mm 20\\\/15KG | Adexa BCF20\"}]},{\"@type\":\"WebSite\",\"@id\":\"https:\\\/\\\/adexa.ee\\\/#website\",\"url\":\"https:\\\/\\\/adexa.ee\\\/\",\"name\":\"Adexa\",\"description\":\"\",\"publisher\":{\"@id\":\"https:\\\/\\\/adexa.ee\\\/#organization\"},\"potentialAction\":[{\"@type\":\"SearchAction\",\"target\":{\"@type\":\"EntryPoint\",\"urlTemplate\":\"https:\\\/\\\/adexa.ee\\\/?s={search_term_string}\"},\"query-input\":{\"@type\":\"PropertyValueSpecification\",\"valueRequired\":true,\"valueName\":\"search_term_string\"}}],\"inLanguage\":\"en-US\"},{\"@type\":\"Organization\",\"@id\":\"https:\\\/\\\/adexa.ee\\\/#organization\",\"name\":\"Adexa\",\"url\":\"https:\\\/\\\/adexa.ee\\\/\",\"logo\":{\"@type\":\"ImageObject\",\"inLanguage\":\"en-US\",\"@id\":\"https:\\\/\\\/adexa.ee\\\/#\\\/schema\\\/logo\\\/image\\\/\",\"url\":\"https:\\\/\\\/adexa.ee\\\/wp-content\\\/uploads\\\/2024\\\/04\\\/chef-cooks-working-in-professional-kitchen-2023-11-27-05-07-39-utc-scaled.jpg\",\"contentUrl\":\"https:\\\/\\\/adexa.ee\\\/wp-content\\\/uploads\\\/2024\\\/04\\\/chef-cooks-working-in-professional-kitchen-2023-11-27-05-07-39-utc-scaled.jpg\",\"width\":2560,\"height\":1708,\"caption\":\"Adexa\"},\"image\":{\"@id\":\"https:\\\/\\\/adexa.ee\\\/#\\\/schema\\\/logo\\\/image\\\/\"}}]}<\/script>\n<!-- \/ Yoast SEO plugin. -->","yoast_head_json":{"title":"Kiirk\u00fclmutuskapp\/\u0160okk-k\u00fclmik 5xGN1\/1 + 400x600mm 20\/15KG | Adexa BCF20 - Adexa \u2013 Suurk\u00f6\u00f6giseadmed restoranidele ja toitlustusele","robots":{"index":"index","follow":"follow","max-snippet":"max-snippet:-1","max-image-preview":"max-image-preview:large","max-video-preview":"max-video-preview:-1"},"canonical":"https:\/\/adexa.ee\/toode\/kiirkulmutuskapp-sokk-kulmik-5xgn1-1-400x600mm-20-15kg-adexa-bcf20\/","og_locale":"en_US","og_type":"article","og_title":"Kiirk\u00fclmutuskapp\/\u0160okk-k\u00fclmik 5xGN1\/1 + 400x600mm 20\/15KG | Adexa BCF20 - Adexa \u2013 Suurk\u00f6\u00f6giseadmed restoranidele ja toitlustusele","og_description":"Premium klassi kaubanduslik kiirk\u00fclmutuskapp \/ \u0161okk-k\u00fclmik. Toidu temperatuuri kiiremini langetades kui tavalised k\u00fclmikud, tagab professionaalne kiirk\u00fclmutuskapp, et teie toidud s\u00e4ilitavad","og_url":"https:\/\/adexa.ee\/toode\/kiirkulmutuskapp-sokk-kulmik-5xgn1-1-400x600mm-20-15kg-adexa-bcf20\/","og_site_name":"Adexa \u2013 Suurk\u00f6\u00f6giseadmed restoranidele ja toitlustusele","og_image":[{"width":1500,"height":1500,"url":"https:\/\/adexa.ee\/wp-content\/uploads\/2025\/04\/BCF20.jpg","type":"image\/jpeg"}],"twitter_card":"summary_large_image","twitter_misc":{"Est. reading time":"1 minute"},"schema":{"@context":"https:\/\/schema.org","@graph":[{"@type":"WebPage","@id":"https:\/\/adexa.ee\/toode\/kiirkulmutuskapp-sokk-kulmik-5xgn1-1-400x600mm-20-15kg-adexa-bcf20\/","url":"https:\/\/adexa.ee\/toode\/kiirkulmutuskapp-sokk-kulmik-5xgn1-1-400x600mm-20-15kg-adexa-bcf20\/","name":"Kiirk\u00fclmutuskapp\/\u0160okk-k\u00fclmik 5xGN1\/1 + 400x600mm 20\/15KG | Adexa BCF20 - Adexa \u2013 Suurk\u00f6\u00f6giseadmed restoranidele ja toitlustusele","isPartOf":{"@id":"https:\/\/adexa.ee\/#website"},"primaryImageOfPage":{"@id":"https:\/\/adexa.ee\/toode\/kiirkulmutuskapp-sokk-kulmik-5xgn1-1-400x600mm-20-15kg-adexa-bcf20\/#primaryimage"},"image":{"@id":"https:\/\/adexa.ee\/toode\/kiirkulmutuskapp-sokk-kulmik-5xgn1-1-400x600mm-20-15kg-adexa-bcf20\/#primaryimage"},"thumbnailUrl":"https:\/\/adexa.ee\/wp-content\/uploads\/2025\/04\/BCF20.jpg","datePublished":"2026-03-27T13:25:53+00:00","breadcrumb":{"@id":"https:\/\/adexa.ee\/toode\/kiirkulmutuskapp-sokk-kulmik-5xgn1-1-400x600mm-20-15kg-adexa-bcf20\/#breadcrumb"},"inLanguage":"en-US","potentialAction":[{"@type":"ReadAction","target":["https:\/\/adexa.ee\/toode\/kiirkulmutuskapp-sokk-kulmik-5xgn1-1-400x600mm-20-15kg-adexa-bcf20\/"]}]},{"@type":"ImageObject","inLanguage":"en-US","@id":"https:\/\/adexa.ee\/toode\/kiirkulmutuskapp-sokk-kulmik-5xgn1-1-400x600mm-20-15kg-adexa-bcf20\/#primaryimage","url":"https:\/\/adexa.ee\/wp-content\/uploads\/2025\/04\/BCF20.jpg","contentUrl":"https:\/\/adexa.ee\/wp-content\/uploads\/2025\/04\/BCF20.jpg","width":1500,"height":1500},{"@type":"BreadcrumbList","@id":"https:\/\/adexa.ee\/toode\/kiirkulmutuskapp-sokk-kulmik-5xgn1-1-400x600mm-20-15kg-adexa-bcf20\/#breadcrumb","itemListElement":[{"@type":"ListItem","position":1,"name":"Home","item":"https:\/\/adexa.ee\/"},{"@type":"ListItem","position":2,"name":"Tooted","item":"https:\/\/adexa.ee\/pood\/"},{"@type":"ListItem","position":3,"name":"Kiirk\u00fclmutuskapp\/\u0160okk-k\u00fclmik 5xGN1\/1 + 400x600mm 20\/15KG | Adexa BCF20"}]},{"@type":"WebSite","@id":"https:\/\/adexa.ee\/#website","url":"https:\/\/adexa.ee\/","name":"Adexa","description":"","publisher":{"@id":"https:\/\/adexa.ee\/#organization"},"potentialAction":[{"@type":"SearchAction","target":{"@type":"EntryPoint","urlTemplate":"https:\/\/adexa.ee\/?s={search_term_string}"},"query-input":{"@type":"PropertyValueSpecification","valueRequired":true,"valueName":"search_term_string"}}],"inLanguage":"en-US"},{"@type":"Organization","@id":"https:\/\/adexa.ee\/#organization","name":"Adexa","url":"https:\/\/adexa.ee\/","logo":{"@type":"ImageObject","inLanguage":"en-US","@id":"https:\/\/adexa.ee\/#\/schema\/logo\/image\/","url":"https:\/\/adexa.ee\/wp-content\/uploads\/2024\/04\/chef-cooks-working-in-professional-kitchen-2023-11-27-05-07-39-utc-scaled.jpg","contentUrl":"https:\/\/adexa.ee\/wp-content\/uploads\/2024\/04\/chef-cooks-working-in-professional-kitchen-2023-11-27-05-07-39-utc-scaled.jpg","width":2560,"height":1708,"caption":"Adexa"},"image":{"@id":"https:\/\/adexa.ee\/#\/schema\/logo\/image\/"}}]}},"_links":{"self":[{"href":"https:\/\/adexa.ee\/en\/wp-json\/wp\/v2\/product\/32608","targetHints":{"allow":["GET"]}}],"collection":[{"href":"https:\/\/adexa.ee\/en\/wp-json\/wp\/v2\/product"}],"about":[{"href":"https:\/\/adexa.ee\/en\/wp-json\/wp\/v2\/types\/product"}],"wp:featuredmedia":[{"embeddable":true,"href":"https:\/\/adexa.ee\/en\/wp-json\/wp\/v2\/media\/32610"}],"wp:attachment":[{"href":"https:\/\/adexa.ee\/en\/wp-json\/wp\/v2\/media?parent=32608"}],"wp:term":[{"taxonomy":"product_brand","embeddable":true,"href":"https:\/\/adexa.ee\/en\/wp-json\/wp\/v2\/product_brand?post=32608"},{"taxonomy":"product_cat","embeddable":true,"href":"https:\/\/adexa.ee\/en\/wp-json\/wp\/v2\/product_cat?post=32608"},{"taxonomy":"product_tag","embeddable":true,"href":"https:\/\/adexa.ee\/en\/wp-json\/wp\/v2\/product_tag?post=32608"}],"curies":[{"name":"wp","href":"https:\/\/api.w.org\/{rel}","templated":true}]}}