{"id":32709,"date":"2026-03-26T11:25:24","date_gmt":"2026-03-26T09:25:24","guid":{"rendered":"https:\/\/adexa.ee\/toode\/aripliidis-valamuteras-1800x700x900mm-1-kauss-vasakul-pritsmepaneel-adexa-dsa1870l\/"},"modified":"2026-03-26T11:25:27","modified_gmt":"2026-03-26T09:25:27","slug":"aripliidis-valamuteras-1800x700x900mm-1-kauss-vasakul-pritsmepaneel-adexa-dsa1870l","status":"publish","type":"product","link":"https:\/\/adexa.ee\/en\/toode\/aripliidis-valamuteras-1800x700x900mm-1-kauss-vasakul-pritsmepaneel-adexa-dsa1870l\/","title":{"rendered":"\u00c4ripliidis Valamuteras 1800x700x900mm 1 kauss vasakul Pritsmepaneel | Adexa DSA1870L"},"content":{"rendered":"<p>See on suurep\u00e4rase hinna ja kvaliteedi suhtega professionaalne toitlustusvalamu. Rasket\u00f6\u00f6line, k\u00f5rgema kvaliteediga, t\u00e4ielikult roostevabast terasest professionaalne valamu, mis vastab toiduainete teeninduse ja restorani t\u00f6\u00f6stuse k\u00f5rgetele standarditele. Ei mingeid tsingitud osi nagu turul olevatel odavatel alternatiividel! RuutjalgadelPressitud kauss10 cm pritsmepaneeliga Tugevdatud esipaneelLainelaua disainPalun vaadake \u00fcksikasjalikku teavet jaotises &#8220;Spetsifikatsioon&#8221;.<\/p>\n<table style=\"border-collapse: collapse; width: 100%; text-align: left;\">\n<tbody>\n<tr>\n<td style=\"border: 1px solid #ddd; padding: 8px; width: 45%;\"><strong>S\u00fcgavus<\/strong><\/td>\n<td style=\"border: 1px solid #ddd; padding: 8px;\">700mm<\/td>\n<\/tr>\n<tr>\n<td style=\"border: 1px solid #ddd; padding: 8px; width: 45%;\"><strong>K\u00f5rgus<\/strong><\/td>\n<td style=\"border: 1px solid #ddd; padding: 8px;\">900 mm (+100 mm tagasipritseplaat)<\/td>\n<\/tr>\n<tr>\n<td style=\"border: 1px solid #ddd; padding: 8px; width: 45%;\"><strong>Laius<\/strong><\/td>\n<td style=\"border: 1px solid #ddd; padding: 8px;\">1800 mm<\/td>\n<\/tr>\n<tr>\n<td style=\"border: 1px solid #ddd; padding: 8px; width: 45%;\"><strong>Kaal<\/strong><\/td>\n<td style=\"border: 1px solid #ddd; padding: 8px;\">38,1 kg<\/td>\n<\/tr>\n<tr>\n<td style=\"border: 1px solid #ddd; padding: 8px; width: 45%;\"><strong>Garantii<\/strong><\/td>\n<td style=\"border: 1px solid #ddd; padding: 8px;\">12 kuu varuosade garantii<\/td>\n<\/tr>\n<tr>\n<td style=\"border: 1px solid #ddd; padding: 8px; width: 45%;\"><strong>Kokku panemine<\/strong><\/td>\n<td style=\"border: 1px solid #ddd; padding: 8px;\">Lahtiv\u00f5etud<\/td>\n<\/tr>\n<tr>\n<td style=\"border: 1px solid #ddd; padding: 8px; width: 45%;\"><strong>S\u00fcgavus (valamu kauss)<\/strong><\/td>\n<td style=\"border: 1px solid #ddd; padding: 8px;\">450 mm<\/td>\n<\/tr>\n<tr>\n<td style=\"border: 1px solid #ddd; padding: 8px; width: 45%;\"><strong>K\u00f5rgus (valamu kauss)<\/strong><\/td>\n<td style=\"border: 1px solid #ddd; padding: 8px;\">250mm<\/td>\n<\/tr>\n<tr>\n<td style=\"border: 1px solid #ddd; padding: 8px; width: 45%;\"><strong>Laius (valamu kauss)<\/strong><\/td>\n<td style=\"border: 1px solid #ddd; padding: 8px;\">450 mm<\/td>\n<\/tr>\n<tr>\n<td style=\"border: 1px solid #ddd; padding: 8px; width: 45%;\"><strong>Alumine riiul<\/strong><\/td>\n<td style=\"border: 1px solid #ddd; padding: 8px;\">Jah<\/td>\n<\/tr>\n<tr>\n<td style=\"border: 1px solid #ddd; padding: 8px; width: 45%;\"><strong>Kausi asukoht<\/strong><\/td>\n<td style=\"border: 1px solid #ddd; padding: 8px;\">Vasak<\/td>\n<\/tr>\n<tr>\n<td style=\"border: 1px solid #ddd; padding: 8px; width: 45%;\"><strong>Jalad<\/strong><\/td>\n<td style=\"border: 1px solid #ddd; padding: 8px;\">Reguleeritavad jalad<\/td>\n<\/tr>\n<tr>\n<td style=\"border: 1px solid #ddd; padding: 8px; width: 45%;\"><strong>Materjal<\/strong><\/td>\n<td style=\"border: 1px solid #ddd; padding: 8px;\">Roostevaba teras<\/td>\n<\/tr>\n<tr>\n<td style=\"border: 1px solid #ddd; padding: 8px; width: 45%;\"><strong>Valamu kausid<\/strong><\/td>\n<td style=\"border: 1px solid #ddd; padding: 8px;\">1 joonistatud kauss<\/td>\n<\/tr>\n<tr>\n<td style=\"border: 1px solid #ddd; padding: 8px; width: 45%;\"><strong>Pritsekaitse<\/strong><\/td>\n<td style=\"border: 1px solid #ddd; padding: 8px;\">100mm<\/td>\n<\/tr>\n<tr>\n<td style=\"border: 1px solid #ddd; padding: 8px; width: 45%;\"><strong>L\u00e4bim\u00f5\u00f5t<\/strong><\/td>\n<td style=\"border: 1px solid #ddd; padding: 8px;\">3,5&#8221; \/ 89mm (\u00e4ravooluava) \/ 32mm (kraaniava)<\/td>\n<\/tr>\n<\/tbody>\n<\/table>\n","protected":false},"excerpt":{"rendered":"<p>See on suurep\u00e4rase hinna ja kvaliteedi suhtega professionaalne toitlustusvalamu. Rasket\u00f6\u00f6line, k\u00f5rgema kvaliteediga, t\u00e4ielikult roostevabast terasest professionaalne valamu, mis vastab toiduainete<\/p>\n","protected":false},"featured_media":15168,"template":"","meta":[],"product_brand":[],"product_cat":[575,572,573],"product_tag":[],"class_list":{"0":"post-32709","1":"product","2":"type-product","3":"status-publish","4":"has-post-thumbnail","6":"product_cat-700-mm-uhe-valamuga","7":"product_cat-roostevabad-tooted","8":"product_cat-uhesed-ja-kahesed-valamud","10":"first","11":"instock","12":"sale","13":"taxable","14":"shipping-taxable","15":"purchasable","16":"product-type-simple"},"yoast_head":"<!-- This site is optimized with the Yoast SEO plugin v27.3 - https:\/\/yoast.com\/product\/yoast-seo-wordpress\/ -->\n<title>\u00c4ripliidis Valamuteras 1800x700x900mm 1 kauss vasakul Pritsmepaneel | Adexa DSA1870L - Adexa \u2013 Suurk\u00f6\u00f6giseadmed restoranidele ja toitlustusele<\/title>\n<meta name=\"robots\" content=\"index, follow, max-snippet:-1, max-image-preview:large, max-video-preview:-1\" \/>\n<link rel=\"canonical\" href=\"https:\/\/adexa.ee\/toode\/aripliidis-valamuteras-1800x700x900mm-1-kauss-vasakul-pritsmepaneel-adexa-dsa1870l\/\" \/>\n<meta property=\"og:locale\" content=\"en_US\" \/>\n<meta property=\"og:type\" content=\"article\" \/>\n<meta property=\"og:title\" content=\"\u00c4ripliidis Valamuteras 1800x700x900mm 1 kauss vasakul Pritsmepaneel | Adexa DSA1870L - Adexa \u2013 Suurk\u00f6\u00f6giseadmed restoranidele ja toitlustusele\" \/>\n<meta property=\"og:description\" content=\"See on suurep\u00e4rase hinna ja kvaliteedi suhtega professionaalne toitlustusvalamu. Rasket\u00f6\u00f6line, k\u00f5rgema kvaliteediga, t\u00e4ielikult roostevabast terasest professionaalne valamu, mis vastab toiduainete\" \/>\n<meta property=\"og:url\" content=\"https:\/\/adexa.ee\/toode\/aripliidis-valamuteras-1800x700x900mm-1-kauss-vasakul-pritsmepaneel-adexa-dsa1870l\/\" \/>\n<meta property=\"og:site_name\" content=\"Adexa \u2013 Suurk\u00f6\u00f6giseadmed restoranidele ja toitlustusele\" \/>\n<meta property=\"article:modified_time\" content=\"2026-03-26T09:25:27+00:00\" \/>\n<meta property=\"og:image\" content=\"https:\/\/adexa.ee\/wp-content\/uploads\/2024\/12\/DSAL.jpg\" \/>\n\t<meta property=\"og:image:width\" content=\"2000\" \/>\n\t<meta property=\"og:image:height\" content=\"2000\" \/>\n\t<meta property=\"og:image:type\" content=\"image\/jpeg\" \/>\n<meta name=\"twitter:card\" content=\"summary_large_image\" \/>\n<meta name=\"twitter:label1\" content=\"Est. reading time\" \/>\n\t<meta name=\"twitter:data1\" content=\"1 minute\" \/>\n<script type=\"application\/ld+json\" class=\"yoast-schema-graph\">{\"@context\":\"https:\\\/\\\/schema.org\",\"@graph\":[{\"@type\":\"WebPage\",\"@id\":\"https:\\\/\\\/adexa.ee\\\/toode\\\/aripliidis-valamuteras-1800x700x900mm-1-kauss-vasakul-pritsmepaneel-adexa-dsa1870l\\\/\",\"url\":\"https:\\\/\\\/adexa.ee\\\/toode\\\/aripliidis-valamuteras-1800x700x900mm-1-kauss-vasakul-pritsmepaneel-adexa-dsa1870l\\\/\",\"name\":\"\u00c4ripliidis Valamuteras 1800x700x900mm 1 kauss vasakul Pritsmepaneel | Adexa DSA1870L - Adexa \u2013 Suurk\u00f6\u00f6giseadmed restoranidele ja toitlustusele\",\"isPartOf\":{\"@id\":\"https:\\\/\\\/adexa.ee\\\/#website\"},\"primaryImageOfPage\":{\"@id\":\"https:\\\/\\\/adexa.ee\\\/toode\\\/aripliidis-valamuteras-1800x700x900mm-1-kauss-vasakul-pritsmepaneel-adexa-dsa1870l\\\/#primaryimage\"},\"image\":{\"@id\":\"https:\\\/\\\/adexa.ee\\\/toode\\\/aripliidis-valamuteras-1800x700x900mm-1-kauss-vasakul-pritsmepaneel-adexa-dsa1870l\\\/#primaryimage\"},\"thumbnailUrl\":\"https:\\\/\\\/adexa.ee\\\/wp-content\\\/uploads\\\/2024\\\/12\\\/DSAL.jpg\",\"datePublished\":\"2026-03-26T09:25:24+00:00\",\"dateModified\":\"2026-03-26T09:25:27+00:00\",\"breadcrumb\":{\"@id\":\"https:\\\/\\\/adexa.ee\\\/toode\\\/aripliidis-valamuteras-1800x700x900mm-1-kauss-vasakul-pritsmepaneel-adexa-dsa1870l\\\/#breadcrumb\"},\"inLanguage\":\"en-US\",\"potentialAction\":[{\"@type\":\"ReadAction\",\"target\":[\"https:\\\/\\\/adexa.ee\\\/toode\\\/aripliidis-valamuteras-1800x700x900mm-1-kauss-vasakul-pritsmepaneel-adexa-dsa1870l\\\/\"]}]},{\"@type\":\"ImageObject\",\"inLanguage\":\"en-US\",\"@id\":\"https:\\\/\\\/adexa.ee\\\/toode\\\/aripliidis-valamuteras-1800x700x900mm-1-kauss-vasakul-pritsmepaneel-adexa-dsa1870l\\\/#primaryimage\",\"url\":\"https:\\\/\\\/adexa.ee\\\/wp-content\\\/uploads\\\/2024\\\/12\\\/DSAL.jpg\",\"contentUrl\":\"https:\\\/\\\/adexa.ee\\\/wp-content\\\/uploads\\\/2024\\\/12\\\/DSAL.jpg\",\"width\":2000,\"height\":2000},{\"@type\":\"BreadcrumbList\",\"@id\":\"https:\\\/\\\/adexa.ee\\\/toode\\\/aripliidis-valamuteras-1800x700x900mm-1-kauss-vasakul-pritsmepaneel-adexa-dsa1870l\\\/#breadcrumb\",\"itemListElement\":[{\"@type\":\"ListItem\",\"position\":1,\"name\":\"Home\",\"item\":\"https:\\\/\\\/adexa.ee\\\/\"},{\"@type\":\"ListItem\",\"position\":2,\"name\":\"Tooted\",\"item\":\"https:\\\/\\\/adexa.ee\\\/pood\\\/\"},{\"@type\":\"ListItem\",\"position\":3,\"name\":\"\u00c4ripliidis Valamuteras 1800x700x900mm 1 kauss vasakul Pritsmepaneel | Adexa DSA1870L\"}]},{\"@type\":\"WebSite\",\"@id\":\"https:\\\/\\\/adexa.ee\\\/#website\",\"url\":\"https:\\\/\\\/adexa.ee\\\/\",\"name\":\"Adexa\",\"description\":\"\",\"publisher\":{\"@id\":\"https:\\\/\\\/adexa.ee\\\/#organization\"},\"potentialAction\":[{\"@type\":\"SearchAction\",\"target\":{\"@type\":\"EntryPoint\",\"urlTemplate\":\"https:\\\/\\\/adexa.ee\\\/?s={search_term_string}\"},\"query-input\":{\"@type\":\"PropertyValueSpecification\",\"valueRequired\":true,\"valueName\":\"search_term_string\"}}],\"inLanguage\":\"en-US\"},{\"@type\":\"Organization\",\"@id\":\"https:\\\/\\\/adexa.ee\\\/#organization\",\"name\":\"Adexa\",\"url\":\"https:\\\/\\\/adexa.ee\\\/\",\"logo\":{\"@type\":\"ImageObject\",\"inLanguage\":\"en-US\",\"@id\":\"https:\\\/\\\/adexa.ee\\\/#\\\/schema\\\/logo\\\/image\\\/\",\"url\":\"https:\\\/\\\/adexa.ee\\\/wp-content\\\/uploads\\\/2024\\\/04\\\/chef-cooks-working-in-professional-kitchen-2023-11-27-05-07-39-utc-scaled.jpg\",\"contentUrl\":\"https:\\\/\\\/adexa.ee\\\/wp-content\\\/uploads\\\/2024\\\/04\\\/chef-cooks-working-in-professional-kitchen-2023-11-27-05-07-39-utc-scaled.jpg\",\"width\":2560,\"height\":1708,\"caption\":\"Adexa\"},\"image\":{\"@id\":\"https:\\\/\\\/adexa.ee\\\/#\\\/schema\\\/logo\\\/image\\\/\"}}]}<\/script>\n<!-- \/ Yoast SEO plugin. -->","yoast_head_json":{"title":"\u00c4ripliidis Valamuteras 1800x700x900mm 1 kauss vasakul Pritsmepaneel | Adexa DSA1870L - Adexa \u2013 Suurk\u00f6\u00f6giseadmed restoranidele ja toitlustusele","robots":{"index":"index","follow":"follow","max-snippet":"max-snippet:-1","max-image-preview":"max-image-preview:large","max-video-preview":"max-video-preview:-1"},"canonical":"https:\/\/adexa.ee\/toode\/aripliidis-valamuteras-1800x700x900mm-1-kauss-vasakul-pritsmepaneel-adexa-dsa1870l\/","og_locale":"en_US","og_type":"article","og_title":"\u00c4ripliidis Valamuteras 1800x700x900mm 1 kauss vasakul Pritsmepaneel | Adexa DSA1870L - Adexa \u2013 Suurk\u00f6\u00f6giseadmed restoranidele ja toitlustusele","og_description":"See on suurep\u00e4rase hinna ja kvaliteedi suhtega professionaalne toitlustusvalamu. Rasket\u00f6\u00f6line, k\u00f5rgema kvaliteediga, t\u00e4ielikult roostevabast terasest professionaalne valamu, mis vastab toiduainete","og_url":"https:\/\/adexa.ee\/toode\/aripliidis-valamuteras-1800x700x900mm-1-kauss-vasakul-pritsmepaneel-adexa-dsa1870l\/","og_site_name":"Adexa \u2013 Suurk\u00f6\u00f6giseadmed restoranidele ja toitlustusele","article_modified_time":"2026-03-26T09:25:27+00:00","og_image":[{"width":2000,"height":2000,"url":"https:\/\/adexa.ee\/wp-content\/uploads\/2024\/12\/DSAL.jpg","type":"image\/jpeg"}],"twitter_card":"summary_large_image","twitter_misc":{"Est. reading time":"1 minute"},"schema":{"@context":"https:\/\/schema.org","@graph":[{"@type":"WebPage","@id":"https:\/\/adexa.ee\/toode\/aripliidis-valamuteras-1800x700x900mm-1-kauss-vasakul-pritsmepaneel-adexa-dsa1870l\/","url":"https:\/\/adexa.ee\/toode\/aripliidis-valamuteras-1800x700x900mm-1-kauss-vasakul-pritsmepaneel-adexa-dsa1870l\/","name":"\u00c4ripliidis Valamuteras 1800x700x900mm 1 kauss vasakul Pritsmepaneel | Adexa DSA1870L - Adexa \u2013 Suurk\u00f6\u00f6giseadmed restoranidele ja toitlustusele","isPartOf":{"@id":"https:\/\/adexa.ee\/#website"},"primaryImageOfPage":{"@id":"https:\/\/adexa.ee\/toode\/aripliidis-valamuteras-1800x700x900mm-1-kauss-vasakul-pritsmepaneel-adexa-dsa1870l\/#primaryimage"},"image":{"@id":"https:\/\/adexa.ee\/toode\/aripliidis-valamuteras-1800x700x900mm-1-kauss-vasakul-pritsmepaneel-adexa-dsa1870l\/#primaryimage"},"thumbnailUrl":"https:\/\/adexa.ee\/wp-content\/uploads\/2024\/12\/DSAL.jpg","datePublished":"2026-03-26T09:25:24+00:00","dateModified":"2026-03-26T09:25:27+00:00","breadcrumb":{"@id":"https:\/\/adexa.ee\/toode\/aripliidis-valamuteras-1800x700x900mm-1-kauss-vasakul-pritsmepaneel-adexa-dsa1870l\/#breadcrumb"},"inLanguage":"en-US","potentialAction":[{"@type":"ReadAction","target":["https:\/\/adexa.ee\/toode\/aripliidis-valamuteras-1800x700x900mm-1-kauss-vasakul-pritsmepaneel-adexa-dsa1870l\/"]}]},{"@type":"ImageObject","inLanguage":"en-US","@id":"https:\/\/adexa.ee\/toode\/aripliidis-valamuteras-1800x700x900mm-1-kauss-vasakul-pritsmepaneel-adexa-dsa1870l\/#primaryimage","url":"https:\/\/adexa.ee\/wp-content\/uploads\/2024\/12\/DSAL.jpg","contentUrl":"https:\/\/adexa.ee\/wp-content\/uploads\/2024\/12\/DSAL.jpg","width":2000,"height":2000},{"@type":"BreadcrumbList","@id":"https:\/\/adexa.ee\/toode\/aripliidis-valamuteras-1800x700x900mm-1-kauss-vasakul-pritsmepaneel-adexa-dsa1870l\/#breadcrumb","itemListElement":[{"@type":"ListItem","position":1,"name":"Home","item":"https:\/\/adexa.ee\/"},{"@type":"ListItem","position":2,"name":"Tooted","item":"https:\/\/adexa.ee\/pood\/"},{"@type":"ListItem","position":3,"name":"\u00c4ripliidis Valamuteras 1800x700x900mm 1 kauss vasakul Pritsmepaneel | Adexa DSA1870L"}]},{"@type":"WebSite","@id":"https:\/\/adexa.ee\/#website","url":"https:\/\/adexa.ee\/","name":"Adexa","description":"","publisher":{"@id":"https:\/\/adexa.ee\/#organization"},"potentialAction":[{"@type":"SearchAction","target":{"@type":"EntryPoint","urlTemplate":"https:\/\/adexa.ee\/?s={search_term_string}"},"query-input":{"@type":"PropertyValueSpecification","valueRequired":true,"valueName":"search_term_string"}}],"inLanguage":"en-US"},{"@type":"Organization","@id":"https:\/\/adexa.ee\/#organization","name":"Adexa","url":"https:\/\/adexa.ee\/","logo":{"@type":"ImageObject","inLanguage":"en-US","@id":"https:\/\/adexa.ee\/#\/schema\/logo\/image\/","url":"https:\/\/adexa.ee\/wp-content\/uploads\/2024\/04\/chef-cooks-working-in-professional-kitchen-2023-11-27-05-07-39-utc-scaled.jpg","contentUrl":"https:\/\/adexa.ee\/wp-content\/uploads\/2024\/04\/chef-cooks-working-in-professional-kitchen-2023-11-27-05-07-39-utc-scaled.jpg","width":2560,"height":1708,"caption":"Adexa"},"image":{"@id":"https:\/\/adexa.ee\/#\/schema\/logo\/image\/"}}]}},"_links":{"self":[{"href":"https:\/\/adexa.ee\/en\/wp-json\/wp\/v2\/product\/32709","targetHints":{"allow":["GET"]}}],"collection":[{"href":"https:\/\/adexa.ee\/en\/wp-json\/wp\/v2\/product"}],"about":[{"href":"https:\/\/adexa.ee\/en\/wp-json\/wp\/v2\/types\/product"}],"wp:featuredmedia":[{"embeddable":true,"href":"https:\/\/adexa.ee\/en\/wp-json\/wp\/v2\/media\/15168"}],"wp:attachment":[{"href":"https:\/\/adexa.ee\/en\/wp-json\/wp\/v2\/media?parent=32709"}],"wp:term":[{"taxonomy":"product_brand","embeddable":true,"href":"https:\/\/adexa.ee\/en\/wp-json\/wp\/v2\/product_brand?post=32709"},{"taxonomy":"product_cat","embeddable":true,"href":"https:\/\/adexa.ee\/en\/wp-json\/wp\/v2\/product_cat?post=32709"},{"taxonomy":"product_tag","embeddable":true,"href":"https:\/\/adexa.ee\/en\/wp-json\/wp\/v2\/product_tag?post=32709"}],"curies":[{"name":"wp","href":"https:\/\/api.w.org\/{rel}","templated":true}]}}