{"id":32727,"date":"2026-03-26T11:25:24","date_gmt":"2026-03-26T09:25:24","guid":{"rendered":"https:\/\/adexa.ee\/toode\/madala-kaubandusliku-poti-pesemise-kraanikauss-roostevaba-teras-1-kauss-pritsmekaitse-800x600x660mm-kandilised-jalad-adexa-smsjy8060\/"},"modified":"2026-03-26T19:55:35","modified_gmt":"2026-03-26T17:55:35","slug":"madala-kaubandusliku-poti-pesemise-kraanikauss-roostevaba-teras-1-kauss-pritsmekaitse-800x600x660mm-kandilised-jalad-adexa-smsjy8060","status":"publish","type":"product","link":"https:\/\/adexa.ee\/en\/toode\/madala-kaubandusliku-poti-pesemise-kraanikauss-roostevaba-teras-1-kauss-pritsmekaitse-800x600x660mm-kandilised-jalad-adexa-smsjy8060\/","title":{"rendered":"Madala kaubandusliku poti pesemise kraanikauss, roostevaba teras, 1 kauss, pritsmekaitse, 800x600x660mm, kandilised jalad | Adexa SMSJY8060"},"content":{"rendered":"<p>See on suurep\u00e4rane hinna ja kvaliteedi suhtega kaubanduslik poti pesemise kraanikauss. Tugevdatud, premium kvaliteediga, t\u00e4ielikult roostevabast terasest professionaalne kraanikauss, mis vastab toiduainete ning restorani t\u00f6\u00f6stuse k\u00f5rgetele kvaliteedistandarditele.Roostevaba terase konstruktsioonReguleeritavad jaladVeekraani\u00e4\u00e4rise takistusPritsmekaitseKomplekteeritunaTasapinnaline suur kraanikausikaussPalun vaadake jaotise &#8220;Spetsifikatsioon&#8221; alt \u00fcksikasjalikku teavet.<\/p>\n<table style=\"border-collapse: collapse; width: 100%; text-align: left;\">\n<tbody>\n<tr>\n<td style=\"border: 1px solid #ddd; padding: 8px; width: 45%;\"><strong>S\u00fcgavus<\/strong><\/td>\n<td style=\"border: 1px solid #ddd; padding: 8px;\">600mm<\/td>\n<\/tr>\n<tr>\n<td style=\"border: 1px solid #ddd; padding: 8px; width: 45%;\"><strong>K\u00f5rgus<\/strong><\/td>\n<td style=\"border: 1px solid #ddd; padding: 8px;\">550mm<\/td>\n<\/tr>\n<tr>\n<td style=\"border: 1px solid #ddd; padding: 8px; width: 45%;\"><strong>Laius<\/strong><\/td>\n<td style=\"border: 1px solid #ddd; padding: 8px;\">800mm<\/td>\n<\/tr>\n<tr>\n<td style=\"border: 1px solid #ddd; padding: 8px; width: 45%;\"><strong>Kaal<\/strong><\/td>\n<td style=\"border: 1px solid #ddd; padding: 8px;\">12kg<\/td>\n<\/tr>\n<tr>\n<td style=\"border: 1px solid #ddd; padding: 8px; width: 45%;\"><strong>Garantii<\/strong><\/td>\n<td style=\"border: 1px solid #ddd; padding: 8px;\">12 kuu varuosade garantii<\/td>\n<\/tr>\n<tr>\n<td style=\"border: 1px solid #ddd; padding: 8px; width: 45%;\"><strong>Kokku panemine<\/strong><\/td>\n<td style=\"border: 1px solid #ddd; padding: 8px;\">Lahutatud<\/td>\n<\/tr>\n<tr>\n<td style=\"border: 1px solid #ddd; padding: 8px; width: 45%;\"><strong>Kausi asukoht<\/strong><\/td>\n<td style=\"border: 1px solid #ddd; padding: 8px;\">Keskmine<\/td>\n<\/tr>\n<tr>\n<td style=\"border: 1px solid #ddd; padding: 8px; width: 45%;\"><strong>Jalad<\/strong><\/td>\n<td style=\"border: 1px solid #ddd; padding: 8px;\">Reguleeritavad jalad<\/td>\n<\/tr>\n<tr>\n<td style=\"border: 1px solid #ddd; padding: 8px; width: 45%;\"><strong>Materjal<\/strong><\/td>\n<td style=\"border: 1px solid #ddd; padding: 8px;\">Roostevaba teras<\/td>\n<\/tr>\n<tr>\n<td style=\"border: 1px solid #ddd; padding: 8px; width: 45%;\"><strong>Valamu kausid<\/strong><\/td>\n<td style=\"border: 1px solid #ddd; padding: 8px;\">1<\/td>\n<\/tr>\n<tr>\n<td style=\"border: 1px solid #ddd; padding: 8px; width: 45%;\"><strong>Pritsekaitse<\/strong><\/td>\n<td style=\"border: 1px solid #ddd; padding: 8px;\">Jah (50 mm)<\/td>\n<\/tr>\n<tr>\n<td style=\"border: 1px solid #ddd; padding: 8px; width: 45%;\"><strong>L\u00e4bim\u00f5\u00f5t<\/strong><\/td>\n<td style=\"border: 1px solid #ddd; padding: 8px;\">3,5&#8221; \/ 89 mm (\u00e4ravooluauk) \/ 32 mm (segisti auk)<\/td>\n<\/tr>\n<\/tbody>\n<\/table>\n","protected":false},"excerpt":{"rendered":"<p>See on suurep\u00e4rane hinna ja kvaliteedi suhtega kaubanduslik poti pesemise kraanikauss. Tugevdatud, premium kvaliteediga, t\u00e4ielikult roostevabast terasest professionaalne kraanikauss, mis<\/p>\n","protected":false},"featured_media":32729,"template":"","meta":[],"product_brand":[],"product_cat":[574,718,719,569,576,572,573],"product_tag":[],"class_list":{"0":"post-32727","1":"product","2":"type-product","3":"status-publish","4":"has-post-thumbnail","6":"product_cat-600-mm-uhe-valamuga","7":"product_cat-puhastus-ja-hugieen","8":"product_cat-koristus-ja-puhastusseadmed","9":"product_cat-lopumuuk","10":"product_cat-potipesu-valamud","11":"product_cat-roostevabad-tooted","12":"product_cat-uhesed-ja-kahesed-valamud","14":"first","15":"instock","16":"sale","17":"taxable","18":"shipping-taxable","19":"purchasable","20":"product-type-simple"},"yoast_head":"<!-- This site is optimized with the Yoast SEO plugin v27.3 - https:\/\/yoast.com\/product\/yoast-seo-wordpress\/ -->\n<title>Madala kaubandusliku poti pesemise kraanikauss, roostevaba teras, 1 kauss, pritsmekaitse, 800x600x660mm, kandilised jalad | Adexa SMSJY8060 - Adexa \u2013 Suurk\u00f6\u00f6giseadmed restoranidele ja toitlustusele<\/title>\n<meta name=\"robots\" content=\"index, follow, max-snippet:-1, max-image-preview:large, max-video-preview:-1\" \/>\n<link rel=\"canonical\" href=\"https:\/\/adexa.ee\/toode\/madala-kaubandusliku-poti-pesemise-kraanikauss-roostevaba-teras-1-kauss-pritsmekaitse-800x600x660mm-kandilised-jalad-adexa-smsjy8060\/\" \/>\n<meta property=\"og:locale\" content=\"en_US\" \/>\n<meta property=\"og:type\" content=\"article\" \/>\n<meta property=\"og:title\" content=\"Madala kaubandusliku poti pesemise kraanikauss, roostevaba teras, 1 kauss, pritsmekaitse, 800x600x660mm, kandilised jalad | Adexa SMSJY8060 - Adexa \u2013 Suurk\u00f6\u00f6giseadmed restoranidele ja toitlustusele\" \/>\n<meta property=\"og:description\" content=\"See on suurep\u00e4rane hinna ja kvaliteedi suhtega kaubanduslik poti pesemise kraanikauss. Tugevdatud, premium kvaliteediga, t\u00e4ielikult roostevabast terasest professionaalne kraanikauss, mis\" \/>\n<meta property=\"og:url\" content=\"https:\/\/adexa.ee\/toode\/madala-kaubandusliku-poti-pesemise-kraanikauss-roostevaba-teras-1-kauss-pritsmekaitse-800x600x660mm-kandilised-jalad-adexa-smsjy8060\/\" \/>\n<meta property=\"og:site_name\" content=\"Adexa \u2013 Suurk\u00f6\u00f6giseadmed restoranidele ja toitlustusele\" \/>\n<meta property=\"article:modified_time\" content=\"2026-03-26T17:55:35+00:00\" \/>\n<meta property=\"og:image\" content=\"https:\/\/adexa.ee\/wp-content\/uploads\/2025\/05\/smsjy8060.jpg\" \/>\n\t<meta property=\"og:image:width\" content=\"1170\" \/>\n\t<meta property=\"og:image:height\" content=\"1170\" \/>\n\t<meta property=\"og:image:type\" content=\"image\/jpeg\" \/>\n<meta name=\"twitter:card\" content=\"summary_large_image\" \/>\n<script type=\"application\/ld+json\" class=\"yoast-schema-graph\">{\"@context\":\"https:\\\/\\\/schema.org\",\"@graph\":[{\"@type\":\"WebPage\",\"@id\":\"https:\\\/\\\/adexa.ee\\\/toode\\\/madala-kaubandusliku-poti-pesemise-kraanikauss-roostevaba-teras-1-kauss-pritsmekaitse-800x600x660mm-kandilised-jalad-adexa-smsjy8060\\\/\",\"url\":\"https:\\\/\\\/adexa.ee\\\/toode\\\/madala-kaubandusliku-poti-pesemise-kraanikauss-roostevaba-teras-1-kauss-pritsmekaitse-800x600x660mm-kandilised-jalad-adexa-smsjy8060\\\/\",\"name\":\"Madala kaubandusliku poti pesemise kraanikauss, roostevaba teras, 1 kauss, pritsmekaitse, 800x600x660mm, kandilised jalad | Adexa SMSJY8060 - Adexa \u2013 Suurk\u00f6\u00f6giseadmed restoranidele ja toitlustusele\",\"isPartOf\":{\"@id\":\"https:\\\/\\\/adexa.ee\\\/#website\"},\"primaryImageOfPage\":{\"@id\":\"https:\\\/\\\/adexa.ee\\\/toode\\\/madala-kaubandusliku-poti-pesemise-kraanikauss-roostevaba-teras-1-kauss-pritsmekaitse-800x600x660mm-kandilised-jalad-adexa-smsjy8060\\\/#primaryimage\"},\"image\":{\"@id\":\"https:\\\/\\\/adexa.ee\\\/toode\\\/madala-kaubandusliku-poti-pesemise-kraanikauss-roostevaba-teras-1-kauss-pritsmekaitse-800x600x660mm-kandilised-jalad-adexa-smsjy8060\\\/#primaryimage\"},\"thumbnailUrl\":\"https:\\\/\\\/adexa.ee\\\/wp-content\\\/uploads\\\/2025\\\/05\\\/smsjy8060.jpg\",\"datePublished\":\"2026-03-26T09:25:24+00:00\",\"dateModified\":\"2026-03-26T17:55:35+00:00\",\"breadcrumb\":{\"@id\":\"https:\\\/\\\/adexa.ee\\\/toode\\\/madala-kaubandusliku-poti-pesemise-kraanikauss-roostevaba-teras-1-kauss-pritsmekaitse-800x600x660mm-kandilised-jalad-adexa-smsjy8060\\\/#breadcrumb\"},\"inLanguage\":\"en-US\",\"potentialAction\":[{\"@type\":\"ReadAction\",\"target\":[\"https:\\\/\\\/adexa.ee\\\/toode\\\/madala-kaubandusliku-poti-pesemise-kraanikauss-roostevaba-teras-1-kauss-pritsmekaitse-800x600x660mm-kandilised-jalad-adexa-smsjy8060\\\/\"]}]},{\"@type\":\"ImageObject\",\"inLanguage\":\"en-US\",\"@id\":\"https:\\\/\\\/adexa.ee\\\/toode\\\/madala-kaubandusliku-poti-pesemise-kraanikauss-roostevaba-teras-1-kauss-pritsmekaitse-800x600x660mm-kandilised-jalad-adexa-smsjy8060\\\/#primaryimage\",\"url\":\"https:\\\/\\\/adexa.ee\\\/wp-content\\\/uploads\\\/2025\\\/05\\\/smsjy8060.jpg\",\"contentUrl\":\"https:\\\/\\\/adexa.ee\\\/wp-content\\\/uploads\\\/2025\\\/05\\\/smsjy8060.jpg\",\"width\":1170,\"height\":1170},{\"@type\":\"BreadcrumbList\",\"@id\":\"https:\\\/\\\/adexa.ee\\\/toode\\\/madala-kaubandusliku-poti-pesemise-kraanikauss-roostevaba-teras-1-kauss-pritsmekaitse-800x600x660mm-kandilised-jalad-adexa-smsjy8060\\\/#breadcrumb\",\"itemListElement\":[{\"@type\":\"ListItem\",\"position\":1,\"name\":\"Home\",\"item\":\"https:\\\/\\\/adexa.ee\\\/\"},{\"@type\":\"ListItem\",\"position\":2,\"name\":\"Tooted\",\"item\":\"https:\\\/\\\/adexa.ee\\\/pood\\\/\"},{\"@type\":\"ListItem\",\"position\":3,\"name\":\"Madala kaubandusliku poti pesemise kraanikauss, roostevaba teras, 1 kauss, pritsmekaitse, 800x600x660mm, kandilised jalad | Adexa SMSJY8060\"}]},{\"@type\":\"WebSite\",\"@id\":\"https:\\\/\\\/adexa.ee\\\/#website\",\"url\":\"https:\\\/\\\/adexa.ee\\\/\",\"name\":\"Adexa\",\"description\":\"\",\"publisher\":{\"@id\":\"https:\\\/\\\/adexa.ee\\\/#organization\"},\"potentialAction\":[{\"@type\":\"SearchAction\",\"target\":{\"@type\":\"EntryPoint\",\"urlTemplate\":\"https:\\\/\\\/adexa.ee\\\/?s={search_term_string}\"},\"query-input\":{\"@type\":\"PropertyValueSpecification\",\"valueRequired\":true,\"valueName\":\"search_term_string\"}}],\"inLanguage\":\"en-US\"},{\"@type\":\"Organization\",\"@id\":\"https:\\\/\\\/adexa.ee\\\/#organization\",\"name\":\"Adexa\",\"url\":\"https:\\\/\\\/adexa.ee\\\/\",\"logo\":{\"@type\":\"ImageObject\",\"inLanguage\":\"en-US\",\"@id\":\"https:\\\/\\\/adexa.ee\\\/#\\\/schema\\\/logo\\\/image\\\/\",\"url\":\"https:\\\/\\\/adexa.ee\\\/wp-content\\\/uploads\\\/2024\\\/04\\\/chef-cooks-working-in-professional-kitchen-2023-11-27-05-07-39-utc-scaled.jpg\",\"contentUrl\":\"https:\\\/\\\/adexa.ee\\\/wp-content\\\/uploads\\\/2024\\\/04\\\/chef-cooks-working-in-professional-kitchen-2023-11-27-05-07-39-utc-scaled.jpg\",\"width\":2560,\"height\":1708,\"caption\":\"Adexa\"},\"image\":{\"@id\":\"https:\\\/\\\/adexa.ee\\\/#\\\/schema\\\/logo\\\/image\\\/\"}}]}<\/script>\n<!-- \/ Yoast SEO plugin. -->","yoast_head_json":{"title":"Madala kaubandusliku poti pesemise kraanikauss, roostevaba teras, 1 kauss, pritsmekaitse, 800x600x660mm, kandilised jalad | Adexa SMSJY8060 - Adexa \u2013 Suurk\u00f6\u00f6giseadmed restoranidele ja toitlustusele","robots":{"index":"index","follow":"follow","max-snippet":"max-snippet:-1","max-image-preview":"max-image-preview:large","max-video-preview":"max-video-preview:-1"},"canonical":"https:\/\/adexa.ee\/toode\/madala-kaubandusliku-poti-pesemise-kraanikauss-roostevaba-teras-1-kauss-pritsmekaitse-800x600x660mm-kandilised-jalad-adexa-smsjy8060\/","og_locale":"en_US","og_type":"article","og_title":"Madala kaubandusliku poti pesemise kraanikauss, roostevaba teras, 1 kauss, pritsmekaitse, 800x600x660mm, kandilised jalad | Adexa SMSJY8060 - Adexa \u2013 Suurk\u00f6\u00f6giseadmed restoranidele ja toitlustusele","og_description":"See on suurep\u00e4rane hinna ja kvaliteedi suhtega kaubanduslik poti pesemise kraanikauss. Tugevdatud, premium kvaliteediga, t\u00e4ielikult roostevabast terasest professionaalne kraanikauss, mis","og_url":"https:\/\/adexa.ee\/toode\/madala-kaubandusliku-poti-pesemise-kraanikauss-roostevaba-teras-1-kauss-pritsmekaitse-800x600x660mm-kandilised-jalad-adexa-smsjy8060\/","og_site_name":"Adexa \u2013 Suurk\u00f6\u00f6giseadmed restoranidele ja toitlustusele","article_modified_time":"2026-03-26T17:55:35+00:00","og_image":[{"width":1170,"height":1170,"url":"https:\/\/adexa.ee\/wp-content\/uploads\/2025\/05\/smsjy8060.jpg","type":"image\/jpeg"}],"twitter_card":"summary_large_image","schema":{"@context":"https:\/\/schema.org","@graph":[{"@type":"WebPage","@id":"https:\/\/adexa.ee\/toode\/madala-kaubandusliku-poti-pesemise-kraanikauss-roostevaba-teras-1-kauss-pritsmekaitse-800x600x660mm-kandilised-jalad-adexa-smsjy8060\/","url":"https:\/\/adexa.ee\/toode\/madala-kaubandusliku-poti-pesemise-kraanikauss-roostevaba-teras-1-kauss-pritsmekaitse-800x600x660mm-kandilised-jalad-adexa-smsjy8060\/","name":"Madala kaubandusliku poti pesemise kraanikauss, roostevaba teras, 1 kauss, pritsmekaitse, 800x600x660mm, kandilised jalad | Adexa SMSJY8060 - Adexa \u2013 Suurk\u00f6\u00f6giseadmed restoranidele ja toitlustusele","isPartOf":{"@id":"https:\/\/adexa.ee\/#website"},"primaryImageOfPage":{"@id":"https:\/\/adexa.ee\/toode\/madala-kaubandusliku-poti-pesemise-kraanikauss-roostevaba-teras-1-kauss-pritsmekaitse-800x600x660mm-kandilised-jalad-adexa-smsjy8060\/#primaryimage"},"image":{"@id":"https:\/\/adexa.ee\/toode\/madala-kaubandusliku-poti-pesemise-kraanikauss-roostevaba-teras-1-kauss-pritsmekaitse-800x600x660mm-kandilised-jalad-adexa-smsjy8060\/#primaryimage"},"thumbnailUrl":"https:\/\/adexa.ee\/wp-content\/uploads\/2025\/05\/smsjy8060.jpg","datePublished":"2026-03-26T09:25:24+00:00","dateModified":"2026-03-26T17:55:35+00:00","breadcrumb":{"@id":"https:\/\/adexa.ee\/toode\/madala-kaubandusliku-poti-pesemise-kraanikauss-roostevaba-teras-1-kauss-pritsmekaitse-800x600x660mm-kandilised-jalad-adexa-smsjy8060\/#breadcrumb"},"inLanguage":"en-US","potentialAction":[{"@type":"ReadAction","target":["https:\/\/adexa.ee\/toode\/madala-kaubandusliku-poti-pesemise-kraanikauss-roostevaba-teras-1-kauss-pritsmekaitse-800x600x660mm-kandilised-jalad-adexa-smsjy8060\/"]}]},{"@type":"ImageObject","inLanguage":"en-US","@id":"https:\/\/adexa.ee\/toode\/madala-kaubandusliku-poti-pesemise-kraanikauss-roostevaba-teras-1-kauss-pritsmekaitse-800x600x660mm-kandilised-jalad-adexa-smsjy8060\/#primaryimage","url":"https:\/\/adexa.ee\/wp-content\/uploads\/2025\/05\/smsjy8060.jpg","contentUrl":"https:\/\/adexa.ee\/wp-content\/uploads\/2025\/05\/smsjy8060.jpg","width":1170,"height":1170},{"@type":"BreadcrumbList","@id":"https:\/\/adexa.ee\/toode\/madala-kaubandusliku-poti-pesemise-kraanikauss-roostevaba-teras-1-kauss-pritsmekaitse-800x600x660mm-kandilised-jalad-adexa-smsjy8060\/#breadcrumb","itemListElement":[{"@type":"ListItem","position":1,"name":"Home","item":"https:\/\/adexa.ee\/"},{"@type":"ListItem","position":2,"name":"Tooted","item":"https:\/\/adexa.ee\/pood\/"},{"@type":"ListItem","position":3,"name":"Madala kaubandusliku poti pesemise kraanikauss, roostevaba teras, 1 kauss, pritsmekaitse, 800x600x660mm, kandilised jalad | Adexa SMSJY8060"}]},{"@type":"WebSite","@id":"https:\/\/adexa.ee\/#website","url":"https:\/\/adexa.ee\/","name":"Adexa","description":"","publisher":{"@id":"https:\/\/adexa.ee\/#organization"},"potentialAction":[{"@type":"SearchAction","target":{"@type":"EntryPoint","urlTemplate":"https:\/\/adexa.ee\/?s={search_term_string}"},"query-input":{"@type":"PropertyValueSpecification","valueRequired":true,"valueName":"search_term_string"}}],"inLanguage":"en-US"},{"@type":"Organization","@id":"https:\/\/adexa.ee\/#organization","name":"Adexa","url":"https:\/\/adexa.ee\/","logo":{"@type":"ImageObject","inLanguage":"en-US","@id":"https:\/\/adexa.ee\/#\/schema\/logo\/image\/","url":"https:\/\/adexa.ee\/wp-content\/uploads\/2024\/04\/chef-cooks-working-in-professional-kitchen-2023-11-27-05-07-39-utc-scaled.jpg","contentUrl":"https:\/\/adexa.ee\/wp-content\/uploads\/2024\/04\/chef-cooks-working-in-professional-kitchen-2023-11-27-05-07-39-utc-scaled.jpg","width":2560,"height":1708,"caption":"Adexa"},"image":{"@id":"https:\/\/adexa.ee\/#\/schema\/logo\/image\/"}}]}},"_links":{"self":[{"href":"https:\/\/adexa.ee\/en\/wp-json\/wp\/v2\/product\/32727","targetHints":{"allow":["GET"]}}],"collection":[{"href":"https:\/\/adexa.ee\/en\/wp-json\/wp\/v2\/product"}],"about":[{"href":"https:\/\/adexa.ee\/en\/wp-json\/wp\/v2\/types\/product"}],"wp:featuredmedia":[{"embeddable":true,"href":"https:\/\/adexa.ee\/en\/wp-json\/wp\/v2\/media\/32729"}],"wp:attachment":[{"href":"https:\/\/adexa.ee\/en\/wp-json\/wp\/v2\/media?parent=32727"}],"wp:term":[{"taxonomy":"product_brand","embeddable":true,"href":"https:\/\/adexa.ee\/en\/wp-json\/wp\/v2\/product_brand?post=32727"},{"taxonomy":"product_cat","embeddable":true,"href":"https:\/\/adexa.ee\/en\/wp-json\/wp\/v2\/product_cat?post=32727"},{"taxonomy":"product_tag","embeddable":true,"href":"https:\/\/adexa.ee\/en\/wp-json\/wp\/v2\/product_tag?post=32727"}],"curies":[{"name":"wp","href":"https:\/\/api.w.org\/{rel}","templated":true}]}}