{"id":32775,"date":"2026-03-26T11:25:35","date_gmt":"2026-03-26T09:25:35","guid":{"rendered":"https:\/\/adexa.ee\/toode\/kommertsiaalne-kraanikauss-2-sahtliga-roostevaba-teras-1-kauss-vasak-alumine-riiul-kaitsev-naistepinu-1800x700x900mm-adexa-dsa180702dl\/"},"modified":"2026-03-26T11:25:36","modified_gmt":"2026-03-26T09:25:36","slug":"kaupmehe-valamu-liugustega-roostevaba-teras-1-kauss-vasak-alumine-riiul-pritsmealus-1800x700x900mm-adexa-dsa180702dl","status":"publish","type":"product","link":"https:\/\/adexa.ee\/en\/toode\/kaupmehe-valamu-liugustega-roostevaba-teras-1-kauss-vasak-alumine-riiul-pritsmealus-1800x700x900mm-adexa-dsa180702dl\/","title":{"rendered":"Kaupmehe valamu liugustega Roostevaba teras 1 kauss Vasak Alumine riiul Pritsmealus 1800x700x900mm | Adexa DSA180702DL"},"content":{"rendered":"<p>See on raha eest h\u00e4mmastav v\u00e4\u00e4rtus. Rasket\u00fc\u00fcpi, esmaklassiline, t\u00e4ielikult roostevabast terasest valamu, et vastata toitlustust\u00f6\u00f6stuse k\u00f5rgetele kvaliteedistandarditele. Ei mingeid tsingitud osi nagu odavatel alternatiividel turul! Roostevabast terasest konstruktsioon Alumine riiul Reguleeritavad jalad Antivoolu\u00e4\u00e4ris Pritsmealus 100mm Lamedalt pakitud Dokumendid Kl\u00f5psake siin, et alla laadida kokkupaneku juhised Palun vaadake \u00fcksikasjaliku info saamiseks jaotist \u201eSpetsifikatsioon\u201d.<\/p>\n<table style=\"border-collapse: collapse; width: 100%; text-align: left;\">\n<tbody>\n<tr>\n<td style=\"border: 1px solid #ddd; padding: 8px; width: 45%;\"><strong>S\u00fcgavus<\/strong><\/td>\n<td style=\"border: 1px solid #ddd; padding: 8px;\">700mm<\/td>\n<\/tr>\n<tr>\n<td style=\"border: 1px solid #ddd; padding: 8px; width: 45%;\"><strong>K\u00f5rgus<\/strong><\/td>\n<td style=\"border: 1px solid #ddd; padding: 8px;\">900mm (+100mm tagakaitse)<\/td>\n<\/tr>\n<tr>\n<td style=\"border: 1px solid #ddd; padding: 8px; width: 45%;\"><strong>Laius<\/strong><\/td>\n<td style=\"border: 1px solid #ddd; padding: 8px;\">1800mm<\/td>\n<\/tr>\n<tr>\n<td style=\"border: 1px solid #ddd; padding: 8px; width: 45%;\"><strong>Kaal<\/strong><\/td>\n<td style=\"border: 1px solid #ddd; padding: 8px;\">50 kg<\/td>\n<\/tr>\n<tr>\n<td style=\"border: 1px solid #ddd; padding: 8px; width: 45%;\"><strong>Garantii<\/strong><\/td>\n<td style=\"border: 1px solid #ddd; padding: 8px;\">12 kuu varuosade garantii<\/td>\n<\/tr>\n<tr>\n<td style=\"border: 1px solid #ddd; padding: 8px; width: 45%;\"><strong>Kokku panemine<\/strong><\/td>\n<td style=\"border: 1px solid #ddd; padding: 8px;\">Lahtiv\u00f5etud<\/td>\n<\/tr>\n<tr>\n<td style=\"border: 1px solid #ddd; padding: 8px; width: 45%;\"><strong>Alumine riiul<\/strong><\/td>\n<td style=\"border: 1px solid #ddd; padding: 8px;\">Jah<\/td>\n<\/tr>\n<tr>\n<td style=\"border: 1px solid #ddd; padding: 8px; width: 45%;\"><strong>Kausi asukoht<\/strong><\/td>\n<td style=\"border: 1px solid #ddd; padding: 8px;\">Vasak<\/td>\n<\/tr>\n<tr>\n<td style=\"border: 1px solid #ddd; padding: 8px; width: 45%;\"><strong>Jalad<\/strong><\/td>\n<td style=\"border: 1px solid #ddd; padding: 8px;\">Reguleeritavad jalad<\/td>\n<\/tr>\n<tr>\n<td style=\"border: 1px solid #ddd; padding: 8px; width: 45%;\"><strong>Materjal<\/strong><\/td>\n<td style=\"border: 1px solid #ddd; padding: 8px;\">Roostevaba teras<\/td>\n<\/tr>\n<tr>\n<td style=\"border: 1px solid #ddd; padding: 8px; width: 45%;\"><strong>Kaasas<\/strong><\/td>\n<td style=\"border: 1px solid #ddd; padding: 8px;\">2 sahtli konteinerid<\/td>\n<\/tr>\n<tr>\n<td style=\"border: 1px solid #ddd; padding: 8px; width: 45%;\"><strong>Valamu kausid<\/strong><\/td>\n<td style=\"border: 1px solid #ddd; padding: 8px;\">1<\/td>\n<\/tr>\n<tr>\n<td style=\"border: 1px solid #ddd; padding: 8px; width: 45%;\"><strong>Pritsekaitse<\/strong><\/td>\n<td style=\"border: 1px solid #ddd; padding: 8px;\">Jah<\/td>\n<\/tr>\n<tr>\n<td style=\"border: 1px solid #ddd; padding: 8px; width: 45%;\"><strong>L\u00e4bim\u00f5\u00f5t<\/strong><\/td>\n<td style=\"border: 1px solid #ddd; padding: 8px;\">3,5&#8221; \/ 89mm (\u00e4ravooluava) \/ 32mm (segistiava)<\/td>\n<\/tr>\n<tr>\n<td style=\"border: 1px solid #ddd; padding: 8px; width: 45%;\"><strong>Sahtel(d)<\/strong><\/td>\n<td style=\"border: 1px solid #ddd; padding: 8px;\">2 (kuullaagrite liuguritega sujuvaks avamiseks ja sulgemiseks)<\/td>\n<\/tr>\n<tr>\n<td style=\"border: 1px solid #ddd; padding: 8px; width: 45%;\"><strong>M\u00f5\u00f5tmed (valamu kauss)<\/strong><\/td>\n<td style=\"border: 1px solid #ddd; padding: 8px;\">450x450x250 mm<\/td>\n<\/tr>\n<\/tbody>\n<\/table>\n","protected":false},"excerpt":{"rendered":"<p>See on raha eest h\u00e4mmastav v\u00e4\u00e4rtus. Rasket\u00fc\u00fcpi, esmaklassiline, t\u00e4ielikult roostevabast terasest valamu, et vastata toitlustust\u00f6\u00f6stuse k\u00f5rgetele kvaliteedistandarditele. Ei mingeid tsingitud<\/p>\n","protected":false},"featured_media":33713,"template":"","meta":[],"product_brand":[],"product_cat":[968,574,575,609,572,573],"product_tag":[],"class_list":{"0":"post-32775","1":"product","2":"type-product","3":"status-publish","4":"has-post-thumbnail","6":"product_cat-valamud","7":"product_cat-600-mm-uhe-valamuga","8":"product_cat-700-mm-uhe-valamuga","9":"product_cat-noudepesu","10":"product_cat-roostevabad-tooted","11":"product_cat-uhesed-ja-kahesed-valamud","13":"first","14":"instock","15":"sale","16":"taxable","17":"shipping-taxable","18":"purchasable","19":"product-type-simple"},"yoast_head":"<!-- This site is optimized with the Yoast SEO plugin v27.3 - https:\/\/yoast.com\/product\/yoast-seo-wordpress\/ -->\n<title>Kaupmehe valamu liugustega Roostevaba teras 1 kauss Vasak Alumine riiul Pritsmealus 1800x700x900mm | Adexa DSA180702DL - Adexa \u2013 Suurk\u00f6\u00f6giseadmed restoranidele ja toitlustusele<\/title>\n<meta name=\"robots\" content=\"index, follow, max-snippet:-1, max-image-preview:large, max-video-preview:-1\" \/>\n<link rel=\"canonical\" href=\"https:\/\/adexa.ee\/toode\/kaupmehe-valamu-liugustega-roostevaba-teras-1-kauss-vasak-alumine-riiul-pritsmealus-1800x700x900mm-adexa-dsa180702dl\/\" \/>\n<meta property=\"og:locale\" content=\"en_US\" \/>\n<meta property=\"og:type\" content=\"article\" \/>\n<meta property=\"og:title\" content=\"Kaupmehe valamu liugustega Roostevaba teras 1 kauss Vasak Alumine riiul Pritsmealus 1800x700x900mm | Adexa DSA180702DL - Adexa \u2013 Suurk\u00f6\u00f6giseadmed restoranidele ja toitlustusele\" \/>\n<meta property=\"og:description\" content=\"See on raha eest h\u00e4mmastav v\u00e4\u00e4rtus. Rasket\u00fc\u00fcpi, esmaklassiline, t\u00e4ielikult roostevabast terasest valamu, et vastata toitlustust\u00f6\u00f6stuse k\u00f5rgetele kvaliteedistandarditele. Ei mingeid tsingitud\" \/>\n<meta property=\"og:url\" content=\"https:\/\/adexa.ee\/toode\/kaupmehe-valamu-liugustega-roostevaba-teras-1-kauss-vasak-alumine-riiul-pritsmealus-1800x700x900mm-adexa-dsa180702dl\/\" \/>\n<meta property=\"og:site_name\" content=\"Adexa \u2013 Suurk\u00f6\u00f6giseadmed restoranidele ja toitlustusele\" \/>\n<meta property=\"article:modified_time\" content=\"2026-03-26T09:25:36+00:00\" \/>\n<meta property=\"og:image\" content=\"https:\/\/adexa.ee\/wp-content\/uploads\/2025\/07\/DSA180602DL.2.jpg\" \/>\n\t<meta property=\"og:image:width\" content=\"1200\" \/>\n\t<meta property=\"og:image:height\" content=\"1200\" \/>\n\t<meta property=\"og:image:type\" content=\"image\/jpeg\" \/>\n<meta name=\"twitter:card\" content=\"summary_large_image\" \/>\n<meta name=\"twitter:label1\" content=\"Est. reading time\" \/>\n\t<meta name=\"twitter:data1\" content=\"1 minute\" \/>\n<script type=\"application\/ld+json\" class=\"yoast-schema-graph\">{\"@context\":\"https:\\\/\\\/schema.org\",\"@graph\":[{\"@type\":\"WebPage\",\"@id\":\"https:\\\/\\\/adexa.ee\\\/toode\\\/kaupmehe-valamu-liugustega-roostevaba-teras-1-kauss-vasak-alumine-riiul-pritsmealus-1800x700x900mm-adexa-dsa180702dl\\\/\",\"url\":\"https:\\\/\\\/adexa.ee\\\/toode\\\/kaupmehe-valamu-liugustega-roostevaba-teras-1-kauss-vasak-alumine-riiul-pritsmealus-1800x700x900mm-adexa-dsa180702dl\\\/\",\"name\":\"Kaupmehe valamu liugustega Roostevaba teras 1 kauss Vasak Alumine riiul Pritsmealus 1800x700x900mm | Adexa DSA180702DL - Adexa \u2013 Suurk\u00f6\u00f6giseadmed restoranidele ja toitlustusele\",\"isPartOf\":{\"@id\":\"https:\\\/\\\/adexa.ee\\\/#website\"},\"primaryImageOfPage\":{\"@id\":\"https:\\\/\\\/adexa.ee\\\/toode\\\/kaupmehe-valamu-liugustega-roostevaba-teras-1-kauss-vasak-alumine-riiul-pritsmealus-1800x700x900mm-adexa-dsa180702dl\\\/#primaryimage\"},\"image\":{\"@id\":\"https:\\\/\\\/adexa.ee\\\/toode\\\/kaupmehe-valamu-liugustega-roostevaba-teras-1-kauss-vasak-alumine-riiul-pritsmealus-1800x700x900mm-adexa-dsa180702dl\\\/#primaryimage\"},\"thumbnailUrl\":\"https:\\\/\\\/adexa.ee\\\/wp-content\\\/uploads\\\/2025\\\/07\\\/DSA180602DL.2.jpg\",\"datePublished\":\"2026-03-26T09:25:35+00:00\",\"dateModified\":\"2026-03-26T09:25:36+00:00\",\"breadcrumb\":{\"@id\":\"https:\\\/\\\/adexa.ee\\\/toode\\\/kaupmehe-valamu-liugustega-roostevaba-teras-1-kauss-vasak-alumine-riiul-pritsmealus-1800x700x900mm-adexa-dsa180702dl\\\/#breadcrumb\"},\"inLanguage\":\"en-US\",\"potentialAction\":[{\"@type\":\"ReadAction\",\"target\":[\"https:\\\/\\\/adexa.ee\\\/toode\\\/kaupmehe-valamu-liugustega-roostevaba-teras-1-kauss-vasak-alumine-riiul-pritsmealus-1800x700x900mm-adexa-dsa180702dl\\\/\"]}]},{\"@type\":\"ImageObject\",\"inLanguage\":\"en-US\",\"@id\":\"https:\\\/\\\/adexa.ee\\\/toode\\\/kaupmehe-valamu-liugustega-roostevaba-teras-1-kauss-vasak-alumine-riiul-pritsmealus-1800x700x900mm-adexa-dsa180702dl\\\/#primaryimage\",\"url\":\"https:\\\/\\\/adexa.ee\\\/wp-content\\\/uploads\\\/2025\\\/07\\\/DSA180602DL.2.jpg\",\"contentUrl\":\"https:\\\/\\\/adexa.ee\\\/wp-content\\\/uploads\\\/2025\\\/07\\\/DSA180602DL.2.jpg\",\"width\":1200,\"height\":1200},{\"@type\":\"BreadcrumbList\",\"@id\":\"https:\\\/\\\/adexa.ee\\\/toode\\\/kaupmehe-valamu-liugustega-roostevaba-teras-1-kauss-vasak-alumine-riiul-pritsmealus-1800x700x900mm-adexa-dsa180702dl\\\/#breadcrumb\",\"itemListElement\":[{\"@type\":\"ListItem\",\"position\":1,\"name\":\"Home\",\"item\":\"https:\\\/\\\/adexa.ee\\\/\"},{\"@type\":\"ListItem\",\"position\":2,\"name\":\"Tooted\",\"item\":\"https:\\\/\\\/adexa.ee\\\/pood\\\/\"},{\"@type\":\"ListItem\",\"position\":3,\"name\":\"Kaupmehe valamu liugustega Roostevaba teras 1 kauss Vasak Alumine riiul Pritsmealus 1800x700x900mm | Adexa DSA180702DL\"}]},{\"@type\":\"WebSite\",\"@id\":\"https:\\\/\\\/adexa.ee\\\/#website\",\"url\":\"https:\\\/\\\/adexa.ee\\\/\",\"name\":\"Adexa\",\"description\":\"\",\"publisher\":{\"@id\":\"https:\\\/\\\/adexa.ee\\\/#organization\"},\"potentialAction\":[{\"@type\":\"SearchAction\",\"target\":{\"@type\":\"EntryPoint\",\"urlTemplate\":\"https:\\\/\\\/adexa.ee\\\/?s={search_term_string}\"},\"query-input\":{\"@type\":\"PropertyValueSpecification\",\"valueRequired\":true,\"valueName\":\"search_term_string\"}}],\"inLanguage\":\"en-US\"},{\"@type\":\"Organization\",\"@id\":\"https:\\\/\\\/adexa.ee\\\/#organization\",\"name\":\"Adexa\",\"url\":\"https:\\\/\\\/adexa.ee\\\/\",\"logo\":{\"@type\":\"ImageObject\",\"inLanguage\":\"en-US\",\"@id\":\"https:\\\/\\\/adexa.ee\\\/#\\\/schema\\\/logo\\\/image\\\/\",\"url\":\"https:\\\/\\\/adexa.ee\\\/wp-content\\\/uploads\\\/2024\\\/04\\\/chef-cooks-working-in-professional-kitchen-2023-11-27-05-07-39-utc-scaled.jpg\",\"contentUrl\":\"https:\\\/\\\/adexa.ee\\\/wp-content\\\/uploads\\\/2024\\\/04\\\/chef-cooks-working-in-professional-kitchen-2023-11-27-05-07-39-utc-scaled.jpg\",\"width\":2560,\"height\":1708,\"caption\":\"Adexa\"},\"image\":{\"@id\":\"https:\\\/\\\/adexa.ee\\\/#\\\/schema\\\/logo\\\/image\\\/\"}}]}<\/script>\n<!-- \/ Yoast SEO plugin. -->","yoast_head_json":{"title":"Kaupmehe valamu liugustega Roostevaba teras 1 kauss Vasak Alumine riiul Pritsmealus 1800x700x900mm | Adexa DSA180702DL - Adexa \u2013 Suurk\u00f6\u00f6giseadmed restoranidele ja toitlustusele","robots":{"index":"index","follow":"follow","max-snippet":"max-snippet:-1","max-image-preview":"max-image-preview:large","max-video-preview":"max-video-preview:-1"},"canonical":"https:\/\/adexa.ee\/toode\/kaupmehe-valamu-liugustega-roostevaba-teras-1-kauss-vasak-alumine-riiul-pritsmealus-1800x700x900mm-adexa-dsa180702dl\/","og_locale":"en_US","og_type":"article","og_title":"Kaupmehe valamu liugustega Roostevaba teras 1 kauss Vasak Alumine riiul Pritsmealus 1800x700x900mm | Adexa DSA180702DL - Adexa \u2013 Suurk\u00f6\u00f6giseadmed restoranidele ja toitlustusele","og_description":"See on raha eest h\u00e4mmastav v\u00e4\u00e4rtus. Rasket\u00fc\u00fcpi, esmaklassiline, t\u00e4ielikult roostevabast terasest valamu, et vastata toitlustust\u00f6\u00f6stuse k\u00f5rgetele kvaliteedistandarditele. Ei mingeid tsingitud","og_url":"https:\/\/adexa.ee\/toode\/kaupmehe-valamu-liugustega-roostevaba-teras-1-kauss-vasak-alumine-riiul-pritsmealus-1800x700x900mm-adexa-dsa180702dl\/","og_site_name":"Adexa \u2013 Suurk\u00f6\u00f6giseadmed restoranidele ja toitlustusele","article_modified_time":"2026-03-26T09:25:36+00:00","og_image":[{"width":1200,"height":1200,"url":"https:\/\/adexa.ee\/wp-content\/uploads\/2025\/07\/DSA180602DL.2.jpg","type":"image\/jpeg"}],"twitter_card":"summary_large_image","twitter_misc":{"Est. reading time":"1 minute"},"schema":{"@context":"https:\/\/schema.org","@graph":[{"@type":"WebPage","@id":"https:\/\/adexa.ee\/toode\/kaupmehe-valamu-liugustega-roostevaba-teras-1-kauss-vasak-alumine-riiul-pritsmealus-1800x700x900mm-adexa-dsa180702dl\/","url":"https:\/\/adexa.ee\/toode\/kaupmehe-valamu-liugustega-roostevaba-teras-1-kauss-vasak-alumine-riiul-pritsmealus-1800x700x900mm-adexa-dsa180702dl\/","name":"Kaupmehe valamu liugustega Roostevaba teras 1 kauss Vasak Alumine riiul Pritsmealus 1800x700x900mm | Adexa DSA180702DL - Adexa \u2013 Suurk\u00f6\u00f6giseadmed restoranidele ja toitlustusele","isPartOf":{"@id":"https:\/\/adexa.ee\/#website"},"primaryImageOfPage":{"@id":"https:\/\/adexa.ee\/toode\/kaupmehe-valamu-liugustega-roostevaba-teras-1-kauss-vasak-alumine-riiul-pritsmealus-1800x700x900mm-adexa-dsa180702dl\/#primaryimage"},"image":{"@id":"https:\/\/adexa.ee\/toode\/kaupmehe-valamu-liugustega-roostevaba-teras-1-kauss-vasak-alumine-riiul-pritsmealus-1800x700x900mm-adexa-dsa180702dl\/#primaryimage"},"thumbnailUrl":"https:\/\/adexa.ee\/wp-content\/uploads\/2025\/07\/DSA180602DL.2.jpg","datePublished":"2026-03-26T09:25:35+00:00","dateModified":"2026-03-26T09:25:36+00:00","breadcrumb":{"@id":"https:\/\/adexa.ee\/toode\/kaupmehe-valamu-liugustega-roostevaba-teras-1-kauss-vasak-alumine-riiul-pritsmealus-1800x700x900mm-adexa-dsa180702dl\/#breadcrumb"},"inLanguage":"en-US","potentialAction":[{"@type":"ReadAction","target":["https:\/\/adexa.ee\/toode\/kaupmehe-valamu-liugustega-roostevaba-teras-1-kauss-vasak-alumine-riiul-pritsmealus-1800x700x900mm-adexa-dsa180702dl\/"]}]},{"@type":"ImageObject","inLanguage":"en-US","@id":"https:\/\/adexa.ee\/toode\/kaupmehe-valamu-liugustega-roostevaba-teras-1-kauss-vasak-alumine-riiul-pritsmealus-1800x700x900mm-adexa-dsa180702dl\/#primaryimage","url":"https:\/\/adexa.ee\/wp-content\/uploads\/2025\/07\/DSA180602DL.2.jpg","contentUrl":"https:\/\/adexa.ee\/wp-content\/uploads\/2025\/07\/DSA180602DL.2.jpg","width":1200,"height":1200},{"@type":"BreadcrumbList","@id":"https:\/\/adexa.ee\/toode\/kaupmehe-valamu-liugustega-roostevaba-teras-1-kauss-vasak-alumine-riiul-pritsmealus-1800x700x900mm-adexa-dsa180702dl\/#breadcrumb","itemListElement":[{"@type":"ListItem","position":1,"name":"Home","item":"https:\/\/adexa.ee\/"},{"@type":"ListItem","position":2,"name":"Tooted","item":"https:\/\/adexa.ee\/pood\/"},{"@type":"ListItem","position":3,"name":"Kaupmehe valamu liugustega Roostevaba teras 1 kauss Vasak Alumine riiul Pritsmealus 1800x700x900mm | Adexa DSA180702DL"}]},{"@type":"WebSite","@id":"https:\/\/adexa.ee\/#website","url":"https:\/\/adexa.ee\/","name":"Adexa","description":"","publisher":{"@id":"https:\/\/adexa.ee\/#organization"},"potentialAction":[{"@type":"SearchAction","target":{"@type":"EntryPoint","urlTemplate":"https:\/\/adexa.ee\/?s={search_term_string}"},"query-input":{"@type":"PropertyValueSpecification","valueRequired":true,"valueName":"search_term_string"}}],"inLanguage":"en-US"},{"@type":"Organization","@id":"https:\/\/adexa.ee\/#organization","name":"Adexa","url":"https:\/\/adexa.ee\/","logo":{"@type":"ImageObject","inLanguage":"en-US","@id":"https:\/\/adexa.ee\/#\/schema\/logo\/image\/","url":"https:\/\/adexa.ee\/wp-content\/uploads\/2024\/04\/chef-cooks-working-in-professional-kitchen-2023-11-27-05-07-39-utc-scaled.jpg","contentUrl":"https:\/\/adexa.ee\/wp-content\/uploads\/2024\/04\/chef-cooks-working-in-professional-kitchen-2023-11-27-05-07-39-utc-scaled.jpg","width":2560,"height":1708,"caption":"Adexa"},"image":{"@id":"https:\/\/adexa.ee\/#\/schema\/logo\/image\/"}}]}},"_links":{"self":[{"href":"https:\/\/adexa.ee\/en\/wp-json\/wp\/v2\/product\/32775","targetHints":{"allow":["GET"]}}],"collection":[{"href":"https:\/\/adexa.ee\/en\/wp-json\/wp\/v2\/product"}],"about":[{"href":"https:\/\/adexa.ee\/en\/wp-json\/wp\/v2\/types\/product"}],"wp:featuredmedia":[{"embeddable":true,"href":"https:\/\/adexa.ee\/en\/wp-json\/wp\/v2\/media\/33713"}],"wp:attachment":[{"href":"https:\/\/adexa.ee\/en\/wp-json\/wp\/v2\/media?parent=32775"}],"wp:term":[{"taxonomy":"product_brand","embeddable":true,"href":"https:\/\/adexa.ee\/en\/wp-json\/wp\/v2\/product_brand?post=32775"},{"taxonomy":"product_cat","embeddable":true,"href":"https:\/\/adexa.ee\/en\/wp-json\/wp\/v2\/product_cat?post=32775"},{"taxonomy":"product_tag","embeddable":true,"href":"https:\/\/adexa.ee\/en\/wp-json\/wp\/v2\/product_tag?post=32775"}],"curies":[{"name":"wp","href":"https:\/\/api.w.org\/{rel}","templated":true}]}}