{"id":32796,"date":"2026-03-26T11:25:35","date_gmt":"2026-03-26T09:25:35","guid":{"rendered":"https:\/\/adexa.ee\/toode\/kaubanduslik-ahjude-alus-5-tasapinnaga-kahekordse-gn-kandikuriiuliga-980x700x745mm-adexa-whdr5t\/"},"modified":"2026-03-26T11:25:38","modified_gmt":"2026-03-26T09:25:38","slug":"kaubanduslik-ahjude-alus-5-tasapinnaga-kahekordse-gn-kandikuriiuliga-980x700x745mm-adexa-whdr5t","status":"publish","type":"product","link":"https:\/\/adexa.ee\/en\/toode\/kaubanduslik-ahjude-alus-5-tasapinnaga-kahekordse-gn-kandikuriiuliga-980x700x745mm-adexa-whdr5t\/","title":{"rendered":"Kaubanduslik ahjude alus 5 tasapinnaga kahekordse GN kandikuriiuliga 980x700x745mm | Adexa WHDR5T"},"content":{"rendered":"<p>See kahekordne, 5 tasapinnaga roostevabast terasest riiul on m\u00f5eldud t\u00f5husalt hoidma 600&#215;400 mm kandikuid ja 1\/1 GN pannid, muutes selle h\u00e4davajalikuks t\u00f6\u00f6riistaks igas kaubanduslikus k\u00f6\u00f6gis. T\u00e4nu liikuvale hoiderelvale mahutab see erineva suurusega ahje, mille jalgade laius on kuni 880 mm ja jalgade s\u00fcgavus kuni 700 mm. Vastupidav ja h\u00fcgieeniline, riiul pakub piisavalt ruumi mitme kandiku v\u00f5i panni organiseerimiseks ja transportimiseks, mist\u00f5ttu on see ideaalne toitlustuses, pagari\u00e4ride ja toiduvalmistamise aladel. M\u00f5\u00f5tmed (LxSxK): 980 700 745 mm Mahutavus: 5 tasapinda Kandikute \u00fchilduvus: 600&#215;400 mm kandikud ja 1\/1-65 mm GN pannid Materjal: Roostevaba teras 201 Netokaal: 20,24 kg Palun vaadake all &#8216;Spetsifikatsioon&#8217; detailse teabe saamiseks.<\/p>\n<table style=\"border-collapse: collapse; width: 100%; text-align: left;\">\n<tbody>\n<tr>\n<td style=\"border: 1px solid #ddd; padding: 8px; width: 45%;\"><strong>S\u00fcgavus<\/strong><\/td>\n<td style=\"border: 1px solid #ddd; padding: 8px;\">700mm<\/td>\n<\/tr>\n<tr>\n<td style=\"border: 1px solid #ddd; padding: 8px; width: 45%;\"><strong>K\u00f5rgus<\/strong><\/td>\n<td style=\"border: 1px solid #ddd; padding: 8px;\">745 mm<\/td>\n<\/tr>\n<tr>\n<td style=\"border: 1px solid #ddd; padding: 8px; width: 45%;\"><strong>Laius<\/strong><\/td>\n<td style=\"border: 1px solid #ddd; padding: 8px;\">980 mm<\/td>\n<\/tr>\n<tr>\n<td style=\"border: 1px solid #ddd; padding: 8px; width: 45%;\"><strong>Kaal<\/strong><\/td>\n<td style=\"border: 1px solid #ddd; padding: 8px;\">20 kg<\/td>\n<\/tr>\n<tr>\n<td style=\"border: 1px solid #ddd; padding: 8px; width: 45%;\"><strong>Garantii<\/strong><\/td>\n<td style=\"border: 1px solid #ddd; padding: 8px;\">12 kuu varuosade garantii<\/td>\n<\/tr>\n<tr>\n<td style=\"border: 1px solid #ddd; padding: 8px; width: 45%;\"><strong>Mahutavus<\/strong><\/td>\n<td style=\"border: 1px solid #ddd; padding: 8px;\">10 kandikut<\/td>\n<\/tr>\n<tr>\n<td style=\"border: 1px solid #ddd; padding: 8px; width: 45%;\"><strong>Kokku panemine<\/strong><\/td>\n<td style=\"border: 1px solid #ddd; padding: 8px;\">Lahtiv\u00f5etud<\/td>\n<\/tr>\n<tr>\n<td style=\"border: 1px solid #ddd; padding: 8px; width: 45%;\"><strong>Plaadi\/V\u00f5re suurus<\/strong><\/td>\n<td style=\"border: 1px solid #ddd; padding: 8px;\">GN1\/1 \/ 600x400mm<\/td>\n<\/tr>\n<tr>\n<td style=\"border: 1px solid #ddd; padding: 8px; width: 45%;\"><strong>Materjal<\/strong><\/td>\n<td style=\"border: 1px solid #ddd; padding: 8px;\">Roostevaba teras<\/td>\n<\/tr>\n<tr>\n<td style=\"border: 1px solid #ddd; padding: 8px; width: 45%;\"><strong>M\u00f5\u00f5tmed (pealne)<\/strong><\/td>\n<td style=\"border: 1px solid #ddd; padding: 8px;\">Ahjud jalalaiusega kuni 880 mm ja jalas\u00fcgavusega kuni 700 mm<\/td>\n<\/tr>\n<\/tbody>\n<\/table>\n","protected":false},"excerpt":{"rendered":"<p>See kahekordne, 5 tasapinnaga roostevabast terasest riiul on m\u00f5eldud t\u00f5husalt hoidma 600&#215;400 mm kandikuid ja 1\/1 GN pannid, muutes selle<\/p>\n","protected":false},"featured_media":32798,"template":"","meta":[],"product_brand":[],"product_cat":[599,572,577],"product_tag":[],"class_list":{"0":"post-32796","1":"product","2":"type-product","3":"status-publish","4":"has-post-thumbnail","6":"product_cat-ahjud","7":"product_cat-roostevabad-tooted","8":"product_cat-seadmete-alusraamid","10":"first","11":"instock","12":"sale","13":"taxable","14":"shipping-taxable","15":"purchasable","16":"product-type-simple"},"yoast_head":"<!-- This site is optimized with the Yoast SEO plugin v27.3 - https:\/\/yoast.com\/product\/yoast-seo-wordpress\/ -->\n<title>Kaubanduslik ahjude alus 5 tasapinnaga kahekordse GN kandikuriiuliga 980x700x745mm | Adexa WHDR5T - Adexa \u2013 Suurk\u00f6\u00f6giseadmed restoranidele ja toitlustusele<\/title>\n<meta name=\"robots\" content=\"index, follow, max-snippet:-1, max-image-preview:large, max-video-preview:-1\" \/>\n<link rel=\"canonical\" href=\"https:\/\/adexa.ee\/toode\/kaubanduslik-ahjude-alus-5-tasapinnaga-kahekordse-gn-kandikuriiuliga-980x700x745mm-adexa-whdr5t\/\" \/>\n<meta property=\"og:locale\" content=\"en_US\" \/>\n<meta property=\"og:type\" content=\"article\" \/>\n<meta property=\"og:title\" content=\"Kaubanduslik ahjude alus 5 tasapinnaga kahekordse GN kandikuriiuliga 980x700x745mm | Adexa WHDR5T - Adexa \u2013 Suurk\u00f6\u00f6giseadmed restoranidele ja toitlustusele\" \/>\n<meta property=\"og:description\" content=\"See kahekordne, 5 tasapinnaga roostevabast terasest riiul on m\u00f5eldud t\u00f5husalt hoidma 600&#215;400 mm kandikuid ja 1\/1 GN pannid, muutes selle\" \/>\n<meta property=\"og:url\" content=\"https:\/\/adexa.ee\/toode\/kaubanduslik-ahjude-alus-5-tasapinnaga-kahekordse-gn-kandikuriiuliga-980x700x745mm-adexa-whdr5t\/\" \/>\n<meta property=\"og:site_name\" content=\"Adexa \u2013 Suurk\u00f6\u00f6giseadmed restoranidele ja toitlustusele\" \/>\n<meta property=\"article:modified_time\" content=\"2026-03-26T09:25:38+00:00\" \/>\n<meta property=\"og:image\" content=\"https:\/\/adexa.ee\/wp-content\/uploads\/2025\/05\/WHDR5T.jpg\" \/>\n\t<meta property=\"og:image:width\" content=\"1187\" \/>\n\t<meta property=\"og:image:height\" content=\"1187\" \/>\n\t<meta property=\"og:image:type\" content=\"image\/jpeg\" \/>\n<meta name=\"twitter:card\" content=\"summary_large_image\" \/>\n<meta name=\"twitter:label1\" content=\"Est. reading time\" \/>\n\t<meta name=\"twitter:data1\" content=\"1 minute\" \/>\n<script type=\"application\/ld+json\" class=\"yoast-schema-graph\">{\"@context\":\"https:\\\/\\\/schema.org\",\"@graph\":[{\"@type\":\"WebPage\",\"@id\":\"https:\\\/\\\/adexa.ee\\\/toode\\\/kaubanduslik-ahjude-alus-5-tasapinnaga-kahekordse-gn-kandikuriiuliga-980x700x745mm-adexa-whdr5t\\\/\",\"url\":\"https:\\\/\\\/adexa.ee\\\/toode\\\/kaubanduslik-ahjude-alus-5-tasapinnaga-kahekordse-gn-kandikuriiuliga-980x700x745mm-adexa-whdr5t\\\/\",\"name\":\"Kaubanduslik ahjude alus 5 tasapinnaga kahekordse GN kandikuriiuliga 980x700x745mm | Adexa WHDR5T - Adexa \u2013 Suurk\u00f6\u00f6giseadmed restoranidele ja toitlustusele\",\"isPartOf\":{\"@id\":\"https:\\\/\\\/adexa.ee\\\/#website\"},\"primaryImageOfPage\":{\"@id\":\"https:\\\/\\\/adexa.ee\\\/toode\\\/kaubanduslik-ahjude-alus-5-tasapinnaga-kahekordse-gn-kandikuriiuliga-980x700x745mm-adexa-whdr5t\\\/#primaryimage\"},\"image\":{\"@id\":\"https:\\\/\\\/adexa.ee\\\/toode\\\/kaubanduslik-ahjude-alus-5-tasapinnaga-kahekordse-gn-kandikuriiuliga-980x700x745mm-adexa-whdr5t\\\/#primaryimage\"},\"thumbnailUrl\":\"https:\\\/\\\/adexa.ee\\\/wp-content\\\/uploads\\\/2025\\\/05\\\/WHDR5T.jpg\",\"datePublished\":\"2026-03-26T09:25:35+00:00\",\"dateModified\":\"2026-03-26T09:25:38+00:00\",\"breadcrumb\":{\"@id\":\"https:\\\/\\\/adexa.ee\\\/toode\\\/kaubanduslik-ahjude-alus-5-tasapinnaga-kahekordse-gn-kandikuriiuliga-980x700x745mm-adexa-whdr5t\\\/#breadcrumb\"},\"inLanguage\":\"en-US\",\"potentialAction\":[{\"@type\":\"ReadAction\",\"target\":[\"https:\\\/\\\/adexa.ee\\\/toode\\\/kaubanduslik-ahjude-alus-5-tasapinnaga-kahekordse-gn-kandikuriiuliga-980x700x745mm-adexa-whdr5t\\\/\"]}]},{\"@type\":\"ImageObject\",\"inLanguage\":\"en-US\",\"@id\":\"https:\\\/\\\/adexa.ee\\\/toode\\\/kaubanduslik-ahjude-alus-5-tasapinnaga-kahekordse-gn-kandikuriiuliga-980x700x745mm-adexa-whdr5t\\\/#primaryimage\",\"url\":\"https:\\\/\\\/adexa.ee\\\/wp-content\\\/uploads\\\/2025\\\/05\\\/WHDR5T.jpg\",\"contentUrl\":\"https:\\\/\\\/adexa.ee\\\/wp-content\\\/uploads\\\/2025\\\/05\\\/WHDR5T.jpg\",\"width\":1187,\"height\":1187},{\"@type\":\"BreadcrumbList\",\"@id\":\"https:\\\/\\\/adexa.ee\\\/toode\\\/kaubanduslik-ahjude-alus-5-tasapinnaga-kahekordse-gn-kandikuriiuliga-980x700x745mm-adexa-whdr5t\\\/#breadcrumb\",\"itemListElement\":[{\"@type\":\"ListItem\",\"position\":1,\"name\":\"Home\",\"item\":\"https:\\\/\\\/adexa.ee\\\/\"},{\"@type\":\"ListItem\",\"position\":2,\"name\":\"Tooted\",\"item\":\"https:\\\/\\\/adexa.ee\\\/pood\\\/\"},{\"@type\":\"ListItem\",\"position\":3,\"name\":\"Kaubanduslik ahjude alus 5 tasapinnaga kahekordse GN kandikuriiuliga 980x700x745mm | Adexa WHDR5T\"}]},{\"@type\":\"WebSite\",\"@id\":\"https:\\\/\\\/adexa.ee\\\/#website\",\"url\":\"https:\\\/\\\/adexa.ee\\\/\",\"name\":\"Adexa\",\"description\":\"\",\"publisher\":{\"@id\":\"https:\\\/\\\/adexa.ee\\\/#organization\"},\"potentialAction\":[{\"@type\":\"SearchAction\",\"target\":{\"@type\":\"EntryPoint\",\"urlTemplate\":\"https:\\\/\\\/adexa.ee\\\/?s={search_term_string}\"},\"query-input\":{\"@type\":\"PropertyValueSpecification\",\"valueRequired\":true,\"valueName\":\"search_term_string\"}}],\"inLanguage\":\"en-US\"},{\"@type\":\"Organization\",\"@id\":\"https:\\\/\\\/adexa.ee\\\/#organization\",\"name\":\"Adexa\",\"url\":\"https:\\\/\\\/adexa.ee\\\/\",\"logo\":{\"@type\":\"ImageObject\",\"inLanguage\":\"en-US\",\"@id\":\"https:\\\/\\\/adexa.ee\\\/#\\\/schema\\\/logo\\\/image\\\/\",\"url\":\"https:\\\/\\\/adexa.ee\\\/wp-content\\\/uploads\\\/2024\\\/04\\\/chef-cooks-working-in-professional-kitchen-2023-11-27-05-07-39-utc-scaled.jpg\",\"contentUrl\":\"https:\\\/\\\/adexa.ee\\\/wp-content\\\/uploads\\\/2024\\\/04\\\/chef-cooks-working-in-professional-kitchen-2023-11-27-05-07-39-utc-scaled.jpg\",\"width\":2560,\"height\":1708,\"caption\":\"Adexa\"},\"image\":{\"@id\":\"https:\\\/\\\/adexa.ee\\\/#\\\/schema\\\/logo\\\/image\\\/\"}}]}<\/script>\n<!-- \/ Yoast SEO plugin. -->","yoast_head_json":{"title":"Kaubanduslik ahjude alus 5 tasapinnaga kahekordse GN kandikuriiuliga 980x700x745mm | Adexa WHDR5T - Adexa \u2013 Suurk\u00f6\u00f6giseadmed restoranidele ja toitlustusele","robots":{"index":"index","follow":"follow","max-snippet":"max-snippet:-1","max-image-preview":"max-image-preview:large","max-video-preview":"max-video-preview:-1"},"canonical":"https:\/\/adexa.ee\/toode\/kaubanduslik-ahjude-alus-5-tasapinnaga-kahekordse-gn-kandikuriiuliga-980x700x745mm-adexa-whdr5t\/","og_locale":"en_US","og_type":"article","og_title":"Kaubanduslik ahjude alus 5 tasapinnaga kahekordse GN kandikuriiuliga 980x700x745mm | Adexa WHDR5T - Adexa \u2013 Suurk\u00f6\u00f6giseadmed restoranidele ja toitlustusele","og_description":"See kahekordne, 5 tasapinnaga roostevabast terasest riiul on m\u00f5eldud t\u00f5husalt hoidma 600&#215;400 mm kandikuid ja 1\/1 GN pannid, muutes selle","og_url":"https:\/\/adexa.ee\/toode\/kaubanduslik-ahjude-alus-5-tasapinnaga-kahekordse-gn-kandikuriiuliga-980x700x745mm-adexa-whdr5t\/","og_site_name":"Adexa \u2013 Suurk\u00f6\u00f6giseadmed restoranidele ja toitlustusele","article_modified_time":"2026-03-26T09:25:38+00:00","og_image":[{"width":1187,"height":1187,"url":"https:\/\/adexa.ee\/wp-content\/uploads\/2025\/05\/WHDR5T.jpg","type":"image\/jpeg"}],"twitter_card":"summary_large_image","twitter_misc":{"Est. reading time":"1 minute"},"schema":{"@context":"https:\/\/schema.org","@graph":[{"@type":"WebPage","@id":"https:\/\/adexa.ee\/toode\/kaubanduslik-ahjude-alus-5-tasapinnaga-kahekordse-gn-kandikuriiuliga-980x700x745mm-adexa-whdr5t\/","url":"https:\/\/adexa.ee\/toode\/kaubanduslik-ahjude-alus-5-tasapinnaga-kahekordse-gn-kandikuriiuliga-980x700x745mm-adexa-whdr5t\/","name":"Kaubanduslik ahjude alus 5 tasapinnaga kahekordse GN kandikuriiuliga 980x700x745mm | Adexa WHDR5T - Adexa \u2013 Suurk\u00f6\u00f6giseadmed restoranidele ja toitlustusele","isPartOf":{"@id":"https:\/\/adexa.ee\/#website"},"primaryImageOfPage":{"@id":"https:\/\/adexa.ee\/toode\/kaubanduslik-ahjude-alus-5-tasapinnaga-kahekordse-gn-kandikuriiuliga-980x700x745mm-adexa-whdr5t\/#primaryimage"},"image":{"@id":"https:\/\/adexa.ee\/toode\/kaubanduslik-ahjude-alus-5-tasapinnaga-kahekordse-gn-kandikuriiuliga-980x700x745mm-adexa-whdr5t\/#primaryimage"},"thumbnailUrl":"https:\/\/adexa.ee\/wp-content\/uploads\/2025\/05\/WHDR5T.jpg","datePublished":"2026-03-26T09:25:35+00:00","dateModified":"2026-03-26T09:25:38+00:00","breadcrumb":{"@id":"https:\/\/adexa.ee\/toode\/kaubanduslik-ahjude-alus-5-tasapinnaga-kahekordse-gn-kandikuriiuliga-980x700x745mm-adexa-whdr5t\/#breadcrumb"},"inLanguage":"en-US","potentialAction":[{"@type":"ReadAction","target":["https:\/\/adexa.ee\/toode\/kaubanduslik-ahjude-alus-5-tasapinnaga-kahekordse-gn-kandikuriiuliga-980x700x745mm-adexa-whdr5t\/"]}]},{"@type":"ImageObject","inLanguage":"en-US","@id":"https:\/\/adexa.ee\/toode\/kaubanduslik-ahjude-alus-5-tasapinnaga-kahekordse-gn-kandikuriiuliga-980x700x745mm-adexa-whdr5t\/#primaryimage","url":"https:\/\/adexa.ee\/wp-content\/uploads\/2025\/05\/WHDR5T.jpg","contentUrl":"https:\/\/adexa.ee\/wp-content\/uploads\/2025\/05\/WHDR5T.jpg","width":1187,"height":1187},{"@type":"BreadcrumbList","@id":"https:\/\/adexa.ee\/toode\/kaubanduslik-ahjude-alus-5-tasapinnaga-kahekordse-gn-kandikuriiuliga-980x700x745mm-adexa-whdr5t\/#breadcrumb","itemListElement":[{"@type":"ListItem","position":1,"name":"Home","item":"https:\/\/adexa.ee\/"},{"@type":"ListItem","position":2,"name":"Tooted","item":"https:\/\/adexa.ee\/pood\/"},{"@type":"ListItem","position":3,"name":"Kaubanduslik ahjude alus 5 tasapinnaga kahekordse GN kandikuriiuliga 980x700x745mm | Adexa WHDR5T"}]},{"@type":"WebSite","@id":"https:\/\/adexa.ee\/#website","url":"https:\/\/adexa.ee\/","name":"Adexa","description":"","publisher":{"@id":"https:\/\/adexa.ee\/#organization"},"potentialAction":[{"@type":"SearchAction","target":{"@type":"EntryPoint","urlTemplate":"https:\/\/adexa.ee\/?s={search_term_string}"},"query-input":{"@type":"PropertyValueSpecification","valueRequired":true,"valueName":"search_term_string"}}],"inLanguage":"en-US"},{"@type":"Organization","@id":"https:\/\/adexa.ee\/#organization","name":"Adexa","url":"https:\/\/adexa.ee\/","logo":{"@type":"ImageObject","inLanguage":"en-US","@id":"https:\/\/adexa.ee\/#\/schema\/logo\/image\/","url":"https:\/\/adexa.ee\/wp-content\/uploads\/2024\/04\/chef-cooks-working-in-professional-kitchen-2023-11-27-05-07-39-utc-scaled.jpg","contentUrl":"https:\/\/adexa.ee\/wp-content\/uploads\/2024\/04\/chef-cooks-working-in-professional-kitchen-2023-11-27-05-07-39-utc-scaled.jpg","width":2560,"height":1708,"caption":"Adexa"},"image":{"@id":"https:\/\/adexa.ee\/#\/schema\/logo\/image\/"}}]}},"_links":{"self":[{"href":"https:\/\/adexa.ee\/en\/wp-json\/wp\/v2\/product\/32796","targetHints":{"allow":["GET"]}}],"collection":[{"href":"https:\/\/adexa.ee\/en\/wp-json\/wp\/v2\/product"}],"about":[{"href":"https:\/\/adexa.ee\/en\/wp-json\/wp\/v2\/types\/product"}],"wp:featuredmedia":[{"embeddable":true,"href":"https:\/\/adexa.ee\/en\/wp-json\/wp\/v2\/media\/32798"}],"wp:attachment":[{"href":"https:\/\/adexa.ee\/en\/wp-json\/wp\/v2\/media?parent=32796"}],"wp:term":[{"taxonomy":"product_brand","embeddable":true,"href":"https:\/\/adexa.ee\/en\/wp-json\/wp\/v2\/product_brand?post=32796"},{"taxonomy":"product_cat","embeddable":true,"href":"https:\/\/adexa.ee\/en\/wp-json\/wp\/v2\/product_cat?post=32796"},{"taxonomy":"product_tag","embeddable":true,"href":"https:\/\/adexa.ee\/en\/wp-json\/wp\/v2\/product_tag?post=32796"}],"curies":[{"name":"wp","href":"https:\/\/api.w.org\/{rel}","templated":true}]}}