{"id":33008,"date":"2026-03-26T11:25:50","date_gmt":"2026-03-26T09:25:50","guid":{"rendered":"https:\/\/adexa.ee\/toode\/98-liitrine-toopinnale-paigaldatav-vitriinkulmik-4-riiulit-valge-1-tasane-uks-adexa-cl98w\/"},"modified":"2026-03-26T11:25:50","modified_gmt":"2026-03-26T09:25:50","slug":"98-liitrine-toopinnale-paigaldatav-vitriinkulmik-4-riiulit-valge-1-tasane-uks-adexa-cl98w","status":"publish","type":"product","link":"https:\/\/adexa.ee\/en\/toode\/98-liitrine-toopinnale-paigaldatav-vitriinkulmik-4-riiulit-valge-1-tasane-uks-adexa-cl98w\/","title":{"rendered":"98-liitrine t\u00f6\u00f6pinnale paigaldatav vitriink\u00fclmik, 4 riiulit, valge, 1 tasane uks | Adexa CL98W"},"content":{"rendered":"<p>Professionaalne jahutatud vitriinkapp, mis sobib suurep\u00e4raselt kookide ja k\u00fcpsetiste eksponeerimiseks kohvikutes, restoranides v\u00f5i kauplustes. Suurep\u00e4rane hinna ja kvaliteedi suhe k\u00fclmikulettide hulgast. Ideaalne t\u00f6\u00f6pinna vitriink\u00fclmik \u00e4rikasutuseks. DokumentatsioonKlikkige siia, et alla laadida kasutusjuhendKlikkige siia, et alla laadida energiakleebisPalun vaadake jaotises &#8220;Spetsifikatsioon&#8221; \u00fcksikasjalikku teavet.<\/p>\n<table style=\"border-collapse: collapse; width: 100%; text-align: left;\">\n<tbody>\n<tr>\n<td style=\"border: 1px solid #ddd; padding: 8px; width: 45%;\"><strong>S\u00fcgavus<\/strong><\/td>\n<td style=\"border: 1px solid #ddd; padding: 8px;\">386 mm<\/td>\n<\/tr>\n<tr>\n<td style=\"border: 1px solid #ddd; padding: 8px; width: 45%;\"><strong>K\u00f5rgus<\/strong><\/td>\n<td style=\"border: 1px solid #ddd; padding: 8px;\">1110 mm<\/td>\n<\/tr>\n<tr>\n<td style=\"border: 1px solid #ddd; padding: 8px; width: 45%;\"><strong>Laius<\/strong><\/td>\n<td style=\"border: 1px solid #ddd; padding: 8px;\">428 mm<\/td>\n<\/tr>\n<tr>\n<td style=\"border: 1px solid #ddd; padding: 8px; width: 45%;\"><strong>Kaal<\/strong><\/td>\n<td style=\"border: 1px solid #ddd; padding: 8px;\">34 kg<\/td>\n<\/tr>\n<tr>\n<td style=\"border: 1px solid #ddd; padding: 8px; width: 45%;\"><strong>Garantii<\/strong><\/td>\n<td style=\"border: 1px solid #ddd; padding: 8px;\">12 kuu varuosade garantii<\/td>\n<\/tr>\n<tr>\n<td style=\"border: 1px solid #ddd; padding: 8px; width: 45%;\"><strong>Mahutavus<\/strong><\/td>\n<td style=\"border: 1px solid #ddd; padding: 8px;\">98 liitrit<\/td>\n<\/tr>\n<tr>\n<td style=\"border: 1px solid #ddd; padding: 8px; width: 45%;\"><strong>Toiteallikas<\/strong><\/td>\n<td style=\"border: 1px solid #ddd; padding: 8px;\">230V \/ 1 faas<\/td>\n<\/tr>\n<tr>\n<td style=\"border: 1px solid #ddd; padding: 8px; width: 45%;\"><strong>V\u00f5imsus<\/strong><\/td>\n<td style=\"border: 1px solid #ddd; padding: 8px;\">220W<\/td>\n<\/tr>\n<tr>\n<td style=\"border: 1px solid #ddd; padding: 8px; width: 45%;\"><strong>Riiulid<\/strong><\/td>\n<td style=\"border: 1px solid #ddd; padding: 8px;\">4<\/td>\n<\/tr>\n<tr>\n<td style=\"border: 1px solid #ddd; padding: 8px; width: 45%;\"><strong>Jahutamine<\/strong><\/td>\n<td style=\"border: 1px solid #ddd; padding: 8px;\">Ventileeritud<\/td>\n<\/tr>\n<tr>\n<td style=\"border: 1px solid #ddd; padding: 8px; width: 45%;\"><strong>Sulatamine<\/strong><\/td>\n<td style=\"border: 1px solid #ddd; padding: 8px;\">Automaatne<\/td>\n<\/tr>\n<tr>\n<td style=\"border: 1px solid #ddd; padding: 8px; width: 45%;\"><strong>K\u00fclmaaine<\/strong><\/td>\n<td style=\"border: 1px solid #ddd; padding: 8px;\">R290a<\/td>\n<\/tr>\n<tr>\n<td style=\"border: 1px solid #ddd; padding: 8px; width: 45%;\"><strong>Temperatuur<\/strong><\/td>\n<td style=\"border: 1px solid #ddd; padding: 8px;\">+2\u00b0C kuni +12\u00b0C<\/td>\n<\/tr>\n<tr>\n<td style=\"border: 1px solid #ddd; padding: 8px; width: 45%;\"><strong>Kontrollid<\/strong><\/td>\n<td style=\"border: 1px solid #ddd; padding: 8px;\">Digitaalne<\/td>\n<\/tr>\n<tr>\n<td style=\"border: 1px solid #ddd; padding: 8px; width: 45%;\"><strong>Valgustus<\/strong><\/td>\n<td style=\"border: 1px solid #ddd; padding: 8px;\">LED<\/td>\n<\/tr>\n<tr>\n<td style=\"border: 1px solid #ddd; padding: 8px; width: 45%;\"><strong>V\u00f5imsuse tarbimine<\/strong><\/td>\n<td style=\"border: 1px solid #ddd; padding: 8px;\">1048 kWh\/aastas<\/td>\n<\/tr>\n<tr>\n<td style=\"border: 1px solid #ddd; padding: 8px; width: 45%;\"><strong>Ekraani pindala (m2)<\/strong><\/td>\n<td style=\"border: 1px solid #ddd; padding: 8px;\">0,93<\/td>\n<\/tr>\n<\/tbody>\n<\/table>\n","protected":false},"excerpt":{"rendered":"<p>Professionaalne jahutatud vitriinkapp, mis sobib suurep\u00e4raselt kookide ja k\u00fcpsetiste eksponeerimiseks kohvikutes, restoranides v\u00f5i kauplustes. Suurep\u00e4rane hinna ja kvaliteedi suhe k\u00fclmikulettide<\/p>\n","protected":false},"featured_media":33010,"template":"","meta":[],"product_brand":[],"product_cat":[654,564,677,655,569],"product_tag":[],"class_list":{"0":"post-33008","1":"product","2":"type-product","3":"status-publish","4":"has-post-thumbnail","6":"product_cat-jahutusega-vitriinid-ja-muugiletid","7":"product_cat-jahutusseadmed","8":"product_cat-kulmikud","9":"product_cat-lauapealsed-kulmvitriinid","10":"product_cat-lopumuuk","12":"first","13":"instock","14":"sale","15":"taxable","16":"shipping-taxable","17":"purchasable","18":"product-type-simple"},"yoast_head":"<!-- This site is optimized with the Yoast SEO plugin v27.3 - https:\/\/yoast.com\/product\/yoast-seo-wordpress\/ -->\n<title>98-liitrine t\u00f6\u00f6pinnale paigaldatav vitriink\u00fclmik, 4 riiulit, valge, 1 tasane uks | Adexa CL98W - Adexa \u2013 Suurk\u00f6\u00f6giseadmed restoranidele ja toitlustusele<\/title>\n<meta name=\"robots\" content=\"index, follow, max-snippet:-1, max-image-preview:large, max-video-preview:-1\" \/>\n<link rel=\"canonical\" href=\"https:\/\/adexa.ee\/toode\/98-liitrine-toopinnale-paigaldatav-vitriinkulmik-4-riiulit-valge-1-tasane-uks-adexa-cl98w\/\" \/>\n<meta property=\"og:locale\" content=\"en_US\" \/>\n<meta property=\"og:type\" content=\"article\" \/>\n<meta property=\"og:title\" content=\"98-liitrine t\u00f6\u00f6pinnale paigaldatav vitriink\u00fclmik, 4 riiulit, valge, 1 tasane uks | Adexa CL98W - Adexa \u2013 Suurk\u00f6\u00f6giseadmed restoranidele ja toitlustusele\" \/>\n<meta property=\"og:description\" content=\"Professionaalne jahutatud vitriinkapp, mis sobib suurep\u00e4raselt kookide ja k\u00fcpsetiste eksponeerimiseks kohvikutes, restoranides v\u00f5i kauplustes. Suurep\u00e4rane hinna ja kvaliteedi suhe k\u00fclmikulettide\" \/>\n<meta property=\"og:url\" content=\"https:\/\/adexa.ee\/toode\/98-liitrine-toopinnale-paigaldatav-vitriinkulmik-4-riiulit-valge-1-tasane-uks-adexa-cl98w\/\" \/>\n<meta property=\"og:site_name\" content=\"Adexa \u2013 Suurk\u00f6\u00f6giseadmed restoranidele ja toitlustusele\" \/>\n<meta property=\"og:image\" content=\"https:\/\/adexa.ee\/wp-content\/uploads\/2025\/05\/CL98W.jpg\" \/>\n\t<meta property=\"og:image:width\" content=\"2000\" \/>\n\t<meta property=\"og:image:height\" content=\"2000\" \/>\n\t<meta property=\"og:image:type\" content=\"image\/jpeg\" \/>\n<meta name=\"twitter:card\" content=\"summary_large_image\" \/>\n<script type=\"application\/ld+json\" class=\"yoast-schema-graph\">{\"@context\":\"https:\\\/\\\/schema.org\",\"@graph\":[{\"@type\":\"WebPage\",\"@id\":\"https:\\\/\\\/adexa.ee\\\/toode\\\/98-liitrine-toopinnale-paigaldatav-vitriinkulmik-4-riiulit-valge-1-tasane-uks-adexa-cl98w\\\/\",\"url\":\"https:\\\/\\\/adexa.ee\\\/toode\\\/98-liitrine-toopinnale-paigaldatav-vitriinkulmik-4-riiulit-valge-1-tasane-uks-adexa-cl98w\\\/\",\"name\":\"98-liitrine t\u00f6\u00f6pinnale paigaldatav vitriink\u00fclmik, 4 riiulit, valge, 1 tasane uks | Adexa CL98W - Adexa \u2013 Suurk\u00f6\u00f6giseadmed restoranidele ja toitlustusele\",\"isPartOf\":{\"@id\":\"https:\\\/\\\/adexa.ee\\\/#website\"},\"primaryImageOfPage\":{\"@id\":\"https:\\\/\\\/adexa.ee\\\/toode\\\/98-liitrine-toopinnale-paigaldatav-vitriinkulmik-4-riiulit-valge-1-tasane-uks-adexa-cl98w\\\/#primaryimage\"},\"image\":{\"@id\":\"https:\\\/\\\/adexa.ee\\\/toode\\\/98-liitrine-toopinnale-paigaldatav-vitriinkulmik-4-riiulit-valge-1-tasane-uks-adexa-cl98w\\\/#primaryimage\"},\"thumbnailUrl\":\"https:\\\/\\\/adexa.ee\\\/wp-content\\\/uploads\\\/2025\\\/05\\\/CL98W.jpg\",\"datePublished\":\"2026-03-26T09:25:50+00:00\",\"breadcrumb\":{\"@id\":\"https:\\\/\\\/adexa.ee\\\/toode\\\/98-liitrine-toopinnale-paigaldatav-vitriinkulmik-4-riiulit-valge-1-tasane-uks-adexa-cl98w\\\/#breadcrumb\"},\"inLanguage\":\"en-US\",\"potentialAction\":[{\"@type\":\"ReadAction\",\"target\":[\"https:\\\/\\\/adexa.ee\\\/toode\\\/98-liitrine-toopinnale-paigaldatav-vitriinkulmik-4-riiulit-valge-1-tasane-uks-adexa-cl98w\\\/\"]}]},{\"@type\":\"ImageObject\",\"inLanguage\":\"en-US\",\"@id\":\"https:\\\/\\\/adexa.ee\\\/toode\\\/98-liitrine-toopinnale-paigaldatav-vitriinkulmik-4-riiulit-valge-1-tasane-uks-adexa-cl98w\\\/#primaryimage\",\"url\":\"https:\\\/\\\/adexa.ee\\\/wp-content\\\/uploads\\\/2025\\\/05\\\/CL98W.jpg\",\"contentUrl\":\"https:\\\/\\\/adexa.ee\\\/wp-content\\\/uploads\\\/2025\\\/05\\\/CL98W.jpg\",\"width\":2000,\"height\":2000},{\"@type\":\"BreadcrumbList\",\"@id\":\"https:\\\/\\\/adexa.ee\\\/toode\\\/98-liitrine-toopinnale-paigaldatav-vitriinkulmik-4-riiulit-valge-1-tasane-uks-adexa-cl98w\\\/#breadcrumb\",\"itemListElement\":[{\"@type\":\"ListItem\",\"position\":1,\"name\":\"Home\",\"item\":\"https:\\\/\\\/adexa.ee\\\/\"},{\"@type\":\"ListItem\",\"position\":2,\"name\":\"Tooted\",\"item\":\"https:\\\/\\\/adexa.ee\\\/pood\\\/\"},{\"@type\":\"ListItem\",\"position\":3,\"name\":\"98-liitrine t\u00f6\u00f6pinnale paigaldatav vitriink\u00fclmik, 4 riiulit, valge, 1 tasane uks | Adexa CL98W\"}]},{\"@type\":\"WebSite\",\"@id\":\"https:\\\/\\\/adexa.ee\\\/#website\",\"url\":\"https:\\\/\\\/adexa.ee\\\/\",\"name\":\"Adexa\",\"description\":\"\",\"publisher\":{\"@id\":\"https:\\\/\\\/adexa.ee\\\/#organization\"},\"potentialAction\":[{\"@type\":\"SearchAction\",\"target\":{\"@type\":\"EntryPoint\",\"urlTemplate\":\"https:\\\/\\\/adexa.ee\\\/?s={search_term_string}\"},\"query-input\":{\"@type\":\"PropertyValueSpecification\",\"valueRequired\":true,\"valueName\":\"search_term_string\"}}],\"inLanguage\":\"en-US\"},{\"@type\":\"Organization\",\"@id\":\"https:\\\/\\\/adexa.ee\\\/#organization\",\"name\":\"Adexa\",\"url\":\"https:\\\/\\\/adexa.ee\\\/\",\"logo\":{\"@type\":\"ImageObject\",\"inLanguage\":\"en-US\",\"@id\":\"https:\\\/\\\/adexa.ee\\\/#\\\/schema\\\/logo\\\/image\\\/\",\"url\":\"https:\\\/\\\/adexa.ee\\\/wp-content\\\/uploads\\\/2024\\\/04\\\/chef-cooks-working-in-professional-kitchen-2023-11-27-05-07-39-utc-scaled.jpg\",\"contentUrl\":\"https:\\\/\\\/adexa.ee\\\/wp-content\\\/uploads\\\/2024\\\/04\\\/chef-cooks-working-in-professional-kitchen-2023-11-27-05-07-39-utc-scaled.jpg\",\"width\":2560,\"height\":1708,\"caption\":\"Adexa\"},\"image\":{\"@id\":\"https:\\\/\\\/adexa.ee\\\/#\\\/schema\\\/logo\\\/image\\\/\"}}]}<\/script>\n<!-- \/ Yoast SEO plugin. -->","yoast_head_json":{"title":"98-liitrine t\u00f6\u00f6pinnale paigaldatav vitriink\u00fclmik, 4 riiulit, valge, 1 tasane uks | Adexa CL98W - Adexa \u2013 Suurk\u00f6\u00f6giseadmed restoranidele ja toitlustusele","robots":{"index":"index","follow":"follow","max-snippet":"max-snippet:-1","max-image-preview":"max-image-preview:large","max-video-preview":"max-video-preview:-1"},"canonical":"https:\/\/adexa.ee\/toode\/98-liitrine-toopinnale-paigaldatav-vitriinkulmik-4-riiulit-valge-1-tasane-uks-adexa-cl98w\/","og_locale":"en_US","og_type":"article","og_title":"98-liitrine t\u00f6\u00f6pinnale paigaldatav vitriink\u00fclmik, 4 riiulit, valge, 1 tasane uks | Adexa CL98W - Adexa \u2013 Suurk\u00f6\u00f6giseadmed restoranidele ja toitlustusele","og_description":"Professionaalne jahutatud vitriinkapp, mis sobib suurep\u00e4raselt kookide ja k\u00fcpsetiste eksponeerimiseks kohvikutes, restoranides v\u00f5i kauplustes. Suurep\u00e4rane hinna ja kvaliteedi suhe k\u00fclmikulettide","og_url":"https:\/\/adexa.ee\/toode\/98-liitrine-toopinnale-paigaldatav-vitriinkulmik-4-riiulit-valge-1-tasane-uks-adexa-cl98w\/","og_site_name":"Adexa \u2013 Suurk\u00f6\u00f6giseadmed restoranidele ja toitlustusele","og_image":[{"width":2000,"height":2000,"url":"https:\/\/adexa.ee\/wp-content\/uploads\/2025\/05\/CL98W.jpg","type":"image\/jpeg"}],"twitter_card":"summary_large_image","schema":{"@context":"https:\/\/schema.org","@graph":[{"@type":"WebPage","@id":"https:\/\/adexa.ee\/toode\/98-liitrine-toopinnale-paigaldatav-vitriinkulmik-4-riiulit-valge-1-tasane-uks-adexa-cl98w\/","url":"https:\/\/adexa.ee\/toode\/98-liitrine-toopinnale-paigaldatav-vitriinkulmik-4-riiulit-valge-1-tasane-uks-adexa-cl98w\/","name":"98-liitrine t\u00f6\u00f6pinnale paigaldatav vitriink\u00fclmik, 4 riiulit, valge, 1 tasane uks | Adexa CL98W - Adexa \u2013 Suurk\u00f6\u00f6giseadmed restoranidele ja toitlustusele","isPartOf":{"@id":"https:\/\/adexa.ee\/#website"},"primaryImageOfPage":{"@id":"https:\/\/adexa.ee\/toode\/98-liitrine-toopinnale-paigaldatav-vitriinkulmik-4-riiulit-valge-1-tasane-uks-adexa-cl98w\/#primaryimage"},"image":{"@id":"https:\/\/adexa.ee\/toode\/98-liitrine-toopinnale-paigaldatav-vitriinkulmik-4-riiulit-valge-1-tasane-uks-adexa-cl98w\/#primaryimage"},"thumbnailUrl":"https:\/\/adexa.ee\/wp-content\/uploads\/2025\/05\/CL98W.jpg","datePublished":"2026-03-26T09:25:50+00:00","breadcrumb":{"@id":"https:\/\/adexa.ee\/toode\/98-liitrine-toopinnale-paigaldatav-vitriinkulmik-4-riiulit-valge-1-tasane-uks-adexa-cl98w\/#breadcrumb"},"inLanguage":"en-US","potentialAction":[{"@type":"ReadAction","target":["https:\/\/adexa.ee\/toode\/98-liitrine-toopinnale-paigaldatav-vitriinkulmik-4-riiulit-valge-1-tasane-uks-adexa-cl98w\/"]}]},{"@type":"ImageObject","inLanguage":"en-US","@id":"https:\/\/adexa.ee\/toode\/98-liitrine-toopinnale-paigaldatav-vitriinkulmik-4-riiulit-valge-1-tasane-uks-adexa-cl98w\/#primaryimage","url":"https:\/\/adexa.ee\/wp-content\/uploads\/2025\/05\/CL98W.jpg","contentUrl":"https:\/\/adexa.ee\/wp-content\/uploads\/2025\/05\/CL98W.jpg","width":2000,"height":2000},{"@type":"BreadcrumbList","@id":"https:\/\/adexa.ee\/toode\/98-liitrine-toopinnale-paigaldatav-vitriinkulmik-4-riiulit-valge-1-tasane-uks-adexa-cl98w\/#breadcrumb","itemListElement":[{"@type":"ListItem","position":1,"name":"Home","item":"https:\/\/adexa.ee\/"},{"@type":"ListItem","position":2,"name":"Tooted","item":"https:\/\/adexa.ee\/pood\/"},{"@type":"ListItem","position":3,"name":"98-liitrine t\u00f6\u00f6pinnale paigaldatav vitriink\u00fclmik, 4 riiulit, valge, 1 tasane uks | Adexa CL98W"}]},{"@type":"WebSite","@id":"https:\/\/adexa.ee\/#website","url":"https:\/\/adexa.ee\/","name":"Adexa","description":"","publisher":{"@id":"https:\/\/adexa.ee\/#organization"},"potentialAction":[{"@type":"SearchAction","target":{"@type":"EntryPoint","urlTemplate":"https:\/\/adexa.ee\/?s={search_term_string}"},"query-input":{"@type":"PropertyValueSpecification","valueRequired":true,"valueName":"search_term_string"}}],"inLanguage":"en-US"},{"@type":"Organization","@id":"https:\/\/adexa.ee\/#organization","name":"Adexa","url":"https:\/\/adexa.ee\/","logo":{"@type":"ImageObject","inLanguage":"en-US","@id":"https:\/\/adexa.ee\/#\/schema\/logo\/image\/","url":"https:\/\/adexa.ee\/wp-content\/uploads\/2024\/04\/chef-cooks-working-in-professional-kitchen-2023-11-27-05-07-39-utc-scaled.jpg","contentUrl":"https:\/\/adexa.ee\/wp-content\/uploads\/2024\/04\/chef-cooks-working-in-professional-kitchen-2023-11-27-05-07-39-utc-scaled.jpg","width":2560,"height":1708,"caption":"Adexa"},"image":{"@id":"https:\/\/adexa.ee\/#\/schema\/logo\/image\/"}}]}},"_links":{"self":[{"href":"https:\/\/adexa.ee\/en\/wp-json\/wp\/v2\/product\/33008","targetHints":{"allow":["GET"]}}],"collection":[{"href":"https:\/\/adexa.ee\/en\/wp-json\/wp\/v2\/product"}],"about":[{"href":"https:\/\/adexa.ee\/en\/wp-json\/wp\/v2\/types\/product"}],"wp:featuredmedia":[{"embeddable":true,"href":"https:\/\/adexa.ee\/en\/wp-json\/wp\/v2\/media\/33010"}],"wp:attachment":[{"href":"https:\/\/adexa.ee\/en\/wp-json\/wp\/v2\/media?parent=33008"}],"wp:term":[{"taxonomy":"product_brand","embeddable":true,"href":"https:\/\/adexa.ee\/en\/wp-json\/wp\/v2\/product_brand?post=33008"},{"taxonomy":"product_cat","embeddable":true,"href":"https:\/\/adexa.ee\/en\/wp-json\/wp\/v2\/product_cat?post=33008"},{"taxonomy":"product_tag","embeddable":true,"href":"https:\/\/adexa.ee\/en\/wp-json\/wp\/v2\/product_tag?post=33008"}],"curies":[{"name":"wp","href":"https:\/\/api.w.org\/{rel}","templated":true}]}}