{"id":33273,"date":"2026-03-31T11:25:14","date_gmt":"2026-03-31T08:25:14","guid":{"rendered":"https:\/\/adexa.ee\/toode\/kommertsiaalne-frituur-uhe-elektriline-10-liitrine-2-8kw-lauaplaat-adexa-hef88\/"},"modified":"2026-03-31T11:25:15","modified_gmt":"2026-03-31T08:25:15","slug":"frituur-10-liitrine-2-8kw-lauapealne-adexa-hef88","status":"publish","type":"product","link":"https:\/\/adexa.ee\/en\/toode\/frituur-10-liitrine-2-8kw-lauapealne-adexa-hef88\/","title":{"rendered":"Frit\u00fc\u00fcr, 10-liitrine, 2.8kW, lauapealne | Adexa HEF88"},"content":{"rendered":"<p>Kvaliteetne \u00fche paagiga professionaalne elektrifrit\u00fc\u00fcr. Uskumatult ruumis\u00e4\u00e4stlik oma 285 mm laiusega, kuid mahuka 6-liitrise paagiga. Ideaalne varustus k\u00f5rge v\u00e4ljundiga kiirtoidukettide teenindamiseks, on kohustuslik igas restoranis, kohvikus, kaasaostu- v\u00f5i s\u00f6\u00f6klas. Praegu suur allahinnatud soodushinnaga pakkumisel. 10 liitrit 2800W +60c kuni +200c 285x450x360 mm \u00dcksik paak Palun vaadake t\u00e4pset teavet jaotisest &#8216;Spetsifikatsioon&#8217;.<\/p>\n<table style=\"border-collapse: collapse; width: 100%; text-align: left;\">\n<tbody>\n<tr>\n<td style=\"border: 1px solid #ddd; padding: 8px; width: 45%;\"><strong>S\u00fcgavus<\/strong><\/td>\n<td style=\"border: 1px solid #ddd; padding: 8px;\">450 mm<\/td>\n<\/tr>\n<tr>\n<td style=\"border: 1px solid #ddd; padding: 8px; width: 45%;\"><strong>K\u00f5rgus<\/strong><\/td>\n<td style=\"border: 1px solid #ddd; padding: 8px;\">360 mm<\/td>\n<\/tr>\n<tr>\n<td style=\"border: 1px solid #ddd; padding: 8px; width: 45%;\"><strong>Laius<\/strong><\/td>\n<td style=\"border: 1px solid #ddd; padding: 8px;\">285 mm<\/td>\n<\/tr>\n<tr>\n<td style=\"border: 1px solid #ddd; padding: 8px; width: 45%;\"><strong>Kaal<\/strong><\/td>\n<td style=\"border: 1px solid #ddd; padding: 8px;\">6kg<\/td>\n<\/tr>\n<tr>\n<td style=\"border: 1px solid #ddd; padding: 8px; width: 45%;\"><strong>Garantii<\/strong><\/td>\n<td style=\"border: 1px solid #ddd; padding: 8px;\">12 kuu varuosade garantii<\/td>\n<\/tr>\n<tr>\n<td style=\"border: 1px solid #ddd; padding: 8px; width: 45%;\"><strong>Versioon<\/strong><\/td>\n<td style=\"border: 1px solid #ddd; padding: 8px;\">T\u00f6\u00f6pind<\/td>\n<\/tr>\n<tr>\n<td style=\"border: 1px solid #ddd; padding: 8px; width: 45%;\"><strong>Mahutavus<\/strong><\/td>\n<td style=\"border: 1px solid #ddd; padding: 8px;\">10 liitrit<\/td>\n<\/tr>\n<tr>\n<td style=\"border: 1px solid #ddd; padding: 8px; width: 45%;\"><strong>Toiteallikas<\/strong><\/td>\n<td style=\"border: 1px solid #ddd; padding: 8px;\">230V \/ 1 faas<\/td>\n<\/tr>\n<tr>\n<td style=\"border: 1px solid #ddd; padding: 8px; width: 45%;\"><strong>V\u00f5imsus<\/strong><\/td>\n<td style=\"border: 1px solid #ddd; padding: 8px;\">2800W<\/td>\n<\/tr>\n<tr>\n<td style=\"border: 1px solid #ddd; padding: 8px; width: 45%;\"><strong>Materjal<\/strong><\/td>\n<td style=\"border: 1px solid #ddd; padding: 8px;\">Roostevaba teras<\/td>\n<\/tr>\n<tr>\n<td style=\"border: 1px solid #ddd; padding: 8px; width: 45%;\"><strong>Kaasas<\/strong><\/td>\n<td style=\"border: 1px solid #ddd; padding: 8px;\">1 korv<\/td>\n<\/tr>\n<tr>\n<td style=\"border: 1px solid #ddd; padding: 8px; width: 45%;\"><strong>Temperatuur<\/strong><\/td>\n<td style=\"border: 1px solid #ddd; padding: 8px;\">+60 \u00b0C kuni +200 \u00b0C<\/td>\n<\/tr>\n<\/tbody>\n<\/table>\n","protected":false},"excerpt":{"rendered":"<p>Kvaliteetne \u00fche paagiga professionaalne elektrifrit\u00fc\u00fcr. Uskumatult ruumis\u00e4\u00e4stlik oma 285 mm laiusega, kuid mahuka 6-liitrise paagiga. Ideaalne varustus k\u00f5rge v\u00e4ljundiga kiirtoidukettide<\/p>\n","protected":false},"featured_media":33275,"template":"","meta":[],"product_brand":[],"product_cat":[630,629,557,588,631,569],"product_tag":[],"class_list":{"0":"post-33273","1":"product","2":"type-product","3":"status-publish","4":"has-post-thumbnail","6":"product_cat-elektrilised-frituurid","7":"product_cat-frituurid","8":"product_cat-kupsetusseadmed","9":"product_cat-kuumseadmed","10":"product_cat-lauapealsed-frituurid","11":"product_cat-lopumuuk","13":"first","14":"instock","15":"sale","16":"taxable","17":"shipping-taxable","18":"purchasable","19":"product-type-simple"},"yoast_head":"<!-- This site is optimized with the Yoast SEO plugin v27.3 - https:\/\/yoast.com\/product\/yoast-seo-wordpress\/ -->\n<title>Frit\u00fc\u00fcr, 10-liitrine, 2.8kW, lauapealne | Adexa HEF88 - Adexa \u2013 Suurk\u00f6\u00f6giseadmed restoranidele ja toitlustusele<\/title>\n<meta name=\"robots\" content=\"index, follow, max-snippet:-1, max-image-preview:large, max-video-preview:-1\" \/>\n<link rel=\"canonical\" href=\"https:\/\/adexa.ee\/toode\/frituur-10-liitrine-2-8kw-lauapealne-adexa-hef88\/\" \/>\n<meta property=\"og:locale\" content=\"en_US\" \/>\n<meta property=\"og:type\" content=\"article\" \/>\n<meta property=\"og:title\" content=\"Frit\u00fc\u00fcr, 10-liitrine, 2.8kW, lauapealne | Adexa HEF88 - Adexa \u2013 Suurk\u00f6\u00f6giseadmed restoranidele ja toitlustusele\" \/>\n<meta property=\"og:description\" content=\"Kvaliteetne \u00fche paagiga professionaalne elektrifrit\u00fc\u00fcr. Uskumatult ruumis\u00e4\u00e4stlik oma 285 mm laiusega, kuid mahuka 6-liitrise paagiga. Ideaalne varustus k\u00f5rge v\u00e4ljundiga kiirtoidukettide\" \/>\n<meta property=\"og:url\" content=\"https:\/\/adexa.ee\/toode\/frituur-10-liitrine-2-8kw-lauapealne-adexa-hef88\/\" \/>\n<meta property=\"og:site_name\" content=\"Adexa \u2013 Suurk\u00f6\u00f6giseadmed restoranidele ja toitlustusele\" \/>\n<meta property=\"article:modified_time\" content=\"2026-03-31T08:25:15+00:00\" \/>\n<meta property=\"og:image\" content=\"https:\/\/adexa.ee\/wp-content\/uploads\/2025\/06\/HEF88_2.jpg\" \/>\n\t<meta property=\"og:image:width\" content=\"1936\" \/>\n\t<meta property=\"og:image:height\" content=\"1936\" \/>\n\t<meta property=\"og:image:type\" content=\"image\/jpeg\" \/>\n<meta name=\"twitter:card\" content=\"summary_large_image\" \/>\n<script type=\"application\/ld+json\" class=\"yoast-schema-graph\">{\"@context\":\"https:\\\/\\\/schema.org\",\"@graph\":[{\"@type\":\"WebPage\",\"@id\":\"https:\\\/\\\/adexa.ee\\\/toode\\\/frituur-10-liitrine-2-8kw-lauapealne-adexa-hef88\\\/\",\"url\":\"https:\\\/\\\/adexa.ee\\\/toode\\\/frituur-10-liitrine-2-8kw-lauapealne-adexa-hef88\\\/\",\"name\":\"Frit\u00fc\u00fcr, 10-liitrine, 2.8kW, lauapealne | Adexa HEF88 - Adexa \u2013 Suurk\u00f6\u00f6giseadmed restoranidele ja toitlustusele\",\"isPartOf\":{\"@id\":\"https:\\\/\\\/adexa.ee\\\/#website\"},\"primaryImageOfPage\":{\"@id\":\"https:\\\/\\\/adexa.ee\\\/toode\\\/frituur-10-liitrine-2-8kw-lauapealne-adexa-hef88\\\/#primaryimage\"},\"image\":{\"@id\":\"https:\\\/\\\/adexa.ee\\\/toode\\\/frituur-10-liitrine-2-8kw-lauapealne-adexa-hef88\\\/#primaryimage\"},\"thumbnailUrl\":\"https:\\\/\\\/adexa.ee\\\/wp-content\\\/uploads\\\/2025\\\/06\\\/HEF88_2.jpg\",\"datePublished\":\"2026-03-31T08:25:14+00:00\",\"dateModified\":\"2026-03-31T08:25:15+00:00\",\"breadcrumb\":{\"@id\":\"https:\\\/\\\/adexa.ee\\\/toode\\\/frituur-10-liitrine-2-8kw-lauapealne-adexa-hef88\\\/#breadcrumb\"},\"inLanguage\":\"en-US\",\"potentialAction\":[{\"@type\":\"ReadAction\",\"target\":[\"https:\\\/\\\/adexa.ee\\\/toode\\\/frituur-10-liitrine-2-8kw-lauapealne-adexa-hef88\\\/\"]}]},{\"@type\":\"ImageObject\",\"inLanguage\":\"en-US\",\"@id\":\"https:\\\/\\\/adexa.ee\\\/toode\\\/frituur-10-liitrine-2-8kw-lauapealne-adexa-hef88\\\/#primaryimage\",\"url\":\"https:\\\/\\\/adexa.ee\\\/wp-content\\\/uploads\\\/2025\\\/06\\\/HEF88_2.jpg\",\"contentUrl\":\"https:\\\/\\\/adexa.ee\\\/wp-content\\\/uploads\\\/2025\\\/06\\\/HEF88_2.jpg\",\"width\":1936,\"height\":1936},{\"@type\":\"BreadcrumbList\",\"@id\":\"https:\\\/\\\/adexa.ee\\\/toode\\\/frituur-10-liitrine-2-8kw-lauapealne-adexa-hef88\\\/#breadcrumb\",\"itemListElement\":[{\"@type\":\"ListItem\",\"position\":1,\"name\":\"Home\",\"item\":\"https:\\\/\\\/adexa.ee\\\/\"},{\"@type\":\"ListItem\",\"position\":2,\"name\":\"Tooted\",\"item\":\"https:\\\/\\\/adexa.ee\\\/pood\\\/\"},{\"@type\":\"ListItem\",\"position\":3,\"name\":\"Frit\u00fc\u00fcr, 10-liitrine, 2.8kW, lauapealne | Adexa HEF88\"}]},{\"@type\":\"WebSite\",\"@id\":\"https:\\\/\\\/adexa.ee\\\/#website\",\"url\":\"https:\\\/\\\/adexa.ee\\\/\",\"name\":\"Adexa\",\"description\":\"\",\"publisher\":{\"@id\":\"https:\\\/\\\/adexa.ee\\\/#organization\"},\"potentialAction\":[{\"@type\":\"SearchAction\",\"target\":{\"@type\":\"EntryPoint\",\"urlTemplate\":\"https:\\\/\\\/adexa.ee\\\/?s={search_term_string}\"},\"query-input\":{\"@type\":\"PropertyValueSpecification\",\"valueRequired\":true,\"valueName\":\"search_term_string\"}}],\"inLanguage\":\"en-US\"},{\"@type\":\"Organization\",\"@id\":\"https:\\\/\\\/adexa.ee\\\/#organization\",\"name\":\"Adexa\",\"url\":\"https:\\\/\\\/adexa.ee\\\/\",\"logo\":{\"@type\":\"ImageObject\",\"inLanguage\":\"en-US\",\"@id\":\"https:\\\/\\\/adexa.ee\\\/#\\\/schema\\\/logo\\\/image\\\/\",\"url\":\"https:\\\/\\\/adexa.ee\\\/wp-content\\\/uploads\\\/2024\\\/04\\\/chef-cooks-working-in-professional-kitchen-2023-11-27-05-07-39-utc-scaled.jpg\",\"contentUrl\":\"https:\\\/\\\/adexa.ee\\\/wp-content\\\/uploads\\\/2024\\\/04\\\/chef-cooks-working-in-professional-kitchen-2023-11-27-05-07-39-utc-scaled.jpg\",\"width\":2560,\"height\":1708,\"caption\":\"Adexa\"},\"image\":{\"@id\":\"https:\\\/\\\/adexa.ee\\\/#\\\/schema\\\/logo\\\/image\\\/\"}}]}<\/script>\n<!-- \/ Yoast SEO plugin. -->","yoast_head_json":{"title":"Frit\u00fc\u00fcr, 10-liitrine, 2.8kW, lauapealne | Adexa HEF88 - Adexa \u2013 Suurk\u00f6\u00f6giseadmed restoranidele ja toitlustusele","robots":{"index":"index","follow":"follow","max-snippet":"max-snippet:-1","max-image-preview":"max-image-preview:large","max-video-preview":"max-video-preview:-1"},"canonical":"https:\/\/adexa.ee\/toode\/frituur-10-liitrine-2-8kw-lauapealne-adexa-hef88\/","og_locale":"en_US","og_type":"article","og_title":"Frit\u00fc\u00fcr, 10-liitrine, 2.8kW, lauapealne | Adexa HEF88 - Adexa \u2013 Suurk\u00f6\u00f6giseadmed restoranidele ja toitlustusele","og_description":"Kvaliteetne \u00fche paagiga professionaalne elektrifrit\u00fc\u00fcr. Uskumatult ruumis\u00e4\u00e4stlik oma 285 mm laiusega, kuid mahuka 6-liitrise paagiga. Ideaalne varustus k\u00f5rge v\u00e4ljundiga kiirtoidukettide","og_url":"https:\/\/adexa.ee\/toode\/frituur-10-liitrine-2-8kw-lauapealne-adexa-hef88\/","og_site_name":"Adexa \u2013 Suurk\u00f6\u00f6giseadmed restoranidele ja toitlustusele","article_modified_time":"2026-03-31T08:25:15+00:00","og_image":[{"width":1936,"height":1936,"url":"https:\/\/adexa.ee\/wp-content\/uploads\/2025\/06\/HEF88_2.jpg","type":"image\/jpeg"}],"twitter_card":"summary_large_image","schema":{"@context":"https:\/\/schema.org","@graph":[{"@type":"WebPage","@id":"https:\/\/adexa.ee\/toode\/frituur-10-liitrine-2-8kw-lauapealne-adexa-hef88\/","url":"https:\/\/adexa.ee\/toode\/frituur-10-liitrine-2-8kw-lauapealne-adexa-hef88\/","name":"Frit\u00fc\u00fcr, 10-liitrine, 2.8kW, lauapealne | Adexa HEF88 - Adexa \u2013 Suurk\u00f6\u00f6giseadmed restoranidele ja toitlustusele","isPartOf":{"@id":"https:\/\/adexa.ee\/#website"},"primaryImageOfPage":{"@id":"https:\/\/adexa.ee\/toode\/frituur-10-liitrine-2-8kw-lauapealne-adexa-hef88\/#primaryimage"},"image":{"@id":"https:\/\/adexa.ee\/toode\/frituur-10-liitrine-2-8kw-lauapealne-adexa-hef88\/#primaryimage"},"thumbnailUrl":"https:\/\/adexa.ee\/wp-content\/uploads\/2025\/06\/HEF88_2.jpg","datePublished":"2026-03-31T08:25:14+00:00","dateModified":"2026-03-31T08:25:15+00:00","breadcrumb":{"@id":"https:\/\/adexa.ee\/toode\/frituur-10-liitrine-2-8kw-lauapealne-adexa-hef88\/#breadcrumb"},"inLanguage":"en-US","potentialAction":[{"@type":"ReadAction","target":["https:\/\/adexa.ee\/toode\/frituur-10-liitrine-2-8kw-lauapealne-adexa-hef88\/"]}]},{"@type":"ImageObject","inLanguage":"en-US","@id":"https:\/\/adexa.ee\/toode\/frituur-10-liitrine-2-8kw-lauapealne-adexa-hef88\/#primaryimage","url":"https:\/\/adexa.ee\/wp-content\/uploads\/2025\/06\/HEF88_2.jpg","contentUrl":"https:\/\/adexa.ee\/wp-content\/uploads\/2025\/06\/HEF88_2.jpg","width":1936,"height":1936},{"@type":"BreadcrumbList","@id":"https:\/\/adexa.ee\/toode\/frituur-10-liitrine-2-8kw-lauapealne-adexa-hef88\/#breadcrumb","itemListElement":[{"@type":"ListItem","position":1,"name":"Home","item":"https:\/\/adexa.ee\/"},{"@type":"ListItem","position":2,"name":"Tooted","item":"https:\/\/adexa.ee\/pood\/"},{"@type":"ListItem","position":3,"name":"Frit\u00fc\u00fcr, 10-liitrine, 2.8kW, lauapealne | Adexa HEF88"}]},{"@type":"WebSite","@id":"https:\/\/adexa.ee\/#website","url":"https:\/\/adexa.ee\/","name":"Adexa","description":"","publisher":{"@id":"https:\/\/adexa.ee\/#organization"},"potentialAction":[{"@type":"SearchAction","target":{"@type":"EntryPoint","urlTemplate":"https:\/\/adexa.ee\/?s={search_term_string}"},"query-input":{"@type":"PropertyValueSpecification","valueRequired":true,"valueName":"search_term_string"}}],"inLanguage":"en-US"},{"@type":"Organization","@id":"https:\/\/adexa.ee\/#organization","name":"Adexa","url":"https:\/\/adexa.ee\/","logo":{"@type":"ImageObject","inLanguage":"en-US","@id":"https:\/\/adexa.ee\/#\/schema\/logo\/image\/","url":"https:\/\/adexa.ee\/wp-content\/uploads\/2024\/04\/chef-cooks-working-in-professional-kitchen-2023-11-27-05-07-39-utc-scaled.jpg","contentUrl":"https:\/\/adexa.ee\/wp-content\/uploads\/2024\/04\/chef-cooks-working-in-professional-kitchen-2023-11-27-05-07-39-utc-scaled.jpg","width":2560,"height":1708,"caption":"Adexa"},"image":{"@id":"https:\/\/adexa.ee\/#\/schema\/logo\/image\/"}}]}},"_links":{"self":[{"href":"https:\/\/adexa.ee\/en\/wp-json\/wp\/v2\/product\/33273","targetHints":{"allow":["GET"]}}],"collection":[{"href":"https:\/\/adexa.ee\/en\/wp-json\/wp\/v2\/product"}],"about":[{"href":"https:\/\/adexa.ee\/en\/wp-json\/wp\/v2\/types\/product"}],"wp:featuredmedia":[{"embeddable":true,"href":"https:\/\/adexa.ee\/en\/wp-json\/wp\/v2\/media\/33275"}],"wp:attachment":[{"href":"https:\/\/adexa.ee\/en\/wp-json\/wp\/v2\/media?parent=33273"}],"wp:term":[{"taxonomy":"product_brand","embeddable":true,"href":"https:\/\/adexa.ee\/en\/wp-json\/wp\/v2\/product_brand?post=33273"},{"taxonomy":"product_cat","embeddable":true,"href":"https:\/\/adexa.ee\/en\/wp-json\/wp\/v2\/product_cat?post=33273"},{"taxonomy":"product_tag","embeddable":true,"href":"https:\/\/adexa.ee\/en\/wp-json\/wp\/v2\/product_tag?post=33273"}],"curies":[{"name":"wp","href":"https:\/\/api.w.org\/{rel}","templated":true}]}}