{"id":33286,"date":"2026-03-26T11:35:02","date_gmt":"2026-03-26T09:35:02","guid":{"rendered":"https:\/\/adexa.ee\/toode\/professionaalne-tainasegisti-20-liitrit-2-kiirust-adexa-h20\/"},"modified":"2026-03-26T11:35:07","modified_gmt":"2026-03-26T09:35:07","slug":"professionaalne-taignasegaja-20-liitrit-2-kiirust-adexa-h20","status":"publish","type":"product","link":"https:\/\/adexa.ee\/en\/toode\/professionaalne-taignasegaja-20-liitrit-2-kiirust-adexa-h20\/","title":{"rendered":"Professionaalne taignasegaja 20 liitrit 2 kiirust | Adexa H20"},"content":{"rendered":"<p>Suurep\u00e4rane hinna ja kvaliteedi suhe \u00fcldotstarbelise tainasegisti jaoks. Sellel on palju kasutusv\u00f5imalusi ja seet\u00f5ttu sobib ideaalselt pagari\u00e4ridele, pitsarestoranidele, restoranidele v\u00f5i muule kommertsk\u00f6\u00f6giettev\u00f5ttele. Seda saab kasutada pagari\u00e4ri segajana, professionaalse alussegistina v\u00f5i tainasegistina. \u00dches\u00f5naga, v\u00e4ga mitmek\u00fclgne professionaalne vertikaalne segisti. Roostevabast terasest turvavarjud2 kiirustSobiv kuni maksimaalselt 3-4 kg kuiva jahu jaoksMaht: 20 liitrit230 V \/ 13 ampritStandardne Suurbritannia pistik paigaldatudLisainformatsiooni leiate jaotises &#8216;Spetsifikatsioon&#8217;.<\/p>\n<table style=\"border-collapse: collapse; width: 100%; text-align: left;\">\n<tbody>\n<tr>\n<td style=\"border: 1px solid #ddd; padding: 8px; width: 45%;\"><strong>S\u00fcgavus<\/strong><\/td>\n<td style=\"border: 1px solid #ddd; padding: 8px;\">390 mm<\/td>\n<\/tr>\n<tr>\n<td style=\"border: 1px solid #ddd; padding: 8px; width: 45%;\"><strong>K\u00f5rgus<\/strong><\/td>\n<td style=\"border: 1px solid #ddd; padding: 8px;\">900mm<\/td>\n<\/tr>\n<tr>\n<td style=\"border: 1px solid #ddd; padding: 8px; width: 45%;\"><strong>Laius<\/strong><\/td>\n<td style=\"border: 1px solid #ddd; padding: 8px;\">730 mm<\/td>\n<\/tr>\n<tr>\n<td style=\"border: 1px solid #ddd; padding: 8px; width: 45%;\"><strong>Kaal<\/strong><\/td>\n<td style=\"border: 1px solid #ddd; padding: 8px;\">65 kg<\/td>\n<\/tr>\n<tr>\n<td style=\"border: 1px solid #ddd; padding: 8px; width: 45%;\"><strong>Garantii<\/strong><\/td>\n<td style=\"border: 1px solid #ddd; padding: 8px;\">12 kuu varuosade garantii<\/td>\n<\/tr>\n<tr>\n<td style=\"border: 1px solid #ddd; padding: 8px; width: 45%;\"><strong>Mahutavus<\/strong><\/td>\n<td style=\"border: 1px solid #ddd; padding: 8px;\">21 liitrit<\/td>\n<\/tr>\n<tr>\n<td style=\"border: 1px solid #ddd; padding: 8px; width: 45%;\"><strong>Toiteallikas<\/strong><\/td>\n<td style=\"border: 1px solid #ddd; padding: 8px;\">230V \/ 1 faas<\/td>\n<\/tr>\n<tr>\n<td style=\"border: 1px solid #ddd; padding: 8px; width: 45%;\"><strong>V\u00f5imsus<\/strong><\/td>\n<td style=\"border: 1px solid #ddd; padding: 8px;\">1500W<\/td>\n<\/tr>\n<tr>\n<td style=\"border: 1px solid #ddd; padding: 8px; width: 45%;\"><strong>Kiirused<\/strong><\/td>\n<td style=\"border: 1px solid #ddd; padding: 8px;\">2<\/td>\n<\/tr>\n<tr>\n<td style=\"border: 1px solid #ddd; padding: 8px; width: 45%;\"><strong>P\/min<\/strong><\/td>\n<td style=\"border: 1px solid #ddd; padding: 8px;\">112 kuni 198 (konks) \/ 12 kuni 20 (kauss)<\/td>\n<\/tr>\n<\/tbody>\n<\/table>\n","protected":false},"excerpt":{"rendered":"<p>Suurep\u00e4rane hinna ja kvaliteedi suhe \u00fcldotstarbelise tainasegisti jaoks. Sellel on palju kasutusv\u00f5imalusi ja seet\u00f5ttu sobib ideaalselt pagari\u00e4ridele, pitsarestoranidele, restoranidele v\u00f5i<\/p>\n","protected":false},"featured_media":12048,"template":"","meta":[],"product_brand":[],"product_cat":[714,690,664,734,732,814],"product_tag":[],"class_list":{"0":"post-33286","1":"product","2":"type-product","3":"status-publish","4":"has-post-thumbnail","6":"product_cat-ettevalmistus","7":"product_cat-kaup-super-diiliga","8":"product_cat-pitsa-ja-grill","9":"product_cat-spiraalmikserid-taignasegajad","10":"product_cat-taigna-sotkumis-ja-segamismasinad","11":"product_cat-taignasegajad-spiraalmikserid-taignasegajad","13":"first","14":"instock","15":"sale","16":"taxable","17":"shipping-taxable","18":"purchasable","19":"product-type-simple"},"yoast_head":"<!-- This site is optimized with the Yoast SEO plugin v27.3 - https:\/\/yoast.com\/product\/yoast-seo-wordpress\/ -->\n<title>Professionaalne taignasegaja 20 liitrit 2 kiirust | Adexa H20 - Adexa \u2013 Suurk\u00f6\u00f6giseadmed restoranidele ja toitlustusele<\/title>\n<meta name=\"robots\" content=\"index, follow, max-snippet:-1, max-image-preview:large, max-video-preview:-1\" \/>\n<link rel=\"canonical\" href=\"https:\/\/adexa.ee\/toode\/professionaalne-taignasegaja-20-liitrit-2-kiirust-adexa-h20\/\" \/>\n<meta property=\"og:locale\" content=\"en_US\" \/>\n<meta property=\"og:type\" content=\"article\" \/>\n<meta property=\"og:title\" content=\"Professionaalne taignasegaja 20 liitrit 2 kiirust | Adexa H20 - Adexa \u2013 Suurk\u00f6\u00f6giseadmed restoranidele ja toitlustusele\" \/>\n<meta property=\"og:description\" content=\"Suurep\u00e4rane hinna ja kvaliteedi suhe \u00fcldotstarbelise tainasegisti jaoks. Sellel on palju kasutusv\u00f5imalusi ja seet\u00f5ttu sobib ideaalselt pagari\u00e4ridele, pitsarestoranidele, restoranidele v\u00f5i\" \/>\n<meta property=\"og:url\" content=\"https:\/\/adexa.ee\/toode\/professionaalne-taignasegaja-20-liitrit-2-kiirust-adexa-h20\/\" \/>\n<meta property=\"og:site_name\" content=\"Adexa \u2013 Suurk\u00f6\u00f6giseadmed restoranidele ja toitlustusele\" \/>\n<meta property=\"article:modified_time\" content=\"2026-03-26T09:35:07+00:00\" \/>\n<meta property=\"og:image\" content=\"https:\/\/adexa.ee\/wp-content\/uploads\/2024\/12\/H20.jpg\" \/>\n\t<meta property=\"og:image:width\" content=\"1085\" \/>\n\t<meta property=\"og:image:height\" content=\"1085\" \/>\n\t<meta property=\"og:image:type\" content=\"image\/jpeg\" \/>\n<meta name=\"twitter:card\" content=\"summary_large_image\" \/>\n<script type=\"application\/ld+json\" class=\"yoast-schema-graph\">{\"@context\":\"https:\\\/\\\/schema.org\",\"@graph\":[{\"@type\":\"WebPage\",\"@id\":\"https:\\\/\\\/adexa.ee\\\/toode\\\/professionaalne-taignasegaja-20-liitrit-2-kiirust-adexa-h20\\\/\",\"url\":\"https:\\\/\\\/adexa.ee\\\/toode\\\/professionaalne-taignasegaja-20-liitrit-2-kiirust-adexa-h20\\\/\",\"name\":\"Professionaalne taignasegaja 20 liitrit 2 kiirust | Adexa H20 - Adexa \u2013 Suurk\u00f6\u00f6giseadmed restoranidele ja toitlustusele\",\"isPartOf\":{\"@id\":\"https:\\\/\\\/adexa.ee\\\/#website\"},\"primaryImageOfPage\":{\"@id\":\"https:\\\/\\\/adexa.ee\\\/toode\\\/professionaalne-taignasegaja-20-liitrit-2-kiirust-adexa-h20\\\/#primaryimage\"},\"image\":{\"@id\":\"https:\\\/\\\/adexa.ee\\\/toode\\\/professionaalne-taignasegaja-20-liitrit-2-kiirust-adexa-h20\\\/#primaryimage\"},\"thumbnailUrl\":\"https:\\\/\\\/adexa.ee\\\/wp-content\\\/uploads\\\/2024\\\/12\\\/H20.jpg\",\"datePublished\":\"2026-03-26T09:35:02+00:00\",\"dateModified\":\"2026-03-26T09:35:07+00:00\",\"breadcrumb\":{\"@id\":\"https:\\\/\\\/adexa.ee\\\/toode\\\/professionaalne-taignasegaja-20-liitrit-2-kiirust-adexa-h20\\\/#breadcrumb\"},\"inLanguage\":\"en-US\",\"potentialAction\":[{\"@type\":\"ReadAction\",\"target\":[\"https:\\\/\\\/adexa.ee\\\/toode\\\/professionaalne-taignasegaja-20-liitrit-2-kiirust-adexa-h20\\\/\"]}]},{\"@type\":\"ImageObject\",\"inLanguage\":\"en-US\",\"@id\":\"https:\\\/\\\/adexa.ee\\\/toode\\\/professionaalne-taignasegaja-20-liitrit-2-kiirust-adexa-h20\\\/#primaryimage\",\"url\":\"https:\\\/\\\/adexa.ee\\\/wp-content\\\/uploads\\\/2024\\\/12\\\/H20.jpg\",\"contentUrl\":\"https:\\\/\\\/adexa.ee\\\/wp-content\\\/uploads\\\/2024\\\/12\\\/H20.jpg\",\"width\":1085,\"height\":1085},{\"@type\":\"BreadcrumbList\",\"@id\":\"https:\\\/\\\/adexa.ee\\\/toode\\\/professionaalne-taignasegaja-20-liitrit-2-kiirust-adexa-h20\\\/#breadcrumb\",\"itemListElement\":[{\"@type\":\"ListItem\",\"position\":1,\"name\":\"Home\",\"item\":\"https:\\\/\\\/adexa.ee\\\/\"},{\"@type\":\"ListItem\",\"position\":2,\"name\":\"Tooted\",\"item\":\"https:\\\/\\\/adexa.ee\\\/pood\\\/\"},{\"@type\":\"ListItem\",\"position\":3,\"name\":\"Professionaalne taignasegaja 20 liitrit 2 kiirust | Adexa H20\"}]},{\"@type\":\"WebSite\",\"@id\":\"https:\\\/\\\/adexa.ee\\\/#website\",\"url\":\"https:\\\/\\\/adexa.ee\\\/\",\"name\":\"Adexa\",\"description\":\"\",\"publisher\":{\"@id\":\"https:\\\/\\\/adexa.ee\\\/#organization\"},\"potentialAction\":[{\"@type\":\"SearchAction\",\"target\":{\"@type\":\"EntryPoint\",\"urlTemplate\":\"https:\\\/\\\/adexa.ee\\\/?s={search_term_string}\"},\"query-input\":{\"@type\":\"PropertyValueSpecification\",\"valueRequired\":true,\"valueName\":\"search_term_string\"}}],\"inLanguage\":\"en-US\"},{\"@type\":\"Organization\",\"@id\":\"https:\\\/\\\/adexa.ee\\\/#organization\",\"name\":\"Adexa\",\"url\":\"https:\\\/\\\/adexa.ee\\\/\",\"logo\":{\"@type\":\"ImageObject\",\"inLanguage\":\"en-US\",\"@id\":\"https:\\\/\\\/adexa.ee\\\/#\\\/schema\\\/logo\\\/image\\\/\",\"url\":\"https:\\\/\\\/adexa.ee\\\/wp-content\\\/uploads\\\/2024\\\/04\\\/chef-cooks-working-in-professional-kitchen-2023-11-27-05-07-39-utc-scaled.jpg\",\"contentUrl\":\"https:\\\/\\\/adexa.ee\\\/wp-content\\\/uploads\\\/2024\\\/04\\\/chef-cooks-working-in-professional-kitchen-2023-11-27-05-07-39-utc-scaled.jpg\",\"width\":2560,\"height\":1708,\"caption\":\"Adexa\"},\"image\":{\"@id\":\"https:\\\/\\\/adexa.ee\\\/#\\\/schema\\\/logo\\\/image\\\/\"}}]}<\/script>\n<!-- \/ Yoast SEO plugin. -->","yoast_head_json":{"title":"Professionaalne taignasegaja 20 liitrit 2 kiirust | Adexa H20 - Adexa \u2013 Suurk\u00f6\u00f6giseadmed restoranidele ja toitlustusele","robots":{"index":"index","follow":"follow","max-snippet":"max-snippet:-1","max-image-preview":"max-image-preview:large","max-video-preview":"max-video-preview:-1"},"canonical":"https:\/\/adexa.ee\/toode\/professionaalne-taignasegaja-20-liitrit-2-kiirust-adexa-h20\/","og_locale":"en_US","og_type":"article","og_title":"Professionaalne taignasegaja 20 liitrit 2 kiirust | Adexa H20 - Adexa \u2013 Suurk\u00f6\u00f6giseadmed restoranidele ja toitlustusele","og_description":"Suurep\u00e4rane hinna ja kvaliteedi suhe \u00fcldotstarbelise tainasegisti jaoks. Sellel on palju kasutusv\u00f5imalusi ja seet\u00f5ttu sobib ideaalselt pagari\u00e4ridele, pitsarestoranidele, restoranidele v\u00f5i","og_url":"https:\/\/adexa.ee\/toode\/professionaalne-taignasegaja-20-liitrit-2-kiirust-adexa-h20\/","og_site_name":"Adexa \u2013 Suurk\u00f6\u00f6giseadmed restoranidele ja toitlustusele","article_modified_time":"2026-03-26T09:35:07+00:00","og_image":[{"width":1085,"height":1085,"url":"https:\/\/adexa.ee\/wp-content\/uploads\/2024\/12\/H20.jpg","type":"image\/jpeg"}],"twitter_card":"summary_large_image","schema":{"@context":"https:\/\/schema.org","@graph":[{"@type":"WebPage","@id":"https:\/\/adexa.ee\/toode\/professionaalne-taignasegaja-20-liitrit-2-kiirust-adexa-h20\/","url":"https:\/\/adexa.ee\/toode\/professionaalne-taignasegaja-20-liitrit-2-kiirust-adexa-h20\/","name":"Professionaalne taignasegaja 20 liitrit 2 kiirust | Adexa H20 - Adexa \u2013 Suurk\u00f6\u00f6giseadmed restoranidele ja toitlustusele","isPartOf":{"@id":"https:\/\/adexa.ee\/#website"},"primaryImageOfPage":{"@id":"https:\/\/adexa.ee\/toode\/professionaalne-taignasegaja-20-liitrit-2-kiirust-adexa-h20\/#primaryimage"},"image":{"@id":"https:\/\/adexa.ee\/toode\/professionaalne-taignasegaja-20-liitrit-2-kiirust-adexa-h20\/#primaryimage"},"thumbnailUrl":"https:\/\/adexa.ee\/wp-content\/uploads\/2024\/12\/H20.jpg","datePublished":"2026-03-26T09:35:02+00:00","dateModified":"2026-03-26T09:35:07+00:00","breadcrumb":{"@id":"https:\/\/adexa.ee\/toode\/professionaalne-taignasegaja-20-liitrit-2-kiirust-adexa-h20\/#breadcrumb"},"inLanguage":"en-US","potentialAction":[{"@type":"ReadAction","target":["https:\/\/adexa.ee\/toode\/professionaalne-taignasegaja-20-liitrit-2-kiirust-adexa-h20\/"]}]},{"@type":"ImageObject","inLanguage":"en-US","@id":"https:\/\/adexa.ee\/toode\/professionaalne-taignasegaja-20-liitrit-2-kiirust-adexa-h20\/#primaryimage","url":"https:\/\/adexa.ee\/wp-content\/uploads\/2024\/12\/H20.jpg","contentUrl":"https:\/\/adexa.ee\/wp-content\/uploads\/2024\/12\/H20.jpg","width":1085,"height":1085},{"@type":"BreadcrumbList","@id":"https:\/\/adexa.ee\/toode\/professionaalne-taignasegaja-20-liitrit-2-kiirust-adexa-h20\/#breadcrumb","itemListElement":[{"@type":"ListItem","position":1,"name":"Home","item":"https:\/\/adexa.ee\/"},{"@type":"ListItem","position":2,"name":"Tooted","item":"https:\/\/adexa.ee\/pood\/"},{"@type":"ListItem","position":3,"name":"Professionaalne taignasegaja 20 liitrit 2 kiirust | Adexa H20"}]},{"@type":"WebSite","@id":"https:\/\/adexa.ee\/#website","url":"https:\/\/adexa.ee\/","name":"Adexa","description":"","publisher":{"@id":"https:\/\/adexa.ee\/#organization"},"potentialAction":[{"@type":"SearchAction","target":{"@type":"EntryPoint","urlTemplate":"https:\/\/adexa.ee\/?s={search_term_string}"},"query-input":{"@type":"PropertyValueSpecification","valueRequired":true,"valueName":"search_term_string"}}],"inLanguage":"en-US"},{"@type":"Organization","@id":"https:\/\/adexa.ee\/#organization","name":"Adexa","url":"https:\/\/adexa.ee\/","logo":{"@type":"ImageObject","inLanguage":"en-US","@id":"https:\/\/adexa.ee\/#\/schema\/logo\/image\/","url":"https:\/\/adexa.ee\/wp-content\/uploads\/2024\/04\/chef-cooks-working-in-professional-kitchen-2023-11-27-05-07-39-utc-scaled.jpg","contentUrl":"https:\/\/adexa.ee\/wp-content\/uploads\/2024\/04\/chef-cooks-working-in-professional-kitchen-2023-11-27-05-07-39-utc-scaled.jpg","width":2560,"height":1708,"caption":"Adexa"},"image":{"@id":"https:\/\/adexa.ee\/#\/schema\/logo\/image\/"}}]}},"_links":{"self":[{"href":"https:\/\/adexa.ee\/en\/wp-json\/wp\/v2\/product\/33286","targetHints":{"allow":["GET"]}}],"collection":[{"href":"https:\/\/adexa.ee\/en\/wp-json\/wp\/v2\/product"}],"about":[{"href":"https:\/\/adexa.ee\/en\/wp-json\/wp\/v2\/types\/product"}],"wp:featuredmedia":[{"embeddable":true,"href":"https:\/\/adexa.ee\/en\/wp-json\/wp\/v2\/media\/12048"}],"wp:attachment":[{"href":"https:\/\/adexa.ee\/en\/wp-json\/wp\/v2\/media?parent=33286"}],"wp:term":[{"taxonomy":"product_brand","embeddable":true,"href":"https:\/\/adexa.ee\/en\/wp-json\/wp\/v2\/product_brand?post=33286"},{"taxonomy":"product_cat","embeddable":true,"href":"https:\/\/adexa.ee\/en\/wp-json\/wp\/v2\/product_cat?post=33286"},{"taxonomy":"product_tag","embeddable":true,"href":"https:\/\/adexa.ee\/en\/wp-json\/wp\/v2\/product_tag?post=33286"}],"curies":[{"name":"wp","href":"https:\/\/api.w.org\/{rel}","templated":true}]}}