{"id":33331,"date":"2026-04-01T12:25:09","date_gmt":"2026-04-01T09:25:09","guid":{"rendered":"https:\/\/adexa.ee\/toode\/kaubanduslik-vitriinijaatisekulmik-kumer-lukandklaaskaan-368-liitrit-adexa-scsd328y\/"},"modified":"2026-04-01T12:25:10","modified_gmt":"2026-04-01T09:25:10","slug":"kaubanduslik-vitriinijaatisekulmik-kumer-lukandklaaskaan-368-liitrit-adexa-scsd328y","status":"publish","type":"product","link":"https:\/\/adexa.ee\/en\/toode\/kaubanduslik-vitriinijaatisekulmik-kumer-lukandklaaskaan-368-liitrit-adexa-scsd328y\/","title":{"rendered":"Kaubanduslik vitriinij\u00e4\u00e4tisek\u00fclmik Kumer l\u00fckandklaaskaan 368 liitrit | Adexa SCSD328Y"},"content":{"rendered":"<p>See professionaalne vitriinij\u00e4\u00e4tisek\u00fclmik tagab, et teie j\u00e4\u00e4tised, pulgakommid, k\u00fclmutatud valmistoidud v\u00f5i k\u00f6\u00f6giviljad on atraktiivselt eksponeeritud ja hoitud ideaaltemperatuuril pikaajaliseks s\u00e4ilitamiseks. Samuti suurep\u00e4rane karpikaupa v\u00f5i kottides k\u00fclmutatud toodete, nagu pitsa v\u00f5i j\u00e4\u00e4kuubikute, jaoks. Sobib ideaalselt toidupoodidele, kohvikutele, poodidele ja sarnastele toitlustusettev\u00f5tetele. \u00dcksikasjaliku teabe saamiseks vaadake palun jaotist \u201eSpetsifikatsioon\u201d.<\/p>\n<table style=\"border-collapse: collapse; width: 100%; text-align: left;\">\n<tbody>\n<tr>\n<td style=\"border: 1px solid #ddd; padding: 8px; width: 45%;\"><strong>S\u00fcgavus<\/strong><\/td>\n<td style=\"border: 1px solid #ddd; padding: 8px;\">555mm<\/td>\n<\/tr>\n<tr>\n<td style=\"border: 1px solid #ddd; padding: 8px; width: 45%;\"><strong>K\u00f5rgus<\/strong><\/td>\n<td style=\"border: 1px solid #ddd; padding: 8px;\">830 mm<\/td>\n<\/tr>\n<tr>\n<td style=\"border: 1px solid #ddd; padding: 8px; width: 45%;\"><strong>Laius<\/strong><\/td>\n<td style=\"border: 1px solid #ddd; padding: 8px;\">906 mm<\/td>\n<\/tr>\n<tr>\n<td style=\"border: 1px solid #ddd; padding: 8px; width: 45%;\"><strong>Kaal<\/strong><\/td>\n<td style=\"border: 1px solid #ddd; padding: 8px;\">52 kg<\/td>\n<\/tr>\n<tr>\n<td style=\"border: 1px solid #ddd; padding: 8px; width: 45%;\"><strong>Garantii<\/strong><\/td>\n<td style=\"border: 1px solid #ddd; padding: 8px;\">12 kuu varuosade garantii<\/td>\n<\/tr>\n<tr>\n<td style=\"border: 1px solid #ddd; padding: 8px; width: 45%;\"><strong>Mahutavus<\/strong><\/td>\n<td style=\"border: 1px solid #ddd; padding: 8px;\">158 liitrit<\/td>\n<\/tr>\n<tr>\n<td style=\"border: 1px solid #ddd; padding: 8px; width: 45%;\"><strong>Toiteallikas<\/strong><\/td>\n<td style=\"border: 1px solid #ddd; padding: 8px;\">230V \/ 1 faas<\/td>\n<\/tr>\n<tr>\n<td style=\"border: 1px solid #ddd; padding: 8px; width: 45%;\"><strong>V\u00f5imsus<\/strong><\/td>\n<td style=\"border: 1px solid #ddd; padding: 8px;\">240W<\/td>\n<\/tr>\n<tr>\n<td style=\"border: 1px solid #ddd; padding: 8px; width: 45%;\"><strong>Rullikud<\/strong><\/td>\n<td style=\"border: 1px solid #ddd; padding: 8px;\">4 reguleeritavat ratast<\/td>\n<\/tr>\n<tr>\n<td style=\"border: 1px solid #ddd; padding: 8px; width: 45%;\"><strong>V\u00e4rv<\/strong><\/td>\n<td style=\"border: 1px solid #ddd; padding: 8px;\">Valge p\u00f5hi ja hall \u00fclemine osa<\/td>\n<\/tr>\n<tr>\n<td style=\"border: 1px solid #ddd; padding: 8px; width: 45%;\"><strong>Jahutamine<\/strong><\/td>\n<td style=\"border: 1px solid #ddd; padding: 8px;\">Staatiline<\/td>\n<\/tr>\n<tr>\n<td style=\"border: 1px solid #ddd; padding: 8px; width: 45%;\"><strong>K\u00fclmaaine<\/strong><\/td>\n<td style=\"border: 1px solid #ddd; padding: 8px;\">R290<\/td>\n<\/tr>\n<tr>\n<td style=\"border: 1px solid #ddd; padding: 8px; width: 45%;\"><strong>Temperatuur<\/strong><\/td>\n<td style=\"border: 1px solid #ddd; padding: 8px;\">-18\u00b0C kuni -28\u00b0C<\/td>\n<\/tr>\n<tr>\n<td style=\"border: 1px solid #ddd; padding: 8px; width: 45%;\"><strong>Kontrollid<\/strong><\/td>\n<td style=\"border: 1px solid #ddd; padding: 8px;\">Mehaaniline<\/td>\n<\/tr>\n<tr>\n<td style=\"border: 1px solid #ddd; padding: 8px; width: 45%;\"><strong>Korvid<\/strong><\/td>\n<td style=\"border: 1px solid #ddd; padding: 8px;\">1<\/td>\n<\/tr>\n<tr>\n<td style=\"border: 1px solid #ddd; padding: 8px; width: 45%;\"><strong>Kaas<\/strong><\/td>\n<td style=\"border: 1px solid #ddd; padding: 8px;\">Kaarega liugklaasist kate<\/td>\n<\/tr>\n<\/tbody>\n<\/table>\n","protected":false},"excerpt":{"rendered":"<p>See professionaalne vitriinij\u00e4\u00e4tisek\u00fclmik tagab, et teie j\u00e4\u00e4tised, pulgakommid, k\u00fclmutatud valmistoidud v\u00f5i k\u00f6\u00f6giviljad on atraktiivselt eksponeeritud ja hoitud ideaaltemperatuuril pikaajaliseks s\u00e4ilitamiseks.<\/p>\n","protected":false},"featured_media":33333,"template":"","meta":[],"product_brand":[],"product_cat":[564,613,677,932],"product_tag":[],"class_list":{"0":"post-33331","1":"product","2":"type-product","3":"status-publish","4":"has-post-thumbnail","6":"product_cat-jahutusseadmed","7":"product_cat-kohv-ja-joogid","8":"product_cat-kulmikud","9":"product_cat-sugavkulmikud","11":"first","12":"instock","13":"sale","14":"taxable","15":"shipping-taxable","16":"purchasable","17":"product-type-simple"},"yoast_head":"<!-- This site is optimized with the Yoast SEO plugin v27.3 - https:\/\/yoast.com\/product\/yoast-seo-wordpress\/ -->\n<title>Kaubanduslik vitriinij\u00e4\u00e4tisek\u00fclmik Kumer l\u00fckandklaaskaan 368 liitrit | Adexa SCSD328Y - Adexa \u2013 Suurk\u00f6\u00f6giseadmed restoranidele ja toitlustusele<\/title>\n<meta name=\"robots\" content=\"index, follow, max-snippet:-1, max-image-preview:large, max-video-preview:-1\" \/>\n<link rel=\"canonical\" href=\"https:\/\/adexa.ee\/toode\/kaubanduslik-vitriinijaatisekulmik-kumer-lukandklaaskaan-368-liitrit-adexa-scsd328y\/\" \/>\n<meta property=\"og:locale\" content=\"en_US\" \/>\n<meta property=\"og:type\" content=\"article\" \/>\n<meta property=\"og:title\" content=\"Kaubanduslik vitriinij\u00e4\u00e4tisek\u00fclmik Kumer l\u00fckandklaaskaan 368 liitrit | Adexa SCSD328Y - Adexa \u2013 Suurk\u00f6\u00f6giseadmed restoranidele ja toitlustusele\" \/>\n<meta property=\"og:description\" content=\"See professionaalne vitriinij\u00e4\u00e4tisek\u00fclmik tagab, et teie j\u00e4\u00e4tised, pulgakommid, k\u00fclmutatud valmistoidud v\u00f5i k\u00f6\u00f6giviljad on atraktiivselt eksponeeritud ja hoitud ideaaltemperatuuril pikaajaliseks s\u00e4ilitamiseks.\" \/>\n<meta property=\"og:url\" content=\"https:\/\/adexa.ee\/toode\/kaubanduslik-vitriinijaatisekulmik-kumer-lukandklaaskaan-368-liitrit-adexa-scsd328y\/\" \/>\n<meta property=\"og:site_name\" content=\"Adexa \u2013 Suurk\u00f6\u00f6giseadmed restoranidele ja toitlustusele\" \/>\n<meta property=\"article:modified_time\" content=\"2026-04-01T09:25:10+00:00\" \/>\n<meta property=\"og:image\" content=\"https:\/\/adexa.ee\/wp-content\/uploads\/2025\/06\/SCSD328Y-scaled.jpg\" \/>\n\t<meta property=\"og:image:width\" content=\"2560\" \/>\n\t<meta property=\"og:image:height\" content=\"2560\" \/>\n\t<meta property=\"og:image:type\" content=\"image\/jpeg\" \/>\n<meta name=\"twitter:card\" content=\"summary_large_image\" \/>\n<meta name=\"twitter:label1\" content=\"Est. reading time\" \/>\n\t<meta name=\"twitter:data1\" content=\"1 minute\" \/>\n<script type=\"application\/ld+json\" class=\"yoast-schema-graph\">{\"@context\":\"https:\\\/\\\/schema.org\",\"@graph\":[{\"@type\":\"WebPage\",\"@id\":\"https:\\\/\\\/adexa.ee\\\/toode\\\/kaubanduslik-vitriinijaatisekulmik-kumer-lukandklaaskaan-368-liitrit-adexa-scsd328y\\\/\",\"url\":\"https:\\\/\\\/adexa.ee\\\/toode\\\/kaubanduslik-vitriinijaatisekulmik-kumer-lukandklaaskaan-368-liitrit-adexa-scsd328y\\\/\",\"name\":\"Kaubanduslik vitriinij\u00e4\u00e4tisek\u00fclmik Kumer l\u00fckandklaaskaan 368 liitrit | Adexa SCSD328Y - Adexa \u2013 Suurk\u00f6\u00f6giseadmed restoranidele ja toitlustusele\",\"isPartOf\":{\"@id\":\"https:\\\/\\\/adexa.ee\\\/#website\"},\"primaryImageOfPage\":{\"@id\":\"https:\\\/\\\/adexa.ee\\\/toode\\\/kaubanduslik-vitriinijaatisekulmik-kumer-lukandklaaskaan-368-liitrit-adexa-scsd328y\\\/#primaryimage\"},\"image\":{\"@id\":\"https:\\\/\\\/adexa.ee\\\/toode\\\/kaubanduslik-vitriinijaatisekulmik-kumer-lukandklaaskaan-368-liitrit-adexa-scsd328y\\\/#primaryimage\"},\"thumbnailUrl\":\"https:\\\/\\\/adexa.ee\\\/wp-content\\\/uploads\\\/2025\\\/06\\\/SCSD328Y-scaled.jpg\",\"datePublished\":\"2026-04-01T09:25:09+00:00\",\"dateModified\":\"2026-04-01T09:25:10+00:00\",\"breadcrumb\":{\"@id\":\"https:\\\/\\\/adexa.ee\\\/toode\\\/kaubanduslik-vitriinijaatisekulmik-kumer-lukandklaaskaan-368-liitrit-adexa-scsd328y\\\/#breadcrumb\"},\"inLanguage\":\"en-US\",\"potentialAction\":[{\"@type\":\"ReadAction\",\"target\":[\"https:\\\/\\\/adexa.ee\\\/toode\\\/kaubanduslik-vitriinijaatisekulmik-kumer-lukandklaaskaan-368-liitrit-adexa-scsd328y\\\/\"]}]},{\"@type\":\"ImageObject\",\"inLanguage\":\"en-US\",\"@id\":\"https:\\\/\\\/adexa.ee\\\/toode\\\/kaubanduslik-vitriinijaatisekulmik-kumer-lukandklaaskaan-368-liitrit-adexa-scsd328y\\\/#primaryimage\",\"url\":\"https:\\\/\\\/adexa.ee\\\/wp-content\\\/uploads\\\/2025\\\/06\\\/SCSD328Y-scaled.jpg\",\"contentUrl\":\"https:\\\/\\\/adexa.ee\\\/wp-content\\\/uploads\\\/2025\\\/06\\\/SCSD328Y-scaled.jpg\",\"width\":2560,\"height\":2560},{\"@type\":\"BreadcrumbList\",\"@id\":\"https:\\\/\\\/adexa.ee\\\/toode\\\/kaubanduslik-vitriinijaatisekulmik-kumer-lukandklaaskaan-368-liitrit-adexa-scsd328y\\\/#breadcrumb\",\"itemListElement\":[{\"@type\":\"ListItem\",\"position\":1,\"name\":\"Home\",\"item\":\"https:\\\/\\\/adexa.ee\\\/\"},{\"@type\":\"ListItem\",\"position\":2,\"name\":\"Tooted\",\"item\":\"https:\\\/\\\/adexa.ee\\\/pood\\\/\"},{\"@type\":\"ListItem\",\"position\":3,\"name\":\"Kaubanduslik vitriinij\u00e4\u00e4tisek\u00fclmik Kumer l\u00fckandklaaskaan 368 liitrit | Adexa SCSD328Y\"}]},{\"@type\":\"WebSite\",\"@id\":\"https:\\\/\\\/adexa.ee\\\/#website\",\"url\":\"https:\\\/\\\/adexa.ee\\\/\",\"name\":\"Adexa\",\"description\":\"\",\"publisher\":{\"@id\":\"https:\\\/\\\/adexa.ee\\\/#organization\"},\"potentialAction\":[{\"@type\":\"SearchAction\",\"target\":{\"@type\":\"EntryPoint\",\"urlTemplate\":\"https:\\\/\\\/adexa.ee\\\/?s={search_term_string}\"},\"query-input\":{\"@type\":\"PropertyValueSpecification\",\"valueRequired\":true,\"valueName\":\"search_term_string\"}}],\"inLanguage\":\"en-US\"},{\"@type\":\"Organization\",\"@id\":\"https:\\\/\\\/adexa.ee\\\/#organization\",\"name\":\"Adexa\",\"url\":\"https:\\\/\\\/adexa.ee\\\/\",\"logo\":{\"@type\":\"ImageObject\",\"inLanguage\":\"en-US\",\"@id\":\"https:\\\/\\\/adexa.ee\\\/#\\\/schema\\\/logo\\\/image\\\/\",\"url\":\"https:\\\/\\\/adexa.ee\\\/wp-content\\\/uploads\\\/2024\\\/04\\\/chef-cooks-working-in-professional-kitchen-2023-11-27-05-07-39-utc-scaled.jpg\",\"contentUrl\":\"https:\\\/\\\/adexa.ee\\\/wp-content\\\/uploads\\\/2024\\\/04\\\/chef-cooks-working-in-professional-kitchen-2023-11-27-05-07-39-utc-scaled.jpg\",\"width\":2560,\"height\":1708,\"caption\":\"Adexa\"},\"image\":{\"@id\":\"https:\\\/\\\/adexa.ee\\\/#\\\/schema\\\/logo\\\/image\\\/\"}}]}<\/script>\n<!-- \/ Yoast SEO plugin. -->","yoast_head_json":{"title":"Kaubanduslik vitriinij\u00e4\u00e4tisek\u00fclmik Kumer l\u00fckandklaaskaan 368 liitrit | Adexa SCSD328Y - Adexa \u2013 Suurk\u00f6\u00f6giseadmed restoranidele ja toitlustusele","robots":{"index":"index","follow":"follow","max-snippet":"max-snippet:-1","max-image-preview":"max-image-preview:large","max-video-preview":"max-video-preview:-1"},"canonical":"https:\/\/adexa.ee\/toode\/kaubanduslik-vitriinijaatisekulmik-kumer-lukandklaaskaan-368-liitrit-adexa-scsd328y\/","og_locale":"en_US","og_type":"article","og_title":"Kaubanduslik vitriinij\u00e4\u00e4tisek\u00fclmik Kumer l\u00fckandklaaskaan 368 liitrit | Adexa SCSD328Y - Adexa \u2013 Suurk\u00f6\u00f6giseadmed restoranidele ja toitlustusele","og_description":"See professionaalne vitriinij\u00e4\u00e4tisek\u00fclmik tagab, et teie j\u00e4\u00e4tised, pulgakommid, k\u00fclmutatud valmistoidud v\u00f5i k\u00f6\u00f6giviljad on atraktiivselt eksponeeritud ja hoitud ideaaltemperatuuril pikaajaliseks s\u00e4ilitamiseks.","og_url":"https:\/\/adexa.ee\/toode\/kaubanduslik-vitriinijaatisekulmik-kumer-lukandklaaskaan-368-liitrit-adexa-scsd328y\/","og_site_name":"Adexa \u2013 Suurk\u00f6\u00f6giseadmed restoranidele ja toitlustusele","article_modified_time":"2026-04-01T09:25:10+00:00","og_image":[{"width":2560,"height":2560,"url":"https:\/\/adexa.ee\/wp-content\/uploads\/2025\/06\/SCSD328Y-scaled.jpg","type":"image\/jpeg"}],"twitter_card":"summary_large_image","twitter_misc":{"Est. reading time":"1 minute"},"schema":{"@context":"https:\/\/schema.org","@graph":[{"@type":"WebPage","@id":"https:\/\/adexa.ee\/toode\/kaubanduslik-vitriinijaatisekulmik-kumer-lukandklaaskaan-368-liitrit-adexa-scsd328y\/","url":"https:\/\/adexa.ee\/toode\/kaubanduslik-vitriinijaatisekulmik-kumer-lukandklaaskaan-368-liitrit-adexa-scsd328y\/","name":"Kaubanduslik vitriinij\u00e4\u00e4tisek\u00fclmik Kumer l\u00fckandklaaskaan 368 liitrit | Adexa SCSD328Y - Adexa \u2013 Suurk\u00f6\u00f6giseadmed restoranidele ja toitlustusele","isPartOf":{"@id":"https:\/\/adexa.ee\/#website"},"primaryImageOfPage":{"@id":"https:\/\/adexa.ee\/toode\/kaubanduslik-vitriinijaatisekulmik-kumer-lukandklaaskaan-368-liitrit-adexa-scsd328y\/#primaryimage"},"image":{"@id":"https:\/\/adexa.ee\/toode\/kaubanduslik-vitriinijaatisekulmik-kumer-lukandklaaskaan-368-liitrit-adexa-scsd328y\/#primaryimage"},"thumbnailUrl":"https:\/\/adexa.ee\/wp-content\/uploads\/2025\/06\/SCSD328Y-scaled.jpg","datePublished":"2026-04-01T09:25:09+00:00","dateModified":"2026-04-01T09:25:10+00:00","breadcrumb":{"@id":"https:\/\/adexa.ee\/toode\/kaubanduslik-vitriinijaatisekulmik-kumer-lukandklaaskaan-368-liitrit-adexa-scsd328y\/#breadcrumb"},"inLanguage":"en-US","potentialAction":[{"@type":"ReadAction","target":["https:\/\/adexa.ee\/toode\/kaubanduslik-vitriinijaatisekulmik-kumer-lukandklaaskaan-368-liitrit-adexa-scsd328y\/"]}]},{"@type":"ImageObject","inLanguage":"en-US","@id":"https:\/\/adexa.ee\/toode\/kaubanduslik-vitriinijaatisekulmik-kumer-lukandklaaskaan-368-liitrit-adexa-scsd328y\/#primaryimage","url":"https:\/\/adexa.ee\/wp-content\/uploads\/2025\/06\/SCSD328Y-scaled.jpg","contentUrl":"https:\/\/adexa.ee\/wp-content\/uploads\/2025\/06\/SCSD328Y-scaled.jpg","width":2560,"height":2560},{"@type":"BreadcrumbList","@id":"https:\/\/adexa.ee\/toode\/kaubanduslik-vitriinijaatisekulmik-kumer-lukandklaaskaan-368-liitrit-adexa-scsd328y\/#breadcrumb","itemListElement":[{"@type":"ListItem","position":1,"name":"Home","item":"https:\/\/adexa.ee\/"},{"@type":"ListItem","position":2,"name":"Tooted","item":"https:\/\/adexa.ee\/pood\/"},{"@type":"ListItem","position":3,"name":"Kaubanduslik vitriinij\u00e4\u00e4tisek\u00fclmik Kumer l\u00fckandklaaskaan 368 liitrit | Adexa SCSD328Y"}]},{"@type":"WebSite","@id":"https:\/\/adexa.ee\/#website","url":"https:\/\/adexa.ee\/","name":"Adexa","description":"","publisher":{"@id":"https:\/\/adexa.ee\/#organization"},"potentialAction":[{"@type":"SearchAction","target":{"@type":"EntryPoint","urlTemplate":"https:\/\/adexa.ee\/?s={search_term_string}"},"query-input":{"@type":"PropertyValueSpecification","valueRequired":true,"valueName":"search_term_string"}}],"inLanguage":"en-US"},{"@type":"Organization","@id":"https:\/\/adexa.ee\/#organization","name":"Adexa","url":"https:\/\/adexa.ee\/","logo":{"@type":"ImageObject","inLanguage":"en-US","@id":"https:\/\/adexa.ee\/#\/schema\/logo\/image\/","url":"https:\/\/adexa.ee\/wp-content\/uploads\/2024\/04\/chef-cooks-working-in-professional-kitchen-2023-11-27-05-07-39-utc-scaled.jpg","contentUrl":"https:\/\/adexa.ee\/wp-content\/uploads\/2024\/04\/chef-cooks-working-in-professional-kitchen-2023-11-27-05-07-39-utc-scaled.jpg","width":2560,"height":1708,"caption":"Adexa"},"image":{"@id":"https:\/\/adexa.ee\/#\/schema\/logo\/image\/"}}]}},"_links":{"self":[{"href":"https:\/\/adexa.ee\/en\/wp-json\/wp\/v2\/product\/33331","targetHints":{"allow":["GET"]}}],"collection":[{"href":"https:\/\/adexa.ee\/en\/wp-json\/wp\/v2\/product"}],"about":[{"href":"https:\/\/adexa.ee\/en\/wp-json\/wp\/v2\/types\/product"}],"wp:featuredmedia":[{"embeddable":true,"href":"https:\/\/adexa.ee\/en\/wp-json\/wp\/v2\/media\/33333"}],"wp:attachment":[{"href":"https:\/\/adexa.ee\/en\/wp-json\/wp\/v2\/media?parent=33331"}],"wp:term":[{"taxonomy":"product_brand","embeddable":true,"href":"https:\/\/adexa.ee\/en\/wp-json\/wp\/v2\/product_brand?post=33331"},{"taxonomy":"product_cat","embeddable":true,"href":"https:\/\/adexa.ee\/en\/wp-json\/wp\/v2\/product_cat?post=33331"},{"taxonomy":"product_tag","embeddable":true,"href":"https:\/\/adexa.ee\/en\/wp-json\/wp\/v2\/product_tag?post=33331"}],"curies":[{"name":"wp","href":"https:\/\/api.w.org\/{rel}","templated":true}]}}