{"id":33360,"date":"2026-03-31T15:25:03","date_gmt":"2026-03-31T12:25:03","guid":{"rendered":"https:\/\/adexa.ee\/toode\/premium-uhekordne-valamukauss-540x440x200mm-pealt-paigaldatav-roostevaba-teras-adexa-sb205040\/"},"modified":"2026-03-31T15:25:04","modified_gmt":"2026-03-31T12:25:04","slug":"premium-uhekordne-valamukauss-540x440x200mm-pealt-paigaldatav-roostevaba-teras-adexa-sb205040","status":"publish","type":"product","link":"https:\/\/adexa.ee\/en\/toode\/premium-uhekordne-valamukauss-540x440x200mm-pealt-paigaldatav-roostevaba-teras-adexa-sb205040\/","title":{"rendered":"Premium \u00fchekordne valamukauss 540x440x200mm pealt paigaldatav roostevaba teras | Adexa SB205040"},"content":{"rendered":"<p>Funktsionaalsuse ja esteetilise disaini \u00fchendamine, see kvaliteetne pealt paigaldatav valamu t\u00e4iustab iga k\u00f6\u00f6gi sisustust! See valamu on h\u00f5lpsasti paigaldatav ning sisaldab nii korki kui ka \u00e4ravoolutorustikku. T\u00e4psema teabe leiate jaotisest \u201eSpetsifikatsioon\u201d.<\/p>\n<table style=\"border-collapse: collapse; width: 100%; text-align: left;\">\n<tbody>\n<tr>\n<td style=\"border: 1px solid #ddd; padding: 8px; width: 45%;\"><strong>S\u00fcgavus<\/strong><\/td>\n<td style=\"border: 1px solid #ddd; padding: 8px;\">440mm<\/td>\n<\/tr>\n<tr>\n<td style=\"border: 1px solid #ddd; padding: 8px; width: 45%;\"><strong>K\u00f5rgus<\/strong><\/td>\n<td style=\"border: 1px solid #ddd; padding: 8px;\">200mm<\/td>\n<\/tr>\n<tr>\n<td style=\"border: 1px solid #ddd; padding: 8px; width: 45%;\"><strong>Laius<\/strong><\/td>\n<td style=\"border: 1px solid #ddd; padding: 8px;\">540mm<\/td>\n<\/tr>\n<tr>\n<td style=\"border: 1px solid #ddd; padding: 8px; width: 45%;\"><strong>Kaal<\/strong><\/td>\n<td style=\"border: 1px solid #ddd; padding: 8px;\">5,9 kg<\/td>\n<\/tr>\n<tr>\n<td style=\"border: 1px solid #ddd; padding: 8px; width: 45%;\"><strong>Garantii<\/strong><\/td>\n<td style=\"border: 1px solid #ddd; padding: 8px;\">12 kuu varuosade garantii<\/td>\n<\/tr>\n<tr>\n<td style=\"border: 1px solid #ddd; padding: 8px; width: 45%;\"><strong>T\u00fc\u00fcp<\/strong><\/td>\n<td style=\"border: 1px solid #ddd; padding: 8px;\">\u00dclemine kinnitus<\/td>\n<\/tr>\n<tr>\n<td style=\"border: 1px solid #ddd; padding: 8px; width: 45%;\"><strong>Materjal<\/strong><\/td>\n<td style=\"border: 1px solid #ddd; padding: 8px;\">Roostevaba teras (AISI 304)<\/td>\n<\/tr>\n<tr>\n<td style=\"border: 1px solid #ddd; padding: 8px; width: 45%;\"><strong>Kaasas<\/strong><\/td>\n<td style=\"border: 1px solid #ddd; padding: 8px;\">Alumine pistik<\/td>\n<\/tr>\n<tr>\n<td style=\"border: 1px solid #ddd; padding: 8px; width: 45%;\"><strong>Valamu kausid<\/strong><\/td>\n<td style=\"border: 1px solid #ddd; padding: 8px;\">1<\/td>\n<\/tr>\n<tr>\n<td style=\"border: 1px solid #ddd; padding: 8px; width: 45%;\"><strong>Paksus<\/strong><\/td>\n<td style=\"border: 1px solid #ddd; padding: 8px;\">0,8 mm<\/td>\n<\/tr>\n<tr>\n<td style=\"border: 1px solid #ddd; padding: 8px; width: 45%;\"><strong>M\u00f5\u00f5tmed (kauss)<\/strong><\/td>\n<td style=\"border: 1px solid #ddd; padding: 8px;\">500x400x195 mm<\/td>\n<\/tr>\n<\/tbody>\n<\/table>\n","protected":false},"excerpt":{"rendered":"<p>Funktsionaalsuse ja esteetilise disaini \u00fchendamine, see kvaliteetne pealt paigaldatav valamu t\u00e4iustab iga k\u00f6\u00f6gi sisustust! See valamu on h\u00f5lpsasti paigaldatav ning<\/p>\n","protected":false},"featured_media":33342,"template":"","meta":[],"product_brand":[],"product_cat":[572,658,895,659],"product_tag":[],"class_list":{"0":"post-33360","1":"product","2":"type-product","3":"status-publish","4":"has-post-thumbnail","6":"product_cat-roostevabad-tooted","7":"product_cat-tootasapinna-valamud","8":"product_cat-alampaigutusega-valamuuksused","9":"product_cat-tootasapinnasisesed-valamud","11":"first","12":"instock","13":"sale","14":"taxable","15":"shipping-taxable","16":"purchasable","17":"product-type-simple"},"yoast_head":"<!-- This site is optimized with the Yoast SEO plugin v27.3 - https:\/\/yoast.com\/product\/yoast-seo-wordpress\/ -->\n<title>Premium \u00fchekordne valamukauss 540x440x200mm pealt paigaldatav roostevaba teras | Adexa SB205040 - Adexa \u2013 Suurk\u00f6\u00f6giseadmed restoranidele ja toitlustusele<\/title>\n<meta name=\"robots\" content=\"index, follow, max-snippet:-1, max-image-preview:large, max-video-preview:-1\" \/>\n<link rel=\"canonical\" href=\"https:\/\/adexa.ee\/toode\/premium-uhekordne-valamukauss-540x440x200mm-pealt-paigaldatav-roostevaba-teras-adexa-sb205040\/\" \/>\n<meta property=\"og:locale\" content=\"en_US\" \/>\n<meta property=\"og:type\" content=\"article\" \/>\n<meta property=\"og:title\" content=\"Premium \u00fchekordne valamukauss 540x440x200mm pealt paigaldatav roostevaba teras | Adexa SB205040 - Adexa \u2013 Suurk\u00f6\u00f6giseadmed restoranidele ja toitlustusele\" \/>\n<meta property=\"og:description\" content=\"Funktsionaalsuse ja esteetilise disaini \u00fchendamine, see kvaliteetne pealt paigaldatav valamu t\u00e4iustab iga k\u00f6\u00f6gi sisustust! See valamu on h\u00f5lpsasti paigaldatav ning\" \/>\n<meta property=\"og:url\" content=\"https:\/\/adexa.ee\/toode\/premium-uhekordne-valamukauss-540x440x200mm-pealt-paigaldatav-roostevaba-teras-adexa-sb205040\/\" \/>\n<meta property=\"og:site_name\" content=\"Adexa \u2013 Suurk\u00f6\u00f6giseadmed restoranidele ja toitlustusele\" \/>\n<meta property=\"article:modified_time\" content=\"2026-03-31T12:25:04+00:00\" \/>\n<meta property=\"og:image\" content=\"https:\/\/adexa.ee\/wp-content\/uploads\/2025\/06\/205040.jpg\" \/>\n\t<meta property=\"og:image:width\" content=\"1800\" \/>\n\t<meta property=\"og:image:height\" content=\"1800\" \/>\n\t<meta property=\"og:image:type\" content=\"image\/jpeg\" \/>\n<meta name=\"twitter:card\" content=\"summary_large_image\" \/>\n<script type=\"application\/ld+json\" class=\"yoast-schema-graph\">{\"@context\":\"https:\\\/\\\/schema.org\",\"@graph\":[{\"@type\":\"WebPage\",\"@id\":\"https:\\\/\\\/adexa.ee\\\/toode\\\/premium-uhekordne-valamukauss-540x440x200mm-pealt-paigaldatav-roostevaba-teras-adexa-sb205040\\\/\",\"url\":\"https:\\\/\\\/adexa.ee\\\/toode\\\/premium-uhekordne-valamukauss-540x440x200mm-pealt-paigaldatav-roostevaba-teras-adexa-sb205040\\\/\",\"name\":\"Premium \u00fchekordne valamukauss 540x440x200mm pealt paigaldatav roostevaba teras | Adexa SB205040 - Adexa \u2013 Suurk\u00f6\u00f6giseadmed restoranidele ja toitlustusele\",\"isPartOf\":{\"@id\":\"https:\\\/\\\/adexa.ee\\\/#website\"},\"primaryImageOfPage\":{\"@id\":\"https:\\\/\\\/adexa.ee\\\/toode\\\/premium-uhekordne-valamukauss-540x440x200mm-pealt-paigaldatav-roostevaba-teras-adexa-sb205040\\\/#primaryimage\"},\"image\":{\"@id\":\"https:\\\/\\\/adexa.ee\\\/toode\\\/premium-uhekordne-valamukauss-540x440x200mm-pealt-paigaldatav-roostevaba-teras-adexa-sb205040\\\/#primaryimage\"},\"thumbnailUrl\":\"https:\\\/\\\/adexa.ee\\\/wp-content\\\/uploads\\\/2025\\\/06\\\/205040.jpg\",\"datePublished\":\"2026-03-31T12:25:03+00:00\",\"dateModified\":\"2026-03-31T12:25:04+00:00\",\"breadcrumb\":{\"@id\":\"https:\\\/\\\/adexa.ee\\\/toode\\\/premium-uhekordne-valamukauss-540x440x200mm-pealt-paigaldatav-roostevaba-teras-adexa-sb205040\\\/#breadcrumb\"},\"inLanguage\":\"en-US\",\"potentialAction\":[{\"@type\":\"ReadAction\",\"target\":[\"https:\\\/\\\/adexa.ee\\\/toode\\\/premium-uhekordne-valamukauss-540x440x200mm-pealt-paigaldatav-roostevaba-teras-adexa-sb205040\\\/\"]}]},{\"@type\":\"ImageObject\",\"inLanguage\":\"en-US\",\"@id\":\"https:\\\/\\\/adexa.ee\\\/toode\\\/premium-uhekordne-valamukauss-540x440x200mm-pealt-paigaldatav-roostevaba-teras-adexa-sb205040\\\/#primaryimage\",\"url\":\"https:\\\/\\\/adexa.ee\\\/wp-content\\\/uploads\\\/2025\\\/06\\\/205040.jpg\",\"contentUrl\":\"https:\\\/\\\/adexa.ee\\\/wp-content\\\/uploads\\\/2025\\\/06\\\/205040.jpg\",\"width\":1800,\"height\":1800},{\"@type\":\"BreadcrumbList\",\"@id\":\"https:\\\/\\\/adexa.ee\\\/toode\\\/premium-uhekordne-valamukauss-540x440x200mm-pealt-paigaldatav-roostevaba-teras-adexa-sb205040\\\/#breadcrumb\",\"itemListElement\":[{\"@type\":\"ListItem\",\"position\":1,\"name\":\"Home\",\"item\":\"https:\\\/\\\/adexa.ee\\\/\"},{\"@type\":\"ListItem\",\"position\":2,\"name\":\"Tooted\",\"item\":\"https:\\\/\\\/adexa.ee\\\/pood\\\/\"},{\"@type\":\"ListItem\",\"position\":3,\"name\":\"Premium \u00fchekordne valamukauss 540x440x200mm pealt paigaldatav roostevaba teras | Adexa SB205040\"}]},{\"@type\":\"WebSite\",\"@id\":\"https:\\\/\\\/adexa.ee\\\/#website\",\"url\":\"https:\\\/\\\/adexa.ee\\\/\",\"name\":\"Adexa\",\"description\":\"\",\"publisher\":{\"@id\":\"https:\\\/\\\/adexa.ee\\\/#organization\"},\"potentialAction\":[{\"@type\":\"SearchAction\",\"target\":{\"@type\":\"EntryPoint\",\"urlTemplate\":\"https:\\\/\\\/adexa.ee\\\/?s={search_term_string}\"},\"query-input\":{\"@type\":\"PropertyValueSpecification\",\"valueRequired\":true,\"valueName\":\"search_term_string\"}}],\"inLanguage\":\"en-US\"},{\"@type\":\"Organization\",\"@id\":\"https:\\\/\\\/adexa.ee\\\/#organization\",\"name\":\"Adexa\",\"url\":\"https:\\\/\\\/adexa.ee\\\/\",\"logo\":{\"@type\":\"ImageObject\",\"inLanguage\":\"en-US\",\"@id\":\"https:\\\/\\\/adexa.ee\\\/#\\\/schema\\\/logo\\\/image\\\/\",\"url\":\"https:\\\/\\\/adexa.ee\\\/wp-content\\\/uploads\\\/2024\\\/04\\\/chef-cooks-working-in-professional-kitchen-2023-11-27-05-07-39-utc-scaled.jpg\",\"contentUrl\":\"https:\\\/\\\/adexa.ee\\\/wp-content\\\/uploads\\\/2024\\\/04\\\/chef-cooks-working-in-professional-kitchen-2023-11-27-05-07-39-utc-scaled.jpg\",\"width\":2560,\"height\":1708,\"caption\":\"Adexa\"},\"image\":{\"@id\":\"https:\\\/\\\/adexa.ee\\\/#\\\/schema\\\/logo\\\/image\\\/\"}}]}<\/script>\n<!-- \/ Yoast SEO plugin. -->","yoast_head_json":{"title":"Premium \u00fchekordne valamukauss 540x440x200mm pealt paigaldatav roostevaba teras | Adexa SB205040 - Adexa \u2013 Suurk\u00f6\u00f6giseadmed restoranidele ja toitlustusele","robots":{"index":"index","follow":"follow","max-snippet":"max-snippet:-1","max-image-preview":"max-image-preview:large","max-video-preview":"max-video-preview:-1"},"canonical":"https:\/\/adexa.ee\/toode\/premium-uhekordne-valamukauss-540x440x200mm-pealt-paigaldatav-roostevaba-teras-adexa-sb205040\/","og_locale":"en_US","og_type":"article","og_title":"Premium \u00fchekordne valamukauss 540x440x200mm pealt paigaldatav roostevaba teras | Adexa SB205040 - Adexa \u2013 Suurk\u00f6\u00f6giseadmed restoranidele ja toitlustusele","og_description":"Funktsionaalsuse ja esteetilise disaini \u00fchendamine, see kvaliteetne pealt paigaldatav valamu t\u00e4iustab iga k\u00f6\u00f6gi sisustust! See valamu on h\u00f5lpsasti paigaldatav ning","og_url":"https:\/\/adexa.ee\/toode\/premium-uhekordne-valamukauss-540x440x200mm-pealt-paigaldatav-roostevaba-teras-adexa-sb205040\/","og_site_name":"Adexa \u2013 Suurk\u00f6\u00f6giseadmed restoranidele ja toitlustusele","article_modified_time":"2026-03-31T12:25:04+00:00","og_image":[{"width":1800,"height":1800,"url":"https:\/\/adexa.ee\/wp-content\/uploads\/2025\/06\/205040.jpg","type":"image\/jpeg"}],"twitter_card":"summary_large_image","schema":{"@context":"https:\/\/schema.org","@graph":[{"@type":"WebPage","@id":"https:\/\/adexa.ee\/toode\/premium-uhekordne-valamukauss-540x440x200mm-pealt-paigaldatav-roostevaba-teras-adexa-sb205040\/","url":"https:\/\/adexa.ee\/toode\/premium-uhekordne-valamukauss-540x440x200mm-pealt-paigaldatav-roostevaba-teras-adexa-sb205040\/","name":"Premium \u00fchekordne valamukauss 540x440x200mm pealt paigaldatav roostevaba teras | Adexa SB205040 - Adexa \u2013 Suurk\u00f6\u00f6giseadmed restoranidele ja toitlustusele","isPartOf":{"@id":"https:\/\/adexa.ee\/#website"},"primaryImageOfPage":{"@id":"https:\/\/adexa.ee\/toode\/premium-uhekordne-valamukauss-540x440x200mm-pealt-paigaldatav-roostevaba-teras-adexa-sb205040\/#primaryimage"},"image":{"@id":"https:\/\/adexa.ee\/toode\/premium-uhekordne-valamukauss-540x440x200mm-pealt-paigaldatav-roostevaba-teras-adexa-sb205040\/#primaryimage"},"thumbnailUrl":"https:\/\/adexa.ee\/wp-content\/uploads\/2025\/06\/205040.jpg","datePublished":"2026-03-31T12:25:03+00:00","dateModified":"2026-03-31T12:25:04+00:00","breadcrumb":{"@id":"https:\/\/adexa.ee\/toode\/premium-uhekordne-valamukauss-540x440x200mm-pealt-paigaldatav-roostevaba-teras-adexa-sb205040\/#breadcrumb"},"inLanguage":"en-US","potentialAction":[{"@type":"ReadAction","target":["https:\/\/adexa.ee\/toode\/premium-uhekordne-valamukauss-540x440x200mm-pealt-paigaldatav-roostevaba-teras-adexa-sb205040\/"]}]},{"@type":"ImageObject","inLanguage":"en-US","@id":"https:\/\/adexa.ee\/toode\/premium-uhekordne-valamukauss-540x440x200mm-pealt-paigaldatav-roostevaba-teras-adexa-sb205040\/#primaryimage","url":"https:\/\/adexa.ee\/wp-content\/uploads\/2025\/06\/205040.jpg","contentUrl":"https:\/\/adexa.ee\/wp-content\/uploads\/2025\/06\/205040.jpg","width":1800,"height":1800},{"@type":"BreadcrumbList","@id":"https:\/\/adexa.ee\/toode\/premium-uhekordne-valamukauss-540x440x200mm-pealt-paigaldatav-roostevaba-teras-adexa-sb205040\/#breadcrumb","itemListElement":[{"@type":"ListItem","position":1,"name":"Home","item":"https:\/\/adexa.ee\/"},{"@type":"ListItem","position":2,"name":"Tooted","item":"https:\/\/adexa.ee\/pood\/"},{"@type":"ListItem","position":3,"name":"Premium \u00fchekordne valamukauss 540x440x200mm pealt paigaldatav roostevaba teras | Adexa SB205040"}]},{"@type":"WebSite","@id":"https:\/\/adexa.ee\/#website","url":"https:\/\/adexa.ee\/","name":"Adexa","description":"","publisher":{"@id":"https:\/\/adexa.ee\/#organization"},"potentialAction":[{"@type":"SearchAction","target":{"@type":"EntryPoint","urlTemplate":"https:\/\/adexa.ee\/?s={search_term_string}"},"query-input":{"@type":"PropertyValueSpecification","valueRequired":true,"valueName":"search_term_string"}}],"inLanguage":"en-US"},{"@type":"Organization","@id":"https:\/\/adexa.ee\/#organization","name":"Adexa","url":"https:\/\/adexa.ee\/","logo":{"@type":"ImageObject","inLanguage":"en-US","@id":"https:\/\/adexa.ee\/#\/schema\/logo\/image\/","url":"https:\/\/adexa.ee\/wp-content\/uploads\/2024\/04\/chef-cooks-working-in-professional-kitchen-2023-11-27-05-07-39-utc-scaled.jpg","contentUrl":"https:\/\/adexa.ee\/wp-content\/uploads\/2024\/04\/chef-cooks-working-in-professional-kitchen-2023-11-27-05-07-39-utc-scaled.jpg","width":2560,"height":1708,"caption":"Adexa"},"image":{"@id":"https:\/\/adexa.ee\/#\/schema\/logo\/image\/"}}]}},"_links":{"self":[{"href":"https:\/\/adexa.ee\/en\/wp-json\/wp\/v2\/product\/33360","targetHints":{"allow":["GET"]}}],"collection":[{"href":"https:\/\/adexa.ee\/en\/wp-json\/wp\/v2\/product"}],"about":[{"href":"https:\/\/adexa.ee\/en\/wp-json\/wp\/v2\/types\/product"}],"wp:featuredmedia":[{"embeddable":true,"href":"https:\/\/adexa.ee\/en\/wp-json\/wp\/v2\/media\/33342"}],"wp:attachment":[{"href":"https:\/\/adexa.ee\/en\/wp-json\/wp\/v2\/media?parent=33360"}],"wp:term":[{"taxonomy":"product_brand","embeddable":true,"href":"https:\/\/adexa.ee\/en\/wp-json\/wp\/v2\/product_brand?post=33360"},{"taxonomy":"product_cat","embeddable":true,"href":"https:\/\/adexa.ee\/en\/wp-json\/wp\/v2\/product_cat?post=33360"},{"taxonomy":"product_tag","embeddable":true,"href":"https:\/\/adexa.ee\/en\/wp-json\/wp\/v2\/product_tag?post=33360"}],"curies":[{"name":"wp","href":"https:\/\/api.w.org\/{rel}","templated":true}]}}