{"id":33372,"date":"2026-03-26T11:35:08","date_gmt":"2026-03-26T09:35:08","guid":{"rendered":"https:\/\/adexa.ee\/toode\/kaubanduslik-roostevaba-terasest-vasakpoolne-toolaud-600x600x965mm-adexa-dwl6060l\/"},"modified":"2026-03-26T11:35:12","modified_gmt":"2026-03-26T09:35:12","slug":"kaubanduslik-roostevaba-terasest-vasakpoolne-toolaud-600x600x965mm-adexa-dwl6060l","status":"publish","type":"product","link":"https:\/\/adexa.ee\/en\/toode\/kaubanduslik-roostevaba-terasest-vasakpoolne-toolaud-600x600x965mm-adexa-dwl6060l\/","title":{"rendered":"Kaubanduslik roostevaba terasest vasakpoolne t\u00f6\u00f6laud 600x600x965mm | Adexa DWL6060L"},"content":{"rendered":"<p>See nurgat\u00f6\u00f6laud on valmistatud k\u00f5rgekvaliteedilisest roostevabast terasest, tagades pikaealisuse ja tugevuse professionaalsetes k\u00f6\u00f6kides. Ilma pritsmekaitseta disainitud, pakkudes avatud paigutust, mis on ideaalne kohtadesse, kus pritsmekaitse ei ole vajalik. Ruudukujulised jalad v\u00f5imaldavad tugevat toestust ja kompaktsed m\u00f5\u00f5tmed teevad sellest mitmek\u00fclgse valiku v\u00e4iksemate v\u00f5i nurgaalade jaoks. Ideaalne toidu valmistamiseks, hoidmiseks v\u00f5i t\u00f6\u00f6pinnana, kus paindlikkus ja vastupidavus on v\u00f5tmet\u00e4htsusega.<\/p>\n<table style=\"border-collapse: collapse; width: 100%; text-align: left;\">\n<tbody>\n<tr>\n<td style=\"border: 1px solid #ddd; padding: 8px; width: 45%;\"><strong>S\u00fcgavus<\/strong><\/td>\n<td style=\"border: 1px solid #ddd; padding: 8px;\">600mm<\/td>\n<\/tr>\n<tr>\n<td style=\"border: 1px solid #ddd; padding: 8px; width: 45%;\"><strong>K\u00f5rgus<\/strong><\/td>\n<td style=\"border: 1px solid #ddd; padding: 8px;\">965 mm<\/td>\n<\/tr>\n<tr>\n<td style=\"border: 1px solid #ddd; padding: 8px; width: 45%;\"><strong>Laius<\/strong><\/td>\n<td style=\"border: 1px solid #ddd; padding: 8px;\">600mm<\/td>\n<\/tr>\n<tr>\n<td style=\"border: 1px solid #ddd; padding: 8px; width: 45%;\"><strong>Kaal<\/strong><\/td>\n<td style=\"border: 1px solid #ddd; padding: 8px;\">14kg<\/td>\n<\/tr>\n<tr>\n<td style=\"border: 1px solid #ddd; padding: 8px; width: 45%;\"><strong>Garantii<\/strong><\/td>\n<td style=\"border: 1px solid #ddd; padding: 8px;\">12 kuu varuosade garantii<\/td>\n<\/tr>\n<tr>\n<td style=\"border: 1px solid #ddd; padding: 8px; width: 45%;\"><strong>Alumine riiul<\/strong><\/td>\n<td style=\"border: 1px solid #ddd; padding: 8px;\">Ei<\/td>\n<\/tr>\n<tr>\n<td style=\"border: 1px solid #ddd; padding: 8px; width: 45%;\"><strong>Materjal<\/strong><\/td>\n<td style=\"border: 1px solid #ddd; padding: 8px;\">Roostevaba teras<\/td>\n<\/tr>\n<tr>\n<td style=\"border: 1px solid #ddd; padding: 8px; width: 45%;\"><strong>Pritsekaitse<\/strong><\/td>\n<td style=\"border: 1px solid #ddd; padding: 8px;\">Jah<\/td>\n<\/tr>\n<\/tbody>\n<\/table>\n","protected":false},"excerpt":{"rendered":"<p>See nurgat\u00f6\u00f6laud on valmistatud k\u00f5rgekvaliteedilisest roostevabast terasest, tagades pikaealisuse ja tugevuse professionaalsetes k\u00f6\u00f6kides. Ilma pritsmekaitseta disainitud, pakkudes avatud paigutust, mis<\/p>\n","protected":false},"featured_media":33374,"template":"","meta":[],"product_brand":[],"product_cat":[615,673,731,572,616,592],"product_tag":[],"class_list":{"0":"post-33372","1":"product","2":"type-product","3":"status-publish","4":"has-post-thumbnail","6":"product_cat-aluslaekapid","7":"product_cat-ilma-alusriiulita","8":"product_cat-nurgalauad","9":"product_cat-roostevabad-tooted","10":"product_cat-seinakinnitus-600-mm","11":"product_cat-toolauad","13":"first","14":"instock","15":"sale","16":"taxable","17":"shipping-taxable","18":"purchasable","19":"product-type-simple"},"yoast_head":"<!-- This site is optimized with the Yoast SEO plugin v27.3 - https:\/\/yoast.com\/product\/yoast-seo-wordpress\/ -->\n<title>Kaubanduslik roostevaba terasest vasakpoolne t\u00f6\u00f6laud 600x600x965mm | Adexa DWL6060L - Adexa \u2013 Suurk\u00f6\u00f6giseadmed restoranidele ja toitlustusele<\/title>\n<meta name=\"robots\" content=\"index, follow, max-snippet:-1, max-image-preview:large, max-video-preview:-1\" \/>\n<link rel=\"canonical\" href=\"https:\/\/adexa.ee\/toode\/kaubanduslik-roostevaba-terasest-vasakpoolne-toolaud-600x600x965mm-adexa-dwl6060l\/\" \/>\n<meta property=\"og:locale\" content=\"en_US\" \/>\n<meta property=\"og:type\" content=\"article\" \/>\n<meta property=\"og:title\" content=\"Kaubanduslik roostevaba terasest vasakpoolne t\u00f6\u00f6laud 600x600x965mm | Adexa DWL6060L - Adexa \u2013 Suurk\u00f6\u00f6giseadmed restoranidele ja toitlustusele\" \/>\n<meta property=\"og:description\" content=\"See nurgat\u00f6\u00f6laud on valmistatud k\u00f5rgekvaliteedilisest roostevabast terasest, tagades pikaealisuse ja tugevuse professionaalsetes k\u00f6\u00f6kides. Ilma pritsmekaitseta disainitud, pakkudes avatud paigutust, mis\" \/>\n<meta property=\"og:url\" content=\"https:\/\/adexa.ee\/toode\/kaubanduslik-roostevaba-terasest-vasakpoolne-toolaud-600x600x965mm-adexa-dwl6060l\/\" \/>\n<meta property=\"og:site_name\" content=\"Adexa \u2013 Suurk\u00f6\u00f6giseadmed restoranidele ja toitlustusele\" \/>\n<meta property=\"article:modified_time\" content=\"2026-03-26T09:35:12+00:00\" \/>\n<meta property=\"og:image\" content=\"https:\/\/adexa.ee\/wp-content\/uploads\/2025\/06\/dwl6060l.jpg\" \/>\n\t<meta property=\"og:image:width\" content=\"1230\" \/>\n\t<meta property=\"og:image:height\" content=\"1230\" \/>\n\t<meta property=\"og:image:type\" content=\"image\/jpeg\" \/>\n<meta name=\"twitter:card\" content=\"summary_large_image\" \/>\n<script type=\"application\/ld+json\" class=\"yoast-schema-graph\">{\"@context\":\"https:\\\/\\\/schema.org\",\"@graph\":[{\"@type\":\"WebPage\",\"@id\":\"https:\\\/\\\/adexa.ee\\\/toode\\\/kaubanduslik-roostevaba-terasest-vasakpoolne-toolaud-600x600x965mm-adexa-dwl6060l\\\/\",\"url\":\"https:\\\/\\\/adexa.ee\\\/toode\\\/kaubanduslik-roostevaba-terasest-vasakpoolne-toolaud-600x600x965mm-adexa-dwl6060l\\\/\",\"name\":\"Kaubanduslik roostevaba terasest vasakpoolne t\u00f6\u00f6laud 600x600x965mm | Adexa DWL6060L - Adexa \u2013 Suurk\u00f6\u00f6giseadmed restoranidele ja toitlustusele\",\"isPartOf\":{\"@id\":\"https:\\\/\\\/adexa.ee\\\/#website\"},\"primaryImageOfPage\":{\"@id\":\"https:\\\/\\\/adexa.ee\\\/toode\\\/kaubanduslik-roostevaba-terasest-vasakpoolne-toolaud-600x600x965mm-adexa-dwl6060l\\\/#primaryimage\"},\"image\":{\"@id\":\"https:\\\/\\\/adexa.ee\\\/toode\\\/kaubanduslik-roostevaba-terasest-vasakpoolne-toolaud-600x600x965mm-adexa-dwl6060l\\\/#primaryimage\"},\"thumbnailUrl\":\"https:\\\/\\\/adexa.ee\\\/wp-content\\\/uploads\\\/2025\\\/06\\\/dwl6060l.jpg\",\"datePublished\":\"2026-03-26T09:35:08+00:00\",\"dateModified\":\"2026-03-26T09:35:12+00:00\",\"breadcrumb\":{\"@id\":\"https:\\\/\\\/adexa.ee\\\/toode\\\/kaubanduslik-roostevaba-terasest-vasakpoolne-toolaud-600x600x965mm-adexa-dwl6060l\\\/#breadcrumb\"},\"inLanguage\":\"en-US\",\"potentialAction\":[{\"@type\":\"ReadAction\",\"target\":[\"https:\\\/\\\/adexa.ee\\\/toode\\\/kaubanduslik-roostevaba-terasest-vasakpoolne-toolaud-600x600x965mm-adexa-dwl6060l\\\/\"]}]},{\"@type\":\"ImageObject\",\"inLanguage\":\"en-US\",\"@id\":\"https:\\\/\\\/adexa.ee\\\/toode\\\/kaubanduslik-roostevaba-terasest-vasakpoolne-toolaud-600x600x965mm-adexa-dwl6060l\\\/#primaryimage\",\"url\":\"https:\\\/\\\/adexa.ee\\\/wp-content\\\/uploads\\\/2025\\\/06\\\/dwl6060l.jpg\",\"contentUrl\":\"https:\\\/\\\/adexa.ee\\\/wp-content\\\/uploads\\\/2025\\\/06\\\/dwl6060l.jpg\",\"width\":1230,\"height\":1230},{\"@type\":\"BreadcrumbList\",\"@id\":\"https:\\\/\\\/adexa.ee\\\/toode\\\/kaubanduslik-roostevaba-terasest-vasakpoolne-toolaud-600x600x965mm-adexa-dwl6060l\\\/#breadcrumb\",\"itemListElement\":[{\"@type\":\"ListItem\",\"position\":1,\"name\":\"Home\",\"item\":\"https:\\\/\\\/adexa.ee\\\/\"},{\"@type\":\"ListItem\",\"position\":2,\"name\":\"Tooted\",\"item\":\"https:\\\/\\\/adexa.ee\\\/pood\\\/\"},{\"@type\":\"ListItem\",\"position\":3,\"name\":\"Kaubanduslik roostevaba terasest vasakpoolne t\u00f6\u00f6laud 600x600x965mm | Adexa DWL6060L\"}]},{\"@type\":\"WebSite\",\"@id\":\"https:\\\/\\\/adexa.ee\\\/#website\",\"url\":\"https:\\\/\\\/adexa.ee\\\/\",\"name\":\"Adexa\",\"description\":\"\",\"publisher\":{\"@id\":\"https:\\\/\\\/adexa.ee\\\/#organization\"},\"potentialAction\":[{\"@type\":\"SearchAction\",\"target\":{\"@type\":\"EntryPoint\",\"urlTemplate\":\"https:\\\/\\\/adexa.ee\\\/?s={search_term_string}\"},\"query-input\":{\"@type\":\"PropertyValueSpecification\",\"valueRequired\":true,\"valueName\":\"search_term_string\"}}],\"inLanguage\":\"en-US\"},{\"@type\":\"Organization\",\"@id\":\"https:\\\/\\\/adexa.ee\\\/#organization\",\"name\":\"Adexa\",\"url\":\"https:\\\/\\\/adexa.ee\\\/\",\"logo\":{\"@type\":\"ImageObject\",\"inLanguage\":\"en-US\",\"@id\":\"https:\\\/\\\/adexa.ee\\\/#\\\/schema\\\/logo\\\/image\\\/\",\"url\":\"https:\\\/\\\/adexa.ee\\\/wp-content\\\/uploads\\\/2024\\\/04\\\/chef-cooks-working-in-professional-kitchen-2023-11-27-05-07-39-utc-scaled.jpg\",\"contentUrl\":\"https:\\\/\\\/adexa.ee\\\/wp-content\\\/uploads\\\/2024\\\/04\\\/chef-cooks-working-in-professional-kitchen-2023-11-27-05-07-39-utc-scaled.jpg\",\"width\":2560,\"height\":1708,\"caption\":\"Adexa\"},\"image\":{\"@id\":\"https:\\\/\\\/adexa.ee\\\/#\\\/schema\\\/logo\\\/image\\\/\"}}]}<\/script>\n<!-- \/ Yoast SEO plugin. -->","yoast_head_json":{"title":"Kaubanduslik roostevaba terasest vasakpoolne t\u00f6\u00f6laud 600x600x965mm | Adexa DWL6060L - Adexa \u2013 Suurk\u00f6\u00f6giseadmed restoranidele ja toitlustusele","robots":{"index":"index","follow":"follow","max-snippet":"max-snippet:-1","max-image-preview":"max-image-preview:large","max-video-preview":"max-video-preview:-1"},"canonical":"https:\/\/adexa.ee\/toode\/kaubanduslik-roostevaba-terasest-vasakpoolne-toolaud-600x600x965mm-adexa-dwl6060l\/","og_locale":"en_US","og_type":"article","og_title":"Kaubanduslik roostevaba terasest vasakpoolne t\u00f6\u00f6laud 600x600x965mm | Adexa DWL6060L - Adexa \u2013 Suurk\u00f6\u00f6giseadmed restoranidele ja toitlustusele","og_description":"See nurgat\u00f6\u00f6laud on valmistatud k\u00f5rgekvaliteedilisest roostevabast terasest, tagades pikaealisuse ja tugevuse professionaalsetes k\u00f6\u00f6kides. Ilma pritsmekaitseta disainitud, pakkudes avatud paigutust, mis","og_url":"https:\/\/adexa.ee\/toode\/kaubanduslik-roostevaba-terasest-vasakpoolne-toolaud-600x600x965mm-adexa-dwl6060l\/","og_site_name":"Adexa \u2013 Suurk\u00f6\u00f6giseadmed restoranidele ja toitlustusele","article_modified_time":"2026-03-26T09:35:12+00:00","og_image":[{"width":1230,"height":1230,"url":"https:\/\/adexa.ee\/wp-content\/uploads\/2025\/06\/dwl6060l.jpg","type":"image\/jpeg"}],"twitter_card":"summary_large_image","schema":{"@context":"https:\/\/schema.org","@graph":[{"@type":"WebPage","@id":"https:\/\/adexa.ee\/toode\/kaubanduslik-roostevaba-terasest-vasakpoolne-toolaud-600x600x965mm-adexa-dwl6060l\/","url":"https:\/\/adexa.ee\/toode\/kaubanduslik-roostevaba-terasest-vasakpoolne-toolaud-600x600x965mm-adexa-dwl6060l\/","name":"Kaubanduslik roostevaba terasest vasakpoolne t\u00f6\u00f6laud 600x600x965mm | Adexa DWL6060L - Adexa \u2013 Suurk\u00f6\u00f6giseadmed restoranidele ja toitlustusele","isPartOf":{"@id":"https:\/\/adexa.ee\/#website"},"primaryImageOfPage":{"@id":"https:\/\/adexa.ee\/toode\/kaubanduslik-roostevaba-terasest-vasakpoolne-toolaud-600x600x965mm-adexa-dwl6060l\/#primaryimage"},"image":{"@id":"https:\/\/adexa.ee\/toode\/kaubanduslik-roostevaba-terasest-vasakpoolne-toolaud-600x600x965mm-adexa-dwl6060l\/#primaryimage"},"thumbnailUrl":"https:\/\/adexa.ee\/wp-content\/uploads\/2025\/06\/dwl6060l.jpg","datePublished":"2026-03-26T09:35:08+00:00","dateModified":"2026-03-26T09:35:12+00:00","breadcrumb":{"@id":"https:\/\/adexa.ee\/toode\/kaubanduslik-roostevaba-terasest-vasakpoolne-toolaud-600x600x965mm-adexa-dwl6060l\/#breadcrumb"},"inLanguage":"en-US","potentialAction":[{"@type":"ReadAction","target":["https:\/\/adexa.ee\/toode\/kaubanduslik-roostevaba-terasest-vasakpoolne-toolaud-600x600x965mm-adexa-dwl6060l\/"]}]},{"@type":"ImageObject","inLanguage":"en-US","@id":"https:\/\/adexa.ee\/toode\/kaubanduslik-roostevaba-terasest-vasakpoolne-toolaud-600x600x965mm-adexa-dwl6060l\/#primaryimage","url":"https:\/\/adexa.ee\/wp-content\/uploads\/2025\/06\/dwl6060l.jpg","contentUrl":"https:\/\/adexa.ee\/wp-content\/uploads\/2025\/06\/dwl6060l.jpg","width":1230,"height":1230},{"@type":"BreadcrumbList","@id":"https:\/\/adexa.ee\/toode\/kaubanduslik-roostevaba-terasest-vasakpoolne-toolaud-600x600x965mm-adexa-dwl6060l\/#breadcrumb","itemListElement":[{"@type":"ListItem","position":1,"name":"Home","item":"https:\/\/adexa.ee\/"},{"@type":"ListItem","position":2,"name":"Tooted","item":"https:\/\/adexa.ee\/pood\/"},{"@type":"ListItem","position":3,"name":"Kaubanduslik roostevaba terasest vasakpoolne t\u00f6\u00f6laud 600x600x965mm | Adexa DWL6060L"}]},{"@type":"WebSite","@id":"https:\/\/adexa.ee\/#website","url":"https:\/\/adexa.ee\/","name":"Adexa","description":"","publisher":{"@id":"https:\/\/adexa.ee\/#organization"},"potentialAction":[{"@type":"SearchAction","target":{"@type":"EntryPoint","urlTemplate":"https:\/\/adexa.ee\/?s={search_term_string}"},"query-input":{"@type":"PropertyValueSpecification","valueRequired":true,"valueName":"search_term_string"}}],"inLanguage":"en-US"},{"@type":"Organization","@id":"https:\/\/adexa.ee\/#organization","name":"Adexa","url":"https:\/\/adexa.ee\/","logo":{"@type":"ImageObject","inLanguage":"en-US","@id":"https:\/\/adexa.ee\/#\/schema\/logo\/image\/","url":"https:\/\/adexa.ee\/wp-content\/uploads\/2024\/04\/chef-cooks-working-in-professional-kitchen-2023-11-27-05-07-39-utc-scaled.jpg","contentUrl":"https:\/\/adexa.ee\/wp-content\/uploads\/2024\/04\/chef-cooks-working-in-professional-kitchen-2023-11-27-05-07-39-utc-scaled.jpg","width":2560,"height":1708,"caption":"Adexa"},"image":{"@id":"https:\/\/adexa.ee\/#\/schema\/logo\/image\/"}}]}},"_links":{"self":[{"href":"https:\/\/adexa.ee\/en\/wp-json\/wp\/v2\/product\/33372","targetHints":{"allow":["GET"]}}],"collection":[{"href":"https:\/\/adexa.ee\/en\/wp-json\/wp\/v2\/product"}],"about":[{"href":"https:\/\/adexa.ee\/en\/wp-json\/wp\/v2\/types\/product"}],"wp:featuredmedia":[{"embeddable":true,"href":"https:\/\/adexa.ee\/en\/wp-json\/wp\/v2\/media\/33374"}],"wp:attachment":[{"href":"https:\/\/adexa.ee\/en\/wp-json\/wp\/v2\/media?parent=33372"}],"wp:term":[{"taxonomy":"product_brand","embeddable":true,"href":"https:\/\/adexa.ee\/en\/wp-json\/wp\/v2\/product_brand?post=33372"},{"taxonomy":"product_cat","embeddable":true,"href":"https:\/\/adexa.ee\/en\/wp-json\/wp\/v2\/product_cat?post=33372"},{"taxonomy":"product_tag","embeddable":true,"href":"https:\/\/adexa.ee\/en\/wp-json\/wp\/v2\/product_tag?post=33372"}],"curies":[{"name":"wp","href":"https:\/\/api.w.org\/{rel}","templated":true}]}}