{"id":33524,"date":"2026-03-26T19:55:35","date_gmt":"2026-03-26T17:55:35","guid":{"rendered":"https:\/\/adexa.ee\/toode\/must-tokkepost-musta-5m-tagasitommatava-rihmaga-adexa-sbp501bk\/"},"modified":"2026-03-26T19:55:35","modified_gmt":"2026-03-26T17:55:35","slug":"must-tokkepost-musta-5m-tagasitommatava-rihmaga-adexa-sbp501bk","status":"publish","type":"product","link":"https:\/\/adexa.ee\/en\/toode\/must-tokkepost-musta-5m-tagasitommatava-rihmaga-adexa-sbp501bk\/","title":{"rendered":"Must t\u00f5kkepost musta 5m tagasit\u00f5mmatava rihmaga | Adexa SBP501BK"},"content":{"rendered":"<p>Korraldage sisenemine oma hotelli, \u00f6\u00f6klubisse v\u00f5i kasiinosse lihtsalt ja kindlalt selle tugeva piirdetugipostiga. Efektiivsust silmas pidades kujundatud post on lihtne viis sisenemis- ja v\u00e4ljumisjoonte ohutuks ja korrap\u00e4raseks hoidmiseks. Klants disain s\u00e4\u00e4stab ruumi ja v\u00f5imaldab seda posti h\u00f5lpsasti ladustamiseks kokku panna, kui see ei ole kasutuses. See tugev piirdetugipost pakub usaldusv\u00e4\u00e4rset abi rahvahulkade juhtimisel turvaliste ja murevabade \u00fcrituste tarbeks!&nbsp;See piirdetugipost on h\u00e4sti n\u00e4htav, v\u00f5imaldades julgustada k\u00fclalisi vormistama korrap\u00e4raseid j\u00e4rjekordi. Mitte ainult sisenemisel on see post kasulik, vaid see sobib ka kassaj\u00e4rjekordades ja piletim\u00fc\u00fcgiputkades. Tugiposti rihm ulatub 2 meetrini ja t\u00f5mbub automaatselt tagasi, tagades, et j\u00e4rjekorrad n\u00e4ivad korrektsemad ja pingul. Tagasit\u00f5mmatav rihm v\u00f5imaldab j\u00e4rjekorrad kiiresti lahti v\u00f5tta ja muretult ajas\u00e4\u00e4stvalt \u00fcrituste puhastamisel. Tagasit\u00f5mmatavad rihmad on eriti mugavad, kuna need j\u00e4\u00e4vad alati tugiposti k\u00fclge, seega ei kao need \u00e4ra ega v\u00f5ta lisaruumi kappidest v\u00f5i hoiuruumidest. Klassikaline \u00fcmar pealmine osa pakub 4-suunalist kasseti tagasit\u00f5mmatavate rihmadega kiireks ja lihtsaks seadistamiseks, et muuta inimeste voog teie s\u00fcndmuskohal. Iga tugipost on varustatud raskendatud alusega, et v\u00e4ltida selle \u00fcmberkukkumist v\u00f5i libisemist, aidates seda kindlalt paigal hoida kogu teie \u00fcrituse v\u00e4ltel.<\/p>\n<table style=\"border-collapse: collapse; width: 100%; text-align: left;\">\n<tbody>\n<tr>\n<td style=\"border: 1px solid #ddd; padding: 8px; width: 45%;\"><strong>K\u00f5rgus<\/strong><\/td>\n<td style=\"border: 1px solid #ddd; padding: 8px;\">890mm<\/td>\n<\/tr>\n<tr>\n<td style=\"border: 1px solid #ddd; padding: 8px; width: 45%;\"><strong>Kaal<\/strong><\/td>\n<td style=\"border: 1px solid #ddd; padding: 8px;\">7 kg<\/td>\n<\/tr>\n<tr>\n<td style=\"border: 1px solid #ddd; padding: 8px; width: 45%;\"><strong>Garantii<\/strong><\/td>\n<td style=\"border: 1px solid #ddd; padding: 8px;\">12 kuu varuosade garantii<\/td>\n<\/tr>\n<tr>\n<td style=\"border: 1px solid #ddd; padding: 8px; width: 45%;\"><strong>Materjal<\/strong><\/td>\n<td style=\"border: 1px solid #ddd; padding: 8px;\">Roostevaba teras<\/td>\n<\/tr>\n<tr>\n<td style=\"border: 1px solid #ddd; padding: 8px; width: 45%;\"><strong>V\u00e4rv<\/strong><\/td>\n<td style=\"border: 1px solid #ddd; padding: 8px;\">Must (post) \/ Must (v\u00f6\u00f6)<\/td>\n<\/tr>\n<tr>\n<td style=\"border: 1px solid #ddd; padding: 8px; width: 45%;\"><strong>L\u00e4bim\u00f5\u00f5t<\/strong><\/td>\n<td style=\"border: 1px solid #ddd; padding: 8px;\">350 mm (baas) \/ 76 mm (post)<\/td>\n<\/tr>\n<tr>\n<td style=\"border: 1px solid #ddd; padding: 8px; width: 45%;\"><strong>Pikkus<\/strong><\/td>\n<td style=\"border: 1px solid #ddd; padding: 8px;\">5 m (rihm)<\/td>\n<\/tr>\n<\/tbody>\n<\/table>\n","protected":false},"excerpt":{"rendered":"<p>Korraldage sisenemine oma hotelli, \u00f6\u00f6klubisse v\u00f5i kasiinosse lihtsalt ja kindlalt selle tugeva piirdetugipostiga. Efektiivsust silmas pidades kujundatud post on lihtne<\/p>\n","protected":false},"featured_media":33526,"template":"","meta":[],"product_brand":[],"product_cat":[3833,621,569,561],"product_tag":[],"class_list":{"0":"post-33524","1":"product","2":"type-product","3":"status-publish","4":"has-post-thumbnail","6":"product_cat-uued-tooted","7":"product_cat-eralduspostid-ja-paelad","8":"product_cat-lopumuuk","9":"product_cat-moobel-ja-hoiustamine","11":"first","12":"instock","13":"sale","14":"taxable","15":"shipping-taxable","16":"purchasable","17":"product-type-simple"},"yoast_head":"<!-- This site is optimized with the Yoast SEO plugin v27.3 - https:\/\/yoast.com\/product\/yoast-seo-wordpress\/ -->\n<title>Must t\u00f5kkepost musta 5m tagasit\u00f5mmatava rihmaga | Adexa SBP501BK - Adexa \u2013 Suurk\u00f6\u00f6giseadmed restoranidele ja toitlustusele<\/title>\n<meta name=\"robots\" content=\"index, follow, max-snippet:-1, max-image-preview:large, max-video-preview:-1\" \/>\n<link rel=\"canonical\" href=\"https:\/\/adexa.ee\/toode\/must-tokkepost-musta-5m-tagasitommatava-rihmaga-adexa-sbp501bk\/\" \/>\n<meta property=\"og:locale\" content=\"en_US\" \/>\n<meta property=\"og:type\" content=\"article\" \/>\n<meta property=\"og:title\" content=\"Must t\u00f5kkepost musta 5m tagasit\u00f5mmatava rihmaga | Adexa SBP501BK - Adexa \u2013 Suurk\u00f6\u00f6giseadmed restoranidele ja toitlustusele\" \/>\n<meta property=\"og:description\" content=\"Korraldage sisenemine oma hotelli, \u00f6\u00f6klubisse v\u00f5i kasiinosse lihtsalt ja kindlalt selle tugeva piirdetugipostiga. Efektiivsust silmas pidades kujundatud post on lihtne\" \/>\n<meta property=\"og:url\" content=\"https:\/\/adexa.ee\/toode\/must-tokkepost-musta-5m-tagasitommatava-rihmaga-adexa-sbp501bk\/\" \/>\n<meta property=\"og:site_name\" content=\"Adexa \u2013 Suurk\u00f6\u00f6giseadmed restoranidele ja toitlustusele\" \/>\n<meta property=\"og:image\" content=\"https:\/\/adexa.ee\/wp-content\/uploads\/2025\/06\/SBP01BK-1.jpg\" \/>\n\t<meta property=\"og:image:width\" content=\"1872\" \/>\n\t<meta property=\"og:image:height\" content=\"1872\" \/>\n\t<meta property=\"og:image:type\" content=\"image\/jpeg\" \/>\n<meta name=\"twitter:card\" content=\"summary_large_image\" \/>\n<meta name=\"twitter:label1\" content=\"Est. reading time\" \/>\n\t<meta name=\"twitter:data1\" content=\"1 minute\" \/>\n<script type=\"application\/ld+json\" class=\"yoast-schema-graph\">{\"@context\":\"https:\\\/\\\/schema.org\",\"@graph\":[{\"@type\":\"WebPage\",\"@id\":\"https:\\\/\\\/adexa.ee\\\/toode\\\/must-tokkepost-musta-5m-tagasitommatava-rihmaga-adexa-sbp501bk\\\/\",\"url\":\"https:\\\/\\\/adexa.ee\\\/toode\\\/must-tokkepost-musta-5m-tagasitommatava-rihmaga-adexa-sbp501bk\\\/\",\"name\":\"Must t\u00f5kkepost musta 5m tagasit\u00f5mmatava rihmaga | Adexa SBP501BK - Adexa \u2013 Suurk\u00f6\u00f6giseadmed restoranidele ja toitlustusele\",\"isPartOf\":{\"@id\":\"https:\\\/\\\/adexa.ee\\\/#website\"},\"primaryImageOfPage\":{\"@id\":\"https:\\\/\\\/adexa.ee\\\/toode\\\/must-tokkepost-musta-5m-tagasitommatava-rihmaga-adexa-sbp501bk\\\/#primaryimage\"},\"image\":{\"@id\":\"https:\\\/\\\/adexa.ee\\\/toode\\\/must-tokkepost-musta-5m-tagasitommatava-rihmaga-adexa-sbp501bk\\\/#primaryimage\"},\"thumbnailUrl\":\"https:\\\/\\\/adexa.ee\\\/wp-content\\\/uploads\\\/2025\\\/06\\\/SBP01BK-1.jpg\",\"datePublished\":\"2026-03-26T17:55:35+00:00\",\"breadcrumb\":{\"@id\":\"https:\\\/\\\/adexa.ee\\\/toode\\\/must-tokkepost-musta-5m-tagasitommatava-rihmaga-adexa-sbp501bk\\\/#breadcrumb\"},\"inLanguage\":\"en-US\",\"potentialAction\":[{\"@type\":\"ReadAction\",\"target\":[\"https:\\\/\\\/adexa.ee\\\/toode\\\/must-tokkepost-musta-5m-tagasitommatava-rihmaga-adexa-sbp501bk\\\/\"]}]},{\"@type\":\"ImageObject\",\"inLanguage\":\"en-US\",\"@id\":\"https:\\\/\\\/adexa.ee\\\/toode\\\/must-tokkepost-musta-5m-tagasitommatava-rihmaga-adexa-sbp501bk\\\/#primaryimage\",\"url\":\"https:\\\/\\\/adexa.ee\\\/wp-content\\\/uploads\\\/2025\\\/06\\\/SBP01BK-1.jpg\",\"contentUrl\":\"https:\\\/\\\/adexa.ee\\\/wp-content\\\/uploads\\\/2025\\\/06\\\/SBP01BK-1.jpg\",\"width\":1872,\"height\":1872},{\"@type\":\"BreadcrumbList\",\"@id\":\"https:\\\/\\\/adexa.ee\\\/toode\\\/must-tokkepost-musta-5m-tagasitommatava-rihmaga-adexa-sbp501bk\\\/#breadcrumb\",\"itemListElement\":[{\"@type\":\"ListItem\",\"position\":1,\"name\":\"Home\",\"item\":\"https:\\\/\\\/adexa.ee\\\/\"},{\"@type\":\"ListItem\",\"position\":2,\"name\":\"Tooted\",\"item\":\"https:\\\/\\\/adexa.ee\\\/pood\\\/\"},{\"@type\":\"ListItem\",\"position\":3,\"name\":\"Must t\u00f5kkepost musta 5m tagasit\u00f5mmatava rihmaga | Adexa SBP501BK\"}]},{\"@type\":\"WebSite\",\"@id\":\"https:\\\/\\\/adexa.ee\\\/#website\",\"url\":\"https:\\\/\\\/adexa.ee\\\/\",\"name\":\"Adexa\",\"description\":\"\",\"publisher\":{\"@id\":\"https:\\\/\\\/adexa.ee\\\/#organization\"},\"potentialAction\":[{\"@type\":\"SearchAction\",\"target\":{\"@type\":\"EntryPoint\",\"urlTemplate\":\"https:\\\/\\\/adexa.ee\\\/?s={search_term_string}\"},\"query-input\":{\"@type\":\"PropertyValueSpecification\",\"valueRequired\":true,\"valueName\":\"search_term_string\"}}],\"inLanguage\":\"en-US\"},{\"@type\":\"Organization\",\"@id\":\"https:\\\/\\\/adexa.ee\\\/#organization\",\"name\":\"Adexa\",\"url\":\"https:\\\/\\\/adexa.ee\\\/\",\"logo\":{\"@type\":\"ImageObject\",\"inLanguage\":\"en-US\",\"@id\":\"https:\\\/\\\/adexa.ee\\\/#\\\/schema\\\/logo\\\/image\\\/\",\"url\":\"https:\\\/\\\/adexa.ee\\\/wp-content\\\/uploads\\\/2024\\\/04\\\/chef-cooks-working-in-professional-kitchen-2023-11-27-05-07-39-utc-scaled.jpg\",\"contentUrl\":\"https:\\\/\\\/adexa.ee\\\/wp-content\\\/uploads\\\/2024\\\/04\\\/chef-cooks-working-in-professional-kitchen-2023-11-27-05-07-39-utc-scaled.jpg\",\"width\":2560,\"height\":1708,\"caption\":\"Adexa\"},\"image\":{\"@id\":\"https:\\\/\\\/adexa.ee\\\/#\\\/schema\\\/logo\\\/image\\\/\"}}]}<\/script>\n<!-- \/ Yoast SEO plugin. -->","yoast_head_json":{"title":"Must t\u00f5kkepost musta 5m tagasit\u00f5mmatava rihmaga | Adexa SBP501BK - Adexa \u2013 Suurk\u00f6\u00f6giseadmed restoranidele ja toitlustusele","robots":{"index":"index","follow":"follow","max-snippet":"max-snippet:-1","max-image-preview":"max-image-preview:large","max-video-preview":"max-video-preview:-1"},"canonical":"https:\/\/adexa.ee\/toode\/must-tokkepost-musta-5m-tagasitommatava-rihmaga-adexa-sbp501bk\/","og_locale":"en_US","og_type":"article","og_title":"Must t\u00f5kkepost musta 5m tagasit\u00f5mmatava rihmaga | Adexa SBP501BK - Adexa \u2013 Suurk\u00f6\u00f6giseadmed restoranidele ja toitlustusele","og_description":"Korraldage sisenemine oma hotelli, \u00f6\u00f6klubisse v\u00f5i kasiinosse lihtsalt ja kindlalt selle tugeva piirdetugipostiga. Efektiivsust silmas pidades kujundatud post on lihtne","og_url":"https:\/\/adexa.ee\/toode\/must-tokkepost-musta-5m-tagasitommatava-rihmaga-adexa-sbp501bk\/","og_site_name":"Adexa \u2013 Suurk\u00f6\u00f6giseadmed restoranidele ja toitlustusele","og_image":[{"width":1872,"height":1872,"url":"https:\/\/adexa.ee\/wp-content\/uploads\/2025\/06\/SBP01BK-1.jpg","type":"image\/jpeg"}],"twitter_card":"summary_large_image","twitter_misc":{"Est. reading time":"1 minute"},"schema":{"@context":"https:\/\/schema.org","@graph":[{"@type":"WebPage","@id":"https:\/\/adexa.ee\/toode\/must-tokkepost-musta-5m-tagasitommatava-rihmaga-adexa-sbp501bk\/","url":"https:\/\/adexa.ee\/toode\/must-tokkepost-musta-5m-tagasitommatava-rihmaga-adexa-sbp501bk\/","name":"Must t\u00f5kkepost musta 5m tagasit\u00f5mmatava rihmaga | Adexa SBP501BK - Adexa \u2013 Suurk\u00f6\u00f6giseadmed restoranidele ja toitlustusele","isPartOf":{"@id":"https:\/\/adexa.ee\/#website"},"primaryImageOfPage":{"@id":"https:\/\/adexa.ee\/toode\/must-tokkepost-musta-5m-tagasitommatava-rihmaga-adexa-sbp501bk\/#primaryimage"},"image":{"@id":"https:\/\/adexa.ee\/toode\/must-tokkepost-musta-5m-tagasitommatava-rihmaga-adexa-sbp501bk\/#primaryimage"},"thumbnailUrl":"https:\/\/adexa.ee\/wp-content\/uploads\/2025\/06\/SBP01BK-1.jpg","datePublished":"2026-03-26T17:55:35+00:00","breadcrumb":{"@id":"https:\/\/adexa.ee\/toode\/must-tokkepost-musta-5m-tagasitommatava-rihmaga-adexa-sbp501bk\/#breadcrumb"},"inLanguage":"en-US","potentialAction":[{"@type":"ReadAction","target":["https:\/\/adexa.ee\/toode\/must-tokkepost-musta-5m-tagasitommatava-rihmaga-adexa-sbp501bk\/"]}]},{"@type":"ImageObject","inLanguage":"en-US","@id":"https:\/\/adexa.ee\/toode\/must-tokkepost-musta-5m-tagasitommatava-rihmaga-adexa-sbp501bk\/#primaryimage","url":"https:\/\/adexa.ee\/wp-content\/uploads\/2025\/06\/SBP01BK-1.jpg","contentUrl":"https:\/\/adexa.ee\/wp-content\/uploads\/2025\/06\/SBP01BK-1.jpg","width":1872,"height":1872},{"@type":"BreadcrumbList","@id":"https:\/\/adexa.ee\/toode\/must-tokkepost-musta-5m-tagasitommatava-rihmaga-adexa-sbp501bk\/#breadcrumb","itemListElement":[{"@type":"ListItem","position":1,"name":"Home","item":"https:\/\/adexa.ee\/"},{"@type":"ListItem","position":2,"name":"Tooted","item":"https:\/\/adexa.ee\/pood\/"},{"@type":"ListItem","position":3,"name":"Must t\u00f5kkepost musta 5m tagasit\u00f5mmatava rihmaga | Adexa SBP501BK"}]},{"@type":"WebSite","@id":"https:\/\/adexa.ee\/#website","url":"https:\/\/adexa.ee\/","name":"Adexa","description":"","publisher":{"@id":"https:\/\/adexa.ee\/#organization"},"potentialAction":[{"@type":"SearchAction","target":{"@type":"EntryPoint","urlTemplate":"https:\/\/adexa.ee\/?s={search_term_string}"},"query-input":{"@type":"PropertyValueSpecification","valueRequired":true,"valueName":"search_term_string"}}],"inLanguage":"en-US"},{"@type":"Organization","@id":"https:\/\/adexa.ee\/#organization","name":"Adexa","url":"https:\/\/adexa.ee\/","logo":{"@type":"ImageObject","inLanguage":"en-US","@id":"https:\/\/adexa.ee\/#\/schema\/logo\/image\/","url":"https:\/\/adexa.ee\/wp-content\/uploads\/2024\/04\/chef-cooks-working-in-professional-kitchen-2023-11-27-05-07-39-utc-scaled.jpg","contentUrl":"https:\/\/adexa.ee\/wp-content\/uploads\/2024\/04\/chef-cooks-working-in-professional-kitchen-2023-11-27-05-07-39-utc-scaled.jpg","width":2560,"height":1708,"caption":"Adexa"},"image":{"@id":"https:\/\/adexa.ee\/#\/schema\/logo\/image\/"}}]}},"_links":{"self":[{"href":"https:\/\/adexa.ee\/en\/wp-json\/wp\/v2\/product\/33524","targetHints":{"allow":["GET"]}}],"collection":[{"href":"https:\/\/adexa.ee\/en\/wp-json\/wp\/v2\/product"}],"about":[{"href":"https:\/\/adexa.ee\/en\/wp-json\/wp\/v2\/types\/product"}],"wp:featuredmedia":[{"embeddable":true,"href":"https:\/\/adexa.ee\/en\/wp-json\/wp\/v2\/media\/33526"}],"wp:attachment":[{"href":"https:\/\/adexa.ee\/en\/wp-json\/wp\/v2\/media?parent=33524"}],"wp:term":[{"taxonomy":"product_brand","embeddable":true,"href":"https:\/\/adexa.ee\/en\/wp-json\/wp\/v2\/product_brand?post=33524"},{"taxonomy":"product_cat","embeddable":true,"href":"https:\/\/adexa.ee\/en\/wp-json\/wp\/v2\/product_cat?post=33524"},{"taxonomy":"product_tag","embeddable":true,"href":"https:\/\/adexa.ee\/en\/wp-json\/wp\/v2\/product_tag?post=33524"}],"curies":[{"name":"wp","href":"https:\/\/api.w.org\/{rel}","templated":true}]}}