{"id":33527,"date":"2026-03-26T11:35:20","date_gmt":"2026-03-26T09:35:20","guid":{"rendered":"https:\/\/adexa.ee\/toode\/saumikser-viskiga-kasimikser-280w-mikseripulk-177mm-adexa-hm177w\/"},"modified":"2026-03-26T11:35:23","modified_gmt":"2026-03-26T09:35:23","slug":"saumikser-vispliga-kasimikser-280w-mikser-177mm-adexa-hm177w","status":"publish","type":"product","link":"https:\/\/adexa.ee\/en\/toode\/saumikser-vispliga-kasimikser-280w-mikser-177mm-adexa-hm177w\/","title":{"rendered":"Saumikser \/ Vispliga k\u00e4simikser 280W Mikser 177mm | Adexa HM177W"},"content":{"rendered":"<p>Kaubanduslik saumikser, mis segab, p\u00fcreestab ja emulgeerib kergusega. See k\u00e4simikser on suurep\u00e4rane professionaalne t\u00e4iendus igale toitlustusettev\u00f5ttele ning meie praeguse soodushinnaga on see saumikser igale restoranile t\u00f5eline soodne ost. Omades kiirusi vahemikus 3000 kuni 13000 p\/min ja automaatset kiiruse reguleerimise s\u00fcsteemi, on see ideaalne k\u00e4simikser professionaalseks toitlustamiseks. 280W 3000-13000 p\/min 177mm pulk Automaatne kiiruse reguleerimise s\u00fcsteem&nbsp;Eemaldatavad osad h\u00f5lpsaks puhastamiseks Palun vaadake &#8216;Spetsifikatsioon&#8217; allpool \u00fcksikasjalikku teavet.<\/p>\n<table style=\"border-collapse: collapse; width: 100%; text-align: left;\">\n<tbody>\n<tr>\n<td style=\"border: 1px solid #ddd; padding: 8px; width: 45%;\"><strong>S\u00fcgavus<\/strong><\/td>\n<td style=\"border: 1px solid #ddd; padding: 8px;\">102mm<\/td>\n<\/tr>\n<tr>\n<td style=\"border: 1px solid #ddd; padding: 8px; width: 45%;\"><strong>K\u00f5rgus<\/strong><\/td>\n<td style=\"border: 1px solid #ddd; padding: 8px;\">487 mm<\/td>\n<\/tr>\n<tr>\n<td style=\"border: 1px solid #ddd; padding: 8px; width: 45%;\"><strong>Laius<\/strong><\/td>\n<td style=\"border: 1px solid #ddd; padding: 8px;\">102mm<\/td>\n<\/tr>\n<tr>\n<td style=\"border: 1px solid #ddd; padding: 8px; width: 45%;\"><strong>Kaal<\/strong><\/td>\n<td style=\"border: 1px solid #ddd; padding: 8px;\">2kg<\/td>\n<\/tr>\n<tr>\n<td style=\"border: 1px solid #ddd; padding: 8px; width: 45%;\"><strong>Garantii<\/strong><\/td>\n<td style=\"border: 1px solid #ddd; padding: 8px;\">12 kuu varuosade garantii<\/td>\n<\/tr>\n<tr>\n<td style=\"border: 1px solid #ddd; padding: 8px; width: 45%;\"><strong>Toiteallikas<\/strong><\/td>\n<td style=\"border: 1px solid #ddd; padding: 8px;\">230V \/ 1 faas<\/td>\n<\/tr>\n<tr>\n<td style=\"border: 1px solid #ddd; padding: 8px; width: 45%;\"><strong>V\u00f5imsus<\/strong><\/td>\n<td style=\"border: 1px solid #ddd; padding: 8px;\">280W<\/td>\n<\/tr>\n<tr>\n<td style=\"border: 1px solid #ddd; padding: 8px; width: 45%;\"><strong>Materjal<\/strong><\/td>\n<td style=\"border: 1px solid #ddd; padding: 8px;\">Roostevaba teras \/ Plastik<\/td>\n<\/tr>\n<tr>\n<td style=\"border: 1px solid #ddd; padding: 8px; width: 45%;\"><strong>P\/min<\/strong><\/td>\n<td style=\"border: 1px solid #ddd; padding: 8px;\">3000 kuni 13000 (mikser) \/ 400 kuni 1700 (vispel)<\/td>\n<\/tr>\n<tr>\n<td style=\"border: 1px solid #ddd; padding: 8px; width: 45%;\"><strong>Varda pikkus<\/strong><\/td>\n<td style=\"border: 1px solid #ddd; padding: 8px;\">177 mm (segisti) \/ 240 mm (vispel)<\/td>\n<\/tr>\n<\/tbody>\n<\/table>\n","protected":false},"excerpt":{"rendered":"<p>Kaubanduslik saumikser, mis segab, p\u00fcreestab ja emulgeerib kergusega. See k\u00e4simikser on suurep\u00e4rane professionaalne t\u00e4iendus igale toitlustusettev\u00f5ttele ning meie praeguse soodushinnaga<\/p>\n","protected":false},"featured_media":33529,"template":"","meta":[],"product_brand":[],"product_cat":[3833,714,911],"product_tag":[],"class_list":{"0":"post-33527","1":"product","2":"type-product","3":"status-publish","4":"has-post-thumbnail","6":"product_cat-uued-tooted","7":"product_cat-ettevalmistus","8":"product_cat-kasisegajad-ja-sukeldusmikserid","10":"first","11":"instock","12":"sale","13":"taxable","14":"shipping-taxable","15":"purchasable","16":"product-type-simple"},"yoast_head":"<!-- This site is optimized with the Yoast SEO plugin v27.3 - https:\/\/yoast.com\/product\/yoast-seo-wordpress\/ -->\n<title>Saumikser \/ Vispliga k\u00e4simikser 280W Mikser 177mm | Adexa HM177W - Adexa \u2013 Suurk\u00f6\u00f6giseadmed restoranidele ja toitlustusele<\/title>\n<meta name=\"robots\" content=\"index, follow, max-snippet:-1, max-image-preview:large, max-video-preview:-1\" \/>\n<link rel=\"canonical\" href=\"https:\/\/adexa.ee\/toode\/saumikser-vispliga-kasimikser-280w-mikser-177mm-adexa-hm177w\/\" \/>\n<meta property=\"og:locale\" content=\"en_US\" \/>\n<meta property=\"og:type\" content=\"article\" \/>\n<meta property=\"og:title\" content=\"Saumikser \/ Vispliga k\u00e4simikser 280W Mikser 177mm | Adexa HM177W - Adexa \u2013 Suurk\u00f6\u00f6giseadmed restoranidele ja toitlustusele\" \/>\n<meta property=\"og:description\" content=\"Kaubanduslik saumikser, mis segab, p\u00fcreestab ja emulgeerib kergusega. See k\u00e4simikser on suurep\u00e4rane professionaalne t\u00e4iendus igale toitlustusettev\u00f5ttele ning meie praeguse soodushinnaga\" \/>\n<meta property=\"og:url\" content=\"https:\/\/adexa.ee\/toode\/saumikser-vispliga-kasimikser-280w-mikser-177mm-adexa-hm177w\/\" \/>\n<meta property=\"og:site_name\" content=\"Adexa \u2013 Suurk\u00f6\u00f6giseadmed restoranidele ja toitlustusele\" \/>\n<meta property=\"article:modified_time\" content=\"2026-03-26T09:35:23+00:00\" \/>\n<meta property=\"og:image\" content=\"https:\/\/adexa.ee\/wp-content\/uploads\/2025\/06\/HM177B.jpg\" \/>\n\t<meta property=\"og:image:width\" content=\"2000\" \/>\n\t<meta property=\"og:image:height\" content=\"2000\" \/>\n\t<meta property=\"og:image:type\" content=\"image\/jpeg\" \/>\n<meta name=\"twitter:card\" content=\"summary_large_image\" \/>\n<meta name=\"twitter:label1\" content=\"Est. reading time\" \/>\n\t<meta name=\"twitter:data1\" content=\"1 minute\" \/>\n<script type=\"application\/ld+json\" class=\"yoast-schema-graph\">{\"@context\":\"https:\\\/\\\/schema.org\",\"@graph\":[{\"@type\":\"WebPage\",\"@id\":\"https:\\\/\\\/adexa.ee\\\/toode\\\/saumikser-vispliga-kasimikser-280w-mikser-177mm-adexa-hm177w\\\/\",\"url\":\"https:\\\/\\\/adexa.ee\\\/toode\\\/saumikser-vispliga-kasimikser-280w-mikser-177mm-adexa-hm177w\\\/\",\"name\":\"Saumikser \\\/ Vispliga k\u00e4simikser 280W Mikser 177mm | Adexa HM177W - Adexa \u2013 Suurk\u00f6\u00f6giseadmed restoranidele ja toitlustusele\",\"isPartOf\":{\"@id\":\"https:\\\/\\\/adexa.ee\\\/#website\"},\"primaryImageOfPage\":{\"@id\":\"https:\\\/\\\/adexa.ee\\\/toode\\\/saumikser-vispliga-kasimikser-280w-mikser-177mm-adexa-hm177w\\\/#primaryimage\"},\"image\":{\"@id\":\"https:\\\/\\\/adexa.ee\\\/toode\\\/saumikser-vispliga-kasimikser-280w-mikser-177mm-adexa-hm177w\\\/#primaryimage\"},\"thumbnailUrl\":\"https:\\\/\\\/adexa.ee\\\/wp-content\\\/uploads\\\/2025\\\/06\\\/HM177B.jpg\",\"datePublished\":\"2026-03-26T09:35:20+00:00\",\"dateModified\":\"2026-03-26T09:35:23+00:00\",\"breadcrumb\":{\"@id\":\"https:\\\/\\\/adexa.ee\\\/toode\\\/saumikser-vispliga-kasimikser-280w-mikser-177mm-adexa-hm177w\\\/#breadcrumb\"},\"inLanguage\":\"en-US\",\"potentialAction\":[{\"@type\":\"ReadAction\",\"target\":[\"https:\\\/\\\/adexa.ee\\\/toode\\\/saumikser-vispliga-kasimikser-280w-mikser-177mm-adexa-hm177w\\\/\"]}]},{\"@type\":\"ImageObject\",\"inLanguage\":\"en-US\",\"@id\":\"https:\\\/\\\/adexa.ee\\\/toode\\\/saumikser-vispliga-kasimikser-280w-mikser-177mm-adexa-hm177w\\\/#primaryimage\",\"url\":\"https:\\\/\\\/adexa.ee\\\/wp-content\\\/uploads\\\/2025\\\/06\\\/HM177B.jpg\",\"contentUrl\":\"https:\\\/\\\/adexa.ee\\\/wp-content\\\/uploads\\\/2025\\\/06\\\/HM177B.jpg\",\"width\":2000,\"height\":2000},{\"@type\":\"BreadcrumbList\",\"@id\":\"https:\\\/\\\/adexa.ee\\\/toode\\\/saumikser-vispliga-kasimikser-280w-mikser-177mm-adexa-hm177w\\\/#breadcrumb\",\"itemListElement\":[{\"@type\":\"ListItem\",\"position\":1,\"name\":\"Home\",\"item\":\"https:\\\/\\\/adexa.ee\\\/\"},{\"@type\":\"ListItem\",\"position\":2,\"name\":\"Tooted\",\"item\":\"https:\\\/\\\/adexa.ee\\\/pood\\\/\"},{\"@type\":\"ListItem\",\"position\":3,\"name\":\"Saumikser \\\/ Vispliga k\u00e4simikser 280W Mikser 177mm | Adexa HM177W\"}]},{\"@type\":\"WebSite\",\"@id\":\"https:\\\/\\\/adexa.ee\\\/#website\",\"url\":\"https:\\\/\\\/adexa.ee\\\/\",\"name\":\"Adexa\",\"description\":\"\",\"publisher\":{\"@id\":\"https:\\\/\\\/adexa.ee\\\/#organization\"},\"potentialAction\":[{\"@type\":\"SearchAction\",\"target\":{\"@type\":\"EntryPoint\",\"urlTemplate\":\"https:\\\/\\\/adexa.ee\\\/?s={search_term_string}\"},\"query-input\":{\"@type\":\"PropertyValueSpecification\",\"valueRequired\":true,\"valueName\":\"search_term_string\"}}],\"inLanguage\":\"en-US\"},{\"@type\":\"Organization\",\"@id\":\"https:\\\/\\\/adexa.ee\\\/#organization\",\"name\":\"Adexa\",\"url\":\"https:\\\/\\\/adexa.ee\\\/\",\"logo\":{\"@type\":\"ImageObject\",\"inLanguage\":\"en-US\",\"@id\":\"https:\\\/\\\/adexa.ee\\\/#\\\/schema\\\/logo\\\/image\\\/\",\"url\":\"https:\\\/\\\/adexa.ee\\\/wp-content\\\/uploads\\\/2024\\\/04\\\/chef-cooks-working-in-professional-kitchen-2023-11-27-05-07-39-utc-scaled.jpg\",\"contentUrl\":\"https:\\\/\\\/adexa.ee\\\/wp-content\\\/uploads\\\/2024\\\/04\\\/chef-cooks-working-in-professional-kitchen-2023-11-27-05-07-39-utc-scaled.jpg\",\"width\":2560,\"height\":1708,\"caption\":\"Adexa\"},\"image\":{\"@id\":\"https:\\\/\\\/adexa.ee\\\/#\\\/schema\\\/logo\\\/image\\\/\"}}]}<\/script>\n<!-- \/ Yoast SEO plugin. -->","yoast_head_json":{"title":"Saumikser \/ Vispliga k\u00e4simikser 280W Mikser 177mm | Adexa HM177W - Adexa \u2013 Suurk\u00f6\u00f6giseadmed restoranidele ja toitlustusele","robots":{"index":"index","follow":"follow","max-snippet":"max-snippet:-1","max-image-preview":"max-image-preview:large","max-video-preview":"max-video-preview:-1"},"canonical":"https:\/\/adexa.ee\/toode\/saumikser-vispliga-kasimikser-280w-mikser-177mm-adexa-hm177w\/","og_locale":"en_US","og_type":"article","og_title":"Saumikser \/ Vispliga k\u00e4simikser 280W Mikser 177mm | Adexa HM177W - Adexa \u2013 Suurk\u00f6\u00f6giseadmed restoranidele ja toitlustusele","og_description":"Kaubanduslik saumikser, mis segab, p\u00fcreestab ja emulgeerib kergusega. See k\u00e4simikser on suurep\u00e4rane professionaalne t\u00e4iendus igale toitlustusettev\u00f5ttele ning meie praeguse soodushinnaga","og_url":"https:\/\/adexa.ee\/toode\/saumikser-vispliga-kasimikser-280w-mikser-177mm-adexa-hm177w\/","og_site_name":"Adexa \u2013 Suurk\u00f6\u00f6giseadmed restoranidele ja toitlustusele","article_modified_time":"2026-03-26T09:35:23+00:00","og_image":[{"width":2000,"height":2000,"url":"https:\/\/adexa.ee\/wp-content\/uploads\/2025\/06\/HM177B.jpg","type":"image\/jpeg"}],"twitter_card":"summary_large_image","twitter_misc":{"Est. reading time":"1 minute"},"schema":{"@context":"https:\/\/schema.org","@graph":[{"@type":"WebPage","@id":"https:\/\/adexa.ee\/toode\/saumikser-vispliga-kasimikser-280w-mikser-177mm-adexa-hm177w\/","url":"https:\/\/adexa.ee\/toode\/saumikser-vispliga-kasimikser-280w-mikser-177mm-adexa-hm177w\/","name":"Saumikser \/ Vispliga k\u00e4simikser 280W Mikser 177mm | Adexa HM177W - Adexa \u2013 Suurk\u00f6\u00f6giseadmed restoranidele ja toitlustusele","isPartOf":{"@id":"https:\/\/adexa.ee\/#website"},"primaryImageOfPage":{"@id":"https:\/\/adexa.ee\/toode\/saumikser-vispliga-kasimikser-280w-mikser-177mm-adexa-hm177w\/#primaryimage"},"image":{"@id":"https:\/\/adexa.ee\/toode\/saumikser-vispliga-kasimikser-280w-mikser-177mm-adexa-hm177w\/#primaryimage"},"thumbnailUrl":"https:\/\/adexa.ee\/wp-content\/uploads\/2025\/06\/HM177B.jpg","datePublished":"2026-03-26T09:35:20+00:00","dateModified":"2026-03-26T09:35:23+00:00","breadcrumb":{"@id":"https:\/\/adexa.ee\/toode\/saumikser-vispliga-kasimikser-280w-mikser-177mm-adexa-hm177w\/#breadcrumb"},"inLanguage":"en-US","potentialAction":[{"@type":"ReadAction","target":["https:\/\/adexa.ee\/toode\/saumikser-vispliga-kasimikser-280w-mikser-177mm-adexa-hm177w\/"]}]},{"@type":"ImageObject","inLanguage":"en-US","@id":"https:\/\/adexa.ee\/toode\/saumikser-vispliga-kasimikser-280w-mikser-177mm-adexa-hm177w\/#primaryimage","url":"https:\/\/adexa.ee\/wp-content\/uploads\/2025\/06\/HM177B.jpg","contentUrl":"https:\/\/adexa.ee\/wp-content\/uploads\/2025\/06\/HM177B.jpg","width":2000,"height":2000},{"@type":"BreadcrumbList","@id":"https:\/\/adexa.ee\/toode\/saumikser-vispliga-kasimikser-280w-mikser-177mm-adexa-hm177w\/#breadcrumb","itemListElement":[{"@type":"ListItem","position":1,"name":"Home","item":"https:\/\/adexa.ee\/"},{"@type":"ListItem","position":2,"name":"Tooted","item":"https:\/\/adexa.ee\/pood\/"},{"@type":"ListItem","position":3,"name":"Saumikser \/ Vispliga k\u00e4simikser 280W Mikser 177mm | Adexa HM177W"}]},{"@type":"WebSite","@id":"https:\/\/adexa.ee\/#website","url":"https:\/\/adexa.ee\/","name":"Adexa","description":"","publisher":{"@id":"https:\/\/adexa.ee\/#organization"},"potentialAction":[{"@type":"SearchAction","target":{"@type":"EntryPoint","urlTemplate":"https:\/\/adexa.ee\/?s={search_term_string}"},"query-input":{"@type":"PropertyValueSpecification","valueRequired":true,"valueName":"search_term_string"}}],"inLanguage":"en-US"},{"@type":"Organization","@id":"https:\/\/adexa.ee\/#organization","name":"Adexa","url":"https:\/\/adexa.ee\/","logo":{"@type":"ImageObject","inLanguage":"en-US","@id":"https:\/\/adexa.ee\/#\/schema\/logo\/image\/","url":"https:\/\/adexa.ee\/wp-content\/uploads\/2024\/04\/chef-cooks-working-in-professional-kitchen-2023-11-27-05-07-39-utc-scaled.jpg","contentUrl":"https:\/\/adexa.ee\/wp-content\/uploads\/2024\/04\/chef-cooks-working-in-professional-kitchen-2023-11-27-05-07-39-utc-scaled.jpg","width":2560,"height":1708,"caption":"Adexa"},"image":{"@id":"https:\/\/adexa.ee\/#\/schema\/logo\/image\/"}}]}},"_links":{"self":[{"href":"https:\/\/adexa.ee\/en\/wp-json\/wp\/v2\/product\/33527","targetHints":{"allow":["GET"]}}],"collection":[{"href":"https:\/\/adexa.ee\/en\/wp-json\/wp\/v2\/product"}],"about":[{"href":"https:\/\/adexa.ee\/en\/wp-json\/wp\/v2\/types\/product"}],"wp:featuredmedia":[{"embeddable":true,"href":"https:\/\/adexa.ee\/en\/wp-json\/wp\/v2\/media\/33529"}],"wp:attachment":[{"href":"https:\/\/adexa.ee\/en\/wp-json\/wp\/v2\/media?parent=33527"}],"wp:term":[{"taxonomy":"product_brand","embeddable":true,"href":"https:\/\/adexa.ee\/en\/wp-json\/wp\/v2\/product_brand?post=33527"},{"taxonomy":"product_cat","embeddable":true,"href":"https:\/\/adexa.ee\/en\/wp-json\/wp\/v2\/product_cat?post=33527"},{"taxonomy":"product_tag","embeddable":true,"href":"https:\/\/adexa.ee\/en\/wp-json\/wp\/v2\/product_tag?post=33527"}],"curies":[{"name":"wp","href":"https:\/\/api.w.org\/{rel}","templated":true}]}}