{"id":33566,"date":"2026-03-29T18:45:57","date_gmt":"2026-03-29T15:45:57","guid":{"rendered":"https:\/\/adexa.ee\/toode\/kuldsed-tokkepostid-musta-tommatava-vooga-2m-adexa-bbp01c\/"},"modified":"2026-03-29T18:45:57","modified_gmt":"2026-03-29T15:45:57","slug":"kuldsed-tokkepostid-musta-tommatava-vooga-2m-adexa-bbp01c","status":"publish","type":"product","link":"https:\/\/adexa.ee\/en\/toode\/kuldsed-tokkepostid-musta-tommatava-vooga-2m-adexa-bbp01c\/","title":{"rendered":"Kuldsed T\u00f5kkepostid Musta T\u00f5mmatava V\u00f6\u00f6ga 2m | Adexa BBP01C"},"content":{"rendered":"<p>Lihtsalt korraldage oma hotelli, \u00f6\u00f6klubi v\u00f5i kasiino sissep\u00e4\u00e4s selle tugeva t\u00f5kkepostiga. Efektiivsust silmas pidades disainitud post on lihtne viis tagada, et sisse- ja v\u00e4ljap\u00e4\u00e4su j\u00e4rjekorrad oleksid ohutud ja korrastatud. Selle voolujooneline disain s\u00e4\u00e4stab ruumi ja muudab selle posti hoiustamise lihtsaks, kui seda ei kasutata. See tugev t\u00f5kkepost pakub usaldusv\u00e4\u00e4rset abi rahvahulkade kontrollimiseks ohutute ja muretute \u00fcrituste jaoks!&nbsp;See t\u00f5kkepost on kergesti n\u00e4htav, et julgustada teie kliente moodustama korralikke j\u00e4rjekordi. See post ei ole kasulik mitte ainult teie asutuse sissep\u00e4\u00e4su juures, vaid sobib suurep\u00e4raselt ka v\u00e4ljap\u00e4\u00e4suj\u00e4rjekordade ja piletikassade juures. T\u00f5kkev\u00f6\u00f6 ulatub 2 meetrini ja kerib end automaatselt tagasi, tagades korralikud ja korrektse v\u00e4limusega j\u00e4rjekorrad. T\u00f5mmatav v\u00f6\u00f6 tagab ka selle, et j\u00e4rjekorrad saab kiiresti ja lihtsalt maha v\u00f5tta, s\u00e4\u00e4stes teie t\u00f6\u00f6tajate aega \u00fcrituse koristamisel. T\u00f5mmatava v\u00f6\u00f6ga t\u00f5kkepostid on eriti mugavad, kuna v\u00f6\u00f6d j\u00e4\u00e4vad t\u00f5kkeposti k\u00fclge, mis t\u00e4hendab, et need ei kao \u00e4ra ega v\u00f5ta kappides v\u00f5i hoiuruumides lisaruumi. Klassikaline \u00fcmmargune \u00fclaosa pakub 4-suunalist kassetti t\u00f5mmatavate v\u00f6\u00f6dega kiireks ja lihtsaks seadistamiseks, v\u00f5imaldades teil muuta inimeste liikumist teie asutusse ja sealt v\u00e4lja. Igal t\u00f5kkepostil on raskendatud alus, et v\u00e4ltida selle \u00fcmberkukkumist v\u00f5i libisemist, aidates seda kogu \u00fcrituse v\u00e4ltel paigal hoida. Materjal: roostevaba teras K\u00f5rgus: 895 mm Toru l\u00e4bim\u00f5\u00f5t: 63 mm Toru paksus: 0,6 mm Aluse kate: SS201, 0,6 mm Aluse l\u00e4bim\u00f5\u00f5t: 320 mm Kaal: 5,92 kg V\u00f6\u00f6 pikkus: 2 meetrit<\/p>\n<table style=\"border-collapse: collapse; width: 100%; text-align: left;\">\n<tbody>\n<tr>\n<td style=\"border: 1px solid #ddd; padding: 8px; width: 45%;\"><strong>K\u00f5rgus<\/strong><\/td>\n<td style=\"border: 1px solid #ddd; padding: 8px;\">890mm<\/td>\n<\/tr>\n<tr>\n<td style=\"border: 1px solid #ddd; padding: 8px; width: 45%;\"><strong>Kaal<\/strong><\/td>\n<td style=\"border: 1px solid #ddd; padding: 8px;\">6kg<\/td>\n<\/tr>\n<tr>\n<td style=\"border: 1px solid #ddd; padding: 8px; width: 45%;\"><strong>Garantii<\/strong><\/td>\n<td style=\"border: 1px solid #ddd; padding: 8px;\">12 kuu varuosade garantii<\/td>\n<\/tr>\n<tr>\n<td style=\"border: 1px solid #ddd; padding: 8px; width: 45%;\"><strong>Materjal<\/strong><\/td>\n<td style=\"border: 1px solid #ddd; padding: 8px;\">Roostevaba teras<\/td>\n<\/tr>\n<tr>\n<td style=\"border: 1px solid #ddd; padding: 8px; width: 45%;\"><strong>V\u00e4rv<\/strong><\/td>\n<td style=\"border: 1px solid #ddd; padding: 8px;\">Kuld (post) \/ Must (v\u00f6\u00f6)<\/td>\n<\/tr>\n<tr>\n<td style=\"border: 1px solid #ddd; padding: 8px; width: 45%;\"><strong>L\u00e4bim\u00f5\u00f5t<\/strong><\/td>\n<td style=\"border: 1px solid #ddd; padding: 8px;\">320 mm (p\u00f5hi) \/ 63 mm (post)<\/td>\n<\/tr>\n<tr>\n<td style=\"border: 1px solid #ddd; padding: 8px; width: 45%;\"><strong>Pikkus<\/strong><\/td>\n<td style=\"border: 1px solid #ddd; padding: 8px;\">2m (v\u00f6\u00f6)<\/td>\n<\/tr>\n<\/tbody>\n<\/table>\n","protected":false},"excerpt":{"rendered":"<p>Lihtsalt korraldage oma hotelli, \u00f6\u00f6klubi v\u00f5i kasiino sissep\u00e4\u00e4s selle tugeva t\u00f5kkepostiga. Efektiivsust silmas pidades disainitud post on lihtne viis tagada,<\/p>\n","protected":false},"featured_media":33568,"template":"","meta":[],"product_brand":[],"product_cat":[621,569,561],"product_tag":[],"class_list":{"0":"post-33566","1":"product","2":"type-product","3":"status-publish","4":"has-post-thumbnail","6":"product_cat-eralduspostid-ja-paelad","7":"product_cat-lopumuuk","8":"product_cat-moobel-ja-hoiustamine","10":"first","11":"instock","12":"sale","13":"taxable","14":"shipping-taxable","15":"purchasable","16":"product-type-simple"},"yoast_head":"<!-- This site is optimized with the Yoast SEO plugin v27.3 - https:\/\/yoast.com\/product\/yoast-seo-wordpress\/ -->\n<title>Kuldsed T\u00f5kkepostid Musta T\u00f5mmatava V\u00f6\u00f6ga 2m | Adexa BBP01C - Adexa \u2013 Suurk\u00f6\u00f6giseadmed restoranidele ja toitlustusele<\/title>\n<meta name=\"robots\" content=\"index, follow, max-snippet:-1, max-image-preview:large, max-video-preview:-1\" \/>\n<link rel=\"canonical\" href=\"https:\/\/adexa.ee\/toode\/kuldsed-tokkepostid-musta-tommatava-vooga-2m-adexa-bbp01c\/\" \/>\n<meta property=\"og:locale\" content=\"en_US\" \/>\n<meta property=\"og:type\" content=\"article\" \/>\n<meta property=\"og:title\" content=\"Kuldsed T\u00f5kkepostid Musta T\u00f5mmatava V\u00f6\u00f6ga 2m | Adexa BBP01C - Adexa \u2013 Suurk\u00f6\u00f6giseadmed restoranidele ja toitlustusele\" \/>\n<meta property=\"og:description\" content=\"Lihtsalt korraldage oma hotelli, \u00f6\u00f6klubi v\u00f5i kasiino sissep\u00e4\u00e4s selle tugeva t\u00f5kkepostiga. Efektiivsust silmas pidades disainitud post on lihtne viis tagada,\" \/>\n<meta property=\"og:url\" content=\"https:\/\/adexa.ee\/toode\/kuldsed-tokkepostid-musta-tommatava-vooga-2m-adexa-bbp01c\/\" \/>\n<meta property=\"og:site_name\" content=\"Adexa \u2013 Suurk\u00f6\u00f6giseadmed restoranidele ja toitlustusele\" \/>\n<meta property=\"og:image\" content=\"https:\/\/adexa.ee\/wp-content\/uploads\/2025\/06\/BBP01C-1.jpg\" \/>\n\t<meta property=\"og:image:width\" content=\"1920\" \/>\n\t<meta property=\"og:image:height\" content=\"1920\" \/>\n\t<meta property=\"og:image:type\" content=\"image\/jpeg\" \/>\n<meta name=\"twitter:card\" content=\"summary_large_image\" \/>\n<meta name=\"twitter:label1\" content=\"Est. reading time\" \/>\n\t<meta name=\"twitter:data1\" content=\"1 minute\" \/>\n<script type=\"application\/ld+json\" class=\"yoast-schema-graph\">{\"@context\":\"https:\\\/\\\/schema.org\",\"@graph\":[{\"@type\":\"WebPage\",\"@id\":\"https:\\\/\\\/adexa.ee\\\/toode\\\/kuldsed-tokkepostid-musta-tommatava-vooga-2m-adexa-bbp01c\\\/\",\"url\":\"https:\\\/\\\/adexa.ee\\\/toode\\\/kuldsed-tokkepostid-musta-tommatava-vooga-2m-adexa-bbp01c\\\/\",\"name\":\"Kuldsed T\u00f5kkepostid Musta T\u00f5mmatava V\u00f6\u00f6ga 2m | Adexa BBP01C - Adexa \u2013 Suurk\u00f6\u00f6giseadmed restoranidele ja toitlustusele\",\"isPartOf\":{\"@id\":\"https:\\\/\\\/adexa.ee\\\/#website\"},\"primaryImageOfPage\":{\"@id\":\"https:\\\/\\\/adexa.ee\\\/toode\\\/kuldsed-tokkepostid-musta-tommatava-vooga-2m-adexa-bbp01c\\\/#primaryimage\"},\"image\":{\"@id\":\"https:\\\/\\\/adexa.ee\\\/toode\\\/kuldsed-tokkepostid-musta-tommatava-vooga-2m-adexa-bbp01c\\\/#primaryimage\"},\"thumbnailUrl\":\"https:\\\/\\\/adexa.ee\\\/wp-content\\\/uploads\\\/2025\\\/06\\\/BBP01C-1.jpg\",\"datePublished\":\"2026-03-29T15:45:57+00:00\",\"breadcrumb\":{\"@id\":\"https:\\\/\\\/adexa.ee\\\/toode\\\/kuldsed-tokkepostid-musta-tommatava-vooga-2m-adexa-bbp01c\\\/#breadcrumb\"},\"inLanguage\":\"en-US\",\"potentialAction\":[{\"@type\":\"ReadAction\",\"target\":[\"https:\\\/\\\/adexa.ee\\\/toode\\\/kuldsed-tokkepostid-musta-tommatava-vooga-2m-adexa-bbp01c\\\/\"]}]},{\"@type\":\"ImageObject\",\"inLanguage\":\"en-US\",\"@id\":\"https:\\\/\\\/adexa.ee\\\/toode\\\/kuldsed-tokkepostid-musta-tommatava-vooga-2m-adexa-bbp01c\\\/#primaryimage\",\"url\":\"https:\\\/\\\/adexa.ee\\\/wp-content\\\/uploads\\\/2025\\\/06\\\/BBP01C-1.jpg\",\"contentUrl\":\"https:\\\/\\\/adexa.ee\\\/wp-content\\\/uploads\\\/2025\\\/06\\\/BBP01C-1.jpg\",\"width\":1920,\"height\":1920},{\"@type\":\"BreadcrumbList\",\"@id\":\"https:\\\/\\\/adexa.ee\\\/toode\\\/kuldsed-tokkepostid-musta-tommatava-vooga-2m-adexa-bbp01c\\\/#breadcrumb\",\"itemListElement\":[{\"@type\":\"ListItem\",\"position\":1,\"name\":\"Home\",\"item\":\"https:\\\/\\\/adexa.ee\\\/\"},{\"@type\":\"ListItem\",\"position\":2,\"name\":\"Tooted\",\"item\":\"https:\\\/\\\/adexa.ee\\\/pood\\\/\"},{\"@type\":\"ListItem\",\"position\":3,\"name\":\"Kuldsed T\u00f5kkepostid Musta T\u00f5mmatava V\u00f6\u00f6ga 2m | Adexa BBP01C\"}]},{\"@type\":\"WebSite\",\"@id\":\"https:\\\/\\\/adexa.ee\\\/#website\",\"url\":\"https:\\\/\\\/adexa.ee\\\/\",\"name\":\"Adexa\",\"description\":\"\",\"publisher\":{\"@id\":\"https:\\\/\\\/adexa.ee\\\/#organization\"},\"potentialAction\":[{\"@type\":\"SearchAction\",\"target\":{\"@type\":\"EntryPoint\",\"urlTemplate\":\"https:\\\/\\\/adexa.ee\\\/?s={search_term_string}\"},\"query-input\":{\"@type\":\"PropertyValueSpecification\",\"valueRequired\":true,\"valueName\":\"search_term_string\"}}],\"inLanguage\":\"en-US\"},{\"@type\":\"Organization\",\"@id\":\"https:\\\/\\\/adexa.ee\\\/#organization\",\"name\":\"Adexa\",\"url\":\"https:\\\/\\\/adexa.ee\\\/\",\"logo\":{\"@type\":\"ImageObject\",\"inLanguage\":\"en-US\",\"@id\":\"https:\\\/\\\/adexa.ee\\\/#\\\/schema\\\/logo\\\/image\\\/\",\"url\":\"https:\\\/\\\/adexa.ee\\\/wp-content\\\/uploads\\\/2024\\\/04\\\/chef-cooks-working-in-professional-kitchen-2023-11-27-05-07-39-utc-scaled.jpg\",\"contentUrl\":\"https:\\\/\\\/adexa.ee\\\/wp-content\\\/uploads\\\/2024\\\/04\\\/chef-cooks-working-in-professional-kitchen-2023-11-27-05-07-39-utc-scaled.jpg\",\"width\":2560,\"height\":1708,\"caption\":\"Adexa\"},\"image\":{\"@id\":\"https:\\\/\\\/adexa.ee\\\/#\\\/schema\\\/logo\\\/image\\\/\"}}]}<\/script>\n<!-- \/ Yoast SEO plugin. -->","yoast_head_json":{"title":"Kuldsed T\u00f5kkepostid Musta T\u00f5mmatava V\u00f6\u00f6ga 2m | Adexa BBP01C - Adexa \u2013 Suurk\u00f6\u00f6giseadmed restoranidele ja toitlustusele","robots":{"index":"index","follow":"follow","max-snippet":"max-snippet:-1","max-image-preview":"max-image-preview:large","max-video-preview":"max-video-preview:-1"},"canonical":"https:\/\/adexa.ee\/toode\/kuldsed-tokkepostid-musta-tommatava-vooga-2m-adexa-bbp01c\/","og_locale":"en_US","og_type":"article","og_title":"Kuldsed T\u00f5kkepostid Musta T\u00f5mmatava V\u00f6\u00f6ga 2m | Adexa BBP01C - Adexa \u2013 Suurk\u00f6\u00f6giseadmed restoranidele ja toitlustusele","og_description":"Lihtsalt korraldage oma hotelli, \u00f6\u00f6klubi v\u00f5i kasiino sissep\u00e4\u00e4s selle tugeva t\u00f5kkepostiga. Efektiivsust silmas pidades disainitud post on lihtne viis tagada,","og_url":"https:\/\/adexa.ee\/toode\/kuldsed-tokkepostid-musta-tommatava-vooga-2m-adexa-bbp01c\/","og_site_name":"Adexa \u2013 Suurk\u00f6\u00f6giseadmed restoranidele ja toitlustusele","og_image":[{"width":1920,"height":1920,"url":"https:\/\/adexa.ee\/wp-content\/uploads\/2025\/06\/BBP01C-1.jpg","type":"image\/jpeg"}],"twitter_card":"summary_large_image","twitter_misc":{"Est. reading time":"1 minute"},"schema":{"@context":"https:\/\/schema.org","@graph":[{"@type":"WebPage","@id":"https:\/\/adexa.ee\/toode\/kuldsed-tokkepostid-musta-tommatava-vooga-2m-adexa-bbp01c\/","url":"https:\/\/adexa.ee\/toode\/kuldsed-tokkepostid-musta-tommatava-vooga-2m-adexa-bbp01c\/","name":"Kuldsed T\u00f5kkepostid Musta T\u00f5mmatava V\u00f6\u00f6ga 2m | Adexa BBP01C - Adexa \u2013 Suurk\u00f6\u00f6giseadmed restoranidele ja toitlustusele","isPartOf":{"@id":"https:\/\/adexa.ee\/#website"},"primaryImageOfPage":{"@id":"https:\/\/adexa.ee\/toode\/kuldsed-tokkepostid-musta-tommatava-vooga-2m-adexa-bbp01c\/#primaryimage"},"image":{"@id":"https:\/\/adexa.ee\/toode\/kuldsed-tokkepostid-musta-tommatava-vooga-2m-adexa-bbp01c\/#primaryimage"},"thumbnailUrl":"https:\/\/adexa.ee\/wp-content\/uploads\/2025\/06\/BBP01C-1.jpg","datePublished":"2026-03-29T15:45:57+00:00","breadcrumb":{"@id":"https:\/\/adexa.ee\/toode\/kuldsed-tokkepostid-musta-tommatava-vooga-2m-adexa-bbp01c\/#breadcrumb"},"inLanguage":"en-US","potentialAction":[{"@type":"ReadAction","target":["https:\/\/adexa.ee\/toode\/kuldsed-tokkepostid-musta-tommatava-vooga-2m-adexa-bbp01c\/"]}]},{"@type":"ImageObject","inLanguage":"en-US","@id":"https:\/\/adexa.ee\/toode\/kuldsed-tokkepostid-musta-tommatava-vooga-2m-adexa-bbp01c\/#primaryimage","url":"https:\/\/adexa.ee\/wp-content\/uploads\/2025\/06\/BBP01C-1.jpg","contentUrl":"https:\/\/adexa.ee\/wp-content\/uploads\/2025\/06\/BBP01C-1.jpg","width":1920,"height":1920},{"@type":"BreadcrumbList","@id":"https:\/\/adexa.ee\/toode\/kuldsed-tokkepostid-musta-tommatava-vooga-2m-adexa-bbp01c\/#breadcrumb","itemListElement":[{"@type":"ListItem","position":1,"name":"Home","item":"https:\/\/adexa.ee\/"},{"@type":"ListItem","position":2,"name":"Tooted","item":"https:\/\/adexa.ee\/pood\/"},{"@type":"ListItem","position":3,"name":"Kuldsed T\u00f5kkepostid Musta T\u00f5mmatava V\u00f6\u00f6ga 2m | Adexa BBP01C"}]},{"@type":"WebSite","@id":"https:\/\/adexa.ee\/#website","url":"https:\/\/adexa.ee\/","name":"Adexa","description":"","publisher":{"@id":"https:\/\/adexa.ee\/#organization"},"potentialAction":[{"@type":"SearchAction","target":{"@type":"EntryPoint","urlTemplate":"https:\/\/adexa.ee\/?s={search_term_string}"},"query-input":{"@type":"PropertyValueSpecification","valueRequired":true,"valueName":"search_term_string"}}],"inLanguage":"en-US"},{"@type":"Organization","@id":"https:\/\/adexa.ee\/#organization","name":"Adexa","url":"https:\/\/adexa.ee\/","logo":{"@type":"ImageObject","inLanguage":"en-US","@id":"https:\/\/adexa.ee\/#\/schema\/logo\/image\/","url":"https:\/\/adexa.ee\/wp-content\/uploads\/2024\/04\/chef-cooks-working-in-professional-kitchen-2023-11-27-05-07-39-utc-scaled.jpg","contentUrl":"https:\/\/adexa.ee\/wp-content\/uploads\/2024\/04\/chef-cooks-working-in-professional-kitchen-2023-11-27-05-07-39-utc-scaled.jpg","width":2560,"height":1708,"caption":"Adexa"},"image":{"@id":"https:\/\/adexa.ee\/#\/schema\/logo\/image\/"}}]}},"_links":{"self":[{"href":"https:\/\/adexa.ee\/en\/wp-json\/wp\/v2\/product\/33566","targetHints":{"allow":["GET"]}}],"collection":[{"href":"https:\/\/adexa.ee\/en\/wp-json\/wp\/v2\/product"}],"about":[{"href":"https:\/\/adexa.ee\/en\/wp-json\/wp\/v2\/types\/product"}],"wp:featuredmedia":[{"embeddable":true,"href":"https:\/\/adexa.ee\/en\/wp-json\/wp\/v2\/media\/33568"}],"wp:attachment":[{"href":"https:\/\/adexa.ee\/en\/wp-json\/wp\/v2\/media?parent=33566"}],"wp:term":[{"taxonomy":"product_brand","embeddable":true,"href":"https:\/\/adexa.ee\/en\/wp-json\/wp\/v2\/product_brand?post=33566"},{"taxonomy":"product_cat","embeddable":true,"href":"https:\/\/adexa.ee\/en\/wp-json\/wp\/v2\/product_cat?post=33566"},{"taxonomy":"product_tag","embeddable":true,"href":"https:\/\/adexa.ee\/en\/wp-json\/wp\/v2\/product_tag?post=33566"}],"curies":[{"name":"wp","href":"https:\/\/api.w.org\/{rel}","templated":true}]}}