{"id":33572,"date":"2026-03-29T18:45:57","date_gmt":"2026-03-29T15:45:57","guid":{"rendered":"https:\/\/adexa.ee\/toode\/kuldkarkass-a4-siltide-jaoks-adexa-a009g\/"},"modified":"2026-03-29T18:45:57","modified_gmt":"2026-03-29T15:45:57","slug":"kuldkarkass-a4-siltide-jaoks-adexa-a009g","status":"publish","type":"product","link":"https:\/\/adexa.ee\/en\/toode\/kuldkarkass-a4-siltide-jaoks-adexa-a009g\/","title":{"rendered":"Kuldkarkass A4 siltide jaoks | Adexa A009G"},"content":{"rendered":"<p>Korraste oma hotelli, \u00f6\u00f6klubi v\u00f5i kasiino sissep\u00e4\u00e4s selle tugeva v\u00e4ravate t\u00e4hisepostiga. Efektiivsust silmas pidades kujundatud post on lihtne viis hoida sisse- ja v\u00e4ljap\u00e4\u00e4sud turvalised ja korras. Stiilne disain s\u00e4\u00e4stab ruumi ja muudab posti h\u00f5lpsasti hoiustatavaks, kui seda parajasti ei kasutata. See vastupidav post pakub usaldusv\u00e4\u00e4rset abi rahvahulkade ohjeldamiseks, tagades murevabad \u00fcritused! See post on kergesti n\u00e4htav, et julgustada k\u00fclastajaid moodustama korrap\u00e4raseid j\u00e4rjekordi. Lisaks sissep\u00e4\u00e4sule on see post suurep\u00e4rane ka kassade ja piletim\u00fc\u00fcgilettide j\u00e4rjekordade haldamiseks. Pikkus t\u00f5mmataval lindil ulatub 2 meetrini ja see t\u00f5mbub automaatselt tagasi, et tagada puhtad ja pingul j\u00e4rjekorrad. T\u00f5mmatav lint v\u00f5imaldab j\u00e4rjekordi kiirelt ja kergelt eemaldada, s\u00e4\u00e4stes teie t\u00f6\u00f6tajate aega \u00fcrituse koristamisel. T\u00f5mmatava lintpost on eriti mugav, kuna lint j\u00e4\u00e4b posti k\u00fclge, mis t\u00e4hendab, et see ei l\u00e4he kaotsi ega v\u00f5ta t\u00e4iendavat hoiuruumi kappides v\u00f5i panipaikades. Klassikaline \u00fcmar pealiskork pakub 4-suunalist kassetti t\u00f5mmatavate lintidega, mis on kiire ja lihtne paigaldada, v\u00f5imaldades muuta inimvoogu teie asutuses. Iga post on varustatud raskusega aluse v\u00e4ltimiseks selle \u00fcmberminekut v\u00f5i libisemist, et post p\u00fcsiks kogu s\u00fcndmuse ajal kindlalt paigal.<\/p>\n<table style=\"border-collapse: collapse; width: 100%; text-align: left;\">\n<tbody>\n<tr>\n<td style=\"border: 1px solid #ddd; padding: 8px; width: 45%;\"><strong>S\u00fcgavus<\/strong><\/td>\n<td style=\"border: 1px solid #ddd; padding: 8px;\">215mm<\/td>\n<\/tr>\n<tr>\n<td style=\"border: 1px solid #ddd; padding: 8px; width: 45%;\"><strong>K\u00f5rgus<\/strong><\/td>\n<td style=\"border: 1px solid #ddd; padding: 8px;\">435 mm<\/td>\n<\/tr>\n<tr>\n<td style=\"border: 1px solid #ddd; padding: 8px; width: 45%;\"><strong>Laius<\/strong><\/td>\n<td style=\"border: 1px solid #ddd; padding: 8px;\">315 mm<\/td>\n<\/tr>\n<tr>\n<td style=\"border: 1px solid #ddd; padding: 8px; width: 45%;\"><strong>Kaal<\/strong><\/td>\n<td style=\"border: 1px solid #ddd; padding: 8px;\">1 kg<\/td>\n<\/tr>\n<tr>\n<td style=\"border: 1px solid #ddd; padding: 8px; width: 45%;\"><strong>Garantii<\/strong><\/td>\n<td style=\"border: 1px solid #ddd; padding: 8px;\">12 kuu varuosade garantii<\/td>\n<\/tr>\n<tr>\n<td style=\"border: 1px solid #ddd; padding: 8px; width: 45%;\"><strong>Materjal<\/strong><\/td>\n<td style=\"border: 1px solid #ddd; padding: 8px;\">Pulberv\u00e4rvitud roostevaba teras<\/td>\n<\/tr>\n<tr>\n<td style=\"border: 1px solid #ddd; padding: 8px; width: 45%;\"><strong>V\u00e4rv<\/strong><\/td>\n<td style=\"border: 1px solid #ddd; padding: 8px;\">Kuld<\/td>\n<\/tr>\n<tr>\n<td style=\"border: 1px solid #ddd; padding: 8px; width: 45%;\"><strong>M\u00f5\u00f5tmed<\/strong><\/td>\n<td style=\"border: 1px solid #ddd; padding: 8px;\">Sobib A4 paberi suurusele.<\/td>\n<\/tr>\n<\/tbody>\n<\/table>\n","protected":false},"excerpt":{"rendered":"<p>Korraste oma hotelli, \u00f6\u00f6klubi v\u00f5i kasiino sissep\u00e4\u00e4s selle tugeva v\u00e4ravate t\u00e4hisepostiga. Efektiivsust silmas pidades kujundatud post on lihtne viis hoida<\/p>\n","protected":false},"featured_media":33574,"template":"","meta":[],"product_brand":[],"product_cat":[3833,621,569,561],"product_tag":[],"class_list":{"0":"post-33572","1":"product","2":"type-product","3":"status-publish","4":"has-post-thumbnail","6":"product_cat-uued-tooted","7":"product_cat-eralduspostid-ja-paelad","8":"product_cat-lopumuuk","9":"product_cat-moobel-ja-hoiustamine","11":"first","12":"instock","13":"sale","14":"taxable","15":"shipping-taxable","16":"purchasable","17":"product-type-simple"},"yoast_head":"<!-- This site is optimized with the Yoast SEO plugin v27.3 - https:\/\/yoast.com\/product\/yoast-seo-wordpress\/ -->\n<title>Kuldkarkass A4 siltide jaoks | Adexa A009G - Adexa \u2013 Suurk\u00f6\u00f6giseadmed restoranidele ja toitlustusele<\/title>\n<meta name=\"robots\" content=\"index, follow, max-snippet:-1, max-image-preview:large, max-video-preview:-1\" \/>\n<link rel=\"canonical\" href=\"https:\/\/adexa.ee\/toode\/kuldkarkass-a4-siltide-jaoks-adexa-a009g\/\" \/>\n<meta property=\"og:locale\" content=\"en_US\" \/>\n<meta property=\"og:type\" content=\"article\" \/>\n<meta property=\"og:title\" content=\"Kuldkarkass A4 siltide jaoks | Adexa A009G - Adexa \u2013 Suurk\u00f6\u00f6giseadmed restoranidele ja toitlustusele\" \/>\n<meta property=\"og:description\" content=\"Korraste oma hotelli, \u00f6\u00f6klubi v\u00f5i kasiino sissep\u00e4\u00e4s selle tugeva v\u00e4ravate t\u00e4hisepostiga. Efektiivsust silmas pidades kujundatud post on lihtne viis hoida\" \/>\n<meta property=\"og:url\" content=\"https:\/\/adexa.ee\/toode\/kuldkarkass-a4-siltide-jaoks-adexa-a009g\/\" \/>\n<meta property=\"og:site_name\" content=\"Adexa \u2013 Suurk\u00f6\u00f6giseadmed restoranidele ja toitlustusele\" \/>\n<meta property=\"og:image\" content=\"https:\/\/adexa.ee\/wp-content\/uploads\/2025\/06\/A009G-.jpg\" \/>\n\t<meta property=\"og:image:width\" content=\"1904\" \/>\n\t<meta property=\"og:image:height\" content=\"1904\" \/>\n\t<meta property=\"og:image:type\" content=\"image\/jpeg\" \/>\n<meta name=\"twitter:card\" content=\"summary_large_image\" \/>\n<meta name=\"twitter:label1\" content=\"Est. reading time\" \/>\n\t<meta name=\"twitter:data1\" content=\"1 minute\" \/>\n<script type=\"application\/ld+json\" class=\"yoast-schema-graph\">{\"@context\":\"https:\\\/\\\/schema.org\",\"@graph\":[{\"@type\":\"WebPage\",\"@id\":\"https:\\\/\\\/adexa.ee\\\/toode\\\/kuldkarkass-a4-siltide-jaoks-adexa-a009g\\\/\",\"url\":\"https:\\\/\\\/adexa.ee\\\/toode\\\/kuldkarkass-a4-siltide-jaoks-adexa-a009g\\\/\",\"name\":\"Kuldkarkass A4 siltide jaoks | Adexa A009G - Adexa \u2013 Suurk\u00f6\u00f6giseadmed restoranidele ja toitlustusele\",\"isPartOf\":{\"@id\":\"https:\\\/\\\/adexa.ee\\\/#website\"},\"primaryImageOfPage\":{\"@id\":\"https:\\\/\\\/adexa.ee\\\/toode\\\/kuldkarkass-a4-siltide-jaoks-adexa-a009g\\\/#primaryimage\"},\"image\":{\"@id\":\"https:\\\/\\\/adexa.ee\\\/toode\\\/kuldkarkass-a4-siltide-jaoks-adexa-a009g\\\/#primaryimage\"},\"thumbnailUrl\":\"https:\\\/\\\/adexa.ee\\\/wp-content\\\/uploads\\\/2025\\\/06\\\/A009G-.jpg\",\"datePublished\":\"2026-03-29T15:45:57+00:00\",\"breadcrumb\":{\"@id\":\"https:\\\/\\\/adexa.ee\\\/toode\\\/kuldkarkass-a4-siltide-jaoks-adexa-a009g\\\/#breadcrumb\"},\"inLanguage\":\"en-US\",\"potentialAction\":[{\"@type\":\"ReadAction\",\"target\":[\"https:\\\/\\\/adexa.ee\\\/toode\\\/kuldkarkass-a4-siltide-jaoks-adexa-a009g\\\/\"]}]},{\"@type\":\"ImageObject\",\"inLanguage\":\"en-US\",\"@id\":\"https:\\\/\\\/adexa.ee\\\/toode\\\/kuldkarkass-a4-siltide-jaoks-adexa-a009g\\\/#primaryimage\",\"url\":\"https:\\\/\\\/adexa.ee\\\/wp-content\\\/uploads\\\/2025\\\/06\\\/A009G-.jpg\",\"contentUrl\":\"https:\\\/\\\/adexa.ee\\\/wp-content\\\/uploads\\\/2025\\\/06\\\/A009G-.jpg\",\"width\":1904,\"height\":1904},{\"@type\":\"BreadcrumbList\",\"@id\":\"https:\\\/\\\/adexa.ee\\\/toode\\\/kuldkarkass-a4-siltide-jaoks-adexa-a009g\\\/#breadcrumb\",\"itemListElement\":[{\"@type\":\"ListItem\",\"position\":1,\"name\":\"Home\",\"item\":\"https:\\\/\\\/adexa.ee\\\/\"},{\"@type\":\"ListItem\",\"position\":2,\"name\":\"Tooted\",\"item\":\"https:\\\/\\\/adexa.ee\\\/pood\\\/\"},{\"@type\":\"ListItem\",\"position\":3,\"name\":\"Kuldkarkass A4 siltide jaoks | Adexa A009G\"}]},{\"@type\":\"WebSite\",\"@id\":\"https:\\\/\\\/adexa.ee\\\/#website\",\"url\":\"https:\\\/\\\/adexa.ee\\\/\",\"name\":\"Adexa\",\"description\":\"\",\"publisher\":{\"@id\":\"https:\\\/\\\/adexa.ee\\\/#organization\"},\"potentialAction\":[{\"@type\":\"SearchAction\",\"target\":{\"@type\":\"EntryPoint\",\"urlTemplate\":\"https:\\\/\\\/adexa.ee\\\/?s={search_term_string}\"},\"query-input\":{\"@type\":\"PropertyValueSpecification\",\"valueRequired\":true,\"valueName\":\"search_term_string\"}}],\"inLanguage\":\"en-US\"},{\"@type\":\"Organization\",\"@id\":\"https:\\\/\\\/adexa.ee\\\/#organization\",\"name\":\"Adexa\",\"url\":\"https:\\\/\\\/adexa.ee\\\/\",\"logo\":{\"@type\":\"ImageObject\",\"inLanguage\":\"en-US\",\"@id\":\"https:\\\/\\\/adexa.ee\\\/#\\\/schema\\\/logo\\\/image\\\/\",\"url\":\"https:\\\/\\\/adexa.ee\\\/wp-content\\\/uploads\\\/2024\\\/04\\\/chef-cooks-working-in-professional-kitchen-2023-11-27-05-07-39-utc-scaled.jpg\",\"contentUrl\":\"https:\\\/\\\/adexa.ee\\\/wp-content\\\/uploads\\\/2024\\\/04\\\/chef-cooks-working-in-professional-kitchen-2023-11-27-05-07-39-utc-scaled.jpg\",\"width\":2560,\"height\":1708,\"caption\":\"Adexa\"},\"image\":{\"@id\":\"https:\\\/\\\/adexa.ee\\\/#\\\/schema\\\/logo\\\/image\\\/\"}}]}<\/script>\n<!-- \/ Yoast SEO plugin. -->","yoast_head_json":{"title":"Kuldkarkass A4 siltide jaoks | Adexa A009G - Adexa \u2013 Suurk\u00f6\u00f6giseadmed restoranidele ja toitlustusele","robots":{"index":"index","follow":"follow","max-snippet":"max-snippet:-1","max-image-preview":"max-image-preview:large","max-video-preview":"max-video-preview:-1"},"canonical":"https:\/\/adexa.ee\/toode\/kuldkarkass-a4-siltide-jaoks-adexa-a009g\/","og_locale":"en_US","og_type":"article","og_title":"Kuldkarkass A4 siltide jaoks | Adexa A009G - Adexa \u2013 Suurk\u00f6\u00f6giseadmed restoranidele ja toitlustusele","og_description":"Korraste oma hotelli, \u00f6\u00f6klubi v\u00f5i kasiino sissep\u00e4\u00e4s selle tugeva v\u00e4ravate t\u00e4hisepostiga. Efektiivsust silmas pidades kujundatud post on lihtne viis hoida","og_url":"https:\/\/adexa.ee\/toode\/kuldkarkass-a4-siltide-jaoks-adexa-a009g\/","og_site_name":"Adexa \u2013 Suurk\u00f6\u00f6giseadmed restoranidele ja toitlustusele","og_image":[{"width":1904,"height":1904,"url":"https:\/\/adexa.ee\/wp-content\/uploads\/2025\/06\/A009G-.jpg","type":"image\/jpeg"}],"twitter_card":"summary_large_image","twitter_misc":{"Est. reading time":"1 minute"},"schema":{"@context":"https:\/\/schema.org","@graph":[{"@type":"WebPage","@id":"https:\/\/adexa.ee\/toode\/kuldkarkass-a4-siltide-jaoks-adexa-a009g\/","url":"https:\/\/adexa.ee\/toode\/kuldkarkass-a4-siltide-jaoks-adexa-a009g\/","name":"Kuldkarkass A4 siltide jaoks | Adexa A009G - Adexa \u2013 Suurk\u00f6\u00f6giseadmed restoranidele ja toitlustusele","isPartOf":{"@id":"https:\/\/adexa.ee\/#website"},"primaryImageOfPage":{"@id":"https:\/\/adexa.ee\/toode\/kuldkarkass-a4-siltide-jaoks-adexa-a009g\/#primaryimage"},"image":{"@id":"https:\/\/adexa.ee\/toode\/kuldkarkass-a4-siltide-jaoks-adexa-a009g\/#primaryimage"},"thumbnailUrl":"https:\/\/adexa.ee\/wp-content\/uploads\/2025\/06\/A009G-.jpg","datePublished":"2026-03-29T15:45:57+00:00","breadcrumb":{"@id":"https:\/\/adexa.ee\/toode\/kuldkarkass-a4-siltide-jaoks-adexa-a009g\/#breadcrumb"},"inLanguage":"en-US","potentialAction":[{"@type":"ReadAction","target":["https:\/\/adexa.ee\/toode\/kuldkarkass-a4-siltide-jaoks-adexa-a009g\/"]}]},{"@type":"ImageObject","inLanguage":"en-US","@id":"https:\/\/adexa.ee\/toode\/kuldkarkass-a4-siltide-jaoks-adexa-a009g\/#primaryimage","url":"https:\/\/adexa.ee\/wp-content\/uploads\/2025\/06\/A009G-.jpg","contentUrl":"https:\/\/adexa.ee\/wp-content\/uploads\/2025\/06\/A009G-.jpg","width":1904,"height":1904},{"@type":"BreadcrumbList","@id":"https:\/\/adexa.ee\/toode\/kuldkarkass-a4-siltide-jaoks-adexa-a009g\/#breadcrumb","itemListElement":[{"@type":"ListItem","position":1,"name":"Home","item":"https:\/\/adexa.ee\/"},{"@type":"ListItem","position":2,"name":"Tooted","item":"https:\/\/adexa.ee\/pood\/"},{"@type":"ListItem","position":3,"name":"Kuldkarkass A4 siltide jaoks | Adexa A009G"}]},{"@type":"WebSite","@id":"https:\/\/adexa.ee\/#website","url":"https:\/\/adexa.ee\/","name":"Adexa","description":"","publisher":{"@id":"https:\/\/adexa.ee\/#organization"},"potentialAction":[{"@type":"SearchAction","target":{"@type":"EntryPoint","urlTemplate":"https:\/\/adexa.ee\/?s={search_term_string}"},"query-input":{"@type":"PropertyValueSpecification","valueRequired":true,"valueName":"search_term_string"}}],"inLanguage":"en-US"},{"@type":"Organization","@id":"https:\/\/adexa.ee\/#organization","name":"Adexa","url":"https:\/\/adexa.ee\/","logo":{"@type":"ImageObject","inLanguage":"en-US","@id":"https:\/\/adexa.ee\/#\/schema\/logo\/image\/","url":"https:\/\/adexa.ee\/wp-content\/uploads\/2024\/04\/chef-cooks-working-in-professional-kitchen-2023-11-27-05-07-39-utc-scaled.jpg","contentUrl":"https:\/\/adexa.ee\/wp-content\/uploads\/2024\/04\/chef-cooks-working-in-professional-kitchen-2023-11-27-05-07-39-utc-scaled.jpg","width":2560,"height":1708,"caption":"Adexa"},"image":{"@id":"https:\/\/adexa.ee\/#\/schema\/logo\/image\/"}}]}},"_links":{"self":[{"href":"https:\/\/adexa.ee\/en\/wp-json\/wp\/v2\/product\/33572","targetHints":{"allow":["GET"]}}],"collection":[{"href":"https:\/\/adexa.ee\/en\/wp-json\/wp\/v2\/product"}],"about":[{"href":"https:\/\/adexa.ee\/en\/wp-json\/wp\/v2\/types\/product"}],"wp:featuredmedia":[{"embeddable":true,"href":"https:\/\/adexa.ee\/en\/wp-json\/wp\/v2\/media\/33574"}],"wp:attachment":[{"href":"https:\/\/adexa.ee\/en\/wp-json\/wp\/v2\/media?parent=33572"}],"wp:term":[{"taxonomy":"product_brand","embeddable":true,"href":"https:\/\/adexa.ee\/en\/wp-json\/wp\/v2\/product_brand?post=33572"},{"taxonomy":"product_cat","embeddable":true,"href":"https:\/\/adexa.ee\/en\/wp-json\/wp\/v2\/product_cat?post=33572"},{"taxonomy":"product_tag","embeddable":true,"href":"https:\/\/adexa.ee\/en\/wp-json\/wp\/v2\/product_tag?post=33572"}],"curies":[{"name":"wp","href":"https:\/\/api.w.org\/{rel}","templated":true}]}}