{"id":33658,"date":"2026-03-26T11:35:29","date_gmt":"2026-03-26T09:35:29","guid":{"rendered":"https:\/\/adexa.ee\/toode\/kommertsiaalne-gaas-grillplaat-sile-ribitud-kroomkattega-2-tsooni-96-kw-lauapealne-adexa-hotmax-600-gg606sg\/"},"modified":"2026-03-26T11:35:33","modified_gmt":"2026-03-26T09:35:33","slug":"gaas-grillplaat-sile-ribidega-kroomkattega-2-tsooni-96-kw-lauapealne-adexa-hotmax-600-gg606sg","status":"publish","type":"product","link":"https:\/\/adexa.ee\/en\/toode\/gaas-grillplaat-sile-ribidega-kroomkattega-2-tsooni-96-kw-lauapealne-adexa-hotmax-600-gg606sg\/","title":{"rendered":"Gaas-grillplaat Sile\/Ribidega Kroomkattega 2 tsooni 9,6 kW Lauapealne | Adexa Hotmax 600 GG606SG"},"content":{"rendered":"<p>Professionaalne grillplaat, mis sobib suurep\u00e4raselt enamiku toitlustusasutuste jaoks, nagu restoranid, hotellid. See grillplaat on kogu ulatuses vastupidava ehitusega. Soodne toode, mis pakub rohkelt k\u00fcpsetuspinda ja suudab h\u00f5lpsasti grillida v\u00f5i madalalt praadida erinevaid toite nagu burgerid, k\u00f6\u00f6giviljad, munad ja muud liha. Korpus ja paneelid on valmistatud roostevabast terasest. Kroomkattega. Peegelviimistlus. Pool siledast ja pool ribidest pinnast. Roostevabast terasest p\u00f5letiga, piezo s\u00fc\u00fcte, ohutusventiilide ja termopaariga (kui leek kustub, katkestatakse gaas). Eelseadistatud maagaasile (G20). Propaani gaasi pihustid on kaasa pandud (G30). T\u00e4pse teabe saamiseks vaadake palun jaotist &#8216;Spetsifikatsioon&#8217;.<\/p>\n<table style=\"border-collapse: collapse; width: 100%; text-align: left;\">\n<tbody>\n<tr>\n<td style=\"border: 1px solid #ddd; padding: 8px; width: 45%;\"><strong>S\u00fcgavus<\/strong><\/td>\n<td style=\"border: 1px solid #ddd; padding: 8px;\">600mm<\/td>\n<\/tr>\n<tr>\n<td style=\"border: 1px solid #ddd; padding: 8px; width: 45%;\"><strong>K\u00f5rgus<\/strong><\/td>\n<td style=\"border: 1px solid #ddd; padding: 8px;\">265mm<\/td>\n<\/tr>\n<tr>\n<td style=\"border: 1px solid #ddd; padding: 8px; width: 45%;\"><strong>Laius<\/strong><\/td>\n<td style=\"border: 1px solid #ddd; padding: 8px;\">600mm<\/td>\n<\/tr>\n<tr>\n<td style=\"border: 1px solid #ddd; padding: 8px; width: 45%;\"><strong>Kaal<\/strong><\/td>\n<td style=\"border: 1px solid #ddd; padding: 8px;\">55 kg<\/td>\n<\/tr>\n<tr>\n<td style=\"border: 1px solid #ddd; padding: 8px; width: 45%;\"><strong>Garantii<\/strong><\/td>\n<td style=\"border: 1px solid #ddd; padding: 8px;\">12 kuu varuosade garantii<\/td>\n<\/tr>\n<tr>\n<td style=\"border: 1px solid #ddd; padding: 8px; width: 45%;\"><strong>Tarbimine G20\/G25 (maagaas) m3\/h<\/strong><\/td>\n<td style=\"border: 1px solid #ddd; padding: 8px;\">1<\/td>\n<\/tr>\n<tr>\n<td style=\"border: 1px solid #ddd; padding: 8px; width: 45%;\"><strong>Gaasiklapi sisselase<\/strong><\/td>\n<td style=\"border: 1px solid #ddd; padding: 8px;\">1\/2&#8243;<\/td>\n<\/tr>\n<tr>\n<td style=\"border: 1px solid #ddd; padding: 8px; width: 45%;\"><strong>T\u00fc\u00fcp<\/strong><\/td>\n<td style=\"border: 1px solid #ddd; padding: 8px;\">T\u00f6\u00f6pind<\/td>\n<\/tr>\n<tr>\n<td style=\"border: 1px solid #ddd; padding: 8px; width: 45%;\"><strong>Versioon<\/strong><\/td>\n<td style=\"border: 1px solid #ddd; padding: 8px;\">1\/2 sile, 1\/2 soonikkoes pind (kroomkattega)<\/td>\n<\/tr>\n<tr>\n<td style=\"border: 1px solid #ddd; padding: 8px; width: 45%;\"><strong>Toiteallikas<\/strong><\/td>\n<td style=\"border: 1px solid #ddd; padding: 8px;\">Gaas (maagaas\/vedelgaas)<\/td>\n<\/tr>\n<tr>\n<td style=\"border: 1px solid #ddd; padding: 8px; width: 45%;\"><strong>V\u00f5imsus<\/strong><\/td>\n<td style=\"border: 1px solid #ddd; padding: 8px;\">2 x 4800W<\/td>\n<\/tr>\n<tr>\n<td style=\"border: 1px solid #ddd; padding: 8px; width: 45%;\"><strong>Materjal<\/strong><\/td>\n<td style=\"border: 1px solid #ddd; padding: 8px;\">Roostevaba teras<\/td>\n<\/tr>\n<tr>\n<td style=\"border: 1px solid #ddd; padding: 8px; width: 45%;\"><strong>Tsoonid<\/strong><\/td>\n<td style=\"border: 1px solid #ddd; padding: 8px;\">2<\/td>\n<\/tr>\n<\/tbody>\n<\/table>\n","protected":false},"excerpt":{"rendered":"<p>Professionaalne grillplaat, mis sobib suurep\u00e4raselt enamiku toitlustusasutuste jaoks, nagu restoranid, hotellid. See grillplaat on kogu ulatuses vastupidava ehitusega. Soodne toode,<\/p>\n","protected":false},"featured_media":33660,"template":"","meta":[],"product_brand":[],"product_cat":[975,595,589,590,557,588,594],"product_tag":[],"class_list":{"0":"post-33658","1":"product","2":"type-product","3":"status-publish","4":"has-post-thumbnail","6":"product_cat-gaas-grillplaadid","7":"product_cat-600-mm-sugavusega","8":"product_cat-grillplaadid","9":"product_cat-grillplaadid-kupsetusseadmed","10":"product_cat-kupsetusseadmed","11":"product_cat-kuumseadmed","12":"product_cat-mitmekesine-toiduvalmistamine","14":"first","15":"instock","16":"sale","17":"taxable","18":"shipping-taxable","19":"purchasable","20":"product-type-simple"},"yoast_head":"<!-- This site is optimized with the Yoast SEO plugin v27.3 - https:\/\/yoast.com\/product\/yoast-seo-wordpress\/ -->\n<title>Gaas-grillplaat Sile\/Ribidega Kroomkattega 2 tsooni 9,6 kW Lauapealne | Adexa Hotmax 600 GG606SG - Adexa \u2013 Suurk\u00f6\u00f6giseadmed restoranidele ja toitlustusele<\/title>\n<meta name=\"robots\" content=\"index, follow, max-snippet:-1, max-image-preview:large, max-video-preview:-1\" \/>\n<link rel=\"canonical\" href=\"https:\/\/adexa.ee\/toode\/gaas-grillplaat-sile-ribidega-kroomkattega-2-tsooni-96-kw-lauapealne-adexa-hotmax-600-gg606sg\/\" \/>\n<meta property=\"og:locale\" content=\"en_US\" \/>\n<meta property=\"og:type\" content=\"article\" \/>\n<meta property=\"og:title\" content=\"Gaas-grillplaat Sile\/Ribidega Kroomkattega 2 tsooni 9,6 kW Lauapealne | Adexa Hotmax 600 GG606SG - Adexa \u2013 Suurk\u00f6\u00f6giseadmed restoranidele ja toitlustusele\" \/>\n<meta property=\"og:description\" content=\"Professionaalne grillplaat, mis sobib suurep\u00e4raselt enamiku toitlustusasutuste jaoks, nagu restoranid, hotellid. See grillplaat on kogu ulatuses vastupidava ehitusega. Soodne toode,\" \/>\n<meta property=\"og:url\" content=\"https:\/\/adexa.ee\/toode\/gaas-grillplaat-sile-ribidega-kroomkattega-2-tsooni-96-kw-lauapealne-adexa-hotmax-600-gg606sg\/\" \/>\n<meta property=\"og:site_name\" content=\"Adexa \u2013 Suurk\u00f6\u00f6giseadmed restoranidele ja toitlustusele\" \/>\n<meta property=\"article:modified_time\" content=\"2026-03-26T09:35:33+00:00\" \/>\n<meta property=\"og:image\" content=\"https:\/\/adexa.ee\/wp-content\/uploads\/2025\/06\/GG606SG.jpg\" \/>\n\t<meta property=\"og:image:width\" content=\"1200\" \/>\n\t<meta property=\"og:image:height\" content=\"1200\" \/>\n\t<meta property=\"og:image:type\" content=\"image\/jpeg\" \/>\n<meta name=\"twitter:card\" content=\"summary_large_image\" \/>\n<meta name=\"twitter:label1\" content=\"Est. reading time\" \/>\n\t<meta name=\"twitter:data1\" content=\"1 minute\" \/>\n<script type=\"application\/ld+json\" class=\"yoast-schema-graph\">{\"@context\":\"https:\\\/\\\/schema.org\",\"@graph\":[{\"@type\":\"WebPage\",\"@id\":\"https:\\\/\\\/adexa.ee\\\/toode\\\/gaas-grillplaat-sile-ribidega-kroomkattega-2-tsooni-96-kw-lauapealne-adexa-hotmax-600-gg606sg\\\/\",\"url\":\"https:\\\/\\\/adexa.ee\\\/toode\\\/gaas-grillplaat-sile-ribidega-kroomkattega-2-tsooni-96-kw-lauapealne-adexa-hotmax-600-gg606sg\\\/\",\"name\":\"Gaas-grillplaat Sile\\\/Ribidega Kroomkattega 2 tsooni 9,6 kW Lauapealne | Adexa Hotmax 600 GG606SG - Adexa \u2013 Suurk\u00f6\u00f6giseadmed restoranidele ja toitlustusele\",\"isPartOf\":{\"@id\":\"https:\\\/\\\/adexa.ee\\\/#website\"},\"primaryImageOfPage\":{\"@id\":\"https:\\\/\\\/adexa.ee\\\/toode\\\/gaas-grillplaat-sile-ribidega-kroomkattega-2-tsooni-96-kw-lauapealne-adexa-hotmax-600-gg606sg\\\/#primaryimage\"},\"image\":{\"@id\":\"https:\\\/\\\/adexa.ee\\\/toode\\\/gaas-grillplaat-sile-ribidega-kroomkattega-2-tsooni-96-kw-lauapealne-adexa-hotmax-600-gg606sg\\\/#primaryimage\"},\"thumbnailUrl\":\"https:\\\/\\\/adexa.ee\\\/wp-content\\\/uploads\\\/2025\\\/06\\\/GG606SG.jpg\",\"datePublished\":\"2026-03-26T09:35:29+00:00\",\"dateModified\":\"2026-03-26T09:35:33+00:00\",\"breadcrumb\":{\"@id\":\"https:\\\/\\\/adexa.ee\\\/toode\\\/gaas-grillplaat-sile-ribidega-kroomkattega-2-tsooni-96-kw-lauapealne-adexa-hotmax-600-gg606sg\\\/#breadcrumb\"},\"inLanguage\":\"en-US\",\"potentialAction\":[{\"@type\":\"ReadAction\",\"target\":[\"https:\\\/\\\/adexa.ee\\\/toode\\\/gaas-grillplaat-sile-ribidega-kroomkattega-2-tsooni-96-kw-lauapealne-adexa-hotmax-600-gg606sg\\\/\"]}]},{\"@type\":\"ImageObject\",\"inLanguage\":\"en-US\",\"@id\":\"https:\\\/\\\/adexa.ee\\\/toode\\\/gaas-grillplaat-sile-ribidega-kroomkattega-2-tsooni-96-kw-lauapealne-adexa-hotmax-600-gg606sg\\\/#primaryimage\",\"url\":\"https:\\\/\\\/adexa.ee\\\/wp-content\\\/uploads\\\/2025\\\/06\\\/GG606SG.jpg\",\"contentUrl\":\"https:\\\/\\\/adexa.ee\\\/wp-content\\\/uploads\\\/2025\\\/06\\\/GG606SG.jpg\",\"width\":1200,\"height\":1200},{\"@type\":\"BreadcrumbList\",\"@id\":\"https:\\\/\\\/adexa.ee\\\/toode\\\/gaas-grillplaat-sile-ribidega-kroomkattega-2-tsooni-96-kw-lauapealne-adexa-hotmax-600-gg606sg\\\/#breadcrumb\",\"itemListElement\":[{\"@type\":\"ListItem\",\"position\":1,\"name\":\"Home\",\"item\":\"https:\\\/\\\/adexa.ee\\\/\"},{\"@type\":\"ListItem\",\"position\":2,\"name\":\"Tooted\",\"item\":\"https:\\\/\\\/adexa.ee\\\/pood\\\/\"},{\"@type\":\"ListItem\",\"position\":3,\"name\":\"Gaas-grillplaat Sile\\\/Ribidega Kroomkattega 2 tsooni 9,6 kW Lauapealne | Adexa Hotmax 600 GG606SG\"}]},{\"@type\":\"WebSite\",\"@id\":\"https:\\\/\\\/adexa.ee\\\/#website\",\"url\":\"https:\\\/\\\/adexa.ee\\\/\",\"name\":\"Adexa\",\"description\":\"\",\"publisher\":{\"@id\":\"https:\\\/\\\/adexa.ee\\\/#organization\"},\"potentialAction\":[{\"@type\":\"SearchAction\",\"target\":{\"@type\":\"EntryPoint\",\"urlTemplate\":\"https:\\\/\\\/adexa.ee\\\/?s={search_term_string}\"},\"query-input\":{\"@type\":\"PropertyValueSpecification\",\"valueRequired\":true,\"valueName\":\"search_term_string\"}}],\"inLanguage\":\"en-US\"},{\"@type\":\"Organization\",\"@id\":\"https:\\\/\\\/adexa.ee\\\/#organization\",\"name\":\"Adexa\",\"url\":\"https:\\\/\\\/adexa.ee\\\/\",\"logo\":{\"@type\":\"ImageObject\",\"inLanguage\":\"en-US\",\"@id\":\"https:\\\/\\\/adexa.ee\\\/#\\\/schema\\\/logo\\\/image\\\/\",\"url\":\"https:\\\/\\\/adexa.ee\\\/wp-content\\\/uploads\\\/2024\\\/04\\\/chef-cooks-working-in-professional-kitchen-2023-11-27-05-07-39-utc-scaled.jpg\",\"contentUrl\":\"https:\\\/\\\/adexa.ee\\\/wp-content\\\/uploads\\\/2024\\\/04\\\/chef-cooks-working-in-professional-kitchen-2023-11-27-05-07-39-utc-scaled.jpg\",\"width\":2560,\"height\":1708,\"caption\":\"Adexa\"},\"image\":{\"@id\":\"https:\\\/\\\/adexa.ee\\\/#\\\/schema\\\/logo\\\/image\\\/\"}}]}<\/script>\n<!-- \/ Yoast SEO plugin. -->","yoast_head_json":{"title":"Gaas-grillplaat Sile\/Ribidega Kroomkattega 2 tsooni 9,6 kW Lauapealne | Adexa Hotmax 600 GG606SG - Adexa \u2013 Suurk\u00f6\u00f6giseadmed restoranidele ja toitlustusele","robots":{"index":"index","follow":"follow","max-snippet":"max-snippet:-1","max-image-preview":"max-image-preview:large","max-video-preview":"max-video-preview:-1"},"canonical":"https:\/\/adexa.ee\/toode\/gaas-grillplaat-sile-ribidega-kroomkattega-2-tsooni-96-kw-lauapealne-adexa-hotmax-600-gg606sg\/","og_locale":"en_US","og_type":"article","og_title":"Gaas-grillplaat Sile\/Ribidega Kroomkattega 2 tsooni 9,6 kW Lauapealne | Adexa Hotmax 600 GG606SG - Adexa \u2013 Suurk\u00f6\u00f6giseadmed restoranidele ja toitlustusele","og_description":"Professionaalne grillplaat, mis sobib suurep\u00e4raselt enamiku toitlustusasutuste jaoks, nagu restoranid, hotellid. See grillplaat on kogu ulatuses vastupidava ehitusega. Soodne toode,","og_url":"https:\/\/adexa.ee\/toode\/gaas-grillplaat-sile-ribidega-kroomkattega-2-tsooni-96-kw-lauapealne-adexa-hotmax-600-gg606sg\/","og_site_name":"Adexa \u2013 Suurk\u00f6\u00f6giseadmed restoranidele ja toitlustusele","article_modified_time":"2026-03-26T09:35:33+00:00","og_image":[{"width":1200,"height":1200,"url":"https:\/\/adexa.ee\/wp-content\/uploads\/2025\/06\/GG606SG.jpg","type":"image\/jpeg"}],"twitter_card":"summary_large_image","twitter_misc":{"Est. reading time":"1 minute"},"schema":{"@context":"https:\/\/schema.org","@graph":[{"@type":"WebPage","@id":"https:\/\/adexa.ee\/toode\/gaas-grillplaat-sile-ribidega-kroomkattega-2-tsooni-96-kw-lauapealne-adexa-hotmax-600-gg606sg\/","url":"https:\/\/adexa.ee\/toode\/gaas-grillplaat-sile-ribidega-kroomkattega-2-tsooni-96-kw-lauapealne-adexa-hotmax-600-gg606sg\/","name":"Gaas-grillplaat Sile\/Ribidega Kroomkattega 2 tsooni 9,6 kW Lauapealne | Adexa Hotmax 600 GG606SG - Adexa \u2013 Suurk\u00f6\u00f6giseadmed restoranidele ja toitlustusele","isPartOf":{"@id":"https:\/\/adexa.ee\/#website"},"primaryImageOfPage":{"@id":"https:\/\/adexa.ee\/toode\/gaas-grillplaat-sile-ribidega-kroomkattega-2-tsooni-96-kw-lauapealne-adexa-hotmax-600-gg606sg\/#primaryimage"},"image":{"@id":"https:\/\/adexa.ee\/toode\/gaas-grillplaat-sile-ribidega-kroomkattega-2-tsooni-96-kw-lauapealne-adexa-hotmax-600-gg606sg\/#primaryimage"},"thumbnailUrl":"https:\/\/adexa.ee\/wp-content\/uploads\/2025\/06\/GG606SG.jpg","datePublished":"2026-03-26T09:35:29+00:00","dateModified":"2026-03-26T09:35:33+00:00","breadcrumb":{"@id":"https:\/\/adexa.ee\/toode\/gaas-grillplaat-sile-ribidega-kroomkattega-2-tsooni-96-kw-lauapealne-adexa-hotmax-600-gg606sg\/#breadcrumb"},"inLanguage":"en-US","potentialAction":[{"@type":"ReadAction","target":["https:\/\/adexa.ee\/toode\/gaas-grillplaat-sile-ribidega-kroomkattega-2-tsooni-96-kw-lauapealne-adexa-hotmax-600-gg606sg\/"]}]},{"@type":"ImageObject","inLanguage":"en-US","@id":"https:\/\/adexa.ee\/toode\/gaas-grillplaat-sile-ribidega-kroomkattega-2-tsooni-96-kw-lauapealne-adexa-hotmax-600-gg606sg\/#primaryimage","url":"https:\/\/adexa.ee\/wp-content\/uploads\/2025\/06\/GG606SG.jpg","contentUrl":"https:\/\/adexa.ee\/wp-content\/uploads\/2025\/06\/GG606SG.jpg","width":1200,"height":1200},{"@type":"BreadcrumbList","@id":"https:\/\/adexa.ee\/toode\/gaas-grillplaat-sile-ribidega-kroomkattega-2-tsooni-96-kw-lauapealne-adexa-hotmax-600-gg606sg\/#breadcrumb","itemListElement":[{"@type":"ListItem","position":1,"name":"Home","item":"https:\/\/adexa.ee\/"},{"@type":"ListItem","position":2,"name":"Tooted","item":"https:\/\/adexa.ee\/pood\/"},{"@type":"ListItem","position":3,"name":"Gaas-grillplaat Sile\/Ribidega Kroomkattega 2 tsooni 9,6 kW Lauapealne | Adexa Hotmax 600 GG606SG"}]},{"@type":"WebSite","@id":"https:\/\/adexa.ee\/#website","url":"https:\/\/adexa.ee\/","name":"Adexa","description":"","publisher":{"@id":"https:\/\/adexa.ee\/#organization"},"potentialAction":[{"@type":"SearchAction","target":{"@type":"EntryPoint","urlTemplate":"https:\/\/adexa.ee\/?s={search_term_string}"},"query-input":{"@type":"PropertyValueSpecification","valueRequired":true,"valueName":"search_term_string"}}],"inLanguage":"en-US"},{"@type":"Organization","@id":"https:\/\/adexa.ee\/#organization","name":"Adexa","url":"https:\/\/adexa.ee\/","logo":{"@type":"ImageObject","inLanguage":"en-US","@id":"https:\/\/adexa.ee\/#\/schema\/logo\/image\/","url":"https:\/\/adexa.ee\/wp-content\/uploads\/2024\/04\/chef-cooks-working-in-professional-kitchen-2023-11-27-05-07-39-utc-scaled.jpg","contentUrl":"https:\/\/adexa.ee\/wp-content\/uploads\/2024\/04\/chef-cooks-working-in-professional-kitchen-2023-11-27-05-07-39-utc-scaled.jpg","width":2560,"height":1708,"caption":"Adexa"},"image":{"@id":"https:\/\/adexa.ee\/#\/schema\/logo\/image\/"}}]}},"_links":{"self":[{"href":"https:\/\/adexa.ee\/en\/wp-json\/wp\/v2\/product\/33658","targetHints":{"allow":["GET"]}}],"collection":[{"href":"https:\/\/adexa.ee\/en\/wp-json\/wp\/v2\/product"}],"about":[{"href":"https:\/\/adexa.ee\/en\/wp-json\/wp\/v2\/types\/product"}],"wp:featuredmedia":[{"embeddable":true,"href":"https:\/\/adexa.ee\/en\/wp-json\/wp\/v2\/media\/33660"}],"wp:attachment":[{"href":"https:\/\/adexa.ee\/en\/wp-json\/wp\/v2\/media?parent=33658"}],"wp:term":[{"taxonomy":"product_brand","embeddable":true,"href":"https:\/\/adexa.ee\/en\/wp-json\/wp\/v2\/product_brand?post=33658"},{"taxonomy":"product_cat","embeddable":true,"href":"https:\/\/adexa.ee\/en\/wp-json\/wp\/v2\/product_cat?post=33658"},{"taxonomy":"product_tag","embeddable":true,"href":"https:\/\/adexa.ee\/en\/wp-json\/wp\/v2\/product_tag?post=33658"}],"curies":[{"name":"wp","href":"https:\/\/api.w.org\/{rel}","templated":true}]}}