{"id":33855,"date":"2026-03-26T11:35:37","date_gmt":"2026-03-26T09:35:37","guid":{"rendered":"https:\/\/adexa.ee\/toode\/premium-work-table-with-undershelf-304-stainless-steel-suitable-outdoors-1800x700x900mm-adexa-elite-et270180\/"},"modified":"2026-03-26T11:35:40","modified_gmt":"2026-03-26T09:35:40","slug":"premium-work-table-with-undershelf-304-stainless-steel-suitable-outdoors-1800x700x900mm-adexa-elite-et270180","status":"publish","type":"product","link":"https:\/\/adexa.ee\/en\/toode\/premium-work-table-with-undershelf-304-stainless-steel-suitable-outdoors-1800x700x900mm-adexa-elite-et270180\/","title":{"rendered":"Premium Work table with Undershelf 304 Stainless steel Suitable outdoors 1800x700x900mm | Adexa Elite ET270180"},"content":{"rendered":"<p>See t\u00f6\u00f6laud on valmistatud t\u00e4ielikult AISI 304 roostevabast terasest, millel on v\u00e4ga k\u00f5rge korrosioonikindlus. Teras on mittemagnetiline, mis t\u00e4hendab, et see ei t\u00f5mba ligi mustust ja osakesi, seet\u00f5ttu on seda lihtne puhtana hoida. Ideaalne kasutamiseks k\u00f6\u00f6kides ja keskkondades, kus h\u00fcgieenin\u00f5uded on k\u00f5rged, samuti v\u00e4litingimustes, kus on oluline, et materjal j\u00e4\u00e4ks t\u00e4ielikult roostevabaks isegi pikemas perspektiivis. Suurema stabiilsuse saavutamiseks kasutatakse niiskus- ja veeplekkidele vastupidavat (48 tundi veega t\u00e4ielikult sukeldatuna testitud, et ilma deformeerumiseta v\u00f5i niiskuse imendumiseta) HDF (K\u00f5rge Tihedusega Puitkiudplaat) kiudplaati roostevaba terase \u00fclaosa all, mis on kompaktne ja vastupidav materjal, mis loob peaaegu t\u00e4iesti j\u00e4iga pingitunde ilma vajumiseta. \u00dcksikasjaliku teabe saamiseks vaadake jaotist &#8220;Spetsifikatsioon&#8221;.<\/p>\n<table style=\"border-collapse: collapse; width: 100%; text-align: left;\">\n<tbody>\n<tr>\n<td style=\"border: 1px solid #ddd; padding: 8px; width: 45%;\"><strong>S\u00fcgavus<\/strong><\/td>\n<td style=\"border: 1px solid #ddd; padding: 8px;\">700mm<\/td>\n<\/tr>\n<tr>\n<td style=\"border: 1px solid #ddd; padding: 8px; width: 45%;\"><strong>K\u00f5rgus<\/strong><\/td>\n<td style=\"border: 1px solid #ddd; padding: 8px;\">900mm<\/td>\n<\/tr>\n<tr>\n<td style=\"border: 1px solid #ddd; padding: 8px; width: 45%;\"><strong>Laius<\/strong><\/td>\n<td style=\"border: 1px solid #ddd; padding: 8px;\">1800mm<\/td>\n<\/tr>\n<tr>\n<td style=\"border: 1px solid #ddd; padding: 8px; width: 45%;\"><strong>Kaal<\/strong><\/td>\n<td style=\"border: 1px solid #ddd; padding: 8px;\">39,1 kg<\/td>\n<\/tr>\n<tr>\n<td style=\"border: 1px solid #ddd; padding: 8px; width: 45%;\"><strong>Garantii<\/strong><\/td>\n<td style=\"border: 1px solid #ddd; padding: 8px;\">12 kuu varuosade garantii<\/td>\n<\/tr>\n<tr>\n<td style=\"border: 1px solid #ddd; padding: 8px; width: 45%;\"><strong>Kokku panemine<\/strong><\/td>\n<td style=\"border: 1px solid #ddd; padding: 8px;\">Lahti v\u00f5etud<\/td>\n<\/tr>\n<tr>\n<td style=\"border: 1px solid #ddd; padding: 8px; width: 45%;\"><strong>Alumine riiul<\/strong><\/td>\n<td style=\"border: 1px solid #ddd; padding: 8px;\">Jah<\/td>\n<\/tr>\n<tr>\n<td style=\"border: 1px solid #ddd; padding: 8px; width: 45%;\"><strong>Materjal<\/strong><\/td>\n<td style=\"border: 1px solid #ddd; padding: 8px;\">AISI 304 roostevaba teras (1,2 mm) \/ HDF kiudplaat (niiskuskindel ja veet\u00f5rjuv)<\/td>\n<\/tr>\n<tr>\n<td style=\"border: 1px solid #ddd; padding: 8px; width: 45%;\"><strong>Pritsekaitse<\/strong><\/td>\n<td style=\"border: 1px solid #ddd; padding: 8px;\">Ei<\/td>\n<\/tr>\n<\/tbody>\n<\/table>\n","protected":false},"excerpt":{"rendered":"<p>See t\u00f6\u00f6laud on valmistatud t\u00e4ielikult AISI 304 roostevabast terasest, millel on v\u00e4ga k\u00f5rge korrosioonikindlus. Teras on mittemagnetiline, mis t\u00e4hendab, et<\/p>\n","protected":false},"featured_media":33857,"template":"","meta":[],"product_brand":[],"product_cat":[977,572,717,592],"product_tag":[],"class_list":{"0":"post-33855","1":"product","2":"type-product","3":"status-publish","4":"has-post-thumbnail","6":"product_cat-sobilik-valjas","7":"product_cat-roostevabad-tooted","8":"product_cat-central-700mm","9":"product_cat-toolauad","11":"first","12":"instock","13":"sale","14":"taxable","15":"shipping-taxable","16":"purchasable","17":"product-type-simple"},"yoast_head":"<!-- This site is optimized with the Yoast SEO plugin v27.3 - https:\/\/yoast.com\/product\/yoast-seo-wordpress\/ -->\n<title>Premium Work table with Undershelf 304 Stainless steel Suitable outdoors 1800x700x900mm | Adexa Elite ET270180 - Adexa \u2013 Suurk\u00f6\u00f6giseadmed restoranidele ja toitlustusele<\/title>\n<meta name=\"robots\" content=\"index, follow, max-snippet:-1, max-image-preview:large, max-video-preview:-1\" \/>\n<link rel=\"canonical\" href=\"https:\/\/adexa.ee\/toode\/premium-work-table-with-undershelf-304-stainless-steel-suitable-outdoors-1800x700x900mm-adexa-elite-et270180\/\" \/>\n<meta property=\"og:locale\" content=\"en_US\" \/>\n<meta property=\"og:type\" content=\"article\" \/>\n<meta property=\"og:title\" content=\"Premium Work table with Undershelf 304 Stainless steel Suitable outdoors 1800x700x900mm | Adexa Elite ET270180 - Adexa \u2013 Suurk\u00f6\u00f6giseadmed restoranidele ja toitlustusele\" \/>\n<meta property=\"og:description\" content=\"See t\u00f6\u00f6laud on valmistatud t\u00e4ielikult AISI 304 roostevabast terasest, millel on v\u00e4ga k\u00f5rge korrosioonikindlus. Teras on mittemagnetiline, mis t\u00e4hendab, et\" \/>\n<meta property=\"og:url\" content=\"https:\/\/adexa.ee\/toode\/premium-work-table-with-undershelf-304-stainless-steel-suitable-outdoors-1800x700x900mm-adexa-elite-et270180\/\" \/>\n<meta property=\"og:site_name\" content=\"Adexa \u2013 Suurk\u00f6\u00f6giseadmed restoranidele ja toitlustusele\" \/>\n<meta property=\"article:modified_time\" content=\"2026-03-26T09:35:40+00:00\" \/>\n<meta property=\"og:image\" content=\"https:\/\/adexa.ee\/wp-content\/uploads\/2025\/07\/et270180.png\" \/>\n\t<meta property=\"og:image:width\" content=\"1414\" \/>\n\t<meta property=\"og:image:height\" content=\"1414\" \/>\n\t<meta property=\"og:image:type\" content=\"image\/png\" \/>\n<meta name=\"twitter:card\" content=\"summary_large_image\" \/>\n<meta name=\"twitter:label1\" content=\"Est. reading time\" \/>\n\t<meta name=\"twitter:data1\" content=\"1 minute\" \/>\n<script type=\"application\/ld+json\" class=\"yoast-schema-graph\">{\"@context\":\"https:\\\/\\\/schema.org\",\"@graph\":[{\"@type\":\"WebPage\",\"@id\":\"https:\\\/\\\/adexa.ee\\\/toode\\\/premium-work-table-with-undershelf-304-stainless-steel-suitable-outdoors-1800x700x900mm-adexa-elite-et270180\\\/\",\"url\":\"https:\\\/\\\/adexa.ee\\\/toode\\\/premium-work-table-with-undershelf-304-stainless-steel-suitable-outdoors-1800x700x900mm-adexa-elite-et270180\\\/\",\"name\":\"Premium Work table with Undershelf 304 Stainless steel Suitable outdoors 1800x700x900mm | Adexa Elite ET270180 - Adexa \u2013 Suurk\u00f6\u00f6giseadmed restoranidele ja toitlustusele\",\"isPartOf\":{\"@id\":\"https:\\\/\\\/adexa.ee\\\/#website\"},\"primaryImageOfPage\":{\"@id\":\"https:\\\/\\\/adexa.ee\\\/toode\\\/premium-work-table-with-undershelf-304-stainless-steel-suitable-outdoors-1800x700x900mm-adexa-elite-et270180\\\/#primaryimage\"},\"image\":{\"@id\":\"https:\\\/\\\/adexa.ee\\\/toode\\\/premium-work-table-with-undershelf-304-stainless-steel-suitable-outdoors-1800x700x900mm-adexa-elite-et270180\\\/#primaryimage\"},\"thumbnailUrl\":\"https:\\\/\\\/adexa.ee\\\/wp-content\\\/uploads\\\/2025\\\/07\\\/et270180.png\",\"datePublished\":\"2026-03-26T09:35:37+00:00\",\"dateModified\":\"2026-03-26T09:35:40+00:00\",\"breadcrumb\":{\"@id\":\"https:\\\/\\\/adexa.ee\\\/toode\\\/premium-work-table-with-undershelf-304-stainless-steel-suitable-outdoors-1800x700x900mm-adexa-elite-et270180\\\/#breadcrumb\"},\"inLanguage\":\"en-US\",\"potentialAction\":[{\"@type\":\"ReadAction\",\"target\":[\"https:\\\/\\\/adexa.ee\\\/toode\\\/premium-work-table-with-undershelf-304-stainless-steel-suitable-outdoors-1800x700x900mm-adexa-elite-et270180\\\/\"]}]},{\"@type\":\"ImageObject\",\"inLanguage\":\"en-US\",\"@id\":\"https:\\\/\\\/adexa.ee\\\/toode\\\/premium-work-table-with-undershelf-304-stainless-steel-suitable-outdoors-1800x700x900mm-adexa-elite-et270180\\\/#primaryimage\",\"url\":\"https:\\\/\\\/adexa.ee\\\/wp-content\\\/uploads\\\/2025\\\/07\\\/et270180.png\",\"contentUrl\":\"https:\\\/\\\/adexa.ee\\\/wp-content\\\/uploads\\\/2025\\\/07\\\/et270180.png\",\"width\":1414,\"height\":1414},{\"@type\":\"BreadcrumbList\",\"@id\":\"https:\\\/\\\/adexa.ee\\\/toode\\\/premium-work-table-with-undershelf-304-stainless-steel-suitable-outdoors-1800x700x900mm-adexa-elite-et270180\\\/#breadcrumb\",\"itemListElement\":[{\"@type\":\"ListItem\",\"position\":1,\"name\":\"Home\",\"item\":\"https:\\\/\\\/adexa.ee\\\/\"},{\"@type\":\"ListItem\",\"position\":2,\"name\":\"Tooted\",\"item\":\"https:\\\/\\\/adexa.ee\\\/pood\\\/\"},{\"@type\":\"ListItem\",\"position\":3,\"name\":\"Premium Work table with Undershelf 304 Stainless steel Suitable outdoors 1800x700x900mm | Adexa Elite ET270180\"}]},{\"@type\":\"WebSite\",\"@id\":\"https:\\\/\\\/adexa.ee\\\/#website\",\"url\":\"https:\\\/\\\/adexa.ee\\\/\",\"name\":\"Adexa\",\"description\":\"\",\"publisher\":{\"@id\":\"https:\\\/\\\/adexa.ee\\\/#organization\"},\"potentialAction\":[{\"@type\":\"SearchAction\",\"target\":{\"@type\":\"EntryPoint\",\"urlTemplate\":\"https:\\\/\\\/adexa.ee\\\/?s={search_term_string}\"},\"query-input\":{\"@type\":\"PropertyValueSpecification\",\"valueRequired\":true,\"valueName\":\"search_term_string\"}}],\"inLanguage\":\"en-US\"},{\"@type\":\"Organization\",\"@id\":\"https:\\\/\\\/adexa.ee\\\/#organization\",\"name\":\"Adexa\",\"url\":\"https:\\\/\\\/adexa.ee\\\/\",\"logo\":{\"@type\":\"ImageObject\",\"inLanguage\":\"en-US\",\"@id\":\"https:\\\/\\\/adexa.ee\\\/#\\\/schema\\\/logo\\\/image\\\/\",\"url\":\"https:\\\/\\\/adexa.ee\\\/wp-content\\\/uploads\\\/2024\\\/04\\\/chef-cooks-working-in-professional-kitchen-2023-11-27-05-07-39-utc-scaled.jpg\",\"contentUrl\":\"https:\\\/\\\/adexa.ee\\\/wp-content\\\/uploads\\\/2024\\\/04\\\/chef-cooks-working-in-professional-kitchen-2023-11-27-05-07-39-utc-scaled.jpg\",\"width\":2560,\"height\":1708,\"caption\":\"Adexa\"},\"image\":{\"@id\":\"https:\\\/\\\/adexa.ee\\\/#\\\/schema\\\/logo\\\/image\\\/\"}}]}<\/script>\n<!-- \/ Yoast SEO plugin. -->","yoast_head_json":{"title":"Premium Work table with Undershelf 304 Stainless steel Suitable outdoors 1800x700x900mm | Adexa Elite ET270180 - Adexa \u2013 Suurk\u00f6\u00f6giseadmed restoranidele ja toitlustusele","robots":{"index":"index","follow":"follow","max-snippet":"max-snippet:-1","max-image-preview":"max-image-preview:large","max-video-preview":"max-video-preview:-1"},"canonical":"https:\/\/adexa.ee\/toode\/premium-work-table-with-undershelf-304-stainless-steel-suitable-outdoors-1800x700x900mm-adexa-elite-et270180\/","og_locale":"en_US","og_type":"article","og_title":"Premium Work table with Undershelf 304 Stainless steel Suitable outdoors 1800x700x900mm | Adexa Elite ET270180 - Adexa \u2013 Suurk\u00f6\u00f6giseadmed restoranidele ja toitlustusele","og_description":"See t\u00f6\u00f6laud on valmistatud t\u00e4ielikult AISI 304 roostevabast terasest, millel on v\u00e4ga k\u00f5rge korrosioonikindlus. Teras on mittemagnetiline, mis t\u00e4hendab, et","og_url":"https:\/\/adexa.ee\/toode\/premium-work-table-with-undershelf-304-stainless-steel-suitable-outdoors-1800x700x900mm-adexa-elite-et270180\/","og_site_name":"Adexa \u2013 Suurk\u00f6\u00f6giseadmed restoranidele ja toitlustusele","article_modified_time":"2026-03-26T09:35:40+00:00","og_image":[{"width":1414,"height":1414,"url":"https:\/\/adexa.ee\/wp-content\/uploads\/2025\/07\/et270180.png","type":"image\/png"}],"twitter_card":"summary_large_image","twitter_misc":{"Est. reading time":"1 minute"},"schema":{"@context":"https:\/\/schema.org","@graph":[{"@type":"WebPage","@id":"https:\/\/adexa.ee\/toode\/premium-work-table-with-undershelf-304-stainless-steel-suitable-outdoors-1800x700x900mm-adexa-elite-et270180\/","url":"https:\/\/adexa.ee\/toode\/premium-work-table-with-undershelf-304-stainless-steel-suitable-outdoors-1800x700x900mm-adexa-elite-et270180\/","name":"Premium Work table with Undershelf 304 Stainless steel Suitable outdoors 1800x700x900mm | Adexa Elite ET270180 - Adexa \u2013 Suurk\u00f6\u00f6giseadmed restoranidele ja toitlustusele","isPartOf":{"@id":"https:\/\/adexa.ee\/#website"},"primaryImageOfPage":{"@id":"https:\/\/adexa.ee\/toode\/premium-work-table-with-undershelf-304-stainless-steel-suitable-outdoors-1800x700x900mm-adexa-elite-et270180\/#primaryimage"},"image":{"@id":"https:\/\/adexa.ee\/toode\/premium-work-table-with-undershelf-304-stainless-steel-suitable-outdoors-1800x700x900mm-adexa-elite-et270180\/#primaryimage"},"thumbnailUrl":"https:\/\/adexa.ee\/wp-content\/uploads\/2025\/07\/et270180.png","datePublished":"2026-03-26T09:35:37+00:00","dateModified":"2026-03-26T09:35:40+00:00","breadcrumb":{"@id":"https:\/\/adexa.ee\/toode\/premium-work-table-with-undershelf-304-stainless-steel-suitable-outdoors-1800x700x900mm-adexa-elite-et270180\/#breadcrumb"},"inLanguage":"en-US","potentialAction":[{"@type":"ReadAction","target":["https:\/\/adexa.ee\/toode\/premium-work-table-with-undershelf-304-stainless-steel-suitable-outdoors-1800x700x900mm-adexa-elite-et270180\/"]}]},{"@type":"ImageObject","inLanguage":"en-US","@id":"https:\/\/adexa.ee\/toode\/premium-work-table-with-undershelf-304-stainless-steel-suitable-outdoors-1800x700x900mm-adexa-elite-et270180\/#primaryimage","url":"https:\/\/adexa.ee\/wp-content\/uploads\/2025\/07\/et270180.png","contentUrl":"https:\/\/adexa.ee\/wp-content\/uploads\/2025\/07\/et270180.png","width":1414,"height":1414},{"@type":"BreadcrumbList","@id":"https:\/\/adexa.ee\/toode\/premium-work-table-with-undershelf-304-stainless-steel-suitable-outdoors-1800x700x900mm-adexa-elite-et270180\/#breadcrumb","itemListElement":[{"@type":"ListItem","position":1,"name":"Home","item":"https:\/\/adexa.ee\/"},{"@type":"ListItem","position":2,"name":"Tooted","item":"https:\/\/adexa.ee\/pood\/"},{"@type":"ListItem","position":3,"name":"Premium Work table with Undershelf 304 Stainless steel Suitable outdoors 1800x700x900mm | Adexa Elite ET270180"}]},{"@type":"WebSite","@id":"https:\/\/adexa.ee\/#website","url":"https:\/\/adexa.ee\/","name":"Adexa","description":"","publisher":{"@id":"https:\/\/adexa.ee\/#organization"},"potentialAction":[{"@type":"SearchAction","target":{"@type":"EntryPoint","urlTemplate":"https:\/\/adexa.ee\/?s={search_term_string}"},"query-input":{"@type":"PropertyValueSpecification","valueRequired":true,"valueName":"search_term_string"}}],"inLanguage":"en-US"},{"@type":"Organization","@id":"https:\/\/adexa.ee\/#organization","name":"Adexa","url":"https:\/\/adexa.ee\/","logo":{"@type":"ImageObject","inLanguage":"en-US","@id":"https:\/\/adexa.ee\/#\/schema\/logo\/image\/","url":"https:\/\/adexa.ee\/wp-content\/uploads\/2024\/04\/chef-cooks-working-in-professional-kitchen-2023-11-27-05-07-39-utc-scaled.jpg","contentUrl":"https:\/\/adexa.ee\/wp-content\/uploads\/2024\/04\/chef-cooks-working-in-professional-kitchen-2023-11-27-05-07-39-utc-scaled.jpg","width":2560,"height":1708,"caption":"Adexa"},"image":{"@id":"https:\/\/adexa.ee\/#\/schema\/logo\/image\/"}}]}},"_links":{"self":[{"href":"https:\/\/adexa.ee\/en\/wp-json\/wp\/v2\/product\/33855","targetHints":{"allow":["GET"]}}],"collection":[{"href":"https:\/\/adexa.ee\/en\/wp-json\/wp\/v2\/product"}],"about":[{"href":"https:\/\/adexa.ee\/en\/wp-json\/wp\/v2\/types\/product"}],"wp:featuredmedia":[{"embeddable":true,"href":"https:\/\/adexa.ee\/en\/wp-json\/wp\/v2\/media\/33857"}],"wp:attachment":[{"href":"https:\/\/adexa.ee\/en\/wp-json\/wp\/v2\/media?parent=33855"}],"wp:term":[{"taxonomy":"product_brand","embeddable":true,"href":"https:\/\/adexa.ee\/en\/wp-json\/wp\/v2\/product_brand?post=33855"},{"taxonomy":"product_cat","embeddable":true,"href":"https:\/\/adexa.ee\/en\/wp-json\/wp\/v2\/product_cat?post=33855"},{"taxonomy":"product_tag","embeddable":true,"href":"https:\/\/adexa.ee\/en\/wp-json\/wp\/v2\/product_tag?post=33855"}],"curies":[{"name":"wp","href":"https:\/\/api.w.org\/{rel}","templated":true}]}}