{"id":33900,"date":"2026-04-01T18:25:22","date_gmt":"2026-04-01T15:25:22","guid":{"rendered":"https:\/\/adexa.ee\/toode\/premium-toolaud-alumise-riiuliga-304-roostevaba-teras-sobib-valitingimustesse-1200x600x900mm-adexa-elite-et260120\/"},"modified":"2026-04-01T18:25:22","modified_gmt":"2026-04-01T15:25:22","slug":"kvaliteetne-toolaud-alariiuliga-304-roostevaba-teras-sobib-kasutamiseks-oues-1200x600x900mm-adexa-elite-et260120","status":"publish","type":"product","link":"https:\/\/adexa.ee\/en\/toode\/kvaliteetne-toolaud-alariiuliga-304-roostevaba-teras-sobib-kasutamiseks-oues-1200x600x900mm-adexa-elite-et260120\/","title":{"rendered":"Kvaliteetne t\u00f6\u00f6laud alariiuliga 304 roostevaba teras Sobib kasutamiseks \u00f5ues 1200x600x900mm | Adexa Elite ET260120"},"content":{"rendered":"<p>See t\u00f6\u00f6laud on t\u00e4ielikult valmistatud AISI 304 roostevabast terasest, millel on v\u00e4ga k\u00f5rge korrosioonikindlus. Teras on mittemagnetiline, mis t\u00e4hendab, et see ei t\u00f5mba ligi mustust ja osakesi, mist\u00f5ttu on seda lihtne puhtana hoida. Ideaalne kasutamiseks k\u00f6\u00f6kides ja keskkondades, kus h\u00fcgieenin\u00f5uded on k\u00f5rged, samuti v\u00e4litingimustes, kus on oluline, et materjal j\u00e4\u00e4ks pikaajaliselt t\u00e4iesti roostevabaks. T\u00e4psema teabe saamiseks vaadake jaotist &#8220;Spetsifikatsioon&#8221;.<\/p>\n<table style=\"border-collapse: collapse; width: 100%; text-align: left;\">\n<tbody>\n<tr>\n<td style=\"border: 1px solid #ddd; padding: 8px; width: 45%;\"><strong>S\u00fcgavus<\/strong><\/td>\n<td style=\"border: 1px solid #ddd; padding: 8px;\">600mm<\/td>\n<\/tr>\n<tr>\n<td style=\"border: 1px solid #ddd; padding: 8px; width: 45%;\"><strong>K\u00f5rgus<\/strong><\/td>\n<td style=\"border: 1px solid #ddd; padding: 8px;\">900mm<\/td>\n<\/tr>\n<tr>\n<td style=\"border: 1px solid #ddd; padding: 8px; width: 45%;\"><strong>Laius<\/strong><\/td>\n<td style=\"border: 1px solid #ddd; padding: 8px;\">1200mm<\/td>\n<\/tr>\n<tr>\n<td style=\"border: 1px solid #ddd; padding: 8px; width: 45%;\"><strong>Kaal<\/strong><\/td>\n<td style=\"border: 1px solid #ddd; padding: 8px;\">22,9 kg<\/td>\n<\/tr>\n<tr>\n<td style=\"border: 1px solid #ddd; padding: 8px; width: 45%;\"><strong>Garantii<\/strong><\/td>\n<td style=\"border: 1px solid #ddd; padding: 8px;\">12 kuu varuosade garantii<\/td>\n<\/tr>\n<tr>\n<td style=\"border: 1px solid #ddd; padding: 8px; width: 45%;\"><strong>Kokku panemine<\/strong><\/td>\n<td style=\"border: 1px solid #ddd; padding: 8px;\">Lahti v\u00f5etud<\/td>\n<\/tr>\n<tr>\n<td style=\"border: 1px solid #ddd; padding: 8px; width: 45%;\"><strong>Alumine riiul<\/strong><\/td>\n<td style=\"border: 1px solid #ddd; padding: 8px;\">Jah<\/td>\n<\/tr>\n<tr>\n<td style=\"border: 1px solid #ddd; padding: 8px; width: 45%;\"><strong>Materjal<\/strong><\/td>\n<td style=\"border: 1px solid #ddd; padding: 8px;\">AISI 304 roostevaba teras (1,2 mm) \/ HDF kiudplaat (niiskuskindel ja vett h\u00fclgav)<\/td>\n<\/tr>\n<tr>\n<td style=\"border: 1px solid #ddd; padding: 8px; width: 45%;\"><strong>Pritsekaitse<\/strong><\/td>\n<td style=\"border: 1px solid #ddd; padding: 8px;\">Ei<\/td>\n<\/tr>\n<\/tbody>\n<\/table>\n","protected":false},"excerpt":{"rendered":"<p>See t\u00f6\u00f6laud on t\u00e4ielikult valmistatud AISI 304 roostevabast terasest, millel on v\u00e4ga k\u00f5rge korrosioonikindlus. Teras on mittemagnetiline, mis t\u00e4hendab, et<\/p>\n","protected":false},"featured_media":33902,"template":"","meta":[],"product_brand":[],"product_cat":[977,691,572,592],"product_tag":[],"class_list":{"0":"post-33900","1":"product","2":"type-product","3":"status-publish","4":"has-post-thumbnail","6":"product_cat-sobilik-valjas","7":"product_cat-keskne-600mm","8":"product_cat-roostevabad-tooted","9":"product_cat-toolauad","11":"first","12":"instock","13":"sale","14":"taxable","15":"shipping-taxable","16":"purchasable","17":"product-type-simple"},"yoast_head":"<!-- This site is optimized with the Yoast SEO plugin v27.3 - https:\/\/yoast.com\/product\/yoast-seo-wordpress\/ -->\n<title>Kvaliteetne t\u00f6\u00f6laud alariiuliga 304 roostevaba teras Sobib kasutamiseks \u00f5ues 1200x600x900mm | Adexa Elite ET260120 - Adexa \u2013 Suurk\u00f6\u00f6giseadmed restoranidele ja toitlustusele<\/title>\n<meta name=\"robots\" content=\"index, follow, max-snippet:-1, max-image-preview:large, max-video-preview:-1\" \/>\n<link rel=\"canonical\" href=\"https:\/\/adexa.ee\/toode\/kvaliteetne-toolaud-alariiuliga-304-roostevaba-teras-sobib-kasutamiseks-oues-1200x600x900mm-adexa-elite-et260120\/\" \/>\n<meta property=\"og:locale\" content=\"en_US\" \/>\n<meta property=\"og:type\" content=\"article\" \/>\n<meta property=\"og:title\" content=\"Kvaliteetne t\u00f6\u00f6laud alariiuliga 304 roostevaba teras Sobib kasutamiseks \u00f5ues 1200x600x900mm | Adexa Elite ET260120 - Adexa \u2013 Suurk\u00f6\u00f6giseadmed restoranidele ja toitlustusele\" \/>\n<meta property=\"og:description\" content=\"See t\u00f6\u00f6laud on t\u00e4ielikult valmistatud AISI 304 roostevabast terasest, millel on v\u00e4ga k\u00f5rge korrosioonikindlus. Teras on mittemagnetiline, mis t\u00e4hendab, et\" \/>\n<meta property=\"og:url\" content=\"https:\/\/adexa.ee\/toode\/kvaliteetne-toolaud-alariiuliga-304-roostevaba-teras-sobib-kasutamiseks-oues-1200x600x900mm-adexa-elite-et260120\/\" \/>\n<meta property=\"og:site_name\" content=\"Adexa \u2013 Suurk\u00f6\u00f6giseadmed restoranidele ja toitlustusele\" \/>\n<meta property=\"og:image\" content=\"https:\/\/adexa.ee\/wp-content\/uploads\/2025\/07\/et260120.png\" \/>\n\t<meta property=\"og:image:width\" content=\"1200\" \/>\n\t<meta property=\"og:image:height\" content=\"1200\" \/>\n\t<meta property=\"og:image:type\" content=\"image\/png\" \/>\n<meta name=\"twitter:card\" content=\"summary_large_image\" \/>\n<meta name=\"twitter:label1\" content=\"Est. reading time\" \/>\n\t<meta name=\"twitter:data1\" content=\"1 minute\" \/>\n<script type=\"application\/ld+json\" class=\"yoast-schema-graph\">{\"@context\":\"https:\\\/\\\/schema.org\",\"@graph\":[{\"@type\":\"WebPage\",\"@id\":\"https:\\\/\\\/adexa.ee\\\/toode\\\/kvaliteetne-toolaud-alariiuliga-304-roostevaba-teras-sobib-kasutamiseks-oues-1200x600x900mm-adexa-elite-et260120\\\/\",\"url\":\"https:\\\/\\\/adexa.ee\\\/toode\\\/kvaliteetne-toolaud-alariiuliga-304-roostevaba-teras-sobib-kasutamiseks-oues-1200x600x900mm-adexa-elite-et260120\\\/\",\"name\":\"Kvaliteetne t\u00f6\u00f6laud alariiuliga 304 roostevaba teras Sobib kasutamiseks \u00f5ues 1200x600x900mm | Adexa Elite ET260120 - Adexa \u2013 Suurk\u00f6\u00f6giseadmed restoranidele ja toitlustusele\",\"isPartOf\":{\"@id\":\"https:\\\/\\\/adexa.ee\\\/#website\"},\"primaryImageOfPage\":{\"@id\":\"https:\\\/\\\/adexa.ee\\\/toode\\\/kvaliteetne-toolaud-alariiuliga-304-roostevaba-teras-sobib-kasutamiseks-oues-1200x600x900mm-adexa-elite-et260120\\\/#primaryimage\"},\"image\":{\"@id\":\"https:\\\/\\\/adexa.ee\\\/toode\\\/kvaliteetne-toolaud-alariiuliga-304-roostevaba-teras-sobib-kasutamiseks-oues-1200x600x900mm-adexa-elite-et260120\\\/#primaryimage\"},\"thumbnailUrl\":\"https:\\\/\\\/adexa.ee\\\/wp-content\\\/uploads\\\/2025\\\/07\\\/et260120.png\",\"datePublished\":\"2026-04-01T15:25:22+00:00\",\"breadcrumb\":{\"@id\":\"https:\\\/\\\/adexa.ee\\\/toode\\\/kvaliteetne-toolaud-alariiuliga-304-roostevaba-teras-sobib-kasutamiseks-oues-1200x600x900mm-adexa-elite-et260120\\\/#breadcrumb\"},\"inLanguage\":\"en-US\",\"potentialAction\":[{\"@type\":\"ReadAction\",\"target\":[\"https:\\\/\\\/adexa.ee\\\/toode\\\/kvaliteetne-toolaud-alariiuliga-304-roostevaba-teras-sobib-kasutamiseks-oues-1200x600x900mm-adexa-elite-et260120\\\/\"]}]},{\"@type\":\"ImageObject\",\"inLanguage\":\"en-US\",\"@id\":\"https:\\\/\\\/adexa.ee\\\/toode\\\/kvaliteetne-toolaud-alariiuliga-304-roostevaba-teras-sobib-kasutamiseks-oues-1200x600x900mm-adexa-elite-et260120\\\/#primaryimage\",\"url\":\"https:\\\/\\\/adexa.ee\\\/wp-content\\\/uploads\\\/2025\\\/07\\\/et260120.png\",\"contentUrl\":\"https:\\\/\\\/adexa.ee\\\/wp-content\\\/uploads\\\/2025\\\/07\\\/et260120.png\",\"width\":1200,\"height\":1200},{\"@type\":\"BreadcrumbList\",\"@id\":\"https:\\\/\\\/adexa.ee\\\/toode\\\/kvaliteetne-toolaud-alariiuliga-304-roostevaba-teras-sobib-kasutamiseks-oues-1200x600x900mm-adexa-elite-et260120\\\/#breadcrumb\",\"itemListElement\":[{\"@type\":\"ListItem\",\"position\":1,\"name\":\"Home\",\"item\":\"https:\\\/\\\/adexa.ee\\\/\"},{\"@type\":\"ListItem\",\"position\":2,\"name\":\"Tooted\",\"item\":\"https:\\\/\\\/adexa.ee\\\/pood\\\/\"},{\"@type\":\"ListItem\",\"position\":3,\"name\":\"Kvaliteetne t\u00f6\u00f6laud alariiuliga 304 roostevaba teras Sobib kasutamiseks \u00f5ues 1200x600x900mm | Adexa Elite ET260120\"}]},{\"@type\":\"WebSite\",\"@id\":\"https:\\\/\\\/adexa.ee\\\/#website\",\"url\":\"https:\\\/\\\/adexa.ee\\\/\",\"name\":\"Adexa\",\"description\":\"\",\"publisher\":{\"@id\":\"https:\\\/\\\/adexa.ee\\\/#organization\"},\"potentialAction\":[{\"@type\":\"SearchAction\",\"target\":{\"@type\":\"EntryPoint\",\"urlTemplate\":\"https:\\\/\\\/adexa.ee\\\/?s={search_term_string}\"},\"query-input\":{\"@type\":\"PropertyValueSpecification\",\"valueRequired\":true,\"valueName\":\"search_term_string\"}}],\"inLanguage\":\"en-US\"},{\"@type\":\"Organization\",\"@id\":\"https:\\\/\\\/adexa.ee\\\/#organization\",\"name\":\"Adexa\",\"url\":\"https:\\\/\\\/adexa.ee\\\/\",\"logo\":{\"@type\":\"ImageObject\",\"inLanguage\":\"en-US\",\"@id\":\"https:\\\/\\\/adexa.ee\\\/#\\\/schema\\\/logo\\\/image\\\/\",\"url\":\"https:\\\/\\\/adexa.ee\\\/wp-content\\\/uploads\\\/2024\\\/04\\\/chef-cooks-working-in-professional-kitchen-2023-11-27-05-07-39-utc-scaled.jpg\",\"contentUrl\":\"https:\\\/\\\/adexa.ee\\\/wp-content\\\/uploads\\\/2024\\\/04\\\/chef-cooks-working-in-professional-kitchen-2023-11-27-05-07-39-utc-scaled.jpg\",\"width\":2560,\"height\":1708,\"caption\":\"Adexa\"},\"image\":{\"@id\":\"https:\\\/\\\/adexa.ee\\\/#\\\/schema\\\/logo\\\/image\\\/\"}}]}<\/script>\n<!-- \/ Yoast SEO plugin. -->","yoast_head_json":{"title":"Kvaliteetne t\u00f6\u00f6laud alariiuliga 304 roostevaba teras Sobib kasutamiseks \u00f5ues 1200x600x900mm | Adexa Elite ET260120 - Adexa \u2013 Suurk\u00f6\u00f6giseadmed restoranidele ja toitlustusele","robots":{"index":"index","follow":"follow","max-snippet":"max-snippet:-1","max-image-preview":"max-image-preview:large","max-video-preview":"max-video-preview:-1"},"canonical":"https:\/\/adexa.ee\/toode\/kvaliteetne-toolaud-alariiuliga-304-roostevaba-teras-sobib-kasutamiseks-oues-1200x600x900mm-adexa-elite-et260120\/","og_locale":"en_US","og_type":"article","og_title":"Kvaliteetne t\u00f6\u00f6laud alariiuliga 304 roostevaba teras Sobib kasutamiseks \u00f5ues 1200x600x900mm | Adexa Elite ET260120 - Adexa \u2013 Suurk\u00f6\u00f6giseadmed restoranidele ja toitlustusele","og_description":"See t\u00f6\u00f6laud on t\u00e4ielikult valmistatud AISI 304 roostevabast terasest, millel on v\u00e4ga k\u00f5rge korrosioonikindlus. Teras on mittemagnetiline, mis t\u00e4hendab, et","og_url":"https:\/\/adexa.ee\/toode\/kvaliteetne-toolaud-alariiuliga-304-roostevaba-teras-sobib-kasutamiseks-oues-1200x600x900mm-adexa-elite-et260120\/","og_site_name":"Adexa \u2013 Suurk\u00f6\u00f6giseadmed restoranidele ja toitlustusele","og_image":[{"width":1200,"height":1200,"url":"https:\/\/adexa.ee\/wp-content\/uploads\/2025\/07\/et260120.png","type":"image\/png"}],"twitter_card":"summary_large_image","twitter_misc":{"Est. reading time":"1 minute"},"schema":{"@context":"https:\/\/schema.org","@graph":[{"@type":"WebPage","@id":"https:\/\/adexa.ee\/toode\/kvaliteetne-toolaud-alariiuliga-304-roostevaba-teras-sobib-kasutamiseks-oues-1200x600x900mm-adexa-elite-et260120\/","url":"https:\/\/adexa.ee\/toode\/kvaliteetne-toolaud-alariiuliga-304-roostevaba-teras-sobib-kasutamiseks-oues-1200x600x900mm-adexa-elite-et260120\/","name":"Kvaliteetne t\u00f6\u00f6laud alariiuliga 304 roostevaba teras Sobib kasutamiseks \u00f5ues 1200x600x900mm | Adexa Elite ET260120 - Adexa \u2013 Suurk\u00f6\u00f6giseadmed restoranidele ja toitlustusele","isPartOf":{"@id":"https:\/\/adexa.ee\/#website"},"primaryImageOfPage":{"@id":"https:\/\/adexa.ee\/toode\/kvaliteetne-toolaud-alariiuliga-304-roostevaba-teras-sobib-kasutamiseks-oues-1200x600x900mm-adexa-elite-et260120\/#primaryimage"},"image":{"@id":"https:\/\/adexa.ee\/toode\/kvaliteetne-toolaud-alariiuliga-304-roostevaba-teras-sobib-kasutamiseks-oues-1200x600x900mm-adexa-elite-et260120\/#primaryimage"},"thumbnailUrl":"https:\/\/adexa.ee\/wp-content\/uploads\/2025\/07\/et260120.png","datePublished":"2026-04-01T15:25:22+00:00","breadcrumb":{"@id":"https:\/\/adexa.ee\/toode\/kvaliteetne-toolaud-alariiuliga-304-roostevaba-teras-sobib-kasutamiseks-oues-1200x600x900mm-adexa-elite-et260120\/#breadcrumb"},"inLanguage":"en-US","potentialAction":[{"@type":"ReadAction","target":["https:\/\/adexa.ee\/toode\/kvaliteetne-toolaud-alariiuliga-304-roostevaba-teras-sobib-kasutamiseks-oues-1200x600x900mm-adexa-elite-et260120\/"]}]},{"@type":"ImageObject","inLanguage":"en-US","@id":"https:\/\/adexa.ee\/toode\/kvaliteetne-toolaud-alariiuliga-304-roostevaba-teras-sobib-kasutamiseks-oues-1200x600x900mm-adexa-elite-et260120\/#primaryimage","url":"https:\/\/adexa.ee\/wp-content\/uploads\/2025\/07\/et260120.png","contentUrl":"https:\/\/adexa.ee\/wp-content\/uploads\/2025\/07\/et260120.png","width":1200,"height":1200},{"@type":"BreadcrumbList","@id":"https:\/\/adexa.ee\/toode\/kvaliteetne-toolaud-alariiuliga-304-roostevaba-teras-sobib-kasutamiseks-oues-1200x600x900mm-adexa-elite-et260120\/#breadcrumb","itemListElement":[{"@type":"ListItem","position":1,"name":"Home","item":"https:\/\/adexa.ee\/"},{"@type":"ListItem","position":2,"name":"Tooted","item":"https:\/\/adexa.ee\/pood\/"},{"@type":"ListItem","position":3,"name":"Kvaliteetne t\u00f6\u00f6laud alariiuliga 304 roostevaba teras Sobib kasutamiseks \u00f5ues 1200x600x900mm | Adexa Elite ET260120"}]},{"@type":"WebSite","@id":"https:\/\/adexa.ee\/#website","url":"https:\/\/adexa.ee\/","name":"Adexa","description":"","publisher":{"@id":"https:\/\/adexa.ee\/#organization"},"potentialAction":[{"@type":"SearchAction","target":{"@type":"EntryPoint","urlTemplate":"https:\/\/adexa.ee\/?s={search_term_string}"},"query-input":{"@type":"PropertyValueSpecification","valueRequired":true,"valueName":"search_term_string"}}],"inLanguage":"en-US"},{"@type":"Organization","@id":"https:\/\/adexa.ee\/#organization","name":"Adexa","url":"https:\/\/adexa.ee\/","logo":{"@type":"ImageObject","inLanguage":"en-US","@id":"https:\/\/adexa.ee\/#\/schema\/logo\/image\/","url":"https:\/\/adexa.ee\/wp-content\/uploads\/2024\/04\/chef-cooks-working-in-professional-kitchen-2023-11-27-05-07-39-utc-scaled.jpg","contentUrl":"https:\/\/adexa.ee\/wp-content\/uploads\/2024\/04\/chef-cooks-working-in-professional-kitchen-2023-11-27-05-07-39-utc-scaled.jpg","width":2560,"height":1708,"caption":"Adexa"},"image":{"@id":"https:\/\/adexa.ee\/#\/schema\/logo\/image\/"}}]}},"_links":{"self":[{"href":"https:\/\/adexa.ee\/en\/wp-json\/wp\/v2\/product\/33900","targetHints":{"allow":["GET"]}}],"collection":[{"href":"https:\/\/adexa.ee\/en\/wp-json\/wp\/v2\/product"}],"about":[{"href":"https:\/\/adexa.ee\/en\/wp-json\/wp\/v2\/types\/product"}],"wp:featuredmedia":[{"embeddable":true,"href":"https:\/\/adexa.ee\/en\/wp-json\/wp\/v2\/media\/33902"}],"wp:attachment":[{"href":"https:\/\/adexa.ee\/en\/wp-json\/wp\/v2\/media?parent=33900"}],"wp:term":[{"taxonomy":"product_brand","embeddable":true,"href":"https:\/\/adexa.ee\/en\/wp-json\/wp\/v2\/product_brand?post=33900"},{"taxonomy":"product_cat","embeddable":true,"href":"https:\/\/adexa.ee\/en\/wp-json\/wp\/v2\/product_cat?post=33900"},{"taxonomy":"product_tag","embeddable":true,"href":"https:\/\/adexa.ee\/en\/wp-json\/wp\/v2\/product_tag?post=33900"}],"curies":[{"name":"wp","href":"https:\/\/api.w.org\/{rel}","templated":true}]}}