{"id":33942,"date":"2026-03-26T11:35:47","date_gmt":"2026-03-26T09:35:47","guid":{"rendered":"https:\/\/adexa.ee\/toode\/kaupluslik-kraanikauss-roostevaba-teras-1000x700x900mm-1-kauss-vasakul-pritsmekaitsega-adexa-yls107bl1\/"},"modified":"2026-03-26T11:35:47","modified_gmt":"2026-03-26T09:35:47","slug":"valamu-roostevaba-teras-1000x700x900mm-1-kauss-vasakul-pritsmekaitsega-adexa-yls107bl1","status":"publish","type":"product","link":"https:\/\/adexa.ee\/en\/toode\/valamu-roostevaba-teras-1000x700x900mm-1-kauss-vasakul-pritsmekaitsega-adexa-yls107bl1\/","title":{"rendered":"Valamu roostevaba teras 1000x700x900mm 1 kauss vasakul pritsmekaitsega | Adexa YLS107BL1"},"content":{"rendered":"<p>See on h\u00e4mmastavalt hea hinnaga professionaalne toitlustuse kraanikauss. Raskeveokite, k\u00f5rgekvaliteediline, t\u00e4ielikult roostevabast terasest professionaalne kraanikauss, mis vastab toiduainet\u00f6\u00f6stuse ja restoranisektori k\u00f5rgetele kvaliteedistandarditele. Pole galvaniseeritud osi nagu odavalt alternatiividel turul! Ruudukujulised jalad Pressitud k\u00fchmaga 10 cm pritsmekaitsega Tugevdatud p\u00f5llega Lainepaneeli disain Palun vaadake &#8216;Spetsifikatsiooni&#8217; alt \u00fcksikasjalikku teavet.<\/p>\n<table style=\"border-collapse: collapse; width: 100%; text-align: left;\">\n<tbody>\n<tr>\n<td style=\"border: 1px solid #ddd; padding: 8px; width: 45%;\"><strong>S\u00fcgavus<\/strong><\/td>\n<td style=\"border: 1px solid #ddd; padding: 8px;\">700mm<\/td>\n<\/tr>\n<tr>\n<td style=\"border: 1px solid #ddd; padding: 8px; width: 45%;\"><strong>K\u00f5rgus<\/strong><\/td>\n<td style=\"border: 1px solid #ddd; padding: 8px;\">900 mm (+100 mm tagasein)<\/td>\n<\/tr>\n<tr>\n<td style=\"border: 1px solid #ddd; padding: 8px; width: 45%;\"><strong>Laius<\/strong><\/td>\n<td style=\"border: 1px solid #ddd; padding: 8px;\">1000mm<\/td>\n<\/tr>\n<tr>\n<td style=\"border: 1px solid #ddd; padding: 8px; width: 45%;\"><strong>Kaal<\/strong><\/td>\n<td style=\"border: 1px solid #ddd; padding: 8px;\">37 kg<\/td>\n<\/tr>\n<tr>\n<td style=\"border: 1px solid #ddd; padding: 8px; width: 45%;\"><strong>Garantii<\/strong><\/td>\n<td style=\"border: 1px solid #ddd; padding: 8px;\">12 kuu varuosade garantii<\/td>\n<\/tr>\n<tr>\n<td style=\"border: 1px solid #ddd; padding: 8px; width: 45%;\"><strong>Kokku panemine<\/strong><\/td>\n<td style=\"border: 1px solid #ddd; padding: 8px;\">Lahti v\u00f5etud<\/td>\n<\/tr>\n<tr>\n<td style=\"border: 1px solid #ddd; padding: 8px; width: 45%;\"><strong>S\u00fcgavus (valamu kauss)<\/strong><\/td>\n<td style=\"border: 1px solid #ddd; padding: 8px;\">500mm<\/td>\n<\/tr>\n<tr>\n<td style=\"border: 1px solid #ddd; padding: 8px; width: 45%;\"><strong>K\u00f5rgus (valamu kauss)<\/strong><\/td>\n<td style=\"border: 1px solid #ddd; padding: 8px;\">300mm<\/td>\n<\/tr>\n<tr>\n<td style=\"border: 1px solid #ddd; padding: 8px; width: 45%;\"><strong>Laius (valamu kauss)<\/strong><\/td>\n<td style=\"border: 1px solid #ddd; padding: 8px;\">400mm<\/td>\n<\/tr>\n<tr>\n<td style=\"border: 1px solid #ddd; padding: 8px; width: 45%;\"><strong>Alumine riiul<\/strong><\/td>\n<td style=\"border: 1px solid #ddd; padding: 8px;\">Jah<\/td>\n<\/tr>\n<tr>\n<td style=\"border: 1px solid #ddd; padding: 8px; width: 45%;\"><strong>Kausi asukoht<\/strong><\/td>\n<td style=\"border: 1px solid #ddd; padding: 8px;\">Vasak<\/td>\n<\/tr>\n<tr>\n<td style=\"border: 1px solid #ddd; padding: 8px; width: 45%;\"><strong>Jalad<\/strong><\/td>\n<td style=\"border: 1px solid #ddd; padding: 8px;\">Reguleeritavad jalad<\/td>\n<\/tr>\n<tr>\n<td style=\"border: 1px solid #ddd; padding: 8px; width: 45%;\"><strong>Materjal<\/strong><\/td>\n<td style=\"border: 1px solid #ddd; padding: 8px;\">Roostevaba teras<\/td>\n<\/tr>\n<tr>\n<td style=\"border: 1px solid #ddd; padding: 8px; width: 45%;\"><strong>Valamu kausid<\/strong><\/td>\n<td style=\"border: 1px solid #ddd; padding: 8px;\">1 joonistatud kauss<\/td>\n<\/tr>\n<tr>\n<td style=\"border: 1px solid #ddd; padding: 8px; width: 45%;\"><strong>Pritsekaitse<\/strong><\/td>\n<td style=\"border: 1px solid #ddd; padding: 8px;\">100mm<\/td>\n<\/tr>\n<tr>\n<td style=\"border: 1px solid #ddd; padding: 8px; width: 45%;\"><strong>L\u00e4bim\u00f5\u00f5t<\/strong><\/td>\n<td style=\"border: 1px solid #ddd; padding: 8px;\">3,5&#8221; \/ 89 mm (\u00e4ravooluava) \/ 32 mm (segistiava)<\/td>\n<\/tr>\n<\/tbody>\n<\/table>\n","protected":false},"excerpt":{"rendered":"<p>See on h\u00e4mmastavalt hea hinnaga professionaalne toitlustuse kraanikauss. Raskeveokite, k\u00f5rgekvaliteediline, t\u00e4ielikult roostevabast terasest professionaalne kraanikauss, mis vastab toiduainet\u00f6\u00f6stuse ja restoranisektori<\/p>\n","protected":false},"featured_media":15168,"template":"","meta":[],"product_brand":[],"product_cat":[968,575,609,572,573],"product_tag":[],"class_list":{"0":"post-33942","1":"product","2":"type-product","3":"status-publish","4":"has-post-thumbnail","6":"product_cat-valamud","7":"product_cat-700-mm-uhe-valamuga","8":"product_cat-noudepesu","9":"product_cat-roostevabad-tooted","10":"product_cat-uhesed-ja-kahesed-valamud","12":"first","13":"instock","14":"sale","15":"taxable","16":"shipping-taxable","17":"purchasable","18":"product-type-simple"},"yoast_head":"<!-- This site is optimized with the Yoast SEO plugin v27.3 - https:\/\/yoast.com\/product\/yoast-seo-wordpress\/ -->\n<title>Valamu roostevaba teras 1000x700x900mm 1 kauss vasakul pritsmekaitsega | Adexa YLS107BL1 - Adexa \u2013 Suurk\u00f6\u00f6giseadmed restoranidele ja toitlustusele<\/title>\n<meta name=\"robots\" content=\"index, follow, max-snippet:-1, max-image-preview:large, max-video-preview:-1\" \/>\n<link rel=\"canonical\" href=\"https:\/\/adexa.ee\/toode\/valamu-roostevaba-teras-1000x700x900mm-1-kauss-vasakul-pritsmekaitsega-adexa-yls107bl1\/\" \/>\n<meta property=\"og:locale\" content=\"en_US\" \/>\n<meta property=\"og:type\" content=\"article\" \/>\n<meta property=\"og:title\" content=\"Valamu roostevaba teras 1000x700x900mm 1 kauss vasakul pritsmekaitsega | Adexa YLS107BL1 - Adexa \u2013 Suurk\u00f6\u00f6giseadmed restoranidele ja toitlustusele\" \/>\n<meta property=\"og:description\" content=\"See on h\u00e4mmastavalt hea hinnaga professionaalne toitlustuse kraanikauss. Raskeveokite, k\u00f5rgekvaliteediline, t\u00e4ielikult roostevabast terasest professionaalne kraanikauss, mis vastab toiduainet\u00f6\u00f6stuse ja restoranisektori\" \/>\n<meta property=\"og:url\" content=\"https:\/\/adexa.ee\/toode\/valamu-roostevaba-teras-1000x700x900mm-1-kauss-vasakul-pritsmekaitsega-adexa-yls107bl1\/\" \/>\n<meta property=\"og:site_name\" content=\"Adexa \u2013 Suurk\u00f6\u00f6giseadmed restoranidele ja toitlustusele\" \/>\n<meta property=\"og:image\" content=\"https:\/\/adexa.ee\/wp-content\/uploads\/2024\/12\/DSAL.jpg\" \/>\n\t<meta property=\"og:image:width\" content=\"2000\" \/>\n\t<meta property=\"og:image:height\" content=\"2000\" \/>\n\t<meta property=\"og:image:type\" content=\"image\/jpeg\" \/>\n<meta name=\"twitter:card\" content=\"summary_large_image\" \/>\n<meta name=\"twitter:label1\" content=\"Est. reading time\" \/>\n\t<meta name=\"twitter:data1\" content=\"1 minute\" \/>\n<script type=\"application\/ld+json\" class=\"yoast-schema-graph\">{\"@context\":\"https:\\\/\\\/schema.org\",\"@graph\":[{\"@type\":\"WebPage\",\"@id\":\"https:\\\/\\\/adexa.ee\\\/toode\\\/valamu-roostevaba-teras-1000x700x900mm-1-kauss-vasakul-pritsmekaitsega-adexa-yls107bl1\\\/\",\"url\":\"https:\\\/\\\/adexa.ee\\\/toode\\\/valamu-roostevaba-teras-1000x700x900mm-1-kauss-vasakul-pritsmekaitsega-adexa-yls107bl1\\\/\",\"name\":\"Valamu roostevaba teras 1000x700x900mm 1 kauss vasakul pritsmekaitsega | Adexa YLS107BL1 - Adexa \u2013 Suurk\u00f6\u00f6giseadmed restoranidele ja toitlustusele\",\"isPartOf\":{\"@id\":\"https:\\\/\\\/adexa.ee\\\/#website\"},\"primaryImageOfPage\":{\"@id\":\"https:\\\/\\\/adexa.ee\\\/toode\\\/valamu-roostevaba-teras-1000x700x900mm-1-kauss-vasakul-pritsmekaitsega-adexa-yls107bl1\\\/#primaryimage\"},\"image\":{\"@id\":\"https:\\\/\\\/adexa.ee\\\/toode\\\/valamu-roostevaba-teras-1000x700x900mm-1-kauss-vasakul-pritsmekaitsega-adexa-yls107bl1\\\/#primaryimage\"},\"thumbnailUrl\":\"https:\\\/\\\/adexa.ee\\\/wp-content\\\/uploads\\\/2024\\\/12\\\/DSAL.jpg\",\"datePublished\":\"2026-03-26T09:35:47+00:00\",\"breadcrumb\":{\"@id\":\"https:\\\/\\\/adexa.ee\\\/toode\\\/valamu-roostevaba-teras-1000x700x900mm-1-kauss-vasakul-pritsmekaitsega-adexa-yls107bl1\\\/#breadcrumb\"},\"inLanguage\":\"en-US\",\"potentialAction\":[{\"@type\":\"ReadAction\",\"target\":[\"https:\\\/\\\/adexa.ee\\\/toode\\\/valamu-roostevaba-teras-1000x700x900mm-1-kauss-vasakul-pritsmekaitsega-adexa-yls107bl1\\\/\"]}]},{\"@type\":\"ImageObject\",\"inLanguage\":\"en-US\",\"@id\":\"https:\\\/\\\/adexa.ee\\\/toode\\\/valamu-roostevaba-teras-1000x700x900mm-1-kauss-vasakul-pritsmekaitsega-adexa-yls107bl1\\\/#primaryimage\",\"url\":\"https:\\\/\\\/adexa.ee\\\/wp-content\\\/uploads\\\/2024\\\/12\\\/DSAL.jpg\",\"contentUrl\":\"https:\\\/\\\/adexa.ee\\\/wp-content\\\/uploads\\\/2024\\\/12\\\/DSAL.jpg\",\"width\":2000,\"height\":2000},{\"@type\":\"BreadcrumbList\",\"@id\":\"https:\\\/\\\/adexa.ee\\\/toode\\\/valamu-roostevaba-teras-1000x700x900mm-1-kauss-vasakul-pritsmekaitsega-adexa-yls107bl1\\\/#breadcrumb\",\"itemListElement\":[{\"@type\":\"ListItem\",\"position\":1,\"name\":\"Home\",\"item\":\"https:\\\/\\\/adexa.ee\\\/\"},{\"@type\":\"ListItem\",\"position\":2,\"name\":\"Tooted\",\"item\":\"https:\\\/\\\/adexa.ee\\\/pood\\\/\"},{\"@type\":\"ListItem\",\"position\":3,\"name\":\"Valamu roostevaba teras 1000x700x900mm 1 kauss vasakul pritsmekaitsega | Adexa YLS107BL1\"}]},{\"@type\":\"WebSite\",\"@id\":\"https:\\\/\\\/adexa.ee\\\/#website\",\"url\":\"https:\\\/\\\/adexa.ee\\\/\",\"name\":\"Adexa\",\"description\":\"\",\"publisher\":{\"@id\":\"https:\\\/\\\/adexa.ee\\\/#organization\"},\"potentialAction\":[{\"@type\":\"SearchAction\",\"target\":{\"@type\":\"EntryPoint\",\"urlTemplate\":\"https:\\\/\\\/adexa.ee\\\/?s={search_term_string}\"},\"query-input\":{\"@type\":\"PropertyValueSpecification\",\"valueRequired\":true,\"valueName\":\"search_term_string\"}}],\"inLanguage\":\"en-US\"},{\"@type\":\"Organization\",\"@id\":\"https:\\\/\\\/adexa.ee\\\/#organization\",\"name\":\"Adexa\",\"url\":\"https:\\\/\\\/adexa.ee\\\/\",\"logo\":{\"@type\":\"ImageObject\",\"inLanguage\":\"en-US\",\"@id\":\"https:\\\/\\\/adexa.ee\\\/#\\\/schema\\\/logo\\\/image\\\/\",\"url\":\"https:\\\/\\\/adexa.ee\\\/wp-content\\\/uploads\\\/2024\\\/04\\\/chef-cooks-working-in-professional-kitchen-2023-11-27-05-07-39-utc-scaled.jpg\",\"contentUrl\":\"https:\\\/\\\/adexa.ee\\\/wp-content\\\/uploads\\\/2024\\\/04\\\/chef-cooks-working-in-professional-kitchen-2023-11-27-05-07-39-utc-scaled.jpg\",\"width\":2560,\"height\":1708,\"caption\":\"Adexa\"},\"image\":{\"@id\":\"https:\\\/\\\/adexa.ee\\\/#\\\/schema\\\/logo\\\/image\\\/\"}}]}<\/script>\n<!-- \/ Yoast SEO plugin. -->","yoast_head_json":{"title":"Valamu roostevaba teras 1000x700x900mm 1 kauss vasakul pritsmekaitsega | Adexa YLS107BL1 - Adexa \u2013 Suurk\u00f6\u00f6giseadmed restoranidele ja toitlustusele","robots":{"index":"index","follow":"follow","max-snippet":"max-snippet:-1","max-image-preview":"max-image-preview:large","max-video-preview":"max-video-preview:-1"},"canonical":"https:\/\/adexa.ee\/toode\/valamu-roostevaba-teras-1000x700x900mm-1-kauss-vasakul-pritsmekaitsega-adexa-yls107bl1\/","og_locale":"en_US","og_type":"article","og_title":"Valamu roostevaba teras 1000x700x900mm 1 kauss vasakul pritsmekaitsega | Adexa YLS107BL1 - Adexa \u2013 Suurk\u00f6\u00f6giseadmed restoranidele ja toitlustusele","og_description":"See on h\u00e4mmastavalt hea hinnaga professionaalne toitlustuse kraanikauss. Raskeveokite, k\u00f5rgekvaliteediline, t\u00e4ielikult roostevabast terasest professionaalne kraanikauss, mis vastab toiduainet\u00f6\u00f6stuse ja restoranisektori","og_url":"https:\/\/adexa.ee\/toode\/valamu-roostevaba-teras-1000x700x900mm-1-kauss-vasakul-pritsmekaitsega-adexa-yls107bl1\/","og_site_name":"Adexa \u2013 Suurk\u00f6\u00f6giseadmed restoranidele ja toitlustusele","og_image":[{"width":2000,"height":2000,"url":"https:\/\/adexa.ee\/wp-content\/uploads\/2024\/12\/DSAL.jpg","type":"image\/jpeg"}],"twitter_card":"summary_large_image","twitter_misc":{"Est. reading time":"1 minute"},"schema":{"@context":"https:\/\/schema.org","@graph":[{"@type":"WebPage","@id":"https:\/\/adexa.ee\/toode\/valamu-roostevaba-teras-1000x700x900mm-1-kauss-vasakul-pritsmekaitsega-adexa-yls107bl1\/","url":"https:\/\/adexa.ee\/toode\/valamu-roostevaba-teras-1000x700x900mm-1-kauss-vasakul-pritsmekaitsega-adexa-yls107bl1\/","name":"Valamu roostevaba teras 1000x700x900mm 1 kauss vasakul pritsmekaitsega | Adexa YLS107BL1 - Adexa \u2013 Suurk\u00f6\u00f6giseadmed restoranidele ja toitlustusele","isPartOf":{"@id":"https:\/\/adexa.ee\/#website"},"primaryImageOfPage":{"@id":"https:\/\/adexa.ee\/toode\/valamu-roostevaba-teras-1000x700x900mm-1-kauss-vasakul-pritsmekaitsega-adexa-yls107bl1\/#primaryimage"},"image":{"@id":"https:\/\/adexa.ee\/toode\/valamu-roostevaba-teras-1000x700x900mm-1-kauss-vasakul-pritsmekaitsega-adexa-yls107bl1\/#primaryimage"},"thumbnailUrl":"https:\/\/adexa.ee\/wp-content\/uploads\/2024\/12\/DSAL.jpg","datePublished":"2026-03-26T09:35:47+00:00","breadcrumb":{"@id":"https:\/\/adexa.ee\/toode\/valamu-roostevaba-teras-1000x700x900mm-1-kauss-vasakul-pritsmekaitsega-adexa-yls107bl1\/#breadcrumb"},"inLanguage":"en-US","potentialAction":[{"@type":"ReadAction","target":["https:\/\/adexa.ee\/toode\/valamu-roostevaba-teras-1000x700x900mm-1-kauss-vasakul-pritsmekaitsega-adexa-yls107bl1\/"]}]},{"@type":"ImageObject","inLanguage":"en-US","@id":"https:\/\/adexa.ee\/toode\/valamu-roostevaba-teras-1000x700x900mm-1-kauss-vasakul-pritsmekaitsega-adexa-yls107bl1\/#primaryimage","url":"https:\/\/adexa.ee\/wp-content\/uploads\/2024\/12\/DSAL.jpg","contentUrl":"https:\/\/adexa.ee\/wp-content\/uploads\/2024\/12\/DSAL.jpg","width":2000,"height":2000},{"@type":"BreadcrumbList","@id":"https:\/\/adexa.ee\/toode\/valamu-roostevaba-teras-1000x700x900mm-1-kauss-vasakul-pritsmekaitsega-adexa-yls107bl1\/#breadcrumb","itemListElement":[{"@type":"ListItem","position":1,"name":"Home","item":"https:\/\/adexa.ee\/"},{"@type":"ListItem","position":2,"name":"Tooted","item":"https:\/\/adexa.ee\/pood\/"},{"@type":"ListItem","position":3,"name":"Valamu roostevaba teras 1000x700x900mm 1 kauss vasakul pritsmekaitsega | Adexa YLS107BL1"}]},{"@type":"WebSite","@id":"https:\/\/adexa.ee\/#website","url":"https:\/\/adexa.ee\/","name":"Adexa","description":"","publisher":{"@id":"https:\/\/adexa.ee\/#organization"},"potentialAction":[{"@type":"SearchAction","target":{"@type":"EntryPoint","urlTemplate":"https:\/\/adexa.ee\/?s={search_term_string}"},"query-input":{"@type":"PropertyValueSpecification","valueRequired":true,"valueName":"search_term_string"}}],"inLanguage":"en-US"},{"@type":"Organization","@id":"https:\/\/adexa.ee\/#organization","name":"Adexa","url":"https:\/\/adexa.ee\/","logo":{"@type":"ImageObject","inLanguage":"en-US","@id":"https:\/\/adexa.ee\/#\/schema\/logo\/image\/","url":"https:\/\/adexa.ee\/wp-content\/uploads\/2024\/04\/chef-cooks-working-in-professional-kitchen-2023-11-27-05-07-39-utc-scaled.jpg","contentUrl":"https:\/\/adexa.ee\/wp-content\/uploads\/2024\/04\/chef-cooks-working-in-professional-kitchen-2023-11-27-05-07-39-utc-scaled.jpg","width":2560,"height":1708,"caption":"Adexa"},"image":{"@id":"https:\/\/adexa.ee\/#\/schema\/logo\/image\/"}}]}},"_links":{"self":[{"href":"https:\/\/adexa.ee\/en\/wp-json\/wp\/v2\/product\/33942","targetHints":{"allow":["GET"]}}],"collection":[{"href":"https:\/\/adexa.ee\/en\/wp-json\/wp\/v2\/product"}],"about":[{"href":"https:\/\/adexa.ee\/en\/wp-json\/wp\/v2\/types\/product"}],"wp:featuredmedia":[{"embeddable":true,"href":"https:\/\/adexa.ee\/en\/wp-json\/wp\/v2\/media\/15168"}],"wp:attachment":[{"href":"https:\/\/adexa.ee\/en\/wp-json\/wp\/v2\/media?parent=33942"}],"wp:term":[{"taxonomy":"product_brand","embeddable":true,"href":"https:\/\/adexa.ee\/en\/wp-json\/wp\/v2\/product_brand?post=33942"},{"taxonomy":"product_cat","embeddable":true,"href":"https:\/\/adexa.ee\/en\/wp-json\/wp\/v2\/product_cat?post=33942"},{"taxonomy":"product_tag","embeddable":true,"href":"https:\/\/adexa.ee\/en\/wp-json\/wp\/v2\/product_tag?post=33942"}],"curies":[{"name":"wp","href":"https:\/\/api.w.org\/{rel}","templated":true}]}}