{"id":34094,"date":"2026-03-30T14:25:02","date_gmt":"2026-03-30T11:25:02","guid":{"rendered":"https:\/\/adexa.ee\/toode\/kommertstoolaud-alumise-riiuli-ja-pritsmekaitsmega-roostevaba-teras-umarad-jalad-1800x600x900mm-adexa-qnh1146\/"},"modified":"2026-04-03T20:00:29","modified_gmt":"2026-04-03T17:00:29","slug":"toolaud-alumise-riiuli-ja-pritsmekaitsmega-roostevaba-teras-umarad-jalad-1800x600x900mm-adexa-qnh1146","status":"publish","type":"product","link":"https:\/\/adexa.ee\/en\/toode\/toolaud-alumise-riiuli-ja-pritsmekaitsmega-roostevaba-teras-umarad-jalad-1800x600x900mm-adexa-qnh1146\/","title":{"rendered":"T\u00f6\u00f6laud alumise riiuli ja pritsmekaitsmega roostevaba teras \u00fcmarad jalad 1800x600x900mm | Adexa QNH1146"},"content":{"rendered":"<p>See on suurep\u00e4rane hinna ja kvaliteedi suhe kommertst\u00f6\u00f6laud. Raskeveokite, esmaklassilise kvaliteediga, 201 AISI roostevabast terasest laud, mis vastab toiduainete- ja toitlustust\u00f6\u00f6stuse k\u00f5rgetele kvaliteedistandarditele. Palun vaadake jaotist &#8220;Spetsifikatsioon&#8221; \u00fcksikasjaliku teabe saamiseks.<\/p>\n<table style=\"border-collapse: collapse; width: 100%; text-align: left;\">\n<tbody>\n<tr>\n<td style=\"border: 1px solid #ddd; padding: 8px; width: 45%;\"><strong>S\u00fcgavus<\/strong><\/td>\n<td style=\"border: 1px solid #ddd; padding: 8px;\">600mm<\/td>\n<\/tr>\n<tr>\n<td style=\"border: 1px solid #ddd; padding: 8px; width: 45%;\"><strong>K\u00f5rgus<\/strong><\/td>\n<td style=\"border: 1px solid #ddd; padding: 8px;\">900mm<\/td>\n<\/tr>\n<tr>\n<td style=\"border: 1px solid #ddd; padding: 8px; width: 45%;\"><strong>Laius<\/strong><\/td>\n<td style=\"border: 1px solid #ddd; padding: 8px;\">1800mm<\/td>\n<\/tr>\n<tr>\n<td style=\"border: 1px solid #ddd; padding: 8px; width: 45%;\"><strong>Kaal<\/strong><\/td>\n<td style=\"border: 1px solid #ddd; padding: 8px;\">26,3 kg<\/td>\n<\/tr>\n<tr>\n<td style=\"border: 1px solid #ddd; padding: 8px; width: 45%;\"><strong>Garantii<\/strong><\/td>\n<td style=\"border: 1px solid #ddd; padding: 8px;\">12 kuu varuosade garantii<\/td>\n<\/tr>\n<tr>\n<td style=\"border: 1px solid #ddd; padding: 8px; width: 45%;\"><strong>Kokku panemine<\/strong><\/td>\n<td style=\"border: 1px solid #ddd; padding: 8px;\">Lahti v\u00f5etud<\/td>\n<\/tr>\n<tr>\n<td style=\"border: 1px solid #ddd; padding: 8px; width: 45%;\"><strong>Alumine riiul<\/strong><\/td>\n<td style=\"border: 1px solid #ddd; padding: 8px;\">Jah<\/td>\n<\/tr>\n<tr>\n<td style=\"border: 1px solid #ddd; padding: 8px; width: 45%;\"><strong>Materjal<\/strong><\/td>\n<td style=\"border: 1px solid #ddd; padding: 8px;\">Roostevaba teras (0,8 mm)<\/td>\n<\/tr>\n<tr>\n<td style=\"border: 1px solid #ddd; padding: 8px; width: 45%;\"><strong>Pritsekaitse<\/strong><\/td>\n<td style=\"border: 1px solid #ddd; padding: 8px;\">Jah (100 mm)<\/td>\n<\/tr>\n<\/tbody>\n<\/table>\n","protected":false},"excerpt":{"rendered":"<p>See on suurep\u00e4rane hinna ja kvaliteedi suhe kommertst\u00f6\u00f6laud. Raskeveokite, esmaklassilise kvaliteediga, 201 AISI roostevabast terasest laud, mis vastab toiduainete- ja<\/p>\n","protected":false},"featured_media":33976,"template":"","meta":[],"product_brand":[],"product_cat":[572,663,592],"product_tag":[],"class_list":{"0":"post-34094","1":"product","2":"type-product","3":"status-publish","4":"has-post-thumbnail","6":"product_cat-roostevabad-tooted","7":"product_cat-seina-tuup-600mm","8":"product_cat-toolauad","10":"first","11":"instock","12":"sale","13":"taxable","14":"shipping-taxable","15":"purchasable","16":"product-type-simple"},"yoast_head":"<!-- This site is optimized with the Yoast SEO plugin v27.3 - https:\/\/yoast.com\/product\/yoast-seo-wordpress\/ -->\n<title>T\u00f6\u00f6laud alumise riiuli ja pritsmekaitsmega roostevaba teras \u00fcmarad jalad 1800x600x900mm | Adexa QNH1146 - Adexa \u2013 Suurk\u00f6\u00f6giseadmed restoranidele ja toitlustusele<\/title>\n<meta name=\"robots\" content=\"index, follow, max-snippet:-1, max-image-preview:large, max-video-preview:-1\" \/>\n<link rel=\"canonical\" href=\"https:\/\/adexa.ee\/toode\/toolaud-alumise-riiuli-ja-pritsmekaitsmega-roostevaba-teras-umarad-jalad-1800x600x900mm-adexa-qnh1146\/\" \/>\n<meta property=\"og:locale\" content=\"en_US\" \/>\n<meta property=\"og:type\" content=\"article\" \/>\n<meta property=\"og:title\" content=\"T\u00f6\u00f6laud alumise riiuli ja pritsmekaitsmega roostevaba teras \u00fcmarad jalad 1800x600x900mm | Adexa QNH1146 - Adexa \u2013 Suurk\u00f6\u00f6giseadmed restoranidele ja toitlustusele\" \/>\n<meta property=\"og:description\" content=\"See on suurep\u00e4rane hinna ja kvaliteedi suhe kommertst\u00f6\u00f6laud. Raskeveokite, esmaklassilise kvaliteediga, 201 AISI roostevabast terasest laud, mis vastab toiduainete- ja\" \/>\n<meta property=\"og:url\" content=\"https:\/\/adexa.ee\/toode\/toolaud-alumise-riiuli-ja-pritsmekaitsmega-roostevaba-teras-umarad-jalad-1800x600x900mm-adexa-qnh1146\/\" \/>\n<meta property=\"og:site_name\" content=\"Adexa \u2013 Suurk\u00f6\u00f6giseadmed restoranidele ja toitlustusele\" \/>\n<meta property=\"article:modified_time\" content=\"2026-04-03T17:00:29+00:00\" \/>\n<meta property=\"og:image\" content=\"https:\/\/adexa.ee\/wp-content\/uploads\/2025\/07\/qh2bwt.png\" \/>\n\t<meta property=\"og:image:width\" content=\"2129\" \/>\n\t<meta property=\"og:image:height\" content=\"2129\" \/>\n\t<meta property=\"og:image:type\" content=\"image\/png\" \/>\n<meta name=\"twitter:card\" content=\"summary_large_image\" \/>\n<script type=\"application\/ld+json\" class=\"yoast-schema-graph\">{\"@context\":\"https:\\\/\\\/schema.org\",\"@graph\":[{\"@type\":\"WebPage\",\"@id\":\"https:\\\/\\\/adexa.ee\\\/toode\\\/toolaud-alumise-riiuli-ja-pritsmekaitsmega-roostevaba-teras-umarad-jalad-1800x600x900mm-adexa-qnh1146\\\/\",\"url\":\"https:\\\/\\\/adexa.ee\\\/toode\\\/toolaud-alumise-riiuli-ja-pritsmekaitsmega-roostevaba-teras-umarad-jalad-1800x600x900mm-adexa-qnh1146\\\/\",\"name\":\"T\u00f6\u00f6laud alumise riiuli ja pritsmekaitsmega roostevaba teras \u00fcmarad jalad 1800x600x900mm | Adexa QNH1146 - Adexa \u2013 Suurk\u00f6\u00f6giseadmed restoranidele ja toitlustusele\",\"isPartOf\":{\"@id\":\"https:\\\/\\\/adexa.ee\\\/#website\"},\"primaryImageOfPage\":{\"@id\":\"https:\\\/\\\/adexa.ee\\\/toode\\\/toolaud-alumise-riiuli-ja-pritsmekaitsmega-roostevaba-teras-umarad-jalad-1800x600x900mm-adexa-qnh1146\\\/#primaryimage\"},\"image\":{\"@id\":\"https:\\\/\\\/adexa.ee\\\/toode\\\/toolaud-alumise-riiuli-ja-pritsmekaitsmega-roostevaba-teras-umarad-jalad-1800x600x900mm-adexa-qnh1146\\\/#primaryimage\"},\"thumbnailUrl\":\"https:\\\/\\\/adexa.ee\\\/wp-content\\\/uploads\\\/2025\\\/07\\\/qh2bwt.png\",\"datePublished\":\"2026-03-30T11:25:02+00:00\",\"dateModified\":\"2026-04-03T17:00:29+00:00\",\"breadcrumb\":{\"@id\":\"https:\\\/\\\/adexa.ee\\\/toode\\\/toolaud-alumise-riiuli-ja-pritsmekaitsmega-roostevaba-teras-umarad-jalad-1800x600x900mm-adexa-qnh1146\\\/#breadcrumb\"},\"inLanguage\":\"en-US\",\"potentialAction\":[{\"@type\":\"ReadAction\",\"target\":[\"https:\\\/\\\/adexa.ee\\\/toode\\\/toolaud-alumise-riiuli-ja-pritsmekaitsmega-roostevaba-teras-umarad-jalad-1800x600x900mm-adexa-qnh1146\\\/\"]}]},{\"@type\":\"ImageObject\",\"inLanguage\":\"en-US\",\"@id\":\"https:\\\/\\\/adexa.ee\\\/toode\\\/toolaud-alumise-riiuli-ja-pritsmekaitsmega-roostevaba-teras-umarad-jalad-1800x600x900mm-adexa-qnh1146\\\/#primaryimage\",\"url\":\"https:\\\/\\\/adexa.ee\\\/wp-content\\\/uploads\\\/2025\\\/07\\\/qh2bwt.png\",\"contentUrl\":\"https:\\\/\\\/adexa.ee\\\/wp-content\\\/uploads\\\/2025\\\/07\\\/qh2bwt.png\",\"width\":2129,\"height\":2129},{\"@type\":\"BreadcrumbList\",\"@id\":\"https:\\\/\\\/adexa.ee\\\/toode\\\/toolaud-alumise-riiuli-ja-pritsmekaitsmega-roostevaba-teras-umarad-jalad-1800x600x900mm-adexa-qnh1146\\\/#breadcrumb\",\"itemListElement\":[{\"@type\":\"ListItem\",\"position\":1,\"name\":\"Home\",\"item\":\"https:\\\/\\\/adexa.ee\\\/\"},{\"@type\":\"ListItem\",\"position\":2,\"name\":\"Tooted\",\"item\":\"https:\\\/\\\/adexa.ee\\\/pood\\\/\"},{\"@type\":\"ListItem\",\"position\":3,\"name\":\"T\u00f6\u00f6laud alumise riiuli ja pritsmekaitsmega roostevaba teras \u00fcmarad jalad 1800x600x900mm | Adexa QNH1146\"}]},{\"@type\":\"WebSite\",\"@id\":\"https:\\\/\\\/adexa.ee\\\/#website\",\"url\":\"https:\\\/\\\/adexa.ee\\\/\",\"name\":\"Adexa\",\"description\":\"\",\"publisher\":{\"@id\":\"https:\\\/\\\/adexa.ee\\\/#organization\"},\"potentialAction\":[{\"@type\":\"SearchAction\",\"target\":{\"@type\":\"EntryPoint\",\"urlTemplate\":\"https:\\\/\\\/adexa.ee\\\/?s={search_term_string}\"},\"query-input\":{\"@type\":\"PropertyValueSpecification\",\"valueRequired\":true,\"valueName\":\"search_term_string\"}}],\"inLanguage\":\"en-US\"},{\"@type\":\"Organization\",\"@id\":\"https:\\\/\\\/adexa.ee\\\/#organization\",\"name\":\"Adexa\",\"url\":\"https:\\\/\\\/adexa.ee\\\/\",\"logo\":{\"@type\":\"ImageObject\",\"inLanguage\":\"en-US\",\"@id\":\"https:\\\/\\\/adexa.ee\\\/#\\\/schema\\\/logo\\\/image\\\/\",\"url\":\"https:\\\/\\\/adexa.ee\\\/wp-content\\\/uploads\\\/2024\\\/04\\\/chef-cooks-working-in-professional-kitchen-2023-11-27-05-07-39-utc-scaled.jpg\",\"contentUrl\":\"https:\\\/\\\/adexa.ee\\\/wp-content\\\/uploads\\\/2024\\\/04\\\/chef-cooks-working-in-professional-kitchen-2023-11-27-05-07-39-utc-scaled.jpg\",\"width\":2560,\"height\":1708,\"caption\":\"Adexa\"},\"image\":{\"@id\":\"https:\\\/\\\/adexa.ee\\\/#\\\/schema\\\/logo\\\/image\\\/\"}}]}<\/script>\n<!-- \/ Yoast SEO plugin. -->","yoast_head_json":{"title":"T\u00f6\u00f6laud alumise riiuli ja pritsmekaitsmega roostevaba teras \u00fcmarad jalad 1800x600x900mm | Adexa QNH1146 - Adexa \u2013 Suurk\u00f6\u00f6giseadmed restoranidele ja toitlustusele","robots":{"index":"index","follow":"follow","max-snippet":"max-snippet:-1","max-image-preview":"max-image-preview:large","max-video-preview":"max-video-preview:-1"},"canonical":"https:\/\/adexa.ee\/toode\/toolaud-alumise-riiuli-ja-pritsmekaitsmega-roostevaba-teras-umarad-jalad-1800x600x900mm-adexa-qnh1146\/","og_locale":"en_US","og_type":"article","og_title":"T\u00f6\u00f6laud alumise riiuli ja pritsmekaitsmega roostevaba teras \u00fcmarad jalad 1800x600x900mm | Adexa QNH1146 - Adexa \u2013 Suurk\u00f6\u00f6giseadmed restoranidele ja toitlustusele","og_description":"See on suurep\u00e4rane hinna ja kvaliteedi suhe kommertst\u00f6\u00f6laud. Raskeveokite, esmaklassilise kvaliteediga, 201 AISI roostevabast terasest laud, mis vastab toiduainete- ja","og_url":"https:\/\/adexa.ee\/toode\/toolaud-alumise-riiuli-ja-pritsmekaitsmega-roostevaba-teras-umarad-jalad-1800x600x900mm-adexa-qnh1146\/","og_site_name":"Adexa \u2013 Suurk\u00f6\u00f6giseadmed restoranidele ja toitlustusele","article_modified_time":"2026-04-03T17:00:29+00:00","og_image":[{"width":2129,"height":2129,"url":"https:\/\/adexa.ee\/wp-content\/uploads\/2025\/07\/qh2bwt.png","type":"image\/png"}],"twitter_card":"summary_large_image","schema":{"@context":"https:\/\/schema.org","@graph":[{"@type":"WebPage","@id":"https:\/\/adexa.ee\/toode\/toolaud-alumise-riiuli-ja-pritsmekaitsmega-roostevaba-teras-umarad-jalad-1800x600x900mm-adexa-qnh1146\/","url":"https:\/\/adexa.ee\/toode\/toolaud-alumise-riiuli-ja-pritsmekaitsmega-roostevaba-teras-umarad-jalad-1800x600x900mm-adexa-qnh1146\/","name":"T\u00f6\u00f6laud alumise riiuli ja pritsmekaitsmega roostevaba teras \u00fcmarad jalad 1800x600x900mm | Adexa QNH1146 - Adexa \u2013 Suurk\u00f6\u00f6giseadmed restoranidele ja toitlustusele","isPartOf":{"@id":"https:\/\/adexa.ee\/#website"},"primaryImageOfPage":{"@id":"https:\/\/adexa.ee\/toode\/toolaud-alumise-riiuli-ja-pritsmekaitsmega-roostevaba-teras-umarad-jalad-1800x600x900mm-adexa-qnh1146\/#primaryimage"},"image":{"@id":"https:\/\/adexa.ee\/toode\/toolaud-alumise-riiuli-ja-pritsmekaitsmega-roostevaba-teras-umarad-jalad-1800x600x900mm-adexa-qnh1146\/#primaryimage"},"thumbnailUrl":"https:\/\/adexa.ee\/wp-content\/uploads\/2025\/07\/qh2bwt.png","datePublished":"2026-03-30T11:25:02+00:00","dateModified":"2026-04-03T17:00:29+00:00","breadcrumb":{"@id":"https:\/\/adexa.ee\/toode\/toolaud-alumise-riiuli-ja-pritsmekaitsmega-roostevaba-teras-umarad-jalad-1800x600x900mm-adexa-qnh1146\/#breadcrumb"},"inLanguage":"en-US","potentialAction":[{"@type":"ReadAction","target":["https:\/\/adexa.ee\/toode\/toolaud-alumise-riiuli-ja-pritsmekaitsmega-roostevaba-teras-umarad-jalad-1800x600x900mm-adexa-qnh1146\/"]}]},{"@type":"ImageObject","inLanguage":"en-US","@id":"https:\/\/adexa.ee\/toode\/toolaud-alumise-riiuli-ja-pritsmekaitsmega-roostevaba-teras-umarad-jalad-1800x600x900mm-adexa-qnh1146\/#primaryimage","url":"https:\/\/adexa.ee\/wp-content\/uploads\/2025\/07\/qh2bwt.png","contentUrl":"https:\/\/adexa.ee\/wp-content\/uploads\/2025\/07\/qh2bwt.png","width":2129,"height":2129},{"@type":"BreadcrumbList","@id":"https:\/\/adexa.ee\/toode\/toolaud-alumise-riiuli-ja-pritsmekaitsmega-roostevaba-teras-umarad-jalad-1800x600x900mm-adexa-qnh1146\/#breadcrumb","itemListElement":[{"@type":"ListItem","position":1,"name":"Home","item":"https:\/\/adexa.ee\/"},{"@type":"ListItem","position":2,"name":"Tooted","item":"https:\/\/adexa.ee\/pood\/"},{"@type":"ListItem","position":3,"name":"T\u00f6\u00f6laud alumise riiuli ja pritsmekaitsmega roostevaba teras \u00fcmarad jalad 1800x600x900mm | Adexa QNH1146"}]},{"@type":"WebSite","@id":"https:\/\/adexa.ee\/#website","url":"https:\/\/adexa.ee\/","name":"Adexa","description":"","publisher":{"@id":"https:\/\/adexa.ee\/#organization"},"potentialAction":[{"@type":"SearchAction","target":{"@type":"EntryPoint","urlTemplate":"https:\/\/adexa.ee\/?s={search_term_string}"},"query-input":{"@type":"PropertyValueSpecification","valueRequired":true,"valueName":"search_term_string"}}],"inLanguage":"en-US"},{"@type":"Organization","@id":"https:\/\/adexa.ee\/#organization","name":"Adexa","url":"https:\/\/adexa.ee\/","logo":{"@type":"ImageObject","inLanguage":"en-US","@id":"https:\/\/adexa.ee\/#\/schema\/logo\/image\/","url":"https:\/\/adexa.ee\/wp-content\/uploads\/2024\/04\/chef-cooks-working-in-professional-kitchen-2023-11-27-05-07-39-utc-scaled.jpg","contentUrl":"https:\/\/adexa.ee\/wp-content\/uploads\/2024\/04\/chef-cooks-working-in-professional-kitchen-2023-11-27-05-07-39-utc-scaled.jpg","width":2560,"height":1708,"caption":"Adexa"},"image":{"@id":"https:\/\/adexa.ee\/#\/schema\/logo\/image\/"}}]}},"_links":{"self":[{"href":"https:\/\/adexa.ee\/en\/wp-json\/wp\/v2\/product\/34094","targetHints":{"allow":["GET"]}}],"collection":[{"href":"https:\/\/adexa.ee\/en\/wp-json\/wp\/v2\/product"}],"about":[{"href":"https:\/\/adexa.ee\/en\/wp-json\/wp\/v2\/types\/product"}],"wp:featuredmedia":[{"embeddable":true,"href":"https:\/\/adexa.ee\/en\/wp-json\/wp\/v2\/media\/33976"}],"wp:attachment":[{"href":"https:\/\/adexa.ee\/en\/wp-json\/wp\/v2\/media?parent=34094"}],"wp:term":[{"taxonomy":"product_brand","embeddable":true,"href":"https:\/\/adexa.ee\/en\/wp-json\/wp\/v2\/product_brand?post=34094"},{"taxonomy":"product_cat","embeddable":true,"href":"https:\/\/adexa.ee\/en\/wp-json\/wp\/v2\/product_cat?post=34094"},{"taxonomy":"product_tag","embeddable":true,"href":"https:\/\/adexa.ee\/en\/wp-json\/wp\/v2\/product_tag?post=34094"}],"curies":[{"name":"wp","href":"https:\/\/api.w.org\/{rel}","templated":true}]}}