{"id":34218,"date":"2026-03-29T07:45:56","date_gmt":"2026-03-29T05:45:56","guid":{"rendered":"https:\/\/adexa.ee\/toode\/must-metallist-baaripukk-seljatoe-ja-vinuulist-istmega-adexa-gs697b\/"},"modified":"2026-03-29T07:45:57","modified_gmt":"2026-03-29T05:45:57","slug":"must-metallist-baaripukk-seljatoe-ja-vinuulist-istmega-adexa-gs697b","status":"publish","type":"product","link":"https:\/\/adexa.ee\/en\/toode\/must-metallist-baaripukk-seljatoe-ja-vinuulist-istmega-adexa-gs697b\/","title":{"rendered":"Must metallist baaripukk seljatoe ja vin\u00fc\u00fclist istmega | Adexa GS697B"},"content":{"rendered":"<p>Selle baaripuki kaasaegne terasraam on \u00fchendatud mugava musta vin\u00fc\u00fclist istmega. See tool sobib ideaalselt nii baari- kui k\u00f5rgendatud lauaga istumiseks, pakkudes v\u00f5rreldamatut mugavust ja s\u00e4ilitades samas eristuva v\u00e4limuse. Selle usaldusv\u00e4\u00e4rne ja kaasaegne disain tagab, et kasutate seda baaripukki oma pubis v\u00f5i restoranis veel aastaid. See on viimane baaripukk, mida teil kunagi vaja osta! Must pulberv\u00e4rvitud viimistlus 1075mm k\u00f5rgus Vin\u00fc\u00fclist istmepadi Istme k\u00f5rgus: 765mm<\/p>\n<table style=\"border-collapse: collapse; width: 100%; text-align: left;\">\n<tbody>\n<tr>\n<td style=\"border: 1px solid #ddd; padding: 8px; width: 45%;\"><strong>S\u00fcgavus<\/strong><\/td>\n<td style=\"border: 1px solid #ddd; padding: 8px;\">315 mm<\/td>\n<\/tr>\n<tr>\n<td style=\"border: 1px solid #ddd; padding: 8px; width: 45%;\"><strong>K\u00f5rgus<\/strong><\/td>\n<td style=\"border: 1px solid #ddd; padding: 8px;\">1075 mm<\/td>\n<\/tr>\n<tr>\n<td style=\"border: 1px solid #ddd; padding: 8px; width: 45%;\"><strong>Laius<\/strong><\/td>\n<td style=\"border: 1px solid #ddd; padding: 8px;\">435 mm<\/td>\n<\/tr>\n<tr>\n<td style=\"border: 1px solid #ddd; padding: 8px; width: 45%;\"><strong>Kaal<\/strong><\/td>\n<td style=\"border: 1px solid #ddd; padding: 8px;\">4kg<\/td>\n<\/tr>\n<tr>\n<td style=\"border: 1px solid #ddd; padding: 8px; width: 45%;\"><strong>Garantii<\/strong><\/td>\n<td style=\"border: 1px solid #ddd; padding: 8px;\">12 kuu varuosade garantii<\/td>\n<\/tr>\n<tr>\n<td style=\"border: 1px solid #ddd; padding: 8px; width: 45%;\"><strong>Materjal<\/strong><\/td>\n<td style=\"border: 1px solid #ddd; padding: 8px;\">Pulberv\u00e4rvitud teras \/ Vin\u00fc\u00fcl<\/td>\n<\/tr>\n<tr>\n<td style=\"border: 1px solid #ddd; padding: 8px; width: 45%;\"><strong>V\u00e4rv<\/strong><\/td>\n<td style=\"border: 1px solid #ddd; padding: 8px;\">Must<\/td>\n<\/tr>\n<tr>\n<td style=\"border: 1px solid #ddd; padding: 8px; width: 45%;\"><strong>K\u00f5rgus (iste)<\/strong><\/td>\n<td style=\"border: 1px solid #ddd; padding: 8px;\">765 mm<\/td>\n<\/tr>\n<\/tbody>\n<\/table>\n","protected":false},"excerpt":{"rendered":"<p>Selle baaripuki kaasaegne terasraam on \u00fchendatud mugava musta vin\u00fc\u00fclist istmega. See tool sobib ideaalselt nii baari- kui k\u00f5rgendatud lauaga istumiseks,<\/p>\n","protected":false},"featured_media":34220,"template":"","meta":[],"product_brand":[],"product_cat":[789,561],"product_tag":[],"class_list":{"0":"post-34218","1":"product","2":"type-product","3":"status-publish","4":"has-post-thumbnail","6":"product_cat-baaritoolid-ja-madalad-toolid","7":"product_cat-moobel-ja-hoiustamine","9":"first","10":"instock","11":"sale","12":"taxable","13":"shipping-taxable","14":"purchasable","15":"product-type-simple"},"yoast_head":"<!-- This site is optimized with the Yoast SEO plugin v27.3 - https:\/\/yoast.com\/product\/yoast-seo-wordpress\/ -->\n<title>Must metallist baaripukk seljatoe ja vin\u00fc\u00fclist istmega | Adexa GS697B - Adexa \u2013 Suurk\u00f6\u00f6giseadmed restoranidele ja toitlustusele<\/title>\n<meta name=\"robots\" content=\"index, follow, max-snippet:-1, max-image-preview:large, max-video-preview:-1\" \/>\n<link rel=\"canonical\" href=\"https:\/\/adexa.ee\/toode\/must-metallist-baaripukk-seljatoe-ja-vinuulist-istmega-adexa-gs697b\/\" \/>\n<meta property=\"og:locale\" content=\"en_US\" \/>\n<meta property=\"og:type\" content=\"article\" \/>\n<meta property=\"og:title\" content=\"Must metallist baaripukk seljatoe ja vin\u00fc\u00fclist istmega | Adexa GS697B - Adexa \u2013 Suurk\u00f6\u00f6giseadmed restoranidele ja toitlustusele\" \/>\n<meta property=\"og:description\" content=\"Selle baaripuki kaasaegne terasraam on \u00fchendatud mugava musta vin\u00fc\u00fclist istmega. See tool sobib ideaalselt nii baari- kui k\u00f5rgendatud lauaga istumiseks,\" \/>\n<meta property=\"og:url\" content=\"https:\/\/adexa.ee\/toode\/must-metallist-baaripukk-seljatoe-ja-vinuulist-istmega-adexa-gs697b\/\" \/>\n<meta property=\"og:site_name\" content=\"Adexa \u2013 Suurk\u00f6\u00f6giseadmed restoranidele ja toitlustusele\" \/>\n<meta property=\"article:modified_time\" content=\"2026-03-29T05:45:57+00:00\" \/>\n<meta property=\"og:image\" content=\"https:\/\/adexa.ee\/wp-content\/uploads\/2025\/07\/GS697B.jpg\" \/>\n\t<meta property=\"og:image:width\" content=\"900\" \/>\n\t<meta property=\"og:image:height\" content=\"900\" \/>\n\t<meta property=\"og:image:type\" content=\"image\/jpeg\" \/>\n<meta name=\"twitter:card\" content=\"summary_large_image\" \/>\n<meta name=\"twitter:label1\" content=\"Est. reading time\" \/>\n\t<meta name=\"twitter:data1\" content=\"1 minute\" \/>\n<script type=\"application\/ld+json\" class=\"yoast-schema-graph\">{\"@context\":\"https:\\\/\\\/schema.org\",\"@graph\":[{\"@type\":\"WebPage\",\"@id\":\"https:\\\/\\\/adexa.ee\\\/toode\\\/must-metallist-baaripukk-seljatoe-ja-vinuulist-istmega-adexa-gs697b\\\/\",\"url\":\"https:\\\/\\\/adexa.ee\\\/toode\\\/must-metallist-baaripukk-seljatoe-ja-vinuulist-istmega-adexa-gs697b\\\/\",\"name\":\"Must metallist baaripukk seljatoe ja vin\u00fc\u00fclist istmega | Adexa GS697B - Adexa \u2013 Suurk\u00f6\u00f6giseadmed restoranidele ja toitlustusele\",\"isPartOf\":{\"@id\":\"https:\\\/\\\/adexa.ee\\\/#website\"},\"primaryImageOfPage\":{\"@id\":\"https:\\\/\\\/adexa.ee\\\/toode\\\/must-metallist-baaripukk-seljatoe-ja-vinuulist-istmega-adexa-gs697b\\\/#primaryimage\"},\"image\":{\"@id\":\"https:\\\/\\\/adexa.ee\\\/toode\\\/must-metallist-baaripukk-seljatoe-ja-vinuulist-istmega-adexa-gs697b\\\/#primaryimage\"},\"thumbnailUrl\":\"https:\\\/\\\/adexa.ee\\\/wp-content\\\/uploads\\\/2025\\\/07\\\/GS697B.jpg\",\"datePublished\":\"2026-03-29T05:45:56+00:00\",\"dateModified\":\"2026-03-29T05:45:57+00:00\",\"breadcrumb\":{\"@id\":\"https:\\\/\\\/adexa.ee\\\/toode\\\/must-metallist-baaripukk-seljatoe-ja-vinuulist-istmega-adexa-gs697b\\\/#breadcrumb\"},\"inLanguage\":\"en-US\",\"potentialAction\":[{\"@type\":\"ReadAction\",\"target\":[\"https:\\\/\\\/adexa.ee\\\/toode\\\/must-metallist-baaripukk-seljatoe-ja-vinuulist-istmega-adexa-gs697b\\\/\"]}]},{\"@type\":\"ImageObject\",\"inLanguage\":\"en-US\",\"@id\":\"https:\\\/\\\/adexa.ee\\\/toode\\\/must-metallist-baaripukk-seljatoe-ja-vinuulist-istmega-adexa-gs697b\\\/#primaryimage\",\"url\":\"https:\\\/\\\/adexa.ee\\\/wp-content\\\/uploads\\\/2025\\\/07\\\/GS697B.jpg\",\"contentUrl\":\"https:\\\/\\\/adexa.ee\\\/wp-content\\\/uploads\\\/2025\\\/07\\\/GS697B.jpg\",\"width\":900,\"height\":900},{\"@type\":\"BreadcrumbList\",\"@id\":\"https:\\\/\\\/adexa.ee\\\/toode\\\/must-metallist-baaripukk-seljatoe-ja-vinuulist-istmega-adexa-gs697b\\\/#breadcrumb\",\"itemListElement\":[{\"@type\":\"ListItem\",\"position\":1,\"name\":\"Home\",\"item\":\"https:\\\/\\\/adexa.ee\\\/\"},{\"@type\":\"ListItem\",\"position\":2,\"name\":\"Tooted\",\"item\":\"https:\\\/\\\/adexa.ee\\\/pood\\\/\"},{\"@type\":\"ListItem\",\"position\":3,\"name\":\"Must metallist baaripukk seljatoe ja vin\u00fc\u00fclist istmega | Adexa GS697B\"}]},{\"@type\":\"WebSite\",\"@id\":\"https:\\\/\\\/adexa.ee\\\/#website\",\"url\":\"https:\\\/\\\/adexa.ee\\\/\",\"name\":\"Adexa\",\"description\":\"\",\"publisher\":{\"@id\":\"https:\\\/\\\/adexa.ee\\\/#organization\"},\"potentialAction\":[{\"@type\":\"SearchAction\",\"target\":{\"@type\":\"EntryPoint\",\"urlTemplate\":\"https:\\\/\\\/adexa.ee\\\/?s={search_term_string}\"},\"query-input\":{\"@type\":\"PropertyValueSpecification\",\"valueRequired\":true,\"valueName\":\"search_term_string\"}}],\"inLanguage\":\"en-US\"},{\"@type\":\"Organization\",\"@id\":\"https:\\\/\\\/adexa.ee\\\/#organization\",\"name\":\"Adexa\",\"url\":\"https:\\\/\\\/adexa.ee\\\/\",\"logo\":{\"@type\":\"ImageObject\",\"inLanguage\":\"en-US\",\"@id\":\"https:\\\/\\\/adexa.ee\\\/#\\\/schema\\\/logo\\\/image\\\/\",\"url\":\"https:\\\/\\\/adexa.ee\\\/wp-content\\\/uploads\\\/2024\\\/04\\\/chef-cooks-working-in-professional-kitchen-2023-11-27-05-07-39-utc-scaled.jpg\",\"contentUrl\":\"https:\\\/\\\/adexa.ee\\\/wp-content\\\/uploads\\\/2024\\\/04\\\/chef-cooks-working-in-professional-kitchen-2023-11-27-05-07-39-utc-scaled.jpg\",\"width\":2560,\"height\":1708,\"caption\":\"Adexa\"},\"image\":{\"@id\":\"https:\\\/\\\/adexa.ee\\\/#\\\/schema\\\/logo\\\/image\\\/\"}}]}<\/script>\n<!-- \/ Yoast SEO plugin. -->","yoast_head_json":{"title":"Must metallist baaripukk seljatoe ja vin\u00fc\u00fclist istmega | Adexa GS697B - Adexa \u2013 Suurk\u00f6\u00f6giseadmed restoranidele ja toitlustusele","robots":{"index":"index","follow":"follow","max-snippet":"max-snippet:-1","max-image-preview":"max-image-preview:large","max-video-preview":"max-video-preview:-1"},"canonical":"https:\/\/adexa.ee\/toode\/must-metallist-baaripukk-seljatoe-ja-vinuulist-istmega-adexa-gs697b\/","og_locale":"en_US","og_type":"article","og_title":"Must metallist baaripukk seljatoe ja vin\u00fc\u00fclist istmega | Adexa GS697B - Adexa \u2013 Suurk\u00f6\u00f6giseadmed restoranidele ja toitlustusele","og_description":"Selle baaripuki kaasaegne terasraam on \u00fchendatud mugava musta vin\u00fc\u00fclist istmega. See tool sobib ideaalselt nii baari- kui k\u00f5rgendatud lauaga istumiseks,","og_url":"https:\/\/adexa.ee\/toode\/must-metallist-baaripukk-seljatoe-ja-vinuulist-istmega-adexa-gs697b\/","og_site_name":"Adexa \u2013 Suurk\u00f6\u00f6giseadmed restoranidele ja toitlustusele","article_modified_time":"2026-03-29T05:45:57+00:00","og_image":[{"width":900,"height":900,"url":"https:\/\/adexa.ee\/wp-content\/uploads\/2025\/07\/GS697B.jpg","type":"image\/jpeg"}],"twitter_card":"summary_large_image","twitter_misc":{"Est. reading time":"1 minute"},"schema":{"@context":"https:\/\/schema.org","@graph":[{"@type":"WebPage","@id":"https:\/\/adexa.ee\/toode\/must-metallist-baaripukk-seljatoe-ja-vinuulist-istmega-adexa-gs697b\/","url":"https:\/\/adexa.ee\/toode\/must-metallist-baaripukk-seljatoe-ja-vinuulist-istmega-adexa-gs697b\/","name":"Must metallist baaripukk seljatoe ja vin\u00fc\u00fclist istmega | Adexa GS697B - Adexa \u2013 Suurk\u00f6\u00f6giseadmed restoranidele ja toitlustusele","isPartOf":{"@id":"https:\/\/adexa.ee\/#website"},"primaryImageOfPage":{"@id":"https:\/\/adexa.ee\/toode\/must-metallist-baaripukk-seljatoe-ja-vinuulist-istmega-adexa-gs697b\/#primaryimage"},"image":{"@id":"https:\/\/adexa.ee\/toode\/must-metallist-baaripukk-seljatoe-ja-vinuulist-istmega-adexa-gs697b\/#primaryimage"},"thumbnailUrl":"https:\/\/adexa.ee\/wp-content\/uploads\/2025\/07\/GS697B.jpg","datePublished":"2026-03-29T05:45:56+00:00","dateModified":"2026-03-29T05:45:57+00:00","breadcrumb":{"@id":"https:\/\/adexa.ee\/toode\/must-metallist-baaripukk-seljatoe-ja-vinuulist-istmega-adexa-gs697b\/#breadcrumb"},"inLanguage":"en-US","potentialAction":[{"@type":"ReadAction","target":["https:\/\/adexa.ee\/toode\/must-metallist-baaripukk-seljatoe-ja-vinuulist-istmega-adexa-gs697b\/"]}]},{"@type":"ImageObject","inLanguage":"en-US","@id":"https:\/\/adexa.ee\/toode\/must-metallist-baaripukk-seljatoe-ja-vinuulist-istmega-adexa-gs697b\/#primaryimage","url":"https:\/\/adexa.ee\/wp-content\/uploads\/2025\/07\/GS697B.jpg","contentUrl":"https:\/\/adexa.ee\/wp-content\/uploads\/2025\/07\/GS697B.jpg","width":900,"height":900},{"@type":"BreadcrumbList","@id":"https:\/\/adexa.ee\/toode\/must-metallist-baaripukk-seljatoe-ja-vinuulist-istmega-adexa-gs697b\/#breadcrumb","itemListElement":[{"@type":"ListItem","position":1,"name":"Home","item":"https:\/\/adexa.ee\/"},{"@type":"ListItem","position":2,"name":"Tooted","item":"https:\/\/adexa.ee\/pood\/"},{"@type":"ListItem","position":3,"name":"Must metallist baaripukk seljatoe ja vin\u00fc\u00fclist istmega | Adexa GS697B"}]},{"@type":"WebSite","@id":"https:\/\/adexa.ee\/#website","url":"https:\/\/adexa.ee\/","name":"Adexa","description":"","publisher":{"@id":"https:\/\/adexa.ee\/#organization"},"potentialAction":[{"@type":"SearchAction","target":{"@type":"EntryPoint","urlTemplate":"https:\/\/adexa.ee\/?s={search_term_string}"},"query-input":{"@type":"PropertyValueSpecification","valueRequired":true,"valueName":"search_term_string"}}],"inLanguage":"en-US"},{"@type":"Organization","@id":"https:\/\/adexa.ee\/#organization","name":"Adexa","url":"https:\/\/adexa.ee\/","logo":{"@type":"ImageObject","inLanguage":"en-US","@id":"https:\/\/adexa.ee\/#\/schema\/logo\/image\/","url":"https:\/\/adexa.ee\/wp-content\/uploads\/2024\/04\/chef-cooks-working-in-professional-kitchen-2023-11-27-05-07-39-utc-scaled.jpg","contentUrl":"https:\/\/adexa.ee\/wp-content\/uploads\/2024\/04\/chef-cooks-working-in-professional-kitchen-2023-11-27-05-07-39-utc-scaled.jpg","width":2560,"height":1708,"caption":"Adexa"},"image":{"@id":"https:\/\/adexa.ee\/#\/schema\/logo\/image\/"}}]}},"_links":{"self":[{"href":"https:\/\/adexa.ee\/en\/wp-json\/wp\/v2\/product\/34218","targetHints":{"allow":["GET"]}}],"collection":[{"href":"https:\/\/adexa.ee\/en\/wp-json\/wp\/v2\/product"}],"about":[{"href":"https:\/\/adexa.ee\/en\/wp-json\/wp\/v2\/types\/product"}],"wp:featuredmedia":[{"embeddable":true,"href":"https:\/\/adexa.ee\/en\/wp-json\/wp\/v2\/media\/34220"}],"wp:attachment":[{"href":"https:\/\/adexa.ee\/en\/wp-json\/wp\/v2\/media?parent=34218"}],"wp:term":[{"taxonomy":"product_brand","embeddable":true,"href":"https:\/\/adexa.ee\/en\/wp-json\/wp\/v2\/product_brand?post=34218"},{"taxonomy":"product_cat","embeddable":true,"href":"https:\/\/adexa.ee\/en\/wp-json\/wp\/v2\/product_cat?post=34218"},{"taxonomy":"product_tag","embeddable":true,"href":"https:\/\/adexa.ee\/en\/wp-json\/wp\/v2\/product_tag?post=34218"}],"curies":[{"name":"wp","href":"https:\/\/api.w.org\/{rel}","templated":true}]}}